{"id":3946,"date":"2024-09-20T12:28:50","date_gmt":"2024-09-20T12:28:50","guid":{"rendered":"https:\/\/legitgrams.com\/?post_type=product&#038;p=3946"},"modified":"2025-04-04T11:51:34","modified_gmt":"2025-04-04T11:51:34","slug":"groshandel-bk-ethyl-k-chemie","status":"publish","type":"product","link":"https:\/\/legitgrams.com\/de\/produkt\/groshandel-bk-ethyl-k-chemie\/","title":{"rendered":"bk-Ethyl-K-Chemikalien im Gro\u00dfhandel online kaufen"},"content":{"rendered":"<h2>BK-Ethyl-K-Chemikalie zu Gro\u00dfhandelspreisen zu verkaufen<\/h2>\n<p><a href=\"https:\/\/www.bing.com\/search?q=BuyWholesalebk-Ethyl-KChemicalOnline&amp;qs=n&amp;form=QBRE&amp;sp=-1&amp;ghc=1&amp;lq=0&amp;pq=buywholesalebk-ethyl-kchemicalonline&amp;sc=12-41&amp;sk=&amp;cvid=919EBB78E41F42A293B38CC78C483C67&amp;ghsh=0&amp;ghacc=0&amp;ghpl=\">Bk ethyl k<\/a>, auch Ethylon genannt, ist ein entaktogener Stimulator, der h\u00e4ufig als 3,4-Methylendioxy-N-ethylcathinon bezeichnet wird. Der Produktname von Ethylon lautet 1-(1,3-Benzodioxol-5-yl)-2-(ethylamino)-1-propanon. Die subnukleare Formel lautet C12H15NO3, die durchschnittliche Masse betr\u00e4gt 221,251999 Da und die monoisotopische Masse 221,104996 Da. Kaufen Sie Porzellan, das Ethylen enth\u00e4lt. Ein teurer Stein ist Ethylon. Investieren Sie in seltene Edelsteine \u200b\u200bauf Ethylenbasis. Ethylon-H\u00e4ndler. Kaufen<a href=\"https:\/\/www.google.com\/search?q=Buy+Wholesale+bk+-Ethyl-K+Chemical+Online&amp;num=10&amp;sca_esv=1a2a07081c7891bb&amp;rlz=1C1RXQR_enIN1098IN1098&amp;sxsrf=AHTn8zovVQWqUSOerpgGSbtwr5gmnjUsyw%3A1741758961995&amp;ei=8SHRZ7ipPJaO4-EPs5zk0AY&amp;ved=0ahUKEwj45drh7YOMAxUWxzgGHTMOGWoQ4dUDCBA&amp;uact=5&amp;oq=Buy+Wholesale+bk+-Ethyl-K+Chemical+Online&amp;gs_lp=Egxnd3Mtd2l6LXNlcnAiKUJ1eSBXaG9sZXNhbGUgYmsgLUV0aHlsLUsgQ2hlbWljYWwgT25saW5lSMcHUOEDWOEDcAN4AJABAJgBkQGgAZEBqgEDMC4xuAEDyAEA-AEC-AEBmAIAoAIAmAMAiAYBkgcAoAdW&amp;sclient=gws-wiz-serp\"> ethylone<\/a> at a discount. reimbursement Ethylene<\/p>\n<p>ChemAxon und ACD\/Labs arbeiteten zusammen, um die <a href=\"https:\/\/duckduckgo.com\/?q=Buy+Wholesale+bk+-Ethyl-K+Chemical+Online&amp;t=h_&amp;ia=web\">Ethylone<\/a> Auswertung. Ein Brechungsindex von 1,54 mit einem Oberfl\u00e4chendruck von 44,3470001220703 dyn\/cm, eine Explosionsmotivation hinter 172,845 \u00b0C, vier #H-Sicherheitsakzeptoren, vier #frei drehbare Sicherheiten und eine Einschr\u00e4nkung von 362,188 \u00b0C bei 760 mmHg waren die von ACD\/Labs erwarteten Eigenschaften.<\/p>\n<h3>Dies ist die g\u00e4ngige Praxis bei Forschungs- und Logikanwendungen.<\/h3>\n<p>Dieser Artikel wurde erstellt, um die Standards des Leitfadens 34:2009 und ISO17025:2005 zu erf\u00fcllen.<\/p>\n<p>Wir sind die beste Vereinigung und haben schnelle Verbindungen zu einer gro\u00dfen Anzahl von Lieferanten und Herstellern auf der ganzen Welt. Wir geben unseren Kunden immer die besten Qualit\u00e4tsartikel zur Bewertung! im Wesentlichen das Gleiche, was wir normalerweise von Akquisitionen erwarten.<\/p>\n<p>Aus diesem Grund k\u00f6nnen wir die besten Produkte zu den besten Preisen kaufen und diese Ersparnisse an Sie weitergeben!<\/p>\n<p>Alles, was wir verkaufen, ist von h\u00f6chstem Kaliber, und wir bitten alle unsere Kunden, ihre Eink\u00e4ufe mit GC\/MS zu \u00fcberpr\u00fcfen, um Genauigkeit und Echtheit zu gew\u00e4hrleisten. Jede Lieferung wird von uns selbst gepr\u00fcft, um sicherzustellen, dass es keine fehlerhaften Teile gibt und dass unsere Kunden genau das erhalten, was sie bestellt haben. Wir sind stolz auf unsere F\u00e4higkeit, unsere Kunden zufrieden zu stellen. <a href=\"https:\/\/legitgrams.com\/de\/\">LegitGrams<\/a><\/p>\n<p>Unsere F\u00e4higkeit, mit Ihnen Gesch\u00e4fte zu machen, h\u00e4ngt von unserer F\u00e4higkeit ab, jede Anfrage, unabh\u00e4ngig von ihrer Art, vollst\u00e4ndig und kooperativ zu bearbeiten. Wir arbeiten hart daran, Ihnen die besten Drogen und das beste Feuerwerk zu den besten Kosten sowie den geheimsten Transport zu bieten, und wir l\u00f6sen immer jedes Problem! Wenn es sich als nicht zu schwierig herausstellt, k\u00f6nnen Sie Ihre Anfrage selbstbewusst und zuversichtlich stellen!<\/p>\n<p>Wir haben uns als ziemlich robust erwiesen und wenn Sie uns auf Ihrer Seite behalten, sind wir jemand, auf den Sie sich verlassen k\u00f6nnen und mit dem Sie zuverl\u00e4ssige Gesch\u00e4fte machen k\u00f6nnen, wann immer Sie uns die T\u00fcr \u00f6ffnen! Wir werden Sie nicht im Stich lassen.<br \/>\nWe do supply the accompanying numbers after the group is delivered, thus you may track the progress of your bundle.<\/p>\n<p>Einkauf Gro\u00dfhandel <a href=\"https:\/\/en.wikipedia.org\/wiki\/BK\">Bk<\/a>-Ethyl-K Chemical Online - Kauf Gro\u00dfhandel Bk-Ethyl-K Chemical, Kauf Gro\u00dfhandel Bk-Ethyl-K Chemical usa, Kauf Gro\u00dfhandel Bk-Ethyl-K Chemical online USA, Wo zu kaufen <a href=\"https:\/\/legitgrams.com\/de\/produkt\/groshandel-bk-ethyl-k-chemie\/\">Gro\u00dfhandel Bk-Ethyl-K Chemical<\/a>, Gro\u00dfhandel Bk-Ethyl-K Chemical for Sale, Gro\u00dfhandel Bk-Ethyl-K Chemical for Sale Near Me, Purchase Wholesale Bk-Ethyl-K Chemical Online Near Me, Where to Purchase Wholesale Bk-Ethyl-K Chemical Online, Wholesale Bk-Ethyl-K Chemical for Sale in USA, Canada, UK, Buy, Online, Suppliers, secure delivery, Wholesale bk-Ethyl-K Chemical is still available, Is it legal to purchase wholesale bk-Ethyl-K Chemical in the United States? wie man einen Gro\u00dfeinkauf von bk-Ethyl-K Chemical t\u00e4tigt Ist es legal, bk-Ethyl-K Chemical in Kanada zu kaufen?<\/p>","protected":false},"excerpt":{"rendered":"<p>BK-Ethyl-K Chemical for Sale at Wholesale Prices Bk ethyl k, also referred to as Ethylone, is an entactogen energizer that is frequently suggested as 3,4-methylenedioxy-N-ethylcathinone. Ethylone&#8217;s productive name is 1-(1,3-Benzodioxol-5-yl)- 2-(ethylamino)- 1-propanone. The sub-nuclear formula is C12H15NO3, with an ordinary mass of 221.251999 Da and a monoisotopic mass of 221.104996 Da. Buy china that contains &hellip;<\/p>\n<p class=\"read-more\"> <a class=\"\" href=\"https:\/\/legitgrams.com\/de\/produkt\/groshandel-bk-ethyl-k-chemie\/\"> <span class=\"screen-reader-text\">bk-Ethyl-K-Chemikalien im Gro\u00dfhandel online kaufen<\/span> Mehr lesen \"<\/a><\/p>","protected":false},"featured_media":5322,"comment_status":"open","ping_status":"closed","template":"","meta":{"_uag_custom_page_level_css":"","site-sidebar-layout":"default","site-content-layout":"default","ast-global-header-display":"","ast-main-header-display":"","ast-hfb-above-header-display":"","ast-hfb-below-header-display":"","ast-hfb-mobile-header-display":"","site-post-title":"","ast-breadcrumbs-content":"","ast-featured-img":"","footer-sml-layout":"","theme-transparent-header-meta":"default","adv-header-id-meta":"","stick-header-meta":"default","header-above-stick-meta":"","header-main-stick-meta":"","header-below-stick-meta":"","_joinchat":[]},"product_brand":[],"product_cat":[600],"product_tag":[3544,3534,617,3526,3541,3538,3533,3531,3543,3540,625,3532,3535,3525,3528,3536,3527,3537,3539,3546,3529,3547,3545,3542,3530],"class_list":{"0":"post-3946","1":"product","2":"type-product","3":"status-publish","4":"has-post-thumbnail","6":"product_cat-research-chemicals-and-bath-salt","7":"product_tag-best-cheap-price-wholesale-bk-ethyl-k-chemical","8":"product_tag-best-place-to-buy-wholesale-bk-ethyl-k-chemical","9":"product_tag-bulk-online","10":"product_tag-buy-wholesale-bk-ethyl-k-chemical","11":"product_tag-cheap-wholesale-bk-ethyl-k-chemical","12":"product_tag-high-quality-wholesale-bk-ethyl-k-chemical","13":"product_tag-how-to-buy-wholesale-bk-ethyl-k-chemical","14":"product_tag-order-wholesale-bk-ethyl-k-chemical","15":"product_tag-purcharse-wholesale-bk-ethyl-k-chemical","16":"product_tag-shop-wholesale-bk-ethyl-k-chemical","17":"product_tag-top-quality","18":"product_tag-where-to-buy-wholesale-bk-ethyl-k-chemical","19":"product_tag-where-to-order-wholesale-bk-ethyl-k-chemical","20":"product_tag-wholesale-bk-ethyl-k-chemical","21":"product_tag-wholesale-bk-ethyl-k-chemical-for-sale","22":"product_tag-wholesale-bk-ethyl-k-chemical-legally","23":"product_tag-wholesale-bk-ethyl-k-chemical-online","24":"product_tag-wholesale-bk-ethyl-k-chemical-price","25":"product_tag-wholesale-bk-ethyl-k-chemical-store","26":"product_tag-wholesale-bk-ethyl-k-chemical-use","27":"product_tag-wholesale-bk-ethyl-k-chemical-wholesale-bk-ethyl-k-chemical-supplier","28":"product_tag-wholesale-bk-ethyl-k-chemical-wiki","29":"product_tag-wholesale-bk-ethyl-k-chemical-worldwide","30":"product_tag-wholesale-bk-ethyl-k-chemicals","31":"product_tag-wholesale-wholesale-bk-ethyl-k-chemical","32":"desktop-align-left","33":"tablet-align-left","34":"mobile-align-left","35":"ast-product-gallery-layout-horizontal","36":"ast-product-gallery-with-no-image","37":"ast-product-single-variable","38":"ast-product-tabs-layout-horizontal","39":"ast-qv-on-image","41":"first","42":"instock","43":"shipping-taxable","44":"purchasable","45":"product-type-variable"},"yoast_head":"<!-- This site is optimized with the Yoast SEO plugin v25.9 - https:\/\/yoast.com\/wordpress\/plugins\/seo\/ -->\n<title>Bk-Ethyl-K Chemical for Sale - Buy Bk -Ethyl-K Chemical Online<\/title>\n<meta name=\"description\" content=\"Find premium bk -Ethyl-K Chemical for sale at our online store, providing a secure platform to buy bk -Ethyl-K Chemical online with ease, catering to your research needs.\" \/>\n<meta name=\"robots\" content=\"index, follow, max-snippet:-1, max-image-preview:large, max-video-preview:-1\" \/>\n<link rel=\"canonical\" href=\"https:\/\/legitgrams.com\/de\/produkt\/groshandel-bk-ethyl-k-chemie\/\" \/>\n<meta property=\"og:locale\" content=\"de_DE\" \/>\n<meta property=\"og:type\" content=\"article\" \/>\n<meta property=\"og:title\" content=\"Bk-Ethyl-K Chemical for Sale - Buy Bk -Ethyl-K Chemical Online\" \/>\n<meta property=\"og:description\" content=\"Find premium bk -Ethyl-K Chemical for sale at our online store, providing a secure platform to buy bk -Ethyl-K Chemical online with ease, catering to your research needs.\" \/>\n<meta property=\"og:url\" content=\"https:\/\/legitgrams.com\/de\/produkt\/groshandel-bk-ethyl-k-chemie\/\" \/>\n<meta property=\"og:site_name\" content=\"Legit Grams\" \/>\n<meta property=\"article:modified_time\" content=\"2025-04-04T11:51:34+00:00\" \/>\n<meta property=\"og:image\" content=\"https:\/\/legitgrams.com\/wp-content\/uploads\/2024\/09\/buy-wholesale-bk-ethyl-k-chemical-online.jpg\" \/>\n\t<meta property=\"og:image:width\" content=\"600\" \/>\n\t<meta property=\"og:image:height\" content=\"600\" \/>\n\t<meta property=\"og:image:type\" content=\"image\/jpeg\" \/>\n<meta name=\"twitter:card\" content=\"summary_large_image\" \/>\n<meta name=\"twitter:label1\" content=\"Gesch\u00e4tzte Lesezeit\" \/>\n\t<meta name=\"twitter:data1\" content=\"3\u00a0Minuten\" \/>\n<script type=\"application\/ld+json\" class=\"yoast-schema-graph\">{\"@context\":\"https:\/\/schema.org\",\"@graph\":[{\"@type\":\"WebPage\",\"@id\":\"https:\/\/legitgrams.com\/product\/wholesale-bk-ethyl-k-chemical\/\",\"url\":\"https:\/\/legitgrams.com\/product\/wholesale-bk-ethyl-k-chemical\/\",\"name\":\"Bk-Ethyl-K Chemical for Sale - Buy Bk -Ethyl-K Chemical Online\",\"isPartOf\":{\"@id\":\"https:\/\/legitgrams.com\/#website\"},\"primaryImageOfPage\":{\"@id\":\"https:\/\/legitgrams.com\/product\/wholesale-bk-ethyl-k-chemical\/#primaryimage\"},\"image\":{\"@id\":\"https:\/\/legitgrams.com\/product\/wholesale-bk-ethyl-k-chemical\/#primaryimage\"},\"thumbnailUrl\":\"https:\/\/legitgrams.com\/wp-content\/uploads\/2024\/09\/buy-wholesale-bk-ethyl-k-chemical-online.jpg\",\"datePublished\":\"2024-09-20T12:28:50+00:00\",\"dateModified\":\"2025-04-04T11:51:34+00:00\",\"description\":\"Find premium bk -Ethyl-K Chemical for sale at our online store, providing a secure platform to buy bk -Ethyl-K Chemical online with ease, catering to your research needs.\",\"breadcrumb\":{\"@id\":\"https:\/\/legitgrams.com\/product\/wholesale-bk-ethyl-k-chemical\/#breadcrumb\"},\"inLanguage\":\"de\",\"potentialAction\":[{\"@type\":\"ReadAction\",\"target\":[\"https:\/\/legitgrams.com\/product\/wholesale-bk-ethyl-k-chemical\/\"]}]},{\"@type\":\"ImageObject\",\"inLanguage\":\"de\",\"@id\":\"https:\/\/legitgrams.com\/product\/wholesale-bk-ethyl-k-chemical\/#primaryimage\",\"url\":\"https:\/\/legitgrams.com\/wp-content\/uploads\/2024\/09\/buy-wholesale-bk-ethyl-k-chemical-online.jpg\",\"contentUrl\":\"https:\/\/legitgrams.com\/wp-content\/uploads\/2024\/09\/buy-wholesale-bk-ethyl-k-chemical-online.jpg\",\"width\":600,\"height\":600,\"caption\":\"Ethyl-K Chemical for Sale\"},{\"@type\":\"BreadcrumbList\",\"@id\":\"https:\/\/legitgrams.com\/product\/wholesale-bk-ethyl-k-chemical\/#breadcrumb\",\"itemListElement\":[{\"@type\":\"ListItem\",\"position\":1,\"name\":\"Home\",\"item\":\"https:\/\/legitgrams.com\/\"},{\"@type\":\"ListItem\",\"position\":2,\"name\":\"Shop\",\"item\":\"https:\/\/legitgrams.com\/shop\/\"},{\"@type\":\"ListItem\",\"position\":3,\"name\":\"Buy Wholesale bk -Ethyl-K Chemical Online\"}]},{\"@type\":\"WebSite\",\"@id\":\"https:\/\/legitgrams.com\/#website\",\"url\":\"https:\/\/legitgrams.com\/\",\"name\":\"Legit Grams\",\"description\":\"My WordPress Blog\",\"publisher\":{\"@id\":\"https:\/\/legitgrams.com\/#organization\"},\"potentialAction\":[{\"@type\":\"SearchAction\",\"target\":{\"@type\":\"EntryPoint\",\"urlTemplate\":\"https:\/\/legitgrams.com\/?s={search_term_string}\"},\"query-input\":{\"@type\":\"PropertyValueSpecification\",\"valueRequired\":true,\"valueName\":\"search_term_string\"}}],\"inLanguage\":\"de\"},{\"@type\":\"Organization\",\"@id\":\"https:\/\/legitgrams.com\/#organization\",\"name\":\"Legit Grams\",\"url\":\"https:\/\/legitgrams.com\/\",\"logo\":{\"@type\":\"ImageObject\",\"inLanguage\":\"de\",\"@id\":\"https:\/\/legitgrams.com\/#\/schema\/logo\/image\/\",\"url\":\"https:\/\/legitgrams.com\/wp-content\/uploads\/2024\/09\/main-logo.png\",\"contentUrl\":\"https:\/\/legitgrams.com\/wp-content\/uploads\/2024\/09\/main-logo.png\",\"width\":270,\"height\":75,\"caption\":\"Legit Grams\"},\"image\":{\"@id\":\"https:\/\/legitgrams.com\/#\/schema\/logo\/image\/\"}}]}<\/script>\n<!-- \/ Yoast SEO plugin. -->","yoast_head_json":{"title":"Bk-Ethyl-K Chemical zu verkaufen - Bk-Ethyl-K Chemical online kaufen","description":"Finden Sie erstklassige bk -Ethyl-K Chemical zum Verkauf in unserem Online-Shop, der eine sichere Plattform bietet, um bk -Ethyl-K Chemical online mit Leichtigkeit zu kaufen, um Ihren Forschungsbedarf zu decken.","robots":{"index":"index","follow":"follow","max-snippet":"max-snippet:-1","max-image-preview":"max-image-preview:large","max-video-preview":"max-video-preview:-1"},"canonical":"https:\/\/legitgrams.com\/de\/produkt\/groshandel-bk-ethyl-k-chemie\/","og_locale":"de_DE","og_type":"article","og_title":"Bk-Ethyl-K Chemical for Sale - Buy Bk -Ethyl-K Chemical Online","og_description":"Find premium bk -Ethyl-K Chemical for sale at our online store, providing a secure platform to buy bk -Ethyl-K Chemical online with ease, catering to your research needs.","og_url":"https:\/\/legitgrams.com\/de\/produkt\/groshandel-bk-ethyl-k-chemie\/","og_site_name":"Legit Grams","article_modified_time":"2025-04-04T11:51:34+00:00","og_image":[{"width":600,"height":600,"url":"https:\/\/legitgrams.com\/wp-content\/uploads\/2024\/09\/buy-wholesale-bk-ethyl-k-chemical-online.jpg","type":"image\/jpeg"}],"twitter_card":"summary_large_image","twitter_misc":{"Gesch\u00e4tzte Lesezeit":"3\u00a0Minuten"},"schema":{"@context":"https:\/\/schema.org","@graph":[{"@type":"WebPage","@id":"https:\/\/legitgrams.com\/product\/wholesale-bk-ethyl-k-chemical\/","url":"https:\/\/legitgrams.com\/product\/wholesale-bk-ethyl-k-chemical\/","name":"Bk-Ethyl-K Chemical zu verkaufen - Bk-Ethyl-K Chemical online kaufen","isPartOf":{"@id":"https:\/\/legitgrams.com\/#website"},"primaryImageOfPage":{"@id":"https:\/\/legitgrams.com\/product\/wholesale-bk-ethyl-k-chemical\/#primaryimage"},"image":{"@id":"https:\/\/legitgrams.com\/product\/wholesale-bk-ethyl-k-chemical\/#primaryimage"},"thumbnailUrl":"https:\/\/legitgrams.com\/wp-content\/uploads\/2024\/09\/buy-wholesale-bk-ethyl-k-chemical-online.jpg","datePublished":"2024-09-20T12:28:50+00:00","dateModified":"2025-04-04T11:51:34+00:00","description":"Finden Sie erstklassige bk -Ethyl-K Chemical zum Verkauf in unserem Online-Shop, der eine sichere Plattform bietet, um bk -Ethyl-K Chemical online mit Leichtigkeit zu kaufen, um Ihren Forschungsbedarf zu decken.","breadcrumb":{"@id":"https:\/\/legitgrams.com\/product\/wholesale-bk-ethyl-k-chemical\/#breadcrumb"},"inLanguage":"de","potentialAction":[{"@type":"ReadAction","target":["https:\/\/legitgrams.com\/product\/wholesale-bk-ethyl-k-chemical\/"]}]},{"@type":"ImageObject","inLanguage":"de","@id":"https:\/\/legitgrams.com\/product\/wholesale-bk-ethyl-k-chemical\/#primaryimage","url":"https:\/\/legitgrams.com\/wp-content\/uploads\/2024\/09\/buy-wholesale-bk-ethyl-k-chemical-online.jpg","contentUrl":"https:\/\/legitgrams.com\/wp-content\/uploads\/2024\/09\/buy-wholesale-bk-ethyl-k-chemical-online.jpg","width":600,"height":600,"caption":"Ethyl-K Chemical for Sale"},{"@type":"BreadcrumbList","@id":"https:\/\/legitgrams.com\/product\/wholesale-bk-ethyl-k-chemical\/#breadcrumb","itemListElement":[{"@type":"ListItem","position":1,"name":"Home","item":"https:\/\/legitgrams.com\/"},{"@type":"ListItem","position":2,"name":"Shop","item":"https:\/\/legitgrams.com\/shop\/"},{"@type":"ListItem","position":3,"name":"Buy Wholesale bk -Ethyl-K Chemical Online"}]},{"@type":"WebSite","@id":"https:\/\/legitgrams.com\/#website","url":"https:\/\/legitgrams.com\/","name":"Legitimer Grammwert","description":"Mein WordPress-Blog","publisher":{"@id":"https:\/\/legitgrams.com\/#organization"},"potentialAction":[{"@type":"SearchAction","target":{"@type":"EntryPoint","urlTemplate":"https:\/\/legitgrams.com\/?s={search_term_string}"},"query-input":{"@type":"PropertyValueSpecification","valueRequired":true,"valueName":"search_term_string"}}],"inLanguage":"de"},{"@type":"Organization","@id":"https:\/\/legitgrams.com\/#organization","name":"Legitimer Grammwert","url":"https:\/\/legitgrams.com\/","logo":{"@type":"ImageObject","inLanguage":"de","@id":"https:\/\/legitgrams.com\/#\/schema\/logo\/image\/","url":"https:\/\/legitgrams.com\/wp-content\/uploads\/2024\/09\/main-logo.png","contentUrl":"https:\/\/legitgrams.com\/wp-content\/uploads\/2024\/09\/main-logo.png","width":270,"height":75,"caption":"Legit Grams"},"image":{"@id":"https:\/\/legitgrams.com\/#\/schema\/logo\/image\/"}}]}},"uagb_featured_image_src":{"full":["https:\/\/legitgrams.com\/wp-content\/uploads\/2024\/09\/buy-wholesale-bk-ethyl-k-chemical-online.jpg",600,600,false],"thumbnail":["https:\/\/legitgrams.com\/wp-content\/uploads\/2024\/09\/buy-wholesale-bk-ethyl-k-chemical-online-150x150.jpg",150,150,true],"medium":["https:\/\/legitgrams.com\/wp-content\/uploads\/2024\/09\/buy-wholesale-bk-ethyl-k-chemical-online-300x300.jpg",300,300,true],"medium_large":["https:\/\/legitgrams.com\/wp-content\/uploads\/2024\/09\/buy-wholesale-bk-ethyl-k-chemical-online.jpg",600,600,false],"large":["https:\/\/legitgrams.com\/wp-content\/uploads\/2024\/09\/buy-wholesale-bk-ethyl-k-chemical-online.jpg",600,600,false],"1536x1536":["https:\/\/legitgrams.com\/wp-content\/uploads\/2024\/09\/buy-wholesale-bk-ethyl-k-chemical-online.jpg",600,600,false],"2048x2048":["https:\/\/legitgrams.com\/wp-content\/uploads\/2024\/09\/buy-wholesale-bk-ethyl-k-chemical-online.jpg",600,600,false],"trp-custom-language-flag":["https:\/\/legitgrams.com\/wp-content\/uploads\/2024\/09\/buy-wholesale-bk-ethyl-k-chemical-online-12x12.jpg",12,12,true],"woocommerce_thumbnail":["https:\/\/legitgrams.com\/wp-content\/uploads\/2024\/09\/buy-wholesale-bk-ethyl-k-chemical-online-300x300.jpg",300,300,true],"woocommerce_single":["https:\/\/legitgrams.com\/wp-content\/uploads\/2024\/09\/buy-wholesale-bk-ethyl-k-chemical-online.jpg",600,600,false],"woocommerce_gallery_thumbnail":["https:\/\/legitgrams.com\/wp-content\/uploads\/2024\/09\/buy-wholesale-bk-ethyl-k-chemical-online-100x100.jpg",100,100,true]},"uagb_author_info":{"display_name":"cokeblog18","author_link":"https:\/\/legitgrams.com\/de\/author\/"},"uagb_comment_info":0,"uagb_excerpt":"BK-Ethyl-K Chemical for Sale at Wholesale Prices Bk ethyl k, also referred to as Ethylone, is an entactogen energizer that is frequently suggested as 3,4-methylenedioxy-N-ethylcathinone. Ethylone&#8217;s productive name is 1-(1,3-Benzodioxol-5-yl)- 2-(ethylamino)- 1-propanone. The sub-nuclear formula is C12H15NO3, with an ordinary mass of 221.251999 Da and a monoisotopic mass of 221.104996 Da. Buy china that contains&hellip;","_links":{"self":[{"href":"https:\/\/legitgrams.com\/de\/wp-json\/wp\/v2\/product\/3946","targetHints":{"allow":["GET"]}}],"collection":[{"href":"https:\/\/legitgrams.com\/de\/wp-json\/wp\/v2\/product"}],"about":[{"href":"https:\/\/legitgrams.com\/de\/wp-json\/wp\/v2\/types\/product"}],"replies":[{"embeddable":true,"href":"https:\/\/legitgrams.com\/de\/wp-json\/wp\/v2\/comments?post=3946"}],"wp:featuredmedia":[{"embeddable":true,"href":"https:\/\/legitgrams.com\/de\/wp-json\/wp\/v2\/media\/5322"}],"wp:attachment":[{"href":"https:\/\/legitgrams.com\/de\/wp-json\/wp\/v2\/media?parent=3946"}],"wp:term":[{"taxonomy":"product_brand","embeddable":true,"href":"https:\/\/legitgrams.com\/de\/wp-json\/wp\/v2\/product_brand?post=3946"},{"taxonomy":"product_cat","embeddable":true,"href":"https:\/\/legitgrams.com\/de\/wp-json\/wp\/v2\/product_cat?post=3946"},{"taxonomy":"product_tag","embeddable":true,"href":"https:\/\/legitgrams.com\/de\/wp-json\/wp\/v2\/product_tag?post=3946"}],"curies":[{"name":"wp","href":"https:\/\/api.w.org\/{rel}","templated":true}]}}