{"id":3948,"date":"2024-09-20T12:21:03","date_gmt":"2024-09-20T12:21:03","guid":{"rendered":"https:\/\/legitgrams.com\/?post_type=product&#038;p=3948"},"modified":"2025-01-14T07:20:38","modified_gmt":"2025-01-14T07:20:38","slug":"kilocain-pulver-99-rein","status":"publish","type":"product","link":"https:\/\/legitgrams.com\/de\/produkt\/kilocain-pulver-99-rein\/","title":{"rendered":"Kilocain-Pulver 99 rein"},"content":{"rendered":"<h2>99 % reines Kilocainpulver online kaufen<br \/>\nKilocain ist Kokain \u00e4hnlich.<\/h2>\n<p>Kilocain ist eine neue und interessante Forschungschemikalie, die seit ihrer Einf\u00fchrung gute Kritiken erhalten hat.<\/p>\n<p>Diese Forschungssubstanzen sind auch als \u201eDesignerdrogen\u201c bekannt. Sie geh\u00f6ren zu einer neuen Klasse von Drogen, deren chemische Zusammensetzung so weit ver\u00e4ndert wurde, dass sie nicht mehr gesetzlich verboten sind. Sie werden oft als \u201eBadesalze\u201c oder \u201eLegal Highs\u201c bezeichnet, da sie legal verkauft werden und normalerweise Wirkungen haben, die denen der wichtigsten illegalen Ursprungssubstanzen sehr \u00e4hnlich sind, auch wenn die Forschungssubstanzen selbst noch legal und ungeplant sind. Es gibt mehrere Gr\u00fcnde, warum dies faszinierend ist. <a href=\"https:\/\/legitgrams.com\/de\/\">LegitGrams<\/a><\/p>\n<p>kaufen 99% rein <a href=\"https:\/\/en.wikipedia.org\/wiki\/Cocaine\">Kilocain<\/a> Pulver online, Pulver kaufen, Pulver kaufen, Pulver kaufen, Pulver kaufen, Pulver kaufen, Pulver kaufen, Standorte f\u00fcr den Kauf von 99 % reinem Kilocainpulver online, Kauf von 99 % reinem Kilocainpulver online, Kauf von 99 % reinem Kilocainpulver online, USA, Kanada, Gro\u00dfbritannien, Kauf, Online, Anbieter, Sichere Lieferung, 99 % reines Kilocainpulver ist noch verf\u00fcgbar. Ist es f\u00fcr Amerikaner zul\u00e4ssig, 99 % reines Kilocainpulver zu kaufen? <a href=\"https:\/\/legitgrams.com\/de\/produkt\/kilocain-pulver-99-rein\/\">Kilocain-Pulver<\/a> online? Wie kann ich pulverisiertes, 99 % reines Kilocain kaufen? Ist der Kauf von 99 % reinem Kilocainpulver in Kanada legal?<\/p>\n<h2><\/h2>\n<p>&nbsp;<\/p>","protected":false},"excerpt":{"rendered":"<p>Purchase 99 Pure Kilocaine Powder Online Kilocaine is similar to cocaine. Kilocaine is a new and interesting research chemical that has received good reviews since its introduction. These research substances are also known as &#8220;designer drugs.&#8221; They are part of a new class of drugs whose chemical composition has changed to the point where they &hellip;<\/p>\n<p class=\"read-more\"> <a class=\"\" href=\"https:\/\/legitgrams.com\/de\/produkt\/kilocain-pulver-99-rein\/\"> <span class=\"screen-reader-text\">Kilocain-Pulver 99 rein<\/span> Mehr lesen \"<\/a><\/p>","protected":false},"featured_media":5283,"comment_status":"open","ping_status":"closed","template":"","meta":{"_uag_custom_page_level_css":"","site-sidebar-layout":"default","site-content-layout":"default","ast-global-header-display":"","ast-main-header-display":"","ast-hfb-above-header-display":"","ast-hfb-below-header-display":"","ast-hfb-mobile-header-display":"","site-post-title":"","ast-breadcrumbs-content":"","ast-featured-img":"","footer-sml-layout":"","theme-transparent-header-meta":"default","adv-header-id-meta":"","stick-header-meta":"default","header-above-stick-meta":"","header-main-stick-meta":"","header-below-stick-meta":"","_joinchat":[]},"product_brand":[],"product_cat":[600],"product_tag":[3590,3580,617,3572,3587,3584,3579,3571,3574,3575,3582,3573,3583,3585,3592,3593,3591,3588,3577,3589,3586,625,3578,3581,3576],"class_list":{"0":"post-3948","1":"product","2":"type-product","3":"status-publish","4":"has-post-thumbnail","6":"product_cat-research-chemicals-and-bath-salt","7":"product_tag-best-cheap-price-kilocaine-powder-99-pure","8":"product_tag-best-place-to-buy-kilocaine-powder-99-pure","9":"product_tag-bulk-online","10":"product_tag-buy-kilocaine-powder-99-pure","11":"product_tag-cheap-kilocaine-powder-99-pure","12":"product_tag-high-quality-kilocaine-powder-99-pure","13":"product_tag-how-to-buy-kilocaine-powder-99-pure","14":"product_tag-kilocaine-powder-99-pure","15":"product_tag-kilocaine-powder-99-pure-for-sale","16":"product_tag-kilocaine-powder-99-pure-kilocaine-powder-99-pure-supplier","17":"product_tag-kilocaine-powder-99-pure-legally","18":"product_tag-kilocaine-powder-99-pure-online","19":"product_tag-kilocaine-powder-99-pure-price","20":"product_tag-kilocaine-powder-99-pure-store","21":"product_tag-kilocaine-powder-99-pure-use","22":"product_tag-kilocaine-powder-99-pure-wiki","23":"product_tag-kilocaine-powder-99-pure-worldwide","24":"product_tag-kilocaine-powder-99-pures","25":"product_tag-order-kilocaine-powder-99-pure","26":"product_tag-purcharse-kilocaine-powder-99-pure","27":"product_tag-shop-kilocaine-powder-99-pure","28":"product_tag-top-quality","29":"product_tag-where-to-buy-kilocaine-powder-99-pure","30":"product_tag-where-to-order-kilocaine-powder-99-pure","31":"product_tag-wholesale-kilocaine-powder-99-pure","32":"desktop-align-left","33":"tablet-align-left","34":"mobile-align-left","35":"ast-product-gallery-layout-horizontal","36":"ast-product-gallery-with-no-image","37":"ast-product-single-variable","38":"ast-product-tabs-layout-horizontal","39":"ast-qv-on-image","41":"first","42":"instock","43":"shipping-taxable","44":"purchasable","45":"product-type-variable"},"yoast_head":"<!-- This site is optimized with the Yoast SEO plugin v25.9 - https:\/\/yoast.com\/wordpress\/plugins\/seo\/ -->\n<title>Kilocaine Powder 99 Pure for Sale - Buy Kilocaine Powder Online<\/title>\n<meta name=\"description\" content=\"You can buy Kilocaine Powder 99 Pure online at the best prices from our online store. We have cheap and high-quality Kilocaine Powder 99 Pure for sale and providing worldwide delivery. You can order from anytime, anywhere.\" \/>\n<meta name=\"robots\" content=\"index, follow, max-snippet:-1, max-image-preview:large, max-video-preview:-1\" \/>\n<link rel=\"canonical\" href=\"https:\/\/legitgrams.com\/de\/produkt\/kilocain-pulver-99-rein\/\" \/>\n<meta property=\"og:locale\" content=\"de_DE\" \/>\n<meta property=\"og:type\" content=\"article\" \/>\n<meta property=\"og:title\" content=\"Kilocaine Powder 99 Pure for Sale - Buy Kilocaine Powder Online\" \/>\n<meta property=\"og:description\" content=\"You can buy Kilocaine Powder 99 Pure online at the best prices from our online store. We have cheap and high-quality Kilocaine Powder 99 Pure for sale and providing worldwide delivery. You can order from anytime, anywhere.\" \/>\n<meta property=\"og:url\" content=\"https:\/\/legitgrams.com\/de\/produkt\/kilocain-pulver-99-rein\/\" \/>\n<meta property=\"og:site_name\" content=\"Legit Grams\" \/>\n<meta property=\"article:modified_time\" content=\"2025-01-14T07:20:38+00:00\" \/>\n<meta property=\"og:image\" content=\"https:\/\/legitgrams.com\/wp-content\/uploads\/2024\/09\/Buy-Kilocaine-Powder-99-Pure-Online.jpg\" \/>\n\t<meta property=\"og:image:width\" content=\"600\" \/>\n\t<meta property=\"og:image:height\" content=\"600\" \/>\n\t<meta property=\"og:image:type\" content=\"image\/jpeg\" \/>\n<meta name=\"twitter:card\" content=\"summary_large_image\" \/>\n<meta name=\"twitter:label1\" content=\"Gesch\u00e4tzte Lesezeit\" \/>\n\t<meta name=\"twitter:data1\" content=\"2\u00a0Minuten\" \/>\n<script type=\"application\/ld+json\" class=\"yoast-schema-graph\">{\"@context\":\"https:\/\/schema.org\",\"@graph\":[{\"@type\":\"WebPage\",\"@id\":\"https:\/\/legitgrams.com\/product\/kilocaine-powder-99-pure\/\",\"url\":\"https:\/\/legitgrams.com\/product\/kilocaine-powder-99-pure\/\",\"name\":\"Kilocaine Powder 99 Pure for Sale - Buy Kilocaine Powder Online\",\"isPartOf\":{\"@id\":\"https:\/\/legitgrams.com\/#website\"},\"primaryImageOfPage\":{\"@id\":\"https:\/\/legitgrams.com\/product\/kilocaine-powder-99-pure\/#primaryimage\"},\"image\":{\"@id\":\"https:\/\/legitgrams.com\/product\/kilocaine-powder-99-pure\/#primaryimage\"},\"thumbnailUrl\":\"https:\/\/legitgrams.com\/wp-content\/uploads\/2024\/09\/Buy-Kilocaine-Powder-99-Pure-Online.jpg\",\"datePublished\":\"2024-09-20T12:21:03+00:00\",\"dateModified\":\"2025-01-14T07:20:38+00:00\",\"description\":\"You can buy Kilocaine Powder 99 Pure online at the best prices from our online store. We have cheap and high-quality Kilocaine Powder 99 Pure for sale and providing worldwide delivery. You can order from anytime, anywhere.\",\"breadcrumb\":{\"@id\":\"https:\/\/legitgrams.com\/product\/kilocaine-powder-99-pure\/#breadcrumb\"},\"inLanguage\":\"de\",\"potentialAction\":[{\"@type\":\"ReadAction\",\"target\":[\"https:\/\/legitgrams.com\/product\/kilocaine-powder-99-pure\/\"]}]},{\"@type\":\"ImageObject\",\"inLanguage\":\"de\",\"@id\":\"https:\/\/legitgrams.com\/product\/kilocaine-powder-99-pure\/#primaryimage\",\"url\":\"https:\/\/legitgrams.com\/wp-content\/uploads\/2024\/09\/Buy-Kilocaine-Powder-99-Pure-Online.jpg\",\"contentUrl\":\"https:\/\/legitgrams.com\/wp-content\/uploads\/2024\/09\/Buy-Kilocaine-Powder-99-Pure-Online.jpg\",\"width\":600,\"height\":600,\"caption\":\"Kilocaine Powder 99 Pure for Sale\"},{\"@type\":\"BreadcrumbList\",\"@id\":\"https:\/\/legitgrams.com\/product\/kilocaine-powder-99-pure\/#breadcrumb\",\"itemListElement\":[{\"@type\":\"ListItem\",\"position\":1,\"name\":\"Home\",\"item\":\"https:\/\/legitgrams.com\/\"},{\"@type\":\"ListItem\",\"position\":2,\"name\":\"Shop\",\"item\":\"https:\/\/legitgrams.com\/shop\/\"},{\"@type\":\"ListItem\",\"position\":3,\"name\":\"Kilocaine Powder 99 Pure\"}]},{\"@type\":\"WebSite\",\"@id\":\"https:\/\/legitgrams.com\/#website\",\"url\":\"https:\/\/legitgrams.com\/\",\"name\":\"Legit Grams\",\"description\":\"My WordPress Blog\",\"publisher\":{\"@id\":\"https:\/\/legitgrams.com\/#organization\"},\"potentialAction\":[{\"@type\":\"SearchAction\",\"target\":{\"@type\":\"EntryPoint\",\"urlTemplate\":\"https:\/\/legitgrams.com\/?s={search_term_string}\"},\"query-input\":{\"@type\":\"PropertyValueSpecification\",\"valueRequired\":true,\"valueName\":\"search_term_string\"}}],\"inLanguage\":\"de\"},{\"@type\":\"Organization\",\"@id\":\"https:\/\/legitgrams.com\/#organization\",\"name\":\"Legit Grams\",\"url\":\"https:\/\/legitgrams.com\/\",\"logo\":{\"@type\":\"ImageObject\",\"inLanguage\":\"de\",\"@id\":\"https:\/\/legitgrams.com\/#\/schema\/logo\/image\/\",\"url\":\"https:\/\/legitgrams.com\/wp-content\/uploads\/2024\/09\/main-logo.png\",\"contentUrl\":\"https:\/\/legitgrams.com\/wp-content\/uploads\/2024\/09\/main-logo.png\",\"width\":270,\"height\":75,\"caption\":\"Legit Grams\"},\"image\":{\"@id\":\"https:\/\/legitgrams.com\/#\/schema\/logo\/image\/\"}}]}<\/script>\n<!-- \/ Yoast SEO plugin. -->","yoast_head_json":{"title":"Kilocain-Pulver 99 Pure zu verkaufen - Kilocain-Pulver online kaufen","description":"Sie k\u00f6nnen Kilocaine Powder 99 Pure online zu den besten Preisen in unserem Online-Shop kaufen. Wir haben billige und hochwertige Kilocaine Powder 99 Pure zum Verkauf und bieten weltweite Lieferung. Sie k\u00f6nnen von jederzeit und \u00fcberall bestellen.","robots":{"index":"index","follow":"follow","max-snippet":"max-snippet:-1","max-image-preview":"max-image-preview:large","max-video-preview":"max-video-preview:-1"},"canonical":"https:\/\/legitgrams.com\/de\/produkt\/kilocain-pulver-99-rein\/","og_locale":"de_DE","og_type":"article","og_title":"Kilocaine Powder 99 Pure for Sale - Buy Kilocaine Powder Online","og_description":"You can buy Kilocaine Powder 99 Pure online at the best prices from our online store. We have cheap and high-quality Kilocaine Powder 99 Pure for sale and providing worldwide delivery. You can order from anytime, anywhere.","og_url":"https:\/\/legitgrams.com\/de\/produkt\/kilocain-pulver-99-rein\/","og_site_name":"Legit Grams","article_modified_time":"2025-01-14T07:20:38+00:00","og_image":[{"width":600,"height":600,"url":"https:\/\/legitgrams.com\/wp-content\/uploads\/2024\/09\/Buy-Kilocaine-Powder-99-Pure-Online.jpg","type":"image\/jpeg"}],"twitter_card":"summary_large_image","twitter_misc":{"Gesch\u00e4tzte Lesezeit":"2\u00a0Minuten"},"schema":{"@context":"https:\/\/schema.org","@graph":[{"@type":"WebPage","@id":"https:\/\/legitgrams.com\/product\/kilocaine-powder-99-pure\/","url":"https:\/\/legitgrams.com\/product\/kilocaine-powder-99-pure\/","name":"Kilocain-Pulver 99 Pure zu verkaufen - Kilocain-Pulver online kaufen","isPartOf":{"@id":"https:\/\/legitgrams.com\/#website"},"primaryImageOfPage":{"@id":"https:\/\/legitgrams.com\/product\/kilocaine-powder-99-pure\/#primaryimage"},"image":{"@id":"https:\/\/legitgrams.com\/product\/kilocaine-powder-99-pure\/#primaryimage"},"thumbnailUrl":"https:\/\/legitgrams.com\/wp-content\/uploads\/2024\/09\/Buy-Kilocaine-Powder-99-Pure-Online.jpg","datePublished":"2024-09-20T12:21:03+00:00","dateModified":"2025-01-14T07:20:38+00:00","description":"Sie k\u00f6nnen Kilocaine Powder 99 Pure online zu den besten Preisen in unserem Online-Shop kaufen. Wir haben billige und hochwertige Kilocaine Powder 99 Pure zum Verkauf und bieten weltweite Lieferung. Sie k\u00f6nnen von jederzeit und \u00fcberall bestellen.","breadcrumb":{"@id":"https:\/\/legitgrams.com\/product\/kilocaine-powder-99-pure\/#breadcrumb"},"inLanguage":"de","potentialAction":[{"@type":"ReadAction","target":["https:\/\/legitgrams.com\/product\/kilocaine-powder-99-pure\/"]}]},{"@type":"ImageObject","inLanguage":"de","@id":"https:\/\/legitgrams.com\/product\/kilocaine-powder-99-pure\/#primaryimage","url":"https:\/\/legitgrams.com\/wp-content\/uploads\/2024\/09\/Buy-Kilocaine-Powder-99-Pure-Online.jpg","contentUrl":"https:\/\/legitgrams.com\/wp-content\/uploads\/2024\/09\/Buy-Kilocaine-Powder-99-Pure-Online.jpg","width":600,"height":600,"caption":"Kilocaine Powder 99 Pure for Sale"},{"@type":"BreadcrumbList","@id":"https:\/\/legitgrams.com\/product\/kilocaine-powder-99-pure\/#breadcrumb","itemListElement":[{"@type":"ListItem","position":1,"name":"Home","item":"https:\/\/legitgrams.com\/"},{"@type":"ListItem","position":2,"name":"Shop","item":"https:\/\/legitgrams.com\/shop\/"},{"@type":"ListItem","position":3,"name":"Kilocaine Powder 99 Pure"}]},{"@type":"WebSite","@id":"https:\/\/legitgrams.com\/#website","url":"https:\/\/legitgrams.com\/","name":"Legitimer Grammwert","description":"Mein WordPress-Blog","publisher":{"@id":"https:\/\/legitgrams.com\/#organization"},"potentialAction":[{"@type":"SearchAction","target":{"@type":"EntryPoint","urlTemplate":"https:\/\/legitgrams.com\/?s={search_term_string}"},"query-input":{"@type":"PropertyValueSpecification","valueRequired":true,"valueName":"search_term_string"}}],"inLanguage":"de"},{"@type":"Organization","@id":"https:\/\/legitgrams.com\/#organization","name":"Legitimer Grammwert","url":"https:\/\/legitgrams.com\/","logo":{"@type":"ImageObject","inLanguage":"de","@id":"https:\/\/legitgrams.com\/#\/schema\/logo\/image\/","url":"https:\/\/legitgrams.com\/wp-content\/uploads\/2024\/09\/main-logo.png","contentUrl":"https:\/\/legitgrams.com\/wp-content\/uploads\/2024\/09\/main-logo.png","width":270,"height":75,"caption":"Legit Grams"},"image":{"@id":"https:\/\/legitgrams.com\/#\/schema\/logo\/image\/"}}]}},"uagb_featured_image_src":{"full":["https:\/\/legitgrams.com\/wp-content\/uploads\/2024\/09\/Buy-Kilocaine-Powder-99-Pure-Online.jpg",600,600,false],"thumbnail":["https:\/\/legitgrams.com\/wp-content\/uploads\/2024\/09\/Buy-Kilocaine-Powder-99-Pure-Online-150x150.jpg",150,150,true],"medium":["https:\/\/legitgrams.com\/wp-content\/uploads\/2024\/09\/Buy-Kilocaine-Powder-99-Pure-Online-300x300.jpg",300,300,true],"medium_large":["https:\/\/legitgrams.com\/wp-content\/uploads\/2024\/09\/Buy-Kilocaine-Powder-99-Pure-Online.jpg",600,600,false],"large":["https:\/\/legitgrams.com\/wp-content\/uploads\/2024\/09\/Buy-Kilocaine-Powder-99-Pure-Online.jpg",600,600,false],"1536x1536":["https:\/\/legitgrams.com\/wp-content\/uploads\/2024\/09\/Buy-Kilocaine-Powder-99-Pure-Online.jpg",600,600,false],"2048x2048":["https:\/\/legitgrams.com\/wp-content\/uploads\/2024\/09\/Buy-Kilocaine-Powder-99-Pure-Online.jpg",600,600,false],"trp-custom-language-flag":["https:\/\/legitgrams.com\/wp-content\/uploads\/2024\/09\/Buy-Kilocaine-Powder-99-Pure-Online-12x12.jpg",12,12,true],"woocommerce_thumbnail":["https:\/\/legitgrams.com\/wp-content\/uploads\/2024\/09\/Buy-Kilocaine-Powder-99-Pure-Online-300x300.jpg",300,300,true],"woocommerce_single":["https:\/\/legitgrams.com\/wp-content\/uploads\/2024\/09\/Buy-Kilocaine-Powder-99-Pure-Online.jpg",600,600,false],"woocommerce_gallery_thumbnail":["https:\/\/legitgrams.com\/wp-content\/uploads\/2024\/09\/Buy-Kilocaine-Powder-99-Pure-Online-100x100.jpg",100,100,true]},"uagb_author_info":{"display_name":"cokeblog18","author_link":"https:\/\/legitgrams.com\/de\/author\/"},"uagb_comment_info":0,"uagb_excerpt":"Purchase 99 Pure Kilocaine Powder Online Kilocaine is similar to cocaine. Kilocaine is a new and interesting research chemical that has received good reviews since its introduction. These research substances are also known as &#8220;designer drugs.&#8221; They are part of a new class of drugs whose chemical composition has changed to the point where they&hellip;","_links":{"self":[{"href":"https:\/\/legitgrams.com\/de\/wp-json\/wp\/v2\/product\/3948","targetHints":{"allow":["GET"]}}],"collection":[{"href":"https:\/\/legitgrams.com\/de\/wp-json\/wp\/v2\/product"}],"about":[{"href":"https:\/\/legitgrams.com\/de\/wp-json\/wp\/v2\/types\/product"}],"replies":[{"embeddable":true,"href":"https:\/\/legitgrams.com\/de\/wp-json\/wp\/v2\/comments?post=3948"}],"wp:featuredmedia":[{"embeddable":true,"href":"https:\/\/legitgrams.com\/de\/wp-json\/wp\/v2\/media\/5283"}],"wp:attachment":[{"href":"https:\/\/legitgrams.com\/de\/wp-json\/wp\/v2\/media?parent=3948"}],"wp:term":[{"taxonomy":"product_brand","embeddable":true,"href":"https:\/\/legitgrams.com\/de\/wp-json\/wp\/v2\/product_brand?post=3948"},{"taxonomy":"product_cat","embeddable":true,"href":"https:\/\/legitgrams.com\/de\/wp-json\/wp\/v2\/product_cat?post=3948"},{"taxonomy":"product_tag","embeddable":true,"href":"https:\/\/legitgrams.com\/de\/wp-json\/wp\/v2\/product_tag?post=3948"}],"curies":[{"name":"wp","href":"https:\/\/api.w.org\/{rel}","templated":true}]}}