{"id":3961,"date":"2024-09-21T05:10:45","date_gmt":"2024-09-21T05:10:45","guid":{"rendered":"https:\/\/legitgrams.com\/?post_type=product&#038;p=3961"},"modified":"2025-01-13T11:09:28","modified_gmt":"2025-01-13T11:09:28","slug":"clonazolam-pulver","status":"publish","type":"product","link":"https:\/\/legitgrams.com\/de\/produkt\/clonazolam-pulver\/","title":{"rendered":"Clonazolam-Pulver"},"content":{"rendered":"<h2>Zu verkaufen: Clonazolam-Pulver<\/h2>\n<p><a href=\"https:\/\/legitgrams.com\/de\/produkt\/clonazolam-pulver\/\">Clonazolam-Pulver<\/a> geh\u00f6rt zur Klasse der Benzodiazepine, die aus verschiedenen Gr\u00fcnden und bei verschiedenen Krankheiten eingesetzt werden. 1971 wurde es erstmals als Designerdroge entwickelt. Seine einzigartigen Eigenschaften haben es in den letzten Jahren zu einer der am h\u00e4ufigsten verwendeten Drogen weltweit gemacht. Heutzutage wird es als Chemikalie f\u00fcr die Forschung und zur Behandlung einer Vielzahl von Krankheiten eingesetzt.<\/p>\n<h3>So funktioniert Clonazolam-Pulver<\/h3>\n<p><a href=\"https:\/\/en.wikipedia.org\/wiki\/Clonazolam\">Clonazolam<\/a> Pulver ist ein psychoaktiver Wirkstoff, der \u00e4hnlich wie alle diese Prodrugs wirkt, genau wie andere Benzodiazepine. Es hat mehr Potenzial als andere Prodrugs in der Benzodiazepin-Reihe.<\/p>\n<p>Es wirkt auf die gleiche Weise wie alle Prodrugs, allerdings schneller als alle anderen Prodrugs dieser oder einer anderen Familie. Es wirkt, indem es direkt auf das Neurotransmittersystem des menschlichen Gehirns einwirkt.<\/p>\n<p>Die F\u00e4higkeit bestimmter Verbindungen, die entsprechende Funktion zu erf\u00fcllen, wird durch diese Methode verbessert. Dies f\u00f6rdert einen erholsamen Schlaf, der wiederum zur Muskelentspannung beitr\u00e4gt. <a href=\"https:\/\/legitgrams.com\/de\/\">LegitGrams<\/a><\/p>\n<p>Clonazolam-Pulver verschafft dem K\u00f6rper die Ruhe, die er braucht. Fast jeder Arzt verwendet es bei der Behandlung eines Patienten mit Schlafst\u00f6rungen. Dar\u00fcber hinaus verwenden die \u00c4rzte diesen Ansatz, um ihre chirurgischen Patienten bewusstlos zu machen.<\/p>\n<p>Dieses Prodrug hilft \u00c4rzten auch dabei, die Einnahme weiterer Medikamente zu verhindern. Durch eine Reihe von Prozessen kann Alkohol sogar aus dem gesamten K\u00f6rper entfernt werden. Clonazolam ist ein gro\u00dfartiges Medikament, aber nur, wenn es wie vom Arzt verschrieben und entsprechend den Anforderungen des K\u00f6rpers eingenommen wird.<\/p>\n<p>Die langfristige Einnahme von Clonazolampulver ist sch\u00e4dlich f\u00fcr die menschliche Gesundheit. Es k\u00f6nnte Auswirkungen auf das neuronale System des Gehirns haben und die menschliche Gesundheit schwer sch\u00e4digen.<\/p>\n<p>Unsere Internetapotheke bietet Clonazolam zu au\u00dfergew\u00f6hnlich g\u00fcnstigen Preisen an. Unser Gesch\u00e4ft bietet auch den Service eines schnellen Warenversands an.<\/p>","protected":false},"excerpt":{"rendered":"<p>For Sale: Clonazolam Powder Clonazolam powder is a member of the benzodiazepine class of professional drugs, which are used for a number of reasons and in a number of illnesses. In 1971, it was first developed as a designer drug. Its unique characteristics have made it one of the most widely used drugs worldwide in &hellip;<\/p>\n<p class=\"read-more\"> <a class=\"\" href=\"https:\/\/legitgrams.com\/de\/produkt\/clonazolam-pulver\/\"> <span class=\"screen-reader-text\">Clonazolam-Pulver<\/span> Mehr lesen \"<\/a><\/p>","protected":false},"featured_media":5271,"comment_status":"open","ping_status":"closed","template":"","meta":{"_uag_custom_page_level_css":"","site-sidebar-layout":"default","site-content-layout":"default","ast-global-header-display":"","ast-main-header-display":"","ast-hfb-above-header-display":"","ast-hfb-below-header-display":"","ast-hfb-mobile-header-display":"","site-post-title":"","ast-breadcrumbs-content":"","ast-featured-img":"","footer-sml-layout":"","theme-transparent-header-meta":"default","adv-header-id-meta":"","stick-header-meta":"default","header-above-stick-meta":"","header-main-stick-meta":"","header-below-stick-meta":"","_joinchat":[]},"product_brand":[],"product_cat":[600],"product_tag":[3475,3465,617,3457,3472,3456,3460,3459,3467,3458,3468,3470,3477,3478,3476,3473,3469,3464,3462,3474,3471,625,3463,3466,3461],"class_list":{"0":"post-3961","1":"product","2":"type-product","3":"status-publish","4":"has-post-thumbnail","6":"product_cat-research-chemicals-and-bath-salt","7":"product_tag-best-cheap-price-clonazolam-powder","8":"product_tag-best-place-to-buy-clonazolam-powder","9":"product_tag-bulk-online","10":"product_tag-buy-clonazolam-powder","11":"product_tag-cheap-clonazolam-powder","12":"product_tag-clonazolam-powder","13":"product_tag-clonazolam-powder-clonazolam-powder-supplier","14":"product_tag-clonazolam-powder-for-sale","15":"product_tag-clonazolam-powder-legally","16":"product_tag-clonazolam-powder-online","17":"product_tag-clonazolam-powder-price","18":"product_tag-clonazolam-powder-store","19":"product_tag-clonazolam-powder-use","20":"product_tag-clonazolam-powder-wiki","21":"product_tag-clonazolam-powder-worldwide","22":"product_tag-clonazolam-powders","23":"product_tag-high-quality-clonazolam-powder","24":"product_tag-how-to-buy-clonazolam-powder","25":"product_tag-order-clonazolam-powder","26":"product_tag-purcharse-clonazolam-powder","27":"product_tag-shop-clonazolam-powder","28":"product_tag-top-quality","29":"product_tag-where-to-buy-clonazolam-powder","30":"product_tag-where-to-order-clonazolam-powder","31":"product_tag-wholesale-clonazolam-powder","32":"desktop-align-left","33":"tablet-align-left","34":"mobile-align-left","35":"ast-product-gallery-layout-horizontal","36":"ast-product-gallery-with-no-image","37":"ast-product-single-variable","38":"ast-product-tabs-layout-horizontal","39":"ast-qv-on-image","41":"first","42":"instock","43":"featured","44":"shipping-taxable","45":"purchasable","46":"product-type-variable"},"yoast_head":"<!-- This site is optimized with the Yoast SEO plugin v25.9 - https:\/\/yoast.com\/wordpress\/plugins\/seo\/ -->\n<title>Clonazolam Powder for Sale - Order Clonazolam Powder Online<\/title>\n<meta name=\"description\" content=\"Clonazolam Powder for sale is now easily available at our online store. You can connect directly with our chemicals store and buy Clonazolam Powder online at the best prices.\" \/>\n<meta name=\"robots\" content=\"index, follow, max-snippet:-1, max-image-preview:large, max-video-preview:-1\" \/>\n<link rel=\"canonical\" href=\"https:\/\/legitgrams.com\/de\/produkt\/clonazolam-pulver\/\" \/>\n<meta property=\"og:locale\" content=\"de_DE\" \/>\n<meta property=\"og:type\" content=\"article\" \/>\n<meta property=\"og:title\" content=\"Clonazolam Powder for Sale - Order Clonazolam Powder Online\" \/>\n<meta property=\"og:description\" content=\"Clonazolam Powder for sale is now easily available at our online store. You can connect directly with our chemicals store and buy Clonazolam Powder online at the best prices.\" \/>\n<meta property=\"og:url\" content=\"https:\/\/legitgrams.com\/de\/produkt\/clonazolam-pulver\/\" \/>\n<meta property=\"og:site_name\" content=\"Legit Grams\" \/>\n<meta property=\"article:modified_time\" content=\"2025-01-13T11:09:28+00:00\" \/>\n<meta property=\"og:image\" content=\"https:\/\/legitgrams.com\/wp-content\/uploads\/2024\/09\/Buy-cheap-clonazolam-powder-online.jpg\" \/>\n\t<meta property=\"og:image:width\" content=\"600\" \/>\n\t<meta property=\"og:image:height\" content=\"600\" \/>\n\t<meta property=\"og:image:type\" content=\"image\/jpeg\" \/>\n<meta name=\"twitter:card\" content=\"summary_large_image\" \/>\n<meta name=\"twitter:label1\" content=\"Gesch\u00e4tzte Lesezeit\" \/>\n\t<meta name=\"twitter:data1\" content=\"2\u00a0Minuten\" \/>\n<script type=\"application\/ld+json\" class=\"yoast-schema-graph\">{\"@context\":\"https:\/\/schema.org\",\"@graph\":[{\"@type\":\"WebPage\",\"@id\":\"https:\/\/legitgrams.com\/product\/clonazolam-powder\/\",\"url\":\"https:\/\/legitgrams.com\/product\/clonazolam-powder\/\",\"name\":\"Clonazolam Powder for Sale - Order Clonazolam Powder Online\",\"isPartOf\":{\"@id\":\"https:\/\/legitgrams.com\/#website\"},\"primaryImageOfPage\":{\"@id\":\"https:\/\/legitgrams.com\/product\/clonazolam-powder\/#primaryimage\"},\"image\":{\"@id\":\"https:\/\/legitgrams.com\/product\/clonazolam-powder\/#primaryimage\"},\"thumbnailUrl\":\"https:\/\/legitgrams.com\/wp-content\/uploads\/2024\/09\/Buy-cheap-clonazolam-powder-online.jpg\",\"datePublished\":\"2024-09-21T05:10:45+00:00\",\"dateModified\":\"2025-01-13T11:09:28+00:00\",\"description\":\"Clonazolam Powder for sale is now easily available at our online store. You can connect directly with our chemicals store and buy Clonazolam Powder online at the best prices.\",\"breadcrumb\":{\"@id\":\"https:\/\/legitgrams.com\/product\/clonazolam-powder\/#breadcrumb\"},\"inLanguage\":\"de\",\"potentialAction\":[{\"@type\":\"ReadAction\",\"target\":[\"https:\/\/legitgrams.com\/product\/clonazolam-powder\/\"]}]},{\"@type\":\"ImageObject\",\"inLanguage\":\"de\",\"@id\":\"https:\/\/legitgrams.com\/product\/clonazolam-powder\/#primaryimage\",\"url\":\"https:\/\/legitgrams.com\/wp-content\/uploads\/2024\/09\/Buy-cheap-clonazolam-powder-online.jpg\",\"contentUrl\":\"https:\/\/legitgrams.com\/wp-content\/uploads\/2024\/09\/Buy-cheap-clonazolam-powder-online.jpg\",\"width\":600,\"height\":600,\"caption\":\"Clonazolam Powder for Sale\"},{\"@type\":\"BreadcrumbList\",\"@id\":\"https:\/\/legitgrams.com\/product\/clonazolam-powder\/#breadcrumb\",\"itemListElement\":[{\"@type\":\"ListItem\",\"position\":1,\"name\":\"Home\",\"item\":\"https:\/\/legitgrams.com\/\"},{\"@type\":\"ListItem\",\"position\":2,\"name\":\"Shop\",\"item\":\"https:\/\/legitgrams.com\/shop\/\"},{\"@type\":\"ListItem\",\"position\":3,\"name\":\"Clonazolam Powder\"}]},{\"@type\":\"WebSite\",\"@id\":\"https:\/\/legitgrams.com\/#website\",\"url\":\"https:\/\/legitgrams.com\/\",\"name\":\"Legit Grams\",\"description\":\"My WordPress Blog\",\"publisher\":{\"@id\":\"https:\/\/legitgrams.com\/#organization\"},\"potentialAction\":[{\"@type\":\"SearchAction\",\"target\":{\"@type\":\"EntryPoint\",\"urlTemplate\":\"https:\/\/legitgrams.com\/?s={search_term_string}\"},\"query-input\":{\"@type\":\"PropertyValueSpecification\",\"valueRequired\":true,\"valueName\":\"search_term_string\"}}],\"inLanguage\":\"de\"},{\"@type\":\"Organization\",\"@id\":\"https:\/\/legitgrams.com\/#organization\",\"name\":\"Legit Grams\",\"url\":\"https:\/\/legitgrams.com\/\",\"logo\":{\"@type\":\"ImageObject\",\"inLanguage\":\"de\",\"@id\":\"https:\/\/legitgrams.com\/#\/schema\/logo\/image\/\",\"url\":\"https:\/\/legitgrams.com\/wp-content\/uploads\/2024\/09\/main-logo.png\",\"contentUrl\":\"https:\/\/legitgrams.com\/wp-content\/uploads\/2024\/09\/main-logo.png\",\"width\":270,\"height\":75,\"caption\":\"Legit Grams\"},\"image\":{\"@id\":\"https:\/\/legitgrams.com\/#\/schema\/logo\/image\/\"}}]}<\/script>\n<!-- \/ Yoast SEO plugin. -->","yoast_head_json":{"title":"Clonazolam-Pulver zu verkaufen - Clonazolam-Pulver online bestellen","description":"Clonazolam Powder zum Verkauf ist jetzt leicht verf\u00fcgbar in unserem Online-Shop. Sie k\u00f6nnen direkt mit unserem Chemikaliengesch\u00e4ft in Verbindung treten und Clonazolam Powder online zu den besten Preisen kaufen.","robots":{"index":"index","follow":"follow","max-snippet":"max-snippet:-1","max-image-preview":"max-image-preview:large","max-video-preview":"max-video-preview:-1"},"canonical":"https:\/\/legitgrams.com\/de\/produkt\/clonazolam-pulver\/","og_locale":"de_DE","og_type":"article","og_title":"Clonazolam Powder for Sale - Order Clonazolam Powder Online","og_description":"Clonazolam Powder for sale is now easily available at our online store. You can connect directly with our chemicals store and buy Clonazolam Powder online at the best prices.","og_url":"https:\/\/legitgrams.com\/de\/produkt\/clonazolam-pulver\/","og_site_name":"Legit Grams","article_modified_time":"2025-01-13T11:09:28+00:00","og_image":[{"width":600,"height":600,"url":"https:\/\/legitgrams.com\/wp-content\/uploads\/2024\/09\/Buy-cheap-clonazolam-powder-online.jpg","type":"image\/jpeg"}],"twitter_card":"summary_large_image","twitter_misc":{"Gesch\u00e4tzte Lesezeit":"2\u00a0Minuten"},"schema":{"@context":"https:\/\/schema.org","@graph":[{"@type":"WebPage","@id":"https:\/\/legitgrams.com\/product\/clonazolam-powder\/","url":"https:\/\/legitgrams.com\/product\/clonazolam-powder\/","name":"Clonazolam-Pulver zu verkaufen - Clonazolam-Pulver online bestellen","isPartOf":{"@id":"https:\/\/legitgrams.com\/#website"},"primaryImageOfPage":{"@id":"https:\/\/legitgrams.com\/product\/clonazolam-powder\/#primaryimage"},"image":{"@id":"https:\/\/legitgrams.com\/product\/clonazolam-powder\/#primaryimage"},"thumbnailUrl":"https:\/\/legitgrams.com\/wp-content\/uploads\/2024\/09\/Buy-cheap-clonazolam-powder-online.jpg","datePublished":"2024-09-21T05:10:45+00:00","dateModified":"2025-01-13T11:09:28+00:00","description":"Clonazolam Powder zum Verkauf ist jetzt leicht verf\u00fcgbar in unserem Online-Shop. Sie k\u00f6nnen direkt mit unserem Chemikaliengesch\u00e4ft in Verbindung treten und Clonazolam Powder online zu den besten Preisen kaufen.","breadcrumb":{"@id":"https:\/\/legitgrams.com\/product\/clonazolam-powder\/#breadcrumb"},"inLanguage":"de","potentialAction":[{"@type":"ReadAction","target":["https:\/\/legitgrams.com\/product\/clonazolam-powder\/"]}]},{"@type":"ImageObject","inLanguage":"de","@id":"https:\/\/legitgrams.com\/product\/clonazolam-powder\/#primaryimage","url":"https:\/\/legitgrams.com\/wp-content\/uploads\/2024\/09\/Buy-cheap-clonazolam-powder-online.jpg","contentUrl":"https:\/\/legitgrams.com\/wp-content\/uploads\/2024\/09\/Buy-cheap-clonazolam-powder-online.jpg","width":600,"height":600,"caption":"Clonazolam Powder for Sale"},{"@type":"BreadcrumbList","@id":"https:\/\/legitgrams.com\/product\/clonazolam-powder\/#breadcrumb","itemListElement":[{"@type":"ListItem","position":1,"name":"Home","item":"https:\/\/legitgrams.com\/"},{"@type":"ListItem","position":2,"name":"Shop","item":"https:\/\/legitgrams.com\/shop\/"},{"@type":"ListItem","position":3,"name":"Clonazolam Powder"}]},{"@type":"WebSite","@id":"https:\/\/legitgrams.com\/#website","url":"https:\/\/legitgrams.com\/","name":"Legitimer Grammwert","description":"Mein WordPress-Blog","publisher":{"@id":"https:\/\/legitgrams.com\/#organization"},"potentialAction":[{"@type":"SearchAction","target":{"@type":"EntryPoint","urlTemplate":"https:\/\/legitgrams.com\/?s={search_term_string}"},"query-input":{"@type":"PropertyValueSpecification","valueRequired":true,"valueName":"search_term_string"}}],"inLanguage":"de"},{"@type":"Organization","@id":"https:\/\/legitgrams.com\/#organization","name":"Legitimer Grammwert","url":"https:\/\/legitgrams.com\/","logo":{"@type":"ImageObject","inLanguage":"de","@id":"https:\/\/legitgrams.com\/#\/schema\/logo\/image\/","url":"https:\/\/legitgrams.com\/wp-content\/uploads\/2024\/09\/main-logo.png","contentUrl":"https:\/\/legitgrams.com\/wp-content\/uploads\/2024\/09\/main-logo.png","width":270,"height":75,"caption":"Legit Grams"},"image":{"@id":"https:\/\/legitgrams.com\/#\/schema\/logo\/image\/"}}]}},"uagb_featured_image_src":{"full":["https:\/\/legitgrams.com\/wp-content\/uploads\/2024\/09\/Buy-cheap-clonazolam-powder-online.jpg",600,600,false],"thumbnail":["https:\/\/legitgrams.com\/wp-content\/uploads\/2024\/09\/Buy-cheap-clonazolam-powder-online-150x150.jpg",150,150,true],"medium":["https:\/\/legitgrams.com\/wp-content\/uploads\/2024\/09\/Buy-cheap-clonazolam-powder-online-300x300.jpg",300,300,true],"medium_large":["https:\/\/legitgrams.com\/wp-content\/uploads\/2024\/09\/Buy-cheap-clonazolam-powder-online.jpg",600,600,false],"large":["https:\/\/legitgrams.com\/wp-content\/uploads\/2024\/09\/Buy-cheap-clonazolam-powder-online.jpg",600,600,false],"1536x1536":["https:\/\/legitgrams.com\/wp-content\/uploads\/2024\/09\/Buy-cheap-clonazolam-powder-online.jpg",600,600,false],"2048x2048":["https:\/\/legitgrams.com\/wp-content\/uploads\/2024\/09\/Buy-cheap-clonazolam-powder-online.jpg",600,600,false],"trp-custom-language-flag":["https:\/\/legitgrams.com\/wp-content\/uploads\/2024\/09\/Buy-cheap-clonazolam-powder-online-12x12.jpg",12,12,true],"woocommerce_thumbnail":["https:\/\/legitgrams.com\/wp-content\/uploads\/2024\/09\/Buy-cheap-clonazolam-powder-online-300x300.jpg",300,300,true],"woocommerce_single":["https:\/\/legitgrams.com\/wp-content\/uploads\/2024\/09\/Buy-cheap-clonazolam-powder-online.jpg",600,600,false],"woocommerce_gallery_thumbnail":["https:\/\/legitgrams.com\/wp-content\/uploads\/2024\/09\/Buy-cheap-clonazolam-powder-online-100x100.jpg",100,100,true]},"uagb_author_info":{"display_name":"cokeblog18","author_link":"https:\/\/legitgrams.com\/de\/author\/"},"uagb_comment_info":1,"uagb_excerpt":"For Sale: Clonazolam Powder Clonazolam powder is a member of the benzodiazepine class of professional drugs, which are used for a number of reasons and in a number of illnesses. In 1971, it was first developed as a designer drug. Its unique characteristics have made it one of the most widely used drugs worldwide in&hellip;","_links":{"self":[{"href":"https:\/\/legitgrams.com\/de\/wp-json\/wp\/v2\/product\/3961","targetHints":{"allow":["GET"]}}],"collection":[{"href":"https:\/\/legitgrams.com\/de\/wp-json\/wp\/v2\/product"}],"about":[{"href":"https:\/\/legitgrams.com\/de\/wp-json\/wp\/v2\/types\/product"}],"replies":[{"embeddable":true,"href":"https:\/\/legitgrams.com\/de\/wp-json\/wp\/v2\/comments?post=3961"}],"wp:featuredmedia":[{"embeddable":true,"href":"https:\/\/legitgrams.com\/de\/wp-json\/wp\/v2\/media\/5271"}],"wp:attachment":[{"href":"https:\/\/legitgrams.com\/de\/wp-json\/wp\/v2\/media?parent=3961"}],"wp:term":[{"taxonomy":"product_brand","embeddable":true,"href":"https:\/\/legitgrams.com\/de\/wp-json\/wp\/v2\/product_brand?post=3961"},{"taxonomy":"product_cat","embeddable":true,"href":"https:\/\/legitgrams.com\/de\/wp-json\/wp\/v2\/product_cat?post=3961"},{"taxonomy":"product_tag","embeddable":true,"href":"https:\/\/legitgrams.com\/de\/wp-json\/wp\/v2\/product_tag?post=3961"}],"curies":[{"name":"wp","href":"https:\/\/api.w.org\/{rel}","templated":true}]}}