{"id":3964,"date":"2024-09-21T05:24:42","date_gmt":"2024-09-21T05:24:42","guid":{"rendered":"https:\/\/legitgrams.com\/?post_type=product&#038;p=3964"},"modified":"2025-04-04T11:09:27","modified_gmt":"2025-04-04T11:09:27","slug":"billig-th-pvp-kristall","status":"publish","type":"product","link":"https:\/\/legitgrams.com\/de\/produkt\/billig-th-pvp-kristall\/","title":{"rendered":"Kaufen Sie g\u00fcnstige TH-PVP-Kristalle online"},"content":{"rendered":"<h2>Zu verkaufen: TH-PVP-Kristall<\/h2>\n<p>Kaufen Sie die <a href=\"https:\/\/legitgrams.com\/de\/produkt\/billig-th-pvp-kristall\/\">TH-PVP online<\/a> von dem vielleicht besten B\u00fcroversandunternehmen der Welt. TH-PVP wirkt als Energiespender \u00e4hnlich wie a-PVP. Der Mangel an Informationen, der jetzt verf\u00fcgbar ist, erweitert den Forschungsumfang zu dieser Chemikalie erheblich.<\/p>\n<p>Wir gelten als der Top-Lieferant chinesischer <a href=\"https:\/\/www.bing.com\/search?q=KaufenSiegnstigeTH-PVP-Kristalleonline&amp;qs=n&amp;form=QBRE&amp;sp=-1&amp;lq=0&amp;pq=kaufensiegnstigeth-pvp-kristalleonline&amp;sc=9-43&amp;sk=&amp;cvid=611ED4DE08144F24ADC48D0B71756072&amp;ghsh=0&amp;ghacc=0&amp;ghpl=\">TH-PVP<\/a> and the best <a href=\"https:\/\/www.google.com\/search?q=Kaufen+Sie+gnstige+TH-PVP-Kristalle+online&amp;sca_esv=eddefdb7b92e7545&amp;sxsrf=AHTn8zqrlDnSg1TWBhl4NvgLfrAtusozTQ1743765914247&amp;ei=msHvZ-_rDtG-juMP2qfY-AE&amp;ved=0ahUKEwjvoI-for6MAxVRn2MGHdoTFh8Q4dUDCBA&amp;uact=5&amp;oq=Kaufen+Sie+gnstige+TH-PVP-Kristalle+online&amp;gs_lp=Egxnd3Mtd2l6LXNlcnAiLEthdWZlbiBTaWUgZ8O8bnN0aWdlIFRILVBWUC1LcmlzdGFsbGUgb25saW5lMgQQIxgnMgUQABjvBTIFEAAY7wUyCBAAGKIEGIkFMgUQABjvBTIFEAAY7wVIlARQAFgAcAB4AJABAJgB1gGgAdYBqgEDMi0xuAEDyAEA-AEC-AEBmAIBoALiAZgDAJIHAzItMaAHpwWyBwMyLTG4B-IB&amp;sclient=gws-wiz-serp\">TH-PVP<\/a> Reddit-Wiederverk\u00e4ufer. Wir sind die einzige Website, die Sie besuchen m\u00fcssen, wenn Sie nach einem seri\u00f6sen TH-PVP-Schn\u00e4ppchenverk\u00e4ufer suchen.<\/p>\n<h3>TH-PVP online Kaufen  bei uns.<\/h3>\n<p>Wenn Sie auf der Suche nach einem <a href=\"https:\/\/en.wikipedia.org\/wiki\/TH-PVP\">TH-PVP<\/a> Wenn Sie nach einem Gesch\u00e4ft suchen, in dem Sie TH-PVP-Edelsteine \u200b\u200bsicher online organisieren k\u00f6nnen, ist Classicarabians die beste Anlaufstelle. Neben leicht verwendbarem TH-PVP und anderen Analoga bieten wir eine gro\u00dfe Auswahl verschiedener synthetischer Materialien f\u00fcr die Forschung an. Unser Ansatz ist unkompliziert: Kaufen Sie TH-PVP-Diamanten von chinesischen Anbietern und Herstellern online zu einem erm\u00e4\u00dfigten Preis, indem Sie den erweiterten Zugang nutzen.<\/p>\n<p>Wenn Sie aus den USA, Kanada, Gro\u00dfbritannien, Australien oder Europa kommen und den Artikel so schnell wie m\u00f6glich ben\u00f6tigen, bieten wir internationalen Versand an. Wir empfehlen Ihnen jedoch, die Zeichen und die Verwendung von zu verstehen <a href=\"https:\/\/duckduckgo.com\/?q=Kaufen+Sie+gnstige+TH-PVP-Kristalle+online&amp;t=h_&amp;ia=web\">TH-PVP<\/a> before submitting a request.<\/p>\n<p>Sie sollten sich auch \u00fcber die rechtlichen Konsequenzen des Online-Kaufs von TH-PVP-Diamanten ohne eine L\u00f6sung in Ihrem Bundesstaat im Klaren sein. Classicarabians ist der beste Ort, um TH-PVP online zu kaufen, da sie die besten verf\u00fcgbaren Arzneimittelkomponenten zur Unterst\u00fctzung Ihrer rationalen Recherche anbieten. Wir empfehlen Ihnen jedoch, die Anzeichen und die Verwendung von TH-PVP zu verstehen, bevor Sie eine Bestellung aufgeben. Dar\u00fcber hinaus sollten Sie wissen, dass der Online-Kauf von TH-PVP-Edelsteinen ohne eine L\u00f6sung in Ihrem Bundesstaat rechtliche Konsequenzen haben kann.<\/p>\n<p>Wir bieten die beste Qualit\u00e4t und Quantit\u00e4t an Produkten. Versuchen Sie, Zeit zu sparen. Um den Artikel direkt an Ihre Haust\u00fcr geliefert zu bekommen, senden Sie jetzt Ihre Anfrage. Und es gibt Death Star Wax. <a href=\"https:\/\/legitgrams.com\/de\/\">LegitGrams<\/a><\/p>\n<p>Wo kann man billige TH-PVP-Kristalle kaufen? Wo kann man billige TH-PVP-Kristalle kaufen? Wo kann man billige TH-PVP-Kristalle kaufen? Wo kann man billige TH-PVP-Kristalle kaufen? Wo kann man billige TH-PVP-Kristalle kaufen? Wo kann man billige TH-PVP-Kristalle kaufen? Billige TH-PVP-Kristalle zum Verkauf in den USA, Kanada und Gro\u00dfbritannien. Online kaufen, Lieferanten, sichere Lieferung. Es sind immer noch billige TH-PVP-Kristalle erh\u00e4ltlich. Sie k\u00f6nnen billige TH-PVP-Kristalle online kaufen. Ist billiger TH-PVP-Kristall in Kanada legal? Kann ich billige TH-PVP-Kristalle online kaufen?<\/p>","protected":false},"excerpt":{"rendered":"<p>For Sale: TH-PVP crystal Purchase the TH-PVP online from what is perhaps the world&#8217;s best office shipping company.TH-PVP functions similarly to a-PVP as an energizer. The paucity of information now available considerably expands the scope of research on this chemical. We are regarded as the top supplier of Chinese TH-PVP and the best TH-PVP Reddit &hellip;<\/p>\n<p class=\"read-more\"> <a class=\"\" href=\"https:\/\/legitgrams.com\/de\/produkt\/billig-th-pvp-kristall\/\"> <span class=\"screen-reader-text\">Kaufen Sie g\u00fcnstige TH-PVP-Kristalle online<\/span> Mehr lesen \"<\/a><\/p>","protected":false},"featured_media":5270,"comment_status":"open","ping_status":"closed","template":"","meta":{"_uag_custom_page_level_css":"","site-sidebar-layout":"default","site-content-layout":"default","ast-global-header-display":"","ast-main-header-display":"","ast-hfb-above-header-display":"","ast-hfb-below-header-display":"","ast-hfb-mobile-header-display":"","site-post-title":"","ast-breadcrumbs-content":"","ast-featured-img":"","footer-sml-layout":"","theme-transparent-header-meta":"default","adv-header-id-meta":"","stick-header-meta":"default","header-above-stick-meta":"","header-main-stick-meta":"","header-below-stick-meta":"","_joinchat":[]},"product_brand":[],"product_cat":[600],"product_tag":[3429,3419,617,3411,3426,3410,3414,3413,3421,3412,3422,3424,3431,3432,3430,3427,3423,3418,3416,3428,3425,625,3417,3420,3415],"class_list":{"0":"post-3964","1":"product","2":"type-product","3":"status-publish","4":"has-post-thumbnail","6":"product_cat-research-chemicals-and-bath-salt","7":"product_tag-best-cheap-price-cheap-th-pvp-crystal","8":"product_tag-best-place-to-buy-cheap-th-pvp-crystal","9":"product_tag-bulk-online","10":"product_tag-buy-cheap-th-pvp-crystal","11":"product_tag-cheap-cheap-th-pvp-crystal","12":"product_tag-cheap-th-pvp-crystal","13":"product_tag-cheap-th-pvp-crystal-cheap-th-pvp-crystal-supplier","14":"product_tag-cheap-th-pvp-crystal-for-sale","15":"product_tag-cheap-th-pvp-crystal-legally","16":"product_tag-cheap-th-pvp-crystal-online","17":"product_tag-cheap-th-pvp-crystal-price","18":"product_tag-cheap-th-pvp-crystal-store","19":"product_tag-cheap-th-pvp-crystal-use","20":"product_tag-cheap-th-pvp-crystal-wiki","21":"product_tag-cheap-th-pvp-crystal-worldwide","22":"product_tag-cheap-th-pvp-crystals","23":"product_tag-high-quality-cheap-th-pvp-crystal","24":"product_tag-how-to-buy-cheap-th-pvp-crystal","25":"product_tag-order-cheap-th-pvp-crystal","26":"product_tag-purcharse-cheap-th-pvp-crystal","27":"product_tag-shop-cheap-th-pvp-crystal","28":"product_tag-top-quality","29":"product_tag-where-to-buy-cheap-th-pvp-crystal","30":"product_tag-where-to-order-cheap-th-pvp-crystal","31":"product_tag-wholesale-cheap-th-pvp-crystal","32":"desktop-align-left","33":"tablet-align-left","34":"mobile-align-left","35":"ast-product-gallery-layout-horizontal","36":"ast-product-gallery-with-no-image","37":"ast-product-single-variable","38":"ast-product-tabs-layout-horizontal","39":"ast-qv-on-image","41":"first","42":"instock","43":"shipping-taxable","44":"purchasable","45":"product-type-variable"},"yoast_head":"<!-- This site is optimized with the Yoast SEO plugin v25.9 - https:\/\/yoast.com\/wordpress\/plugins\/seo\/ -->\n<title>TH-PVP Crystal for Sale - Order TH-PVP Crystal Online | LG<\/title>\n<meta name=\"description\" content=\"Get TH-PVP crystal for sale at one of the best online stores Legitgrams. We will help you buy TH-PVP crystal online of high quality. Don&#039;t delay to place your order and take advantage of the newest discounts!\" \/>\n<meta name=\"robots\" content=\"index, follow, max-snippet:-1, max-image-preview:large, max-video-preview:-1\" \/>\n<link rel=\"canonical\" href=\"https:\/\/legitgrams.com\/de\/produkt\/billig-th-pvp-kristall\/\" \/>\n<meta property=\"og:locale\" content=\"de_DE\" \/>\n<meta property=\"og:type\" content=\"article\" \/>\n<meta property=\"og:title\" content=\"TH-PVP Crystal for Sale - Order TH-PVP Crystal Online | LG\" \/>\n<meta property=\"og:description\" content=\"Get TH-PVP crystal for sale at one of the best online stores Legitgrams. We will help you buy TH-PVP crystal online of high quality. Don&#039;t delay to place your order and take advantage of the newest discounts!\" \/>\n<meta property=\"og:url\" content=\"https:\/\/legitgrams.com\/de\/produkt\/billig-th-pvp-kristall\/\" \/>\n<meta property=\"og:site_name\" content=\"Legit Grams\" \/>\n<meta property=\"article:modified_time\" content=\"2025-04-04T11:09:27+00:00\" \/>\n<meta property=\"og:image\" content=\"https:\/\/legitgrams.com\/wp-content\/uploads\/2024\/09\/buy-cheap-th-pvp-crystal-online.jpg\" \/>\n\t<meta property=\"og:image:width\" content=\"600\" \/>\n\t<meta property=\"og:image:height\" content=\"600\" \/>\n\t<meta property=\"og:image:type\" content=\"image\/jpeg\" \/>\n<meta name=\"twitter:card\" content=\"summary_large_image\" \/>\n<meta name=\"twitter:label1\" content=\"Gesch\u00e4tzte Lesezeit\" \/>\n\t<meta name=\"twitter:data1\" content=\"2\u00a0Minuten\" \/>\n<script type=\"application\/ld+json\" class=\"yoast-schema-graph\">{\"@context\":\"https:\/\/schema.org\",\"@graph\":[{\"@type\":\"WebPage\",\"@id\":\"https:\/\/legitgrams.com\/product\/cheap-th-pvp-crystal\/\",\"url\":\"https:\/\/legitgrams.com\/product\/cheap-th-pvp-crystal\/\",\"name\":\"TH-PVP Crystal for Sale - Order TH-PVP Crystal Online | LG\",\"isPartOf\":{\"@id\":\"https:\/\/legitgrams.com\/#website\"},\"primaryImageOfPage\":{\"@id\":\"https:\/\/legitgrams.com\/product\/cheap-th-pvp-crystal\/#primaryimage\"},\"image\":{\"@id\":\"https:\/\/legitgrams.com\/product\/cheap-th-pvp-crystal\/#primaryimage\"},\"thumbnailUrl\":\"https:\/\/legitgrams.com\/wp-content\/uploads\/2024\/09\/buy-cheap-th-pvp-crystal-online.jpg\",\"datePublished\":\"2024-09-21T05:24:42+00:00\",\"dateModified\":\"2025-04-04T11:09:27+00:00\",\"description\":\"Get TH-PVP crystal for sale at one of the best online stores Legitgrams. We will help you buy TH-PVP crystal online of high quality. Don't delay to place your order and take advantage of the newest discounts!\",\"breadcrumb\":{\"@id\":\"https:\/\/legitgrams.com\/product\/cheap-th-pvp-crystal\/#breadcrumb\"},\"inLanguage\":\"de\",\"potentialAction\":[{\"@type\":\"ReadAction\",\"target\":[\"https:\/\/legitgrams.com\/product\/cheap-th-pvp-crystal\/\"]}]},{\"@type\":\"ImageObject\",\"inLanguage\":\"de\",\"@id\":\"https:\/\/legitgrams.com\/product\/cheap-th-pvp-crystal\/#primaryimage\",\"url\":\"https:\/\/legitgrams.com\/wp-content\/uploads\/2024\/09\/buy-cheap-th-pvp-crystal-online.jpg\",\"contentUrl\":\"https:\/\/legitgrams.com\/wp-content\/uploads\/2024\/09\/buy-cheap-th-pvp-crystal-online.jpg\",\"width\":600,\"height\":600,\"caption\":\"TH-PVP crystal for Sale\"},{\"@type\":\"BreadcrumbList\",\"@id\":\"https:\/\/legitgrams.com\/product\/cheap-th-pvp-crystal\/#breadcrumb\",\"itemListElement\":[{\"@type\":\"ListItem\",\"position\":1,\"name\":\"Home\",\"item\":\"https:\/\/legitgrams.com\/\"},{\"@type\":\"ListItem\",\"position\":2,\"name\":\"Shop\",\"item\":\"https:\/\/legitgrams.com\/shop\/\"},{\"@type\":\"ListItem\",\"position\":3,\"name\":\"Buy Cheap TH-PVP Crystal Online\"}]},{\"@type\":\"WebSite\",\"@id\":\"https:\/\/legitgrams.com\/#website\",\"url\":\"https:\/\/legitgrams.com\/\",\"name\":\"Legit Grams\",\"description\":\"My WordPress Blog\",\"publisher\":{\"@id\":\"https:\/\/legitgrams.com\/#organization\"},\"potentialAction\":[{\"@type\":\"SearchAction\",\"target\":{\"@type\":\"EntryPoint\",\"urlTemplate\":\"https:\/\/legitgrams.com\/?s={search_term_string}\"},\"query-input\":{\"@type\":\"PropertyValueSpecification\",\"valueRequired\":true,\"valueName\":\"search_term_string\"}}],\"inLanguage\":\"de\"},{\"@type\":\"Organization\",\"@id\":\"https:\/\/legitgrams.com\/#organization\",\"name\":\"Legit Grams\",\"url\":\"https:\/\/legitgrams.com\/\",\"logo\":{\"@type\":\"ImageObject\",\"inLanguage\":\"de\",\"@id\":\"https:\/\/legitgrams.com\/#\/schema\/logo\/image\/\",\"url\":\"https:\/\/legitgrams.com\/wp-content\/uploads\/2024\/09\/main-logo.png\",\"contentUrl\":\"https:\/\/legitgrams.com\/wp-content\/uploads\/2024\/09\/main-logo.png\",\"width\":270,\"height\":75,\"caption\":\"Legit Grams\"},\"image\":{\"@id\":\"https:\/\/legitgrams.com\/#\/schema\/logo\/image\/\"}}]}<\/script>\n<!-- \/ Yoast SEO plugin. -->","yoast_head_json":{"title":"TH-PVP Kristall zu verkaufen - TH-PVP Kristall online bestellen | LG","description":"Holen Sie sich TH-PVP Kristall zum Verkauf in einem der besten Online-Shops Legitgrams. Wir werden Ihnen helfen, TH-PVP Kristall online von hoher Qualit\u00e4t zu kaufen. Z\u00f6gern Sie nicht, Ihre Bestellung aufzugeben und profitieren Sie von den neuesten Rabatten!","robots":{"index":"index","follow":"follow","max-snippet":"max-snippet:-1","max-image-preview":"max-image-preview:large","max-video-preview":"max-video-preview:-1"},"canonical":"https:\/\/legitgrams.com\/de\/produkt\/billig-th-pvp-kristall\/","og_locale":"de_DE","og_type":"article","og_title":"TH-PVP Crystal for Sale - Order TH-PVP Crystal Online | LG","og_description":"Get TH-PVP crystal for sale at one of the best online stores Legitgrams. We will help you buy TH-PVP crystal online of high quality. Don't delay to place your order and take advantage of the newest discounts!","og_url":"https:\/\/legitgrams.com\/de\/produkt\/billig-th-pvp-kristall\/","og_site_name":"Legit Grams","article_modified_time":"2025-04-04T11:09:27+00:00","og_image":[{"width":600,"height":600,"url":"https:\/\/legitgrams.com\/wp-content\/uploads\/2024\/09\/buy-cheap-th-pvp-crystal-online.jpg","type":"image\/jpeg"}],"twitter_card":"summary_large_image","twitter_misc":{"Gesch\u00e4tzte Lesezeit":"2\u00a0Minuten"},"schema":{"@context":"https:\/\/schema.org","@graph":[{"@type":"WebPage","@id":"https:\/\/legitgrams.com\/product\/cheap-th-pvp-crystal\/","url":"https:\/\/legitgrams.com\/product\/cheap-th-pvp-crystal\/","name":"TH-PVP Kristall zu verkaufen - TH-PVP Kristall online bestellen | LG","isPartOf":{"@id":"https:\/\/legitgrams.com\/#website"},"primaryImageOfPage":{"@id":"https:\/\/legitgrams.com\/product\/cheap-th-pvp-crystal\/#primaryimage"},"image":{"@id":"https:\/\/legitgrams.com\/product\/cheap-th-pvp-crystal\/#primaryimage"},"thumbnailUrl":"https:\/\/legitgrams.com\/wp-content\/uploads\/2024\/09\/buy-cheap-th-pvp-crystal-online.jpg","datePublished":"2024-09-21T05:24:42+00:00","dateModified":"2025-04-04T11:09:27+00:00","description":"Holen Sie sich TH-PVP Kristall zum Verkauf in einem der besten Online-Shops Legitgrams. Wir werden Ihnen helfen, TH-PVP Kristall online von hoher Qualit\u00e4t zu kaufen. Z\u00f6gern Sie nicht, Ihre Bestellung aufzugeben und profitieren Sie von den neuesten Rabatten!","breadcrumb":{"@id":"https:\/\/legitgrams.com\/product\/cheap-th-pvp-crystal\/#breadcrumb"},"inLanguage":"de","potentialAction":[{"@type":"ReadAction","target":["https:\/\/legitgrams.com\/product\/cheap-th-pvp-crystal\/"]}]},{"@type":"ImageObject","inLanguage":"de","@id":"https:\/\/legitgrams.com\/product\/cheap-th-pvp-crystal\/#primaryimage","url":"https:\/\/legitgrams.com\/wp-content\/uploads\/2024\/09\/buy-cheap-th-pvp-crystal-online.jpg","contentUrl":"https:\/\/legitgrams.com\/wp-content\/uploads\/2024\/09\/buy-cheap-th-pvp-crystal-online.jpg","width":600,"height":600,"caption":"TH-PVP crystal for Sale"},{"@type":"BreadcrumbList","@id":"https:\/\/legitgrams.com\/product\/cheap-th-pvp-crystal\/#breadcrumb","itemListElement":[{"@type":"ListItem","position":1,"name":"Home","item":"https:\/\/legitgrams.com\/"},{"@type":"ListItem","position":2,"name":"Shop","item":"https:\/\/legitgrams.com\/shop\/"},{"@type":"ListItem","position":3,"name":"Buy Cheap TH-PVP Crystal Online"}]},{"@type":"WebSite","@id":"https:\/\/legitgrams.com\/#website","url":"https:\/\/legitgrams.com\/","name":"Legitimer Grammwert","description":"Mein WordPress-Blog","publisher":{"@id":"https:\/\/legitgrams.com\/#organization"},"potentialAction":[{"@type":"SearchAction","target":{"@type":"EntryPoint","urlTemplate":"https:\/\/legitgrams.com\/?s={search_term_string}"},"query-input":{"@type":"PropertyValueSpecification","valueRequired":true,"valueName":"search_term_string"}}],"inLanguage":"de"},{"@type":"Organization","@id":"https:\/\/legitgrams.com\/#organization","name":"Legitimer Grammwert","url":"https:\/\/legitgrams.com\/","logo":{"@type":"ImageObject","inLanguage":"de","@id":"https:\/\/legitgrams.com\/#\/schema\/logo\/image\/","url":"https:\/\/legitgrams.com\/wp-content\/uploads\/2024\/09\/main-logo.png","contentUrl":"https:\/\/legitgrams.com\/wp-content\/uploads\/2024\/09\/main-logo.png","width":270,"height":75,"caption":"Legit Grams"},"image":{"@id":"https:\/\/legitgrams.com\/#\/schema\/logo\/image\/"}}]}},"uagb_featured_image_src":{"full":["https:\/\/legitgrams.com\/wp-content\/uploads\/2024\/09\/buy-cheap-th-pvp-crystal-online.jpg",600,600,false],"thumbnail":["https:\/\/legitgrams.com\/wp-content\/uploads\/2024\/09\/buy-cheap-th-pvp-crystal-online-150x150.jpg",150,150,true],"medium":["https:\/\/legitgrams.com\/wp-content\/uploads\/2024\/09\/buy-cheap-th-pvp-crystal-online-300x300.jpg",300,300,true],"medium_large":["https:\/\/legitgrams.com\/wp-content\/uploads\/2024\/09\/buy-cheap-th-pvp-crystal-online.jpg",600,600,false],"large":["https:\/\/legitgrams.com\/wp-content\/uploads\/2024\/09\/buy-cheap-th-pvp-crystal-online.jpg",600,600,false],"1536x1536":["https:\/\/legitgrams.com\/wp-content\/uploads\/2024\/09\/buy-cheap-th-pvp-crystal-online.jpg",600,600,false],"2048x2048":["https:\/\/legitgrams.com\/wp-content\/uploads\/2024\/09\/buy-cheap-th-pvp-crystal-online.jpg",600,600,false],"trp-custom-language-flag":["https:\/\/legitgrams.com\/wp-content\/uploads\/2024\/09\/buy-cheap-th-pvp-crystal-online-12x12.jpg",12,12,true],"woocommerce_thumbnail":["https:\/\/legitgrams.com\/wp-content\/uploads\/2024\/09\/buy-cheap-th-pvp-crystal-online-300x300.jpg",300,300,true],"woocommerce_single":["https:\/\/legitgrams.com\/wp-content\/uploads\/2024\/09\/buy-cheap-th-pvp-crystal-online.jpg",600,600,false],"woocommerce_gallery_thumbnail":["https:\/\/legitgrams.com\/wp-content\/uploads\/2024\/09\/buy-cheap-th-pvp-crystal-online-100x100.jpg",100,100,true]},"uagb_author_info":{"display_name":"cokeblog18","author_link":"https:\/\/legitgrams.com\/de\/author\/"},"uagb_comment_info":0,"uagb_excerpt":"For Sale: TH-PVP crystal Purchase the TH-PVP online from what is perhaps the world&#8217;s best office shipping company.TH-PVP functions similarly to a-PVP as an energizer. The paucity of information now available considerably expands the scope of research on this chemical. We are regarded as the top supplier of Chinese TH-PVP and the best TH-PVP Reddit&hellip;","_links":{"self":[{"href":"https:\/\/legitgrams.com\/de\/wp-json\/wp\/v2\/product\/3964","targetHints":{"allow":["GET"]}}],"collection":[{"href":"https:\/\/legitgrams.com\/de\/wp-json\/wp\/v2\/product"}],"about":[{"href":"https:\/\/legitgrams.com\/de\/wp-json\/wp\/v2\/types\/product"}],"replies":[{"embeddable":true,"href":"https:\/\/legitgrams.com\/de\/wp-json\/wp\/v2\/comments?post=3964"}],"wp:featuredmedia":[{"embeddable":true,"href":"https:\/\/legitgrams.com\/de\/wp-json\/wp\/v2\/media\/5270"}],"wp:attachment":[{"href":"https:\/\/legitgrams.com\/de\/wp-json\/wp\/v2\/media?parent=3964"}],"wp:term":[{"taxonomy":"product_brand","embeddable":true,"href":"https:\/\/legitgrams.com\/de\/wp-json\/wp\/v2\/product_brand?post=3964"},{"taxonomy":"product_cat","embeddable":true,"href":"https:\/\/legitgrams.com\/de\/wp-json\/wp\/v2\/product_cat?post=3964"},{"taxonomy":"product_tag","embeddable":true,"href":"https:\/\/legitgrams.com\/de\/wp-json\/wp\/v2\/product_tag?post=3964"}],"curies":[{"name":"wp","href":"https:\/\/api.w.org\/{rel}","templated":true}]}}