{"id":3969,"date":"2024-09-21T05:55:08","date_gmt":"2024-09-21T05:55:08","guid":{"rendered":"https:\/\/legitgrams.com\/?post_type=product&#038;p=3969"},"modified":"2025-01-14T04:15:40","modified_gmt":"2025-01-14T04:15:40","slug":"fentanyl-injektionen","status":"publish","type":"product","link":"https:\/\/legitgrams.com\/de\/produkt\/fentanyl-injektionen\/","title":{"rendered":"Fentanyl-Injektionen"},"content":{"rendered":"<h2>Fentanyl-Injektionen zu verkaufen<\/h2>\n<p><a href=\"https:\/\/legitgrams.com\/de\/produkt\/fentanyl-injektionen\/\">Fentanyl-Injektionen<\/a> werden zur Linderung starker Schmerzen w\u00e4hrend und nach Operationen eingesetzt. Vor oder w\u00e4hrend der Operation wird es auch in Kombination mit anderen Medikamenten eingesetzt, um die Wirksamkeit der Narkose oder der Schmerzlinderung zu erh\u00f6hen.<\/p>\n<p>Fentanyl geh\u00f6rt zur Gruppe der narkotischen Analgetika oder Schmerzmittel. Seine Wirkung auf das Gehirn oder das zentrale Nervensystem (ZNS) f\u00fchrt zur Schmerzlinderung. Einige Nebenwirkungen wie Schl\u00e4frigkeit oder Benommenheit werden ebenfalls durch Wirkungen auf das zentrale Nervensystem verursacht. <a href=\"https:\/\/legitgrams.com\/de\/\">LegitGrams<\/a><\/p>\n<p>Der Online-Kauf von Injektionspr\u00e4paraten, Fentanyl und Injektionspr\u00e4paraten ist problemlos m\u00f6glich. Fentanyl-Injektionen k\u00f6nnen online bei Anbietern mit sicherer Lieferung in den USA, Kanada und dem Vereinigten K\u00f6nigreich gekauft werden. Wo kann man Fentanyl-Injektionen online kaufen?<\/p>\n<p>Fentanyl-Injektionen sind immer noch erh\u00e4ltlich. Ist es in den USA legal, Fentanyl-Injektionen online zu erhalten? Wie l\u00e4uft die Bestellung von Fentanyl-Injektionen ab?<\/p>\n<p>Online-K\u00e4ufe von injizierbaren Arzneimitteln, <a href=\"https:\/\/en.wikipedia.org\/wiki\/Fentanyl\">Fentanyl<\/a>und Injektionspr\u00e4parate sind alle leicht erh\u00e4ltlich. Fentanyl-Injektionen k\u00f6nnen online bei H\u00e4ndlern mit sicherer Lieferung in den Vereinigten Staaten, Kanada und dem Vereinigten K\u00f6nigreich gekauft werden. Wo kann man Fentanyl-Injektionen online kaufen? Fentanyl-Injektionen sind immer noch erh\u00e4ltlich. Ist es in den USA legal, Fentanyl-Injektionen online zu erhalten? Wie l\u00e4uft die Bestellung von Fentanyl-Injektionen ab? Ist die Injektion von Fentanyl in Kanada legal?<\/p>","protected":false},"excerpt":{"rendered":"<p>Injections of fentanyl for sale Fentanyl injections are used to relieve severe pain during and after surgery. Before or during surgery, it is also used in combination with other medications to increase the effectiveness of anesthetic, or pain relief. Fentanyl belongs to the group of drugs called narcotic analgesics, or painkillers. Its effects on the &hellip;<\/p>\n<p class=\"read-more\"> <a class=\"\" href=\"https:\/\/legitgrams.com\/de\/produkt\/fentanyl-injektionen\/\"> <span class=\"screen-reader-text\">Fentanyl-Injektionen<\/span> Mehr lesen \"<\/a><\/p>","protected":false},"featured_media":5275,"comment_status":"open","ping_status":"closed","template":"","meta":{"_uag_custom_page_level_css":"","site-sidebar-layout":"default","site-content-layout":"default","ast-global-header-display":"","ast-main-header-display":"","ast-hfb-above-header-display":"","ast-hfb-below-header-display":"","ast-hfb-mobile-header-display":"","site-post-title":"","ast-breadcrumbs-content":"","ast-featured-img":"","footer-sml-layout":"","theme-transparent-header-meta":"default","adv-header-id-meta":"","stick-header-meta":"default","header-above-stick-meta":"","header-main-stick-meta":"","header-below-stick-meta":"","_joinchat":[]},"product_brand":[],"product_cat":[600],"product_tag":[3337,3327,617,3319,3334,3318,3322,3321,3329,3320,3330,3332,3339,3340,3338,3335,3331,3326,3324,3336,3333,625,3325,3328,3323],"class_list":{"0":"post-3969","1":"product","2":"type-product","3":"status-publish","4":"has-post-thumbnail","6":"product_cat-research-chemicals-and-bath-salt","7":"product_tag-best-cheap-price-fentanyl-injections","8":"product_tag-best-place-to-buy-fentanyl-injections","9":"product_tag-bulk-online","10":"product_tag-buy-fentanyl-injections","11":"product_tag-cheap-fentanyl-injections","12":"product_tag-fentanyl-injections","13":"product_tag-fentanyl-injections-fentanyl-injections-supplier","14":"product_tag-fentanyl-injections-for-sale","15":"product_tag-fentanyl-injections-legally","16":"product_tag-fentanyl-injections-online","17":"product_tag-fentanyl-injections-price","18":"product_tag-fentanyl-injections-store","19":"product_tag-fentanyl-injections-use","20":"product_tag-fentanyl-injections-wiki","21":"product_tag-fentanyl-injections-worldwide","22":"product_tag-fentanyl-injectionss","23":"product_tag-high-quality-fentanyl-injections","24":"product_tag-how-to-buy-fentanyl-injections","25":"product_tag-order-fentanyl-injections","26":"product_tag-purcharse-fentanyl-injections","27":"product_tag-shop-fentanyl-injections","28":"product_tag-top-quality","29":"product_tag-where-to-buy-fentanyl-injections","30":"product_tag-where-to-order-fentanyl-injections","31":"product_tag-wholesale-fentanyl-injections","32":"desktop-align-left","33":"tablet-align-left","34":"mobile-align-left","35":"ast-product-gallery-layout-horizontal","36":"ast-product-gallery-with-no-image","37":"ast-product-single-variable","38":"ast-product-tabs-layout-horizontal","39":"ast-qv-on-image","41":"first","42":"instock","43":"shipping-taxable","44":"purchasable","45":"product-type-variable"},"yoast_head":"<!-- This site is optimized with the Yoast SEO plugin v25.9 - https:\/\/yoast.com\/wordpress\/plugins\/seo\/ -->\n<title>Fentanyl Injections for Sale - Order Fentanyl Injections Online<\/title>\n<meta name=\"description\" content=\"Looking to Buy Fentanyl Injections Online? Discover a seamless platform at our online store where you can buy Fentanyl Injections, ensuring top-grade quality for your research needs.\" \/>\n<meta name=\"robots\" content=\"index, follow, max-snippet:-1, max-image-preview:large, max-video-preview:-1\" \/>\n<link rel=\"canonical\" href=\"https:\/\/legitgrams.com\/de\/produkt\/fentanyl-injektionen\/\" \/>\n<meta property=\"og:locale\" content=\"de_DE\" \/>\n<meta property=\"og:type\" content=\"article\" \/>\n<meta property=\"og:title\" content=\"Fentanyl Injections for Sale - Order Fentanyl Injections Online\" \/>\n<meta property=\"og:description\" content=\"Looking to Buy Fentanyl Injections Online? Discover a seamless platform at our online store where you can buy Fentanyl Injections, ensuring top-grade quality for your research needs.\" \/>\n<meta property=\"og:url\" content=\"https:\/\/legitgrams.com\/de\/produkt\/fentanyl-injektionen\/\" \/>\n<meta property=\"og:site_name\" content=\"Legit Grams\" \/>\n<meta property=\"article:modified_time\" content=\"2025-01-14T04:15:40+00:00\" \/>\n<meta property=\"og:image\" content=\"https:\/\/legitgrams.com\/wp-content\/uploads\/2024\/09\/buy-fentanyl-injections-online.jpg\" \/>\n\t<meta property=\"og:image:width\" content=\"600\" \/>\n\t<meta property=\"og:image:height\" content=\"600\" \/>\n\t<meta property=\"og:image:type\" content=\"image\/jpeg\" \/>\n<meta name=\"twitter:card\" content=\"summary_large_image\" \/>\n<meta name=\"twitter:label1\" content=\"Gesch\u00e4tzte Lesezeit\" \/>\n\t<meta name=\"twitter:data1\" content=\"2\u00a0Minuten\" \/>\n<script type=\"application\/ld+json\" class=\"yoast-schema-graph\">{\"@context\":\"https:\/\/schema.org\",\"@graph\":[{\"@type\":\"WebPage\",\"@id\":\"https:\/\/legitgrams.com\/product\/fentanyl-injections\/\",\"url\":\"https:\/\/legitgrams.com\/product\/fentanyl-injections\/\",\"name\":\"Fentanyl Injections for Sale - Order Fentanyl Injections Online\",\"isPartOf\":{\"@id\":\"https:\/\/legitgrams.com\/#website\"},\"primaryImageOfPage\":{\"@id\":\"https:\/\/legitgrams.com\/product\/fentanyl-injections\/#primaryimage\"},\"image\":{\"@id\":\"https:\/\/legitgrams.com\/product\/fentanyl-injections\/#primaryimage\"},\"thumbnailUrl\":\"https:\/\/legitgrams.com\/wp-content\/uploads\/2024\/09\/buy-fentanyl-injections-online.jpg\",\"datePublished\":\"2024-09-21T05:55:08+00:00\",\"dateModified\":\"2025-01-14T04:15:40+00:00\",\"description\":\"Looking to Buy Fentanyl Injections Online? Discover a seamless platform at our online store where you can buy Fentanyl Injections, ensuring top-grade quality for your research needs.\",\"breadcrumb\":{\"@id\":\"https:\/\/legitgrams.com\/product\/fentanyl-injections\/#breadcrumb\"},\"inLanguage\":\"de\",\"potentialAction\":[{\"@type\":\"ReadAction\",\"target\":[\"https:\/\/legitgrams.com\/product\/fentanyl-injections\/\"]}]},{\"@type\":\"ImageObject\",\"inLanguage\":\"de\",\"@id\":\"https:\/\/legitgrams.com\/product\/fentanyl-injections\/#primaryimage\",\"url\":\"https:\/\/legitgrams.com\/wp-content\/uploads\/2024\/09\/buy-fentanyl-injections-online.jpg\",\"contentUrl\":\"https:\/\/legitgrams.com\/wp-content\/uploads\/2024\/09\/buy-fentanyl-injections-online.jpg\",\"width\":600,\"height\":600,\"caption\":\"Fentanyl injections for sale\"},{\"@type\":\"BreadcrumbList\",\"@id\":\"https:\/\/legitgrams.com\/product\/fentanyl-injections\/#breadcrumb\",\"itemListElement\":[{\"@type\":\"ListItem\",\"position\":1,\"name\":\"Home\",\"item\":\"https:\/\/legitgrams.com\/\"},{\"@type\":\"ListItem\",\"position\":2,\"name\":\"Shop\",\"item\":\"https:\/\/legitgrams.com\/shop\/\"},{\"@type\":\"ListItem\",\"position\":3,\"name\":\"fentanyl injections\"}]},{\"@type\":\"WebSite\",\"@id\":\"https:\/\/legitgrams.com\/#website\",\"url\":\"https:\/\/legitgrams.com\/\",\"name\":\"Legit Grams\",\"description\":\"My WordPress Blog\",\"publisher\":{\"@id\":\"https:\/\/legitgrams.com\/#organization\"},\"potentialAction\":[{\"@type\":\"SearchAction\",\"target\":{\"@type\":\"EntryPoint\",\"urlTemplate\":\"https:\/\/legitgrams.com\/?s={search_term_string}\"},\"query-input\":{\"@type\":\"PropertyValueSpecification\",\"valueRequired\":true,\"valueName\":\"search_term_string\"}}],\"inLanguage\":\"de\"},{\"@type\":\"Organization\",\"@id\":\"https:\/\/legitgrams.com\/#organization\",\"name\":\"Legit Grams\",\"url\":\"https:\/\/legitgrams.com\/\",\"logo\":{\"@type\":\"ImageObject\",\"inLanguage\":\"de\",\"@id\":\"https:\/\/legitgrams.com\/#\/schema\/logo\/image\/\",\"url\":\"https:\/\/legitgrams.com\/wp-content\/uploads\/2024\/09\/main-logo.png\",\"contentUrl\":\"https:\/\/legitgrams.com\/wp-content\/uploads\/2024\/09\/main-logo.png\",\"width\":270,\"height\":75,\"caption\":\"Legit Grams\"},\"image\":{\"@id\":\"https:\/\/legitgrams.com\/#\/schema\/logo\/image\/\"}}]}<\/script>\n<!-- \/ Yoast SEO plugin. -->","yoast_head_json":{"title":"Fentanyl-Injektionen zu verkaufen - Fentanyl-Injektionen online bestellen","description":"M\u00f6chten Sie Fentanyl-Injektionen online kaufen? Entdecken Sie eine nahtlose Plattform in unserem Online-Shop, in dem Sie Fentanyl-Injektionen kaufen k\u00f6nnen, und sichern Sie sich die beste Qualit\u00e4t f\u00fcr Ihren Forschungsbedarf.","robots":{"index":"index","follow":"follow","max-snippet":"max-snippet:-1","max-image-preview":"max-image-preview:large","max-video-preview":"max-video-preview:-1"},"canonical":"https:\/\/legitgrams.com\/de\/produkt\/fentanyl-injektionen\/","og_locale":"de_DE","og_type":"article","og_title":"Fentanyl Injections for Sale - Order Fentanyl Injections Online","og_description":"Looking to Buy Fentanyl Injections Online? Discover a seamless platform at our online store where you can buy Fentanyl Injections, ensuring top-grade quality for your research needs.","og_url":"https:\/\/legitgrams.com\/de\/produkt\/fentanyl-injektionen\/","og_site_name":"Legit Grams","article_modified_time":"2025-01-14T04:15:40+00:00","og_image":[{"width":600,"height":600,"url":"https:\/\/legitgrams.com\/wp-content\/uploads\/2024\/09\/buy-fentanyl-injections-online.jpg","type":"image\/jpeg"}],"twitter_card":"summary_large_image","twitter_misc":{"Gesch\u00e4tzte Lesezeit":"2\u00a0Minuten"},"schema":{"@context":"https:\/\/schema.org","@graph":[{"@type":"WebPage","@id":"https:\/\/legitgrams.com\/product\/fentanyl-injections\/","url":"https:\/\/legitgrams.com\/product\/fentanyl-injections\/","name":"Fentanyl-Injektionen zu verkaufen - Fentanyl-Injektionen online bestellen","isPartOf":{"@id":"https:\/\/legitgrams.com\/#website"},"primaryImageOfPage":{"@id":"https:\/\/legitgrams.com\/product\/fentanyl-injections\/#primaryimage"},"image":{"@id":"https:\/\/legitgrams.com\/product\/fentanyl-injections\/#primaryimage"},"thumbnailUrl":"https:\/\/legitgrams.com\/wp-content\/uploads\/2024\/09\/buy-fentanyl-injections-online.jpg","datePublished":"2024-09-21T05:55:08+00:00","dateModified":"2025-01-14T04:15:40+00:00","description":"M\u00f6chten Sie Fentanyl-Injektionen online kaufen? Entdecken Sie eine nahtlose Plattform in unserem Online-Shop, in dem Sie Fentanyl-Injektionen kaufen k\u00f6nnen, und sichern Sie sich die beste Qualit\u00e4t f\u00fcr Ihren Forschungsbedarf.","breadcrumb":{"@id":"https:\/\/legitgrams.com\/product\/fentanyl-injections\/#breadcrumb"},"inLanguage":"de","potentialAction":[{"@type":"ReadAction","target":["https:\/\/legitgrams.com\/product\/fentanyl-injections\/"]}]},{"@type":"ImageObject","inLanguage":"de","@id":"https:\/\/legitgrams.com\/product\/fentanyl-injections\/#primaryimage","url":"https:\/\/legitgrams.com\/wp-content\/uploads\/2024\/09\/buy-fentanyl-injections-online.jpg","contentUrl":"https:\/\/legitgrams.com\/wp-content\/uploads\/2024\/09\/buy-fentanyl-injections-online.jpg","width":600,"height":600,"caption":"Fentanyl injections for sale"},{"@type":"BreadcrumbList","@id":"https:\/\/legitgrams.com\/product\/fentanyl-injections\/#breadcrumb","itemListElement":[{"@type":"ListItem","position":1,"name":"Home","item":"https:\/\/legitgrams.com\/"},{"@type":"ListItem","position":2,"name":"Shop","item":"https:\/\/legitgrams.com\/shop\/"},{"@type":"ListItem","position":3,"name":"fentanyl injections"}]},{"@type":"WebSite","@id":"https:\/\/legitgrams.com\/#website","url":"https:\/\/legitgrams.com\/","name":"Legitimer Grammwert","description":"Mein WordPress-Blog","publisher":{"@id":"https:\/\/legitgrams.com\/#organization"},"potentialAction":[{"@type":"SearchAction","target":{"@type":"EntryPoint","urlTemplate":"https:\/\/legitgrams.com\/?s={search_term_string}"},"query-input":{"@type":"PropertyValueSpecification","valueRequired":true,"valueName":"search_term_string"}}],"inLanguage":"de"},{"@type":"Organization","@id":"https:\/\/legitgrams.com\/#organization","name":"Legitimer Grammwert","url":"https:\/\/legitgrams.com\/","logo":{"@type":"ImageObject","inLanguage":"de","@id":"https:\/\/legitgrams.com\/#\/schema\/logo\/image\/","url":"https:\/\/legitgrams.com\/wp-content\/uploads\/2024\/09\/main-logo.png","contentUrl":"https:\/\/legitgrams.com\/wp-content\/uploads\/2024\/09\/main-logo.png","width":270,"height":75,"caption":"Legit Grams"},"image":{"@id":"https:\/\/legitgrams.com\/#\/schema\/logo\/image\/"}}]}},"uagb_featured_image_src":{"full":["https:\/\/legitgrams.com\/wp-content\/uploads\/2024\/09\/buy-fentanyl-injections-online.jpg",600,600,false],"thumbnail":["https:\/\/legitgrams.com\/wp-content\/uploads\/2024\/09\/buy-fentanyl-injections-online-150x150.jpg",150,150,true],"medium":["https:\/\/legitgrams.com\/wp-content\/uploads\/2024\/09\/buy-fentanyl-injections-online-300x300.jpg",300,300,true],"medium_large":["https:\/\/legitgrams.com\/wp-content\/uploads\/2024\/09\/buy-fentanyl-injections-online.jpg",600,600,false],"large":["https:\/\/legitgrams.com\/wp-content\/uploads\/2024\/09\/buy-fentanyl-injections-online.jpg",600,600,false],"1536x1536":["https:\/\/legitgrams.com\/wp-content\/uploads\/2024\/09\/buy-fentanyl-injections-online.jpg",600,600,false],"2048x2048":["https:\/\/legitgrams.com\/wp-content\/uploads\/2024\/09\/buy-fentanyl-injections-online.jpg",600,600,false],"trp-custom-language-flag":["https:\/\/legitgrams.com\/wp-content\/uploads\/2024\/09\/buy-fentanyl-injections-online-12x12.jpg",12,12,true],"woocommerce_thumbnail":["https:\/\/legitgrams.com\/wp-content\/uploads\/2024\/09\/buy-fentanyl-injections-online-300x300.jpg",300,300,true],"woocommerce_single":["https:\/\/legitgrams.com\/wp-content\/uploads\/2024\/09\/buy-fentanyl-injections-online.jpg",600,600,false],"woocommerce_gallery_thumbnail":["https:\/\/legitgrams.com\/wp-content\/uploads\/2024\/09\/buy-fentanyl-injections-online-100x100.jpg",100,100,true]},"uagb_author_info":{"display_name":"cokeblog18","author_link":"https:\/\/legitgrams.com\/de\/author\/"},"uagb_comment_info":0,"uagb_excerpt":"Injections of fentanyl for sale Fentanyl injections are used to relieve severe pain during and after surgery. Before or during surgery, it is also used in combination with other medications to increase the effectiveness of anesthetic, or pain relief. Fentanyl belongs to the group of drugs called narcotic analgesics, or painkillers. Its effects on the&hellip;","_links":{"self":[{"href":"https:\/\/legitgrams.com\/de\/wp-json\/wp\/v2\/product\/3969","targetHints":{"allow":["GET"]}}],"collection":[{"href":"https:\/\/legitgrams.com\/de\/wp-json\/wp\/v2\/product"}],"about":[{"href":"https:\/\/legitgrams.com\/de\/wp-json\/wp\/v2\/types\/product"}],"replies":[{"embeddable":true,"href":"https:\/\/legitgrams.com\/de\/wp-json\/wp\/v2\/comments?post=3969"}],"wp:featuredmedia":[{"embeddable":true,"href":"https:\/\/legitgrams.com\/de\/wp-json\/wp\/v2\/media\/5275"}],"wp:attachment":[{"href":"https:\/\/legitgrams.com\/de\/wp-json\/wp\/v2\/media?parent=3969"}],"wp:term":[{"taxonomy":"product_brand","embeddable":true,"href":"https:\/\/legitgrams.com\/de\/wp-json\/wp\/v2\/product_brand?post=3969"},{"taxonomy":"product_cat","embeddable":true,"href":"https:\/\/legitgrams.com\/de\/wp-json\/wp\/v2\/product_cat?post=3969"},{"taxonomy":"product_tag","embeddable":true,"href":"https:\/\/legitgrams.com\/de\/wp-json\/wp\/v2\/product_tag?post=3969"}],"curies":[{"name":"wp","href":"https:\/\/api.w.org\/{rel}","templated":true}]}}