{"id":3982,"date":"2024-09-21T06:21:57","date_gmt":"2024-09-21T06:21:57","guid":{"rendered":"https:\/\/legitgrams.com\/?post_type=product&#038;p=3982"},"modified":"2025-03-07T04:47:12","modified_gmt":"2025-03-07T04:47:12","slug":"3f-phenmetrazin","status":"publish","type":"product","link":"https:\/\/legitgrams.com\/de\/produkt\/3f-phenmetrazin\/","title":{"rendered":"3F-Phenmetrazin online kaufen"},"content":{"rendered":"<h2>Zu verkaufen: 3F-Phenmetrazine<\/h2>\n<p><a href=\"https:\/\/www.bing.com\/search?q=Buy%203F-Phenmetrazine%20Online&amp;qs=n&amp;form=QBRE&amp;sp=-1&amp;lq=0&amp;pq=buy%203f-phenmetrazine%20online&amp;sc=0-27&amp;sk=&amp;cvid=7B44E84959384F4DBD9A9906AC114ADA&amp;ghsh=0&amp;ghacc=0&amp;ghpl=\">3F-Phenmetrazine: 99.8%<\/a> Pure Legal Highs Are Sold by RC-CHEMS.COM!<br \/>\nKaufen Sie <a href=\"https:\/\/legitgrams.com\/de\/produkt\/3f-phenmetrazin\/\">3F-Phenmetrazin<\/a> online von einem angesehenen europ\u00e4ischen professionellen Chemiehersteller mit einer Reinheitsgarantie von mindestens 99,8 %. Wir k\u00f6nnen das COA f\u00fcr jede Charge bereitstellen, die eine unserer Forschungsverbindungen enth\u00e4lt!<\/p>\n<p>Jede Bestelleinheit von <a href=\"https:\/\/en.wikipedia.org\/wiki\/3-Fluorophenmetrazine\">3F-Phenmetrazine's<\/a> Der Wirkstoff enth\u00e4lt mindestens ein Gramm 99,8% reines 3F-Phenmetrazin. Dosierung von 3F-Phenmetrazin Es gibt keine empfohlene Dosierung f\u00fcr 3F-Phenmetrazin, da es sich nur um eine f\u00fcr Forschungszwecke zugelassene Chemikalie handelt und nicht f\u00fcr den menschlichen Verzehr bestimmt ist. Auswirkungen von <a href=\"https:\/\/www.google.com\/search?q=3F-Phenmetrazin+online+kaufen&amp;sca_esv=eddefdb7b92e7545&amp;sxsrf=AHTn8zr04k9yxcIic-AVmdW2tnioQ8dNOQ1743762526072&amp;ei=XrTvZ_6aBLCPseMP2ei4sQw&amp;ved=0ahUKEwj-wcHPlb6MAxWwR2wGHVk0LsYQ4dUDCBA&amp;uact=5&amp;oq=3F-Phenmetrazin+online+kaufen&amp;gs_lp=Egxnd3Mtd2l6LXNlcnAiHTNGLVBoZW5tZXRyYXppbiBvbmxpbmUga2F1ZmVuMgcQIRigARgKSMkEUABYAHAAeACQAQCYAZcCoAGXAqoBAzItMbgBA8gBAPgBAvgBAZgCAaACmgKYAwCSBwMyLTGgB9wCsgcDMi0xuAeaAg&amp;sclient=gws-wiz-serp\">3F-Phenmetrazin<\/a>: Die meisten modernen Medikamente, wie z. B. 3F-Phenmetrazin, haben sogenannte stimulierende, opioid\u00e4hnliche oder halluzinogene therapeutische Wirkungen. Aufgrund des Seitenkettenaustauschs k\u00f6nnen sie zus\u00e4tzlich eine Kombination dieser Effekte zeigen.<\/p>\n<h3>Nebenwirkungen von 3F-Phenmetrazin<\/h3>\n<p>Die Anwendung von 3F-Phenmetrazin kann schwerwiegende Nebenwirkungen haben, da es wie andere Designmedikamente weder klinisch erforscht noch als Produkt f\u00fcr den menschlichen Verzehr zugelassen wurde. Daher ist 3F-Phenmetrazin nicht f\u00fcr den menschlichen Verzehr bestimmt und sollte nur f\u00fcr wissenschaftliche Studien verwendet werden! <a href=\"https:\/\/legitgrams.com\/de\/\">LegitGrams<\/a><\/p>\n<p>erhalten <a href=\"https:\/\/duckduckgo.com\/?q=3F-Phenmetrazin+online+kaufen&amp;t=h_&amp;ia=web\">3F-Phenmetrazin Online<\/a>: Erfahren Sie, wo Sie 3F-Phenmetrazin erhalten, wie Sie es online kaufen und erwerben k\u00f6nnen. Wo kann ich 3F-Phenmetrazin online kaufen? Wo kann ich 3F-Phenmetrazin online kaufen? Wo kann ich 3F-Phenmetrazin online kaufen? Wo kann ich 3F-Phenmetrazin online kaufen? Wo kann ich 3F-Phenmetrazin online kaufen? Kanada, USA oder Gro\u00dfbritannien? Kauf, Internet, Anbieter, sicherer Versand \u2013 3F-Phenmetrazin ist weiterhin erh\u00e4ltlich. Ist der Kauf von 3F-Phenmetrazin in den USA legal? Wie kann ich 3F-Phenmetrazin online beziehen? Ist 3F-Phenmetrazin in Kanada zugelassen?<\/p>","protected":false},"excerpt":{"rendered":"<p>For Sale: 3F-Phenmetrazines 3F-Phenmetrazine: 99.8% Pure Legal Highs Are Sold by RC-CHEMS.COM! Purchase 3F-Phenmetrazine online from a respectable European professional chemical manufacturer with a purity guarantee of at least 99.8%. We are able to provide the COA for each batch that contains any of our research compounds! Every order unit of 3F-phenmetrazine&#8217;s active ingredient includes &hellip;<\/p>\n<p class=\"read-more\"> <a class=\"\" href=\"https:\/\/legitgrams.com\/de\/produkt\/3f-phenmetrazin\/\"> <span class=\"screen-reader-text\">3F-Phenmetrazin online kaufen<\/span> Mehr lesen \"<\/a><\/p>","protected":false},"featured_media":5257,"comment_status":"open","ping_status":"closed","template":"","meta":{"_uag_custom_page_level_css":"","site-sidebar-layout":"default","site-content-layout":"default","ast-global-header-display":"","ast-main-header-display":"","ast-hfb-above-header-display":"","ast-hfb-below-header-display":"","ast-hfb-mobile-header-display":"","site-post-title":"","ast-breadcrumbs-content":"","ast-featured-img":"","footer-sml-layout":"","theme-transparent-header-meta":"default","adv-header-id-meta":"","stick-header-meta":"default","header-above-stick-meta":"","header-main-stick-meta":"","header-below-stick-meta":"","_joinchat":[]},"product_brand":[],"product_cat":[600],"product_tag":[3226,3230,3229,3237,3228,3238,3240,3247,3248,3246,3243,3245,3235,617,3227,3242,3239,3234,3232,3244,3241,625,3233,3236,3231],"class_list":{"0":"post-3982","1":"product","2":"type-product","3":"status-publish","4":"has-post-thumbnail","6":"product_cat-research-chemicals-and-bath-salt","7":"product_tag-3f-phenmetrazine","8":"product_tag-3f-phenmetrazine-3f-phenmetrazine-supplier","9":"product_tag-3f-phenmetrazine-for-sale","10":"product_tag-3f-phenmetrazine-legally","11":"product_tag-3f-phenmetrazine-online","12":"product_tag-3f-phenmetrazine-price","13":"product_tag-3f-phenmetrazine-store","14":"product_tag-3f-phenmetrazine-use","15":"product_tag-3f-phenmetrazine-wiki","16":"product_tag-3f-phenmetrazine-worldwide","17":"product_tag-3f-phenmetrazines","18":"product_tag-best-cheap-price-3f-phenmetrazine","19":"product_tag-best-place-to-buy-3f-phenmetrazine","20":"product_tag-bulk-online","21":"product_tag-buy-3f-phenmetrazine","22":"product_tag-cheap-3f-phenmetrazine","23":"product_tag-high-quality-3f-phenmetrazine","24":"product_tag-how-to-buy-3f-phenmetrazine","25":"product_tag-order-3f-phenmetrazine","26":"product_tag-purcharse-3f-phenmetrazine","27":"product_tag-shop-3f-phenmetrazine","28":"product_tag-top-quality","29":"product_tag-where-to-buy-3f-phenmetrazine","30":"product_tag-where-to-order-3f-phenmetrazine","31":"product_tag-wholesale-3f-phenmetrazine","32":"desktop-align-left","33":"tablet-align-left","34":"mobile-align-left","35":"ast-product-gallery-layout-horizontal","36":"ast-product-gallery-with-no-image","37":"ast-product-single-variable","38":"ast-product-tabs-layout-horizontal","39":"ast-qv-on-image","41":"first","42":"instock","43":"shipping-taxable","44":"purchasable","45":"product-type-variable"},"yoast_head":"<!-- This site is optimized with the Yoast SEO plugin v25.9 - https:\/\/yoast.com\/wordpress\/plugins\/seo\/ -->\n<title>3F-Phenmetrazines for Sale - 3F-Phenmetrazine Powder Online<\/title>\n<meta name=\"description\" content=\"At our LegitGrams store, you can get 3F-Phenmetrazines powder for sale at cheap price. We deal with the A-grade quality product only. Buy 3F-Phenmetrazines online from our store now with fast &amp; secure shipping service.\" \/>\n<meta name=\"robots\" content=\"index, follow, max-snippet:-1, max-image-preview:large, max-video-preview:-1\" \/>\n<link rel=\"canonical\" href=\"https:\/\/legitgrams.com\/de\/produkt\/3f-phenmetrazin\/\" \/>\n<meta property=\"og:locale\" content=\"de_DE\" \/>\n<meta property=\"og:type\" content=\"article\" \/>\n<meta property=\"og:title\" content=\"3F-Phenmetrazines for Sale - 3F-Phenmetrazine Powder Online\" \/>\n<meta property=\"og:description\" content=\"At our LegitGrams store, you can get 3F-Phenmetrazines powder for sale at cheap price. We deal with the A-grade quality product only. Buy 3F-Phenmetrazines online from our store now with fast &amp; secure shipping service.\" \/>\n<meta property=\"og:url\" content=\"https:\/\/legitgrams.com\/de\/produkt\/3f-phenmetrazin\/\" \/>\n<meta property=\"og:site_name\" content=\"Legit Grams\" \/>\n<meta property=\"article:modified_time\" content=\"2025-03-07T04:47:12+00:00\" \/>\n<meta property=\"og:image\" content=\"https:\/\/legitgrams.com\/wp-content\/uploads\/2024\/09\/3f-phenmetrazin.jpg\" \/>\n\t<meta property=\"og:image:width\" content=\"600\" \/>\n\t<meta property=\"og:image:height\" content=\"600\" \/>\n\t<meta property=\"og:image:type\" content=\"image\/jpeg\" \/>\n<meta name=\"twitter:card\" content=\"summary_large_image\" \/>\n<meta name=\"twitter:label1\" content=\"Gesch\u00e4tzte Lesezeit\" \/>\n\t<meta name=\"twitter:data1\" content=\"2\u00a0Minuten\" \/>\n<script type=\"application\/ld+json\" class=\"yoast-schema-graph\">{\"@context\":\"https:\/\/schema.org\",\"@graph\":[{\"@type\":\"WebPage\",\"@id\":\"https:\/\/legitgrams.com\/product\/3f-phenmetrazine\/\",\"url\":\"https:\/\/legitgrams.com\/product\/3f-phenmetrazine\/\",\"name\":\"3F-Phenmetrazines for Sale - 3F-Phenmetrazine Powder Online\",\"isPartOf\":{\"@id\":\"https:\/\/legitgrams.com\/#website\"},\"primaryImageOfPage\":{\"@id\":\"https:\/\/legitgrams.com\/product\/3f-phenmetrazine\/#primaryimage\"},\"image\":{\"@id\":\"https:\/\/legitgrams.com\/product\/3f-phenmetrazine\/#primaryimage\"},\"thumbnailUrl\":\"https:\/\/legitgrams.com\/wp-content\/uploads\/2024\/09\/3f-phenmetrazin.jpg\",\"datePublished\":\"2024-09-21T06:21:57+00:00\",\"dateModified\":\"2025-03-07T04:47:12+00:00\",\"description\":\"At our LegitGrams store, you can get 3F-Phenmetrazines powder for sale at cheap price. We deal with the A-grade quality product only. Buy 3F-Phenmetrazines online from our store now with fast & secure shipping service.\",\"breadcrumb\":{\"@id\":\"https:\/\/legitgrams.com\/product\/3f-phenmetrazine\/#breadcrumb\"},\"inLanguage\":\"de\",\"potentialAction\":[{\"@type\":\"ReadAction\",\"target\":[\"https:\/\/legitgrams.com\/product\/3f-phenmetrazine\/\"]}]},{\"@type\":\"ImageObject\",\"inLanguage\":\"de\",\"@id\":\"https:\/\/legitgrams.com\/product\/3f-phenmetrazine\/#primaryimage\",\"url\":\"https:\/\/legitgrams.com\/wp-content\/uploads\/2024\/09\/3f-phenmetrazin.jpg\",\"contentUrl\":\"https:\/\/legitgrams.com\/wp-content\/uploads\/2024\/09\/3f-phenmetrazin.jpg\",\"width\":600,\"height\":600,\"caption\":\"3F-Phenmetrazines for Sale\"},{\"@type\":\"BreadcrumbList\",\"@id\":\"https:\/\/legitgrams.com\/product\/3f-phenmetrazine\/#breadcrumb\",\"itemListElement\":[{\"@type\":\"ListItem\",\"position\":1,\"name\":\"Home\",\"item\":\"https:\/\/legitgrams.com\/\"},{\"@type\":\"ListItem\",\"position\":2,\"name\":\"Shop\",\"item\":\"https:\/\/legitgrams.com\/shop\/\"},{\"@type\":\"ListItem\",\"position\":3,\"name\":\"Buy 3F-Phenmetrazine Online\"}]},{\"@type\":\"WebSite\",\"@id\":\"https:\/\/legitgrams.com\/#website\",\"url\":\"https:\/\/legitgrams.com\/\",\"name\":\"Legit Grams\",\"description\":\"My WordPress Blog\",\"publisher\":{\"@id\":\"https:\/\/legitgrams.com\/#organization\"},\"potentialAction\":[{\"@type\":\"SearchAction\",\"target\":{\"@type\":\"EntryPoint\",\"urlTemplate\":\"https:\/\/legitgrams.com\/?s={search_term_string}\"},\"query-input\":{\"@type\":\"PropertyValueSpecification\",\"valueRequired\":true,\"valueName\":\"search_term_string\"}}],\"inLanguage\":\"de\"},{\"@type\":\"Organization\",\"@id\":\"https:\/\/legitgrams.com\/#organization\",\"name\":\"Legit Grams\",\"url\":\"https:\/\/legitgrams.com\/\",\"logo\":{\"@type\":\"ImageObject\",\"inLanguage\":\"de\",\"@id\":\"https:\/\/legitgrams.com\/#\/schema\/logo\/image\/\",\"url\":\"https:\/\/legitgrams.com\/wp-content\/uploads\/2024\/09\/main-logo.png\",\"contentUrl\":\"https:\/\/legitgrams.com\/wp-content\/uploads\/2024\/09\/main-logo.png\",\"width\":270,\"height\":75,\"caption\":\"Legit Grams\"},\"image\":{\"@id\":\"https:\/\/legitgrams.com\/#\/schema\/logo\/image\/\"}}]}<\/script>\n<!-- \/ Yoast SEO plugin. -->","yoast_head_json":{"title":"3F-Phenmetrazine zu verkaufen - 3F-Phenmetrazin Pulver Online","description":"In unserem LegitGrams Shop k\u00f6nnen Sie 3F-Phenmetrazine Pulver zum Verkauf zu g\u00fcnstigen Preisen erhalten. Wir besch\u00e4ftigen uns mit der A-Grade-Qualit\u00e4t Produkt nur. Kaufen Sie 3F-Phenmetrazine online von unserem Shop jetzt mit schnellen &amp; sicheren Versand-Service.","robots":{"index":"index","follow":"follow","max-snippet":"max-snippet:-1","max-image-preview":"max-image-preview:large","max-video-preview":"max-video-preview:-1"},"canonical":"https:\/\/legitgrams.com\/de\/produkt\/3f-phenmetrazin\/","og_locale":"de_DE","og_type":"article","og_title":"3F-Phenmetrazines for Sale - 3F-Phenmetrazine Powder Online","og_description":"At our LegitGrams store, you can get 3F-Phenmetrazines powder for sale at cheap price. We deal with the A-grade quality product only. Buy 3F-Phenmetrazines online from our store now with fast & secure shipping service.","og_url":"https:\/\/legitgrams.com\/de\/produkt\/3f-phenmetrazin\/","og_site_name":"Legit Grams","article_modified_time":"2025-03-07T04:47:12+00:00","og_image":[{"width":600,"height":600,"url":"https:\/\/legitgrams.com\/wp-content\/uploads\/2024\/09\/3f-phenmetrazin.jpg","type":"image\/jpeg"}],"twitter_card":"summary_large_image","twitter_misc":{"Gesch\u00e4tzte Lesezeit":"2\u00a0Minuten"},"schema":{"@context":"https:\/\/schema.org","@graph":[{"@type":"WebPage","@id":"https:\/\/legitgrams.com\/product\/3f-phenmetrazine\/","url":"https:\/\/legitgrams.com\/product\/3f-phenmetrazine\/","name":"3F-Phenmetrazine zu verkaufen - 3F-Phenmetrazin Pulver Online","isPartOf":{"@id":"https:\/\/legitgrams.com\/#website"},"primaryImageOfPage":{"@id":"https:\/\/legitgrams.com\/product\/3f-phenmetrazine\/#primaryimage"},"image":{"@id":"https:\/\/legitgrams.com\/product\/3f-phenmetrazine\/#primaryimage"},"thumbnailUrl":"https:\/\/legitgrams.com\/wp-content\/uploads\/2024\/09\/3f-phenmetrazin.jpg","datePublished":"2024-09-21T06:21:57+00:00","dateModified":"2025-03-07T04:47:12+00:00","description":"In unserem LegitGrams Shop k\u00f6nnen Sie 3F-Phenmetrazine Pulver zum Verkauf zu g\u00fcnstigen Preisen erhalten. Wir besch\u00e4ftigen uns mit der A-Grade-Qualit\u00e4t Produkt nur. Kaufen Sie 3F-Phenmetrazine online von unserem Shop jetzt mit schnellen &amp; sicheren Versand-Service.","breadcrumb":{"@id":"https:\/\/legitgrams.com\/product\/3f-phenmetrazine\/#breadcrumb"},"inLanguage":"de","potentialAction":[{"@type":"ReadAction","target":["https:\/\/legitgrams.com\/product\/3f-phenmetrazine\/"]}]},{"@type":"ImageObject","inLanguage":"de","@id":"https:\/\/legitgrams.com\/product\/3f-phenmetrazine\/#primaryimage","url":"https:\/\/legitgrams.com\/wp-content\/uploads\/2024\/09\/3f-phenmetrazin.jpg","contentUrl":"https:\/\/legitgrams.com\/wp-content\/uploads\/2024\/09\/3f-phenmetrazin.jpg","width":600,"height":600,"caption":"3F-Phenmetrazines for Sale"},{"@type":"BreadcrumbList","@id":"https:\/\/legitgrams.com\/product\/3f-phenmetrazine\/#breadcrumb","itemListElement":[{"@type":"ListItem","position":1,"name":"Home","item":"https:\/\/legitgrams.com\/"},{"@type":"ListItem","position":2,"name":"Shop","item":"https:\/\/legitgrams.com\/shop\/"},{"@type":"ListItem","position":3,"name":"Buy 3F-Phenmetrazine Online"}]},{"@type":"WebSite","@id":"https:\/\/legitgrams.com\/#website","url":"https:\/\/legitgrams.com\/","name":"Legitimer Grammwert","description":"Mein WordPress-Blog","publisher":{"@id":"https:\/\/legitgrams.com\/#organization"},"potentialAction":[{"@type":"SearchAction","target":{"@type":"EntryPoint","urlTemplate":"https:\/\/legitgrams.com\/?s={search_term_string}"},"query-input":{"@type":"PropertyValueSpecification","valueRequired":true,"valueName":"search_term_string"}}],"inLanguage":"de"},{"@type":"Organization","@id":"https:\/\/legitgrams.com\/#organization","name":"Legitimer Grammwert","url":"https:\/\/legitgrams.com\/","logo":{"@type":"ImageObject","inLanguage":"de","@id":"https:\/\/legitgrams.com\/#\/schema\/logo\/image\/","url":"https:\/\/legitgrams.com\/wp-content\/uploads\/2024\/09\/main-logo.png","contentUrl":"https:\/\/legitgrams.com\/wp-content\/uploads\/2024\/09\/main-logo.png","width":270,"height":75,"caption":"Legit Grams"},"image":{"@id":"https:\/\/legitgrams.com\/#\/schema\/logo\/image\/"}}]}},"uagb_featured_image_src":{"full":["https:\/\/legitgrams.com\/wp-content\/uploads\/2024\/09\/3f-phenmetrazin.jpg",600,600,false],"thumbnail":["https:\/\/legitgrams.com\/wp-content\/uploads\/2024\/09\/3f-phenmetrazin-150x150.jpg",150,150,true],"medium":["https:\/\/legitgrams.com\/wp-content\/uploads\/2024\/09\/3f-phenmetrazin-300x300.jpg",300,300,true],"medium_large":["https:\/\/legitgrams.com\/wp-content\/uploads\/2024\/09\/3f-phenmetrazin.jpg",600,600,false],"large":["https:\/\/legitgrams.com\/wp-content\/uploads\/2024\/09\/3f-phenmetrazin.jpg",600,600,false],"1536x1536":["https:\/\/legitgrams.com\/wp-content\/uploads\/2024\/09\/3f-phenmetrazin.jpg",600,600,false],"2048x2048":["https:\/\/legitgrams.com\/wp-content\/uploads\/2024\/09\/3f-phenmetrazin.jpg",600,600,false],"trp-custom-language-flag":["https:\/\/legitgrams.com\/wp-content\/uploads\/2024\/09\/3f-phenmetrazin-12x12.jpg",12,12,true],"woocommerce_thumbnail":["https:\/\/legitgrams.com\/wp-content\/uploads\/2024\/09\/3f-phenmetrazin-300x300.jpg",300,300,true],"woocommerce_single":["https:\/\/legitgrams.com\/wp-content\/uploads\/2024\/09\/3f-phenmetrazin.jpg",600,600,false],"woocommerce_gallery_thumbnail":["https:\/\/legitgrams.com\/wp-content\/uploads\/2024\/09\/3f-phenmetrazin-100x100.jpg",100,100,true]},"uagb_author_info":{"display_name":"cokeblog18","author_link":"https:\/\/legitgrams.com\/de\/author\/"},"uagb_comment_info":8,"uagb_excerpt":"For Sale: 3F-Phenmetrazines 3F-Phenmetrazine: 99.8% Pure Legal Highs Are Sold by RC-CHEMS.COM! Purchase 3F-Phenmetrazine online from a respectable European professional chemical manufacturer with a purity guarantee of at least 99.8%. We are able to provide the COA for each batch that contains any of our research compounds! Every order unit of 3F-phenmetrazine&#8217;s active ingredient includes&hellip;","_links":{"self":[{"href":"https:\/\/legitgrams.com\/de\/wp-json\/wp\/v2\/product\/3982","targetHints":{"allow":["GET"]}}],"collection":[{"href":"https:\/\/legitgrams.com\/de\/wp-json\/wp\/v2\/product"}],"about":[{"href":"https:\/\/legitgrams.com\/de\/wp-json\/wp\/v2\/types\/product"}],"replies":[{"embeddable":true,"href":"https:\/\/legitgrams.com\/de\/wp-json\/wp\/v2\/comments?post=3982"}],"wp:featuredmedia":[{"embeddable":true,"href":"https:\/\/legitgrams.com\/de\/wp-json\/wp\/v2\/media\/5257"}],"wp:attachment":[{"href":"https:\/\/legitgrams.com\/de\/wp-json\/wp\/v2\/media?parent=3982"}],"wp:term":[{"taxonomy":"product_brand","embeddable":true,"href":"https:\/\/legitgrams.com\/de\/wp-json\/wp\/v2\/product_brand?post=3982"},{"taxonomy":"product_cat","embeddable":true,"href":"https:\/\/legitgrams.com\/de\/wp-json\/wp\/v2\/product_cat?post=3982"},{"taxonomy":"product_tag","embeddable":true,"href":"https:\/\/legitgrams.com\/de\/wp-json\/wp\/v2\/product_tag?post=3982"}],"curies":[{"name":"wp","href":"https:\/\/api.w.org\/{rel}","templated":true}]}}