{"id":3985,"date":"2024-09-21T06:51:37","date_gmt":"2024-09-21T06:51:37","guid":{"rendered":"https:\/\/legitgrams.com\/?post_type=product&#038;p=3985"},"modified":"2025-01-11T11:05:10","modified_gmt":"2025-01-11T11:05:10","slug":"4-fa-pulver-1-oz-rein","status":"publish","type":"product","link":"https:\/\/legitgrams.com\/de\/produkt\/4-fa-pulver-1-oz-rein\/","title":{"rendered":"4-FA-Pulver 1 Unze rein"},"content":{"rendered":"<h2>4-FA-Pulver zum Kauf erh\u00e4ltlich<\/h2>\n<p><a href=\"https:\/\/legitgrams.com\/de\/produkt\/4-fa-pulver-1-oz-rein\/\">4-FA (4-Fluoramphetamin)<\/a>, ein Medikament, das Amphetamin \u00e4hnelt, ist seit kurzem in den Niederlanden erh\u00e4ltlich. Von 2007 bis 2009 waren seine Hauptformen Speed \u200b\u200boder MDMA. Aufgrund eines Mangels an Rohstoffen f\u00fcr diese Wirkstoffe wurde 4-FA damals als Streckmittel verwendet. Seit 2010 vermarkten Einzelh\u00e4ndler 4-FA jedoch zunehmend als 4-FA, was darauf hindeutet, dass die Verbraucher es als \u201eMedikament der Wahl\u201c betrachten.<\/p>\n<p><a href=\"https:\/\/en.wikipedia.org\/wiki\/4-Fluoroamphetamine\">4-FA<\/a> ist auch als Flux, 4-FMP, 4-Fluor, 4-Flava und 4-F bekannt. Dieses Medikament wird als neue psychoaktive Substanz (NPS) eingestuft. Dabei handelt es sich um neu entwickelte Chemikalien, die seit Kurzem anstelle traditioneller illegaler Narkotika erh\u00e4ltlich sind. NPS sind auch als Forschungssynthetika oder Originalmedikamente bekannt. Eine kleine \u00c4nderung der aktuellen chemischen Struktur f\u00fchrt zu einer \u00c4nderung der Nomenklatur der Substanz; sie ist daher nicht mehr durch das Opiumgesetz gesch\u00fctzt und verboten. Dies macht es schwieriger, Eigentum, Transaktionen und Herstellung zu unterbinden. <a href=\"https:\/\/en.wikipedia.org\/\">LegitGrams<\/a><\/p>\n<p>Die beiden beliebtesten Formen von 4-FA sind Pulver und Pillen. Die Darreichungsform f\u00fcr 4-FA ist die orale Verabreichung. Verbraucher k\u00f6nnen es in einem Getr\u00e4nk aufl\u00f6sen oder das Pulver in eine Dose oder ein bewegliches Papier (Bombe) f\u00fcllen. Die Unterschiede zwischen 4-FA-Dosen, 4-FA-Pulver und 4-FA-Pillen sind minimal.<\/p>\n<p>Beh\u00e4lter werden aus vielen Materialien hergestellt und k\u00f6nnen schlicht oder bunt sein. Beh\u00e4lter k\u00f6nnen aus einem langweiligen oder ansprechenden Material hergestellt sein und sie k\u00f6nnen schlicht oder bunt sein. Ein Beh\u00e4lter kann mit mehreren Chemikalien gef\u00fcllt sein. 4-FA, zusammen mit anderen Substanzen wie Amphetamin (Speed), MDMA, Kaffee oder gar nichts. Einige Dinge aus cleveren L\u00e4den sind auch in Beh\u00e4ltern. Die Beh\u00e4lter werden oft in einen Sack gesteckt und die Packung gibt dann an, was sich darin befindet. Kunden k\u00f6nnen eine Milligrammwaage verwenden, um die genaue Menge abzumessen, wenn sie einen Beh\u00e4lter selbst f\u00fcllen. 4-fa online kaufen.<\/p>\n<p>Wie sich jemand nach der ersten Einnahme von 4-FA f\u00fchlt, wird durch Messungen bestimmt. Um mehr herauszufinden, kann 4-FA w\u00e4hrend der Durchf\u00fchrung eines Tests ausprobiert werden (siehe Men\u00fc). Die Wirkungen der Einnahme von 4-FA treten nach 20 bis 60 Minuten ein. Obwohl die Wirkung von 4-FA 4 bis 8 Stunden dauert, geben einige Verbraucher an, dass es bis zu 12 Stunden dauern kann, bis die Ergebnisse eintreten.<\/p>\n<p>W\u00fctend, pr\u00e4zise, \u200b\u200bpassend und vorsichtig<\/p>\n<p>Gl\u00fccklich, gl\u00fccklich und schillernd<\/p>\n<p>ein starkes Gef\u00fchl der Integration<\/p>\n<p>Das kraftvolle Gef\u00fchl von Ber\u00fchrung und Klang<\/p>\n<p>starkes Verlangen nach N\u00e4he, Interaktion und Kommunikation<\/p>\n<p>Kaufen Sie 1 Unze reines 4-FA-Pulver online zu erm\u00e4\u00dfigten Preisen. Sie k\u00f6nnen 1 Unze reines Pulver kaufen, 1 Unze reines 4-FA-Pulver in Ihrer N\u00e4he kaufen und herausfinden, wo Sie es online kaufen k\u00f6nnen. 4-FA-Pulver 1 Unze reines Pulver: Wo kann man 4-FA-Pulver 1 Unze reines Pulver derzeit online kaufen? Kaufen, 4-FA-Pulver 1 Unze reines Pulver, 4-FA-Pulver 1 Unze reines Pulver in den USA erh\u00e4ltlich. 4-FA-Pulver 1 Unze reines Pulver online bestellen, 4-FA-Pulver 1 Unze reines Pulver online kaufen, Lieferanten, sicherer Versand, USA, Kanada, Gro\u00dfbritannien. Es besteht noch eine Chance. Wie kann ich 1 Unze reines 4-FA-Pulver bestellen? Ist 1 Unze reines 4-FA-Pulver in den USA legal? Ist es m\u00f6glich, 1 Unze reines 4-FA-Pulver online zu kaufen?<\/p>","protected":false},"excerpt":{"rendered":"<p>4-FA Powder Available for Purchase 4-FA (4-fluoramphetamine), a medication that resembles amphetamine, has just lately been available for purchase in the Netherlands. From 2007 to 2009, its main forms were speed or MDMA. Due to a shortage of raw materials for these specialists at the time, 4-FA was utilized as a cutting specialist. At any &hellip;<\/p>\n<p class=\"read-more\"> <a class=\"\" href=\"https:\/\/legitgrams.com\/de\/produkt\/4-fa-pulver-1-oz-rein\/\"> <span class=\"screen-reader-text\">4-FA-Pulver 1 Unze rein<\/span> Mehr lesen \"<\/a><\/p>","protected":false},"featured_media":5259,"comment_status":"open","ping_status":"closed","template":"","meta":{"_uag_custom_page_level_css":"","site-sidebar-layout":"default","site-content-layout":"default","ast-global-header-display":"","ast-main-header-display":"","ast-hfb-above-header-display":"","ast-hfb-below-header-display":"","ast-hfb-mobile-header-display":"","site-post-title":"","ast-breadcrumbs-content":"","ast-featured-img":"","footer-sml-layout":"","theme-transparent-header-meta":"default","adv-header-id-meta":"","stick-header-meta":"default","header-above-stick-meta":"","header-main-stick-meta":"","header-below-stick-meta":"","_joinchat":[]},"product_brand":[],"product_cat":[600],"product_tag":[3157,3161,3160,3168,3159,3169,3171,3178,3179,3177,3174,3176,3166,617,3158,3173,3170,3165,3163,3175,3172,625,3164,3167,3162],"class_list":{"0":"post-3985","1":"product","2":"type-product","3":"status-publish","4":"has-post-thumbnail","6":"product_cat-research-chemicals-and-bath-salt","7":"product_tag-4-fa-powder-1-oz-pure","8":"product_tag-4-fa-powder-1-oz-pure-4-fa-powder-1-oz-pure-supplier","9":"product_tag-4-fa-powder-1-oz-pure-for-sale","10":"product_tag-4-fa-powder-1-oz-pure-legally","11":"product_tag-4-fa-powder-1-oz-pure-online","12":"product_tag-4-fa-powder-1-oz-pure-price","13":"product_tag-4-fa-powder-1-oz-pure-store","14":"product_tag-4-fa-powder-1-oz-pure-use","15":"product_tag-4-fa-powder-1-oz-pure-wiki","16":"product_tag-4-fa-powder-1-oz-pure-worldwide","17":"product_tag-4-fa-powder-1-oz-pures","18":"product_tag-best-cheap-price-4-fa-powder-1-oz-pure","19":"product_tag-best-place-to-buy-4-fa-powder-1-oz-pure","20":"product_tag-bulk-online","21":"product_tag-buy-4-fa-powder-1-oz-pure","22":"product_tag-cheap-4-fa-powder-1-oz-pure","23":"product_tag-high-quality-4-fa-powder-1-oz-pure","24":"product_tag-how-to-buy-4-fa-powder-1-oz-pure","25":"product_tag-order-4-fa-powder-1-oz-pure","26":"product_tag-purcharse-4-fa-powder-1-oz-pure","27":"product_tag-shop-4-fa-powder-1-oz-pure","28":"product_tag-top-quality","29":"product_tag-where-to-buy-4-fa-powder-1-oz-pure","30":"product_tag-where-to-order-4-fa-powder-1-oz-pure","31":"product_tag-wholesale-4-fa-powder-1-oz-pure","32":"desktop-align-left","33":"tablet-align-left","34":"mobile-align-left","35":"ast-product-gallery-layout-horizontal","36":"ast-product-gallery-with-no-image","37":"ast-product-single-variable","38":"ast-product-tabs-layout-horizontal","39":"ast-qv-on-image","41":"first","42":"instock","43":"shipping-taxable","44":"purchasable","45":"product-type-variable"},"yoast_head":"<!-- This site is optimized with the Yoast SEO plugin v25.9 - https:\/\/yoast.com\/wordpress\/plugins\/seo\/ -->\n<title>4-FA Powder for Sale - Order 4-FA Online with Fast Shipping<\/title>\n<meta name=\"description\" content=\"If you are looking to buy 4-FA powder online, LegitGrams.com is the best place to order 4-FA online, 4-FA for sale, and 4-FA online at the best price.\" \/>\n<meta name=\"robots\" content=\"index, follow, max-snippet:-1, max-image-preview:large, max-video-preview:-1\" \/>\n<link rel=\"canonical\" href=\"https:\/\/legitgrams.com\/de\/produkt\/4-fa-pulver-1-oz-rein\/\" \/>\n<meta property=\"og:locale\" content=\"de_DE\" \/>\n<meta property=\"og:type\" content=\"article\" \/>\n<meta property=\"og:title\" content=\"4-FA Powder for Sale - Order 4-FA Online with Fast Shipping\" \/>\n<meta property=\"og:description\" content=\"If you are looking to buy 4-FA powder online, LegitGrams.com is the best place to order 4-FA online, 4-FA for sale, and 4-FA online at the best price.\" \/>\n<meta property=\"og:url\" content=\"https:\/\/legitgrams.com\/de\/produkt\/4-fa-pulver-1-oz-rein\/\" \/>\n<meta property=\"og:site_name\" content=\"Legit Grams\" \/>\n<meta property=\"article:modified_time\" content=\"2025-01-11T11:05:10+00:00\" \/>\n<meta property=\"og:image\" content=\"https:\/\/legitgrams.com\/wp-content\/uploads\/2024\/09\/buy-4-fa-powder-1-oz-pure-online-cheap.jpg\" \/>\n\t<meta property=\"og:image:width\" content=\"600\" \/>\n\t<meta property=\"og:image:height\" content=\"600\" \/>\n\t<meta property=\"og:image:type\" content=\"image\/jpeg\" \/>\n<meta name=\"twitter:card\" content=\"summary_large_image\" \/>\n<meta name=\"twitter:label1\" content=\"Gesch\u00e4tzte Lesezeit\" \/>\n\t<meta name=\"twitter:data1\" content=\"3\u00a0Minuten\" \/>\n<script type=\"application\/ld+json\" class=\"yoast-schema-graph\">{\"@context\":\"https:\/\/schema.org\",\"@graph\":[{\"@type\":\"WebPage\",\"@id\":\"https:\/\/legitgrams.com\/product\/4-fa-powder-1-oz-pure\/\",\"url\":\"https:\/\/legitgrams.com\/product\/4-fa-powder-1-oz-pure\/\",\"name\":\"4-FA Powder for Sale - Order 4-FA Online with Fast Shipping\",\"isPartOf\":{\"@id\":\"https:\/\/legitgrams.com\/#website\"},\"primaryImageOfPage\":{\"@id\":\"https:\/\/legitgrams.com\/product\/4-fa-powder-1-oz-pure\/#primaryimage\"},\"image\":{\"@id\":\"https:\/\/legitgrams.com\/product\/4-fa-powder-1-oz-pure\/#primaryimage\"},\"thumbnailUrl\":\"https:\/\/legitgrams.com\/wp-content\/uploads\/2024\/09\/buy-4-fa-powder-1-oz-pure-online-cheap.jpg\",\"datePublished\":\"2024-09-21T06:51:37+00:00\",\"dateModified\":\"2025-01-11T11:05:10+00:00\",\"description\":\"If you are looking to buy 4-FA powder online, LegitGrams.com is the best place to order 4-FA online, 4-FA for sale, and 4-FA online at the best price.\",\"breadcrumb\":{\"@id\":\"https:\/\/legitgrams.com\/product\/4-fa-powder-1-oz-pure\/#breadcrumb\"},\"inLanguage\":\"de\",\"potentialAction\":[{\"@type\":\"ReadAction\",\"target\":[\"https:\/\/legitgrams.com\/product\/4-fa-powder-1-oz-pure\/\"]}]},{\"@type\":\"ImageObject\",\"inLanguage\":\"de\",\"@id\":\"https:\/\/legitgrams.com\/product\/4-fa-powder-1-oz-pure\/#primaryimage\",\"url\":\"https:\/\/legitgrams.com\/wp-content\/uploads\/2024\/09\/buy-4-fa-powder-1-oz-pure-online-cheap.jpg\",\"contentUrl\":\"https:\/\/legitgrams.com\/wp-content\/uploads\/2024\/09\/buy-4-fa-powder-1-oz-pure-online-cheap.jpg\",\"width\":600,\"height\":600,\"caption\":\"4-FA Powder for Sale\"},{\"@type\":\"BreadcrumbList\",\"@id\":\"https:\/\/legitgrams.com\/product\/4-fa-powder-1-oz-pure\/#breadcrumb\",\"itemListElement\":[{\"@type\":\"ListItem\",\"position\":1,\"name\":\"Home\",\"item\":\"https:\/\/legitgrams.com\/\"},{\"@type\":\"ListItem\",\"position\":2,\"name\":\"Shop\",\"item\":\"https:\/\/legitgrams.com\/shop\/\"},{\"@type\":\"ListItem\",\"position\":3,\"name\":\"4-FA Powder 1 oz Pure\"}]},{\"@type\":\"WebSite\",\"@id\":\"https:\/\/legitgrams.com\/#website\",\"url\":\"https:\/\/legitgrams.com\/\",\"name\":\"Legit Grams\",\"description\":\"My WordPress Blog\",\"publisher\":{\"@id\":\"https:\/\/legitgrams.com\/#organization\"},\"potentialAction\":[{\"@type\":\"SearchAction\",\"target\":{\"@type\":\"EntryPoint\",\"urlTemplate\":\"https:\/\/legitgrams.com\/?s={search_term_string}\"},\"query-input\":{\"@type\":\"PropertyValueSpecification\",\"valueRequired\":true,\"valueName\":\"search_term_string\"}}],\"inLanguage\":\"de\"},{\"@type\":\"Organization\",\"@id\":\"https:\/\/legitgrams.com\/#organization\",\"name\":\"Legit Grams\",\"url\":\"https:\/\/legitgrams.com\/\",\"logo\":{\"@type\":\"ImageObject\",\"inLanguage\":\"de\",\"@id\":\"https:\/\/legitgrams.com\/#\/schema\/logo\/image\/\",\"url\":\"https:\/\/legitgrams.com\/wp-content\/uploads\/2024\/09\/main-logo.png\",\"contentUrl\":\"https:\/\/legitgrams.com\/wp-content\/uploads\/2024\/09\/main-logo.png\",\"width\":270,\"height\":75,\"caption\":\"Legit Grams\"},\"image\":{\"@id\":\"https:\/\/legitgrams.com\/#\/schema\/logo\/image\/\"}}]}<\/script>\n<!-- \/ Yoast SEO plugin. -->","yoast_head_json":{"title":"4-FA Pulver zu verkaufen - 4-FA online bestellen mit schnellem Versand","description":"Wenn Sie 4-FA Pulver online kaufen m\u00f6chten, ist LegitGrams.com der beste Ort, um 4-FA online zu bestellen, 4-FA zu verkaufen und 4-FA online zum besten Preis zu kaufen.","robots":{"index":"index","follow":"follow","max-snippet":"max-snippet:-1","max-image-preview":"max-image-preview:large","max-video-preview":"max-video-preview:-1"},"canonical":"https:\/\/legitgrams.com\/de\/produkt\/4-fa-pulver-1-oz-rein\/","og_locale":"de_DE","og_type":"article","og_title":"4-FA Powder for Sale - Order 4-FA Online with Fast Shipping","og_description":"If you are looking to buy 4-FA powder online, LegitGrams.com is the best place to order 4-FA online, 4-FA for sale, and 4-FA online at the best price.","og_url":"https:\/\/legitgrams.com\/de\/produkt\/4-fa-pulver-1-oz-rein\/","og_site_name":"Legit Grams","article_modified_time":"2025-01-11T11:05:10+00:00","og_image":[{"width":600,"height":600,"url":"https:\/\/legitgrams.com\/wp-content\/uploads\/2024\/09\/buy-4-fa-powder-1-oz-pure-online-cheap.jpg","type":"image\/jpeg"}],"twitter_card":"summary_large_image","twitter_misc":{"Gesch\u00e4tzte Lesezeit":"3\u00a0Minuten"},"schema":{"@context":"https:\/\/schema.org","@graph":[{"@type":"WebPage","@id":"https:\/\/legitgrams.com\/product\/4-fa-powder-1-oz-pure\/","url":"https:\/\/legitgrams.com\/product\/4-fa-powder-1-oz-pure\/","name":"4-FA Pulver zu verkaufen - 4-FA online bestellen mit schnellem Versand","isPartOf":{"@id":"https:\/\/legitgrams.com\/#website"},"primaryImageOfPage":{"@id":"https:\/\/legitgrams.com\/product\/4-fa-powder-1-oz-pure\/#primaryimage"},"image":{"@id":"https:\/\/legitgrams.com\/product\/4-fa-powder-1-oz-pure\/#primaryimage"},"thumbnailUrl":"https:\/\/legitgrams.com\/wp-content\/uploads\/2024\/09\/buy-4-fa-powder-1-oz-pure-online-cheap.jpg","datePublished":"2024-09-21T06:51:37+00:00","dateModified":"2025-01-11T11:05:10+00:00","description":"Wenn Sie 4-FA Pulver online kaufen m\u00f6chten, ist LegitGrams.com der beste Ort, um 4-FA online zu bestellen, 4-FA zu verkaufen und 4-FA online zum besten Preis zu kaufen.","breadcrumb":{"@id":"https:\/\/legitgrams.com\/product\/4-fa-powder-1-oz-pure\/#breadcrumb"},"inLanguage":"de","potentialAction":[{"@type":"ReadAction","target":["https:\/\/legitgrams.com\/product\/4-fa-powder-1-oz-pure\/"]}]},{"@type":"ImageObject","inLanguage":"de","@id":"https:\/\/legitgrams.com\/product\/4-fa-powder-1-oz-pure\/#primaryimage","url":"https:\/\/legitgrams.com\/wp-content\/uploads\/2024\/09\/buy-4-fa-powder-1-oz-pure-online-cheap.jpg","contentUrl":"https:\/\/legitgrams.com\/wp-content\/uploads\/2024\/09\/buy-4-fa-powder-1-oz-pure-online-cheap.jpg","width":600,"height":600,"caption":"4-FA Powder for Sale"},{"@type":"BreadcrumbList","@id":"https:\/\/legitgrams.com\/product\/4-fa-powder-1-oz-pure\/#breadcrumb","itemListElement":[{"@type":"ListItem","position":1,"name":"Home","item":"https:\/\/legitgrams.com\/"},{"@type":"ListItem","position":2,"name":"Shop","item":"https:\/\/legitgrams.com\/shop\/"},{"@type":"ListItem","position":3,"name":"4-FA Powder 1 oz Pure"}]},{"@type":"WebSite","@id":"https:\/\/legitgrams.com\/#website","url":"https:\/\/legitgrams.com\/","name":"Legitimer Grammwert","description":"Mein WordPress-Blog","publisher":{"@id":"https:\/\/legitgrams.com\/#organization"},"potentialAction":[{"@type":"SearchAction","target":{"@type":"EntryPoint","urlTemplate":"https:\/\/legitgrams.com\/?s={search_term_string}"},"query-input":{"@type":"PropertyValueSpecification","valueRequired":true,"valueName":"search_term_string"}}],"inLanguage":"de"},{"@type":"Organization","@id":"https:\/\/legitgrams.com\/#organization","name":"Legitimer Grammwert","url":"https:\/\/legitgrams.com\/","logo":{"@type":"ImageObject","inLanguage":"de","@id":"https:\/\/legitgrams.com\/#\/schema\/logo\/image\/","url":"https:\/\/legitgrams.com\/wp-content\/uploads\/2024\/09\/main-logo.png","contentUrl":"https:\/\/legitgrams.com\/wp-content\/uploads\/2024\/09\/main-logo.png","width":270,"height":75,"caption":"Legit Grams"},"image":{"@id":"https:\/\/legitgrams.com\/#\/schema\/logo\/image\/"}}]}},"uagb_featured_image_src":{"full":["https:\/\/legitgrams.com\/wp-content\/uploads\/2024\/09\/buy-4-fa-powder-1-oz-pure-online-cheap.jpg",600,600,false],"thumbnail":["https:\/\/legitgrams.com\/wp-content\/uploads\/2024\/09\/buy-4-fa-powder-1-oz-pure-online-cheap-150x150.jpg",150,150,true],"medium":["https:\/\/legitgrams.com\/wp-content\/uploads\/2024\/09\/buy-4-fa-powder-1-oz-pure-online-cheap-300x300.jpg",300,300,true],"medium_large":["https:\/\/legitgrams.com\/wp-content\/uploads\/2024\/09\/buy-4-fa-powder-1-oz-pure-online-cheap.jpg",600,600,false],"large":["https:\/\/legitgrams.com\/wp-content\/uploads\/2024\/09\/buy-4-fa-powder-1-oz-pure-online-cheap.jpg",600,600,false],"1536x1536":["https:\/\/legitgrams.com\/wp-content\/uploads\/2024\/09\/buy-4-fa-powder-1-oz-pure-online-cheap.jpg",600,600,false],"2048x2048":["https:\/\/legitgrams.com\/wp-content\/uploads\/2024\/09\/buy-4-fa-powder-1-oz-pure-online-cheap.jpg",600,600,false],"trp-custom-language-flag":["https:\/\/legitgrams.com\/wp-content\/uploads\/2024\/09\/buy-4-fa-powder-1-oz-pure-online-cheap-12x12.jpg",12,12,true],"woocommerce_thumbnail":["https:\/\/legitgrams.com\/wp-content\/uploads\/2024\/09\/buy-4-fa-powder-1-oz-pure-online-cheap-300x300.jpg",300,300,true],"woocommerce_single":["https:\/\/legitgrams.com\/wp-content\/uploads\/2024\/09\/buy-4-fa-powder-1-oz-pure-online-cheap.jpg",600,600,false],"woocommerce_gallery_thumbnail":["https:\/\/legitgrams.com\/wp-content\/uploads\/2024\/09\/buy-4-fa-powder-1-oz-pure-online-cheap-100x100.jpg",100,100,true]},"uagb_author_info":{"display_name":"cokeblog18","author_link":"https:\/\/legitgrams.com\/de\/author\/"},"uagb_comment_info":0,"uagb_excerpt":"4-FA Powder Available for Purchase 4-FA (4-fluoramphetamine), a medication that resembles amphetamine, has just lately been available for purchase in the Netherlands. From 2007 to 2009, its main forms were speed or MDMA. Due to a shortage of raw materials for these specialists at the time, 4-FA was utilized as a cutting specialist. At any&hellip;","_links":{"self":[{"href":"https:\/\/legitgrams.com\/de\/wp-json\/wp\/v2\/product\/3985","targetHints":{"allow":["GET"]}}],"collection":[{"href":"https:\/\/legitgrams.com\/de\/wp-json\/wp\/v2\/product"}],"about":[{"href":"https:\/\/legitgrams.com\/de\/wp-json\/wp\/v2\/types\/product"}],"replies":[{"embeddable":true,"href":"https:\/\/legitgrams.com\/de\/wp-json\/wp\/v2\/comments?post=3985"}],"wp:featuredmedia":[{"embeddable":true,"href":"https:\/\/legitgrams.com\/de\/wp-json\/wp\/v2\/media\/5259"}],"wp:attachment":[{"href":"https:\/\/legitgrams.com\/de\/wp-json\/wp\/v2\/media?parent=3985"}],"wp:term":[{"taxonomy":"product_brand","embeddable":true,"href":"https:\/\/legitgrams.com\/de\/wp-json\/wp\/v2\/product_brand?post=3985"},{"taxonomy":"product_cat","embeddable":true,"href":"https:\/\/legitgrams.com\/de\/wp-json\/wp\/v2\/product_cat?post=3985"},{"taxonomy":"product_tag","embeddable":true,"href":"https:\/\/legitgrams.com\/de\/wp-json\/wp\/v2\/product_tag?post=3985"}],"curies":[{"name":"wp","href":"https:\/\/api.w.org\/{rel}","templated":true}]}}