{"id":3988,"date":"2024-09-21T07:21:15","date_gmt":"2024-09-21T07:21:15","guid":{"rendered":"https:\/\/legitgrams.com\/?post_type=product&#038;p=3988"},"modified":"2025-01-11T11:14:43","modified_gmt":"2025-01-11T11:14:43","slug":"50mcg-lsd-tabletten","status":"publish","type":"product","link":"https:\/\/legitgrams.com\/de\/produkt\/50mcg-lsd-tabletten\/","title":{"rendered":"50mcg LSD-Tabletten"},"content":{"rendered":"<h2>Verkauf von 50mcg LSD-Tabletten<\/h2>\n<p>Zum Kauf <a href=\"https:\/\/legitgrams.com\/de\/produkt\/50mcg-lsd-tabletten\/\">LSD-Tabletten<\/a> oder eine Online-Bestellung aufgeben, besuchen Sie unseren LSD-Tabletten-Shop: Wenn Sie Premium-LSD-Tabletten kaufen m\u00f6chten, sind Sie hier genau richtig. Die besten LSD-Tabletten, die es derzeit auf dem Markt gibt, geh\u00f6ren uns.<\/p>\n<h3>Der allgemeine Begriff lautet Diethylamid der Lysergs\u00e4ure.<\/h3>\n<p><a href=\"https:\/\/en.wikipedia.org\/wiki\/LSD\">LSD<\/a> wird unter mehr als 80 gebr\u00e4uchlichen oder Stra\u00dfennamen verkauft, darunter Acid, Blotter, Cid, Doses, Dots und Trips, sowie Namen, die auf den Motiven der L\u00f6schpapierbl\u00e4tter basieren (wie \u201ePurple Dragon\u201c). <a href=\"https:\/\/legitgrams.com\/de\/\">LegitGrams<\/a><\/p>\n<p>Online-Kauf von 50-mcg-LSD-Tabletten: LSD-Tabletten kaufen, 50-mcg-LSD-Tabletten kaufen, 50-mcg-LSD online kaufen, Wo kann ich 50-mcg-LSD-Tabletten kaufen? Wo kann ich 50-mcg-LSD-Tabletten kaufen? Wo kann ich 50-mcg-LSD-Tabletten kaufen? Kaufen Sie 50-mcg-LSD-Pillen online bei Lieferanten in den USA, Kanada und Gro\u00dfbritannien. Sichere Lieferung LSD-Pillen mit 50 mcg sind weiterhin erh\u00e4ltlich. Ist der Kauf von 50-Milligramm-LSD-Pillen in den Vereinigten Staaten legal? Wie l\u00e4uft die Bestellung von 50-mg-LSD-Tabletten ab? Ist die Einnahme von 50-mg-LSD-Tabletten in Kanada legal?<\/p>","protected":false},"excerpt":{"rendered":"<p>Sale of 50mcg LSD Tablets To purchase LSD tablets or place an online order, visit our LSD tablet store: If you want to buy premium LSD tablets, you&#8217;ve come to the perfect location. The best LSD tablets on the market right now are ours. The generic term is diethylamide of lysergic acid. LSD is sold &hellip;<\/p>\n<p class=\"read-more\"> <a class=\"\" href=\"https:\/\/legitgrams.com\/de\/produkt\/50mcg-lsd-tabletten\/\"> <span class=\"screen-reader-text\">50mcg LSD-Tabletten<\/span> Mehr lesen \"<\/a><\/p>","protected":false},"featured_media":5262,"comment_status":"open","ping_status":"closed","template":"","meta":{"_uag_custom_page_level_css":"","site-sidebar-layout":"default","site-content-layout":"default","ast-global-header-display":"","ast-main-header-display":"","ast-hfb-above-header-display":"","ast-hfb-below-header-display":"","ast-hfb-mobile-header-display":"","site-post-title":"","ast-breadcrumbs-content":"","ast-featured-img":"","footer-sml-layout":"","theme-transparent-header-meta":"default","adv-header-id-meta":"","stick-header-meta":"default","header-above-stick-meta":"","header-main-stick-meta":"","header-below-stick-meta":"","_joinchat":[]},"product_brand":[],"product_cat":[600],"product_tag":[3088,3092,3091,3099,3090,3100,3102,3109,3110,3108,3105,3107,3097,617,3089,3104,3101,3096,3094,3106,3103,625,3095,3098,3093],"class_list":{"0":"post-3988","1":"product","2":"type-product","3":"status-publish","4":"has-post-thumbnail","6":"product_cat-research-chemicals-and-bath-salt","7":"product_tag-50mcg-lsd-tablets","8":"product_tag-50mcg-lsd-tablets-50mcg-lsd-tablets-supplier","9":"product_tag-50mcg-lsd-tablets-for-sale","10":"product_tag-50mcg-lsd-tablets-legally","11":"product_tag-50mcg-lsd-tablets-online","12":"product_tag-50mcg-lsd-tablets-price","13":"product_tag-50mcg-lsd-tablets-store","14":"product_tag-50mcg-lsd-tablets-use","15":"product_tag-50mcg-lsd-tablets-wiki","16":"product_tag-50mcg-lsd-tablets-worldwide","17":"product_tag-50mcg-lsd-tabletss","18":"product_tag-best-cheap-price-50mcg-lsd-tablets","19":"product_tag-best-place-to-buy-50mcg-lsd-tablets","20":"product_tag-bulk-online","21":"product_tag-buy-50mcg-lsd-tablets","22":"product_tag-cheap-50mcg-lsd-tablets","23":"product_tag-high-quality-50mcg-lsd-tablets","24":"product_tag-how-to-buy-50mcg-lsd-tablets","25":"product_tag-order-50mcg-lsd-tablets","26":"product_tag-purcharse-50mcg-lsd-tablets","27":"product_tag-shop-50mcg-lsd-tablets","28":"product_tag-top-quality","29":"product_tag-where-to-buy-50mcg-lsd-tablets","30":"product_tag-where-to-order-50mcg-lsd-tablets","31":"product_tag-wholesale-50mcg-lsd-tablets","32":"desktop-align-left","33":"tablet-align-left","34":"mobile-align-left","35":"ast-product-gallery-layout-horizontal","36":"ast-product-gallery-with-no-image","37":"ast-product-single-variable","38":"ast-product-tabs-layout-horizontal","39":"ast-qv-on-image","41":"first","42":"instock","43":"shipping-taxable","44":"purchasable","45":"product-type-variable"},"yoast_head":"<!-- This site is optimized with the Yoast SEO plugin v25.9 - https:\/\/yoast.com\/wordpress\/plugins\/seo\/ -->\n<title>50mcg LSD Tablets for Sale - Order 50mcg LSD Tablets Online<\/title>\n<meta name=\"description\" content=\"You can get in touch with our online store and buy 50mcg LSD tablets online. We have 50mcg LSD tablets for sale at cheap prices. Get fast and discreet delivery when you order 50mcg LSD tablets online.\" \/>\n<meta name=\"robots\" content=\"index, follow, max-snippet:-1, max-image-preview:large, max-video-preview:-1\" \/>\n<link rel=\"canonical\" href=\"https:\/\/legitgrams.com\/de\/produkt\/50mcg-lsd-tabletten\/\" \/>\n<meta property=\"og:locale\" content=\"de_DE\" \/>\n<meta property=\"og:type\" content=\"article\" \/>\n<meta property=\"og:title\" content=\"50mcg LSD Tablets for Sale - Order 50mcg LSD Tablets Online\" \/>\n<meta property=\"og:description\" content=\"You can get in touch with our online store and buy 50mcg LSD tablets online. We have 50mcg LSD tablets for sale at cheap prices. Get fast and discreet delivery when you order 50mcg LSD tablets online.\" \/>\n<meta property=\"og:url\" content=\"https:\/\/legitgrams.com\/de\/produkt\/50mcg-lsd-tabletten\/\" \/>\n<meta property=\"og:site_name\" content=\"Legit Grams\" \/>\n<meta property=\"article:modified_time\" content=\"2025-01-11T11:14:43+00:00\" \/>\n<meta property=\"og:image\" content=\"https:\/\/legitgrams.com\/wp-content\/uploads\/2024\/09\/buy-50mcg-lsd-tablets-online.jpg\" \/>\n\t<meta property=\"og:image:width\" content=\"600\" \/>\n\t<meta property=\"og:image:height\" content=\"600\" \/>\n\t<meta property=\"og:image:type\" content=\"image\/jpeg\" \/>\n<meta name=\"twitter:card\" content=\"summary_large_image\" \/>\n<meta name=\"twitter:label1\" content=\"Gesch\u00e4tzte Lesezeit\" \/>\n\t<meta name=\"twitter:data1\" content=\"2\u00a0Minuten\" \/>\n<script type=\"application\/ld+json\" class=\"yoast-schema-graph\">{\"@context\":\"https:\/\/schema.org\",\"@graph\":[{\"@type\":\"WebPage\",\"@id\":\"https:\/\/legitgrams.com\/product\/50mcg-lsd-tablets\/\",\"url\":\"https:\/\/legitgrams.com\/product\/50mcg-lsd-tablets\/\",\"name\":\"50mcg LSD Tablets for Sale - Order 50mcg LSD Tablets Online\",\"isPartOf\":{\"@id\":\"https:\/\/legitgrams.com\/#website\"},\"primaryImageOfPage\":{\"@id\":\"https:\/\/legitgrams.com\/product\/50mcg-lsd-tablets\/#primaryimage\"},\"image\":{\"@id\":\"https:\/\/legitgrams.com\/product\/50mcg-lsd-tablets\/#primaryimage\"},\"thumbnailUrl\":\"https:\/\/legitgrams.com\/wp-content\/uploads\/2024\/09\/buy-50mcg-lsd-tablets-online.jpg\",\"datePublished\":\"2024-09-21T07:21:15+00:00\",\"dateModified\":\"2025-01-11T11:14:43+00:00\",\"description\":\"You can get in touch with our online store and buy 50mcg LSD tablets online. We have 50mcg LSD tablets for sale at cheap prices. Get fast and discreet delivery when you order 50mcg LSD tablets online.\",\"breadcrumb\":{\"@id\":\"https:\/\/legitgrams.com\/product\/50mcg-lsd-tablets\/#breadcrumb\"},\"inLanguage\":\"de\",\"potentialAction\":[{\"@type\":\"ReadAction\",\"target\":[\"https:\/\/legitgrams.com\/product\/50mcg-lsd-tablets\/\"]}]},{\"@type\":\"ImageObject\",\"inLanguage\":\"de\",\"@id\":\"https:\/\/legitgrams.com\/product\/50mcg-lsd-tablets\/#primaryimage\",\"url\":\"https:\/\/legitgrams.com\/wp-content\/uploads\/2024\/09\/buy-50mcg-lsd-tablets-online.jpg\",\"contentUrl\":\"https:\/\/legitgrams.com\/wp-content\/uploads\/2024\/09\/buy-50mcg-lsd-tablets-online.jpg\",\"width\":600,\"height\":600,\"caption\":\"50mcg LSD Tablets for Sale\"},{\"@type\":\"BreadcrumbList\",\"@id\":\"https:\/\/legitgrams.com\/product\/50mcg-lsd-tablets\/#breadcrumb\",\"itemListElement\":[{\"@type\":\"ListItem\",\"position\":1,\"name\":\"Home\",\"item\":\"https:\/\/legitgrams.com\/\"},{\"@type\":\"ListItem\",\"position\":2,\"name\":\"Shop\",\"item\":\"https:\/\/legitgrams.com\/shop\/\"},{\"@type\":\"ListItem\",\"position\":3,\"name\":\"50mcg LSD tablets\"}]},{\"@type\":\"WebSite\",\"@id\":\"https:\/\/legitgrams.com\/#website\",\"url\":\"https:\/\/legitgrams.com\/\",\"name\":\"Legit Grams\",\"description\":\"My WordPress Blog\",\"publisher\":{\"@id\":\"https:\/\/legitgrams.com\/#organization\"},\"potentialAction\":[{\"@type\":\"SearchAction\",\"target\":{\"@type\":\"EntryPoint\",\"urlTemplate\":\"https:\/\/legitgrams.com\/?s={search_term_string}\"},\"query-input\":{\"@type\":\"PropertyValueSpecification\",\"valueRequired\":true,\"valueName\":\"search_term_string\"}}],\"inLanguage\":\"de\"},{\"@type\":\"Organization\",\"@id\":\"https:\/\/legitgrams.com\/#organization\",\"name\":\"Legit Grams\",\"url\":\"https:\/\/legitgrams.com\/\",\"logo\":{\"@type\":\"ImageObject\",\"inLanguage\":\"de\",\"@id\":\"https:\/\/legitgrams.com\/#\/schema\/logo\/image\/\",\"url\":\"https:\/\/legitgrams.com\/wp-content\/uploads\/2024\/09\/main-logo.png\",\"contentUrl\":\"https:\/\/legitgrams.com\/wp-content\/uploads\/2024\/09\/main-logo.png\",\"width\":270,\"height\":75,\"caption\":\"Legit Grams\"},\"image\":{\"@id\":\"https:\/\/legitgrams.com\/#\/schema\/logo\/image\/\"}}]}<\/script>\n<!-- \/ Yoast SEO plugin. -->","yoast_head_json":{"title":"50mcg LSD Tabletten zu verkaufen - 50mcg LSD Tabletten online bestellen","description":"Sie k\u00f6nnen sich mit unserem Online-Shop in Verbindung setzen und 50mcg LSD Tabletten online kaufen. Wir haben 50mcg LSD Tabletten zum Verkauf zu g\u00fcnstigen Preisen. Erhalten Sie eine schnelle und diskrete Lieferung, wenn Sie 50mcg LSD Tabletten online bestellen.","robots":{"index":"index","follow":"follow","max-snippet":"max-snippet:-1","max-image-preview":"max-image-preview:large","max-video-preview":"max-video-preview:-1"},"canonical":"https:\/\/legitgrams.com\/de\/produkt\/50mcg-lsd-tabletten\/","og_locale":"de_DE","og_type":"article","og_title":"50mcg LSD Tablets for Sale - Order 50mcg LSD Tablets Online","og_description":"You can get in touch with our online store and buy 50mcg LSD tablets online. We have 50mcg LSD tablets for sale at cheap prices. Get fast and discreet delivery when you order 50mcg LSD tablets online.","og_url":"https:\/\/legitgrams.com\/de\/produkt\/50mcg-lsd-tabletten\/","og_site_name":"Legit Grams","article_modified_time":"2025-01-11T11:14:43+00:00","og_image":[{"width":600,"height":600,"url":"https:\/\/legitgrams.com\/wp-content\/uploads\/2024\/09\/buy-50mcg-lsd-tablets-online.jpg","type":"image\/jpeg"}],"twitter_card":"summary_large_image","twitter_misc":{"Gesch\u00e4tzte Lesezeit":"2\u00a0Minuten"},"schema":{"@context":"https:\/\/schema.org","@graph":[{"@type":"WebPage","@id":"https:\/\/legitgrams.com\/product\/50mcg-lsd-tablets\/","url":"https:\/\/legitgrams.com\/product\/50mcg-lsd-tablets\/","name":"50mcg LSD Tabletten zu verkaufen - 50mcg LSD Tabletten online bestellen","isPartOf":{"@id":"https:\/\/legitgrams.com\/#website"},"primaryImageOfPage":{"@id":"https:\/\/legitgrams.com\/product\/50mcg-lsd-tablets\/#primaryimage"},"image":{"@id":"https:\/\/legitgrams.com\/product\/50mcg-lsd-tablets\/#primaryimage"},"thumbnailUrl":"https:\/\/legitgrams.com\/wp-content\/uploads\/2024\/09\/buy-50mcg-lsd-tablets-online.jpg","datePublished":"2024-09-21T07:21:15+00:00","dateModified":"2025-01-11T11:14:43+00:00","description":"Sie k\u00f6nnen sich mit unserem Online-Shop in Verbindung setzen und 50mcg LSD Tabletten online kaufen. Wir haben 50mcg LSD Tabletten zum Verkauf zu g\u00fcnstigen Preisen. Erhalten Sie eine schnelle und diskrete Lieferung, wenn Sie 50mcg LSD Tabletten online bestellen.","breadcrumb":{"@id":"https:\/\/legitgrams.com\/product\/50mcg-lsd-tablets\/#breadcrumb"},"inLanguage":"de","potentialAction":[{"@type":"ReadAction","target":["https:\/\/legitgrams.com\/product\/50mcg-lsd-tablets\/"]}]},{"@type":"ImageObject","inLanguage":"de","@id":"https:\/\/legitgrams.com\/product\/50mcg-lsd-tablets\/#primaryimage","url":"https:\/\/legitgrams.com\/wp-content\/uploads\/2024\/09\/buy-50mcg-lsd-tablets-online.jpg","contentUrl":"https:\/\/legitgrams.com\/wp-content\/uploads\/2024\/09\/buy-50mcg-lsd-tablets-online.jpg","width":600,"height":600,"caption":"50mcg LSD Tablets for Sale"},{"@type":"BreadcrumbList","@id":"https:\/\/legitgrams.com\/product\/50mcg-lsd-tablets\/#breadcrumb","itemListElement":[{"@type":"ListItem","position":1,"name":"Home","item":"https:\/\/legitgrams.com\/"},{"@type":"ListItem","position":2,"name":"Shop","item":"https:\/\/legitgrams.com\/shop\/"},{"@type":"ListItem","position":3,"name":"50mcg LSD tablets"}]},{"@type":"WebSite","@id":"https:\/\/legitgrams.com\/#website","url":"https:\/\/legitgrams.com\/","name":"Legitimer Grammwert","description":"Mein WordPress-Blog","publisher":{"@id":"https:\/\/legitgrams.com\/#organization"},"potentialAction":[{"@type":"SearchAction","target":{"@type":"EntryPoint","urlTemplate":"https:\/\/legitgrams.com\/?s={search_term_string}"},"query-input":{"@type":"PropertyValueSpecification","valueRequired":true,"valueName":"search_term_string"}}],"inLanguage":"de"},{"@type":"Organization","@id":"https:\/\/legitgrams.com\/#organization","name":"Legitimer Grammwert","url":"https:\/\/legitgrams.com\/","logo":{"@type":"ImageObject","inLanguage":"de","@id":"https:\/\/legitgrams.com\/#\/schema\/logo\/image\/","url":"https:\/\/legitgrams.com\/wp-content\/uploads\/2024\/09\/main-logo.png","contentUrl":"https:\/\/legitgrams.com\/wp-content\/uploads\/2024\/09\/main-logo.png","width":270,"height":75,"caption":"Legit Grams"},"image":{"@id":"https:\/\/legitgrams.com\/#\/schema\/logo\/image\/"}}]}},"uagb_featured_image_src":{"full":["https:\/\/legitgrams.com\/wp-content\/uploads\/2024\/09\/buy-50mcg-lsd-tablets-online.jpg",600,600,false],"thumbnail":["https:\/\/legitgrams.com\/wp-content\/uploads\/2024\/09\/buy-50mcg-lsd-tablets-online-150x150.jpg",150,150,true],"medium":["https:\/\/legitgrams.com\/wp-content\/uploads\/2024\/09\/buy-50mcg-lsd-tablets-online-300x300.jpg",300,300,true],"medium_large":["https:\/\/legitgrams.com\/wp-content\/uploads\/2024\/09\/buy-50mcg-lsd-tablets-online.jpg",600,600,false],"large":["https:\/\/legitgrams.com\/wp-content\/uploads\/2024\/09\/buy-50mcg-lsd-tablets-online.jpg",600,600,false],"1536x1536":["https:\/\/legitgrams.com\/wp-content\/uploads\/2024\/09\/buy-50mcg-lsd-tablets-online.jpg",600,600,false],"2048x2048":["https:\/\/legitgrams.com\/wp-content\/uploads\/2024\/09\/buy-50mcg-lsd-tablets-online.jpg",600,600,false],"trp-custom-language-flag":["https:\/\/legitgrams.com\/wp-content\/uploads\/2024\/09\/buy-50mcg-lsd-tablets-online-12x12.jpg",12,12,true],"woocommerce_thumbnail":["https:\/\/legitgrams.com\/wp-content\/uploads\/2024\/09\/buy-50mcg-lsd-tablets-online-300x300.jpg",300,300,true],"woocommerce_single":["https:\/\/legitgrams.com\/wp-content\/uploads\/2024\/09\/buy-50mcg-lsd-tablets-online.jpg",600,600,false],"woocommerce_gallery_thumbnail":["https:\/\/legitgrams.com\/wp-content\/uploads\/2024\/09\/buy-50mcg-lsd-tablets-online-100x100.jpg",100,100,true]},"uagb_author_info":{"display_name":"cokeblog18","author_link":"https:\/\/legitgrams.com\/de\/author\/"},"uagb_comment_info":1,"uagb_excerpt":"Sale of 50mcg LSD Tablets To purchase LSD tablets or place an online order, visit our LSD tablet store: If you want to buy premium LSD tablets, you&#8217;ve come to the perfect location. The best LSD tablets on the market right now are ours. The generic term is diethylamide of lysergic acid. LSD is sold&hellip;","_links":{"self":[{"href":"https:\/\/legitgrams.com\/de\/wp-json\/wp\/v2\/product\/3988","targetHints":{"allow":["GET"]}}],"collection":[{"href":"https:\/\/legitgrams.com\/de\/wp-json\/wp\/v2\/product"}],"about":[{"href":"https:\/\/legitgrams.com\/de\/wp-json\/wp\/v2\/types\/product"}],"replies":[{"embeddable":true,"href":"https:\/\/legitgrams.com\/de\/wp-json\/wp\/v2\/comments?post=3988"}],"wp:featuredmedia":[{"embeddable":true,"href":"https:\/\/legitgrams.com\/de\/wp-json\/wp\/v2\/media\/5262"}],"wp:attachment":[{"href":"https:\/\/legitgrams.com\/de\/wp-json\/wp\/v2\/media?parent=3988"}],"wp:term":[{"taxonomy":"product_brand","embeddable":true,"href":"https:\/\/legitgrams.com\/de\/wp-json\/wp\/v2\/product_brand?post=3988"},{"taxonomy":"product_cat","embeddable":true,"href":"https:\/\/legitgrams.com\/de\/wp-json\/wp\/v2\/product_cat?post=3988"},{"taxonomy":"product_tag","embeddable":true,"href":"https:\/\/legitgrams.com\/de\/wp-json\/wp\/v2\/product_tag?post=3988"}],"curies":[{"name":"wp","href":"https:\/\/api.w.org\/{rel}","templated":true}]}}