{"id":4004,"date":"2024-09-21T07:51:28","date_gmt":"2024-09-21T07:51:28","guid":{"rendered":"https:\/\/legitgrams.com\/?post_type=product&#038;p=4004"},"modified":"2025-04-04T07:35:26","modified_gmt":"2025-04-04T07:35:26","slug":"k2-papier","status":"publish","type":"product","link":"https:\/\/legitgrams.com\/de\/produkt\/k2-papier\/","title":{"rendered":"K2-Papier online kaufen"},"content":{"rendered":"<h2>K2-Papier online kaufen.<br \/>\nHolen Sie sich g\u00fcnstige K2 Papierb\u00f6gen direkt nach Hause geliefert.<\/h2>\n<p>Kaufen <a href=\"https:\/\/legitgrams.com\/de\/produkt\/k2-papier\/\">K2-Papier<\/a> online. Cannabiskonsumenten greifen zunehmend auf synthetisches Marihuana zur\u00fcck. Eine Mischung aus k\u00fcnstlichen Chemikalien und fein gehacktem Pflanzenmaterial mit psychedelischer Wirkung ist bekannt als <a href=\"https:\/\/www.bing.com\/search?q=K2-Papieronlinekaufen&amp;qs=n&amp;form=QBRE&amp;sp=-1&amp;lq=0&amp;pq=k2-papieronlinekaufen&amp;sc=8-23&amp;sk=&amp;cvid=5E148E5E9E0A4E23A70CF62482E891B0&amp;ghsh=0&amp;ghacc=0&amp;ghpl=\">K2<\/a>-infundiertes Papier. Studien zeigen, dass die Chemikalien an dieselben Rezeptoren der Nervenzellen des Gehirns binden wie THC, was zu ver\u00e4nderter Wahrnehmung, Psychose, Entspannung und gehobener Stimmung f\u00fchrt. Um hochwertige Produkte zu erhalten, besuchen Sie einfach unseren vertrauensw\u00fcrdigen Online-Shop. Wir kaufen unsere Produkte ausschlie\u00dflich von namhaften Herstellern, um die Sicherheit unserer Kunden zu gew\u00e4hrleisten. Sie werden es nicht bereuen, uns zu testen. Kontaktieren Sie uns! <a href=\"https:\/\/legitgrams.com\/de\/\">LegitGrams<\/a><\/p>\n<p>Cannabinoide kommen nat\u00fcrlicherweise in Marihuanapflanzen vor und sind Bestandteil zahlreicher synthetischer Arzneimittel. Der Wirkstoff in Cannabis und das synthetische K2-Marihuanapapier sind chemisch vergleichbar. Die Wirkung ist am Ende einer Sitzung st\u00e4rker ausgepr\u00e4gt, und man kann sich beruhigt und beschwingt f\u00fchlen. Marihuana wird als sicherer Ersatz f\u00fcr eine Vielzahl von Freizeit- und medizinischen Zwecken verwendet, da immer mehr Menschen sich seiner wahren gesundheitlichen Vorteile bewusst werden. Sie sollten jedoch Ihre Dosierung \u00fcberwachen, da \u00fcberm\u00e4\u00dfiger Konsum zu Nebenwirkungen wie Angstzust\u00e4nden, Halluzinationen, Bluthochdruck, Brustbeschwerden, Atemnot, Krampfanf\u00e4llen und Erbrechen f\u00fchren kann. Dar\u00fcber hinaus <a href=\"https:\/\/www.google.com\/search?q=Buy+K2+Paper+Online&amp;num=10&amp;sca_esv=1a2a07081c7891bb&amp;rlz=1C1RXQR_enIN1098IN1098&amp;sxsrf=AHTn8zo6KND-vLPK91ycz-gl24HROHOyKg%3A1742187805538&amp;ei=Ha3XZ67HIMrCjuMP4vKnsQk&amp;ved=0ahUKEwjuyZ-qq5CMAxVKoWMGHWL5KZYQ4dUDCBA&amp;uact=5&amp;oq=Buy+K2+Paper+Online&amp;gs_lp=Egxnd3Mtd2l6LXNlcnAiE0J1eSBLMiBQYXBlciBPbmxpbmVIsglQ4QVY4QVwA3gAkAEAmAG8AaABvAGqAQMwLjG4AQPIAQD4AQL4AQGYAgCgAgCYAwCIBgGSBwCgB0c&amp;sclient=gws-wiz-serp\">certain K2 spice<\/a> Produkte auf dem Markt k\u00f6nnen gef\u00e4hrliche Chemikalien enthalten. Daher ist es wichtig, bei einem vertrauensw\u00fcrdigen Anbieter zu kaufen.<\/p>\n<p>Suchen Sie nach den besten Kr\u00e4uterprodukten zum Kaufen? Wir bieten Ihnen eine ausgezeichnete M\u00f6glichkeit, K2-Papier online zu einem fairen Preis zu kaufen, und wir haben eine betr\u00e4chtliche globale Kundenbasis. Neben der gr\u00f6\u00dften Auswahl an Waren bieten wir auch sichere Zahlungsmethoden und diskrete Lieferung. Ein Stopp in nahegelegenen Superm\u00e4rkten oder Rastst\u00e4tten ist nicht erforderlich. Das Unternehmen arbeitet st\u00e4ndig daran, die Qualit\u00e4t seiner Waren und seines Kundendienstes zu verbessern, um wettbewerbsf\u00e4hig zu bleiben. Ihre Zufriedenheit hat f\u00fcr uns oberste Priorit\u00e4t, und wir haben sachkundige Mitarbeiter, die sich um alle Probleme k\u00fcmmern. Wenn Sie Fragen oder Bedenken haben, z\u00f6gern Sie nicht, sich mit uns in Verbindung zu setzen.<\/p>\n<p>K2-Papier g\u00fcnstig zu verkaufen <a href=\"https:\/\/en.wikipedia.org\/wiki\/K2\">K2<\/a>-infused document, Law you can buy spice paper, liquid K2 on paper, and <a href=\"https:\/\/duckduckgo.com\/?q=Buy+K2+Paper+Online&amp;t=h_&amp;ia=web\">high K2 spice paper<\/a> online.<\/p>\n<h2><\/h2>\n<h2><\/h2>\n<p>&nbsp;<\/p>","protected":false},"excerpt":{"rendered":"<p>Purchase K2 paper online. Get cheap K2 paper sheets delivered straight to your home. Buy K2 paper online. Cannabis users are increasingly turning to synthetic marijuana. A blend of artificial chemicals and finely chopped plant material with psychedelic effects is known as K2-infused paper. Research indicates that the chemicals bind to the same receptors on &hellip;<\/p>\n<p class=\"read-more\"> <a class=\"\" href=\"https:\/\/legitgrams.com\/de\/produkt\/k2-papier\/\"> <span class=\"screen-reader-text\">K2-Papier online kaufen<\/span> Mehr lesen \"<\/a><\/p>","protected":false},"featured_media":5342,"comment_status":"open","ping_status":"closed","template":"","meta":{"_uag_custom_page_level_css":"","site-sidebar-layout":"default","site-content-layout":"default","ast-global-header-display":"","ast-main-header-display":"","ast-hfb-above-header-display":"","ast-hfb-below-header-display":"","ast-hfb-mobile-header-display":"","site-post-title":"","ast-breadcrumbs-content":"","ast-featured-img":"","footer-sml-layout":"","theme-transparent-header-meta":"default","adv-header-id-meta":"","stick-header-meta":"default","header-above-stick-meta":"","header-main-stick-meta":"","header-below-stick-meta":"","_joinchat":[]},"product_brand":[],"product_cat":[602],"product_tag":[2992,2982,617,2974,2989,2986,2981,2973,2976,2977,2984,2975,2985,2987,2994,2995,2993,2990,2979,2991,2988,625,2980,2983,2978],"class_list":{"0":"post-4004","1":"product","2":"type-product","3":"status-publish","4":"has-post-thumbnail","6":"product_cat-k2-paper-and-spray","7":"product_tag-best-cheap-price-k2-paper","8":"product_tag-best-place-to-buy-k2-paper","9":"product_tag-bulk-online","10":"product_tag-buy-k2-paper","11":"product_tag-cheap-k2-paper","12":"product_tag-high-quality-k2-paper","13":"product_tag-how-to-buy-k2-paper","14":"product_tag-k2-paper","15":"product_tag-k2-paper-for-sale","16":"product_tag-k2-paper-k2-paper-supplier","17":"product_tag-k2-paper-legally","18":"product_tag-k2-paper-online","19":"product_tag-k2-paper-price","20":"product_tag-k2-paper-store","21":"product_tag-k2-paper-use","22":"product_tag-k2-paper-wiki","23":"product_tag-k2-paper-worldwide","24":"product_tag-k2-papers","25":"product_tag-order-k2-paper","26":"product_tag-purcharse-k2-paper","27":"product_tag-shop-k2-paper","28":"product_tag-top-quality","29":"product_tag-where-to-buy-k2-paper","30":"product_tag-where-to-order-k2-paper","31":"product_tag-wholesale-k2-paper","32":"desktop-align-left","33":"tablet-align-left","34":"mobile-align-left","35":"ast-product-gallery-layout-horizontal","36":"ast-product-gallery-with-no-image","37":"ast-product-single-variable","38":"ast-product-tabs-layout-horizontal","39":"ast-qv-on-image","41":"first","42":"instock","43":"shipping-taxable","44":"purchasable","45":"product-type-variable"},"yoast_head":"<!-- This site is optimized with the Yoast SEO plugin v25.9 - https:\/\/yoast.com\/wordpress\/plugins\/seo\/ -->\n<title>K2 Paper for Sale - Order K2 Paper Online | LegitGrams<\/title>\n<meta name=\"description\" content=\"Your order for K2 paper for sale is our responsibility. We will take your order to buy K2 paper into consideration and reach you in a short period. Place bulk orders now!\" \/>\n<meta name=\"robots\" content=\"index, follow, max-snippet:-1, max-image-preview:large, max-video-preview:-1\" \/>\n<link rel=\"canonical\" href=\"https:\/\/legitgrams.com\/de\/produkt\/k2-papier\/\" \/>\n<meta property=\"og:locale\" content=\"de_DE\" \/>\n<meta property=\"og:type\" content=\"article\" \/>\n<meta property=\"og:title\" content=\"K2 Paper for Sale - Order K2 Paper Online | LegitGrams\" \/>\n<meta property=\"og:description\" content=\"Your order for K2 paper for sale is our responsibility. We will take your order to buy K2 paper into consideration and reach you in a short period. Place bulk orders now!\" \/>\n<meta property=\"og:url\" content=\"https:\/\/legitgrams.com\/de\/produkt\/k2-papier\/\" \/>\n<meta property=\"og:site_name\" content=\"Legit Grams\" \/>\n<meta property=\"article:modified_time\" content=\"2025-04-04T07:35:26+00:00\" \/>\n<meta property=\"og:image\" content=\"https:\/\/legitgrams.com\/wp-content\/uploads\/2024\/09\/Buy-K2-paper-online.jpg\" \/>\n\t<meta property=\"og:image:width\" content=\"600\" \/>\n\t<meta property=\"og:image:height\" content=\"600\" \/>\n\t<meta property=\"og:image:type\" content=\"image\/jpeg\" \/>\n<meta name=\"twitter:card\" content=\"summary_large_image\" \/>\n<meta name=\"twitter:label1\" content=\"Gesch\u00e4tzte Lesezeit\" \/>\n\t<meta name=\"twitter:data1\" content=\"2\u00a0Minuten\" \/>\n<script type=\"application\/ld+json\" class=\"yoast-schema-graph\">{\"@context\":\"https:\/\/schema.org\",\"@graph\":[{\"@type\":\"WebPage\",\"@id\":\"https:\/\/legitgrams.com\/product\/k2-paper\/\",\"url\":\"https:\/\/legitgrams.com\/product\/k2-paper\/\",\"name\":\"K2 Paper for Sale - Order K2 Paper Online | LegitGrams\",\"isPartOf\":{\"@id\":\"https:\/\/legitgrams.com\/#website\"},\"primaryImageOfPage\":{\"@id\":\"https:\/\/legitgrams.com\/product\/k2-paper\/#primaryimage\"},\"image\":{\"@id\":\"https:\/\/legitgrams.com\/product\/k2-paper\/#primaryimage\"},\"thumbnailUrl\":\"https:\/\/legitgrams.com\/wp-content\/uploads\/2024\/09\/Buy-K2-paper-online.jpg\",\"datePublished\":\"2024-09-21T07:51:28+00:00\",\"dateModified\":\"2025-04-04T07:35:26+00:00\",\"description\":\"Your order for K2 paper for sale is our responsibility. We will take your order to buy K2 paper into consideration and reach you in a short period. Place bulk orders now!\",\"breadcrumb\":{\"@id\":\"https:\/\/legitgrams.com\/product\/k2-paper\/#breadcrumb\"},\"inLanguage\":\"de\",\"potentialAction\":[{\"@type\":\"ReadAction\",\"target\":[\"https:\/\/legitgrams.com\/product\/k2-paper\/\"]}]},{\"@type\":\"ImageObject\",\"inLanguage\":\"de\",\"@id\":\"https:\/\/legitgrams.com\/product\/k2-paper\/#primaryimage\",\"url\":\"https:\/\/legitgrams.com\/wp-content\/uploads\/2024\/09\/Buy-K2-paper-online.jpg\",\"contentUrl\":\"https:\/\/legitgrams.com\/wp-content\/uploads\/2024\/09\/Buy-K2-paper-online.jpg\",\"width\":600,\"height\":600,\"caption\":\"K2 Paper for Sale\"},{\"@type\":\"BreadcrumbList\",\"@id\":\"https:\/\/legitgrams.com\/product\/k2-paper\/#breadcrumb\",\"itemListElement\":[{\"@type\":\"ListItem\",\"position\":1,\"name\":\"Home\",\"item\":\"https:\/\/legitgrams.com\/\"},{\"@type\":\"ListItem\",\"position\":2,\"name\":\"Shop\",\"item\":\"https:\/\/legitgrams.com\/shop\/\"},{\"@type\":\"ListItem\",\"position\":3,\"name\":\"Buy K2 Paper Online\"}]},{\"@type\":\"WebSite\",\"@id\":\"https:\/\/legitgrams.com\/#website\",\"url\":\"https:\/\/legitgrams.com\/\",\"name\":\"Legit Grams\",\"description\":\"My WordPress Blog\",\"publisher\":{\"@id\":\"https:\/\/legitgrams.com\/#organization\"},\"potentialAction\":[{\"@type\":\"SearchAction\",\"target\":{\"@type\":\"EntryPoint\",\"urlTemplate\":\"https:\/\/legitgrams.com\/?s={search_term_string}\"},\"query-input\":{\"@type\":\"PropertyValueSpecification\",\"valueRequired\":true,\"valueName\":\"search_term_string\"}}],\"inLanguage\":\"de\"},{\"@type\":\"Organization\",\"@id\":\"https:\/\/legitgrams.com\/#organization\",\"name\":\"Legit Grams\",\"url\":\"https:\/\/legitgrams.com\/\",\"logo\":{\"@type\":\"ImageObject\",\"inLanguage\":\"de\",\"@id\":\"https:\/\/legitgrams.com\/#\/schema\/logo\/image\/\",\"url\":\"https:\/\/legitgrams.com\/wp-content\/uploads\/2024\/09\/main-logo.png\",\"contentUrl\":\"https:\/\/legitgrams.com\/wp-content\/uploads\/2024\/09\/main-logo.png\",\"width\":270,\"height\":75,\"caption\":\"Legit Grams\"},\"image\":{\"@id\":\"https:\/\/legitgrams.com\/#\/schema\/logo\/image\/\"}}]}<\/script>\n<!-- \/ Yoast SEO plugin. -->","yoast_head_json":{"title":"K2 Papier zu verkaufen - K2 Papier online bestellen | LegitGrams","description":"Ihre Bestellung von K2-Papier zum Verkauf liegt in unserer Verantwortung. Wir werden Ihren Auftrag zum Kauf von K2-Papier ber\u00fccksichtigen und Sie in kurzer Zeit erreichen. Jetzt Gro\u00dfbestellungen aufgeben!","robots":{"index":"index","follow":"follow","max-snippet":"max-snippet:-1","max-image-preview":"max-image-preview:large","max-video-preview":"max-video-preview:-1"},"canonical":"https:\/\/legitgrams.com\/de\/produkt\/k2-papier\/","og_locale":"de_DE","og_type":"article","og_title":"K2 Paper for Sale - Order K2 Paper Online | LegitGrams","og_description":"Your order for K2 paper for sale is our responsibility. We will take your order to buy K2 paper into consideration and reach you in a short period. Place bulk orders now!","og_url":"https:\/\/legitgrams.com\/de\/produkt\/k2-papier\/","og_site_name":"Legit Grams","article_modified_time":"2025-04-04T07:35:26+00:00","og_image":[{"width":600,"height":600,"url":"https:\/\/legitgrams.com\/wp-content\/uploads\/2024\/09\/Buy-K2-paper-online.jpg","type":"image\/jpeg"}],"twitter_card":"summary_large_image","twitter_misc":{"Gesch\u00e4tzte Lesezeit":"2\u00a0Minuten"},"schema":{"@context":"https:\/\/schema.org","@graph":[{"@type":"WebPage","@id":"https:\/\/legitgrams.com\/product\/k2-paper\/","url":"https:\/\/legitgrams.com\/product\/k2-paper\/","name":"K2 Papier zu verkaufen - K2 Papier online bestellen | LegitGrams","isPartOf":{"@id":"https:\/\/legitgrams.com\/#website"},"primaryImageOfPage":{"@id":"https:\/\/legitgrams.com\/product\/k2-paper\/#primaryimage"},"image":{"@id":"https:\/\/legitgrams.com\/product\/k2-paper\/#primaryimage"},"thumbnailUrl":"https:\/\/legitgrams.com\/wp-content\/uploads\/2024\/09\/Buy-K2-paper-online.jpg","datePublished":"2024-09-21T07:51:28+00:00","dateModified":"2025-04-04T07:35:26+00:00","description":"Ihre Bestellung von K2-Papier zum Verkauf liegt in unserer Verantwortung. Wir werden Ihren Auftrag zum Kauf von K2-Papier ber\u00fccksichtigen und Sie in kurzer Zeit erreichen. Jetzt Gro\u00dfbestellungen aufgeben!","breadcrumb":{"@id":"https:\/\/legitgrams.com\/product\/k2-paper\/#breadcrumb"},"inLanguage":"de","potentialAction":[{"@type":"ReadAction","target":["https:\/\/legitgrams.com\/product\/k2-paper\/"]}]},{"@type":"ImageObject","inLanguage":"de","@id":"https:\/\/legitgrams.com\/product\/k2-paper\/#primaryimage","url":"https:\/\/legitgrams.com\/wp-content\/uploads\/2024\/09\/Buy-K2-paper-online.jpg","contentUrl":"https:\/\/legitgrams.com\/wp-content\/uploads\/2024\/09\/Buy-K2-paper-online.jpg","width":600,"height":600,"caption":"K2 Paper for Sale"},{"@type":"BreadcrumbList","@id":"https:\/\/legitgrams.com\/product\/k2-paper\/#breadcrumb","itemListElement":[{"@type":"ListItem","position":1,"name":"Home","item":"https:\/\/legitgrams.com\/"},{"@type":"ListItem","position":2,"name":"Shop","item":"https:\/\/legitgrams.com\/shop\/"},{"@type":"ListItem","position":3,"name":"Buy K2 Paper Online"}]},{"@type":"WebSite","@id":"https:\/\/legitgrams.com\/#website","url":"https:\/\/legitgrams.com\/","name":"Legitimer Grammwert","description":"Mein WordPress-Blog","publisher":{"@id":"https:\/\/legitgrams.com\/#organization"},"potentialAction":[{"@type":"SearchAction","target":{"@type":"EntryPoint","urlTemplate":"https:\/\/legitgrams.com\/?s={search_term_string}"},"query-input":{"@type":"PropertyValueSpecification","valueRequired":true,"valueName":"search_term_string"}}],"inLanguage":"de"},{"@type":"Organization","@id":"https:\/\/legitgrams.com\/#organization","name":"Legitimer Grammwert","url":"https:\/\/legitgrams.com\/","logo":{"@type":"ImageObject","inLanguage":"de","@id":"https:\/\/legitgrams.com\/#\/schema\/logo\/image\/","url":"https:\/\/legitgrams.com\/wp-content\/uploads\/2024\/09\/main-logo.png","contentUrl":"https:\/\/legitgrams.com\/wp-content\/uploads\/2024\/09\/main-logo.png","width":270,"height":75,"caption":"Legit Grams"},"image":{"@id":"https:\/\/legitgrams.com\/#\/schema\/logo\/image\/"}}]}},"uagb_featured_image_src":{"full":["https:\/\/legitgrams.com\/wp-content\/uploads\/2024\/09\/Buy-K2-paper-online.jpg",600,600,false],"thumbnail":["https:\/\/legitgrams.com\/wp-content\/uploads\/2024\/09\/Buy-K2-paper-online-150x150.jpg",150,150,true],"medium":["https:\/\/legitgrams.com\/wp-content\/uploads\/2024\/09\/Buy-K2-paper-online-300x300.jpg",300,300,true],"medium_large":["https:\/\/legitgrams.com\/wp-content\/uploads\/2024\/09\/Buy-K2-paper-online.jpg",600,600,false],"large":["https:\/\/legitgrams.com\/wp-content\/uploads\/2024\/09\/Buy-K2-paper-online.jpg",600,600,false],"1536x1536":["https:\/\/legitgrams.com\/wp-content\/uploads\/2024\/09\/Buy-K2-paper-online.jpg",600,600,false],"2048x2048":["https:\/\/legitgrams.com\/wp-content\/uploads\/2024\/09\/Buy-K2-paper-online.jpg",600,600,false],"trp-custom-language-flag":["https:\/\/legitgrams.com\/wp-content\/uploads\/2024\/09\/Buy-K2-paper-online-12x12.jpg",12,12,true],"woocommerce_thumbnail":["https:\/\/legitgrams.com\/wp-content\/uploads\/2024\/09\/Buy-K2-paper-online-300x300.jpg",300,300,true],"woocommerce_single":["https:\/\/legitgrams.com\/wp-content\/uploads\/2024\/09\/Buy-K2-paper-online.jpg",600,600,false],"woocommerce_gallery_thumbnail":["https:\/\/legitgrams.com\/wp-content\/uploads\/2024\/09\/Buy-K2-paper-online-100x100.jpg",100,100,true]},"uagb_author_info":{"display_name":"cokeblog18","author_link":"https:\/\/legitgrams.com\/de\/author\/"},"uagb_comment_info":0,"uagb_excerpt":"Purchase K2 paper online. Get cheap K2 paper sheets delivered straight to your home. Buy K2 paper online. Cannabis users are increasingly turning to synthetic marijuana. A blend of artificial chemicals and finely chopped plant material with psychedelic effects is known as K2-infused paper. Research indicates that the chemicals bind to the same receptors on&hellip;","_links":{"self":[{"href":"https:\/\/legitgrams.com\/de\/wp-json\/wp\/v2\/product\/4004","targetHints":{"allow":["GET"]}}],"collection":[{"href":"https:\/\/legitgrams.com\/de\/wp-json\/wp\/v2\/product"}],"about":[{"href":"https:\/\/legitgrams.com\/de\/wp-json\/wp\/v2\/types\/product"}],"replies":[{"embeddable":true,"href":"https:\/\/legitgrams.com\/de\/wp-json\/wp\/v2\/comments?post=4004"}],"wp:featuredmedia":[{"embeddable":true,"href":"https:\/\/legitgrams.com\/de\/wp-json\/wp\/v2\/media\/5342"}],"wp:attachment":[{"href":"https:\/\/legitgrams.com\/de\/wp-json\/wp\/v2\/media?parent=4004"}],"wp:term":[{"taxonomy":"product_brand","embeddable":true,"href":"https:\/\/legitgrams.com\/de\/wp-json\/wp\/v2\/product_brand?post=4004"},{"taxonomy":"product_cat","embeddable":true,"href":"https:\/\/legitgrams.com\/de\/wp-json\/wp\/v2\/product_cat?post=4004"},{"taxonomy":"product_tag","embeddable":true,"href":"https:\/\/legitgrams.com\/de\/wp-json\/wp\/v2\/product_tag?post=4004"}],"curies":[{"name":"wp","href":"https:\/\/api.w.org\/{rel}","templated":true}]}}