{"id":4005,"date":"2024-09-21T07:58:51","date_gmt":"2024-09-21T07:58:51","guid":{"rendered":"https:\/\/legitgrams.com\/?post_type=product&#038;p=4005"},"modified":"2025-04-04T07:07:15","modified_gmt":"2025-04-04T07:07:15","slug":"hi-tech-hustensaft","status":"publish","type":"product","link":"https:\/\/legitgrams.com\/de\/produkt\/hi-tech-hustensaft\/","title":{"rendered":"Hi-Tech Hustensaft online kaufen"},"content":{"rendered":"<h2>Hi-Tech Hustensaft online kaufen<\/h2>\n<p>Siehe <a href=\"https:\/\/legitgrams.com\/de\/produkt\/hi-tech-hustensaft\/\">Hightech-Hustensaft<\/a> online zu einem sehr g\u00fcnstigen Preis. Kaufen Sie auch Kokain zum Weiterverkauf. GHB ist eine der vielen Drogen und Stimulanzien, die wir verkaufen.<\/p>\n<p>Sie m\u00f6gen schmackhafte Speisen, aber denken, sie kommen zu langsam in Gang? Wegen seines Geschmacks und seiner St\u00e4rke, <a href=\"https:\/\/www.bing.com\/search?q=KaufenSieHi-TechHustensaftonline&amp;qs=n&amp;form=QBRE&amp;sp=-1&amp;ghc=1&amp;lq=0&amp;pq=kaufensiehi-techhustensaftonline&amp;sc=12-36&amp;sk=&amp;cvid=83267E1115374207BCDE8979122D5C6B&amp;ghsh=0&amp;ghacc=0&amp;ghpl=\">THC-Sirup<\/a> k\u00f6nnte Ihr neues Lieblingsmedikament zur Schmerzbehandlung werden.<\/p>\n<p>F\u00fcr Personen, die Cannabis sowohl zu therapeutischen als auch zu Freizeitzwecken verwenden m\u00f6chten, ist Cannabissirup gro\u00dfartig. Er ist wirksam, kraftvoll und wird bei umsichtiger Anwendung verwendet. Normalerweise dauert es 20 bis 30 Minuten, bis er zu wirken beginnt. Sie m\u00fcssen lediglich Ihre Portion nehmen und sie in eine beliebige Mahlzeit oder ein Getr\u00e4nk einr\u00fchren. Andererseits ist eine bescheidene Menge leicht einzunehmen. So einfach ist das!<\/p>\n<h2><span style=\"font-size: 16px; font-style: normal; font-weight: 400;\">Hightech-Hustensaft, Premium-Hustensaft, Premium-Hustensaft zu verkaufen, Premium-Hustensaft online und Premium-Hustensaft zu g\u00fcnstigen Preisen. <a href=\"https:\/\/www.google.com\/search?q=Kaufen+Sie+Hi-Tech+Hustensaft+online&amp;sca_esv=eddefdb7b92e7545&amp;sxsrf=AHTn8zpnBNiOo2_Ynm9foAJ1AKun1wmFhA1743750647490&amp;ei=94XvZ8zRHdzw0PEPjNnGkAw&amp;ved=0ahUKEwiMqa6v6b2MAxVcODQIHYysEcIQ4dUDCBA&amp;uact=5&amp;oq=Kaufen+Sie+Hi-Tech+Hustensaft+online&amp;gs_lp=Egxnd3Mtd2l6LXNlcnAiJEthdWZlbiBTaWUgSGktVGVjaCBIdXN0ZW5zYWZ0IG9ubGluZTIFECEYoAEyBRAhGKABMgUQIRigATIFECEYoAFIrARQAFgAcAB4AJABAJgBigSgAYoEqgEDNS0xuAEDyAEA-AEC-AEBmAIBoAKPBJgDAJIHAzQtMaAHjwSyBwM0LTG4B48E&amp;sclient=gws-wiz-serp\">THC-Sirup<\/a> ist ein Vorschlag, alle Vorteile dieser bemerkenswerten Pflanze f\u00fcr Menschen zu nutzen, die Marihuana nicht rauchen k\u00f6nnen oder zu krank daf\u00fcr sind. Die Verf\u00fcgbarkeit von CBD-Sirup w\u00e4re f\u00fcr Patienten unter vorsichtiger Therapie von Vorteil. Das ist jedoch ein Thema f\u00fcr einen anderen Aufsatz! <a href=\"https:\/\/legitgrams.com\/de\/\">LegitGrams<\/a><br \/>\n<\/span><\/h2>\n<h3>Umfassende Richtlinien zur Herstellung von THC-Sirups<\/h3>\n<p>Wenn Sie nach einem einfachen Rezept f\u00fcr THC-Sirup suchen, sind Sie hier richtig. Mit nur wenigen Zutaten und wenig Ausr\u00fcstung ist es durchaus m\u00f6glich, einen gie\u00dfbaren <a href=\"https:\/\/duckduckgo.com\/?q=Kaufen+Sie+Hi-Tech+Hustensaft+online&amp;t=h_&amp;ia=web\">THC-Sirup<\/a> zu Hause. THC ist m\u00f6glicherweise die am einfachsten selbst herzustellende Substanz, da es unwahrscheinlich ist, dass es durch potenziell sch\u00e4dliche synthetische Mittel aus Pflanzenmaterial extrahiert wird.<\/p>\n<p>Was Sie zur Herstellung Ihres eigenen THC-Mischsirups ben\u00f6tigen, ist \u2026<\/p>\n<p>Aqua. Etwa 200 ml Sirup reichen v\u00f6llig aus. Normalerweise k\u00f6nnen Sie sp\u00e4ter mehr herstellen, da die Formel so einfach zu befolgen ist.<\/p>\n<p>Sch\u00f6n. Wie lange Sie Ihren Cannabissirup im K\u00fchlschrank aufbewahren k\u00f6nnen, h\u00e4ngt davon ab, wie viel Zucker Sie verwenden. Sie k\u00f6nnen den resultierenden Sirup etwa drei Monate lang aufbewahren, wenn Sie zwei Teile Zucker auf einen Teil Wasser verwenden. Obwohl er nicht so lange haltbar ist, kann auch ein 1:1-Sirup hergestellt werden.<\/p>\n<p>Es sollte eine Art rohes decarboxyliertes THC-Produkt vorhanden sein (Bloom, Trim, Shake, Hasch, \u00d6l, Break, Wachs), aber es kann alles verwendet werden.<\/p>\n<h3>THC-SIRUP-DOSIERUNG<\/h3>\n<p>Jeder Mensch hat eine ganz unterschiedliche Menge an THC-Sirup. Es ist wichtig, vorsichtig zu sein und die St\u00e4rke eines THC-haltigen Produkts gegen seine Wirksamkeit abzuw\u00e4gen. High-Tech-Hustensaft zu verkaufen, High-Tech-Cannabis-Sirup, kosteng\u00fcnstiger High-Tech-Hustensaft und High-Tech-Hustensaft online<\/p>\n<p>Selbstgemachte THC-Mischsirups haben den Nachteil, dass man oft nicht genau sagen kann, wie konzentriert sie sind. Wenn Sie das beunruhigt oder Sie einfach keine Lust haben, sehen Sie sich unten unsere besten Optionen auf dem Markt an, um sich den (geringen) Aufwand zu ersparen, Ihren eigenen Sirup herzustellen.<\/p>\n<p>Kaufen <a href=\"https:\/\/en.wikipedia.org\/wiki\/High_tech\">Hi-Tech<\/a> Hustensaft online: Hustensaft kaufen, Hi-Tech-Hustensaft kaufen, Hustensaft online kaufen, Wie kaufe ich Hi-Tech-Hustensaft, Wo kaufe ich ihn, Wie kaufe ich ihn online, Wie kaufe ich ihn in den USA, Kanada und Gro\u00dfbritannien, Wie kaufe ich ihn online, Wo kaufe ich ihn, Lieferanten, Sichere Lieferung, Hi-Tech-Hustensaft ist noch erh\u00e4ltlich. Ist der Kauf von Hi-Tech-Hustensaft in den Vereinigten Staaten erlaubt? Wie l\u00e4uft die Bestellung von Hi-Tech-Hustensaft ab? Ist es in Kanada legal?<\/p>","protected":false},"excerpt":{"rendered":"<p>Purchase of Hi-Tech cough syrup Online Get high-tech cough syrup online for a very affordable price. also purchase cocaine to resell. GHB is among the many drugs and stimulants that we sell. Do you like palatables but think they&#8217;re too slow to get going? Because of its flavor and strength, THC syrup might become your &hellip;<\/p>\n<p class=\"read-more\"> <a class=\"\" href=\"https:\/\/legitgrams.com\/de\/produkt\/hi-tech-hustensaft\/\"> <span class=\"screen-reader-text\">Hi-Tech Hustensaft online kaufen<\/span> Mehr lesen \"<\/a><\/p>","protected":false},"featured_media":5344,"comment_status":"open","ping_status":"closed","template":"","meta":{"_uag_custom_page_level_css":"","site-sidebar-layout":"default","site-content-layout":"default","ast-global-header-display":"","ast-main-header-display":"","ast-hfb-above-header-display":"","ast-hfb-below-header-display":"","ast-hfb-mobile-header-display":"","site-post-title":"","ast-breadcrumbs-content":"","ast-featured-img":"","footer-sml-layout":"","theme-transparent-header-meta":"default","adv-header-id-meta":"","stick-header-meta":"default","header-above-stick-meta":"","header-main-stick-meta":"","header-below-stick-meta":"","_joinchat":[]},"product_brand":[],"product_cat":[603],"product_tag":[2969,2959,617,2951,2966,2950,2953,2954,2961,2952,2962,2964,2971,2972,2970,2967,2963,2958,2956,2968,2965,625,2957,2960,2955],"class_list":{"0":"post-4005","1":"product","2":"type-product","3":"status-publish","4":"has-post-thumbnail","6":"product_cat-cough-syrup","7":"product_tag-best-cheap-price-hi-tech-cough-syrup","8":"product_tag-best-place-to-buy-hi-tech-cough-syrup","9":"product_tag-bulk-online","10":"product_tag-buy-hi-tech-cough-syrup","11":"product_tag-cheap-hi-tech-cough-syrup","12":"product_tag-hi-tech-cough-syrup","13":"product_tag-hi-tech-cough-syrup-for-sale","14":"product_tag-hi-tech-cough-syrup-hi-tech-cough-syrup-supplier","15":"product_tag-hi-tech-cough-syrup-legally","16":"product_tag-hi-tech-cough-syrup-online","17":"product_tag-hi-tech-cough-syrup-price","18":"product_tag-hi-tech-cough-syrup-store","19":"product_tag-hi-tech-cough-syrup-use","20":"product_tag-hi-tech-cough-syrup-wiki","21":"product_tag-hi-tech-cough-syrup-worldwide","22":"product_tag-hi-tech-cough-syrups","23":"product_tag-high-quality-hi-tech-cough-syrup","24":"product_tag-how-to-buy-hi-tech-cough-syrup","25":"product_tag-order-hi-tech-cough-syrup","26":"product_tag-purcharse-hi-tech-cough-syrup","27":"product_tag-shop-hi-tech-cough-syrup","28":"product_tag-top-quality","29":"product_tag-where-to-buy-hi-tech-cough-syrup","30":"product_tag-where-to-order-hi-tech-cough-syrup","31":"product_tag-wholesale-hi-tech-cough-syrup","32":"desktop-align-left","33":"tablet-align-left","34":"mobile-align-left","35":"ast-product-gallery-layout-horizontal","36":"ast-product-gallery-with-no-image","37":"ast-product-single-variable","38":"ast-product-tabs-layout-horizontal","39":"ast-qv-on-image","41":"first","42":"instock","43":"shipping-taxable","44":"purchasable","45":"product-type-variable"},"yoast_head":"<!-- This site is optimized with the Yoast SEO plugin v25.9 - https:\/\/yoast.com\/wordpress\/plugins\/seo\/ -->\n<title>Hi-Tech Cough Syrup for Sale - Buy Hi-Tech Cough Syrup Online<\/title>\n<meta name=\"description\" content=\"Buy Hi-Tech Cough Syruponline from our trusted online store for top-quality products. Get Hi-Tech Cough Syrup for sale easily and securely on our platform for ultimate customer satisfaction. Order Now!\" \/>\n<meta name=\"robots\" content=\"index, follow, max-snippet:-1, max-image-preview:large, max-video-preview:-1\" \/>\n<link rel=\"canonical\" href=\"https:\/\/legitgrams.com\/de\/produkt\/hi-tech-hustensaft\/\" \/>\n<meta property=\"og:locale\" content=\"de_DE\" \/>\n<meta property=\"og:type\" content=\"article\" \/>\n<meta property=\"og:title\" content=\"Hi-Tech Cough Syrup for Sale - Buy Hi-Tech Cough Syrup Online\" \/>\n<meta property=\"og:description\" content=\"Buy Hi-Tech Cough Syruponline from our trusted online store for top-quality products. Get Hi-Tech Cough Syrup for sale easily and securely on our platform for ultimate customer satisfaction. Order Now!\" \/>\n<meta property=\"og:url\" content=\"https:\/\/legitgrams.com\/de\/produkt\/hi-tech-hustensaft\/\" \/>\n<meta property=\"og:site_name\" content=\"Legit Grams\" \/>\n<meta property=\"article:modified_time\" content=\"2025-04-04T07:07:15+00:00\" \/>\n<meta property=\"og:image\" content=\"https:\/\/legitgrams.com\/wp-content\/uploads\/2024\/09\/buy-hi-tech-cough-syrup-online.jpg\" \/>\n\t<meta property=\"og:image:width\" content=\"600\" \/>\n\t<meta property=\"og:image:height\" content=\"600\" \/>\n\t<meta property=\"og:image:type\" content=\"image\/jpeg\" \/>\n<meta name=\"twitter:card\" content=\"summary_large_image\" \/>\n<meta name=\"twitter:label1\" content=\"Gesch\u00e4tzte Lesezeit\" \/>\n\t<meta name=\"twitter:data1\" content=\"3\u00a0Minuten\" \/>\n<script type=\"application\/ld+json\" class=\"yoast-schema-graph\">{\"@context\":\"https:\/\/schema.org\",\"@graph\":[{\"@type\":\"WebPage\",\"@id\":\"https:\/\/legitgrams.com\/product\/hi-tech-cough-syrup\/\",\"url\":\"https:\/\/legitgrams.com\/product\/hi-tech-cough-syrup\/\",\"name\":\"Hi-Tech Cough Syrup for Sale - Buy Hi-Tech Cough Syrup Online\",\"isPartOf\":{\"@id\":\"https:\/\/legitgrams.com\/#website\"},\"primaryImageOfPage\":{\"@id\":\"https:\/\/legitgrams.com\/product\/hi-tech-cough-syrup\/#primaryimage\"},\"image\":{\"@id\":\"https:\/\/legitgrams.com\/product\/hi-tech-cough-syrup\/#primaryimage\"},\"thumbnailUrl\":\"https:\/\/legitgrams.com\/wp-content\/uploads\/2024\/09\/buy-hi-tech-cough-syrup-online.jpg\",\"datePublished\":\"2024-09-21T07:58:51+00:00\",\"dateModified\":\"2025-04-04T07:07:15+00:00\",\"description\":\"Buy Hi-Tech Cough Syruponline from our trusted online store for top-quality products. Get Hi-Tech Cough Syrup for sale easily and securely on our platform for ultimate customer satisfaction. Order Now!\",\"breadcrumb\":{\"@id\":\"https:\/\/legitgrams.com\/product\/hi-tech-cough-syrup\/#breadcrumb\"},\"inLanguage\":\"de\",\"potentialAction\":[{\"@type\":\"ReadAction\",\"target\":[\"https:\/\/legitgrams.com\/product\/hi-tech-cough-syrup\/\"]}]},{\"@type\":\"ImageObject\",\"inLanguage\":\"de\",\"@id\":\"https:\/\/legitgrams.com\/product\/hi-tech-cough-syrup\/#primaryimage\",\"url\":\"https:\/\/legitgrams.com\/wp-content\/uploads\/2024\/09\/buy-hi-tech-cough-syrup-online.jpg\",\"contentUrl\":\"https:\/\/legitgrams.com\/wp-content\/uploads\/2024\/09\/buy-hi-tech-cough-syrup-online.jpg\",\"width\":600,\"height\":600,\"caption\":\"Hi-Tech Cough Syrup for Sale\"},{\"@type\":\"BreadcrumbList\",\"@id\":\"https:\/\/legitgrams.com\/product\/hi-tech-cough-syrup\/#breadcrumb\",\"itemListElement\":[{\"@type\":\"ListItem\",\"position\":1,\"name\":\"Home\",\"item\":\"https:\/\/legitgrams.com\/\"},{\"@type\":\"ListItem\",\"position\":2,\"name\":\"Shop\",\"item\":\"https:\/\/legitgrams.com\/shop\/\"},{\"@type\":\"ListItem\",\"position\":3,\"name\":\"Buy Hi-Tech cough syrup Online\"}]},{\"@type\":\"WebSite\",\"@id\":\"https:\/\/legitgrams.com\/#website\",\"url\":\"https:\/\/legitgrams.com\/\",\"name\":\"Legit Grams\",\"description\":\"My WordPress Blog\",\"publisher\":{\"@id\":\"https:\/\/legitgrams.com\/#organization\"},\"potentialAction\":[{\"@type\":\"SearchAction\",\"target\":{\"@type\":\"EntryPoint\",\"urlTemplate\":\"https:\/\/legitgrams.com\/?s={search_term_string}\"},\"query-input\":{\"@type\":\"PropertyValueSpecification\",\"valueRequired\":true,\"valueName\":\"search_term_string\"}}],\"inLanguage\":\"de\"},{\"@type\":\"Organization\",\"@id\":\"https:\/\/legitgrams.com\/#organization\",\"name\":\"Legit Grams\",\"url\":\"https:\/\/legitgrams.com\/\",\"logo\":{\"@type\":\"ImageObject\",\"inLanguage\":\"de\",\"@id\":\"https:\/\/legitgrams.com\/#\/schema\/logo\/image\/\",\"url\":\"https:\/\/legitgrams.com\/wp-content\/uploads\/2024\/09\/main-logo.png\",\"contentUrl\":\"https:\/\/legitgrams.com\/wp-content\/uploads\/2024\/09\/main-logo.png\",\"width\":270,\"height\":75,\"caption\":\"Legit Grams\"},\"image\":{\"@id\":\"https:\/\/legitgrams.com\/#\/schema\/logo\/image\/\"}}]}<\/script>\n<!-- \/ Yoast SEO plugin. -->","yoast_head_json":{"title":"Hi-Tech Hustensaft zu verkaufen \u2013 Hi-Tech Hustensaft online kaufen","description":"Hi-Tech Hustensaft online in unserem vertrauensw\u00fcrdigen Online kaufen-Shop f\u00fcr Produkte von h\u00f6chster Qualit\u00e4t. Holen Sie sich Hi-Tech Hustensirup zum Verkauf einfach und sicher auf unserer Plattform f\u00fcr ultimative Kundenzufriedenheit. Bestellen Sie jetzt!","robots":{"index":"index","follow":"follow","max-snippet":"max-snippet:-1","max-image-preview":"max-image-preview:large","max-video-preview":"max-video-preview:-1"},"canonical":"https:\/\/legitgrams.com\/de\/produkt\/hi-tech-hustensaft\/","og_locale":"de_DE","og_type":"article","og_title":"Hi-Tech Cough Syrup for Sale - Buy Hi-Tech Cough Syrup Online","og_description":"Buy Hi-Tech Cough Syruponline from our trusted online store for top-quality products. Get Hi-Tech Cough Syrup for sale easily and securely on our platform for ultimate customer satisfaction. Order Now!","og_url":"https:\/\/legitgrams.com\/de\/produkt\/hi-tech-hustensaft\/","og_site_name":"Legit Grams","article_modified_time":"2025-04-04T07:07:15+00:00","og_image":[{"width":600,"height":600,"url":"https:\/\/legitgrams.com\/wp-content\/uploads\/2024\/09\/buy-hi-tech-cough-syrup-online.jpg","type":"image\/jpeg"}],"twitter_card":"summary_large_image","twitter_misc":{"Gesch\u00e4tzte Lesezeit":"3\u00a0Minuten"},"schema":{"@context":"https:\/\/schema.org","@graph":[{"@type":"WebPage","@id":"https:\/\/legitgrams.com\/product\/hi-tech-cough-syrup\/","url":"https:\/\/legitgrams.com\/product\/hi-tech-cough-syrup\/","name":"Hi-Tech Hustensaft zu verkaufen \u2013 Hi-Tech Hustensaft online kaufen","isPartOf":{"@id":"https:\/\/legitgrams.com\/#website"},"primaryImageOfPage":{"@id":"https:\/\/legitgrams.com\/product\/hi-tech-cough-syrup\/#primaryimage"},"image":{"@id":"https:\/\/legitgrams.com\/product\/hi-tech-cough-syrup\/#primaryimage"},"thumbnailUrl":"https:\/\/legitgrams.com\/wp-content\/uploads\/2024\/09\/buy-hi-tech-cough-syrup-online.jpg","datePublished":"2024-09-21T07:58:51+00:00","dateModified":"2025-04-04T07:07:15+00:00","description":"Hi-Tech Hustensaft online in unserem vertrauensw\u00fcrdigen Online kaufen-Shop f\u00fcr Produkte von h\u00f6chster Qualit\u00e4t. Holen Sie sich Hi-Tech Hustensirup zum Verkauf einfach und sicher auf unserer Plattform f\u00fcr ultimative Kundenzufriedenheit. Bestellen Sie jetzt!","breadcrumb":{"@id":"https:\/\/legitgrams.com\/product\/hi-tech-cough-syrup\/#breadcrumb"},"inLanguage":"de","potentialAction":[{"@type":"ReadAction","target":["https:\/\/legitgrams.com\/product\/hi-tech-cough-syrup\/"]}]},{"@type":"ImageObject","inLanguage":"de","@id":"https:\/\/legitgrams.com\/product\/hi-tech-cough-syrup\/#primaryimage","url":"https:\/\/legitgrams.com\/wp-content\/uploads\/2024\/09\/buy-hi-tech-cough-syrup-online.jpg","contentUrl":"https:\/\/legitgrams.com\/wp-content\/uploads\/2024\/09\/buy-hi-tech-cough-syrup-online.jpg","width":600,"height":600,"caption":"Hi-Tech Cough Syrup for Sale"},{"@type":"BreadcrumbList","@id":"https:\/\/legitgrams.com\/product\/hi-tech-cough-syrup\/#breadcrumb","itemListElement":[{"@type":"ListItem","position":1,"name":"Home","item":"https:\/\/legitgrams.com\/"},{"@type":"ListItem","position":2,"name":"Shop","item":"https:\/\/legitgrams.com\/shop\/"},{"@type":"ListItem","position":3,"name":"Buy Hi-Tech cough syrup Online"}]},{"@type":"WebSite","@id":"https:\/\/legitgrams.com\/#website","url":"https:\/\/legitgrams.com\/","name":"Legitimer Grammwert","description":"Mein WordPress-Blog","publisher":{"@id":"https:\/\/legitgrams.com\/#organization"},"potentialAction":[{"@type":"SearchAction","target":{"@type":"EntryPoint","urlTemplate":"https:\/\/legitgrams.com\/?s={search_term_string}"},"query-input":{"@type":"PropertyValueSpecification","valueRequired":true,"valueName":"search_term_string"}}],"inLanguage":"de"},{"@type":"Organization","@id":"https:\/\/legitgrams.com\/#organization","name":"Legitimer Grammwert","url":"https:\/\/legitgrams.com\/","logo":{"@type":"ImageObject","inLanguage":"de","@id":"https:\/\/legitgrams.com\/#\/schema\/logo\/image\/","url":"https:\/\/legitgrams.com\/wp-content\/uploads\/2024\/09\/main-logo.png","contentUrl":"https:\/\/legitgrams.com\/wp-content\/uploads\/2024\/09\/main-logo.png","width":270,"height":75,"caption":"Legit Grams"},"image":{"@id":"https:\/\/legitgrams.com\/#\/schema\/logo\/image\/"}}]}},"uagb_featured_image_src":{"full":["https:\/\/legitgrams.com\/wp-content\/uploads\/2024\/09\/buy-hi-tech-cough-syrup-online.jpg",600,600,false],"thumbnail":["https:\/\/legitgrams.com\/wp-content\/uploads\/2024\/09\/buy-hi-tech-cough-syrup-online-150x150.jpg",150,150,true],"medium":["https:\/\/legitgrams.com\/wp-content\/uploads\/2024\/09\/buy-hi-tech-cough-syrup-online-300x300.jpg",300,300,true],"medium_large":["https:\/\/legitgrams.com\/wp-content\/uploads\/2024\/09\/buy-hi-tech-cough-syrup-online.jpg",600,600,false],"large":["https:\/\/legitgrams.com\/wp-content\/uploads\/2024\/09\/buy-hi-tech-cough-syrup-online.jpg",600,600,false],"1536x1536":["https:\/\/legitgrams.com\/wp-content\/uploads\/2024\/09\/buy-hi-tech-cough-syrup-online.jpg",600,600,false],"2048x2048":["https:\/\/legitgrams.com\/wp-content\/uploads\/2024\/09\/buy-hi-tech-cough-syrup-online.jpg",600,600,false],"trp-custom-language-flag":["https:\/\/legitgrams.com\/wp-content\/uploads\/2024\/09\/buy-hi-tech-cough-syrup-online-12x12.jpg",12,12,true],"woocommerce_thumbnail":["https:\/\/legitgrams.com\/wp-content\/uploads\/2024\/09\/buy-hi-tech-cough-syrup-online-300x300.jpg",300,300,true],"woocommerce_single":["https:\/\/legitgrams.com\/wp-content\/uploads\/2024\/09\/buy-hi-tech-cough-syrup-online.jpg",600,600,false],"woocommerce_gallery_thumbnail":["https:\/\/legitgrams.com\/wp-content\/uploads\/2024\/09\/buy-hi-tech-cough-syrup-online-100x100.jpg",100,100,true]},"uagb_author_info":{"display_name":"cokeblog18","author_link":"https:\/\/legitgrams.com\/de\/author\/"},"uagb_comment_info":0,"uagb_excerpt":"Purchase of Hi-Tech cough syrup Online Get high-tech cough syrup online for a very affordable price. also purchase cocaine to resell. GHB is among the many drugs and stimulants that we sell. Do you like palatables but think they&#8217;re too slow to get going? Because of its flavor and strength, THC syrup might become your&hellip;","_links":{"self":[{"href":"https:\/\/legitgrams.com\/de\/wp-json\/wp\/v2\/product\/4005","targetHints":{"allow":["GET"]}}],"collection":[{"href":"https:\/\/legitgrams.com\/de\/wp-json\/wp\/v2\/product"}],"about":[{"href":"https:\/\/legitgrams.com\/de\/wp-json\/wp\/v2\/types\/product"}],"replies":[{"embeddable":true,"href":"https:\/\/legitgrams.com\/de\/wp-json\/wp\/v2\/comments?post=4005"}],"wp:featuredmedia":[{"embeddable":true,"href":"https:\/\/legitgrams.com\/de\/wp-json\/wp\/v2\/media\/5344"}],"wp:attachment":[{"href":"https:\/\/legitgrams.com\/de\/wp-json\/wp\/v2\/media?parent=4005"}],"wp:term":[{"taxonomy":"product_brand","embeddable":true,"href":"https:\/\/legitgrams.com\/de\/wp-json\/wp\/v2\/product_brand?post=4005"},{"taxonomy":"product_cat","embeddable":true,"href":"https:\/\/legitgrams.com\/de\/wp-json\/wp\/v2\/product_cat?post=4005"},{"taxonomy":"product_tag","embeddable":true,"href":"https:\/\/legitgrams.com\/de\/wp-json\/wp\/v2\/product_tag?post=4005"}],"curies":[{"name":"wp","href":"https:\/\/api.w.org\/{rel}","templated":true}]}}