{"id":4006,"date":"2024-09-21T08:07:07","date_gmt":"2024-09-21T08:07:07","guid":{"rendered":"https:\/\/legitgrams.com\/?post_type=product&#038;p=4006"},"modified":"2025-04-04T07:02:30","modified_gmt":"2025-04-04T07:02:30","slug":"ketof-hustensirup","status":"publish","type":"product","link":"https:\/\/legitgrams.com\/de\/produkt\/ketof-hustensirup\/","title":{"rendered":"Ketof Hustensaft online kaufen"},"content":{"rendered":"<h2>Kaufen Sie Ketof Hustensaft online<\/h2>\n<p>Kaufen <a href=\"https:\/\/legitgrams.com\/de\/produkt\/ketof-hustensirup\/\">Ketof Hustensirup<\/a>. Another option is to <a href=\"https:\/\/www.bing.com\/search?q=KetofHustensaftonlinekaufen&amp;qs=n&amp;form=QBRE&amp;sp=-1&amp;lq=0&amp;pq=ketofhustensaftonlinekaufen&amp;sc=12-30&amp;sk=&amp;cvid=853295D9C6E8440795B516C54A97C728&amp;ghsh=0&amp;ghacc=0&amp;ghpl=\">buy heroin online<\/a> zu einem niedrigen Preis. Zu den vielen Substanzen, die wir hier verkaufen, geh\u00f6ren Kokain, Crystal Meth und viele mehr.<\/p>\n<h3>Wie kaufe ich Keto-Sirup online?<\/h3>\n<p>Suchen Sie nach einem Online-Verk\u00e4ufer von Ketosirup? Chemicals Lab macht es Ihnen einfach und bequem, Ketof Syrup online zu kaufen. Wir arbeiten hart daran, sicherzustellen, dass Sie immer Geld sparen, wenn Sie Ketof Syrup online in unserer Apotheke kaufen. Unser Ziel bei Chemistry Lab ist es, unseren Kunden mehr f\u00fcr weniger Geld zu bieten. <a href=\"https:\/\/legitgrams.com\/de\/\">LegitGrams<\/a><\/p>\n<p><a href=\"https:\/\/www.google.com\/search?q=Ketof+Hustensaft+online+kaufen&amp;sca_esv=eddefdb7b92e7545&amp;sxsrf=AHTn8zq6acKhYLEbK8JTxdOgvY_ebr8FpQ1743750580692&amp;ei=tIXvZ6SAKqK70PEP0ojMyAo&amp;ved=0ahUKEwikqsGP6b2MAxWiHTQIHVIEE6kQ4dUDCBA&amp;uact=5&amp;oq=Ketof+Hustensaft+online+kaufen&amp;gs_lp=Egxnd3Mtd2l6LXNlcnAiHktldG9mIEh1c3RlbnNhZnQgb25saW5lIGthdWZlbjIFECEYoAEyBRAhGKABMgUQIRigATIFECEYoAFInwRQAFgAcAB4AZABAJgBigSgAYoEqgEDNS0xuAEDyAEA-AEC-AEBmAIBoAKQBJgDAJIHAzQtMaAH7QOyBwM0LTG4B5AE&amp;sclient=gws-wiz-serp\">Ketof Hustensaft online kaufen<\/a>: Buy cough syrup, buy <a href=\"https:\/\/en.wikipedia.org\/wiki\/Ketotifen\">Ketof<\/a> Husten, Hustensaft online kaufen. Wo kann ich Hustensaft von Ketof kaufen? Ketof ist erh\u00e4ltlich. Sie k\u00f6nnen Hustensaft online kaufen, ihn sich sicher liefern lassen oder ihn direkt bei H\u00e4ndlern beziehen. Auch in den USA, Kanada und Gro\u00dfbritannien ist er erh\u00e4ltlich. Ketof Hustensaft ist weiterhin erh\u00e4ltlich. Ist der Kauf von Ketof Hustensaft in den USA erlaubt? Wie l\u00e4uft der Kauf ab? <a href=\"https:\/\/duckduckgo.com\/?q=Buy+Ketof+Cough+syrup+Online&amp;t=h_&amp;ia=web\">Ketof Hustensaft bestellen<\/a>? Is it legal to use Ketof cough syrup in Canada?<\/p>\n<h2><\/h2>\n<h2><\/h2>\n<h2><\/h2>\n<p>&nbsp;<\/p>\n<p>&nbsp;<\/p>","protected":false},"excerpt":{"rendered":"<p>Purchase of Ketof cough syrup Online Buy Ketof Cough Syrup. Another option is to buy heroin online at a low cost. Among the many substances we sell here are cocaine, crystal meth, and many more. How do I go about buying keto syrup online? Are you looking for an online seller of keto syrup? Chemicals &hellip;<\/p>\n<p class=\"read-more\"> <a class=\"\" href=\"https:\/\/legitgrams.com\/de\/produkt\/ketof-hustensirup\/\"> <span class=\"screen-reader-text\">Ketof Hustensaft online kaufen<\/span> Mehr lesen \"<\/a><\/p>","protected":false},"featured_media":5345,"comment_status":"open","ping_status":"closed","template":"","meta":{"_uag_custom_page_level_css":"","site-sidebar-layout":"default","site-content-layout":"default","ast-global-header-display":"","ast-main-header-display":"","ast-hfb-above-header-display":"","ast-hfb-below-header-display":"","ast-hfb-mobile-header-display":"","site-post-title":"","ast-breadcrumbs-content":"","ast-featured-img":"","footer-sml-layout":"","theme-transparent-header-meta":"default","adv-header-id-meta":"","stick-header-meta":"default","header-above-stick-meta":"","header-main-stick-meta":"","header-below-stick-meta":"","_joinchat":[]},"product_brand":[],"product_cat":[603],"product_tag":[2946,2936,617,2928,2943,2940,2935,2927,2930,2931,2938,2929,2939,2941,2948,2949,2947,2944,2933,2945,2942,625,2934,2937,2932],"class_list":{"0":"post-4006","1":"product","2":"type-product","3":"status-publish","4":"has-post-thumbnail","6":"product_cat-cough-syrup","7":"product_tag-best-cheap-price-ketof-cough-syrup","8":"product_tag-best-place-to-buy-ketof-cough-syrup","9":"product_tag-bulk-online","10":"product_tag-buy-ketof-cough-syrup","11":"product_tag-cheap-ketof-cough-syrup","12":"product_tag-high-quality-ketof-cough-syrup","13":"product_tag-how-to-buy-ketof-cough-syrup","14":"product_tag-ketof-cough-syrup","15":"product_tag-ketof-cough-syrup-for-sale","16":"product_tag-ketof-cough-syrup-ketof-cough-syrup-supplier","17":"product_tag-ketof-cough-syrup-legally","18":"product_tag-ketof-cough-syrup-online","19":"product_tag-ketof-cough-syrup-price","20":"product_tag-ketof-cough-syrup-store","21":"product_tag-ketof-cough-syrup-use","22":"product_tag-ketof-cough-syrup-wiki","23":"product_tag-ketof-cough-syrup-worldwide","24":"product_tag-ketof-cough-syrups","25":"product_tag-order-ketof-cough-syrup","26":"product_tag-purcharse-ketof-cough-syrup","27":"product_tag-shop-ketof-cough-syrup","28":"product_tag-top-quality","29":"product_tag-where-to-buy-ketof-cough-syrup","30":"product_tag-where-to-order-ketof-cough-syrup","31":"product_tag-wholesale-ketof-cough-syrup","32":"desktop-align-left","33":"tablet-align-left","34":"mobile-align-left","35":"ast-product-gallery-layout-horizontal","36":"ast-product-gallery-with-no-image","37":"ast-product-single-variable","38":"ast-product-tabs-layout-horizontal","39":"ast-qv-on-image","41":"first","42":"instock","43":"shipping-taxable","44":"purchasable","45":"product-type-variable"},"yoast_head":"<!-- This site is optimized with the Yoast SEO plugin v25.9 - https:\/\/yoast.com\/wordpress\/plugins\/seo\/ -->\n<title>Ketof Cough Syrup for Sale - Buy Ketof Cough Syrup Online | LG<\/title>\n<meta name=\"description\" content=\"Explore our online store for Ketof Cough Syrup for sale, offering high-quality Ketof Cough Syrup. Buy Ketof Cough Syrup online securely and embark on your research journey with confidence.\" \/>\n<meta name=\"robots\" content=\"index, follow, max-snippet:-1, max-image-preview:large, max-video-preview:-1\" \/>\n<link rel=\"canonical\" href=\"https:\/\/legitgrams.com\/de\/produkt\/ketof-hustensirup\/\" \/>\n<meta property=\"og:locale\" content=\"de_DE\" \/>\n<meta property=\"og:type\" content=\"article\" \/>\n<meta property=\"og:title\" content=\"Ketof Cough Syrup for Sale - Buy Ketof Cough Syrup Online | LG\" \/>\n<meta property=\"og:description\" content=\"Explore our online store for Ketof Cough Syrup for sale, offering high-quality Ketof Cough Syrup. Buy Ketof Cough Syrup online securely and embark on your research journey with confidence.\" \/>\n<meta property=\"og:url\" content=\"https:\/\/legitgrams.com\/de\/produkt\/ketof-hustensirup\/\" \/>\n<meta property=\"og:site_name\" content=\"Legit Grams\" \/>\n<meta property=\"article:modified_time\" content=\"2025-04-04T07:02:30+00:00\" \/>\n<meta property=\"og:image\" content=\"https:\/\/legitgrams.com\/wp-content\/uploads\/2024\/09\/buy-ketof-cough-syrup-online.jpg\" \/>\n\t<meta property=\"og:image:width\" content=\"600\" \/>\n\t<meta property=\"og:image:height\" content=\"600\" \/>\n\t<meta property=\"og:image:type\" content=\"image\/jpeg\" \/>\n<meta name=\"twitter:card\" content=\"summary_large_image\" \/>\n<meta name=\"twitter:label1\" content=\"Gesch\u00e4tzte Lesezeit\" \/>\n\t<meta name=\"twitter:data1\" content=\"2\u00a0Minuten\" \/>\n<script type=\"application\/ld+json\" class=\"yoast-schema-graph\">{\"@context\":\"https:\/\/schema.org\",\"@graph\":[{\"@type\":\"WebPage\",\"@id\":\"https:\/\/legitgrams.com\/product\/ketof-cough-syrup\/\",\"url\":\"https:\/\/legitgrams.com\/product\/ketof-cough-syrup\/\",\"name\":\"Ketof Cough Syrup for Sale - Buy Ketof Cough Syrup Online | LG\",\"isPartOf\":{\"@id\":\"https:\/\/legitgrams.com\/#website\"},\"primaryImageOfPage\":{\"@id\":\"https:\/\/legitgrams.com\/product\/ketof-cough-syrup\/#primaryimage\"},\"image\":{\"@id\":\"https:\/\/legitgrams.com\/product\/ketof-cough-syrup\/#primaryimage\"},\"thumbnailUrl\":\"https:\/\/legitgrams.com\/wp-content\/uploads\/2024\/09\/buy-ketof-cough-syrup-online.jpg\",\"datePublished\":\"2024-09-21T08:07:07+00:00\",\"dateModified\":\"2025-04-04T07:02:30+00:00\",\"description\":\"Explore our online store for Ketof Cough Syrup for sale, offering high-quality Ketof Cough Syrup. Buy Ketof Cough Syrup online securely and embark on your research journey with confidence.\",\"breadcrumb\":{\"@id\":\"https:\/\/legitgrams.com\/product\/ketof-cough-syrup\/#breadcrumb\"},\"inLanguage\":\"de\",\"potentialAction\":[{\"@type\":\"ReadAction\",\"target\":[\"https:\/\/legitgrams.com\/product\/ketof-cough-syrup\/\"]}]},{\"@type\":\"ImageObject\",\"inLanguage\":\"de\",\"@id\":\"https:\/\/legitgrams.com\/product\/ketof-cough-syrup\/#primaryimage\",\"url\":\"https:\/\/legitgrams.com\/wp-content\/uploads\/2024\/09\/buy-ketof-cough-syrup-online.jpg\",\"contentUrl\":\"https:\/\/legitgrams.com\/wp-content\/uploads\/2024\/09\/buy-ketof-cough-syrup-online.jpg\",\"width\":600,\"height\":600,\"caption\":\"Ketof Cough Syrup for Sale\"},{\"@type\":\"BreadcrumbList\",\"@id\":\"https:\/\/legitgrams.com\/product\/ketof-cough-syrup\/#breadcrumb\",\"itemListElement\":[{\"@type\":\"ListItem\",\"position\":1,\"name\":\"Home\",\"item\":\"https:\/\/legitgrams.com\/\"},{\"@type\":\"ListItem\",\"position\":2,\"name\":\"Shop\",\"item\":\"https:\/\/legitgrams.com\/shop\/\"},{\"@type\":\"ListItem\",\"position\":3,\"name\":\"Buy Ketof Cough syrup Online\"}]},{\"@type\":\"WebSite\",\"@id\":\"https:\/\/legitgrams.com\/#website\",\"url\":\"https:\/\/legitgrams.com\/\",\"name\":\"Legit Grams\",\"description\":\"My WordPress Blog\",\"publisher\":{\"@id\":\"https:\/\/legitgrams.com\/#organization\"},\"potentialAction\":[{\"@type\":\"SearchAction\",\"target\":{\"@type\":\"EntryPoint\",\"urlTemplate\":\"https:\/\/legitgrams.com\/?s={search_term_string}\"},\"query-input\":{\"@type\":\"PropertyValueSpecification\",\"valueRequired\":true,\"valueName\":\"search_term_string\"}}],\"inLanguage\":\"de\"},{\"@type\":\"Organization\",\"@id\":\"https:\/\/legitgrams.com\/#organization\",\"name\":\"Legit Grams\",\"url\":\"https:\/\/legitgrams.com\/\",\"logo\":{\"@type\":\"ImageObject\",\"inLanguage\":\"de\",\"@id\":\"https:\/\/legitgrams.com\/#\/schema\/logo\/image\/\",\"url\":\"https:\/\/legitgrams.com\/wp-content\/uploads\/2024\/09\/main-logo.png\",\"contentUrl\":\"https:\/\/legitgrams.com\/wp-content\/uploads\/2024\/09\/main-logo.png\",\"width\":270,\"height\":75,\"caption\":\"Legit Grams\"},\"image\":{\"@id\":\"https:\/\/legitgrams.com\/#\/schema\/logo\/image\/\"}}]}<\/script>\n<!-- \/ Yoast SEO plugin. -->","yoast_head_json":{"title":"Ketof Hustensaft zu verkaufen - Ketof Hustensaft online kaufen | LG","description":"Entdecken Sie unser Online-Gesch\u00e4ft f\u00fcr Ketof Hustensaft zum Verkauf, das hochwertige Ketof Hustensaft anbietet. Kaufen Sie Ketof Hustensaft sicher online und begeben Sie sich mit Vertrauen auf Ihre Forschungsreise.","robots":{"index":"index","follow":"follow","max-snippet":"max-snippet:-1","max-image-preview":"max-image-preview:large","max-video-preview":"max-video-preview:-1"},"canonical":"https:\/\/legitgrams.com\/de\/produkt\/ketof-hustensirup\/","og_locale":"de_DE","og_type":"article","og_title":"Ketof Cough Syrup for Sale - Buy Ketof Cough Syrup Online | LG","og_description":"Explore our online store for Ketof Cough Syrup for sale, offering high-quality Ketof Cough Syrup. Buy Ketof Cough Syrup online securely and embark on your research journey with confidence.","og_url":"https:\/\/legitgrams.com\/de\/produkt\/ketof-hustensirup\/","og_site_name":"Legit Grams","article_modified_time":"2025-04-04T07:02:30+00:00","og_image":[{"width":600,"height":600,"url":"https:\/\/legitgrams.com\/wp-content\/uploads\/2024\/09\/buy-ketof-cough-syrup-online.jpg","type":"image\/jpeg"}],"twitter_card":"summary_large_image","twitter_misc":{"Gesch\u00e4tzte Lesezeit":"2\u00a0Minuten"},"schema":{"@context":"https:\/\/schema.org","@graph":[{"@type":"WebPage","@id":"https:\/\/legitgrams.com\/product\/ketof-cough-syrup\/","url":"https:\/\/legitgrams.com\/product\/ketof-cough-syrup\/","name":"Ketof Hustensaft zu verkaufen - Ketof Hustensaft online kaufen | LG","isPartOf":{"@id":"https:\/\/legitgrams.com\/#website"},"primaryImageOfPage":{"@id":"https:\/\/legitgrams.com\/product\/ketof-cough-syrup\/#primaryimage"},"image":{"@id":"https:\/\/legitgrams.com\/product\/ketof-cough-syrup\/#primaryimage"},"thumbnailUrl":"https:\/\/legitgrams.com\/wp-content\/uploads\/2024\/09\/buy-ketof-cough-syrup-online.jpg","datePublished":"2024-09-21T08:07:07+00:00","dateModified":"2025-04-04T07:02:30+00:00","description":"Entdecken Sie unser Online-Gesch\u00e4ft f\u00fcr Ketof Hustensaft zum Verkauf, das hochwertige Ketof Hustensaft anbietet. Kaufen Sie Ketof Hustensaft sicher online und begeben Sie sich mit Vertrauen auf Ihre Forschungsreise.","breadcrumb":{"@id":"https:\/\/legitgrams.com\/product\/ketof-cough-syrup\/#breadcrumb"},"inLanguage":"de","potentialAction":[{"@type":"ReadAction","target":["https:\/\/legitgrams.com\/product\/ketof-cough-syrup\/"]}]},{"@type":"ImageObject","inLanguage":"de","@id":"https:\/\/legitgrams.com\/product\/ketof-cough-syrup\/#primaryimage","url":"https:\/\/legitgrams.com\/wp-content\/uploads\/2024\/09\/buy-ketof-cough-syrup-online.jpg","contentUrl":"https:\/\/legitgrams.com\/wp-content\/uploads\/2024\/09\/buy-ketof-cough-syrup-online.jpg","width":600,"height":600,"caption":"Ketof Cough Syrup for Sale"},{"@type":"BreadcrumbList","@id":"https:\/\/legitgrams.com\/product\/ketof-cough-syrup\/#breadcrumb","itemListElement":[{"@type":"ListItem","position":1,"name":"Home","item":"https:\/\/legitgrams.com\/"},{"@type":"ListItem","position":2,"name":"Shop","item":"https:\/\/legitgrams.com\/shop\/"},{"@type":"ListItem","position":3,"name":"Buy Ketof Cough syrup Online"}]},{"@type":"WebSite","@id":"https:\/\/legitgrams.com\/#website","url":"https:\/\/legitgrams.com\/","name":"Legitimer Grammwert","description":"Mein WordPress-Blog","publisher":{"@id":"https:\/\/legitgrams.com\/#organization"},"potentialAction":[{"@type":"SearchAction","target":{"@type":"EntryPoint","urlTemplate":"https:\/\/legitgrams.com\/?s={search_term_string}"},"query-input":{"@type":"PropertyValueSpecification","valueRequired":true,"valueName":"search_term_string"}}],"inLanguage":"de"},{"@type":"Organization","@id":"https:\/\/legitgrams.com\/#organization","name":"Legitimer Grammwert","url":"https:\/\/legitgrams.com\/","logo":{"@type":"ImageObject","inLanguage":"de","@id":"https:\/\/legitgrams.com\/#\/schema\/logo\/image\/","url":"https:\/\/legitgrams.com\/wp-content\/uploads\/2024\/09\/main-logo.png","contentUrl":"https:\/\/legitgrams.com\/wp-content\/uploads\/2024\/09\/main-logo.png","width":270,"height":75,"caption":"Legit Grams"},"image":{"@id":"https:\/\/legitgrams.com\/#\/schema\/logo\/image\/"}}]}},"uagb_featured_image_src":{"full":["https:\/\/legitgrams.com\/wp-content\/uploads\/2024\/09\/buy-ketof-cough-syrup-online.jpg",600,600,false],"thumbnail":["https:\/\/legitgrams.com\/wp-content\/uploads\/2024\/09\/buy-ketof-cough-syrup-online-150x150.jpg",150,150,true],"medium":["https:\/\/legitgrams.com\/wp-content\/uploads\/2024\/09\/buy-ketof-cough-syrup-online-300x300.jpg",300,300,true],"medium_large":["https:\/\/legitgrams.com\/wp-content\/uploads\/2024\/09\/buy-ketof-cough-syrup-online.jpg",600,600,false],"large":["https:\/\/legitgrams.com\/wp-content\/uploads\/2024\/09\/buy-ketof-cough-syrup-online.jpg",600,600,false],"1536x1536":["https:\/\/legitgrams.com\/wp-content\/uploads\/2024\/09\/buy-ketof-cough-syrup-online.jpg",600,600,false],"2048x2048":["https:\/\/legitgrams.com\/wp-content\/uploads\/2024\/09\/buy-ketof-cough-syrup-online.jpg",600,600,false],"trp-custom-language-flag":["https:\/\/legitgrams.com\/wp-content\/uploads\/2024\/09\/buy-ketof-cough-syrup-online-12x12.jpg",12,12,true],"woocommerce_thumbnail":["https:\/\/legitgrams.com\/wp-content\/uploads\/2024\/09\/buy-ketof-cough-syrup-online-300x300.jpg",300,300,true],"woocommerce_single":["https:\/\/legitgrams.com\/wp-content\/uploads\/2024\/09\/buy-ketof-cough-syrup-online.jpg",600,600,false],"woocommerce_gallery_thumbnail":["https:\/\/legitgrams.com\/wp-content\/uploads\/2024\/09\/buy-ketof-cough-syrup-online-100x100.jpg",100,100,true]},"uagb_author_info":{"display_name":"cokeblog18","author_link":"https:\/\/legitgrams.com\/de\/author\/"},"uagb_comment_info":0,"uagb_excerpt":"Purchase of Ketof cough syrup Online Buy Ketof Cough Syrup. Another option is to buy heroin online at a low cost. Among the many substances we sell here are cocaine, crystal meth, and many more. How do I go about buying keto syrup online? Are you looking for an online seller of keto syrup? Chemicals&hellip;","_links":{"self":[{"href":"https:\/\/legitgrams.com\/de\/wp-json\/wp\/v2\/product\/4006","targetHints":{"allow":["GET"]}}],"collection":[{"href":"https:\/\/legitgrams.com\/de\/wp-json\/wp\/v2\/product"}],"about":[{"href":"https:\/\/legitgrams.com\/de\/wp-json\/wp\/v2\/types\/product"}],"replies":[{"embeddable":true,"href":"https:\/\/legitgrams.com\/de\/wp-json\/wp\/v2\/comments?post=4006"}],"wp:featuredmedia":[{"embeddable":true,"href":"https:\/\/legitgrams.com\/de\/wp-json\/wp\/v2\/media\/5345"}],"wp:attachment":[{"href":"https:\/\/legitgrams.com\/de\/wp-json\/wp\/v2\/media?parent=4006"}],"wp:term":[{"taxonomy":"product_brand","embeddable":true,"href":"https:\/\/legitgrams.com\/de\/wp-json\/wp\/v2\/product_brand?post=4006"},{"taxonomy":"product_cat","embeddable":true,"href":"https:\/\/legitgrams.com\/de\/wp-json\/wp\/v2\/product_cat?post=4006"},{"taxonomy":"product_tag","embeddable":true,"href":"https:\/\/legitgrams.com\/de\/wp-json\/wp\/v2\/product_tag?post=4006"}],"curies":[{"name":"wp","href":"https:\/\/api.w.org\/{rel}","templated":true}]}}