{"id":4009,"date":"2024-09-21T08:18:13","date_gmt":"2024-09-21T08:18:13","guid":{"rendered":"https:\/\/legitgrams.com\/?post_type=product&#038;p=4009"},"modified":"2025-01-14T06:30:19","modified_gmt":"2025-01-14T06:30:19","slug":"iso-hash","status":"publish","type":"product","link":"https:\/\/legitgrams.com\/de\/produkt\/iso-hash\/","title":{"rendered":"Iso-Raute"},"content":{"rendered":"<h2>Purchase ISO hash online.<\/h2>\n<p>Du kannst <a href=\"https:\/\/legitgrams.com\/de\/produkt\/iso-hash\/\">Iso-Hash kaufen<\/a>. Iso-Haschisch wird durch Extraktion von Isopropylalkohol gewonnen. Fast Wash Eine beliebte Technik zur Herstellung von Iso-Haschisch ist Isopropylalkohol-Haschisch, kurz QWISO. Alkohol ist ein l\u00f6sliches Mittel von sehr geringer Qualit\u00e4t und die Verwendung anderer L\u00f6sungsmittel oder Techniken ver\u00e4ndert den Geschmack nicht wesentlich. Die Art des Cannabis und die Extraktionsmethode bestimmen das Endprodukt. Ausgezeichnetes QWISO hat normalerweise ein klares, gelbes Aussehen, wie ein Bruch, und eine flexible Oberfl\u00e4che. Iso-Haschisch von geringer Qualit\u00e4t ist normalerweise schwarz oder gr\u00fcn (vom Pflanzenchlorophyll) und hat eine klebrige Oberfl\u00e4che. <a href=\"https:\/\/legitgrams.com\/de\/\">LegitGrams<\/a><\/p>\n<p>ISO-Hash online kaufen: ISO-Hash kaufen, ISO kaufen <a href=\"https:\/\/en.wikipedia.org\/wiki\/Hash\">Hash<\/a>, ISO-Hash online kaufen, wo kann man ISO-Hash kaufen, ISO-Hash online bestellen, ISO-Hash online kaufen, ISO-Hash in den USA, Kanada und Gro\u00dfbritannien kaufen, ISO-Hash online kaufen, Lieferanten finden und sichere Lieferung erhalten. Iso-Hash ist noch erh\u00e4ltlich; Sie k\u00f6nnen seine Legalit\u00e4t in den USA \u00fcberpr\u00fcfen, es online erwerben und sehen, ob es in Kanada legal ist.<\/p>\n<h2><\/h2>\n<p>&nbsp;<\/p>","protected":false},"excerpt":{"rendered":"<p>Purchase ISO hash online. You can purchase Iso hash. Iso hash is obtained by extracting isopropyl liquor. Fast Wash One popular technique for creating iso hash is isopropyl alcohol hash, or QWISO for short. Alcohol is a very low-quality dissolvable, and using different solvents or techniques doesn&#8217;t significantly alter the flavor. The kind of cannabis &hellip;<\/p>\n<p class=\"read-more\"> <a class=\"\" href=\"https:\/\/legitgrams.com\/de\/produkt\/iso-hash\/\"> <span class=\"screen-reader-text\">Iso-Raute<\/span> Mehr lesen \"<\/a><\/p>","protected":false},"featured_media":5377,"comment_status":"open","ping_status":"closed","template":"","meta":{"_uag_custom_page_level_css":"","site-sidebar-layout":"default","site-content-layout":"default","ast-global-header-display":"","ast-main-header-display":"","ast-hfb-above-header-display":"","ast-hfb-below-header-display":"","ast-hfb-mobile-header-display":"","site-post-title":"","ast-breadcrumbs-content":"","ast-featured-img":"","footer-sml-layout":"","theme-transparent-header-meta":"default","adv-header-id-meta":"","stick-header-meta":"default","header-above-stick-meta":"","header-main-stick-meta":"","header-below-stick-meta":"","_joinchat":[]},"product_brand":[],"product_cat":[605],"product_tag":[2877,2867,617,2859,2874,2871,2866,2858,2861,2862,2869,2860,2870,2872,2879,2880,2878,2875,2864,2876,2873,625,2865,2868,2863],"class_list":{"0":"post-4009","1":"product","2":"type-product","3":"status-publish","4":"has-post-thumbnail","6":"product_cat-hash-hashish","7":"product_tag-best-cheap-price-iso-hash","8":"product_tag-best-place-to-buy-iso-hash","9":"product_tag-bulk-online","10":"product_tag-buy-iso-hash","11":"product_tag-cheap-iso-hash","12":"product_tag-high-quality-iso-hash","13":"product_tag-how-to-buy-iso-hash","14":"product_tag-iso-hash","15":"product_tag-iso-hash-for-sale","16":"product_tag-iso-hash-iso-hash-supplier","17":"product_tag-iso-hash-legally","18":"product_tag-iso-hash-online","19":"product_tag-iso-hash-price","20":"product_tag-iso-hash-store","21":"product_tag-iso-hash-use","22":"product_tag-iso-hash-wiki","23":"product_tag-iso-hash-worldwide","24":"product_tag-iso-hashs","25":"product_tag-order-iso-hash","26":"product_tag-purcharse-iso-hash","27":"product_tag-shop-iso-hash","28":"product_tag-top-quality","29":"product_tag-where-to-buy-iso-hash","30":"product_tag-where-to-order-iso-hash","31":"product_tag-wholesale-iso-hash","32":"desktop-align-left","33":"tablet-align-left","34":"mobile-align-left","35":"ast-product-gallery-layout-horizontal","36":"ast-product-gallery-with-no-image","37":"ast-product-single-variable","38":"ast-product-tabs-layout-horizontal","39":"ast-qv-on-image","41":"first","42":"instock","43":"shipping-taxable","44":"purchasable","45":"product-type-variable"},"yoast_head":"<!-- This site is optimized with the Yoast SEO plugin v25.9 - https:\/\/yoast.com\/wordpress\/plugins\/seo\/ -->\n<title>Iso Hash for Sale - Order Iso Hash Online with Discreet Delivery<\/title>\n<meta name=\"description\" content=\"Looking to buy Iso Hash online at a reasonable price? Visit our reputable Legitgrams online store and get Iso Hash for sale today. Discover our latest collection of Iso Hash with special offers just for you.\" \/>\n<meta name=\"robots\" content=\"index, follow, max-snippet:-1, max-image-preview:large, max-video-preview:-1\" \/>\n<link rel=\"canonical\" href=\"https:\/\/legitgrams.com\/de\/produkt\/iso-hash\/\" \/>\n<meta property=\"og:locale\" content=\"de_DE\" \/>\n<meta property=\"og:type\" content=\"article\" \/>\n<meta property=\"og:title\" content=\"Iso Hash for Sale - Order Iso Hash Online with Discreet Delivery\" \/>\n<meta property=\"og:description\" content=\"Looking to buy Iso Hash online at a reasonable price? Visit our reputable Legitgrams online store and get Iso Hash for sale today. Discover our latest collection of Iso Hash with special offers just for you.\" \/>\n<meta property=\"og:url\" content=\"https:\/\/legitgrams.com\/de\/produkt\/iso-hash\/\" \/>\n<meta property=\"og:site_name\" content=\"Legit Grams\" \/>\n<meta property=\"article:modified_time\" content=\"2025-01-14T06:30:19+00:00\" \/>\n<meta property=\"og:image\" content=\"https:\/\/legitgrams.com\/wp-content\/uploads\/2024\/09\/Buy-Iso-hash-online.jpg\" \/>\n\t<meta property=\"og:image:width\" content=\"600\" \/>\n\t<meta property=\"og:image:height\" content=\"600\" \/>\n\t<meta property=\"og:image:type\" content=\"image\/jpeg\" \/>\n<meta name=\"twitter:card\" content=\"summary_large_image\" \/>\n<meta name=\"twitter:label1\" content=\"Gesch\u00e4tzte Lesezeit\" \/>\n\t<meta name=\"twitter:data1\" content=\"1\u00a0Minute\" \/>\n<script type=\"application\/ld+json\" class=\"yoast-schema-graph\">{\"@context\":\"https:\/\/schema.org\",\"@graph\":[{\"@type\":\"WebPage\",\"@id\":\"https:\/\/legitgrams.com\/product\/iso-hash\/\",\"url\":\"https:\/\/legitgrams.com\/product\/iso-hash\/\",\"name\":\"Iso Hash for Sale - Order Iso Hash Online with Discreet Delivery\",\"isPartOf\":{\"@id\":\"https:\/\/legitgrams.com\/#website\"},\"primaryImageOfPage\":{\"@id\":\"https:\/\/legitgrams.com\/product\/iso-hash\/#primaryimage\"},\"image\":{\"@id\":\"https:\/\/legitgrams.com\/product\/iso-hash\/#primaryimage\"},\"thumbnailUrl\":\"https:\/\/legitgrams.com\/wp-content\/uploads\/2024\/09\/Buy-Iso-hash-online.jpg\",\"datePublished\":\"2024-09-21T08:18:13+00:00\",\"dateModified\":\"2025-01-14T06:30:19+00:00\",\"description\":\"Looking to buy Iso Hash online at a reasonable price? Visit our reputable Legitgrams online store and get Iso Hash for sale today. Discover our latest collection of Iso Hash with special offers just for you.\",\"breadcrumb\":{\"@id\":\"https:\/\/legitgrams.com\/product\/iso-hash\/#breadcrumb\"},\"inLanguage\":\"de\",\"potentialAction\":[{\"@type\":\"ReadAction\",\"target\":[\"https:\/\/legitgrams.com\/product\/iso-hash\/\"]}]},{\"@type\":\"ImageObject\",\"inLanguage\":\"de\",\"@id\":\"https:\/\/legitgrams.com\/product\/iso-hash\/#primaryimage\",\"url\":\"https:\/\/legitgrams.com\/wp-content\/uploads\/2024\/09\/Buy-Iso-hash-online.jpg\",\"contentUrl\":\"https:\/\/legitgrams.com\/wp-content\/uploads\/2024\/09\/Buy-Iso-hash-online.jpg\",\"width\":600,\"height\":600,\"caption\":\"Iso Hash for Sale\"},{\"@type\":\"BreadcrumbList\",\"@id\":\"https:\/\/legitgrams.com\/product\/iso-hash\/#breadcrumb\",\"itemListElement\":[{\"@type\":\"ListItem\",\"position\":1,\"name\":\"Home\",\"item\":\"https:\/\/legitgrams.com\/\"},{\"@type\":\"ListItem\",\"position\":2,\"name\":\"Shop\",\"item\":\"https:\/\/legitgrams.com\/shop\/\"},{\"@type\":\"ListItem\",\"position\":3,\"name\":\"Iso hash\"}]},{\"@type\":\"WebSite\",\"@id\":\"https:\/\/legitgrams.com\/#website\",\"url\":\"https:\/\/legitgrams.com\/\",\"name\":\"Legit Grams\",\"description\":\"My WordPress Blog\",\"publisher\":{\"@id\":\"https:\/\/legitgrams.com\/#organization\"},\"potentialAction\":[{\"@type\":\"SearchAction\",\"target\":{\"@type\":\"EntryPoint\",\"urlTemplate\":\"https:\/\/legitgrams.com\/?s={search_term_string}\"},\"query-input\":{\"@type\":\"PropertyValueSpecification\",\"valueRequired\":true,\"valueName\":\"search_term_string\"}}],\"inLanguage\":\"de\"},{\"@type\":\"Organization\",\"@id\":\"https:\/\/legitgrams.com\/#organization\",\"name\":\"Legit Grams\",\"url\":\"https:\/\/legitgrams.com\/\",\"logo\":{\"@type\":\"ImageObject\",\"inLanguage\":\"de\",\"@id\":\"https:\/\/legitgrams.com\/#\/schema\/logo\/image\/\",\"url\":\"https:\/\/legitgrams.com\/wp-content\/uploads\/2024\/09\/main-logo.png\",\"contentUrl\":\"https:\/\/legitgrams.com\/wp-content\/uploads\/2024\/09\/main-logo.png\",\"width\":270,\"height\":75,\"caption\":\"Legit Grams\"},\"image\":{\"@id\":\"https:\/\/legitgrams.com\/#\/schema\/logo\/image\/\"}}]}<\/script>\n<!-- \/ Yoast SEO plugin. -->","yoast_head_json":{"title":"Iso Hash zu verkaufen - Iso Hash online bestellen mit diskreter Lieferung","description":"M\u00f6chten Sie Iso Hash zu einem vern\u00fcnftigen Preis online kaufen? Besuchen Sie unseren seri\u00f6sen Legitgrams Online-Shop und erhalten Sie Iso Hash zum Verkauf heute. Entdecken Sie unsere neueste Kollektion von Iso Hash mit speziellen Angeboten nur f\u00fcr Sie.","robots":{"index":"index","follow":"follow","max-snippet":"max-snippet:-1","max-image-preview":"max-image-preview:large","max-video-preview":"max-video-preview:-1"},"canonical":"https:\/\/legitgrams.com\/de\/produkt\/iso-hash\/","og_locale":"de_DE","og_type":"article","og_title":"Iso Hash for Sale - Order Iso Hash Online with Discreet Delivery","og_description":"Looking to buy Iso Hash online at a reasonable price? Visit our reputable Legitgrams online store and get Iso Hash for sale today. Discover our latest collection of Iso Hash with special offers just for you.","og_url":"https:\/\/legitgrams.com\/de\/produkt\/iso-hash\/","og_site_name":"Legit Grams","article_modified_time":"2025-01-14T06:30:19+00:00","og_image":[{"width":600,"height":600,"url":"https:\/\/legitgrams.com\/wp-content\/uploads\/2024\/09\/Buy-Iso-hash-online.jpg","type":"image\/jpeg"}],"twitter_card":"summary_large_image","twitter_misc":{"Gesch\u00e4tzte Lesezeit":"1\u00a0Minute"},"schema":{"@context":"https:\/\/schema.org","@graph":[{"@type":"WebPage","@id":"https:\/\/legitgrams.com\/product\/iso-hash\/","url":"https:\/\/legitgrams.com\/product\/iso-hash\/","name":"Iso Hash zu verkaufen - Iso Hash online bestellen mit diskreter Lieferung","isPartOf":{"@id":"https:\/\/legitgrams.com\/#website"},"primaryImageOfPage":{"@id":"https:\/\/legitgrams.com\/product\/iso-hash\/#primaryimage"},"image":{"@id":"https:\/\/legitgrams.com\/product\/iso-hash\/#primaryimage"},"thumbnailUrl":"https:\/\/legitgrams.com\/wp-content\/uploads\/2024\/09\/Buy-Iso-hash-online.jpg","datePublished":"2024-09-21T08:18:13+00:00","dateModified":"2025-01-14T06:30:19+00:00","description":"M\u00f6chten Sie Iso Hash zu einem vern\u00fcnftigen Preis online kaufen? Besuchen Sie unseren seri\u00f6sen Legitgrams Online-Shop und erhalten Sie Iso Hash zum Verkauf heute. Entdecken Sie unsere neueste Kollektion von Iso Hash mit speziellen Angeboten nur f\u00fcr Sie.","breadcrumb":{"@id":"https:\/\/legitgrams.com\/product\/iso-hash\/#breadcrumb"},"inLanguage":"de","potentialAction":[{"@type":"ReadAction","target":["https:\/\/legitgrams.com\/product\/iso-hash\/"]}]},{"@type":"ImageObject","inLanguage":"de","@id":"https:\/\/legitgrams.com\/product\/iso-hash\/#primaryimage","url":"https:\/\/legitgrams.com\/wp-content\/uploads\/2024\/09\/Buy-Iso-hash-online.jpg","contentUrl":"https:\/\/legitgrams.com\/wp-content\/uploads\/2024\/09\/Buy-Iso-hash-online.jpg","width":600,"height":600,"caption":"Iso Hash for Sale"},{"@type":"BreadcrumbList","@id":"https:\/\/legitgrams.com\/product\/iso-hash\/#breadcrumb","itemListElement":[{"@type":"ListItem","position":1,"name":"Home","item":"https:\/\/legitgrams.com\/"},{"@type":"ListItem","position":2,"name":"Shop","item":"https:\/\/legitgrams.com\/shop\/"},{"@type":"ListItem","position":3,"name":"Iso hash"}]},{"@type":"WebSite","@id":"https:\/\/legitgrams.com\/#website","url":"https:\/\/legitgrams.com\/","name":"Legitimer Grammwert","description":"Mein WordPress-Blog","publisher":{"@id":"https:\/\/legitgrams.com\/#organization"},"potentialAction":[{"@type":"SearchAction","target":{"@type":"EntryPoint","urlTemplate":"https:\/\/legitgrams.com\/?s={search_term_string}"},"query-input":{"@type":"PropertyValueSpecification","valueRequired":true,"valueName":"search_term_string"}}],"inLanguage":"de"},{"@type":"Organization","@id":"https:\/\/legitgrams.com\/#organization","name":"Legitimer Grammwert","url":"https:\/\/legitgrams.com\/","logo":{"@type":"ImageObject","inLanguage":"de","@id":"https:\/\/legitgrams.com\/#\/schema\/logo\/image\/","url":"https:\/\/legitgrams.com\/wp-content\/uploads\/2024\/09\/main-logo.png","contentUrl":"https:\/\/legitgrams.com\/wp-content\/uploads\/2024\/09\/main-logo.png","width":270,"height":75,"caption":"Legit Grams"},"image":{"@id":"https:\/\/legitgrams.com\/#\/schema\/logo\/image\/"}}]}},"uagb_featured_image_src":{"full":["https:\/\/legitgrams.com\/wp-content\/uploads\/2024\/09\/Buy-Iso-hash-online.jpg",600,600,false],"thumbnail":["https:\/\/legitgrams.com\/wp-content\/uploads\/2024\/09\/Buy-Iso-hash-online-150x150.jpg",150,150,true],"medium":["https:\/\/legitgrams.com\/wp-content\/uploads\/2024\/09\/Buy-Iso-hash-online-300x300.jpg",300,300,true],"medium_large":["https:\/\/legitgrams.com\/wp-content\/uploads\/2024\/09\/Buy-Iso-hash-online.jpg",600,600,false],"large":["https:\/\/legitgrams.com\/wp-content\/uploads\/2024\/09\/Buy-Iso-hash-online.jpg",600,600,false],"1536x1536":["https:\/\/legitgrams.com\/wp-content\/uploads\/2024\/09\/Buy-Iso-hash-online.jpg",600,600,false],"2048x2048":["https:\/\/legitgrams.com\/wp-content\/uploads\/2024\/09\/Buy-Iso-hash-online.jpg",600,600,false],"trp-custom-language-flag":["https:\/\/legitgrams.com\/wp-content\/uploads\/2024\/09\/Buy-Iso-hash-online-12x12.jpg",12,12,true],"woocommerce_thumbnail":["https:\/\/legitgrams.com\/wp-content\/uploads\/2024\/09\/Buy-Iso-hash-online-300x300.jpg",300,300,true],"woocommerce_single":["https:\/\/legitgrams.com\/wp-content\/uploads\/2024\/09\/Buy-Iso-hash-online.jpg",600,600,false],"woocommerce_gallery_thumbnail":["https:\/\/legitgrams.com\/wp-content\/uploads\/2024\/09\/Buy-Iso-hash-online-100x100.jpg",100,100,true]},"uagb_author_info":{"display_name":"cokeblog18","author_link":"https:\/\/legitgrams.com\/de\/author\/"},"uagb_comment_info":0,"uagb_excerpt":"Purchase ISO hash online. You can purchase Iso hash. Iso hash is obtained by extracting isopropyl liquor. Fast Wash One popular technique for creating iso hash is isopropyl alcohol hash, or QWISO for short. Alcohol is a very low-quality dissolvable, and using different solvents or techniques doesn&#8217;t significantly alter the flavor. The kind of cannabis&hellip;","_links":{"self":[{"href":"https:\/\/legitgrams.com\/de\/wp-json\/wp\/v2\/product\/4009","targetHints":{"allow":["GET"]}}],"collection":[{"href":"https:\/\/legitgrams.com\/de\/wp-json\/wp\/v2\/product"}],"about":[{"href":"https:\/\/legitgrams.com\/de\/wp-json\/wp\/v2\/types\/product"}],"replies":[{"embeddable":true,"href":"https:\/\/legitgrams.com\/de\/wp-json\/wp\/v2\/comments?post=4009"}],"wp:featuredmedia":[{"embeddable":true,"href":"https:\/\/legitgrams.com\/de\/wp-json\/wp\/v2\/media\/5377"}],"wp:attachment":[{"href":"https:\/\/legitgrams.com\/de\/wp-json\/wp\/v2\/media?parent=4009"}],"wp:term":[{"taxonomy":"product_brand","embeddable":true,"href":"https:\/\/legitgrams.com\/de\/wp-json\/wp\/v2\/product_brand?post=4009"},{"taxonomy":"product_cat","embeddable":true,"href":"https:\/\/legitgrams.com\/de\/wp-json\/wp\/v2\/product_cat?post=4009"},{"taxonomy":"product_tag","embeddable":true,"href":"https:\/\/legitgrams.com\/de\/wp-json\/wp\/v2\/product_tag?post=4009"}],"curies":[{"name":"wp","href":"https:\/\/api.w.org\/{rel}","templated":true}]}}