{"id":4013,"date":"2024-09-21T08:38:10","date_gmt":"2024-09-21T08:38:10","guid":{"rendered":"https:\/\/legitgrams.com\/?post_type=product&#038;p=4013"},"modified":"2025-01-14T10:17:54","modified_gmt":"2025-01-14T10:17:54","slug":"nederhash-haschisch","status":"publish","type":"product","link":"https:\/\/legitgrams.com\/de\/produkt\/nederhash-haschisch\/","title":{"rendered":"Nederhash Haschisch"},"content":{"rendered":"<h2>Nederhash Haschisch Online-Kauf<\/h2>\n<p>Was ist Haschisch? In den Niederlanden werden die Cannabispflanzen angebaut, aus denen Haschisch hergestellt wird. Es gibt einige kleine Outdoor- und Gew\u00e4chshausentwicklungen, aber der Gro\u00dfteil der Pflanzenentwicklung findet im Innenbereich statt. Erzeugung: Die Art der Herstellung unterscheidet sich je nach Hersteller. \u00c4hnlich wie in Marokko wird der Gro\u00dfteil des Haschischs durch Sieben gewonnen; es gibt jedoch auch eine kleine Menge handgesiebtes Haschisch, das mit der afghanischen Methode hergestellt wird und deutlich verbessert ist. Haschisch enth\u00e4lt jedoch nur einen sehr kleinen Anteil des urspr\u00fcnglichen Cannabis. Farbe: Normalerweise ein wenig gr\u00fcn, dies variiert jedoch je nach Hersteller und verwendeter Cannabissorte. Geruch: Je nach Grassorte kann es leicht grasig oder skunkartig sein. Geschmack: \u00c4hnlich wie bereits beschrieben. Konsistenz: Das niederl\u00e4ndische Haschisch wird nicht immer genau gepresst. Im Allgemeinen platzen die Spitzen zu leicht, und das ist Handwerkskunst. Sie neigen jedoch dazu, sich schnell anzupassen, und die Konsistenz hat sich in letzter Zeit verbessert. Das handgereinigte Haschisch, das viel feiner ist als Afghani, wird in den oben genannten Punkten nat\u00fcrlich nicht erw\u00e4hnt. Normalerweise besteht das Haschisch nur aus den weiblichen K\u00f6pfen, die unter gro\u00dfen Gewichten gepresst und zerdr\u00fcckt werden, was zu einer starken Unregelm\u00e4\u00dfigkeit f\u00fchrt, die fast vollst\u00e4ndig zu Pulver wird. Wirkung: Die Art des erzeugten Highs variiert je nach verwendeter Cannabissorte, aber im Allgemeinen ist es ziemlich intellektuell und anregend. Intensit\u00e4t: Dieses Material ist unglaublich stark und funktioniert besser als jede andere Haschischsorte, die der typische Benutzer m\u00f6glicherweise verwenden k\u00f6nnte. Es funktioniert sogar besser als fast alle anst\u00e4ndigen Afghanen und die meisten Nepalesen (THC bis zu 59 %). Verf\u00fcgbarkeit: Au\u00dferhalb der Niederlande und ihrer Nachbarl\u00e4nder sehr selten. Ich glaube nicht, dass es eine gro\u00dfe Chance gibt, dass dieses Produkt jemals den britischen Markt erreichen wird. Sonstiges: In jedem Fall sind die Kosten immer hoch und es gibt Qualit\u00e4tsschwankungen. Es gibt keine definierte Kategorie f\u00fcr Dutch Hashing. Sensi-Hash, das unglaubliche Pulver, besteht im Wesentlichen aus dicht aneinander gepackten THC-Kristallen.<\/p>\n<h3>Wie werden Hashes erstellt?<\/h3>\n<p>Die meisten Haschischsorten werden durch Reiben getrockneter Pflanzen an einem sehr d\u00fcnnen Sieb hergestellt. Nach dem Durchgang durch das Sieb werden die Trichome vom Pflanzenmaterial getrennt. Nach dem Sammeln werden die Harzdr\u00fcsen komprimiert und erhitzt, um eine koh\u00e4sive Masse von <a href=\"https:\/\/en.wikipedia.org\/wiki\/Hashish\">Haschisch<\/a>.<\/p>\n<h3>Gras vs. Haschisch?<\/h3>\n<p>Lassen Sie uns zun\u00e4chst die offensichtliche \u00c4hnlichkeit zwischen Haschisch und Marihuana er\u00f6rtern: Beide werden von denselben Cannabispflanzen gewonnen. Wie Sie zweifellos wissen, ist Gras die bl\u00fchende Knospe der weiblichen Cannabispflanze. F\u00fcr Cannabis-Haschisch werden die gleichen Knospen verwendet, aber es wird anders behandelt. Wenn eine Cannabispflanze in voller Bl\u00fcte steht, werden die Bl\u00fctenknospen geerntet, und ein Landwirt wird dann auf eine von zwei Arten vorgehen. Im Falle der Droge Haschisch werden die Bl\u00fcten zum Trocknen aufgeh\u00e4ngt. Das Endergebnis ist die Pflanze, die wir alle kennen; nachdem sie vollst\u00e4ndig getrocknet ist, werden alle Samen, Federn und \u00fcberz\u00e4hligen Bl\u00e4tter entfernt. Sie entscheiden, was Sie bevorzugen: Haschisch oder Marihuana, aber der einzige Weg, um in den vollen Genuss von Cannabis zu kommen, ist, sich dar\u00fcber zu informieren. Bevor Sie sich einen Joint anstecken, machen Sie Ihre Hausaufgaben, und wie immer gilt: Abonnieren Sie uns f\u00fcr weitere Tipps!<\/p>\n<h3>Was ist ein Haschisch?<\/h3>\n<p>Was ist die Droge Haschisch? Haschisch, gemeinhin als \"Haschisch\" bezeichnet, ist eine Cannabisbl\u00fcte, die durch Verarbeitung und Komprimierung der Trichome der Cannabispflanze gewonnen wird. Es wird geraucht, in der Regel mit einer Pfeife, einer Bong, einem Verdampfer oder einem Joint, kann aber auch geschluckt werden. Wie wird Haschisch hergestellt? Diese Trichome werden aus den Knospen, Bl\u00e4ttern und St\u00e4ngeln der Pflanze extrahiert und erhitzt oder komprimiert, um Haschisch zu produzieren, das eine starke Substanz ist.<\/p>\n<h3>Wie wird Hasch in einem Joint geraucht?<\/h3>\n<p>Kombiniere ihn mit Tabak und Cannabis in einem Spliff. Wenn Du einen trockenen Block hast, brauchst Du ihn nur zu zerkleinern oder kleine Steinchen abzubrechen und sie beim Drehen in den Joint zu geben. Kombiniere ihn mit Marihuana oder verwende ihn mit Tabak. Wenn Sie auf der Suche nach Abenteuern sind, werden Sie zweifellos den st\u00e4rkeren Rausch erleben wollen, den der zweite Ansatz verspricht. Am besten rollt man einen Haschisch-Joint, indem man das Haschisch aufbricht und mit etwas Cannabis mischt. Das ist die beste Art, Haschisch zu rauchen, da es einfach zu teilen ist und der Haschischgeschmack den Doobie perfekt erg\u00e4nzt. Ist es legal, Haschisch zu rauchen? 1989 wurde der Verkauf verboten, aber Gesetze werden nur selten erlassen, und Marihuana wird in vielen Regionen des Landes frei vermarktet. Barbados, Erlaubt f\u00fcr den frommen Gebrauch durch autorisierte<\/p>\n<h3>Auswirkungen von Haschisch?<\/h3>\n<p>Der Konsum von Haschisch kann eine Reihe kurzfristiger Nebenwirkungen hervorrufen, wie z. B. Ged\u00e4chtnis- und Lernst\u00f6rungen, ver\u00e4nderte Wahrnehmung von Zeit, Raum und Ber\u00fchrung, Schwierigkeiten beim klaren Denken und L\u00f6sen von Problemen, Koordinationsverlust, erh\u00f6hte Herzfrequenz, Angstzust\u00e4nde und Panikattacken. Da Haschisch und andere Konzentrate einen hohen THC-Gehalt aufweisen, k\u00f6nnen die Wirkungen noch st\u00e4rker sein. <a href=\"https:\/\/legitgrams.com\/de\/\">LegitGrams<\/a><\/p>\n<p>Bubble Hash ist ein konzentriertes Cannabisprodukt, das aus Millionen von Trichomen oder klebrigen Dr\u00fcsen besteht, die durch Sch\u00fctteln, Sieben und Einfrieren von Wasser von der Pflanze entfernt werden. Die Art und Weise, wie Bubble Hash blubbert, wenn es mit Flammen in Ber\u00fchrung kommt, hat ihm seinen Namen gegeben. F\u00fcr die Zubereitung zu Hause werden die Beutel auch als \"Bubble Bags\" bezeichnet.<\/p>\n<p>Die klassische Sensi Seeds Sorte Hash Plant beh\u00e4lt ihre kompakte Gr\u00f6\u00dfe w\u00e4hrend ihrer au\u00dfergew\u00f6hnlich kurzen Bl\u00fctezeit bei. Eine sorgf\u00e4ltige genetische Selektion brachte diese 90% India hervor, die dem r\u00e4tselhaften Northern Lights Hash Plant Original aus den Vereinigten Staaten entspricht.<\/p>\n<p>Kaufen Sie <a href=\"https:\/\/legitgrams.com\/de\/produkt\/nederhash-haschisch\/\">Nederhash Haschisch<\/a> Online - Haschisch kaufen, Haschisch kaufen, Haschisch online kaufen, wo man Haschisch kaufen kann, wo man Haschisch online kaufen kann, wo man Haschisch online kaufen kann, Haschisch online kaufen, Lieferanten, sichere Lieferung, USA, Kanada, UK, Nederhash Haschisch ist immer noch erh\u00e4ltlich; es ist legal in den Vereinigten Staaten; Sie k\u00f6nnen es online bekommen; Sie k\u00f6nnen Nederhash Haschisch erwerben; und es ist legal in Kanada.<\/p>","protected":false},"excerpt":{"rendered":"<p>Nederhash Hashish Online Purchase What is a hash? The Netherlands is where the cannabis plants used to make the hash are cultivated. There are a few tiny outdoor and greenhouse advancements, but the majority of plant development takes place indoors. Generation: The manner of assembling differs depending on the manufacturer. Similar to Morocco, screening provides &hellip;<\/p>\n<p class=\"read-more\"> <a class=\"\" href=\"https:\/\/legitgrams.com\/de\/produkt\/nederhash-haschisch\/\"> <span class=\"screen-reader-text\">Nederhash Haschisch<\/span> Mehr lesen \"<\/a><\/p>","protected":false},"featured_media":5384,"comment_status":"open","ping_status":"closed","template":"","meta":{"_uag_custom_page_level_css":"","site-sidebar-layout":"default","site-content-layout":"default","ast-global-header-display":"","ast-main-header-display":"","ast-hfb-above-header-display":"","ast-hfb-below-header-display":"","ast-hfb-mobile-header-display":"","site-post-title":"","ast-breadcrumbs-content":"","ast-featured-img":"","footer-sml-layout":"","theme-transparent-header-meta":"default","adv-header-id-meta":"","stick-header-meta":"default","header-above-stick-meta":"","header-main-stick-meta":"","header-below-stick-meta":"","_joinchat":[]},"product_brand":[],"product_cat":[605],"product_tag":[2785,2775,617,2767,2782,2779,2774,2766,2769,2777,2770,2768,2778,2780,2787,2788,2786,2783,2772,2784,2781,625,2773,2776,2771],"class_list":{"0":"post-4013","1":"product","2":"type-product","3":"status-publish","4":"has-post-thumbnail","6":"product_cat-hash-hashish","7":"product_tag-best-cheap-price-nederhash-hashish","8":"product_tag-best-place-to-buy-nederhash-hashish","9":"product_tag-bulk-online","10":"product_tag-buy-nederhash-hashish","11":"product_tag-cheap-nederhash-hashish","12":"product_tag-high-quality-nederhash-hashish","13":"product_tag-how-to-buy-nederhash-hashish","14":"product_tag-nederhash-hashish","15":"product_tag-nederhash-hashish-for-sale","16":"product_tag-nederhash-hashish-legally","17":"product_tag-nederhash-hashish-nederhash-hashish-supplier","18":"product_tag-nederhash-hashish-online","19":"product_tag-nederhash-hashish-price","20":"product_tag-nederhash-hashish-store","21":"product_tag-nederhash-hashish-use","22":"product_tag-nederhash-hashish-wiki","23":"product_tag-nederhash-hashish-worldwide","24":"product_tag-nederhash-hashishs","25":"product_tag-order-nederhash-hashish","26":"product_tag-purcharse-nederhash-hashish","27":"product_tag-shop-nederhash-hashish","28":"product_tag-top-quality","29":"product_tag-where-to-buy-nederhash-hashish","30":"product_tag-where-to-order-nederhash-hashish","31":"product_tag-wholesale-nederhash-hashish","32":"desktop-align-left","33":"tablet-align-left","34":"mobile-align-left","35":"ast-product-gallery-layout-horizontal","36":"ast-product-gallery-with-no-image","37":"ast-product-single-variable","38":"ast-product-tabs-layout-horizontal","39":"ast-qv-on-image","41":"first","42":"instock","43":"shipping-taxable","44":"purchasable","45":"product-type-variable"},"yoast_head":"<!-- This site is optimized with the Yoast SEO plugin v25.9 - https:\/\/yoast.com\/wordpress\/plugins\/seo\/ -->\n<title>Nederhash Hashish for Sale - Buy Nederhash Hashish Online<\/title>\n<meta name=\"description\" content=\"Discover top-notch Nederhash Hashish for sale at our online store - buy Nederhash Hashish conveniently and securely to fuel your research. Explore and buy Nederhash Hashish online, advancing your scientific endeavors with ease. Order Now!\" \/>\n<meta name=\"robots\" content=\"index, follow, max-snippet:-1, max-image-preview:large, max-video-preview:-1\" \/>\n<link rel=\"canonical\" href=\"https:\/\/legitgrams.com\/de\/produkt\/nederhash-haschisch\/\" \/>\n<meta property=\"og:locale\" content=\"de_DE\" \/>\n<meta property=\"og:type\" content=\"article\" \/>\n<meta property=\"og:title\" content=\"Nederhash Hashish for Sale - Buy Nederhash Hashish Online\" \/>\n<meta property=\"og:description\" content=\"Discover top-notch Nederhash Hashish for sale at our online store - buy Nederhash Hashish conveniently and securely to fuel your research. Explore and buy Nederhash Hashish online, advancing your scientific endeavors with ease. Order Now!\" \/>\n<meta property=\"og:url\" content=\"https:\/\/legitgrams.com\/de\/produkt\/nederhash-haschisch\/\" \/>\n<meta property=\"og:site_name\" content=\"Legit Grams\" \/>\n<meta property=\"article:modified_time\" content=\"2025-01-14T10:17:54+00:00\" \/>\n<meta property=\"og:image\" content=\"https:\/\/legitgrams.com\/wp-content\/uploads\/2024\/09\/Buy-Nederhash-Hashish-Online.jpg\" \/>\n\t<meta property=\"og:image:width\" content=\"600\" \/>\n\t<meta property=\"og:image:height\" content=\"600\" \/>\n\t<meta property=\"og:image:type\" content=\"image\/jpeg\" \/>\n<meta name=\"twitter:card\" content=\"summary_large_image\" \/>\n<meta name=\"twitter:label1\" content=\"Gesch\u00e4tzte Lesezeit\" \/>\n\t<meta name=\"twitter:data1\" content=\"5\u00a0Minuten\" \/>\n<script type=\"application\/ld+json\" class=\"yoast-schema-graph\">{\"@context\":\"https:\/\/schema.org\",\"@graph\":[{\"@type\":\"WebPage\",\"@id\":\"https:\/\/legitgrams.com\/product\/nederhash-hashish\/\",\"url\":\"https:\/\/legitgrams.com\/product\/nederhash-hashish\/\",\"name\":\"Nederhash Hashish for Sale - Buy Nederhash Hashish Online\",\"isPartOf\":{\"@id\":\"https:\/\/legitgrams.com\/#website\"},\"primaryImageOfPage\":{\"@id\":\"https:\/\/legitgrams.com\/product\/nederhash-hashish\/#primaryimage\"},\"image\":{\"@id\":\"https:\/\/legitgrams.com\/product\/nederhash-hashish\/#primaryimage\"},\"thumbnailUrl\":\"https:\/\/legitgrams.com\/wp-content\/uploads\/2024\/09\/Buy-Nederhash-Hashish-Online.jpg\",\"datePublished\":\"2024-09-21T08:38:10+00:00\",\"dateModified\":\"2025-01-14T10:17:54+00:00\",\"description\":\"Discover top-notch Nederhash Hashish for sale at our online store - buy Nederhash Hashish conveniently and securely to fuel your research. Explore and buy Nederhash Hashish online, advancing your scientific endeavors with ease. Order Now!\",\"breadcrumb\":{\"@id\":\"https:\/\/legitgrams.com\/product\/nederhash-hashish\/#breadcrumb\"},\"inLanguage\":\"de\",\"potentialAction\":[{\"@type\":\"ReadAction\",\"target\":[\"https:\/\/legitgrams.com\/product\/nederhash-hashish\/\"]}]},{\"@type\":\"ImageObject\",\"inLanguage\":\"de\",\"@id\":\"https:\/\/legitgrams.com\/product\/nederhash-hashish\/#primaryimage\",\"url\":\"https:\/\/legitgrams.com\/wp-content\/uploads\/2024\/09\/Buy-Nederhash-Hashish-Online.jpg\",\"contentUrl\":\"https:\/\/legitgrams.com\/wp-content\/uploads\/2024\/09\/Buy-Nederhash-Hashish-Online.jpg\",\"width\":600,\"height\":600,\"caption\":\"Nederhash Hashish for Sale\"},{\"@type\":\"BreadcrumbList\",\"@id\":\"https:\/\/legitgrams.com\/product\/nederhash-hashish\/#breadcrumb\",\"itemListElement\":[{\"@type\":\"ListItem\",\"position\":1,\"name\":\"Home\",\"item\":\"https:\/\/legitgrams.com\/\"},{\"@type\":\"ListItem\",\"position\":2,\"name\":\"Shop\",\"item\":\"https:\/\/legitgrams.com\/shop\/\"},{\"@type\":\"ListItem\",\"position\":3,\"name\":\"Nederhash Hashish\"}]},{\"@type\":\"WebSite\",\"@id\":\"https:\/\/legitgrams.com\/#website\",\"url\":\"https:\/\/legitgrams.com\/\",\"name\":\"Legit Grams\",\"description\":\"My WordPress Blog\",\"publisher\":{\"@id\":\"https:\/\/legitgrams.com\/#organization\"},\"potentialAction\":[{\"@type\":\"SearchAction\",\"target\":{\"@type\":\"EntryPoint\",\"urlTemplate\":\"https:\/\/legitgrams.com\/?s={search_term_string}\"},\"query-input\":{\"@type\":\"PropertyValueSpecification\",\"valueRequired\":true,\"valueName\":\"search_term_string\"}}],\"inLanguage\":\"de\"},{\"@type\":\"Organization\",\"@id\":\"https:\/\/legitgrams.com\/#organization\",\"name\":\"Legit Grams\",\"url\":\"https:\/\/legitgrams.com\/\",\"logo\":{\"@type\":\"ImageObject\",\"inLanguage\":\"de\",\"@id\":\"https:\/\/legitgrams.com\/#\/schema\/logo\/image\/\",\"url\":\"https:\/\/legitgrams.com\/wp-content\/uploads\/2024\/09\/main-logo.png\",\"contentUrl\":\"https:\/\/legitgrams.com\/wp-content\/uploads\/2024\/09\/main-logo.png\",\"width\":270,\"height\":75,\"caption\":\"Legit Grams\"},\"image\":{\"@id\":\"https:\/\/legitgrams.com\/#\/schema\/logo\/image\/\"}}]}<\/script>\n<!-- \/ Yoast SEO plugin. -->","yoast_head_json":{"title":"Nederhash Haschisch zu verkaufen \u2013 Nederhash Haschisch online kaufen","description":"Entdecken Sie erstklassiges Nederhash Hashish zum Verkauf in unserem Online-Shop - kaufen Sie Nederhash Hashish bequem und sicher, um Ihre Forschung zu unterst\u00fctzen. Erforschen und kaufen Sie Nederhash Hashish online, um Ihre wissenschaftlichen Bem\u00fchungen mit Leichtigkeit voranzutreiben. Jetzt bestellen!","robots":{"index":"index","follow":"follow","max-snippet":"max-snippet:-1","max-image-preview":"max-image-preview:large","max-video-preview":"max-video-preview:-1"},"canonical":"https:\/\/legitgrams.com\/de\/produkt\/nederhash-haschisch\/","og_locale":"de_DE","og_type":"article","og_title":"Nederhash Hashish for Sale - Buy Nederhash Hashish Online","og_description":"Discover top-notch Nederhash Hashish for sale at our online store - buy Nederhash Hashish conveniently and securely to fuel your research. Explore and buy Nederhash Hashish online, advancing your scientific endeavors with ease. Order Now!","og_url":"https:\/\/legitgrams.com\/de\/produkt\/nederhash-haschisch\/","og_site_name":"Legit Grams","article_modified_time":"2025-01-14T10:17:54+00:00","og_image":[{"width":600,"height":600,"url":"https:\/\/legitgrams.com\/wp-content\/uploads\/2024\/09\/Buy-Nederhash-Hashish-Online.jpg","type":"image\/jpeg"}],"twitter_card":"summary_large_image","twitter_misc":{"Gesch\u00e4tzte Lesezeit":"5\u00a0Minuten"},"schema":{"@context":"https:\/\/schema.org","@graph":[{"@type":"WebPage","@id":"https:\/\/legitgrams.com\/product\/nederhash-hashish\/","url":"https:\/\/legitgrams.com\/product\/nederhash-hashish\/","name":"Nederhash Haschisch zu verkaufen \u2013 Nederhash Haschisch online kaufen","isPartOf":{"@id":"https:\/\/legitgrams.com\/#website"},"primaryImageOfPage":{"@id":"https:\/\/legitgrams.com\/product\/nederhash-hashish\/#primaryimage"},"image":{"@id":"https:\/\/legitgrams.com\/product\/nederhash-hashish\/#primaryimage"},"thumbnailUrl":"https:\/\/legitgrams.com\/wp-content\/uploads\/2024\/09\/Buy-Nederhash-Hashish-Online.jpg","datePublished":"2024-09-21T08:38:10+00:00","dateModified":"2025-01-14T10:17:54+00:00","description":"Entdecken Sie erstklassiges Nederhash Hashish zum Verkauf in unserem Online-Shop - kaufen Sie Nederhash Hashish bequem und sicher, um Ihre Forschung zu unterst\u00fctzen. Erforschen und kaufen Sie Nederhash Hashish online, um Ihre wissenschaftlichen Bem\u00fchungen mit Leichtigkeit voranzutreiben. Jetzt bestellen!","breadcrumb":{"@id":"https:\/\/legitgrams.com\/product\/nederhash-hashish\/#breadcrumb"},"inLanguage":"de","potentialAction":[{"@type":"ReadAction","target":["https:\/\/legitgrams.com\/product\/nederhash-hashish\/"]}]},{"@type":"ImageObject","inLanguage":"de","@id":"https:\/\/legitgrams.com\/product\/nederhash-hashish\/#primaryimage","url":"https:\/\/legitgrams.com\/wp-content\/uploads\/2024\/09\/Buy-Nederhash-Hashish-Online.jpg","contentUrl":"https:\/\/legitgrams.com\/wp-content\/uploads\/2024\/09\/Buy-Nederhash-Hashish-Online.jpg","width":600,"height":600,"caption":"Nederhash Hashish for Sale"},{"@type":"BreadcrumbList","@id":"https:\/\/legitgrams.com\/product\/nederhash-hashish\/#breadcrumb","itemListElement":[{"@type":"ListItem","position":1,"name":"Home","item":"https:\/\/legitgrams.com\/"},{"@type":"ListItem","position":2,"name":"Shop","item":"https:\/\/legitgrams.com\/shop\/"},{"@type":"ListItem","position":3,"name":"Nederhash Hashish"}]},{"@type":"WebSite","@id":"https:\/\/legitgrams.com\/#website","url":"https:\/\/legitgrams.com\/","name":"Legitimer Grammwert","description":"Mein WordPress-Blog","publisher":{"@id":"https:\/\/legitgrams.com\/#organization"},"potentialAction":[{"@type":"SearchAction","target":{"@type":"EntryPoint","urlTemplate":"https:\/\/legitgrams.com\/?s={search_term_string}"},"query-input":{"@type":"PropertyValueSpecification","valueRequired":true,"valueName":"search_term_string"}}],"inLanguage":"de"},{"@type":"Organization","@id":"https:\/\/legitgrams.com\/#organization","name":"Legitimer Grammwert","url":"https:\/\/legitgrams.com\/","logo":{"@type":"ImageObject","inLanguage":"de","@id":"https:\/\/legitgrams.com\/#\/schema\/logo\/image\/","url":"https:\/\/legitgrams.com\/wp-content\/uploads\/2024\/09\/main-logo.png","contentUrl":"https:\/\/legitgrams.com\/wp-content\/uploads\/2024\/09\/main-logo.png","width":270,"height":75,"caption":"Legit Grams"},"image":{"@id":"https:\/\/legitgrams.com\/#\/schema\/logo\/image\/"}}]}},"uagb_featured_image_src":{"full":["https:\/\/legitgrams.com\/wp-content\/uploads\/2024\/09\/Buy-Nederhash-Hashish-Online.jpg",600,600,false],"thumbnail":["https:\/\/legitgrams.com\/wp-content\/uploads\/2024\/09\/Buy-Nederhash-Hashish-Online-150x150.jpg",150,150,true],"medium":["https:\/\/legitgrams.com\/wp-content\/uploads\/2024\/09\/Buy-Nederhash-Hashish-Online-300x300.jpg",300,300,true],"medium_large":["https:\/\/legitgrams.com\/wp-content\/uploads\/2024\/09\/Buy-Nederhash-Hashish-Online.jpg",600,600,false],"large":["https:\/\/legitgrams.com\/wp-content\/uploads\/2024\/09\/Buy-Nederhash-Hashish-Online.jpg",600,600,false],"1536x1536":["https:\/\/legitgrams.com\/wp-content\/uploads\/2024\/09\/Buy-Nederhash-Hashish-Online.jpg",600,600,false],"2048x2048":["https:\/\/legitgrams.com\/wp-content\/uploads\/2024\/09\/Buy-Nederhash-Hashish-Online.jpg",600,600,false],"trp-custom-language-flag":["https:\/\/legitgrams.com\/wp-content\/uploads\/2024\/09\/Buy-Nederhash-Hashish-Online-12x12.jpg",12,12,true],"woocommerce_thumbnail":["https:\/\/legitgrams.com\/wp-content\/uploads\/2024\/09\/Buy-Nederhash-Hashish-Online-300x300.jpg",300,300,true],"woocommerce_single":["https:\/\/legitgrams.com\/wp-content\/uploads\/2024\/09\/Buy-Nederhash-Hashish-Online.jpg",600,600,false],"woocommerce_gallery_thumbnail":["https:\/\/legitgrams.com\/wp-content\/uploads\/2024\/09\/Buy-Nederhash-Hashish-Online-100x100.jpg",100,100,true]},"uagb_author_info":{"display_name":"cokeblog18","author_link":"https:\/\/legitgrams.com\/de\/author\/"},"uagb_comment_info":0,"uagb_excerpt":"Nederhash Hashish Online Purchase What is a hash? The Netherlands is where the cannabis plants used to make the hash are cultivated. There are a few tiny outdoor and greenhouse advancements, but the majority of plant development takes place indoors. Generation: The manner of assembling differs depending on the manufacturer. Similar to Morocco, screening provides&hellip;","_links":{"self":[{"href":"https:\/\/legitgrams.com\/de\/wp-json\/wp\/v2\/product\/4013","targetHints":{"allow":["GET"]}}],"collection":[{"href":"https:\/\/legitgrams.com\/de\/wp-json\/wp\/v2\/product"}],"about":[{"href":"https:\/\/legitgrams.com\/de\/wp-json\/wp\/v2\/types\/product"}],"replies":[{"embeddable":true,"href":"https:\/\/legitgrams.com\/de\/wp-json\/wp\/v2\/comments?post=4013"}],"wp:featuredmedia":[{"embeddable":true,"href":"https:\/\/legitgrams.com\/de\/wp-json\/wp\/v2\/media\/5384"}],"wp:attachment":[{"href":"https:\/\/legitgrams.com\/de\/wp-json\/wp\/v2\/media?parent=4013"}],"wp:term":[{"taxonomy":"product_brand","embeddable":true,"href":"https:\/\/legitgrams.com\/de\/wp-json\/wp\/v2\/product_brand?post=4013"},{"taxonomy":"product_cat","embeddable":true,"href":"https:\/\/legitgrams.com\/de\/wp-json\/wp\/v2\/product_cat?post=4013"},{"taxonomy":"product_tag","embeddable":true,"href":"https:\/\/legitgrams.com\/de\/wp-json\/wp\/v2\/product_tag?post=4013"}],"curies":[{"name":"wp","href":"https:\/\/api.w.org\/{rel}","templated":true}]}}