{"id":4018,"date":"2024-09-21T09:28:22","date_gmt":"2024-09-21T09:28:22","guid":{"rendered":"https:\/\/legitgrams.com\/?post_type=product&#038;p=4018"},"modified":"2025-04-04T05:55:15","modified_gmt":"2025-04-04T05:55:15","slug":"nepalesisches-stockhaschisch","status":"publish","type":"product","link":"https:\/\/legitgrams.com\/de\/produkt\/nepalesisches-stockhaschisch\/","title":{"rendered":"Nepalesisches Stick Hash online kaufen"},"content":{"rendered":"<h2>Nepalesisches Stick Hash online kaufen<\/h2>\n<p>Beschreibung des Produktes: Anbau: <a href=\"https:\/\/legitgrams.com\/de\/produkt\/nepalesisches-stockhaschisch\/\">Nepali-Haschisch<\/a> Sticks sind online erh\u00e4ltlich; kleine Cannabissorten sind in den Bergen des Landes weit verbreitet. Herstellung: Um das Harz zu extrahieren, werden die Bl\u00fcten vorsichtig zwischen den Handfl\u00e4chen gerieben. Das gesammelte Harz wird dann gepresst, um einen gleichm\u00e4\u00dfigen Haschball, auch Tempelball genannt, zu erzeugen. Erfahren Sie, wo Sie <a href=\"https:\/\/www.bing.com\/search?q=KaufenSienepalesischesStickHashonline&amp;qs=n&amp;form=QBRE&amp;sp=-1&amp;lq=0&amp;pq=kaufensienepalesischesstickhashonline&amp;sc=2-42&amp;sk=&amp;cvid=6F2A42B492D14237B80C78AB8328CE1E&amp;ghsh=0&amp;ghacc=0&amp;ghpl=\">nepalesische Haschsticks online kaufen<\/a> bevor die Kugeln in eine Schale gegeben werden. Innen: dunkelbraun, au\u00dfen: schwarz. Geruch: Kr\u00e4ftig, w\u00fcrzig und leicht s\u00fc\u00dflich. Wie man nepalesisches Hasch online kauft: Es ist recht stark, selbst wenn ein Teil des Haschs zerbricht. Geschmack: Nepalesische Haschsticks online kaufen; sie sind aromatischer und k\u00f6stlicher als afghanische Haschsticks, aber auch deutlich weniger scharf. Konsistenz: Bei K\u00f6rpertemperatur konstant. H\u00e4ufig nur etwas steifer als afghanisches Hasch. Wirkung: Stark k\u00f6rperlich und schlurfend. Wirksamkeit: Stark bis sehr stark. (11\u201315 % THC) Verf\u00fcgbarkeit: Sehr selten. Sonstiges: Das beste Marihuana wird in Nepal angebaut. Dies sind die besten Produkte, wenn Sie authentische nepalesische Haschsticks online verkaufen, im Gegensatz zu einigen Afghanen, die sich als Nepalesen ausgeben. Nepal ist in der Regel recht teuer; in vielen Caf\u00e9s in Amsterdam ist nepalesisches Hasch das beste. Online-H\u00e4ndler verkaufen nepalesische Haschsticks. Investieren Sie in ein <a href=\"https:\/\/www.google.com\/search?q=Buy+Nepalese+Stick+Hash+Online&amp;num=10&amp;sca_esv=1a2a07081c7891bb&amp;rlz=1C1RXQR_enIN1098IN1098&amp;sxsrf=AHTn8zpEutiXnF6ldZ-NzHJT-qwZ-M4Srg%3A1741414284918&amp;ei=jN_LZ5bkN6CPseMPq-jBgQc&amp;ved=0ahUKEwiW2u_e6fmLAxWgR2wGHSt0MHAQ4dUDCBI&amp;uact=5&amp;oq=Buy+Nepalese+Stick+Hash+Online&amp;gs_lp=Egxnd3Mtd2l6LXNlcnAiHkJ1eSBOZXBhbGVzZSBTdGljayBIYXNoIE9ubGluZTIFEAAY7wUyCBAAGIAEGKIEMggQABiiBBiJBUjHCFDxBFjxBHABeAGQAQCYAfEBoAHxAaoBAzItMbgBA8gBAPgBAvgBAZgCAqAC_AHCAgoQABiwAxjWBBhHmAMAiAYBkAYIkgcFMS4wLjGgB5QC&amp;sclient=gws-wiz-serp\">Nepalesisches Haschisch<\/a> in der N\u00e4he; es lohnt sich meiner Meinung nach immer, besonders wenn man den hohen Preis-Leistungs-Verh\u00e4ltnis mag. Leider ist Nepal hier heutzutage sehr selten. Nepalesische Haschsticks d\u00fcrfen online verkauft werden; selten ist eine begrenzte Menge verf\u00fcgbar.<\/p>\n<p>Nepalesischer Stock kaufen <a href=\"https:\/\/en.wikipedia.org\/wiki\/Hashish\">Hash<\/a> Online &#8211; purchase Nepalese, purchase <a href=\"https:\/\/duckduckgo.com\/?q=Kaufen+Sie+nepalesisches+Stick+Hash+online&amp;t=h_\">Nepalesisches Stockhaschisch<\/a>, Stick Hash online kaufen, Wo kann man nepalesisches Stick Hash kaufen, Nepalesisches Hash zum Verkauf kaufen, Hash online kaufen, Nepalesisches Stick Hash in den USA, Kanada, Gro\u00dfbritannien kaufen, Kauf, Online, Lieferanten, Sichere Lieferung, Es ist noch Zeit, nepalesisches Stick Hash zu kaufen, herauszufinden, ob es in den USA legal ist, es online zu bekommen, herauszufinden, wie man es bestellt, und herauszufinden, ob es in Kanada legal ist. <a href=\"https:\/\/legitgrams.com\/de\/\">LegitGrams<\/a><\/p>\n<p>&nbsp;<\/p>","protected":false},"excerpt":{"rendered":"<p>Nepalese Stick Hash Purchase Online Description of the Product: Cultivation: Nepali hash sticks are available online; small cannabis strains are common across the country&#8217;s mountains. Production: To extract the resin, the buds are gently rubbed between the palms. The collected resin is then squeezed to create a consistent hash ball, also known as a temple &hellip;<\/p>\n<p class=\"read-more\"> <a class=\"\" href=\"https:\/\/legitgrams.com\/de\/produkt\/nepalesisches-stockhaschisch\/\"> <span class=\"screen-reader-text\">Nepalesisches Stick Hash online kaufen<\/span> Mehr lesen \"<\/a><\/p>","protected":false},"featured_media":5385,"comment_status":"open","ping_status":"closed","template":"","meta":{"_uag_custom_page_level_css":"","site-sidebar-layout":"default","site-content-layout":"default","ast-global-header-display":"","ast-main-header-display":"","ast-hfb-above-header-display":"","ast-hfb-below-header-display":"","ast-hfb-mobile-header-display":"","site-post-title":"","ast-breadcrumbs-content":"","ast-featured-img":"","footer-sml-layout":"","theme-transparent-header-meta":"default","adv-header-id-meta":"","stick-header-meta":"default","header-above-stick-meta":"","header-main-stick-meta":"","header-below-stick-meta":"","_joinchat":[]},"product_brand":[],"product_cat":[605],"product_tag":[2762,2752,617,2744,2759,2756,2751,2743,2746,2754,2747,2745,2755,2757,2764,2765,2763,2760,2749,2761,2758,625,2750,2753,2748],"class_list":{"0":"post-4018","1":"product","2":"type-product","3":"status-publish","4":"has-post-thumbnail","6":"product_cat-hash-hashish","7":"product_tag-best-cheap-price-nepalese-stick-hash","8":"product_tag-best-place-to-buy-nepalese-stick-hash","9":"product_tag-bulk-online","10":"product_tag-buy-nepalese-stick-hash","11":"product_tag-cheap-nepalese-stick-hash","12":"product_tag-high-quality-nepalese-stick-hash","13":"product_tag-how-to-buy-nepalese-stick-hash","14":"product_tag-nepalese-stick-hash","15":"product_tag-nepalese-stick-hash-for-sale","16":"product_tag-nepalese-stick-hash-legally","17":"product_tag-nepalese-stick-hash-nepalese-stick-hash-supplier","18":"product_tag-nepalese-stick-hash-online","19":"product_tag-nepalese-stick-hash-price","20":"product_tag-nepalese-stick-hash-store","21":"product_tag-nepalese-stick-hash-use","22":"product_tag-nepalese-stick-hash-wiki","23":"product_tag-nepalese-stick-hash-worldwide","24":"product_tag-nepalese-stick-hashs","25":"product_tag-order-nepalese-stick-hash","26":"product_tag-purcharse-nepalese-stick-hash","27":"product_tag-shop-nepalese-stick-hash","28":"product_tag-top-quality","29":"product_tag-where-to-buy-nepalese-stick-hash","30":"product_tag-where-to-order-nepalese-stick-hash","31":"product_tag-wholesale-nepalese-stick-hash","32":"desktop-align-left","33":"tablet-align-left","34":"mobile-align-left","35":"ast-product-gallery-layout-horizontal","36":"ast-product-gallery-with-no-image","37":"ast-product-single-variable","38":"ast-product-tabs-layout-horizontal","39":"ast-qv-on-image","41":"first","42":"instock","43":"shipping-taxable","44":"purchasable","45":"product-type-variable"},"yoast_head":"<!-- This site is optimized with the Yoast SEO plugin v25.9 - https:\/\/yoast.com\/wordpress\/plugins\/seo\/ -->\n<title>Nepalese Stick Hash for Sale - Buy Nepalese Stick Hash Online<\/title>\n<meta name=\"description\" content=\"If you want to buy Nepalese Stick Hash online and looking for a reliable online shop, then buy here. We offer only high-quality Nepalese Stick Hash for sale at an affordable price. Order Nepalese Stick Hash Now!\" \/>\n<meta name=\"robots\" content=\"index, follow, max-snippet:-1, max-image-preview:large, max-video-preview:-1\" \/>\n<link rel=\"canonical\" href=\"https:\/\/legitgrams.com\/de\/produkt\/nepalesisches-stockhaschisch\/\" \/>\n<meta property=\"og:locale\" content=\"de_DE\" \/>\n<meta property=\"og:type\" content=\"article\" \/>\n<meta property=\"og:title\" content=\"Nepalese Stick Hash for Sale - Buy Nepalese Stick Hash Online\" \/>\n<meta property=\"og:description\" content=\"If you want to buy Nepalese Stick Hash online and looking for a reliable online shop, then buy here. We offer only high-quality Nepalese Stick Hash for sale at an affordable price. Order Nepalese Stick Hash Now!\" \/>\n<meta property=\"og:url\" content=\"https:\/\/legitgrams.com\/de\/produkt\/nepalesisches-stockhaschisch\/\" \/>\n<meta property=\"og:site_name\" content=\"Legit Grams\" \/>\n<meta property=\"article:modified_time\" content=\"2025-04-04T05:55:15+00:00\" \/>\n<meta property=\"og:image\" content=\"https:\/\/legitgrams.com\/wp-content\/uploads\/2024\/09\/Buy-Nepalese-Stick-Hash.jpg\" \/>\n\t<meta property=\"og:image:width\" content=\"600\" \/>\n\t<meta property=\"og:image:height\" content=\"600\" \/>\n\t<meta property=\"og:image:type\" content=\"image\/jpeg\" \/>\n<meta name=\"twitter:card\" content=\"summary_large_image\" \/>\n<meta name=\"twitter:label1\" content=\"Gesch\u00e4tzte Lesezeit\" \/>\n\t<meta name=\"twitter:data1\" content=\"2\u00a0Minuten\" \/>\n<script type=\"application\/ld+json\" class=\"yoast-schema-graph\">{\"@context\":\"https:\/\/schema.org\",\"@graph\":[{\"@type\":\"WebPage\",\"@id\":\"https:\/\/legitgrams.com\/product\/nepalese-stick-hash\/\",\"url\":\"https:\/\/legitgrams.com\/product\/nepalese-stick-hash\/\",\"name\":\"Nepalese Stick Hash for Sale - Buy Nepalese Stick Hash Online\",\"isPartOf\":{\"@id\":\"https:\/\/legitgrams.com\/#website\"},\"primaryImageOfPage\":{\"@id\":\"https:\/\/legitgrams.com\/product\/nepalese-stick-hash\/#primaryimage\"},\"image\":{\"@id\":\"https:\/\/legitgrams.com\/product\/nepalese-stick-hash\/#primaryimage\"},\"thumbnailUrl\":\"https:\/\/legitgrams.com\/wp-content\/uploads\/2024\/09\/Buy-Nepalese-Stick-Hash.jpg\",\"datePublished\":\"2024-09-21T09:28:22+00:00\",\"dateModified\":\"2025-04-04T05:55:15+00:00\",\"description\":\"If you want to buy Nepalese Stick Hash online and looking for a reliable online shop, then buy here. We offer only high-quality Nepalese Stick Hash for sale at an affordable price. Order Nepalese Stick Hash Now!\",\"breadcrumb\":{\"@id\":\"https:\/\/legitgrams.com\/product\/nepalese-stick-hash\/#breadcrumb\"},\"inLanguage\":\"de\",\"potentialAction\":[{\"@type\":\"ReadAction\",\"target\":[\"https:\/\/legitgrams.com\/product\/nepalese-stick-hash\/\"]}]},{\"@type\":\"ImageObject\",\"inLanguage\":\"de\",\"@id\":\"https:\/\/legitgrams.com\/product\/nepalese-stick-hash\/#primaryimage\",\"url\":\"https:\/\/legitgrams.com\/wp-content\/uploads\/2024\/09\/Buy-Nepalese-Stick-Hash.jpg\",\"contentUrl\":\"https:\/\/legitgrams.com\/wp-content\/uploads\/2024\/09\/Buy-Nepalese-Stick-Hash.jpg\",\"width\":600,\"height\":600,\"caption\":\"Nepalese Stick Hash for Sale\"},{\"@type\":\"BreadcrumbList\",\"@id\":\"https:\/\/legitgrams.com\/product\/nepalese-stick-hash\/#breadcrumb\",\"itemListElement\":[{\"@type\":\"ListItem\",\"position\":1,\"name\":\"Home\",\"item\":\"https:\/\/legitgrams.com\/\"},{\"@type\":\"ListItem\",\"position\":2,\"name\":\"Shop\",\"item\":\"https:\/\/legitgrams.com\/shop\/\"},{\"@type\":\"ListItem\",\"position\":3,\"name\":\"Buy Nepalese Stick Hash Online\"}]},{\"@type\":\"WebSite\",\"@id\":\"https:\/\/legitgrams.com\/#website\",\"url\":\"https:\/\/legitgrams.com\/\",\"name\":\"Legit Grams\",\"description\":\"My WordPress Blog\",\"publisher\":{\"@id\":\"https:\/\/legitgrams.com\/#organization\"},\"potentialAction\":[{\"@type\":\"SearchAction\",\"target\":{\"@type\":\"EntryPoint\",\"urlTemplate\":\"https:\/\/legitgrams.com\/?s={search_term_string}\"},\"query-input\":{\"@type\":\"PropertyValueSpecification\",\"valueRequired\":true,\"valueName\":\"search_term_string\"}}],\"inLanguage\":\"de\"},{\"@type\":\"Organization\",\"@id\":\"https:\/\/legitgrams.com\/#organization\",\"name\":\"Legit Grams\",\"url\":\"https:\/\/legitgrams.com\/\",\"logo\":{\"@type\":\"ImageObject\",\"inLanguage\":\"de\",\"@id\":\"https:\/\/legitgrams.com\/#\/schema\/logo\/image\/\",\"url\":\"https:\/\/legitgrams.com\/wp-content\/uploads\/2024\/09\/main-logo.png\",\"contentUrl\":\"https:\/\/legitgrams.com\/wp-content\/uploads\/2024\/09\/main-logo.png\",\"width\":270,\"height\":75,\"caption\":\"Legit Grams\"},\"image\":{\"@id\":\"https:\/\/legitgrams.com\/#\/schema\/logo\/image\/\"}}]}<\/script>\n<!-- \/ Yoast SEO plugin. -->","yoast_head_json":{"title":"Nepalese Stick Hash zu verkaufen - Nepalese Stick Hash online kaufen","description":"Wenn Sie Nepalese Stick Hash online kaufen m\u00f6chten und nach einem zuverl\u00e4ssigen Online-Shop suchen, dann kaufen Sie hier. Wir bieten nur qualitativ hochwertige Nepalese Stick Hash zum Verkauf zu einem erschwinglichen Preis. Bestellen Sie Nepalese Stick Hash jetzt!","robots":{"index":"index","follow":"follow","max-snippet":"max-snippet:-1","max-image-preview":"max-image-preview:large","max-video-preview":"max-video-preview:-1"},"canonical":"https:\/\/legitgrams.com\/de\/produkt\/nepalesisches-stockhaschisch\/","og_locale":"de_DE","og_type":"article","og_title":"Nepalese Stick Hash for Sale - Buy Nepalese Stick Hash Online","og_description":"If you want to buy Nepalese Stick Hash online and looking for a reliable online shop, then buy here. We offer only high-quality Nepalese Stick Hash for sale at an affordable price. Order Nepalese Stick Hash Now!","og_url":"https:\/\/legitgrams.com\/de\/produkt\/nepalesisches-stockhaschisch\/","og_site_name":"Legit Grams","article_modified_time":"2025-04-04T05:55:15+00:00","og_image":[{"width":600,"height":600,"url":"https:\/\/legitgrams.com\/wp-content\/uploads\/2024\/09\/Buy-Nepalese-Stick-Hash.jpg","type":"image\/jpeg"}],"twitter_card":"summary_large_image","twitter_misc":{"Gesch\u00e4tzte Lesezeit":"2\u00a0Minuten"},"schema":{"@context":"https:\/\/schema.org","@graph":[{"@type":"WebPage","@id":"https:\/\/legitgrams.com\/product\/nepalese-stick-hash\/","url":"https:\/\/legitgrams.com\/product\/nepalese-stick-hash\/","name":"Nepalese Stick Hash zu verkaufen - Nepalese Stick Hash online kaufen","isPartOf":{"@id":"https:\/\/legitgrams.com\/#website"},"primaryImageOfPage":{"@id":"https:\/\/legitgrams.com\/product\/nepalese-stick-hash\/#primaryimage"},"image":{"@id":"https:\/\/legitgrams.com\/product\/nepalese-stick-hash\/#primaryimage"},"thumbnailUrl":"https:\/\/legitgrams.com\/wp-content\/uploads\/2024\/09\/Buy-Nepalese-Stick-Hash.jpg","datePublished":"2024-09-21T09:28:22+00:00","dateModified":"2025-04-04T05:55:15+00:00","description":"Wenn Sie Nepalese Stick Hash online kaufen m\u00f6chten und nach einem zuverl\u00e4ssigen Online-Shop suchen, dann kaufen Sie hier. Wir bieten nur qualitativ hochwertige Nepalese Stick Hash zum Verkauf zu einem erschwinglichen Preis. Bestellen Sie Nepalese Stick Hash jetzt!","breadcrumb":{"@id":"https:\/\/legitgrams.com\/product\/nepalese-stick-hash\/#breadcrumb"},"inLanguage":"de","potentialAction":[{"@type":"ReadAction","target":["https:\/\/legitgrams.com\/product\/nepalese-stick-hash\/"]}]},{"@type":"ImageObject","inLanguage":"de","@id":"https:\/\/legitgrams.com\/product\/nepalese-stick-hash\/#primaryimage","url":"https:\/\/legitgrams.com\/wp-content\/uploads\/2024\/09\/Buy-Nepalese-Stick-Hash.jpg","contentUrl":"https:\/\/legitgrams.com\/wp-content\/uploads\/2024\/09\/Buy-Nepalese-Stick-Hash.jpg","width":600,"height":600,"caption":"Nepalese Stick Hash for Sale"},{"@type":"BreadcrumbList","@id":"https:\/\/legitgrams.com\/product\/nepalese-stick-hash\/#breadcrumb","itemListElement":[{"@type":"ListItem","position":1,"name":"Home","item":"https:\/\/legitgrams.com\/"},{"@type":"ListItem","position":2,"name":"Shop","item":"https:\/\/legitgrams.com\/shop\/"},{"@type":"ListItem","position":3,"name":"Buy Nepalese Stick Hash Online"}]},{"@type":"WebSite","@id":"https:\/\/legitgrams.com\/#website","url":"https:\/\/legitgrams.com\/","name":"Legitimer Grammwert","description":"Mein WordPress-Blog","publisher":{"@id":"https:\/\/legitgrams.com\/#organization"},"potentialAction":[{"@type":"SearchAction","target":{"@type":"EntryPoint","urlTemplate":"https:\/\/legitgrams.com\/?s={search_term_string}"},"query-input":{"@type":"PropertyValueSpecification","valueRequired":true,"valueName":"search_term_string"}}],"inLanguage":"de"},{"@type":"Organization","@id":"https:\/\/legitgrams.com\/#organization","name":"Legitimer Grammwert","url":"https:\/\/legitgrams.com\/","logo":{"@type":"ImageObject","inLanguage":"de","@id":"https:\/\/legitgrams.com\/#\/schema\/logo\/image\/","url":"https:\/\/legitgrams.com\/wp-content\/uploads\/2024\/09\/main-logo.png","contentUrl":"https:\/\/legitgrams.com\/wp-content\/uploads\/2024\/09\/main-logo.png","width":270,"height":75,"caption":"Legit Grams"},"image":{"@id":"https:\/\/legitgrams.com\/#\/schema\/logo\/image\/"}}]}},"uagb_featured_image_src":{"full":["https:\/\/legitgrams.com\/wp-content\/uploads\/2024\/09\/Buy-Nepalese-Stick-Hash.jpg",600,600,false],"thumbnail":["https:\/\/legitgrams.com\/wp-content\/uploads\/2024\/09\/Buy-Nepalese-Stick-Hash-150x150.jpg",150,150,true],"medium":["https:\/\/legitgrams.com\/wp-content\/uploads\/2024\/09\/Buy-Nepalese-Stick-Hash-300x300.jpg",300,300,true],"medium_large":["https:\/\/legitgrams.com\/wp-content\/uploads\/2024\/09\/Buy-Nepalese-Stick-Hash.jpg",600,600,false],"large":["https:\/\/legitgrams.com\/wp-content\/uploads\/2024\/09\/Buy-Nepalese-Stick-Hash.jpg",600,600,false],"1536x1536":["https:\/\/legitgrams.com\/wp-content\/uploads\/2024\/09\/Buy-Nepalese-Stick-Hash.jpg",600,600,false],"2048x2048":["https:\/\/legitgrams.com\/wp-content\/uploads\/2024\/09\/Buy-Nepalese-Stick-Hash.jpg",600,600,false],"trp-custom-language-flag":["https:\/\/legitgrams.com\/wp-content\/uploads\/2024\/09\/Buy-Nepalese-Stick-Hash-12x12.jpg",12,12,true],"woocommerce_thumbnail":["https:\/\/legitgrams.com\/wp-content\/uploads\/2024\/09\/Buy-Nepalese-Stick-Hash-300x300.jpg",300,300,true],"woocommerce_single":["https:\/\/legitgrams.com\/wp-content\/uploads\/2024\/09\/Buy-Nepalese-Stick-Hash.jpg",600,600,false],"woocommerce_gallery_thumbnail":["https:\/\/legitgrams.com\/wp-content\/uploads\/2024\/09\/Buy-Nepalese-Stick-Hash-100x100.jpg",100,100,true]},"uagb_author_info":{"display_name":"cokeblog18","author_link":"https:\/\/legitgrams.com\/de\/author\/"},"uagb_comment_info":0,"uagb_excerpt":"Nepalese Stick Hash Purchase Online Description of the Product: Cultivation: Nepali hash sticks are available online; small cannabis strains are common across the country&#8217;s mountains. Production: To extract the resin, the buds are gently rubbed between the palms. The collected resin is then squeezed to create a consistent hash ball, also known as a temple&hellip;","_links":{"self":[{"href":"https:\/\/legitgrams.com\/de\/wp-json\/wp\/v2\/product\/4018","targetHints":{"allow":["GET"]}}],"collection":[{"href":"https:\/\/legitgrams.com\/de\/wp-json\/wp\/v2\/product"}],"about":[{"href":"https:\/\/legitgrams.com\/de\/wp-json\/wp\/v2\/types\/product"}],"replies":[{"embeddable":true,"href":"https:\/\/legitgrams.com\/de\/wp-json\/wp\/v2\/comments?post=4018"}],"wp:featuredmedia":[{"embeddable":true,"href":"https:\/\/legitgrams.com\/de\/wp-json\/wp\/v2\/media\/5385"}],"wp:attachment":[{"href":"https:\/\/legitgrams.com\/de\/wp-json\/wp\/v2\/media?parent=4018"}],"wp:term":[{"taxonomy":"product_brand","embeddable":true,"href":"https:\/\/legitgrams.com\/de\/wp-json\/wp\/v2\/product_brand?post=4018"},{"taxonomy":"product_cat","embeddable":true,"href":"https:\/\/legitgrams.com\/de\/wp-json\/wp\/v2\/product_cat?post=4018"},{"taxonomy":"product_tag","embeddable":true,"href":"https:\/\/legitgrams.com\/de\/wp-json\/wp\/v2\/product_tag?post=4018"}],"curies":[{"name":"wp","href":"https:\/\/api.w.org\/{rel}","templated":true}]}}