{"id":4173,"date":"2024-09-21T12:04:54","date_gmt":"2024-09-21T12:04:54","guid":{"rendered":"https:\/\/legitgrams.com\/?post_type=product&#038;p=4173"},"modified":"2025-01-13T08:10:27","modified_gmt":"2025-01-13T08:10:27","slug":"afghanisches-schwarzes-haschisch","status":"publish","type":"product","link":"https:\/\/legitgrams.com\/de\/produkt\/afghanisches-schwarzes-haschisch\/","title":{"rendered":"Afghanisches Schwarzes Haschisch"},"content":{"rendered":"<h2>Zu verkaufen: Afghanisches schwarzes Haschisch<\/h2>\n<p><a href=\"https:\/\/legitgrams.com\/de\/produkt\/afghanisches-schwarzes-haschisch\/\">Afghani Black Hash online kaufen<\/a>. Afghan Black Hash ist ein Haschisch-Klon. Es ist ein internationales Vergehen, das mit einer lebenslangen Gef\u00e4ngnisstrafe geahndet wird. Es enth\u00e4lt kein THC mehr, keine synthetischen Cannabinoide und keine Reihe chemischer Forschungsverbindungen (einschlie\u00dflich AM-2209, JWH-018, JWH-073, JWH-250 und viele mehr). Es ist wahrscheinlich das beste Gef\u00e4ngnis-Haschisch, das es gibt. Pflanzliche, lebensmittelechte Bestandteile sind f\u00fcr uns das Beste. Es schmeckt fantastisch, sieht aus wie Haschisch, riecht wie Hanf und sieht auch wie Haschisch aus. Afghan Black <a href=\"https:\/\/en.wikipedia.org\/wiki\/Hashish\">Haschisch<\/a> Der Farbton ist der Hauptunterschied zu den Farbt\u00f6nen unserer anderen Produkte. Wenn Sie unsere Produkte noch nicht kennen, holen Sie sich zun\u00e4chst einen Test-PC. Der Versand ist kostenlos. <a href=\"https:\/\/legitgrams.com\/de\/\">LegitGrams<\/a><\/p>\n<h3>weitere illegale Haschischprodukte von uns kaufen, und die Kosten k\u00f6nnten<\/h3>\n<p>Finden Sie einen Ort, um afghanisches schwarzes Haschisch zu kaufen, kaufen Sie schwarzes Haschisch zum Verkauf, kaufen Sie schwarzes Haschisch online, kaufen Sie schwarzes Haschisch in den Vereinigten Staaten, Kanada oder dem Vereinigten K\u00f6nigreich, kaufen Sie online, Lieferanten, sichere Lieferung, kaufen Sie schwarzes Haschisch, kaufen Sie schwarzes Haschisch online, kaufen Sie Haschischpillen, kaufen Sie schwarzes Haschisch, kaufen Sie schwarzes Haschisch online, afghanisches schwarzes Haschisch ist derzeit erh\u00e4ltlich. Was ist der rechtliche Status von afghanischem schwarzen Haschisch in Kanada, den Vereinigten Staaten und online, und wie kann man es bestellen?<\/p>","protected":false},"excerpt":{"rendered":"<p>For Sale: Afghan Black Hash Buy Afghani Black Hash online. Afghan Black Hash is a hash clone. It is an international offense that carries a life sentence in prison. It no longer contains THC, synthetic cannabinoids, and a number of research chemical compounds (including AM-2209, JWH-018, JWH-073, JWH-250, and many more). It&#8217;s probably the best &hellip;<\/p>\n<p class=\"read-more\"> <a class=\"\" href=\"https:\/\/legitgrams.com\/de\/produkt\/afghanisches-schwarzes-haschisch\/\"> <span class=\"screen-reader-text\">Afghanisches Schwarzes Haschisch<\/span> Mehr lesen \"<\/a><\/p>","protected":false},"featured_media":5369,"comment_status":"open","ping_status":"closed","template":"","meta":{"_uag_custom_page_level_css":"","site-sidebar-layout":"default","site-content-layout":"default","ast-global-header-display":"","ast-main-header-display":"","ast-hfb-above-header-display":"","ast-hfb-below-header-display":"","ast-hfb-mobile-header-display":"","site-post-title":"","ast-breadcrumbs-content":"","ast-featured-img":"","footer-sml-layout":"","theme-transparent-header-meta":"default","adv-header-id-meta":"","stick-header-meta":"default","header-above-stick-meta":"","header-main-stick-meta":"","header-below-stick-meta":"","_joinchat":[]},"product_brand":[],"product_cat":[605],"product_tag":[2651,2655,2654,2662,2653,2663,2665,2672,2673,2671,2668,2670,2660,617,2652,2667,2664,2659,2657,2669,2666,625,2658,2661,2656],"class_list":{"0":"post-4173","1":"product","2":"type-product","3":"status-publish","4":"has-post-thumbnail","6":"product_cat-hash-hashish","7":"product_tag-afghan-black-hash","8":"product_tag-afghan-black-hash-afghan-black-hash-supplier","9":"product_tag-afghan-black-hash-for-sale","10":"product_tag-afghan-black-hash-legally","11":"product_tag-afghan-black-hash-online","12":"product_tag-afghan-black-hash-price","13":"product_tag-afghan-black-hash-store","14":"product_tag-afghan-black-hash-use","15":"product_tag-afghan-black-hash-wiki","16":"product_tag-afghan-black-hash-worldwide","17":"product_tag-afghan-black-hashs","18":"product_tag-best-cheap-price-afghan-black-hash","19":"product_tag-best-place-to-buy-afghan-black-hash","20":"product_tag-bulk-online","21":"product_tag-buy-afghan-black-hash","22":"product_tag-cheap-afghan-black-hash","23":"product_tag-high-quality-afghan-black-hash","24":"product_tag-how-to-buy-afghan-black-hash","25":"product_tag-order-afghan-black-hash","26":"product_tag-purcharse-afghan-black-hash","27":"product_tag-shop-afghan-black-hash","28":"product_tag-top-quality","29":"product_tag-where-to-buy-afghan-black-hash","30":"product_tag-where-to-order-afghan-black-hash","31":"product_tag-wholesale-afghan-black-hash","32":"desktop-align-left","33":"tablet-align-left","34":"mobile-align-left","35":"ast-product-gallery-layout-horizontal","36":"ast-product-gallery-with-no-image","37":"ast-product-single-variable","38":"ast-product-tabs-layout-horizontal","39":"ast-qv-on-image","41":"first","42":"instock","43":"shipping-taxable","44":"purchasable","45":"product-type-variable"},"yoast_head":"<!-- This site is optimized with the Yoast SEO plugin v25.9 - https:\/\/yoast.com\/wordpress\/plugins\/seo\/ -->\n<title>Afghan Black Hash for Sale - Order Afghan Black Hash Online | LG<\/title>\n<meta name=\"description\" content=\"Looking to buy afghan black hash online at best price? You can get afghan black hash for sale from a weed store LegitGrams. Order Today with Special Discounts!\" \/>\n<meta name=\"robots\" content=\"index, follow, max-snippet:-1, max-image-preview:large, max-video-preview:-1\" \/>\n<link rel=\"canonical\" href=\"https:\/\/legitgrams.com\/de\/produkt\/afghanisches-schwarzes-haschisch\/\" \/>\n<meta property=\"og:locale\" content=\"de_DE\" \/>\n<meta property=\"og:type\" content=\"article\" \/>\n<meta property=\"og:title\" content=\"Afghan Black Hash for Sale - Order Afghan Black Hash Online | LG\" \/>\n<meta property=\"og:description\" content=\"Looking to buy afghan black hash online at best price? You can get afghan black hash for sale from a weed store LegitGrams. Order Today with Special Discounts!\" \/>\n<meta property=\"og:url\" content=\"https:\/\/legitgrams.com\/de\/produkt\/afghanisches-schwarzes-haschisch\/\" \/>\n<meta property=\"og:site_name\" content=\"Legit Grams\" \/>\n<meta property=\"article:modified_time\" content=\"2025-01-13T08:10:27+00:00\" \/>\n<meta property=\"og:image\" content=\"https:\/\/legitgrams.com\/wp-content\/uploads\/2024\/09\/Buy-Afghan-Black-Hash-Online.jpg\" \/>\n\t<meta property=\"og:image:width\" content=\"600\" \/>\n\t<meta property=\"og:image:height\" content=\"600\" \/>\n\t<meta property=\"og:image:type\" content=\"image\/jpeg\" \/>\n<meta name=\"twitter:card\" content=\"summary_large_image\" \/>\n<meta name=\"twitter:label1\" content=\"Gesch\u00e4tzte Lesezeit\" \/>\n\t<meta name=\"twitter:data1\" content=\"2\u00a0Minuten\" \/>\n<script type=\"application\/ld+json\" class=\"yoast-schema-graph\">{\"@context\":\"https:\/\/schema.org\",\"@graph\":[{\"@type\":\"WebPage\",\"@id\":\"https:\/\/legitgrams.com\/product\/afghan-black-hash\/\",\"url\":\"https:\/\/legitgrams.com\/product\/afghan-black-hash\/\",\"name\":\"Afghan Black Hash for Sale - Order Afghan Black Hash Online | LG\",\"isPartOf\":{\"@id\":\"https:\/\/legitgrams.com\/#website\"},\"primaryImageOfPage\":{\"@id\":\"https:\/\/legitgrams.com\/product\/afghan-black-hash\/#primaryimage\"},\"image\":{\"@id\":\"https:\/\/legitgrams.com\/product\/afghan-black-hash\/#primaryimage\"},\"thumbnailUrl\":\"https:\/\/legitgrams.com\/wp-content\/uploads\/2024\/09\/Buy-Afghan-Black-Hash-Online.jpg\",\"datePublished\":\"2024-09-21T12:04:54+00:00\",\"dateModified\":\"2025-01-13T08:10:27+00:00\",\"description\":\"Looking to buy afghan black hash online at best price? You can get afghan black hash for sale from a weed store LegitGrams. Order Today with Special Discounts!\",\"breadcrumb\":{\"@id\":\"https:\/\/legitgrams.com\/product\/afghan-black-hash\/#breadcrumb\"},\"inLanguage\":\"de\",\"potentialAction\":[{\"@type\":\"ReadAction\",\"target\":[\"https:\/\/legitgrams.com\/product\/afghan-black-hash\/\"]}]},{\"@type\":\"ImageObject\",\"inLanguage\":\"de\",\"@id\":\"https:\/\/legitgrams.com\/product\/afghan-black-hash\/#primaryimage\",\"url\":\"https:\/\/legitgrams.com\/wp-content\/uploads\/2024\/09\/Buy-Afghan-Black-Hash-Online.jpg\",\"contentUrl\":\"https:\/\/legitgrams.com\/wp-content\/uploads\/2024\/09\/Buy-Afghan-Black-Hash-Online.jpg\",\"width\":600,\"height\":600,\"caption\":\"Afghan Black Hash for Sale\"},{\"@type\":\"BreadcrumbList\",\"@id\":\"https:\/\/legitgrams.com\/product\/afghan-black-hash\/#breadcrumb\",\"itemListElement\":[{\"@type\":\"ListItem\",\"position\":1,\"name\":\"Home\",\"item\":\"https:\/\/legitgrams.com\/\"},{\"@type\":\"ListItem\",\"position\":2,\"name\":\"Shop\",\"item\":\"https:\/\/legitgrams.com\/shop\/\"},{\"@type\":\"ListItem\",\"position\":3,\"name\":\"Afghan Black Hash\"}]},{\"@type\":\"WebSite\",\"@id\":\"https:\/\/legitgrams.com\/#website\",\"url\":\"https:\/\/legitgrams.com\/\",\"name\":\"Legit Grams\",\"description\":\"My WordPress Blog\",\"publisher\":{\"@id\":\"https:\/\/legitgrams.com\/#organization\"},\"potentialAction\":[{\"@type\":\"SearchAction\",\"target\":{\"@type\":\"EntryPoint\",\"urlTemplate\":\"https:\/\/legitgrams.com\/?s={search_term_string}\"},\"query-input\":{\"@type\":\"PropertyValueSpecification\",\"valueRequired\":true,\"valueName\":\"search_term_string\"}}],\"inLanguage\":\"de\"},{\"@type\":\"Organization\",\"@id\":\"https:\/\/legitgrams.com\/#organization\",\"name\":\"Legit Grams\",\"url\":\"https:\/\/legitgrams.com\/\",\"logo\":{\"@type\":\"ImageObject\",\"inLanguage\":\"de\",\"@id\":\"https:\/\/legitgrams.com\/#\/schema\/logo\/image\/\",\"url\":\"https:\/\/legitgrams.com\/wp-content\/uploads\/2024\/09\/main-logo.png\",\"contentUrl\":\"https:\/\/legitgrams.com\/wp-content\/uploads\/2024\/09\/main-logo.png\",\"width\":270,\"height\":75,\"caption\":\"Legit Grams\"},\"image\":{\"@id\":\"https:\/\/legitgrams.com\/#\/schema\/logo\/image\/\"}}]}<\/script>\n<!-- \/ Yoast SEO plugin. -->","yoast_head_json":{"title":"Afghan Black Hash zu verkaufen - Afghan Black Hash online bestellen | LG","description":"M\u00f6chten Sie afghanisches schwarzes Hasch online zum besten Preis kaufen? Sie k\u00f6nnen afghanisches schwarzes Haschisch zum Verkauf von einem Unkrautgesch\u00e4ft LegitGrams bekommen. Bestellen Sie heute mit speziellen Rabatten!","robots":{"index":"index","follow":"follow","max-snippet":"max-snippet:-1","max-image-preview":"max-image-preview:large","max-video-preview":"max-video-preview:-1"},"canonical":"https:\/\/legitgrams.com\/de\/produkt\/afghanisches-schwarzes-haschisch\/","og_locale":"de_DE","og_type":"article","og_title":"Afghan Black Hash for Sale - Order Afghan Black Hash Online | LG","og_description":"Looking to buy afghan black hash online at best price? You can get afghan black hash for sale from a weed store LegitGrams. Order Today with Special Discounts!","og_url":"https:\/\/legitgrams.com\/de\/produkt\/afghanisches-schwarzes-haschisch\/","og_site_name":"Legit Grams","article_modified_time":"2025-01-13T08:10:27+00:00","og_image":[{"width":600,"height":600,"url":"https:\/\/legitgrams.com\/wp-content\/uploads\/2024\/09\/Buy-Afghan-Black-Hash-Online.jpg","type":"image\/jpeg"}],"twitter_card":"summary_large_image","twitter_misc":{"Gesch\u00e4tzte Lesezeit":"2\u00a0Minuten"},"schema":{"@context":"https:\/\/schema.org","@graph":[{"@type":"WebPage","@id":"https:\/\/legitgrams.com\/product\/afghan-black-hash\/","url":"https:\/\/legitgrams.com\/product\/afghan-black-hash\/","name":"Afghan Black Hash zu verkaufen - Afghan Black Hash online bestellen | LG","isPartOf":{"@id":"https:\/\/legitgrams.com\/#website"},"primaryImageOfPage":{"@id":"https:\/\/legitgrams.com\/product\/afghan-black-hash\/#primaryimage"},"image":{"@id":"https:\/\/legitgrams.com\/product\/afghan-black-hash\/#primaryimage"},"thumbnailUrl":"https:\/\/legitgrams.com\/wp-content\/uploads\/2024\/09\/Buy-Afghan-Black-Hash-Online.jpg","datePublished":"2024-09-21T12:04:54+00:00","dateModified":"2025-01-13T08:10:27+00:00","description":"M\u00f6chten Sie afghanisches schwarzes Hasch online zum besten Preis kaufen? Sie k\u00f6nnen afghanisches schwarzes Haschisch zum Verkauf von einem Unkrautgesch\u00e4ft LegitGrams bekommen. Bestellen Sie heute mit speziellen Rabatten!","breadcrumb":{"@id":"https:\/\/legitgrams.com\/product\/afghan-black-hash\/#breadcrumb"},"inLanguage":"de","potentialAction":[{"@type":"ReadAction","target":["https:\/\/legitgrams.com\/product\/afghan-black-hash\/"]}]},{"@type":"ImageObject","inLanguage":"de","@id":"https:\/\/legitgrams.com\/product\/afghan-black-hash\/#primaryimage","url":"https:\/\/legitgrams.com\/wp-content\/uploads\/2024\/09\/Buy-Afghan-Black-Hash-Online.jpg","contentUrl":"https:\/\/legitgrams.com\/wp-content\/uploads\/2024\/09\/Buy-Afghan-Black-Hash-Online.jpg","width":600,"height":600,"caption":"Afghan Black Hash for Sale"},{"@type":"BreadcrumbList","@id":"https:\/\/legitgrams.com\/product\/afghan-black-hash\/#breadcrumb","itemListElement":[{"@type":"ListItem","position":1,"name":"Home","item":"https:\/\/legitgrams.com\/"},{"@type":"ListItem","position":2,"name":"Shop","item":"https:\/\/legitgrams.com\/shop\/"},{"@type":"ListItem","position":3,"name":"Afghan Black Hash"}]},{"@type":"WebSite","@id":"https:\/\/legitgrams.com\/#website","url":"https:\/\/legitgrams.com\/","name":"Legitimer Grammwert","description":"Mein WordPress-Blog","publisher":{"@id":"https:\/\/legitgrams.com\/#organization"},"potentialAction":[{"@type":"SearchAction","target":{"@type":"EntryPoint","urlTemplate":"https:\/\/legitgrams.com\/?s={search_term_string}"},"query-input":{"@type":"PropertyValueSpecification","valueRequired":true,"valueName":"search_term_string"}}],"inLanguage":"de"},{"@type":"Organization","@id":"https:\/\/legitgrams.com\/#organization","name":"Legitimer Grammwert","url":"https:\/\/legitgrams.com\/","logo":{"@type":"ImageObject","inLanguage":"de","@id":"https:\/\/legitgrams.com\/#\/schema\/logo\/image\/","url":"https:\/\/legitgrams.com\/wp-content\/uploads\/2024\/09\/main-logo.png","contentUrl":"https:\/\/legitgrams.com\/wp-content\/uploads\/2024\/09\/main-logo.png","width":270,"height":75,"caption":"Legit Grams"},"image":{"@id":"https:\/\/legitgrams.com\/#\/schema\/logo\/image\/"}}]}},"uagb_featured_image_src":{"full":["https:\/\/legitgrams.com\/wp-content\/uploads\/2024\/09\/Buy-Afghan-Black-Hash-Online.jpg",600,600,false],"thumbnail":["https:\/\/legitgrams.com\/wp-content\/uploads\/2024\/09\/Buy-Afghan-Black-Hash-Online-150x150.jpg",150,150,true],"medium":["https:\/\/legitgrams.com\/wp-content\/uploads\/2024\/09\/Buy-Afghan-Black-Hash-Online-300x300.jpg",300,300,true],"medium_large":["https:\/\/legitgrams.com\/wp-content\/uploads\/2024\/09\/Buy-Afghan-Black-Hash-Online.jpg",600,600,false],"large":["https:\/\/legitgrams.com\/wp-content\/uploads\/2024\/09\/Buy-Afghan-Black-Hash-Online.jpg",600,600,false],"1536x1536":["https:\/\/legitgrams.com\/wp-content\/uploads\/2024\/09\/Buy-Afghan-Black-Hash-Online.jpg",600,600,false],"2048x2048":["https:\/\/legitgrams.com\/wp-content\/uploads\/2024\/09\/Buy-Afghan-Black-Hash-Online.jpg",600,600,false],"trp-custom-language-flag":["https:\/\/legitgrams.com\/wp-content\/uploads\/2024\/09\/Buy-Afghan-Black-Hash-Online-12x12.jpg",12,12,true],"woocommerce_thumbnail":["https:\/\/legitgrams.com\/wp-content\/uploads\/2024\/09\/Buy-Afghan-Black-Hash-Online-300x300.jpg",300,300,true],"woocommerce_single":["https:\/\/legitgrams.com\/wp-content\/uploads\/2024\/09\/Buy-Afghan-Black-Hash-Online.jpg",600,600,false],"woocommerce_gallery_thumbnail":["https:\/\/legitgrams.com\/wp-content\/uploads\/2024\/09\/Buy-Afghan-Black-Hash-Online-100x100.jpg",100,100,true]},"uagb_author_info":{"display_name":"cokeblog18","author_link":"https:\/\/legitgrams.com\/de\/author\/"},"uagb_comment_info":0,"uagb_excerpt":"For Sale: Afghan Black Hash Buy Afghani Black Hash online. Afghan Black Hash is a hash clone. It is an international offense that carries a life sentence in prison. It no longer contains THC, synthetic cannabinoids, and a number of research chemical compounds (including AM-2209, JWH-018, JWH-073, JWH-250, and many more). It&#8217;s probably the best&hellip;","_links":{"self":[{"href":"https:\/\/legitgrams.com\/de\/wp-json\/wp\/v2\/product\/4173","targetHints":{"allow":["GET"]}}],"collection":[{"href":"https:\/\/legitgrams.com\/de\/wp-json\/wp\/v2\/product"}],"about":[{"href":"https:\/\/legitgrams.com\/de\/wp-json\/wp\/v2\/types\/product"}],"replies":[{"embeddable":true,"href":"https:\/\/legitgrams.com\/de\/wp-json\/wp\/v2\/comments?post=4173"}],"wp:featuredmedia":[{"embeddable":true,"href":"https:\/\/legitgrams.com\/de\/wp-json\/wp\/v2\/media\/5369"}],"wp:attachment":[{"href":"https:\/\/legitgrams.com\/de\/wp-json\/wp\/v2\/media?parent=4173"}],"wp:term":[{"taxonomy":"product_brand","embeddable":true,"href":"https:\/\/legitgrams.com\/de\/wp-json\/wp\/v2\/product_brand?post=4173"},{"taxonomy":"product_cat","embeddable":true,"href":"https:\/\/legitgrams.com\/de\/wp-json\/wp\/v2\/product_cat?post=4173"},{"taxonomy":"product_tag","embeddable":true,"href":"https:\/\/legitgrams.com\/de\/wp-json\/wp\/v2\/product_tag?post=4173"}],"curies":[{"name":"wp","href":"https:\/\/api.w.org\/{rel}","templated":true}]}}