{"id":4178,"date":"2024-09-21T12:15:17","date_gmt":"2024-09-21T12:15:17","guid":{"rendered":"https:\/\/legitgrams.com\/?post_type=product&#038;p=4178"},"modified":"2025-01-15T05:45:06","modified_gmt":"2025-01-15T05:45:06","slug":"thc-live-diamonds-superior-extract-3","status":"publish","type":"product","link":"https:\/\/legitgrams.com\/de\/produkt\/thc-live-diamonds-superior-extract-3\/","title":{"rendered":"THC Live Diamonds - \u00dcberlegener Extrakt"},"content":{"rendered":"<h2>THC Live Diamonds kaufen \u2013 Superior Extract online<\/h2>\n<p>Holen Sie sich den wunderbaren Extrakt THC Live Diamonds. Als das st\u00e4rkste verf\u00fcgbare Konzentrat wird Superior THC Live Diamonds h\u00e4ufig als \"das st\u00e4rkste der Welt\" bezeichnet und ist der j\u00fcngste Extrakt, der in der Cannabisbranche gro\u00dfe Aufmerksamkeit erregt. Dieser kristallisierte Extrakt besteht aus \u00fcber 99% reinem THC-A, das beim Verzehr keine gro\u00dfen Mengen THC produziert, sondern verbrannt oder decarboxyliert werden muss, um das psychoaktive THC zu erzeugen.<\/p>\n<p>Je besser <a href=\"https:\/\/en.wikipedia.org\/wiki\/Cannabis_concentrate\">THC Live-Diamanten<\/a> haben ein sinnlicheres Konzentrat, weil sie aus einem lebenden Harz hergestellt werden, das zur Erhaltung der Terpene beitr\u00e4gt!<\/p>\n<p>Das z\u00e4hfl\u00fcssige lebende Harz wird in einem Druckbeh\u00e4lter eingeschlossen und auf Raumtemperatur gebracht. In dieser Kombination beginnen sich schlie\u00dflich THCA-Kristalle zu bilden und sinken auf den Boden des Gef\u00e4\u00dfes. Die restlichen Terpene im lebenden Harz steigen an die Oberfl\u00e4che und bilden einen z\u00e4hfl\u00fcssigen \u00dcberzug. Das Endprodukt ist ein 97-99% THC-Konzentrat, das mit dem Geschmack und den gesundheitlichen Vorteilen von Terpenen angereichert ist, die f\u00fcr eine bestimmte Sorte einzigartig sind. <a href=\"https:\/\/legitgrams.com\/de\/\">LegitGrams<\/a><\/p>\n<p>Kaufen Sie <a href=\"https:\/\/legitgrams.com\/de\/produkt\/thc-live-diamonds-superior-extract-3\/\">THC Live Diamonds-Superior<\/a> Extrakt - Diamanten kaufen, THC-Live-Diamanten kaufen, THC-Live-Diamanten online kaufen, Wo kann man THC-Live-Diamanten kaufen, THC-Live-Diamanten kaufen, THC-Live-Diamanten online kaufen, THC-Live-Diamanten in den Vereinigten Staaten, in Kanada, im Vereinigten K\u00f6nigreich, kaufen, online, Lieferanten, sichere Lieferung, Live-Diamanten mit THC sind noch erh\u00e4ltlich. Ist es legal, THC-Live-Diamanten in den Vereinigten Staaten zu kaufen?<\/p>","protected":false},"excerpt":{"rendered":"<p>Purchase THC Live Diamonds- Superior Extract Online Get the wonderful extract THC Live Diamonds. Being the strongest concentrate available, Superior THC Live Diamonds is frequently referred to as &#8220;the strongest in the world&#8221; and is the most recent extract to garner substantial attention within the cannabis industry. Over 99% pure THC-A makes up this crystallized &hellip;<\/p>\n<p class=\"read-more\"> <a class=\"\" href=\"https:\/\/legitgrams.com\/de\/produkt\/thc-live-diamonds-superior-extract-3\/\"> <span class=\"screen-reader-text\">THC Live Diamonds - \u00dcberlegener Extrakt<\/span> Mehr lesen \"<\/a><\/p>","protected":false},"featured_media":5391,"comment_status":"open","ping_status":"closed","template":"","meta":{"_uag_custom_page_level_css":"","site-sidebar-layout":"default","site-content-layout":"default","ast-global-header-display":"","ast-main-header-display":"","ast-hfb-above-header-display":"","ast-hfb-below-header-display":"","ast-hfb-mobile-header-display":"","site-post-title":"","ast-breadcrumbs-content":"","ast-featured-img":"","footer-sml-layout":"","theme-transparent-header-meta":"default","adv-header-id-meta":"","stick-header-meta":"default","header-above-stick-meta":"","header-main-stick-meta":"","header-below-stick-meta":"","_joinchat":[]},"product_brand":[],"product_cat":[606],"product_tag":[2555,2545,617,2537,2552,2549,2544,2542,2554,2551,2536,2539,2547,2538,2548,2550,2540,2557,2558,2556,2553,625,2543,2546,2541],"class_list":{"0":"post-4178","1":"product","2":"type-product","3":"status-publish","4":"has-post-thumbnail","6":"product_cat-marijuana-wax","7":"product_tag-best-cheap-price-thc-live-diamonds-superior-extract","8":"product_tag-best-place-to-buy-thc-live-diamonds-superior-extract","9":"product_tag-bulk-online","10":"product_tag-buy-thc-live-diamonds-superior-extract","11":"product_tag-cheap-thc-live-diamonds-superior-extract","12":"product_tag-high-quality-thc-live-diamonds-superior-extract","13":"product_tag-how-to-buy-thc-live-diamonds-superior-extract","14":"product_tag-order-thc-live-diamonds-superior-extract","15":"product_tag-purcharse-thc-live-diamonds-superior-extract","16":"product_tag-shop-thc-live-diamonds-superior-extract","17":"product_tag-thc-live-diamonds-superior-extract","18":"product_tag-thc-live-diamonds-superior-extract-for-sale","19":"product_tag-thc-live-diamonds-superior-extract-legally","20":"product_tag-thc-live-diamonds-superior-extract-online","21":"product_tag-thc-live-diamonds-superior-extract-price","22":"product_tag-thc-live-diamonds-superior-extract-store","23":"product_tag-thc-live-diamonds-superior-extract-thc-live-diamonds-superior-extract-supplier","24":"product_tag-thc-live-diamonds-superior-extract-use","25":"product_tag-thc-live-diamonds-superior-extract-wiki","26":"product_tag-thc-live-diamonds-superior-extract-worldwide","27":"product_tag-thc-live-diamonds-superior-extracts","28":"product_tag-top-quality","29":"product_tag-where-to-buy-thc-live-diamonds-superior-extract","30":"product_tag-where-to-order-thc-live-diamonds-superior-extract","31":"product_tag-wholesale-thc-live-diamonds-superior-extract","32":"desktop-align-left","33":"tablet-align-left","34":"mobile-align-left","35":"ast-product-gallery-layout-horizontal","36":"ast-product-gallery-with-no-image","37":"ast-product-single-variable","38":"ast-product-tabs-layout-horizontal","39":"ast-qv-on-image","41":"first","42":"instock","43":"shipping-taxable","44":"purchasable","45":"product-type-variable"},"yoast_head":"<!-- This site is optimized with the Yoast SEO plugin v25.9 - https:\/\/yoast.com\/wordpress\/plugins\/seo\/ -->\n<title>THC Live Diamonds for Sale - Order THC Live Diamonds Online<\/title>\n<meta name=\"description\" content=\"If you want to buy thc live diamonds online and looking for a reliable online store, then buy here. We offer only high-quality thc live diamonds for sale at an affordable price. Order thc live diamonds Now!\" \/>\n<meta name=\"robots\" content=\"index, follow, max-snippet:-1, max-image-preview:large, max-video-preview:-1\" \/>\n<link rel=\"canonical\" href=\"https:\/\/legitgrams.com\/de\/produkt\/thc-live-diamonds-superior-extract-3\/\" \/>\n<meta property=\"og:locale\" content=\"de_DE\" \/>\n<meta property=\"og:type\" content=\"article\" \/>\n<meta property=\"og:title\" content=\"THC Live Diamonds for Sale - Order THC Live Diamonds Online\" \/>\n<meta property=\"og:description\" content=\"If you want to buy thc live diamonds online and looking for a reliable online store, then buy here. We offer only high-quality thc live diamonds for sale at an affordable price. Order thc live diamonds Now!\" \/>\n<meta property=\"og:url\" content=\"https:\/\/legitgrams.com\/de\/produkt\/thc-live-diamonds-superior-extract-3\/\" \/>\n<meta property=\"og:site_name\" content=\"Legit Grams\" \/>\n<meta property=\"article:modified_time\" content=\"2025-01-15T05:45:06+00:00\" \/>\n<meta property=\"og:image\" content=\"https:\/\/legitgrams.com\/wp-content\/uploads\/2024\/09\/Buy-THC-Live-Diamonds-Superior-Extract.jpg\" \/>\n\t<meta property=\"og:image:width\" content=\"600\" \/>\n\t<meta property=\"og:image:height\" content=\"600\" \/>\n\t<meta property=\"og:image:type\" content=\"image\/jpeg\" \/>\n<meta name=\"twitter:card\" content=\"summary_large_image\" \/>\n<meta name=\"twitter:label1\" content=\"Gesch\u00e4tzte Lesezeit\" \/>\n\t<meta name=\"twitter:data1\" content=\"2\u00a0Minuten\" \/>\n<script type=\"application\/ld+json\" class=\"yoast-schema-graph\">{\"@context\":\"https:\/\/schema.org\",\"@graph\":[{\"@type\":\"WebPage\",\"@id\":\"https:\/\/legitgrams.com\/product\/thc-live-diamonds-superior-extract\/\",\"url\":\"https:\/\/legitgrams.com\/product\/thc-live-diamonds-superior-extract\/\",\"name\":\"THC Live Diamonds for Sale - Order THC Live Diamonds Online\",\"isPartOf\":{\"@id\":\"https:\/\/legitgrams.com\/#website\"},\"primaryImageOfPage\":{\"@id\":\"https:\/\/legitgrams.com\/product\/thc-live-diamonds-superior-extract\/#primaryimage\"},\"image\":{\"@id\":\"https:\/\/legitgrams.com\/product\/thc-live-diamonds-superior-extract\/#primaryimage\"},\"thumbnailUrl\":\"https:\/\/legitgrams.com\/wp-content\/uploads\/2024\/09\/Buy-THC-Live-Diamonds-Superior-Extract.jpg\",\"datePublished\":\"2024-09-21T12:15:17+00:00\",\"dateModified\":\"2025-01-15T05:45:06+00:00\",\"description\":\"If you want to buy thc live diamonds online and looking for a reliable online store, then buy here. We offer only high-quality thc live diamonds for sale at an affordable price. Order thc live diamonds Now!\",\"breadcrumb\":{\"@id\":\"https:\/\/legitgrams.com\/product\/thc-live-diamonds-superior-extract\/#breadcrumb\"},\"inLanguage\":\"de\",\"potentialAction\":[{\"@type\":\"ReadAction\",\"target\":[\"https:\/\/legitgrams.com\/product\/thc-live-diamonds-superior-extract\/\"]}]},{\"@type\":\"ImageObject\",\"inLanguage\":\"de\",\"@id\":\"https:\/\/legitgrams.com\/product\/thc-live-diamonds-superior-extract\/#primaryimage\",\"url\":\"https:\/\/legitgrams.com\/wp-content\/uploads\/2024\/09\/Buy-THC-Live-Diamonds-Superior-Extract.jpg\",\"contentUrl\":\"https:\/\/legitgrams.com\/wp-content\/uploads\/2024\/09\/Buy-THC-Live-Diamonds-Superior-Extract.jpg\",\"width\":600,\"height\":600,\"caption\":\"THC Live Diamonds for Sale\"},{\"@type\":\"BreadcrumbList\",\"@id\":\"https:\/\/legitgrams.com\/product\/thc-live-diamonds-superior-extract\/#breadcrumb\",\"itemListElement\":[{\"@type\":\"ListItem\",\"position\":1,\"name\":\"Home\",\"item\":\"https:\/\/legitgrams.com\/\"},{\"@type\":\"ListItem\",\"position\":2,\"name\":\"Shop\",\"item\":\"https:\/\/legitgrams.com\/shop\/\"},{\"@type\":\"ListItem\",\"position\":3,\"name\":\"THC Live Diamonds- Superior Extract\"}]},{\"@type\":\"WebSite\",\"@id\":\"https:\/\/legitgrams.com\/#website\",\"url\":\"https:\/\/legitgrams.com\/\",\"name\":\"Legit Grams\",\"description\":\"My WordPress Blog\",\"publisher\":{\"@id\":\"https:\/\/legitgrams.com\/#organization\"},\"potentialAction\":[{\"@type\":\"SearchAction\",\"target\":{\"@type\":\"EntryPoint\",\"urlTemplate\":\"https:\/\/legitgrams.com\/?s={search_term_string}\"},\"query-input\":{\"@type\":\"PropertyValueSpecification\",\"valueRequired\":true,\"valueName\":\"search_term_string\"}}],\"inLanguage\":\"de\"},{\"@type\":\"Organization\",\"@id\":\"https:\/\/legitgrams.com\/#organization\",\"name\":\"Legit Grams\",\"url\":\"https:\/\/legitgrams.com\/\",\"logo\":{\"@type\":\"ImageObject\",\"inLanguage\":\"de\",\"@id\":\"https:\/\/legitgrams.com\/#\/schema\/logo\/image\/\",\"url\":\"https:\/\/legitgrams.com\/wp-content\/uploads\/2024\/09\/main-logo.png\",\"contentUrl\":\"https:\/\/legitgrams.com\/wp-content\/uploads\/2024\/09\/main-logo.png\",\"width\":270,\"height\":75,\"caption\":\"Legit Grams\"},\"image\":{\"@id\":\"https:\/\/legitgrams.com\/#\/schema\/logo\/image\/\"}}]}<\/script>\n<!-- \/ Yoast SEO plugin. -->","yoast_head_json":{"title":"THC Live-Diamanten zu verkaufen - THC Live-Diamanten online bestellen","description":"Wenn Sie thc live Diamanten online kaufen wollen und einen zuverl\u00e4ssigen Online-Shop suchen, dann kaufen Sie hier. Wir bieten nur qualitativ hochwertige thc live Diamanten zum Verkauf zu einem erschwinglichen Preis. Bestellen Sie thc live diamonds jetzt!","robots":{"index":"index","follow":"follow","max-snippet":"max-snippet:-1","max-image-preview":"max-image-preview:large","max-video-preview":"max-video-preview:-1"},"canonical":"https:\/\/legitgrams.com\/de\/produkt\/thc-live-diamonds-superior-extract-3\/","og_locale":"de_DE","og_type":"article","og_title":"THC Live Diamonds for Sale - Order THC Live Diamonds Online","og_description":"If you want to buy thc live diamonds online and looking for a reliable online store, then buy here. We offer only high-quality thc live diamonds for sale at an affordable price. Order thc live diamonds Now!","og_url":"https:\/\/legitgrams.com\/de\/produkt\/thc-live-diamonds-superior-extract-3\/","og_site_name":"Legit Grams","article_modified_time":"2025-01-15T05:45:06+00:00","og_image":[{"width":600,"height":600,"url":"https:\/\/legitgrams.com\/wp-content\/uploads\/2024\/09\/Buy-THC-Live-Diamonds-Superior-Extract.jpg","type":"image\/jpeg"}],"twitter_card":"summary_large_image","twitter_misc":{"Gesch\u00e4tzte Lesezeit":"2\u00a0Minuten"},"schema":{"@context":"https:\/\/schema.org","@graph":[{"@type":"WebPage","@id":"https:\/\/legitgrams.com\/product\/thc-live-diamonds-superior-extract\/","url":"https:\/\/legitgrams.com\/product\/thc-live-diamonds-superior-extract\/","name":"THC Live-Diamanten zu verkaufen - THC Live-Diamanten online bestellen","isPartOf":{"@id":"https:\/\/legitgrams.com\/#website"},"primaryImageOfPage":{"@id":"https:\/\/legitgrams.com\/product\/thc-live-diamonds-superior-extract\/#primaryimage"},"image":{"@id":"https:\/\/legitgrams.com\/product\/thc-live-diamonds-superior-extract\/#primaryimage"},"thumbnailUrl":"https:\/\/legitgrams.com\/wp-content\/uploads\/2024\/09\/Buy-THC-Live-Diamonds-Superior-Extract.jpg","datePublished":"2024-09-21T12:15:17+00:00","dateModified":"2025-01-15T05:45:06+00:00","description":"Wenn Sie thc live Diamanten online kaufen wollen und einen zuverl\u00e4ssigen Online-Shop suchen, dann kaufen Sie hier. Wir bieten nur qualitativ hochwertige thc live Diamanten zum Verkauf zu einem erschwinglichen Preis. Bestellen Sie thc live diamonds jetzt!","breadcrumb":{"@id":"https:\/\/legitgrams.com\/product\/thc-live-diamonds-superior-extract\/#breadcrumb"},"inLanguage":"de","potentialAction":[{"@type":"ReadAction","target":["https:\/\/legitgrams.com\/product\/thc-live-diamonds-superior-extract\/"]}]},{"@type":"ImageObject","inLanguage":"de","@id":"https:\/\/legitgrams.com\/product\/thc-live-diamonds-superior-extract\/#primaryimage","url":"https:\/\/legitgrams.com\/wp-content\/uploads\/2024\/09\/Buy-THC-Live-Diamonds-Superior-Extract.jpg","contentUrl":"https:\/\/legitgrams.com\/wp-content\/uploads\/2024\/09\/Buy-THC-Live-Diamonds-Superior-Extract.jpg","width":600,"height":600,"caption":"THC Live Diamonds for Sale"},{"@type":"BreadcrumbList","@id":"https:\/\/legitgrams.com\/product\/thc-live-diamonds-superior-extract\/#breadcrumb","itemListElement":[{"@type":"ListItem","position":1,"name":"Home","item":"https:\/\/legitgrams.com\/"},{"@type":"ListItem","position":2,"name":"Shop","item":"https:\/\/legitgrams.com\/shop\/"},{"@type":"ListItem","position":3,"name":"THC Live Diamonds- Superior Extract"}]},{"@type":"WebSite","@id":"https:\/\/legitgrams.com\/#website","url":"https:\/\/legitgrams.com\/","name":"Legitimer Grammwert","description":"Mein WordPress-Blog","publisher":{"@id":"https:\/\/legitgrams.com\/#organization"},"potentialAction":[{"@type":"SearchAction","target":{"@type":"EntryPoint","urlTemplate":"https:\/\/legitgrams.com\/?s={search_term_string}"},"query-input":{"@type":"PropertyValueSpecification","valueRequired":true,"valueName":"search_term_string"}}],"inLanguage":"de"},{"@type":"Organization","@id":"https:\/\/legitgrams.com\/#organization","name":"Legitimer Grammwert","url":"https:\/\/legitgrams.com\/","logo":{"@type":"ImageObject","inLanguage":"de","@id":"https:\/\/legitgrams.com\/#\/schema\/logo\/image\/","url":"https:\/\/legitgrams.com\/wp-content\/uploads\/2024\/09\/main-logo.png","contentUrl":"https:\/\/legitgrams.com\/wp-content\/uploads\/2024\/09\/main-logo.png","width":270,"height":75,"caption":"Legit Grams"},"image":{"@id":"https:\/\/legitgrams.com\/#\/schema\/logo\/image\/"}}]}},"uagb_featured_image_src":{"full":["https:\/\/legitgrams.com\/wp-content\/uploads\/2024\/09\/Buy-THC-Live-Diamonds-Superior-Extract.jpg",600,600,false],"thumbnail":["https:\/\/legitgrams.com\/wp-content\/uploads\/2024\/09\/Buy-THC-Live-Diamonds-Superior-Extract-150x150.jpg",150,150,true],"medium":["https:\/\/legitgrams.com\/wp-content\/uploads\/2024\/09\/Buy-THC-Live-Diamonds-Superior-Extract-300x300.jpg",300,300,true],"medium_large":["https:\/\/legitgrams.com\/wp-content\/uploads\/2024\/09\/Buy-THC-Live-Diamonds-Superior-Extract.jpg",600,600,false],"large":["https:\/\/legitgrams.com\/wp-content\/uploads\/2024\/09\/Buy-THC-Live-Diamonds-Superior-Extract.jpg",600,600,false],"1536x1536":["https:\/\/legitgrams.com\/wp-content\/uploads\/2024\/09\/Buy-THC-Live-Diamonds-Superior-Extract.jpg",600,600,false],"2048x2048":["https:\/\/legitgrams.com\/wp-content\/uploads\/2024\/09\/Buy-THC-Live-Diamonds-Superior-Extract.jpg",600,600,false],"trp-custom-language-flag":["https:\/\/legitgrams.com\/wp-content\/uploads\/2024\/09\/Buy-THC-Live-Diamonds-Superior-Extract-12x12.jpg",12,12,true],"woocommerce_thumbnail":["https:\/\/legitgrams.com\/wp-content\/uploads\/2024\/09\/Buy-THC-Live-Diamonds-Superior-Extract-300x300.jpg",300,300,true],"woocommerce_single":["https:\/\/legitgrams.com\/wp-content\/uploads\/2024\/09\/Buy-THC-Live-Diamonds-Superior-Extract.jpg",600,600,false],"woocommerce_gallery_thumbnail":["https:\/\/legitgrams.com\/wp-content\/uploads\/2024\/09\/Buy-THC-Live-Diamonds-Superior-Extract-100x100.jpg",100,100,true]},"uagb_author_info":{"display_name":"cokeblog18","author_link":"https:\/\/legitgrams.com\/de\/author\/"},"uagb_comment_info":0,"uagb_excerpt":"Purchase THC Live Diamonds- Superior Extract Online Get the wonderful extract THC Live Diamonds. Being the strongest concentrate available, Superior THC Live Diamonds is frequently referred to as &#8220;the strongest in the world&#8221; and is the most recent extract to garner substantial attention within the cannabis industry. Over 99% pure THC-A makes up this crystallized&hellip;","_links":{"self":[{"href":"https:\/\/legitgrams.com\/de\/wp-json\/wp\/v2\/product\/4178","targetHints":{"allow":["GET"]}}],"collection":[{"href":"https:\/\/legitgrams.com\/de\/wp-json\/wp\/v2\/product"}],"about":[{"href":"https:\/\/legitgrams.com\/de\/wp-json\/wp\/v2\/types\/product"}],"replies":[{"embeddable":true,"href":"https:\/\/legitgrams.com\/de\/wp-json\/wp\/v2\/comments?post=4178"}],"wp:featuredmedia":[{"embeddable":true,"href":"https:\/\/legitgrams.com\/de\/wp-json\/wp\/v2\/media\/5391"}],"wp:attachment":[{"href":"https:\/\/legitgrams.com\/de\/wp-json\/wp\/v2\/media?parent=4178"}],"wp:term":[{"taxonomy":"product_brand","embeddable":true,"href":"https:\/\/legitgrams.com\/de\/wp-json\/wp\/v2\/product_brand?post=4178"},{"taxonomy":"product_cat","embeddable":true,"href":"https:\/\/legitgrams.com\/de\/wp-json\/wp\/v2\/product_cat?post=4178"},{"taxonomy":"product_tag","embeddable":true,"href":"https:\/\/legitgrams.com\/de\/wp-json\/wp\/v2\/product_tag?post=4178"}],"curies":[{"name":"wp","href":"https:\/\/api.w.org\/{rel}","templated":true}]}}