{"id":4189,"date":"2024-09-21T12:41:57","date_gmt":"2024-09-21T12:41:57","guid":{"rendered":"https:\/\/legitgrams.com\/?post_type=product&#038;p=4189"},"modified":"2025-04-03T19:20:46","modified_gmt":"2025-04-03T19:20:46","slug":"goldener-lehrer","status":"publish","type":"product","link":"https:\/\/legitgrams.com\/de\/produkt\/goldener-lehrer\/","title":{"rendered":"Goldene Lehrerin online kaufen"},"content":{"rendered":"<h2>Golden Teacher online Kaufen<\/h2>\n<p><a href=\"https:\/\/legitgrams.com\/de\/produkt\/goldener-lehrer\/\">Goldene Lehrerinnen und Lehrer<\/a> glauben, dass <a href=\"https:\/\/en.wikipedia.org\/wiki\/Psilocybe_cubensis\">Psilocybe cubensis<\/a> ist eine besondere Pilzart, auch wenn sie erst in den 1980er Jahren als Zauberpilz popul\u00e4r wurde. Die <a href=\"https:\/\/www.bing.com\/search?q=Buy%20Golden%20Teacher%20Online&amp;qs=n&amp;form=QBRE&amp;sp=-1&amp;lq=0&amp;pq=buy%20golden%20teacher%20online&amp;sc=11-25&amp;sk=&amp;cvid=162DB480EB1D46FEA660EC0D3BA8E423&amp;ghsh=0&amp;ghacc=0&amp;ghpl=\">Goldene Lehrerin<\/a> Kaufen Sie Golden Teacher online. Es ist oft wirksamer als viele andere Sorten von Psilocybin cubensis, da es nicht so schnell w\u00e4chst.<br \/>\nZ\u00fcchter lieben den Anbau von Golden Teachers, weil sie gro\u00dfartige Austriebe und hohe Ertr\u00e4ge liefern. Trotz ihres langsamen Wachstums machen sie dies durch ihre reichlichen Ernten und ihre auff\u00e4llige goldene F\u00e4rbung mehr als wett. Diese Art von Psilocybe cubensis hat zwei Wirkstoffe: Psilocybin und Psilocin. <a href=\"https:\/\/legitgrams.com\/de\/\">LegitGrams<\/a><\/p>\n<p>Diese Pilze haben tats\u00e4chlich eine \u00e4hnliche Physiologie.<\/p>\n<p>zu ihren Cousins \u200b\u200bin der Cubensis-Familie. MMJDirect bietet getrocknete Pilze an, die sich hervorragend f\u00fcr die Langzeitlagerung eignen. F\u00fcr einen konstanten Strom psychedelischer Erfahrungen kaufen Sie Golden Teachers auf der kanadischen Website! <a href=\"https:\/\/www.google.com\/search?q=Golden+Teacher+online+kaufen&amp;sca_esv=eddefdb7b92e7545&amp;sxsrf=AHTn8zq7ExTwHQZPLPQfzCY8nbAF7DM_qA1743707716045&amp;ei=RN7uZ5HCAres0PEPv7XOiAM&amp;ved=0ahUKEwiR9Ia4ybyMAxU3FjQIHb-aEzEQ4dUDCBA&amp;uact=5&amp;oq=Golden+Teacher+online+kaufen&amp;gs_lp=Egxnd3Mtd2l6LXNlcnAiHEdvbGRlbiBUZWFjaGVyIG9ubGluZSBrYXVmZW5I_Q1QAFjDBnAAeACQAQCYAZIDoAGYBqoBBTMtMS4xuAEDyAEA-AEB-AECmAIBoAKUA8ICBBAjGCfCAhEQLhiABBiRAhjRAxjHARiKBcICCxAAGIAEGJECGIoFwgILEC4YgAQYsQMYgwHCAg4QABiABBixAxiDARiKBcICCxAAGIAEGLEDGIMBwgIOEC4YgAQYsQMY0QMYxwGYAwCSBwM0LTGgB88TsgcDNC0xuAeUAw&amp;sclient=gws-wiz-serp\">buy Golden Teachers<\/a> von der kanadischen Website!<\/p>\n<h3>Die tats\u00e4chlichen Wirkungen von Golden Teachers Mushrooms<\/h3>\n<p><a href=\"https:\/\/www.google.com\/search?q=Golden+Teacher+online+kaufen&amp;sca_esv=eddefdb7b92e7545&amp;sxsrf=AHTn8zq7ExTwHQZPLPQfzCY8nbAF7DM_qA1743707716045&amp;ei=RN7uZ5HCAres0PEPv7XOiAM&amp;ved=0ahUKEwiR9Ia4ybyMAxU3FjQIHb-aEzEQ4dUDCBA&amp;uact=5&amp;oq=Golden+Teacher+online+kaufen&amp;gs_lp=Egxnd3Mtd2l6LXNlcnAiHEdvbGRlbiBUZWFjaGVyIG9ubGluZSBrYXVmZW5I_Q1QAFjDBnAAeACQAQCYAZIDoAGYBqoBBTMtMS4xuAEDyAEA-AEB-AECmAIBoAKUA8ICBBAjGCfCAhEQLhiABBiRAhjRAxjHARiKBcICCxAAGIAEGJECGIoFwgILEC4YgAQYsQMYgwHCAg4QABiABBixAxiDARiKBcICCxAAGIAEGLEDGIMBwgIOEC4YgAQYsQMY0QMYxwGYAwCSBwM0LTGgB88TsgcDNC0xuAeUAw&amp;sclient=gws-wiz-serp\">Goldene Lehrerinnen und Lehrer<\/a> ist eine gro\u00dfartige Option f\u00fcr Menschen, die neu in der Welt der Psychedelika und Pilze sind. Es hat eine leichte bis starke psychoaktive Wirkung, die die meisten Menschen auch bei h\u00f6heren Dosierungen gut vertragen. Golden Teachers hingegen sind rein metaphysisch und spirituell. Dir wird ein Portal gezeigt, das dich in die tiefsten Winkel deiner Spiritualit\u00e4t f\u00fchrt, und eine Br\u00fccke, die dich mit den entlegensten Regionen des Universums verbindet. Legit Grams<\/p>\n<p>Die meisten Konsumenten berichten, dass sie ein Gef\u00fchl der Verbundenheit mit der Natur und der Umwelt versp\u00fcrt haben. Es ist vergleichbar mit einer Bindung, bei der der Kern der Welt in Ihr Bewusstsein dringt und Ihre Sensibilit\u00e4t f\u00fcr ihre Resonanzen und Ver\u00e4nderungen erh\u00f6ht wird. Danach sollten Sie sich von diesem Gef\u00fchl der v\u00f6lligen Freiheit und inneren Erleuchtung von innen heraus ver\u00e4ndern lassen. In den n\u00e4chsten drei bis sechs Stunden werden Sie Ihre Einheit mit der Natur und der Welt genie\u00dfen.<\/p>\n<p>Zu den weiteren Wirkungen geh\u00f6ren Eindr\u00fccke von Zeitverzerrungen, bei denen Sie den Eindruck haben, dass die Zeit langsamer vergeht als gew\u00f6hnlich. Es sind beispielsweise erst zwanzig Minuten vergangen, obwohl es Ihnen vorkommen kann, als seien seit der Einnahme von Golden Teachers Canada zwei Stunden vergangen. Andererseits verursacht Psilocybin normalerweise eine Zeitdilatation, die zu zuk\u00fcnftigen Zeitspr\u00fcngen f\u00fchrt.<\/p>\n<h3>Was Sie vor der Nutzung von Golden Teachers beachten sollten<\/h3>\n<p>Ohne n\u00fctzliche Empfehlungen <a href=\"https:\/\/duckduckgo.com\/?q=Golden+Teacher+online+kaufen&amp;t=h_&amp;ia=web\">Goldene Lehrerinnen und Lehrer<\/a> Diese Rezension w\u00e4re ohne praktische Tipps zur richtigen Vorbereitung auf den Konsum nicht vollst\u00e4ndig. Zuallererst sollten Sie sich immer von jemandem beaufsichtigen lassen, wenn Sie zum ersten Mal psychedelische Pilze einnehmen. Wenn Sie eine h\u00f6here Dosis planen, organisieren Sie einen Tripsitter, um sicherzustellen, dass w\u00e4hrend Ihrer psychedelischen Erfahrung nichts Schlimmes passiert. Im Notfall steht der n\u00fcchterne Reisesitter bereit, um Ihnen umgehend zu helfen.<\/p>\n<p>Falls Sie zu viele Golden Teachers konsumiert haben, sind bekannte psychedelische Unterdr\u00fcckungsmittel wie Nahrung, Wasser und Vitamin C. Sie sollten jedoch einen Fachmann konsultieren, bevor Sie Ihre eigene Dosierung festlegen. Alternativ k\u00f6nnen Sie es alleine versuchen und die Dosierung schrittweise erh\u00f6hen, bis Sie die f\u00fcr Sie am besten geeignete gefunden haben.<\/p>\n<h3>Warum hei\u00dft es Golden Teachers?<\/h3>\n<p>Das Wort \u201egolden\u201c beschreibt den gelblich-goldenen Farbton des Pilzes. Sie k\u00f6nnen sicher sein, dass der Pilz zu diesem Zeitpunkt ausgewachsen und essbar ist. Die getrockneten Pilze haben immer noch den goldenen Farbton ihrer Kappen, der ihre Qualit\u00e4t und ihr Potenzial f\u00fcr psychedelische Wirkungen anzeigt.<\/p>\n<p>In Bezug auf die schamanischen und spirituellen Eigenschaften dieses speziellen Pilzes hat der Begriff \u201eLehrer\u201c mehrere Interpretationen. Der Verzehr von mehr davon k\u00f6nnte Ihnen buchst\u00e4blich eine ganz neue Perspektive auf die Welt er\u00f6ffnen. Vielleicht gewinnen Sie ein neues Verst\u00e4ndnis des Kosmos und sich selbst. Diese Art der Unterweisung konzentriert sich auf die tiefere Bedeutung der Natur und das f\u00fcr jeden Klienten v\u00f6llig Einzigartige und Unersetzliche.<\/p>\n<p>Transzendenz und im Extremfall der Tod des Egos sind die ultimativen Interpretationen der Golden Teachers. Dies wird Ihre zugrunde liegenden spirituellen Neigungen vollst\u00e4ndig erwecken und Ihnen neue Einblicke in die Geheimnisse der Natur geben. Dieser Psilocybin-Pilz ist ein schamanischer F\u00fchrer, der Ihnen hilft, Ihren Platz im Universum auf einer viel tieferen Ebene zu verstehen. \u00dcberzeugen Sie sich selbst, indem Sie Golden Teachers im kanadischen Online-Shop kaufen!<\/p>","protected":false},"excerpt":{"rendered":"<p>Purchase Golden Teacher Online Golden Teachers believe that psilocybe cubensis is a special kind of mushroom, even though it only recently became popular as a magical mushroom in the 1980s. The Golden Teacher is often more potent than many other strains of psilocybin cubensis since it does not grow as quickly. Growers love growing cultures &hellip;<\/p>\n<p class=\"read-more\"> <a class=\"\" href=\"https:\/\/legitgrams.com\/de\/produkt\/goldener-lehrer\/\"> <span class=\"screen-reader-text\">Goldene Lehrerin online kaufen<\/span> Mehr lesen \"<\/a><\/p>","protected":false},"featured_media":5240,"comment_status":"open","ping_status":"closed","template":"","meta":{"_uag_custom_page_level_css":"","site-sidebar-layout":"default","site-content-layout":"default","ast-global-header-display":"","ast-main-header-display":"","ast-hfb-above-header-display":"","ast-hfb-below-header-display":"","ast-hfb-mobile-header-display":"","site-post-title":"","ast-breadcrumbs-content":"","ast-featured-img":"","footer-sml-layout":"","theme-transparent-header-meta":"default","adv-header-id-meta":"","stick-header-meta":"default","header-above-stick-meta":"","header-main-stick-meta":"","header-below-stick-meta":"","_joinchat":[]},"product_brand":[],"product_cat":[599],"product_tag":[2348,2338,617,2330,2345,2329,2332,2333,2340,2331,2343,2350,2351,2349,2341,2346,2342,2337,2335,2347,2344,625,2336,2339,2334],"class_list":{"0":"post-4189","1":"product","2":"type-product","3":"status-publish","4":"has-post-thumbnail","6":"product_cat-psilocybin-or-magic-mushrooms","7":"product_tag-best-cheap-price-golden-teacher","8":"product_tag-best-place-to-buy-golden-teacher","9":"product_tag-bulk-online","10":"product_tag-buy-golden-teacher","11":"product_tag-cheap-golden-teacher","12":"product_tag-golden-teacher","13":"product_tag-golden-teacher-for-sale","14":"product_tag-golden-teacher-golden-teacher-supplier","15":"product_tag-golden-teacher-legally","16":"product_tag-golden-teacher-online","17":"product_tag-golden-teacher-store","18":"product_tag-golden-teacher-use","19":"product_tag-golden-teacher-wiki","20":"product_tag-golden-teacher-worldwide","21":"product_tag-golden-teacherprice","22":"product_tag-golden-teachers","23":"product_tag-high-quality-golden-teacher","24":"product_tag-how-to-buy-golden-teacher","25":"product_tag-order-golden-teacher","26":"product_tag-purcharse-golden-teacher","27":"product_tag-shop-golden-teacher","28":"product_tag-top-quality","29":"product_tag-where-to-buy-golden-teacher","30":"product_tag-where-to-order-golden-teacher","31":"product_tag-wholesale-golden-teacher","32":"desktop-align-left","33":"tablet-align-left","34":"mobile-align-left","35":"ast-product-gallery-layout-horizontal","36":"ast-product-gallery-with-no-image","37":"ast-product-single-variable","38":"ast-product-tabs-layout-horizontal","39":"ast-qv-on-image","41":"first","42":"instock","43":"shipping-taxable","44":"purchasable","45":"product-type-variable"},"yoast_head":"<!-- This site is optimized with the Yoast SEO plugin v25.9 - https:\/\/yoast.com\/wordpress\/plugins\/seo\/ -->\n<title>Golden Teacher Psilocybin for Sale - Order Golden Teacher Online<\/title>\n<meta name=\"description\" content=\"At our Legitgrams, you can get Golden Teacher for sale at cheap rates. We deal with A-grade quality products only. Buy Golden Teacher online from our store now with fast &amp; secure shipping service.\" \/>\n<meta name=\"robots\" content=\"index, follow, max-snippet:-1, max-image-preview:large, max-video-preview:-1\" \/>\n<link rel=\"canonical\" href=\"https:\/\/legitgrams.com\/de\/produkt\/goldener-lehrer\/\" \/>\n<meta property=\"og:locale\" content=\"de_DE\" \/>\n<meta property=\"og:type\" content=\"article\" \/>\n<meta property=\"og:title\" content=\"Golden Teacher Psilocybin for Sale - Order Golden Teacher Online\" \/>\n<meta property=\"og:description\" content=\"At our Legitgrams, you can get Golden Teacher for sale at cheap rates. We deal with A-grade quality products only. Buy Golden Teacher online from our store now with fast &amp; secure shipping service.\" \/>\n<meta property=\"og:url\" content=\"https:\/\/legitgrams.com\/de\/produkt\/goldener-lehrer\/\" \/>\n<meta property=\"og:site_name\" content=\"Legit Grams\" \/>\n<meta property=\"article:modified_time\" content=\"2025-04-03T19:20:46+00:00\" \/>\n<meta property=\"og:image\" content=\"https:\/\/legitgrams.com\/wp-content\/uploads\/2024\/09\/golden-teacherpsilocybin-or-magic-mushrooms.jpg\" \/>\n\t<meta property=\"og:image:width\" content=\"430\" \/>\n\t<meta property=\"og:image:height\" content=\"430\" \/>\n\t<meta property=\"og:image:type\" content=\"image\/jpeg\" \/>\n<meta name=\"twitter:card\" content=\"summary_large_image\" \/>\n<meta name=\"twitter:label1\" content=\"Gesch\u00e4tzte Lesezeit\" \/>\n\t<meta name=\"twitter:data1\" content=\"4\u00a0Minuten\" \/>\n<script type=\"application\/ld+json\" class=\"yoast-schema-graph\">{\"@context\":\"https:\/\/schema.org\",\"@graph\":[{\"@type\":\"WebPage\",\"@id\":\"https:\/\/legitgrams.com\/product\/golden-teacher\/\",\"url\":\"https:\/\/legitgrams.com\/product\/golden-teacher\/\",\"name\":\"Golden Teacher Psilocybin for Sale - Order Golden Teacher Online\",\"isPartOf\":{\"@id\":\"https:\/\/legitgrams.com\/#website\"},\"primaryImageOfPage\":{\"@id\":\"https:\/\/legitgrams.com\/product\/golden-teacher\/#primaryimage\"},\"image\":{\"@id\":\"https:\/\/legitgrams.com\/product\/golden-teacher\/#primaryimage\"},\"thumbnailUrl\":\"https:\/\/legitgrams.com\/wp-content\/uploads\/2024\/09\/golden-teacherpsilocybin-or-magic-mushrooms.jpg\",\"datePublished\":\"2024-09-21T12:41:57+00:00\",\"dateModified\":\"2025-04-03T19:20:46+00:00\",\"description\":\"At our Legitgrams, you can get Golden Teacher for sale at cheap rates. We deal with A-grade quality products only. Buy Golden Teacher online from our store now with fast & secure shipping service.\",\"breadcrumb\":{\"@id\":\"https:\/\/legitgrams.com\/product\/golden-teacher\/#breadcrumb\"},\"inLanguage\":\"de\",\"potentialAction\":[{\"@type\":\"ReadAction\",\"target\":[\"https:\/\/legitgrams.com\/product\/golden-teacher\/\"]}]},{\"@type\":\"ImageObject\",\"inLanguage\":\"de\",\"@id\":\"https:\/\/legitgrams.com\/product\/golden-teacher\/#primaryimage\",\"url\":\"https:\/\/legitgrams.com\/wp-content\/uploads\/2024\/09\/golden-teacherpsilocybin-or-magic-mushrooms.jpg\",\"contentUrl\":\"https:\/\/legitgrams.com\/wp-content\/uploads\/2024\/09\/golden-teacherpsilocybin-or-magic-mushrooms.jpg\",\"width\":430,\"height\":430,\"caption\":\"Golden Teacher Psilocybin for Sale\"},{\"@type\":\"BreadcrumbList\",\"@id\":\"https:\/\/legitgrams.com\/product\/golden-teacher\/#breadcrumb\",\"itemListElement\":[{\"@type\":\"ListItem\",\"position\":1,\"name\":\"Home\",\"item\":\"https:\/\/legitgrams.com\/\"},{\"@type\":\"ListItem\",\"position\":2,\"name\":\"Shop\",\"item\":\"https:\/\/legitgrams.com\/shop\/\"},{\"@type\":\"ListItem\",\"position\":3,\"name\":\"Buy Golden Teacher Online\"}]},{\"@type\":\"WebSite\",\"@id\":\"https:\/\/legitgrams.com\/#website\",\"url\":\"https:\/\/legitgrams.com\/\",\"name\":\"Legit Grams\",\"description\":\"My WordPress Blog\",\"publisher\":{\"@id\":\"https:\/\/legitgrams.com\/#organization\"},\"potentialAction\":[{\"@type\":\"SearchAction\",\"target\":{\"@type\":\"EntryPoint\",\"urlTemplate\":\"https:\/\/legitgrams.com\/?s={search_term_string}\"},\"query-input\":{\"@type\":\"PropertyValueSpecification\",\"valueRequired\":true,\"valueName\":\"search_term_string\"}}],\"inLanguage\":\"de\"},{\"@type\":\"Organization\",\"@id\":\"https:\/\/legitgrams.com\/#organization\",\"name\":\"Legit Grams\",\"url\":\"https:\/\/legitgrams.com\/\",\"logo\":{\"@type\":\"ImageObject\",\"inLanguage\":\"de\",\"@id\":\"https:\/\/legitgrams.com\/#\/schema\/logo\/image\/\",\"url\":\"https:\/\/legitgrams.com\/wp-content\/uploads\/2024\/09\/main-logo.png\",\"contentUrl\":\"https:\/\/legitgrams.com\/wp-content\/uploads\/2024\/09\/main-logo.png\",\"width\":270,\"height\":75,\"caption\":\"Legit Grams\"},\"image\":{\"@id\":\"https:\/\/legitgrams.com\/#\/schema\/logo\/image\/\"}}]}<\/script>\n<!-- \/ Yoast SEO plugin. -->","yoast_head_json":{"title":"Golden Teacher Psilocybin zu verkaufen - Golden Teacher online bestellen","description":"Auf unserer Legitgrams, k\u00f6nnen Sie Golden Teacher zum Verkauf zu g\u00fcnstigen Preisen zu bekommen. Wir besch\u00e4ftigen uns nur mit A-Qualit\u00e4t Produkte. Kaufen Sie Golden Teacher jetzt online in unserem Shop mit schnellem und sicherem Versand.","robots":{"index":"index","follow":"follow","max-snippet":"max-snippet:-1","max-image-preview":"max-image-preview:large","max-video-preview":"max-video-preview:-1"},"canonical":"https:\/\/legitgrams.com\/de\/produkt\/goldener-lehrer\/","og_locale":"de_DE","og_type":"article","og_title":"Golden Teacher Psilocybin for Sale - Order Golden Teacher Online","og_description":"At our Legitgrams, you can get Golden Teacher for sale at cheap rates. We deal with A-grade quality products only. Buy Golden Teacher online from our store now with fast & secure shipping service.","og_url":"https:\/\/legitgrams.com\/de\/produkt\/goldener-lehrer\/","og_site_name":"Legit Grams","article_modified_time":"2025-04-03T19:20:46+00:00","og_image":[{"width":430,"height":430,"url":"https:\/\/legitgrams.com\/wp-content\/uploads\/2024\/09\/golden-teacherpsilocybin-or-magic-mushrooms.jpg","type":"image\/jpeg"}],"twitter_card":"summary_large_image","twitter_misc":{"Gesch\u00e4tzte Lesezeit":"4\u00a0Minuten"},"schema":{"@context":"https:\/\/schema.org","@graph":[{"@type":"WebPage","@id":"https:\/\/legitgrams.com\/product\/golden-teacher\/","url":"https:\/\/legitgrams.com\/product\/golden-teacher\/","name":"Golden Teacher Psilocybin zu verkaufen - Golden Teacher online bestellen","isPartOf":{"@id":"https:\/\/legitgrams.com\/#website"},"primaryImageOfPage":{"@id":"https:\/\/legitgrams.com\/product\/golden-teacher\/#primaryimage"},"image":{"@id":"https:\/\/legitgrams.com\/product\/golden-teacher\/#primaryimage"},"thumbnailUrl":"https:\/\/legitgrams.com\/wp-content\/uploads\/2024\/09\/golden-teacherpsilocybin-or-magic-mushrooms.jpg","datePublished":"2024-09-21T12:41:57+00:00","dateModified":"2025-04-03T19:20:46+00:00","description":"Auf unserer Legitgrams, k\u00f6nnen Sie Golden Teacher zum Verkauf zu g\u00fcnstigen Preisen zu bekommen. Wir besch\u00e4ftigen uns nur mit A-Qualit\u00e4t Produkte. Kaufen Sie Golden Teacher jetzt online in unserem Shop mit schnellem und sicherem Versand.","breadcrumb":{"@id":"https:\/\/legitgrams.com\/product\/golden-teacher\/#breadcrumb"},"inLanguage":"de","potentialAction":[{"@type":"ReadAction","target":["https:\/\/legitgrams.com\/product\/golden-teacher\/"]}]},{"@type":"ImageObject","inLanguage":"de","@id":"https:\/\/legitgrams.com\/product\/golden-teacher\/#primaryimage","url":"https:\/\/legitgrams.com\/wp-content\/uploads\/2024\/09\/golden-teacherpsilocybin-or-magic-mushrooms.jpg","contentUrl":"https:\/\/legitgrams.com\/wp-content\/uploads\/2024\/09\/golden-teacherpsilocybin-or-magic-mushrooms.jpg","width":430,"height":430,"caption":"Golden Teacher Psilocybin for Sale"},{"@type":"BreadcrumbList","@id":"https:\/\/legitgrams.com\/product\/golden-teacher\/#breadcrumb","itemListElement":[{"@type":"ListItem","position":1,"name":"Home","item":"https:\/\/legitgrams.com\/"},{"@type":"ListItem","position":2,"name":"Shop","item":"https:\/\/legitgrams.com\/shop\/"},{"@type":"ListItem","position":3,"name":"Buy Golden Teacher Online"}]},{"@type":"WebSite","@id":"https:\/\/legitgrams.com\/#website","url":"https:\/\/legitgrams.com\/","name":"Legitimer Grammwert","description":"Mein WordPress-Blog","publisher":{"@id":"https:\/\/legitgrams.com\/#organization"},"potentialAction":[{"@type":"SearchAction","target":{"@type":"EntryPoint","urlTemplate":"https:\/\/legitgrams.com\/?s={search_term_string}"},"query-input":{"@type":"PropertyValueSpecification","valueRequired":true,"valueName":"search_term_string"}}],"inLanguage":"de"},{"@type":"Organization","@id":"https:\/\/legitgrams.com\/#organization","name":"Legitimer Grammwert","url":"https:\/\/legitgrams.com\/","logo":{"@type":"ImageObject","inLanguage":"de","@id":"https:\/\/legitgrams.com\/#\/schema\/logo\/image\/","url":"https:\/\/legitgrams.com\/wp-content\/uploads\/2024\/09\/main-logo.png","contentUrl":"https:\/\/legitgrams.com\/wp-content\/uploads\/2024\/09\/main-logo.png","width":270,"height":75,"caption":"Legit Grams"},"image":{"@id":"https:\/\/legitgrams.com\/#\/schema\/logo\/image\/"}}]}},"uagb_featured_image_src":{"full":["https:\/\/legitgrams.com\/wp-content\/uploads\/2024\/09\/golden-teacherpsilocybin-or-magic-mushrooms.jpg",430,430,false],"thumbnail":["https:\/\/legitgrams.com\/wp-content\/uploads\/2024\/09\/golden-teacherpsilocybin-or-magic-mushrooms-150x150.jpg",150,150,true],"medium":["https:\/\/legitgrams.com\/wp-content\/uploads\/2024\/09\/golden-teacherpsilocybin-or-magic-mushrooms-300x300.jpg",300,300,true],"medium_large":["https:\/\/legitgrams.com\/wp-content\/uploads\/2024\/09\/golden-teacherpsilocybin-or-magic-mushrooms.jpg",430,430,false],"large":["https:\/\/legitgrams.com\/wp-content\/uploads\/2024\/09\/golden-teacherpsilocybin-or-magic-mushrooms.jpg",430,430,false],"1536x1536":["https:\/\/legitgrams.com\/wp-content\/uploads\/2024\/09\/golden-teacherpsilocybin-or-magic-mushrooms.jpg",430,430,false],"2048x2048":["https:\/\/legitgrams.com\/wp-content\/uploads\/2024\/09\/golden-teacherpsilocybin-or-magic-mushrooms.jpg",430,430,false],"trp-custom-language-flag":["https:\/\/legitgrams.com\/wp-content\/uploads\/2024\/09\/golden-teacherpsilocybin-or-magic-mushrooms-12x12.jpg",12,12,true],"woocommerce_thumbnail":["https:\/\/legitgrams.com\/wp-content\/uploads\/2024\/09\/golden-teacherpsilocybin-or-magic-mushrooms-300x300.jpg",300,300,true],"woocommerce_single":["https:\/\/legitgrams.com\/wp-content\/uploads\/2024\/09\/golden-teacherpsilocybin-or-magic-mushrooms.jpg",430,430,false],"woocommerce_gallery_thumbnail":["https:\/\/legitgrams.com\/wp-content\/uploads\/2024\/09\/golden-teacherpsilocybin-or-magic-mushrooms-100x100.jpg",100,100,true]},"uagb_author_info":{"display_name":"cokeblog18","author_link":"https:\/\/legitgrams.com\/de\/author\/"},"uagb_comment_info":0,"uagb_excerpt":"Purchase Golden Teacher Online Golden Teachers believe that psilocybe cubensis is a special kind of mushroom, even though it only recently became popular as a magical mushroom in the 1980s. The Golden Teacher is often more potent than many other strains of psilocybin cubensis since it does not grow as quickly. Growers love growing cultures&hellip;","_links":{"self":[{"href":"https:\/\/legitgrams.com\/de\/wp-json\/wp\/v2\/product\/4189","targetHints":{"allow":["GET"]}}],"collection":[{"href":"https:\/\/legitgrams.com\/de\/wp-json\/wp\/v2\/product"}],"about":[{"href":"https:\/\/legitgrams.com\/de\/wp-json\/wp\/v2\/types\/product"}],"replies":[{"embeddable":true,"href":"https:\/\/legitgrams.com\/de\/wp-json\/wp\/v2\/comments?post=4189"}],"wp:featuredmedia":[{"embeddable":true,"href":"https:\/\/legitgrams.com\/de\/wp-json\/wp\/v2\/media\/5240"}],"wp:attachment":[{"href":"https:\/\/legitgrams.com\/de\/wp-json\/wp\/v2\/media?parent=4189"}],"wp:term":[{"taxonomy":"product_brand","embeddable":true,"href":"https:\/\/legitgrams.com\/de\/wp-json\/wp\/v2\/product_brand?post=4189"},{"taxonomy":"product_cat","embeddable":true,"href":"https:\/\/legitgrams.com\/de\/wp-json\/wp\/v2\/product_cat?post=4189"},{"taxonomy":"product_tag","embeddable":true,"href":"https:\/\/legitgrams.com\/de\/wp-json\/wp\/v2\/product_tag?post=4189"}],"curies":[{"name":"wp","href":"https:\/\/api.w.org\/{rel}","templated":true}]}}