{"id":4191,"date":"2024-09-21T12:38:32","date_gmt":"2024-09-21T12:38:32","guid":{"rendered":"https:\/\/legitgrams.com\/?post_type=product&#038;p=4191"},"modified":"2025-01-14T06:46:39","modified_gmt":"2025-01-14T06:46:39","slug":"jesus-og-weed-marihuana-sorte","status":"publish","type":"product","link":"https:\/\/legitgrams.com\/de\/produkt\/jesus-og-weed-marihuana-sorte\/","title":{"rendered":"Jesus OG Weed Marihuana-Sorte"},"content":{"rendered":"<h2>die Cannabissorte Jesus OG Weed online Kaufen<\/h2>\n<p><a href=\"https:\/\/legitgrams.com\/de\/produkt\/jesus-og-weed-marihuana-sorte\/\">Jesus OG<\/a> ist eine Kombination, die die besondere F\u00e4higkeit besitzt, sowohl den K\u00f6rper als auch den Geist zu erheben, ob Sie es nun f\u00fcr esoterisch halten oder nicht. Unterk\u00fchlungen f\u00fcr Aggregate, die in der produktiven Aufzucht verwendet werden The Dank hat uns mit diesem erstaunlichen Halb-und-Halb-Mashup aus Hell\u2019s Angel OG und TGA\u2019s Jack the Ripper beehrt. Trotz der Tatsache, dass bestimmte Aggregate eher zum zerebralen Sativa-Ende des Spektrums tendieren, bietet Jesus OG ein High, das die Vorteile sowohl geistiger als auch k\u00f6rperlicher Natur ausgleicht. Jesus OG hat eine konstante THC-Konzentration von 20 % und schmeckt fraglos nach Zitrone.<\/p>\n<p>Jesus OG zeichnet sich durch kleine bis mittelgro\u00dfe Bl\u00fcten aus, die sich zu kompakten, spatenartigen Formationen zusammenschlie\u00dfen. Normalerweise Indica, haben die Knospen eine dicht gepackte Form mit gekr\u00fcmmten Bl\u00e4ttern, die es schwieriger machen, die Bl\u00fcten ohne Prozessor zu trennen und ihre Dicke erh\u00f6hen. Die Bl\u00e4tter selbst sind leuchtend hellgr\u00fcn mit ein paar durchscheinenden Kupferstempeln. Eine Dispersion von Trichomen verleiht dieser Sorte einen gl\u00e4nzenden Schimmer und eine au\u00dfergew\u00f6hnlich klebrige Oberfl\u00e4che. Der Hauptduft, der von diesen Bl\u00fcten ausgeht, ist Zitrone mit einem Hauch von Alkali; dies ist nicht das \u00fcbliche Aroma bestimmter verdampfter Reinigungsmittel. Es gibt auch einen leicht scheuernden, feuchten Geruch, der darunter verweilt und st\u00e4rker wird, wenn die Bl\u00fcten verzehrt oder aufgerissen werden. Jesus OG wirkt sanft, wenn man es raucht. Es hinterl\u00e4sst beim Ausatmen einen starken Zitrus- und Gew\u00fcrzgeschmack, der Fans von Jack Herer, der Gro\u00dfvatersorte von Jesus OG, bekannt sein k\u00f6nnte. <a href=\"https:\/\/legitgrams.com\/de\/\">LegitGrams<\/a><\/p>\n<p>Aufgrund der raschen euphorisierenden Wirkung von Jesus OG k\u00f6nnen Kunden ein Summen im Kopf oder versehentlich zusammengekniffene Augen versp\u00fcren. Auf diese Wirkungen folgt schnell ein neu entdecktes Gef\u00fchl von Kerninteresse im Gehirn. Es ist m\u00f6glich, dass Artikel oder zuf\u00e4llige Elemente eine v\u00f6llig andere Bedeutung annehmen. Da diese Sorte so faszinierend ist, eignet sie sich hervorragend als Leitfaden f\u00fcr Aufgaben, die Kreativit\u00e4t oder Lernen erfordern. Dar\u00fcber hinaus kann es zu m\u00e4\u00dfig psychedelischen Wirkungen kommen; Raucher k\u00f6nnen Ger\u00e4usche, Farben oder sogar Geschm\u00e4cker st\u00e4rker wahrnehmen, da ihre Sinne ihre Umgebung st\u00e4rker wahrnehmen. Jesus OG bietet auch echte Erfahrungen. Unabh\u00e4ngig davon k\u00f6nnen Muskel- und Brustschmerzen typisch sein. Wenn diese Sorte in gr\u00f6\u00dferen Mengen eingenommen wird, kann sie dazu f\u00fchren, dass Kunden von Nagelstudios aus Liebe auf dem n\u00e4chstgelegenen Platz sitzen.<\/p>\n<p>Diese umfassenden Vorteile sind auch f\u00fcr diejenigen von Vorteil, die <a href=\"https:\/\/en.wikipedia.org\/wiki\/Cannabis\">Cannabis<\/a> f\u00fcr medizinische Zwecke. Die narkotischen Eigenschaften von Jesus OG k\u00f6nnen bei pochenden, qu\u00e4lenden und chronischen Schmerzen helfen. Sowohl leichte Hirnschmerzen als auch st\u00e4rkere Kopfschmerzen k\u00f6nnen dadurch gelindert werden. Sogar der schmerzhafte Augeninnendruck, der mit Glaukom in Verbindung steht, kann durch die F\u00e4higkeit dieser Sorte, die Augen der Patienten zu entspannen, wirksam gesenkt werden. In der Zwischenzeit kann jeder, der mit Stress, Angstzust\u00e4nden, Entmutigung und PTBS zu k\u00e4mpfen hat, feststellen, dass die euphorisierende Inspiration von Jesus OG ein erstaunliches vor\u00fcbergehendes Heilmittel ist. Sein Wahrnehmungszentrum kann Patienten mit Aufmerksamkeitsdefizitproblemen helfen. Aufgrund der Neigung dieser Sorte, ungehemmt verbundenes Denken zu erreichen, kann sie jedoch bei Personen, die mit dem \u201eGedankenrasen\u201c, das mit sehr viel Sativa einhergeht, nicht vertraut sind, Raserei oder Neurose ausl\u00f6sen.<\/p>\n<h3>Effects<\/h3>\n<p>belebend, gl\u00fcckselig, optimistisch, konzentriert und freudig; kann M\u00fcdigkeit, Kopfschmerzen, Migr\u00e4ne, \u00dcbelkeit, PTSD, Stress, bipolare St\u00f6rungen, Depressionen, ADS\/ADHS und chronische Schmerzen lindern.<br \/>\nGeschmacksrichtungen<br \/>\nS\u00fc\u00dfe, spritzige, zitronige und kiefernartige D\u00fcfte<br \/>\nS\u00fc\u00df, erdig, zitronig und sensibel<br \/>\nKaufen Sie die Marihuanasorte Jesus OG Weed online: Marihuanasorte Weed kaufen, Marihuanasorte Jesus OG Weed kaufen, Marihuanasorte OG Weed online kaufen, wo kann man die Marihuanasorte Jesus OG Weed kaufen, Marihuanasorte Jesus OG Weed zu verkaufen, Marihuanasorte Weed zu verkaufen, Marihuanasorte online kaufen, wo kann man die Marihuanasorte Jesus OG Weed zu verkaufen in den USA, Kanada und Gro\u00dfbritannien kaufen, online kaufen, Lieferanten, sichere Lieferung, Gibt es die Marihuanasorte Jesus OG Weed noch? Ist sie in den USA erh\u00e4ltlich? Investieren Sie in Jesus<\/p>\n<p>Wie kann ich die Marihuanasorte Jesus? OG Weed online in den USA bestellen? Cannabissorte bekannt als Jesus OG Weed: Ist sie in Kanada legal?<\/p>\n<h2><\/h2>\n<h2><\/h2>\n<p>&nbsp;<\/p>","protected":false},"excerpt":{"rendered":"<p>Purchase the Jesus OG Weed Cannabis Strain Online Jesus OG is a combination that has the special capacity to elevate both the body and the mind, whether you consider it esoteric. Subcools for aggregates used in productive rearing The Dank has honored us with this amazing half-and-half mashup of Hell&#8217;s Angel OG and TGA&#8217;s Jack &hellip;<\/p>\n<p class=\"read-more\"> <a class=\"\" href=\"https:\/\/legitgrams.com\/de\/produkt\/jesus-og-weed-marihuana-sorte\/\"> <span class=\"screen-reader-text\">Jesus OG Weed Marihuana-Sorte<\/span> Mehr lesen \"<\/a><\/p>","protected":false},"featured_media":5408,"comment_status":"open","ping_status":"closed","template":"","meta":{"_uag_custom_page_level_css":"","site-sidebar-layout":"default","site-content-layout":"default","ast-global-header-display":"","ast-main-header-display":"","ast-hfb-above-header-display":"","ast-hfb-below-header-display":"","ast-hfb-mobile-header-display":"","site-post-title":"","ast-breadcrumbs-content":"","ast-featured-img":"","footer-sml-layout":"","theme-transparent-header-meta":"default","adv-header-id-meta":"","stick-header-meta":"default","header-above-stick-meta":"","header-main-stick-meta":"","header-below-stick-meta":"","_joinchat":[]},"product_brand":[],"product_cat":[607],"product_tag":[2394,2384,617,2376,2391,2388,2383,2375,2378,2379,2386,2377,2389,2396,2397,2395,2387,2392,2381,2393,2390,625,2382,2385,2380],"class_list":{"0":"post-4191","1":"product","2":"type-product","3":"status-publish","4":"has-post-thumbnail","6":"product_cat-marijuana-cannabis","7":"product_tag-best-cheap-price-jesus-og-weed-marijuana-strain","8":"product_tag-best-place-to-buy-jesus-og-weed-marijuana-strain","9":"product_tag-bulk-online","10":"product_tag-buy-jesus-og-weed-marijuana-strain","11":"product_tag-cheap-jesus-og-weed-marijuana-strain","12":"product_tag-high-quality-jesus-og-weed-marijuana-strain","13":"product_tag-how-to-buy-jesus-og-weed-marijuana-strain","14":"product_tag-jesus-og-weed-marijuana-strain","15":"product_tag-jesus-og-weed-marijuana-strain-for-sale","16":"product_tag-jesus-og-weed-marijuana-strain-jesus-og-weed-marijuana-strain-supplier","17":"product_tag-jesus-og-weed-marijuana-strain-legally","18":"product_tag-jesus-og-weed-marijuana-strain-online","19":"product_tag-jesus-og-weed-marijuana-strain-store","20":"product_tag-jesus-og-weed-marijuana-strain-use","21":"product_tag-jesus-og-weed-marijuana-strain-wiki","22":"product_tag-jesus-og-weed-marijuana-strain-worldwide","23":"product_tag-jesus-og-weed-marijuana-strainprice","24":"product_tag-jesus-og-weed-marijuana-strains","25":"product_tag-order-jesus-og-weed-marijuana-strain","26":"product_tag-purcharse-jesus-og-weed-marijuana-strain","27":"product_tag-shop-jesus-og-weed-marijuana-strain","28":"product_tag-top-quality","29":"product_tag-where-to-buy-jesus-og-weed-marijuana-strain","30":"product_tag-where-to-order-jesus-og-weed-marijuana-strain","31":"product_tag-wholesale-jesus-og-weed-marijuana-strain","32":"desktop-align-left","33":"tablet-align-left","34":"mobile-align-left","35":"ast-product-gallery-layout-horizontal","36":"ast-product-gallery-with-no-image","37":"ast-product-single-variable","38":"ast-product-tabs-layout-horizontal","39":"ast-qv-on-image","41":"first","42":"instock","43":"shipping-taxable","44":"purchasable","45":"product-type-variable"},"yoast_head":"<!-- This site is optimized with the Yoast SEO plugin v25.9 - https:\/\/yoast.com\/wordpress\/plugins\/seo\/ -->\n<title>Jesus OG Weed Marijuana Strain for Sale - Buy Jesus OG Weed<\/title>\n<meta name=\"description\" content=\"Your requirement to buy Jesus OG Weed Marijuana Strain online can be fulfilled at our online Legitgrams store as we are having Jesus OG Weed Marijuana Strain for sale here. Place your order and get affordable deals every day.\" \/>\n<meta name=\"robots\" content=\"index, follow, max-snippet:-1, max-image-preview:large, max-video-preview:-1\" \/>\n<link rel=\"canonical\" href=\"https:\/\/legitgrams.com\/de\/produkt\/jesus-og-weed-marihuana-sorte\/\" \/>\n<meta property=\"og:locale\" content=\"de_DE\" \/>\n<meta property=\"og:type\" content=\"article\" \/>\n<meta property=\"og:title\" content=\"Jesus OG Weed Marijuana Strain for Sale - Buy Jesus OG Weed\" \/>\n<meta property=\"og:description\" content=\"Your requirement to buy Jesus OG Weed Marijuana Strain online can be fulfilled at our online Legitgrams store as we are having Jesus OG Weed Marijuana Strain for sale here. Place your order and get affordable deals every day.\" \/>\n<meta property=\"og:url\" content=\"https:\/\/legitgrams.com\/de\/produkt\/jesus-og-weed-marihuana-sorte\/\" \/>\n<meta property=\"og:site_name\" content=\"Legit Grams\" \/>\n<meta property=\"article:modified_time\" content=\"2025-01-14T06:46:39+00:00\" \/>\n<meta property=\"og:image\" content=\"https:\/\/legitgrams.com\/wp-content\/uploads\/2024\/09\/Buy-Jesus-OG-Weed-Marijuana-Strain-Online.jpg\" \/>\n\t<meta property=\"og:image:width\" content=\"600\" \/>\n\t<meta property=\"og:image:height\" content=\"600\" \/>\n\t<meta property=\"og:image:type\" content=\"image\/jpeg\" \/>\n<meta name=\"twitter:card\" content=\"summary_large_image\" \/>\n<meta name=\"twitter:label1\" content=\"Gesch\u00e4tzte Lesezeit\" \/>\n\t<meta name=\"twitter:data1\" content=\"6\u00a0Minuten\" \/>\n<script type=\"application\/ld+json\" class=\"yoast-schema-graph\">{\"@context\":\"https:\/\/schema.org\",\"@graph\":[{\"@type\":\"WebPage\",\"@id\":\"https:\/\/legitgrams.com\/product\/jesus-og-weed-marijuana-strain\/\",\"url\":\"https:\/\/legitgrams.com\/product\/jesus-og-weed-marijuana-strain\/\",\"name\":\"Jesus OG Weed Marijuana Strain for Sale - Buy Jesus OG Weed\",\"isPartOf\":{\"@id\":\"https:\/\/legitgrams.com\/#website\"},\"primaryImageOfPage\":{\"@id\":\"https:\/\/legitgrams.com\/product\/jesus-og-weed-marijuana-strain\/#primaryimage\"},\"image\":{\"@id\":\"https:\/\/legitgrams.com\/product\/jesus-og-weed-marijuana-strain\/#primaryimage\"},\"thumbnailUrl\":\"https:\/\/legitgrams.com\/wp-content\/uploads\/2024\/09\/Buy-Jesus-OG-Weed-Marijuana-Strain-Online.jpg\",\"datePublished\":\"2024-09-21T12:38:32+00:00\",\"dateModified\":\"2025-01-14T06:46:39+00:00\",\"description\":\"Your requirement to buy Jesus OG Weed Marijuana Strain online can be fulfilled at our online Legitgrams store as we are having Jesus OG Weed Marijuana Strain for sale here. Place your order and get affordable deals every day.\",\"breadcrumb\":{\"@id\":\"https:\/\/legitgrams.com\/product\/jesus-og-weed-marijuana-strain\/#breadcrumb\"},\"inLanguage\":\"de\",\"potentialAction\":[{\"@type\":\"ReadAction\",\"target\":[\"https:\/\/legitgrams.com\/product\/jesus-og-weed-marijuana-strain\/\"]}]},{\"@type\":\"ImageObject\",\"inLanguage\":\"de\",\"@id\":\"https:\/\/legitgrams.com\/product\/jesus-og-weed-marijuana-strain\/#primaryimage\",\"url\":\"https:\/\/legitgrams.com\/wp-content\/uploads\/2024\/09\/Buy-Jesus-OG-Weed-Marijuana-Strain-Online.jpg\",\"contentUrl\":\"https:\/\/legitgrams.com\/wp-content\/uploads\/2024\/09\/Buy-Jesus-OG-Weed-Marijuana-Strain-Online.jpg\",\"width\":600,\"height\":600,\"caption\":\"Jesus OG Weed Marijuana Strain for Sale\"},{\"@type\":\"BreadcrumbList\",\"@id\":\"https:\/\/legitgrams.com\/product\/jesus-og-weed-marijuana-strain\/#breadcrumb\",\"itemListElement\":[{\"@type\":\"ListItem\",\"position\":1,\"name\":\"Home\",\"item\":\"https:\/\/legitgrams.com\/\"},{\"@type\":\"ListItem\",\"position\":2,\"name\":\"Shop\",\"item\":\"https:\/\/legitgrams.com\/shop\/\"},{\"@type\":\"ListItem\",\"position\":3,\"name\":\"Jesus OG Weed Marijuana Strain\"}]},{\"@type\":\"WebSite\",\"@id\":\"https:\/\/legitgrams.com\/#website\",\"url\":\"https:\/\/legitgrams.com\/\",\"name\":\"Legit Grams\",\"description\":\"My WordPress Blog\",\"publisher\":{\"@id\":\"https:\/\/legitgrams.com\/#organization\"},\"potentialAction\":[{\"@type\":\"SearchAction\",\"target\":{\"@type\":\"EntryPoint\",\"urlTemplate\":\"https:\/\/legitgrams.com\/?s={search_term_string}\"},\"query-input\":{\"@type\":\"PropertyValueSpecification\",\"valueRequired\":true,\"valueName\":\"search_term_string\"}}],\"inLanguage\":\"de\"},{\"@type\":\"Organization\",\"@id\":\"https:\/\/legitgrams.com\/#organization\",\"name\":\"Legit Grams\",\"url\":\"https:\/\/legitgrams.com\/\",\"logo\":{\"@type\":\"ImageObject\",\"inLanguage\":\"de\",\"@id\":\"https:\/\/legitgrams.com\/#\/schema\/logo\/image\/\",\"url\":\"https:\/\/legitgrams.com\/wp-content\/uploads\/2024\/09\/main-logo.png\",\"contentUrl\":\"https:\/\/legitgrams.com\/wp-content\/uploads\/2024\/09\/main-logo.png\",\"width\":270,\"height\":75,\"caption\":\"Legit Grams\"},\"image\":{\"@id\":\"https:\/\/legitgrams.com\/#\/schema\/logo\/image\/\"}}]}<\/script>\n<!-- \/ Yoast SEO plugin. -->","yoast_head_json":{"title":"Jesus OG Weed Marihuana-Sorte zum Verkauf \u2013  Jesus OG Weed kaufen","description":"Ihre Anforderung, Jesus OG Weed Marihuana Strain online zu kaufen, kann in unserem Online-Legitgrams-Shop erf\u00fcllt werden, da wir Jesus OG Weed Marihuana Strain hier zum Verkauf anbieten. Platzieren Sie Ihre Bestellung und erhalten erschwingliche Angebote jeden Tag.","robots":{"index":"index","follow":"follow","max-snippet":"max-snippet:-1","max-image-preview":"max-image-preview:large","max-video-preview":"max-video-preview:-1"},"canonical":"https:\/\/legitgrams.com\/de\/produkt\/jesus-og-weed-marihuana-sorte\/","og_locale":"de_DE","og_type":"article","og_title":"Jesus OG Weed Marijuana Strain for Sale - Buy Jesus OG Weed","og_description":"Your requirement to buy Jesus OG Weed Marijuana Strain online can be fulfilled at our online Legitgrams store as we are having Jesus OG Weed Marijuana Strain for sale here. Place your order and get affordable deals every day.","og_url":"https:\/\/legitgrams.com\/de\/produkt\/jesus-og-weed-marihuana-sorte\/","og_site_name":"Legit Grams","article_modified_time":"2025-01-14T06:46:39+00:00","og_image":[{"width":600,"height":600,"url":"https:\/\/legitgrams.com\/wp-content\/uploads\/2024\/09\/Buy-Jesus-OG-Weed-Marijuana-Strain-Online.jpg","type":"image\/jpeg"}],"twitter_card":"summary_large_image","twitter_misc":{"Gesch\u00e4tzte Lesezeit":"6\u00a0Minuten"},"schema":{"@context":"https:\/\/schema.org","@graph":[{"@type":"WebPage","@id":"https:\/\/legitgrams.com\/product\/jesus-og-weed-marijuana-strain\/","url":"https:\/\/legitgrams.com\/product\/jesus-og-weed-marijuana-strain\/","name":"Jesus OG Weed Marihuana-Sorte zum Verkauf \u2013  Jesus OG Weed kaufen","isPartOf":{"@id":"https:\/\/legitgrams.com\/#website"},"primaryImageOfPage":{"@id":"https:\/\/legitgrams.com\/product\/jesus-og-weed-marijuana-strain\/#primaryimage"},"image":{"@id":"https:\/\/legitgrams.com\/product\/jesus-og-weed-marijuana-strain\/#primaryimage"},"thumbnailUrl":"https:\/\/legitgrams.com\/wp-content\/uploads\/2024\/09\/Buy-Jesus-OG-Weed-Marijuana-Strain-Online.jpg","datePublished":"2024-09-21T12:38:32+00:00","dateModified":"2025-01-14T06:46:39+00:00","description":"Ihre Anforderung, Jesus OG Weed Marihuana Strain online zu kaufen, kann in unserem Online-Legitgrams-Shop erf\u00fcllt werden, da wir Jesus OG Weed Marihuana Strain hier zum Verkauf anbieten. Platzieren Sie Ihre Bestellung und erhalten erschwingliche Angebote jeden Tag.","breadcrumb":{"@id":"https:\/\/legitgrams.com\/product\/jesus-og-weed-marijuana-strain\/#breadcrumb"},"inLanguage":"de","potentialAction":[{"@type":"ReadAction","target":["https:\/\/legitgrams.com\/product\/jesus-og-weed-marijuana-strain\/"]}]},{"@type":"ImageObject","inLanguage":"de","@id":"https:\/\/legitgrams.com\/product\/jesus-og-weed-marijuana-strain\/#primaryimage","url":"https:\/\/legitgrams.com\/wp-content\/uploads\/2024\/09\/Buy-Jesus-OG-Weed-Marijuana-Strain-Online.jpg","contentUrl":"https:\/\/legitgrams.com\/wp-content\/uploads\/2024\/09\/Buy-Jesus-OG-Weed-Marijuana-Strain-Online.jpg","width":600,"height":600,"caption":"Jesus OG Weed Marijuana Strain for Sale"},{"@type":"BreadcrumbList","@id":"https:\/\/legitgrams.com\/product\/jesus-og-weed-marijuana-strain\/#breadcrumb","itemListElement":[{"@type":"ListItem","position":1,"name":"Home","item":"https:\/\/legitgrams.com\/"},{"@type":"ListItem","position":2,"name":"Shop","item":"https:\/\/legitgrams.com\/shop\/"},{"@type":"ListItem","position":3,"name":"Jesus OG Weed Marijuana Strain"}]},{"@type":"WebSite","@id":"https:\/\/legitgrams.com\/#website","url":"https:\/\/legitgrams.com\/","name":"Legitimer Grammwert","description":"Mein WordPress-Blog","publisher":{"@id":"https:\/\/legitgrams.com\/#organization"},"potentialAction":[{"@type":"SearchAction","target":{"@type":"EntryPoint","urlTemplate":"https:\/\/legitgrams.com\/?s={search_term_string}"},"query-input":{"@type":"PropertyValueSpecification","valueRequired":true,"valueName":"search_term_string"}}],"inLanguage":"de"},{"@type":"Organization","@id":"https:\/\/legitgrams.com\/#organization","name":"Legitimer Grammwert","url":"https:\/\/legitgrams.com\/","logo":{"@type":"ImageObject","inLanguage":"de","@id":"https:\/\/legitgrams.com\/#\/schema\/logo\/image\/","url":"https:\/\/legitgrams.com\/wp-content\/uploads\/2024\/09\/main-logo.png","contentUrl":"https:\/\/legitgrams.com\/wp-content\/uploads\/2024\/09\/main-logo.png","width":270,"height":75,"caption":"Legit Grams"},"image":{"@id":"https:\/\/legitgrams.com\/#\/schema\/logo\/image\/"}}]}},"uagb_featured_image_src":{"full":["https:\/\/legitgrams.com\/wp-content\/uploads\/2024\/09\/Buy-Jesus-OG-Weed-Marijuana-Strain-Online.jpg",600,600,false],"thumbnail":["https:\/\/legitgrams.com\/wp-content\/uploads\/2024\/09\/Buy-Jesus-OG-Weed-Marijuana-Strain-Online-150x150.jpg",150,150,true],"medium":["https:\/\/legitgrams.com\/wp-content\/uploads\/2024\/09\/Buy-Jesus-OG-Weed-Marijuana-Strain-Online-300x300.jpg",300,300,true],"medium_large":["https:\/\/legitgrams.com\/wp-content\/uploads\/2024\/09\/Buy-Jesus-OG-Weed-Marijuana-Strain-Online.jpg",600,600,false],"large":["https:\/\/legitgrams.com\/wp-content\/uploads\/2024\/09\/Buy-Jesus-OG-Weed-Marijuana-Strain-Online.jpg",600,600,false],"1536x1536":["https:\/\/legitgrams.com\/wp-content\/uploads\/2024\/09\/Buy-Jesus-OG-Weed-Marijuana-Strain-Online.jpg",600,600,false],"2048x2048":["https:\/\/legitgrams.com\/wp-content\/uploads\/2024\/09\/Buy-Jesus-OG-Weed-Marijuana-Strain-Online.jpg",600,600,false],"trp-custom-language-flag":["https:\/\/legitgrams.com\/wp-content\/uploads\/2024\/09\/Buy-Jesus-OG-Weed-Marijuana-Strain-Online-12x12.jpg",12,12,true],"woocommerce_thumbnail":["https:\/\/legitgrams.com\/wp-content\/uploads\/2024\/09\/Buy-Jesus-OG-Weed-Marijuana-Strain-Online-300x300.jpg",300,300,true],"woocommerce_single":["https:\/\/legitgrams.com\/wp-content\/uploads\/2024\/09\/Buy-Jesus-OG-Weed-Marijuana-Strain-Online.jpg",600,600,false],"woocommerce_gallery_thumbnail":["https:\/\/legitgrams.com\/wp-content\/uploads\/2024\/09\/Buy-Jesus-OG-Weed-Marijuana-Strain-Online-100x100.jpg",100,100,true]},"uagb_author_info":{"display_name":"cokeblog18","author_link":"https:\/\/legitgrams.com\/de\/author\/"},"uagb_comment_info":0,"uagb_excerpt":"Purchase the Jesus OG Weed Cannabis Strain Online Jesus OG is a combination that has the special capacity to elevate both the body and the mind, whether you consider it esoteric. Subcools for aggregates used in productive rearing The Dank has honored us with this amazing half-and-half mashup of Hell&#8217;s Angel OG and TGA&#8217;s Jack&hellip;","_links":{"self":[{"href":"https:\/\/legitgrams.com\/de\/wp-json\/wp\/v2\/product\/4191","targetHints":{"allow":["GET"]}}],"collection":[{"href":"https:\/\/legitgrams.com\/de\/wp-json\/wp\/v2\/product"}],"about":[{"href":"https:\/\/legitgrams.com\/de\/wp-json\/wp\/v2\/types\/product"}],"replies":[{"embeddable":true,"href":"https:\/\/legitgrams.com\/de\/wp-json\/wp\/v2\/comments?post=4191"}],"wp:featuredmedia":[{"embeddable":true,"href":"https:\/\/legitgrams.com\/de\/wp-json\/wp\/v2\/media\/5408"}],"wp:attachment":[{"href":"https:\/\/legitgrams.com\/de\/wp-json\/wp\/v2\/media?parent=4191"}],"wp:term":[{"taxonomy":"product_brand","embeddable":true,"href":"https:\/\/legitgrams.com\/de\/wp-json\/wp\/v2\/product_brand?post=4191"},{"taxonomy":"product_cat","embeddable":true,"href":"https:\/\/legitgrams.com\/de\/wp-json\/wp\/v2\/product_cat?post=4191"},{"taxonomy":"product_tag","embeddable":true,"href":"https:\/\/legitgrams.com\/de\/wp-json\/wp\/v2\/product_tag?post=4191"}],"curies":[{"name":"wp","href":"https:\/\/api.w.org\/{rel}","templated":true}]}}