{"id":4195,"date":"2024-09-21T12:34:38","date_gmt":"2024-09-21T12:34:38","guid":{"rendered":"https:\/\/legitgrams.com\/?post_type=product&#038;p=4195"},"modified":"2025-03-07T04:42:23","modified_gmt":"2025-03-07T04:42:23","slug":"honig-marokkanisches-blondes-haschisch","status":"publish","type":"product","link":"https:\/\/legitgrams.com\/de\/produkt\/honig-marokkanisches-blondes-haschisch\/","title":{"rendered":"Honig Marokkanisch Blondes Haschisch online kaufen"},"content":{"rendered":"<h2>Kaufen marokkanisches blondes Haschisch mit Honig online<\/h2>\n<p>So oft wie <a href=\"https:\/\/www.bing.com\/search?q=KaufenSieHoneyMoroccanBlondeHashonline&amp;qs=n&amp;form=QBRE&amp;sp=-1&amp;lq=0&amp;pq=kaufensiehoneymoroccanblondehashonline&amp;sc=0-44&amp;sk=&amp;cvid=D3BA9DDEDD2D43B18F4438A5F4E98302&amp;ghsh=0&amp;ghacc=0&amp;ghpl=\">m\u00f6glich<\/a>Das Wort \u201eKif\u201c wird in Marokko f\u00fcr Blumen, darunter auch Haschisch, verwendet. Im Westen wird der Name \u201eKif\u201c h\u00e4ufig verwendet, um das bemerkenswerte marokkanische blonde Haschisch zu beschreiben. In Anlehnung an Mary Jane wird es derzeit als \u201e<a href=\"https:\/\/www.google.com\/search?q=Kaufen+Sie+Honey+Moroccan+Blonde+Hash+online&amp;sca_esv=eddefdb7b92e7545&amp;sxsrf=AHTn8zpFU3aFfpP4rM96yp_wQXtx2-BwGw1743743514611&amp;ei=GmrvZ8GDJdyr0PEPh7TLCA&amp;ved=0ahUKEwjB-JHmzr2MAxXcFTQIHQfaEgEQ4dUDCBA&amp;uact=5&amp;oq=Kaufen+Sie+Honey+Moroccan+Blonde+Hash+online&amp;gs_lp=Egxnd3Mtd2l6LXNlcnAiLEthdWZlbiBTaWUgSG9uZXkgTW9yb2NjYW4gQmxvbmRlIEhhc2ggb25saW5lMgUQIRigATIFECEYoAEyBRAhGKABMgUQIRigATIFECEYoAEyBRAhGKsCSIAFUABYAHAAeAGQAQCYAf4CoAH-AqoBAzMtMbgBA8gBAPgBAvgBAZgCAaACgwOYAwCSBwMzLTGgB_0FsgcDMy0xuAeDAw&amp;sclient=gws-wiz-serp\">habisha<\/a>\u201e, wenn die weicheren Bl\u00e4tter verwendet werden. Die Stromerzeugung Marokkos deckt sch\u00e4tzungsweise 600 km\u00b2 ab, generiert j\u00e4hrlich 2 Milliarden US-Dollar und tr\u00e4gt damit 6 % zum Bruttosozialprodukt bei (obwohl ein gro\u00dfer Teil davon nicht im offiziellen Bruttosozialprodukt enthalten ist). Haschisch kann online gekauft werden. Sie k\u00f6nnen auch Hanf online kaufen. <a href=\"https:\/\/legitgrams.com\/de\/\">LegitGrams<\/a><\/p>\n<p><strong>kaufen <a href=\"https:\/\/legitgrams.com\/de\/produkt\/honig-marokkanisches-blondes-haschisch\/\">Honig-Marokkanisch-Blondes Haschisch<\/a>:<\/strong> Kaufen Sie blondes Haschisch mit Honig online. Wo kann ich blondes Haschisch mit Honig kaufen? Ist es m\u00f6glich, blondes Haschisch mit Honig online zu kaufen? <a href=\"https:\/\/duckduckgo.com\/?q=Kaufen+Sie+Honey+Moroccan+Blonde+Hash+online&amp;t=h_\">Honig-Marokkanisch-Blondes Haschisch<\/a> ist online bei Anbietern in den USA, Kanada und Gro\u00dfbritannien mit sicherem Versand erh\u00e4ltlich. Sie k\u00f6nnen weiterhin Honey Moroccan Blonde Hash erhalten. Ist der Kauf von Honey Moroccan Blonde Hash in den USA legal? Wie bestellt man Honey Moroccan Blonde Hash? Ist Honey Moroccan Blonde Hash in Kanada erlaubt? <a href=\"https:\/\/en.wikipedia.org\/wiki\/Hashish\">Hash<\/a>?<\/p>\n<h2><\/h2>\n<h2><\/h2>\n<p>&nbsp;<\/p>","protected":false},"excerpt":{"rendered":"<p>Purchase Moroccan Blonde Hash with Honey Online As often as possible, the word &#8220;kif&#8221; is used in Morocco to refer to flowers, including hashish. In the West, the name &#8220;kif&#8221; is frequently used to describe the remarkable Moroccan blonde hashish. Following Mary Jane, this is currently classified as &#8220;habisha&#8221; when the softer leaves are utilized. &hellip;<\/p>\n<p class=\"read-more\"> <a class=\"\" href=\"https:\/\/legitgrams.com\/de\/produkt\/honig-marokkanisches-blondes-haschisch\/\"> <span class=\"screen-reader-text\">Honig Marokkanisch Blondes Haschisch online kaufen<\/span> Mehr lesen \"<\/a><\/p>","protected":false},"featured_media":5374,"comment_status":"open","ping_status":"closed","template":"","meta":{"_uag_custom_page_level_css":"","site-sidebar-layout":"default","site-content-layout":"default","ast-global-header-display":"","ast-main-header-display":"","ast-hfb-above-header-display":"","ast-hfb-below-header-display":"","ast-hfb-mobile-header-display":"","site-post-title":"","ast-breadcrumbs-content":"","ast-featured-img":"","footer-sml-layout":"","theme-transparent-header-meta":"default","adv-header-id-meta":"","stick-header-meta":"default","header-above-stick-meta":"","header-main-stick-meta":"","header-below-stick-meta":"","_joinchat":[]},"product_brand":[],"product_cat":[605],"product_tag":[2486,2476,617,2468,2483,2480,2467,2470,2471,2478,2469,2481,2488,2489,2487,2479,2484,2475,2473,2485,2482,625,2474,2477,2472],"class_list":{"0":"post-4195","1":"product","2":"type-product","3":"status-publish","4":"has-post-thumbnail","6":"product_cat-hash-hashish","7":"product_tag-best-cheap-price-honey-moroccan-blonde-hash","8":"product_tag-best-place-to-buy-honey-moroccan-blonde-hash","9":"product_tag-bulk-online","10":"product_tag-buy-honey-moroccan-blonde-hash","11":"product_tag-cheap-honey-moroccan-blonde-hash","12":"product_tag-high-quality-honey-moroccan-blonde-hash","13":"product_tag-honey-moroccan-blonde-hash","14":"product_tag-honey-moroccan-blonde-hash-for-sale","15":"product_tag-honey-moroccan-blonde-hash-honey-moroccan-blonde-hash-supplier","16":"product_tag-honey-moroccan-blonde-hash-legally","17":"product_tag-honey-moroccan-blonde-hash-online","18":"product_tag-honey-moroccan-blonde-hash-store","19":"product_tag-honey-moroccan-blonde-hash-use","20":"product_tag-honey-moroccan-blonde-hash-wiki","21":"product_tag-honey-moroccan-blonde-hash-worldwide","22":"product_tag-honey-moroccan-blonde-hashprice","23":"product_tag-honey-moroccan-blonde-hashs","24":"product_tag-how-to-buy-honey-moroccan-blonde-hash","25":"product_tag-order-honey-moroccan-blonde-hash","26":"product_tag-purcharse-honey-moroccan-blonde-hash","27":"product_tag-shop-honey-moroccan-blonde-hash","28":"product_tag-top-quality","29":"product_tag-where-to-buy-honey-moroccan-blonde-hash","30":"product_tag-where-to-order-honey-moroccan-blonde-hash","31":"product_tag-wholesale-honey-moroccan-blonde-hash","32":"desktop-align-left","33":"tablet-align-left","34":"mobile-align-left","35":"ast-product-gallery-layout-horizontal","36":"ast-product-gallery-with-no-image","37":"ast-product-single-variable","38":"ast-product-tabs-layout-horizontal","39":"ast-qv-on-image","41":"first","42":"instock","43":"shipping-taxable","44":"purchasable","45":"product-type-variable"},"yoast_head":"<!-- This site is optimized with the Yoast SEO plugin v25.9 - https:\/\/yoast.com\/wordpress\/plugins\/seo\/ -->\n<title>Honey Moroccan Blonde Hash for Sale @ best Rate | LegitGrams<\/title>\n<meta name=\"description\" content=\"Get Honey Moroccan Blonde Hash for sale at one of the best online stores. We will help you buy Honey Moroccan Blonde Hash online of high quality. Don&#039;t delay to place your order and take advantage of the newest discounts!\" \/>\n<meta name=\"robots\" content=\"index, follow, max-snippet:-1, max-image-preview:large, max-video-preview:-1\" \/>\n<link rel=\"canonical\" href=\"https:\/\/legitgrams.com\/de\/produkt\/honig-marokkanisches-blondes-haschisch\/\" \/>\n<meta property=\"og:locale\" content=\"de_DE\" \/>\n<meta property=\"og:type\" content=\"article\" \/>\n<meta property=\"og:title\" content=\"Honey Moroccan Blonde Hash for Sale @ best Rate | LegitGrams\" \/>\n<meta property=\"og:description\" content=\"Get Honey Moroccan Blonde Hash for sale at one of the best online stores. We will help you buy Honey Moroccan Blonde Hash online of high quality. Don&#039;t delay to place your order and take advantage of the newest discounts!\" \/>\n<meta property=\"og:url\" content=\"https:\/\/legitgrams.com\/de\/produkt\/honig-marokkanisches-blondes-haschisch\/\" \/>\n<meta property=\"og:site_name\" content=\"Legit Grams\" \/>\n<meta property=\"article:modified_time\" content=\"2025-03-07T04:42:23+00:00\" \/>\n<meta property=\"og:image\" content=\"https:\/\/legitgrams.com\/wp-content\/uploads\/2024\/09\/Buy-Honey-Moroccan-Blonde-Hash.jpg\" \/>\n\t<meta property=\"og:image:width\" content=\"600\" \/>\n\t<meta property=\"og:image:height\" content=\"600\" \/>\n\t<meta property=\"og:image:type\" content=\"image\/jpeg\" \/>\n<meta name=\"twitter:card\" content=\"summary_large_image\" \/>\n<meta name=\"twitter:label1\" content=\"Gesch\u00e4tzte Lesezeit\" \/>\n\t<meta name=\"twitter:data1\" content=\"2\u00a0Minuten\" \/>\n<script type=\"application\/ld+json\" class=\"yoast-schema-graph\">{\"@context\":\"https:\/\/schema.org\",\"@graph\":[{\"@type\":\"WebPage\",\"@id\":\"https:\/\/legitgrams.com\/product\/honey-moroccan-blonde-hash\/\",\"url\":\"https:\/\/legitgrams.com\/product\/honey-moroccan-blonde-hash\/\",\"name\":\"Honey Moroccan Blonde Hash for Sale @ best Rate | LegitGrams\",\"isPartOf\":{\"@id\":\"https:\/\/legitgrams.com\/#website\"},\"primaryImageOfPage\":{\"@id\":\"https:\/\/legitgrams.com\/product\/honey-moroccan-blonde-hash\/#primaryimage\"},\"image\":{\"@id\":\"https:\/\/legitgrams.com\/product\/honey-moroccan-blonde-hash\/#primaryimage\"},\"thumbnailUrl\":\"https:\/\/legitgrams.com\/wp-content\/uploads\/2024\/09\/Buy-Honey-Moroccan-Blonde-Hash.jpg\",\"datePublished\":\"2024-09-21T12:34:38+00:00\",\"dateModified\":\"2025-03-07T04:42:23+00:00\",\"description\":\"Get Honey Moroccan Blonde Hash for sale at one of the best online stores. We will help you buy Honey Moroccan Blonde Hash online of high quality. Don't delay to place your order and take advantage of the newest discounts!\",\"breadcrumb\":{\"@id\":\"https:\/\/legitgrams.com\/product\/honey-moroccan-blonde-hash\/#breadcrumb\"},\"inLanguage\":\"de\",\"potentialAction\":[{\"@type\":\"ReadAction\",\"target\":[\"https:\/\/legitgrams.com\/product\/honey-moroccan-blonde-hash\/\"]}]},{\"@type\":\"ImageObject\",\"inLanguage\":\"de\",\"@id\":\"https:\/\/legitgrams.com\/product\/honey-moroccan-blonde-hash\/#primaryimage\",\"url\":\"https:\/\/legitgrams.com\/wp-content\/uploads\/2024\/09\/Buy-Honey-Moroccan-Blonde-Hash.jpg\",\"contentUrl\":\"https:\/\/legitgrams.com\/wp-content\/uploads\/2024\/09\/Buy-Honey-Moroccan-Blonde-Hash.jpg\",\"width\":600,\"height\":600,\"caption\":\"Honey Moroccan Blonde Hash for Sale\"},{\"@type\":\"BreadcrumbList\",\"@id\":\"https:\/\/legitgrams.com\/product\/honey-moroccan-blonde-hash\/#breadcrumb\",\"itemListElement\":[{\"@type\":\"ListItem\",\"position\":1,\"name\":\"Home\",\"item\":\"https:\/\/legitgrams.com\/\"},{\"@type\":\"ListItem\",\"position\":2,\"name\":\"Shop\",\"item\":\"https:\/\/legitgrams.com\/shop\/\"},{\"@type\":\"ListItem\",\"position\":3,\"name\":\"Buy Honey Moroccan Blonde Hash Online\"}]},{\"@type\":\"WebSite\",\"@id\":\"https:\/\/legitgrams.com\/#website\",\"url\":\"https:\/\/legitgrams.com\/\",\"name\":\"Legit Grams\",\"description\":\"My WordPress Blog\",\"publisher\":{\"@id\":\"https:\/\/legitgrams.com\/#organization\"},\"potentialAction\":[{\"@type\":\"SearchAction\",\"target\":{\"@type\":\"EntryPoint\",\"urlTemplate\":\"https:\/\/legitgrams.com\/?s={search_term_string}\"},\"query-input\":{\"@type\":\"PropertyValueSpecification\",\"valueRequired\":true,\"valueName\":\"search_term_string\"}}],\"inLanguage\":\"de\"},{\"@type\":\"Organization\",\"@id\":\"https:\/\/legitgrams.com\/#organization\",\"name\":\"Legit Grams\",\"url\":\"https:\/\/legitgrams.com\/\",\"logo\":{\"@type\":\"ImageObject\",\"inLanguage\":\"de\",\"@id\":\"https:\/\/legitgrams.com\/#\/schema\/logo\/image\/\",\"url\":\"https:\/\/legitgrams.com\/wp-content\/uploads\/2024\/09\/main-logo.png\",\"contentUrl\":\"https:\/\/legitgrams.com\/wp-content\/uploads\/2024\/09\/main-logo.png\",\"width\":270,\"height\":75,\"caption\":\"Legit Grams\"},\"image\":{\"@id\":\"https:\/\/legitgrams.com\/#\/schema\/logo\/image\/\"}}]}<\/script>\n<!-- \/ Yoast SEO plugin. -->","yoast_head_json":{"title":"Honig-marokkanisches blondes Haschisch zu verkaufen zum besten Preis | LegitGrams","description":"Holen Sie sich Honey Moroccan Blonde Hash zum Verkauf in einem der besten Online-Shops. Wir werden Ihnen helfen, Honey Moroccan Blonde Hash online in hoher Qualit\u00e4t zu kaufen. Z\u00f6gern Sie nicht, Ihre Bestellung aufzugeben und profitieren Sie von den neuesten Rabatten!","robots":{"index":"index","follow":"follow","max-snippet":"max-snippet:-1","max-image-preview":"max-image-preview:large","max-video-preview":"max-video-preview:-1"},"canonical":"https:\/\/legitgrams.com\/de\/produkt\/honig-marokkanisches-blondes-haschisch\/","og_locale":"de_DE","og_type":"article","og_title":"Honey Moroccan Blonde Hash for Sale @ best Rate | LegitGrams","og_description":"Get Honey Moroccan Blonde Hash for sale at one of the best online stores. We will help you buy Honey Moroccan Blonde Hash online of high quality. Don't delay to place your order and take advantage of the newest discounts!","og_url":"https:\/\/legitgrams.com\/de\/produkt\/honig-marokkanisches-blondes-haschisch\/","og_site_name":"Legit Grams","article_modified_time":"2025-03-07T04:42:23+00:00","og_image":[{"width":600,"height":600,"url":"https:\/\/legitgrams.com\/wp-content\/uploads\/2024\/09\/Buy-Honey-Moroccan-Blonde-Hash.jpg","type":"image\/jpeg"}],"twitter_card":"summary_large_image","twitter_misc":{"Gesch\u00e4tzte Lesezeit":"2\u00a0Minuten"},"schema":{"@context":"https:\/\/schema.org","@graph":[{"@type":"WebPage","@id":"https:\/\/legitgrams.com\/product\/honey-moroccan-blonde-hash\/","url":"https:\/\/legitgrams.com\/product\/honey-moroccan-blonde-hash\/","name":"Honig-marokkanisches blondes Haschisch zu verkaufen zum besten Preis | LegitGrams","isPartOf":{"@id":"https:\/\/legitgrams.com\/#website"},"primaryImageOfPage":{"@id":"https:\/\/legitgrams.com\/product\/honey-moroccan-blonde-hash\/#primaryimage"},"image":{"@id":"https:\/\/legitgrams.com\/product\/honey-moroccan-blonde-hash\/#primaryimage"},"thumbnailUrl":"https:\/\/legitgrams.com\/wp-content\/uploads\/2024\/09\/Buy-Honey-Moroccan-Blonde-Hash.jpg","datePublished":"2024-09-21T12:34:38+00:00","dateModified":"2025-03-07T04:42:23+00:00","description":"Holen Sie sich Honey Moroccan Blonde Hash zum Verkauf in einem der besten Online-Shops. Wir werden Ihnen helfen, Honey Moroccan Blonde Hash online in hoher Qualit\u00e4t zu kaufen. Z\u00f6gern Sie nicht, Ihre Bestellung aufzugeben und profitieren Sie von den neuesten Rabatten!","breadcrumb":{"@id":"https:\/\/legitgrams.com\/product\/honey-moroccan-blonde-hash\/#breadcrumb"},"inLanguage":"de","potentialAction":[{"@type":"ReadAction","target":["https:\/\/legitgrams.com\/product\/honey-moroccan-blonde-hash\/"]}]},{"@type":"ImageObject","inLanguage":"de","@id":"https:\/\/legitgrams.com\/product\/honey-moroccan-blonde-hash\/#primaryimage","url":"https:\/\/legitgrams.com\/wp-content\/uploads\/2024\/09\/Buy-Honey-Moroccan-Blonde-Hash.jpg","contentUrl":"https:\/\/legitgrams.com\/wp-content\/uploads\/2024\/09\/Buy-Honey-Moroccan-Blonde-Hash.jpg","width":600,"height":600,"caption":"Honey Moroccan Blonde Hash for Sale"},{"@type":"BreadcrumbList","@id":"https:\/\/legitgrams.com\/product\/honey-moroccan-blonde-hash\/#breadcrumb","itemListElement":[{"@type":"ListItem","position":1,"name":"Home","item":"https:\/\/legitgrams.com\/"},{"@type":"ListItem","position":2,"name":"Shop","item":"https:\/\/legitgrams.com\/shop\/"},{"@type":"ListItem","position":3,"name":"Buy Honey Moroccan Blonde Hash Online"}]},{"@type":"WebSite","@id":"https:\/\/legitgrams.com\/#website","url":"https:\/\/legitgrams.com\/","name":"Legitimer Grammwert","description":"Mein WordPress-Blog","publisher":{"@id":"https:\/\/legitgrams.com\/#organization"},"potentialAction":[{"@type":"SearchAction","target":{"@type":"EntryPoint","urlTemplate":"https:\/\/legitgrams.com\/?s={search_term_string}"},"query-input":{"@type":"PropertyValueSpecification","valueRequired":true,"valueName":"search_term_string"}}],"inLanguage":"de"},{"@type":"Organization","@id":"https:\/\/legitgrams.com\/#organization","name":"Legitimer Grammwert","url":"https:\/\/legitgrams.com\/","logo":{"@type":"ImageObject","inLanguage":"de","@id":"https:\/\/legitgrams.com\/#\/schema\/logo\/image\/","url":"https:\/\/legitgrams.com\/wp-content\/uploads\/2024\/09\/main-logo.png","contentUrl":"https:\/\/legitgrams.com\/wp-content\/uploads\/2024\/09\/main-logo.png","width":270,"height":75,"caption":"Legit Grams"},"image":{"@id":"https:\/\/legitgrams.com\/#\/schema\/logo\/image\/"}}]}},"uagb_featured_image_src":{"full":["https:\/\/legitgrams.com\/wp-content\/uploads\/2024\/09\/Buy-Honey-Moroccan-Blonde-Hash.jpg",600,600,false],"thumbnail":["https:\/\/legitgrams.com\/wp-content\/uploads\/2024\/09\/Buy-Honey-Moroccan-Blonde-Hash-150x150.jpg",150,150,true],"medium":["https:\/\/legitgrams.com\/wp-content\/uploads\/2024\/09\/Buy-Honey-Moroccan-Blonde-Hash-300x300.jpg",300,300,true],"medium_large":["https:\/\/legitgrams.com\/wp-content\/uploads\/2024\/09\/Buy-Honey-Moroccan-Blonde-Hash.jpg",600,600,false],"large":["https:\/\/legitgrams.com\/wp-content\/uploads\/2024\/09\/Buy-Honey-Moroccan-Blonde-Hash.jpg",600,600,false],"1536x1536":["https:\/\/legitgrams.com\/wp-content\/uploads\/2024\/09\/Buy-Honey-Moroccan-Blonde-Hash.jpg",600,600,false],"2048x2048":["https:\/\/legitgrams.com\/wp-content\/uploads\/2024\/09\/Buy-Honey-Moroccan-Blonde-Hash.jpg",600,600,false],"trp-custom-language-flag":["https:\/\/legitgrams.com\/wp-content\/uploads\/2024\/09\/Buy-Honey-Moroccan-Blonde-Hash-12x12.jpg",12,12,true],"woocommerce_thumbnail":["https:\/\/legitgrams.com\/wp-content\/uploads\/2024\/09\/Buy-Honey-Moroccan-Blonde-Hash-300x300.jpg",300,300,true],"woocommerce_single":["https:\/\/legitgrams.com\/wp-content\/uploads\/2024\/09\/Buy-Honey-Moroccan-Blonde-Hash.jpg",600,600,false],"woocommerce_gallery_thumbnail":["https:\/\/legitgrams.com\/wp-content\/uploads\/2024\/09\/Buy-Honey-Moroccan-Blonde-Hash-100x100.jpg",100,100,true]},"uagb_author_info":{"display_name":"cokeblog18","author_link":"https:\/\/legitgrams.com\/de\/author\/"},"uagb_comment_info":0,"uagb_excerpt":"Purchase Moroccan Blonde Hash with Honey Online As often as possible, the word &#8220;kif&#8221; is used in Morocco to refer to flowers, including hashish. In the West, the name &#8220;kif&#8221; is frequently used to describe the remarkable Moroccan blonde hashish. Following Mary Jane, this is currently classified as &#8220;habisha&#8221; when the softer leaves are utilized.&hellip;","_links":{"self":[{"href":"https:\/\/legitgrams.com\/de\/wp-json\/wp\/v2\/product\/4195","targetHints":{"allow":["GET"]}}],"collection":[{"href":"https:\/\/legitgrams.com\/de\/wp-json\/wp\/v2\/product"}],"about":[{"href":"https:\/\/legitgrams.com\/de\/wp-json\/wp\/v2\/types\/product"}],"replies":[{"embeddable":true,"href":"https:\/\/legitgrams.com\/de\/wp-json\/wp\/v2\/comments?post=4195"}],"wp:featuredmedia":[{"embeddable":true,"href":"https:\/\/legitgrams.com\/de\/wp-json\/wp\/v2\/media\/5374"}],"wp:attachment":[{"href":"https:\/\/legitgrams.com\/de\/wp-json\/wp\/v2\/media?parent=4195"}],"wp:term":[{"taxonomy":"product_brand","embeddable":true,"href":"https:\/\/legitgrams.com\/de\/wp-json\/wp\/v2\/product_brand?post=4195"},{"taxonomy":"product_cat","embeddable":true,"href":"https:\/\/legitgrams.com\/de\/wp-json\/wp\/v2\/product_cat?post=4195"},{"taxonomy":"product_tag","embeddable":true,"href":"https:\/\/legitgrams.com\/de\/wp-json\/wp\/v2\/product_tag?post=4195"}],"curies":[{"name":"wp","href":"https:\/\/api.w.org\/{rel}","templated":true}]}}