{"id":4198,"date":"2024-09-22T06:00:25","date_gmt":"2024-09-22T06:00:25","guid":{"rendered":"https:\/\/legitgrams.com\/?post_type=product&#038;p=4198"},"modified":"2025-01-13T09:14:14","modified_gmt":"2025-01-13T09:14:14","slug":"al-lad-10-mg-pulver","status":"publish","type":"product","link":"https:\/\/legitgrams.com\/de\/produkt\/al-lad-10-mg-pulver\/","title":{"rendered":"AL-LAD 10 mg Pulver"},"content":{"rendered":"<h2>Verkauf von 10 mg Pulver von AL-LAD<br \/>\nHolen Sie sich einen 150-mg-AL-LAD-Blocker.<\/h2>\n<p>Kaufen einhundertf\u00fcnfzig Milligramm <a href=\"https:\/\/legitgrams.com\/de\/produkt\/al-lad-10-mg-pulver\/\">AL-LAD<\/a>. Die ersten L\u00f6schbl\u00e4tter wurden in den 1970er Jahren von einem japanischen Forscherteam konzipiert und hergestellt.<\/p>\n<p>weithin bekannt durch das Buch TiHKAL von Alexander Shulgin. Seit AL-LAD 2013 erstmals auf RC verf\u00fcgbar war<\/p>\n<p>Es erfreut sich auf dem US-Markt eines erheblich gr\u00f6\u00dferen Beliebtheit und wird als eines der gr\u00f6\u00dften Unternehmen beworben.<\/p>\n<h3>Was ist ein AL-LAD 150 mg-Blotter?<\/h3>\n<p>AL-LAD Blotter Diethylamid (6-Allyl-6-nor-Lysergs\u00e4ure) ist ein starker 5-HT2A-Agonist mit einer Dosierung von 150 \u00b5g.<\/p>\n<p>Die Dan-Rezeptoren sind Berichten zufolge bei etwa 80\u2013160 Mikrogramm aktiv. Besonders hervorzuheben ist unser AL-LAD Blotter<\/p>\n<p>150 g wurden d\u00fcnn mit 1,5 mg\/Blotter 2-Hydroxypropyl-B-Cyclodextrin (Cyclodextrin) beschichtet.<\/p>\n<p>bietet besseren Schutz vor Sauerstoff. <a href=\"https:\/\/legitgrams.com\/de\/\">LegitGrams<\/a><\/p>\n<h3>AL-LAD USA Blotter ist verf\u00fcgbar.<\/h3>\n<p>Kaufen Sie nur hochwertige Waren. Online-Shopping ist die beste Option, um reines AL-LAD 10 mg Pulver zu kaufen. Kaufen Sie 10 mg reine Qualit\u00e4t <a href=\"https:\/\/en.wikipedia.org\/wiki\/AL-LAD\">AL-LAD<\/a> Pulver in den USA. Online-Kauf von AL-LAD 10 mg Pulver in den USA: Wo finde ich reines, hochwertiges 10 mg Pulver von AL-LAD? 10 Milligramm reines Qualit\u00e4tspulver von AL-LAD sind zum Kauf erh\u00e4ltlich. Lokal erh\u00e4ltliches AL-LAD 10 mg Pulver; kaufen Sie Premium Kaufen Sie reines AL-LAD 10 mg Pulver online in Ihrer N\u00e4he. Wo finde ich reines AL-LAD 10 mg Pulver online? Reines Qualit\u00e4tspulver von AL-LAD 10 mg ist noch erh\u00e4ltlich. Ist es legal, reines Qualit\u00e4tspulver von AL-LAD 10 mg in den USA zu kaufen? Online k\u00f6nnen Sie echtes 10 mg Pulver von AL-LAD kaufen. Lieferanten: Gro\u00dfbritannien, Kanada und die USA.<\/p>","protected":false},"excerpt":{"rendered":"<p>Sale of 10 mg powder of AL-LAD Get a 150 mg blocker of AL-LAD. Buy one hundred and fifty milligrams of AL-LAD. The first blotters were conceived and produced by a Japanese research team in the 1970s. widely known as a result of the book TiHKAL by Alexander Shulgin. Ever since AL-LAD was first made &hellip;<\/p>\n<p class=\"read-more\"> <a class=\"\" href=\"https:\/\/legitgrams.com\/de\/produkt\/al-lad-10-mg-pulver\/\"> <span class=\"screen-reader-text\">AL-LAD 10 mg Pulver<\/span> Mehr lesen \"<\/a><\/p>","protected":false},"featured_media":5302,"comment_status":"open","ping_status":"closed","template":"","meta":{"_uag_custom_page_level_css":"","site-sidebar-layout":"default","site-content-layout":"default","ast-global-header-display":"","ast-main-header-display":"","ast-hfb-above-header-display":"","ast-hfb-below-header-display":"","ast-hfb-mobile-header-display":"","site-post-title":"","ast-breadcrumbs-content":"","ast-featured-img":"","footer-sml-layout":"","theme-transparent-header-meta":"default","adv-header-id-meta":"","stick-header-meta":"default","header-above-stick-meta":"","header-main-stick-meta":"","header-below-stick-meta":"","_joinchat":[]},"product_brand":[],"product_cat":[600],"product_tag":[2053,2057,2056,2064,2055,2067,2074,2075,2073,2065,2070,2072,2062,617,2054,2069,2066,2061,2059,2071,2068,625,2060,2063,2058],"class_list":{"0":"post-4198","1":"product","2":"type-product","3":"status-publish","4":"has-post-thumbnail","6":"product_cat-research-chemicals-and-bath-salt","7":"product_tag-al-lad-10-mg-powder","8":"product_tag-al-lad-10-mg-powder-al-lad-10-mg-powder-supplier","9":"product_tag-al-lad-10-mg-powder-for-sale","10":"product_tag-al-lad-10-mg-powder-legally","11":"product_tag-al-lad-10-mg-powder-online","12":"product_tag-al-lad-10-mg-powder-store","13":"product_tag-al-lad-10-mg-powder-use","14":"product_tag-al-lad-10-mg-powder-wiki","15":"product_tag-al-lad-10-mg-powder-worldwide","16":"product_tag-al-lad-10-mg-powderprice","17":"product_tag-al-lad-10-mg-powders","18":"product_tag-best-cheap-price-al-lad-10-mg-powder","19":"product_tag-best-place-to-buy-al-lad-10-mg-powder","20":"product_tag-bulk-online","21":"product_tag-buy-al-lad-10-mg-powder","22":"product_tag-cheap-al-lad-10-mg-powder","23":"product_tag-high-quality-al-lad-10-mg-powder","24":"product_tag-how-to-buy-al-lad-10-mg-powder","25":"product_tag-order-al-lad-10-mg-powder","26":"product_tag-purcharse-al-lad-10-mg-powder","27":"product_tag-shop-al-lad-10-mg-powder","28":"product_tag-top-quality","29":"product_tag-where-to-buy-al-lad-10-mg-powder","30":"product_tag-where-to-order-al-lad-10-mg-powder","31":"product_tag-wholesale-al-lad-10-mg-powder","32":"desktop-align-left","33":"tablet-align-left","34":"mobile-align-left","35":"ast-product-gallery-layout-horizontal","36":"ast-product-gallery-with-no-image","37":"ast-product-single-variable","38":"ast-product-tabs-layout-horizontal","39":"ast-qv-on-image","41":"first","42":"instock","43":"shipping-taxable","44":"purchasable","45":"product-type-variable"},"yoast_head":"<!-- This site is optimized with the Yoast SEO plugin v25.9 - https:\/\/yoast.com\/wordpress\/plugins\/seo\/ -->\n<title>AL-LAD 10mg for sale - Order AL-LAD 10mg Powder Online | LG<\/title>\n<meta name=\"description\" content=\"If you want to buy al-lad 10mg online, then visit our online store LegitGrams. We have high-quality products like al-lad 10mg for sale. Order Today with Best Deal on AL-LAD 10mg!\" \/>\n<meta name=\"robots\" content=\"index, follow, max-snippet:-1, max-image-preview:large, max-video-preview:-1\" \/>\n<link rel=\"canonical\" href=\"https:\/\/legitgrams.com\/de\/produkt\/al-lad-10-mg-pulver\/\" \/>\n<meta property=\"og:locale\" content=\"de_DE\" \/>\n<meta property=\"og:type\" content=\"article\" \/>\n<meta property=\"og:title\" content=\"AL-LAD 10mg for sale - Order AL-LAD 10mg Powder Online | LG\" \/>\n<meta property=\"og:description\" content=\"If you want to buy al-lad 10mg online, then visit our online store LegitGrams. We have high-quality products like al-lad 10mg for sale. Order Today with Best Deal on AL-LAD 10mg!\" \/>\n<meta property=\"og:url\" content=\"https:\/\/legitgrams.com\/de\/produkt\/al-lad-10-mg-pulver\/\" \/>\n<meta property=\"og:site_name\" content=\"Legit Grams\" \/>\n<meta property=\"article:modified_time\" content=\"2025-01-13T09:14:14+00:00\" \/>\n<meta property=\"og:image\" content=\"https:\/\/legitgrams.com\/wp-content\/uploads\/2024\/09\/buy-pure-quality-al-lad-10-mg-powder-online.jpg\" \/>\n\t<meta property=\"og:image:width\" content=\"600\" \/>\n\t<meta property=\"og:image:height\" content=\"600\" \/>\n\t<meta property=\"og:image:type\" content=\"image\/jpeg\" \/>\n<meta name=\"twitter:card\" content=\"summary_large_image\" \/>\n<meta name=\"twitter:label1\" content=\"Gesch\u00e4tzte Lesezeit\" \/>\n\t<meta name=\"twitter:data1\" content=\"2\u00a0Minuten\" \/>\n<script type=\"application\/ld+json\" class=\"yoast-schema-graph\">{\"@context\":\"https:\/\/schema.org\",\"@graph\":[{\"@type\":\"WebPage\",\"@id\":\"https:\/\/legitgrams.com\/product\/al-lad-10-mg-powder\/\",\"url\":\"https:\/\/legitgrams.com\/product\/al-lad-10-mg-powder\/\",\"name\":\"AL-LAD 10mg for sale - Order AL-LAD 10mg Powder Online | LG\",\"isPartOf\":{\"@id\":\"https:\/\/legitgrams.com\/#website\"},\"primaryImageOfPage\":{\"@id\":\"https:\/\/legitgrams.com\/product\/al-lad-10-mg-powder\/#primaryimage\"},\"image\":{\"@id\":\"https:\/\/legitgrams.com\/product\/al-lad-10-mg-powder\/#primaryimage\"},\"thumbnailUrl\":\"https:\/\/legitgrams.com\/wp-content\/uploads\/2024\/09\/buy-pure-quality-al-lad-10-mg-powder-online.jpg\",\"datePublished\":\"2024-09-22T06:00:25+00:00\",\"dateModified\":\"2025-01-13T09:14:14+00:00\",\"description\":\"If you want to buy al-lad 10mg online, then visit our online store LegitGrams. We have high-quality products like al-lad 10mg for sale. Order Today with Best Deal on AL-LAD 10mg!\",\"breadcrumb\":{\"@id\":\"https:\/\/legitgrams.com\/product\/al-lad-10-mg-powder\/#breadcrumb\"},\"inLanguage\":\"de\",\"potentialAction\":[{\"@type\":\"ReadAction\",\"target\":[\"https:\/\/legitgrams.com\/product\/al-lad-10-mg-powder\/\"]}]},{\"@type\":\"ImageObject\",\"inLanguage\":\"de\",\"@id\":\"https:\/\/legitgrams.com\/product\/al-lad-10-mg-powder\/#primaryimage\",\"url\":\"https:\/\/legitgrams.com\/wp-content\/uploads\/2024\/09\/buy-pure-quality-al-lad-10-mg-powder-online.jpg\",\"contentUrl\":\"https:\/\/legitgrams.com\/wp-content\/uploads\/2024\/09\/buy-pure-quality-al-lad-10-mg-powder-online.jpg\",\"width\":600,\"height\":600,\"caption\":\"AL-LAD 10 mg powder for Sale\"},{\"@type\":\"BreadcrumbList\",\"@id\":\"https:\/\/legitgrams.com\/product\/al-lad-10-mg-powder\/#breadcrumb\",\"itemListElement\":[{\"@type\":\"ListItem\",\"position\":1,\"name\":\"Home\",\"item\":\"https:\/\/legitgrams.com\/\"},{\"@type\":\"ListItem\",\"position\":2,\"name\":\"Shop\",\"item\":\"https:\/\/legitgrams.com\/shop\/\"},{\"@type\":\"ListItem\",\"position\":3,\"name\":\"AL-LAD 10 mg powder\"}]},{\"@type\":\"WebSite\",\"@id\":\"https:\/\/legitgrams.com\/#website\",\"url\":\"https:\/\/legitgrams.com\/\",\"name\":\"Legit Grams\",\"description\":\"My WordPress Blog\",\"publisher\":{\"@id\":\"https:\/\/legitgrams.com\/#organization\"},\"potentialAction\":[{\"@type\":\"SearchAction\",\"target\":{\"@type\":\"EntryPoint\",\"urlTemplate\":\"https:\/\/legitgrams.com\/?s={search_term_string}\"},\"query-input\":{\"@type\":\"PropertyValueSpecification\",\"valueRequired\":true,\"valueName\":\"search_term_string\"}}],\"inLanguage\":\"de\"},{\"@type\":\"Organization\",\"@id\":\"https:\/\/legitgrams.com\/#organization\",\"name\":\"Legit Grams\",\"url\":\"https:\/\/legitgrams.com\/\",\"logo\":{\"@type\":\"ImageObject\",\"inLanguage\":\"de\",\"@id\":\"https:\/\/legitgrams.com\/#\/schema\/logo\/image\/\",\"url\":\"https:\/\/legitgrams.com\/wp-content\/uploads\/2024\/09\/main-logo.png\",\"contentUrl\":\"https:\/\/legitgrams.com\/wp-content\/uploads\/2024\/09\/main-logo.png\",\"width\":270,\"height\":75,\"caption\":\"Legit Grams\"},\"image\":{\"@id\":\"https:\/\/legitgrams.com\/#\/schema\/logo\/image\/\"}}]}<\/script>\n<!-- \/ Yoast SEO plugin. -->","yoast_head_json":{"title":"AL-LAD 10mg zu verkaufen - AL-LAD 10mg Powder Online bestellen | LG","description":"Wenn Sie al-lad 10mg online kaufen m\u00f6chten, dann besuchen Sie unseren Online Shop LegitGrams. Wir haben hochwertige Produkte wie al-lad 10mg zum Verkauf. Bestellen Sie heute mit Best Deal auf AL-LAD 10mg!","robots":{"index":"index","follow":"follow","max-snippet":"max-snippet:-1","max-image-preview":"max-image-preview:large","max-video-preview":"max-video-preview:-1"},"canonical":"https:\/\/legitgrams.com\/de\/produkt\/al-lad-10-mg-pulver\/","og_locale":"de_DE","og_type":"article","og_title":"AL-LAD 10mg for sale - Order AL-LAD 10mg Powder Online | LG","og_description":"If you want to buy al-lad 10mg online, then visit our online store LegitGrams. We have high-quality products like al-lad 10mg for sale. Order Today with Best Deal on AL-LAD 10mg!","og_url":"https:\/\/legitgrams.com\/de\/produkt\/al-lad-10-mg-pulver\/","og_site_name":"Legit Grams","article_modified_time":"2025-01-13T09:14:14+00:00","og_image":[{"width":600,"height":600,"url":"https:\/\/legitgrams.com\/wp-content\/uploads\/2024\/09\/buy-pure-quality-al-lad-10-mg-powder-online.jpg","type":"image\/jpeg"}],"twitter_card":"summary_large_image","twitter_misc":{"Gesch\u00e4tzte Lesezeit":"2\u00a0Minuten"},"schema":{"@context":"https:\/\/schema.org","@graph":[{"@type":"WebPage","@id":"https:\/\/legitgrams.com\/product\/al-lad-10-mg-powder\/","url":"https:\/\/legitgrams.com\/product\/al-lad-10-mg-powder\/","name":"AL-LAD 10mg zu verkaufen - AL-LAD 10mg Powder Online bestellen | LG","isPartOf":{"@id":"https:\/\/legitgrams.com\/#website"},"primaryImageOfPage":{"@id":"https:\/\/legitgrams.com\/product\/al-lad-10-mg-powder\/#primaryimage"},"image":{"@id":"https:\/\/legitgrams.com\/product\/al-lad-10-mg-powder\/#primaryimage"},"thumbnailUrl":"https:\/\/legitgrams.com\/wp-content\/uploads\/2024\/09\/buy-pure-quality-al-lad-10-mg-powder-online.jpg","datePublished":"2024-09-22T06:00:25+00:00","dateModified":"2025-01-13T09:14:14+00:00","description":"Wenn Sie al-lad 10mg online kaufen m\u00f6chten, dann besuchen Sie unseren Online Shop LegitGrams. Wir haben hochwertige Produkte wie al-lad 10mg zum Verkauf. Bestellen Sie heute mit Best Deal auf AL-LAD 10mg!","breadcrumb":{"@id":"https:\/\/legitgrams.com\/product\/al-lad-10-mg-powder\/#breadcrumb"},"inLanguage":"de","potentialAction":[{"@type":"ReadAction","target":["https:\/\/legitgrams.com\/product\/al-lad-10-mg-powder\/"]}]},{"@type":"ImageObject","inLanguage":"de","@id":"https:\/\/legitgrams.com\/product\/al-lad-10-mg-powder\/#primaryimage","url":"https:\/\/legitgrams.com\/wp-content\/uploads\/2024\/09\/buy-pure-quality-al-lad-10-mg-powder-online.jpg","contentUrl":"https:\/\/legitgrams.com\/wp-content\/uploads\/2024\/09\/buy-pure-quality-al-lad-10-mg-powder-online.jpg","width":600,"height":600,"caption":"AL-LAD 10 mg powder for Sale"},{"@type":"BreadcrumbList","@id":"https:\/\/legitgrams.com\/product\/al-lad-10-mg-powder\/#breadcrumb","itemListElement":[{"@type":"ListItem","position":1,"name":"Home","item":"https:\/\/legitgrams.com\/"},{"@type":"ListItem","position":2,"name":"Shop","item":"https:\/\/legitgrams.com\/shop\/"},{"@type":"ListItem","position":3,"name":"AL-LAD 10 mg powder"}]},{"@type":"WebSite","@id":"https:\/\/legitgrams.com\/#website","url":"https:\/\/legitgrams.com\/","name":"Legitimer Grammwert","description":"Mein WordPress-Blog","publisher":{"@id":"https:\/\/legitgrams.com\/#organization"},"potentialAction":[{"@type":"SearchAction","target":{"@type":"EntryPoint","urlTemplate":"https:\/\/legitgrams.com\/?s={search_term_string}"},"query-input":{"@type":"PropertyValueSpecification","valueRequired":true,"valueName":"search_term_string"}}],"inLanguage":"de"},{"@type":"Organization","@id":"https:\/\/legitgrams.com\/#organization","name":"Legitimer Grammwert","url":"https:\/\/legitgrams.com\/","logo":{"@type":"ImageObject","inLanguage":"de","@id":"https:\/\/legitgrams.com\/#\/schema\/logo\/image\/","url":"https:\/\/legitgrams.com\/wp-content\/uploads\/2024\/09\/main-logo.png","contentUrl":"https:\/\/legitgrams.com\/wp-content\/uploads\/2024\/09\/main-logo.png","width":270,"height":75,"caption":"Legit Grams"},"image":{"@id":"https:\/\/legitgrams.com\/#\/schema\/logo\/image\/"}}]}},"uagb_featured_image_src":{"full":["https:\/\/legitgrams.com\/wp-content\/uploads\/2024\/09\/buy-pure-quality-al-lad-10-mg-powder-online.jpg",600,600,false],"thumbnail":["https:\/\/legitgrams.com\/wp-content\/uploads\/2024\/09\/buy-pure-quality-al-lad-10-mg-powder-online-150x150.jpg",150,150,true],"medium":["https:\/\/legitgrams.com\/wp-content\/uploads\/2024\/09\/buy-pure-quality-al-lad-10-mg-powder-online-300x300.jpg",300,300,true],"medium_large":["https:\/\/legitgrams.com\/wp-content\/uploads\/2024\/09\/buy-pure-quality-al-lad-10-mg-powder-online.jpg",600,600,false],"large":["https:\/\/legitgrams.com\/wp-content\/uploads\/2024\/09\/buy-pure-quality-al-lad-10-mg-powder-online.jpg",600,600,false],"1536x1536":["https:\/\/legitgrams.com\/wp-content\/uploads\/2024\/09\/buy-pure-quality-al-lad-10-mg-powder-online.jpg",600,600,false],"2048x2048":["https:\/\/legitgrams.com\/wp-content\/uploads\/2024\/09\/buy-pure-quality-al-lad-10-mg-powder-online.jpg",600,600,false],"trp-custom-language-flag":["https:\/\/legitgrams.com\/wp-content\/uploads\/2024\/09\/buy-pure-quality-al-lad-10-mg-powder-online-12x12.jpg",12,12,true],"woocommerce_thumbnail":["https:\/\/legitgrams.com\/wp-content\/uploads\/2024\/09\/buy-pure-quality-al-lad-10-mg-powder-online-300x300.jpg",300,300,true],"woocommerce_single":["https:\/\/legitgrams.com\/wp-content\/uploads\/2024\/09\/buy-pure-quality-al-lad-10-mg-powder-online.jpg",600,600,false],"woocommerce_gallery_thumbnail":["https:\/\/legitgrams.com\/wp-content\/uploads\/2024\/09\/buy-pure-quality-al-lad-10-mg-powder-online-100x100.jpg",100,100,true]},"uagb_author_info":{"display_name":"cokeblog18","author_link":"https:\/\/legitgrams.com\/de\/author\/"},"uagb_comment_info":0,"uagb_excerpt":"Sale of 10 mg powder of AL-LAD Get a 150 mg blocker of AL-LAD. Buy one hundred and fifty milligrams of AL-LAD. The first blotters were conceived and produced by a Japanese research team in the 1970s. widely known as a result of the book TiHKAL by Alexander Shulgin. Ever since AL-LAD was first made&hellip;","_links":{"self":[{"href":"https:\/\/legitgrams.com\/de\/wp-json\/wp\/v2\/product\/4198","targetHints":{"allow":["GET"]}}],"collection":[{"href":"https:\/\/legitgrams.com\/de\/wp-json\/wp\/v2\/product"}],"about":[{"href":"https:\/\/legitgrams.com\/de\/wp-json\/wp\/v2\/types\/product"}],"replies":[{"embeddable":true,"href":"https:\/\/legitgrams.com\/de\/wp-json\/wp\/v2\/comments?post=4198"}],"wp:featuredmedia":[{"embeddable":true,"href":"https:\/\/legitgrams.com\/de\/wp-json\/wp\/v2\/media\/5302"}],"wp:attachment":[{"href":"https:\/\/legitgrams.com\/de\/wp-json\/wp\/v2\/media?parent=4198"}],"wp:term":[{"taxonomy":"product_brand","embeddable":true,"href":"https:\/\/legitgrams.com\/de\/wp-json\/wp\/v2\/product_brand?post=4198"},{"taxonomy":"product_cat","embeddable":true,"href":"https:\/\/legitgrams.com\/de\/wp-json\/wp\/v2\/product_cat?post=4198"},{"taxonomy":"product_tag","embeddable":true,"href":"https:\/\/legitgrams.com\/de\/wp-json\/wp\/v2\/product_tag?post=4198"}],"curies":[{"name":"wp","href":"https:\/\/api.w.org\/{rel}","templated":true}]}}