{"id":4200,"date":"2024-09-22T05:48:26","date_gmt":"2024-09-22T05:48:26","guid":{"rendered":"https:\/\/legitgrams.com\/?post_type=product&#038;p=4200"},"modified":"2025-01-14T10:47:35","modified_gmt":"2025-01-14T10:47:35","slug":"psilocybe-cyanescens","status":"publish","type":"product","link":"https:\/\/legitgrams.com\/de\/produkt\/psilocybe-cyanescens\/","title":{"rendered":"Psilocybe Cyanescens"},"content":{"rendered":"<h2>Psilocybe Cyanescens online Kaufen<\/h2>\n<p>Der Pilz Psilocybe Azurescens, eine der 180 Arten der Gattung Psilocybe, gedeiht in einer Reihe von Umgebungen. Flying Saucers, Indigo Psilocybe, Azzies und Blue Angels sind einige weitere Namen f\u00fcr Psilocybe Azurscens.<\/p>\n<p>Forscher haben seit ihrer Entdeckung im Jahr 1979 viel \u00fcber diese Art geschrieben. So gab Paul Stamets der Art in seinem 1996 erschienenen Buch \u201ePsilocybin shrooms of the world\u201c den Namen Azurescens. Die azurblaue oder blaue Farbe des Pilzes l\u00e4sst sich grob mit \u201eAzurescens\u201c \u00fcbersetzen.<\/p>\n<p>Der Pilz enth\u00e4lt 1,8% Psilocybin, 0,5% Psilocin und 0,4% Baeocystin. Er ist die st\u00e4rkste Art in der Tryptaminsynthese. Diese Art hat zum Beispiel die dreifache Potenz von <a href=\"https:\/\/legitgrams.com\/de\/produkt\/psilocybe-cyanescens\/\">Psilocybe Cyanscens<\/a> und Psilocybe Cubensis kombiniert.<\/p>\n<p>Bei n\u00e4herer Betrachtung dieses Pilzes lassen sich einzigartige und ungew\u00f6hnliche Merkmale feststellen. Zu den Attributen geh\u00f6ren die folgenden:<\/p>\n<p>Sporen: Dieser Pilz hat zwei verschiedene Sporenfarben: dunkelviolett-braun und violett-schwarz. Sie unterscheiden sich von anderen Pilzen der gleichen Gattung durch ihre ellipsoide Form. <a href=\"https:\/\/legitgrams.com\/de\/\">LegitGrams<\/a><\/p>\n<p>Pileus: Die konische oder konvexe Form der Pilzkappen wird als Piloseus bezeichnet. Der Pileus hat einen braunen oder karamellfarbenen Farbton, wenn der Pilz noch jung ist. Der tiefe dunkle Bereich an der Stelle wird jedoch hellstrohig, bis er ganz eintrocknet, wenn die Pilze zu welken beginnen.<\/p>\n<p>Stiel: Der Stiel des Pilzes, der ein gebogenes Aussehen hat und an der Basis verdickt ist. Der Stiel sieht seidig wei\u00df aus und f\u00e4rbt sich aufgrund der hohen Indolkonzentration schlie\u00dflich blau-indigo.<\/p>\n<p>Lamellen: Diese zweistufigen Strukturen werden auch als Kiemen des Pilzes bezeichnet. Die Lamellen haben eine karamell- oder kastanienbraune Farbe, wenn sie frisch sind.<\/p>\n<h3>Beschreibung von Psilocybe Azurescens Magic Mushroom<\/h3>\n<p>Wie bereits erw\u00e4hnt, geh\u00f6rt Psilocybe Azeruscens zur Gattung Psilocybe, die 180 Arten umfasst. Die verschiedenen Arten entwickeln sich in verschiedenen Umgebungen mit unterschiedlichen Feuchtigkeitsgraden. Diese spezielle Art w\u00e4chst zum Beispiel gut im Freien.<\/p>\n<p>Um die volle Wirkung des Pilzes zu erzielen, ben\u00f6tigt man die hochwirksamen Biochemikalien Psilocybin, Baeocystin und Psilocin. Innerhalb dieser Gattung gibt es zwei weitere wertvolle Arten: Psilocybe Cubensis und <a href=\"https:\/\/en.wikipedia.org\/wiki\/Psilocybe_cyanescens\">Psilocybe Cyanescens<\/a>. Dieser Pilz ist im pazifischen Nordwesten der Vereinigten Staaten sehr beliebt.<\/p>\n<p>Wir k\u00f6nnen die Geschichte dieses Pilzes bis 1979 zur\u00fcckverfolgen, als die Pfadfinder aus Oregon ihn entdeckten. Sie entdeckten, dass diese Pilze psychotrop sind, nachdem sie sie genauer unter die Lupe genommen hatten. Paul Stamets nannte ihn sp\u00e4ter, 1996, Psilocybe Azurescens. Der blaue Farbton des Stiels war laut Stamets' Artikel das Thema von Azurescens. Manche behaupten, der Name sei von seinem Sohn inspiriert, der einen \u00e4hnlichen Namen trug.<\/p>\n<h3>Wirkungen von Psilocybe Azurescens-Pilzen<\/h3>\n<p>Psychoaktive Substanzen wie Psilocybin, Baeocystin und Psilocin sind in Azerolactus reichlich vorhanden. Die chemischen Bestandteile dieser Psilocybe-Art verleihen den Pilzen ihre halluzinogenen Eigenschaften. Die Taubheit der Gliedma\u00dfen ist ein Merkmal psychedelischer Wirkungen. Dennoch \u00fcberwiegen der Rausch und die Halluzinationen diese Wirkung. Der Verzehr von Pilzen kann dazu f\u00fchren, dass man sich eher bereit f\u00fchlt, mit anderen Menschen zu interagieren und an verschiedenen Aktivit\u00e4ten teilzunehmen.<\/p>\n<h3>Informationen zum Wachstum von Psilocybe Azurscens Magic Shroom<\/h3>\n<p>Aufgrund der F\u00fclle an verholztem Material ist P. Azurscens an den Ufern von Gew\u00e4ssern leichter zu finden als an anderen Orten. Auch D\u00fcnengras w\u00e4chst an den Ufern und bildet einen Teppich, auf dem die schwachen Pilze wachsen.<\/p>\n<p>Azurscens kann auch sehr niedrigen Temperaturen standhalten, was ihm hilft, in Gebieten mit strengen Wintern zu gedeihen. Au\u00dferdem k\u00f6nnen die Pilze auf etwas feuchtem Laubholz gedeihen. Diese Art ist h\u00e4ufig zwischen Brombeeren und in Dickichten zu finden.<\/p>\n<h3>Verwendung von Psilocybe Azurscens Pilz f\u00fcr die Medizin<\/h3>\n<p>Die hohe Psilocybin-Konzentration dieses Pilzes hat eine Reihe von therapeutischen Vorteilen. Die Auswirkungen des hohen Kopfes k\u00f6nnen bei der Behandlung von Angstst\u00f6rungen helfen. Die chemische Komponente hilft auch bei der Behandlung von Depressionen, Angstzust\u00e4nden, Aufmerksamkeitsdefizit-Hyperaktivit\u00e4tsst\u00f6rungen (ADHS) und Zwangsst\u00f6rungen (OCD).<\/p>\n<h3>Einzelpersonen<\/h3>\n<p>Personen, die mit Alkoholismus und Rauchsucht zu k\u00e4mpfen haben, k\u00f6nnten ebenfalls von der Einnahme von Pilzen als Behandlungsform f\u00fcr ihre Krankheiten profitieren. Psilocybin senkt das Verlangen nach Drogen, was Studien zufolge eine gro\u00dfartige Methode zur Behandlung von Abh\u00e4ngigkeiten ist. P. Azurscens wird von \u00c4rzten f\u00fcr Patienten mit Sprachst\u00f6rungen empfohlen, da es das soziale Selbstvertrauen st\u00e4rkt.<\/p>\n<h3>Nebenwirkungen von Psilocybe Azurscens Magic Mushrooms<\/h3>\n<p>Die Exposition gegen\u00fcber dem Zauberpilz P. Azurscens kann zu einer Vielzahl von negativen Auswirkungen f\u00fchren. Einige davon k\u00f6nnen t\u00f6dlich sein, auch wenn die meisten nur kurze Zeit anhalten. Die h\u00e4ufigsten unerw\u00fcnschten Wirkungen sind Magenverstimmungen, Brechanf\u00e4lle und Panikattacken. In schweren F\u00e4llen k\u00f6nnen erh\u00f6hter Blutdruck und Pulsschlag zu Herzinfarkten f\u00fchren.<\/p>\n<h3>Zusammengefasst<\/h3>\n<p>Azurscens k\u00f6nnte schon bald den Spitzenplatz einnehmen, wenn es um den erholsamen und therapeutischen Nutzen geht. Ihre Anpassungsf\u00e4higkeit und ihre geringen Wachstumsanforderungen machen sie sowohl f\u00fcr erfahrene als auch f\u00fcr unerfahrene Z\u00fcchter perfekt.<\/p>\n<p>Sie sind die beste Wahl, wenn Sie Hilfe bei der Bew\u00e4ltigung verschiedener psychischer Probleme und bei der \u00dcberwindung Ihrer Sucht ben\u00f6tigen. Anstatt Drogen zu nehmen, um high zu werden, sollten Sie sich f\u00fcr eine unkomplizierte, aber effiziente L\u00f6sung entscheiden. W\u00e4hrend Du die Vorteile dieses Pilzes genie\u00dft, solltest Du auf die Nebenwirkungen achten, die er mit sich bringt.<\/p>\n<p>Psilocybe Cyanescens: Online kaufen<\/p>\n<p>Zu verkaufen: Psilocybe Cyanescens<\/p>","protected":false},"excerpt":{"rendered":"<p>Purchase Online Psilocybe Cyanescens The Psilocybe Azurescens mushroom, one of the 180 species in the Psilocybe genus, thrives in a range of environments. Flying Saucers, Indigo Psilocybe, Azzies, and Blue Angels are some other names for Psilocybe Azurscens. Researchers have written a great deal about the discovery since it was first made in 1979. For &hellip;<\/p>\n<p class=\"read-more\"> <a class=\"\" href=\"https:\/\/legitgrams.com\/de\/produkt\/psilocybe-cyanescens\/\"> <span class=\"screen-reader-text\">Psilocybe Cyanescens<\/span> Mehr lesen \"<\/a><\/p>","protected":false},"featured_media":5245,"comment_status":"open","ping_status":"closed","template":"","meta":{"_uag_custom_page_level_css":"","site-sidebar-layout":"default","site-content-layout":"default","ast-global-header-display":"","ast-main-header-display":"","ast-hfb-above-header-display":"","ast-hfb-below-header-display":"","ast-hfb-mobile-header-display":"","site-post-title":"","ast-breadcrumbs-content":"","ast-featured-img":"","footer-sml-layout":"","theme-transparent-header-meta":"default","adv-header-id-meta":"","stick-header-meta":"default","header-above-stick-meta":"","header-main-stick-meta":"","header-below-stick-meta":"","_joinchat":[]},"product_brand":[],"product_cat":[599],"product_tag":[2118,2108,617,2100,2115,2112,2107,2105,2099,2102,2110,2101,2103,2113,2120,2121,2119,2111,2116,2117,2114,625,2106,2109,2104],"class_list":{"0":"post-4200","1":"product","2":"type-product","3":"status-publish","4":"has-post-thumbnail","6":"product_cat-psilocybin-or-magic-mushrooms","7":"product_tag-best-cheap-price-psilocybe-cyanescens","8":"product_tag-best-place-to-buy-psilocybe-cyanescens","9":"product_tag-bulk-online","10":"product_tag-buy-psilocybe-cyanescens","11":"product_tag-cheap-psilocybe-cyanescens","12":"product_tag-high-quality-psilocybe-cyanescens","13":"product_tag-how-to-buy-psilocybe-cyanescens","14":"product_tag-order-psilocybe-cyanescens","15":"product_tag-psilocybe-cyanescens","16":"product_tag-psilocybe-cyanescens-for-sale","17":"product_tag-psilocybe-cyanescens-legally","18":"product_tag-psilocybe-cyanescens-online","19":"product_tag-psilocybe-cyanescens-psilocybe-cyanescens-supplier","20":"product_tag-psilocybe-cyanescens-store","21":"product_tag-psilocybe-cyanescens-use","22":"product_tag-psilocybe-cyanescens-wiki","23":"product_tag-psilocybe-cyanescens-worldwide","24":"product_tag-psilocybe-cyanescensprice","25":"product_tag-psilocybe-cyanescenss","26":"product_tag-purcharse-psilocybe-cyanescens","27":"product_tag-shop-psilocybe-cyanescens","28":"product_tag-top-quality","29":"product_tag-where-to-buy-psilocybe-cyanescens","30":"product_tag-where-to-order-psilocybe-cyanescens","31":"product_tag-wholesale-psilocybe-cyanescens","32":"desktop-align-left","33":"tablet-align-left","34":"mobile-align-left","35":"ast-product-gallery-layout-horizontal","36":"ast-product-gallery-with-no-image","37":"ast-product-single-variable","38":"ast-product-tabs-layout-horizontal","39":"ast-qv-on-image","41":"first","42":"instock","43":"shipping-taxable","44":"purchasable","45":"product-type-variable"},"yoast_head":"<!-- This site is optimized with the Yoast SEO plugin v25.9 - https:\/\/yoast.com\/wordpress\/plugins\/seo\/ -->\n<title>Psilocybe Cyanescens for Sale - Buy Psilocybe Cyanescens Online<\/title>\n<meta name=\"description\" content=\"If you want to buy psilocybe cyanescens online and looking for a reliable online store, then buy here. We offer only high-quality psilocybe cyanescens for sale at an affordable price. Order Psilocybe Cyanescens Now!\" \/>\n<meta name=\"robots\" content=\"index, follow, max-snippet:-1, max-image-preview:large, max-video-preview:-1\" \/>\n<link rel=\"canonical\" href=\"https:\/\/legitgrams.com\/de\/produkt\/psilocybe-cyanescens\/\" \/>\n<meta property=\"og:locale\" content=\"de_DE\" \/>\n<meta property=\"og:type\" content=\"article\" \/>\n<meta property=\"og:title\" content=\"Psilocybe Cyanescens for Sale - Buy Psilocybe Cyanescens Online\" \/>\n<meta property=\"og:description\" content=\"If you want to buy psilocybe cyanescens online and looking for a reliable online store, then buy here. We offer only high-quality psilocybe cyanescens for sale at an affordable price. Order Psilocybe Cyanescens Now!\" \/>\n<meta property=\"og:url\" content=\"https:\/\/legitgrams.com\/de\/produkt\/psilocybe-cyanescens\/\" \/>\n<meta property=\"og:site_name\" content=\"Legit Grams\" \/>\n<meta property=\"article:modified_time\" content=\"2025-01-14T10:47:35+00:00\" \/>\n<meta property=\"og:image\" content=\"https:\/\/legitgrams.com\/wp-content\/uploads\/2024\/09\/psilocybe-cyanescenshome.jpg\" \/>\n\t<meta property=\"og:image:width\" content=\"430\" \/>\n\t<meta property=\"og:image:height\" content=\"430\" \/>\n\t<meta property=\"og:image:type\" content=\"image\/jpeg\" \/>\n<meta name=\"twitter:card\" content=\"summary_large_image\" \/>\n<meta name=\"twitter:label1\" content=\"Gesch\u00e4tzte Lesezeit\" \/>\n\t<meta name=\"twitter:data1\" content=\"4\u00a0Minuten\" \/>\n<script type=\"application\/ld+json\" class=\"yoast-schema-graph\">{\"@context\":\"https:\/\/schema.org\",\"@graph\":[{\"@type\":\"WebPage\",\"@id\":\"https:\/\/legitgrams.com\/product\/psilocybe-cyanescens\/\",\"url\":\"https:\/\/legitgrams.com\/product\/psilocybe-cyanescens\/\",\"name\":\"Psilocybe Cyanescens for Sale - Buy Psilocybe Cyanescens Online\",\"isPartOf\":{\"@id\":\"https:\/\/legitgrams.com\/#website\"},\"primaryImageOfPage\":{\"@id\":\"https:\/\/legitgrams.com\/product\/psilocybe-cyanescens\/#primaryimage\"},\"image\":{\"@id\":\"https:\/\/legitgrams.com\/product\/psilocybe-cyanescens\/#primaryimage\"},\"thumbnailUrl\":\"https:\/\/legitgrams.com\/wp-content\/uploads\/2024\/09\/psilocybe-cyanescenshome.jpg\",\"datePublished\":\"2024-09-22T05:48:26+00:00\",\"dateModified\":\"2025-01-14T10:47:35+00:00\",\"description\":\"If you want to buy psilocybe cyanescens online and looking for a reliable online store, then buy here. We offer only high-quality psilocybe cyanescens for sale at an affordable price. Order Psilocybe Cyanescens Now!\",\"breadcrumb\":{\"@id\":\"https:\/\/legitgrams.com\/product\/psilocybe-cyanescens\/#breadcrumb\"},\"inLanguage\":\"de\",\"potentialAction\":[{\"@type\":\"ReadAction\",\"target\":[\"https:\/\/legitgrams.com\/product\/psilocybe-cyanescens\/\"]}]},{\"@type\":\"ImageObject\",\"inLanguage\":\"de\",\"@id\":\"https:\/\/legitgrams.com\/product\/psilocybe-cyanescens\/#primaryimage\",\"url\":\"https:\/\/legitgrams.com\/wp-content\/uploads\/2024\/09\/psilocybe-cyanescenshome.jpg\",\"contentUrl\":\"https:\/\/legitgrams.com\/wp-content\/uploads\/2024\/09\/psilocybe-cyanescenshome.jpg\",\"width\":430,\"height\":430,\"caption\":\"Psilocybe Cyanescens for Sale\"},{\"@type\":\"BreadcrumbList\",\"@id\":\"https:\/\/legitgrams.com\/product\/psilocybe-cyanescens\/#breadcrumb\",\"itemListElement\":[{\"@type\":\"ListItem\",\"position\":1,\"name\":\"Home\",\"item\":\"https:\/\/legitgrams.com\/\"},{\"@type\":\"ListItem\",\"position\":2,\"name\":\"Shop\",\"item\":\"https:\/\/legitgrams.com\/shop\/\"},{\"@type\":\"ListItem\",\"position\":3,\"name\":\"Psilocybe Cyanescens\"}]},{\"@type\":\"WebSite\",\"@id\":\"https:\/\/legitgrams.com\/#website\",\"url\":\"https:\/\/legitgrams.com\/\",\"name\":\"Legit Grams\",\"description\":\"My WordPress Blog\",\"publisher\":{\"@id\":\"https:\/\/legitgrams.com\/#organization\"},\"potentialAction\":[{\"@type\":\"SearchAction\",\"target\":{\"@type\":\"EntryPoint\",\"urlTemplate\":\"https:\/\/legitgrams.com\/?s={search_term_string}\"},\"query-input\":{\"@type\":\"PropertyValueSpecification\",\"valueRequired\":true,\"valueName\":\"search_term_string\"}}],\"inLanguage\":\"de\"},{\"@type\":\"Organization\",\"@id\":\"https:\/\/legitgrams.com\/#organization\",\"name\":\"Legit Grams\",\"url\":\"https:\/\/legitgrams.com\/\",\"logo\":{\"@type\":\"ImageObject\",\"inLanguage\":\"de\",\"@id\":\"https:\/\/legitgrams.com\/#\/schema\/logo\/image\/\",\"url\":\"https:\/\/legitgrams.com\/wp-content\/uploads\/2024\/09\/main-logo.png\",\"contentUrl\":\"https:\/\/legitgrams.com\/wp-content\/uploads\/2024\/09\/main-logo.png\",\"width\":270,\"height\":75,\"caption\":\"Legit Grams\"},\"image\":{\"@id\":\"https:\/\/legitgrams.com\/#\/schema\/logo\/image\/\"}}]}<\/script>\n<!-- \/ Yoast SEO plugin. -->","yoast_head_json":{"title":"Psilocybe Cyanescens zu verkaufen - Psilocybe Cyanescens online kaufen","description":"Wenn Sie psilocybe cyanescens online kaufen m\u00f6chten und einen zuverl\u00e4ssigen Online Shop suchen, dann kaufen Sie hier. Wir bieten nur hochwertige Psilocybe Cyanescens zum Verkauf zu einem erschwinglichen Preis. Bestellen Sie Psilocybe Cyanescens jetzt!","robots":{"index":"index","follow":"follow","max-snippet":"max-snippet:-1","max-image-preview":"max-image-preview:large","max-video-preview":"max-video-preview:-1"},"canonical":"https:\/\/legitgrams.com\/de\/produkt\/psilocybe-cyanescens\/","og_locale":"de_DE","og_type":"article","og_title":"Psilocybe Cyanescens for Sale - Buy Psilocybe Cyanescens Online","og_description":"If you want to buy psilocybe cyanescens online and looking for a reliable online store, then buy here. We offer only high-quality psilocybe cyanescens for sale at an affordable price. Order Psilocybe Cyanescens Now!","og_url":"https:\/\/legitgrams.com\/de\/produkt\/psilocybe-cyanescens\/","og_site_name":"Legit Grams","article_modified_time":"2025-01-14T10:47:35+00:00","og_image":[{"width":430,"height":430,"url":"https:\/\/legitgrams.com\/wp-content\/uploads\/2024\/09\/psilocybe-cyanescenshome.jpg","type":"image\/jpeg"}],"twitter_card":"summary_large_image","twitter_misc":{"Gesch\u00e4tzte Lesezeit":"4\u00a0Minuten"},"schema":{"@context":"https:\/\/schema.org","@graph":[{"@type":"WebPage","@id":"https:\/\/legitgrams.com\/product\/psilocybe-cyanescens\/","url":"https:\/\/legitgrams.com\/product\/psilocybe-cyanescens\/","name":"Psilocybe Cyanescens zu verkaufen - Psilocybe Cyanescens online kaufen","isPartOf":{"@id":"https:\/\/legitgrams.com\/#website"},"primaryImageOfPage":{"@id":"https:\/\/legitgrams.com\/product\/psilocybe-cyanescens\/#primaryimage"},"image":{"@id":"https:\/\/legitgrams.com\/product\/psilocybe-cyanescens\/#primaryimage"},"thumbnailUrl":"https:\/\/legitgrams.com\/wp-content\/uploads\/2024\/09\/psilocybe-cyanescenshome.jpg","datePublished":"2024-09-22T05:48:26+00:00","dateModified":"2025-01-14T10:47:35+00:00","description":"Wenn Sie psilocybe cyanescens online kaufen m\u00f6chten und einen zuverl\u00e4ssigen Online Shop suchen, dann kaufen Sie hier. Wir bieten nur hochwertige Psilocybe Cyanescens zum Verkauf zu einem erschwinglichen Preis. Bestellen Sie Psilocybe Cyanescens jetzt!","breadcrumb":{"@id":"https:\/\/legitgrams.com\/product\/psilocybe-cyanescens\/#breadcrumb"},"inLanguage":"de","potentialAction":[{"@type":"ReadAction","target":["https:\/\/legitgrams.com\/product\/psilocybe-cyanescens\/"]}]},{"@type":"ImageObject","inLanguage":"de","@id":"https:\/\/legitgrams.com\/product\/psilocybe-cyanescens\/#primaryimage","url":"https:\/\/legitgrams.com\/wp-content\/uploads\/2024\/09\/psilocybe-cyanescenshome.jpg","contentUrl":"https:\/\/legitgrams.com\/wp-content\/uploads\/2024\/09\/psilocybe-cyanescenshome.jpg","width":430,"height":430,"caption":"Psilocybe Cyanescens for Sale"},{"@type":"BreadcrumbList","@id":"https:\/\/legitgrams.com\/product\/psilocybe-cyanescens\/#breadcrumb","itemListElement":[{"@type":"ListItem","position":1,"name":"Home","item":"https:\/\/legitgrams.com\/"},{"@type":"ListItem","position":2,"name":"Shop","item":"https:\/\/legitgrams.com\/shop\/"},{"@type":"ListItem","position":3,"name":"Psilocybe Cyanescens"}]},{"@type":"WebSite","@id":"https:\/\/legitgrams.com\/#website","url":"https:\/\/legitgrams.com\/","name":"Legitimer Grammwert","description":"Mein WordPress-Blog","publisher":{"@id":"https:\/\/legitgrams.com\/#organization"},"potentialAction":[{"@type":"SearchAction","target":{"@type":"EntryPoint","urlTemplate":"https:\/\/legitgrams.com\/?s={search_term_string}"},"query-input":{"@type":"PropertyValueSpecification","valueRequired":true,"valueName":"search_term_string"}}],"inLanguage":"de"},{"@type":"Organization","@id":"https:\/\/legitgrams.com\/#organization","name":"Legitimer Grammwert","url":"https:\/\/legitgrams.com\/","logo":{"@type":"ImageObject","inLanguage":"de","@id":"https:\/\/legitgrams.com\/#\/schema\/logo\/image\/","url":"https:\/\/legitgrams.com\/wp-content\/uploads\/2024\/09\/main-logo.png","contentUrl":"https:\/\/legitgrams.com\/wp-content\/uploads\/2024\/09\/main-logo.png","width":270,"height":75,"caption":"Legit Grams"},"image":{"@id":"https:\/\/legitgrams.com\/#\/schema\/logo\/image\/"}}]}},"uagb_featured_image_src":{"full":["https:\/\/legitgrams.com\/wp-content\/uploads\/2024\/09\/psilocybe-cyanescenshome.jpg",430,430,false],"thumbnail":["https:\/\/legitgrams.com\/wp-content\/uploads\/2024\/09\/psilocybe-cyanescenshome-150x150.jpg",150,150,true],"medium":["https:\/\/legitgrams.com\/wp-content\/uploads\/2024\/09\/psilocybe-cyanescenshome-300x300.jpg",300,300,true],"medium_large":["https:\/\/legitgrams.com\/wp-content\/uploads\/2024\/09\/psilocybe-cyanescenshome.jpg",430,430,false],"large":["https:\/\/legitgrams.com\/wp-content\/uploads\/2024\/09\/psilocybe-cyanescenshome.jpg",430,430,false],"1536x1536":["https:\/\/legitgrams.com\/wp-content\/uploads\/2024\/09\/psilocybe-cyanescenshome.jpg",430,430,false],"2048x2048":["https:\/\/legitgrams.com\/wp-content\/uploads\/2024\/09\/psilocybe-cyanescenshome.jpg",430,430,false],"trp-custom-language-flag":["https:\/\/legitgrams.com\/wp-content\/uploads\/2024\/09\/psilocybe-cyanescenshome-12x12.jpg",12,12,true],"woocommerce_thumbnail":["https:\/\/legitgrams.com\/wp-content\/uploads\/2024\/09\/psilocybe-cyanescenshome-300x300.jpg",300,300,true],"woocommerce_single":["https:\/\/legitgrams.com\/wp-content\/uploads\/2024\/09\/psilocybe-cyanescenshome.jpg",430,430,false],"woocommerce_gallery_thumbnail":["https:\/\/legitgrams.com\/wp-content\/uploads\/2024\/09\/psilocybe-cyanescenshome-100x100.jpg",100,100,true]},"uagb_author_info":{"display_name":"cokeblog18","author_link":"https:\/\/legitgrams.com\/de\/author\/"},"uagb_comment_info":0,"uagb_excerpt":"Purchase Online Psilocybe Cyanescens The Psilocybe Azurescens mushroom, one of the 180 species in the Psilocybe genus, thrives in a range of environments. Flying Saucers, Indigo Psilocybe, Azzies, and Blue Angels are some other names for Psilocybe Azurscens. Researchers have written a great deal about the discovery since it was first made in 1979. For&hellip;","_links":{"self":[{"href":"https:\/\/legitgrams.com\/de\/wp-json\/wp\/v2\/product\/4200","targetHints":{"allow":["GET"]}}],"collection":[{"href":"https:\/\/legitgrams.com\/de\/wp-json\/wp\/v2\/product"}],"about":[{"href":"https:\/\/legitgrams.com\/de\/wp-json\/wp\/v2\/types\/product"}],"replies":[{"embeddable":true,"href":"https:\/\/legitgrams.com\/de\/wp-json\/wp\/v2\/comments?post=4200"}],"wp:featuredmedia":[{"embeddable":true,"href":"https:\/\/legitgrams.com\/de\/wp-json\/wp\/v2\/media\/5245"}],"wp:attachment":[{"href":"https:\/\/legitgrams.com\/de\/wp-json\/wp\/v2\/media?parent=4200"}],"wp:term":[{"taxonomy":"product_brand","embeddable":true,"href":"https:\/\/legitgrams.com\/de\/wp-json\/wp\/v2\/product_brand?post=4200"},{"taxonomy":"product_cat","embeddable":true,"href":"https:\/\/legitgrams.com\/de\/wp-json\/wp\/v2\/product_cat?post=4200"},{"taxonomy":"product_tag","embeddable":true,"href":"https:\/\/legitgrams.com\/de\/wp-json\/wp\/v2\/product_tag?post=4200"}],"curies":[{"name":"wp","href":"https:\/\/api.w.org\/{rel}","templated":true}]}}