{"id":4211,"date":"2024-09-22T05:22:44","date_gmt":"2024-09-22T05:22:44","guid":{"rendered":"https:\/\/legitgrams.com\/?post_type=product&#038;p=4211"},"modified":"2025-04-03T12:30:56","modified_gmt":"2025-04-03T12:30:56","slug":"al-lad-blotters","status":"publish","type":"product","link":"https:\/\/legitgrams.com\/de\/produkt\/al-lad-blotters\/","title":{"rendered":"Kaufen Sie AL Lad Blotters online"},"content":{"rendered":"<h2>G\u00fcnstige Al Ld Blotters zu verkaufen<\/h2>\n<p>Holen Sie sich 150mcg Premium <a href=\"https:\/\/legitgrams.com\/de\/produkt\/al-lad-blotters\/\">AL-LAD L\u00f6schbl\u00e4tter<\/a> online zum reduzierten Preis.<\/p>\n<h3>AL-LAD: Was ist das?<\/h3>\n<p>6-Allyl-6-norLSD, auch bekannt als <a href=\"https:\/\/en.wikipedia.org\/wiki\/AL-LAD\">AL-LAD<\/a>ist eine psychedelische Droge, die Lysergs\u00e4urediethylamid (LSD) \u00e4hnelt. Als es 1976 erstmals synthetisiert wurde, erfreute es sich auf dem Markt f\u00fcr \u201eneue psychoaktive Substanzen\u201c und \u201eForschungschemikalien\u201c gro\u00dfer Beliebtheit als Heilmittel. <a href=\"https:\/\/www.bing.com\/search?q=KaufenSieALLadBlottersonline&amp;qs=n&amp;form=QBRE&amp;sp=-1&amp;lq=0&amp;pq=kaufensiealladblottersonline&amp;sc=0-33&amp;sk=&amp;cvid=63A404690F0D4CF6A8D478B8B0A4B4B1&amp;ghsh=0&amp;ghacc=0&amp;ghpl=\">AL-LAD<\/a> erzeugt einen psychoaktiven \u201eTrip\u201c, der einem LSD-Erlebnis verbl\u00fcffend \u00e4hnlich ist.<\/p>\n<p>AL-LAD wurde in Gro\u00dfbritannien und Irland als Freizeitdroge beliebt. In seinem 1997 erschienenen Buch TIHKAL (Tryptamine, die ich kannte und liebte) erw\u00e4hnte Alexander Shulgin es. Infolgedessen hat sich der Ruf der Droge international ausgeweitet. Heutzutage wird weltweit mit der Droge experimentiert, auch in den Vereinigten Staaten.<\/p>\n<p>Es ist unklar, was genau <a href=\"https:\/\/www.google.com\/search?q=Buy+AL+Lad+Blotters+Online&amp;num=10&amp;sca_esv=1a2a07081c7891bb&amp;rlz=1C1RXQR_enIN1098IN1098&amp;sxsrf=AHTn8zrQ09rbT77U3-bBTxxLn2TehM5CkA%3A1741410493205&amp;ei=vdDLZ7KSDKadseMPzIXs4AI&amp;ved=0ahUKEwjy5OvO2_mLAxWmTmwGHcwCGywQ4dUDCBI&amp;uact=5&amp;oq=Buy+AL+Lad+Blotters+Online&amp;gs_lp=Egxnd3Mtd2l6LXNlcnAiGkJ1eSBBTCBMYWQgQmxvdHRlcnMgT25saW5lMgUQIRigATIFECEYoAEyBRAhGKABSLoHUJQDWJQDcAJ4AJABAJgBwwGgAcMBqgEDMC4xuAEDyAEA-AEC-AEBmAIDoALVAcICDhAAGIAEGLADGIYDGIoFmAMAiAYBkAYBkgcFMi4wLjGgB-0C&amp;sclient=gws-wiz-serp\">AL-LAD\u2019s<\/a> Rechtsstatus. Die Bundesregierung der Vereinigten Staaten beabsichtigt nicht, es zu regulieren. Da es sich jedoch um ein Analogon zu LSD handelt, k\u00f6nnen Sie nach dem Federal Analogue Act strafrechtlich verfolgt werden, wenn Sie es verkaufen oder mit der Absicht besitzen, es an anderen anzuwenden. <a href=\"https:\/\/legitgrams.com\/de\/\">LegitGrams<\/a><\/p>\n<p>AL-LAD-Erfahrungen \u00e4hneln in vielerlei Hinsicht LSD-Trips. Benutzer verwenden h\u00e4ufig L\u00f6schbl\u00e4tter, um das Medikament oral einzunehmen. Infolgedessen treten die Wirkungen oft 20 bis 60 Minuten nach dem Konsum auf. Benutzer erleben:<\/p>\n<p>Gesteigerte Vitalit\u00e4t oder Erregung, Hochgef\u00fchle, Kribbeln oder Taubheitsgef\u00fchl in den Extremit\u00e4ten, erh\u00f6hte Wachsamkeit und visuelle Verzerrungen bzw. Illusionen.<\/p>\n<p>The use of <a href=\"https:\/\/duckduckgo.com\/?q=Kaufen+Sie+AL+Lad+Blotters+online&amp;t=h_&amp;ia=web\">AL-LAD<\/a> kann zu folgenden Nebenwirkungen f\u00fchren: Konzentrations- und Denkschw\u00e4che, erh\u00f6hter Herzschlag, Schwankungen der K\u00f6rpertemperatur beim Erbrechen, negative Denkmuster und Illusionen, Vasokonstriktion oder Verengung der Blutgef\u00e4\u00dfe, Krampfanf\u00e4lle<\/p>\n<p>LSD geh\u00f6rt zu den am besten erforschten Psychedelika. Dennoch war AL-LAD, obwohl es als \u201eForschungsmedikament\u201c bezeichnet wird, nicht Gegenstand vieler gr\u00fcndlicher wissenschaftlicher Untersuchungen. Dies deutet darauf hin, dass die Liste der kurzfristigen Auswirkungen nicht vollst\u00e4ndig sein kann. Dar\u00fcber hinaus wurden die langfristigen Folgen des Medikaments kaum oder gar nicht untersucht.<\/p>\n<p>Der Missbrauch von Halluzinogenen \u00fcber einen l\u00e4ngeren Zeitraum kann eine Reihe sch\u00e4dlicher Nebenwirkungen haben. Die Halluzinogen Persistent Perception Disorder (HPPD) ist eine Erkrankung, die pl\u00f6tzliche Flashbacks mit visuellen Verzerrungen oder Halluzinationen verursacht. Es wurde nachgewiesen, dass eine gro\u00dfe Anzahl von Halluzinogenkonsumenten, darunter auch solche, die DMT, LSD und Pilze konsumierten, an dieser chronischen Krankheit leiden.<\/p>\n<h3>Kaufen Sie preiswerte, hochwertige AL-LAD-L\u00f6schpapiere online<\/h3>\n<p>Holen Sie sich Premium AL-LAD-L\u00f6cher online zu einem reduzierten Preis \u2013 Kaufen Sie g\u00fcnstige L\u00f6cher, Premium AL-LAD-L\u00f6cher, Online AL-LAD-L\u00f6cher, Wo kann ich hochwertige AL-LAD-L\u00f6cher kaufen? Wo finde ich g\u00fcnstige AL-LAD-L\u00f6cher zum Verkauf? Wo kann ich hochwertige AL-LAD-L\u00f6cher online kaufen? Lieferanten, sicherer Versand und preisg\u00fcnstige Premium AL-LAD-L\u00f6cher zum Verkauf in den USA, Kanada und Gro\u00dfbritannien. Ist es legal, hochwertige AL-LAD-L\u00f6cher g\u00fcnstig in den Vereinigten Staaten zu kaufen? Wie kann ich hochwertige AL-LAD-L\u00f6cher g\u00fcnstig kaufen? Darf man sie in Kanada kaufen?<\/p>","protected":false},"excerpt":{"rendered":"<p>Cheap Al Ld Blotters for Sale Get 150mcg of premium AL-LAD blotters online at a discounted price. AL-LAD: What Is It? 6-allyl-6-norLSD, also known as AL-LAD, is a psychedelic drug that is similar to lysergic acid diethylamide (LSD). When it was first synthesized in 1976, it gained favor as a remedy in the markets for &hellip;<\/p>\n<p class=\"read-more\"> <a class=\"\" href=\"https:\/\/legitgrams.com\/de\/produkt\/al-lad-blotters\/\"> <span class=\"screen-reader-text\">Kaufen Sie AL Lad Blotters online<\/span> Mehr lesen \"<\/a><\/p>","protected":false},"featured_media":5186,"comment_status":"open","ping_status":"closed","template":"","meta":{"_uag_custom_page_level_css":"","site-sidebar-layout":"default","site-content-layout":"default","ast-global-header-display":"","ast-main-header-display":"","ast-hfb-above-header-display":"","ast-hfb-below-header-display":"","ast-hfb-mobile-header-display":"","site-post-title":"","ast-breadcrumbs-content":"","ast-featured-img":"","footer-sml-layout":"","theme-transparent-header-meta":"default","adv-header-id-meta":"","stick-header-meta":"default","header-above-stick-meta":"","header-main-stick-meta":"","header-below-stick-meta":"","_joinchat":[]},"product_brand":[],"product_cat":[595],"product_tag":[2214,2218,2217,2225,2216,2228,2235,2236,2234,2226,2231,2233,2223,617,2215,2230,2227,2222,2220,2232,2229,625,2221,2224,2219],"class_list":{"0":"post-4211","1":"product","2":"type-product","3":"status-publish","4":"has-post-thumbnail","6":"product_cat-psychedelic-drugs","7":"product_tag-al-lad-blotters","8":"product_tag-al-lad-blotters-al-lad-blotters-supplier","9":"product_tag-al-lad-blotters-for-sale","10":"product_tag-al-lad-blotters-legally","11":"product_tag-al-lad-blotters-online","12":"product_tag-al-lad-blotters-store","13":"product_tag-al-lad-blotters-use","14":"product_tag-al-lad-blotters-wiki","15":"product_tag-al-lad-blotters-worldwide","16":"product_tag-al-lad-blottersprice","17":"product_tag-al-lad-blotterss","18":"product_tag-best-cheap-price-al-lad-blotters","19":"product_tag-best-place-to-buy-al-lad-blotters","20":"product_tag-bulk-online","21":"product_tag-buy-al-lad-blotters","22":"product_tag-cheap-al-lad-blotters","23":"product_tag-high-quality-al-lad-blotters","24":"product_tag-how-to-buy-al-lad-blotters","25":"product_tag-order-al-lad-blotters","26":"product_tag-purcharse-al-lad-blotters","27":"product_tag-shop-al-lad-blotters","28":"product_tag-top-quality","29":"product_tag-where-to-buy-al-lad-blotters","30":"product_tag-where-to-order-al-lad-blotters","31":"product_tag-wholesale-al-lad-blotters","32":"desktop-align-left","33":"tablet-align-left","34":"mobile-align-left","35":"ast-product-gallery-layout-horizontal","36":"ast-product-gallery-with-no-image","37":"ast-product-single-variable","38":"ast-product-tabs-layout-horizontal","39":"ast-qv-on-image","41":"first","42":"instock","43":"shipping-taxable","44":"purchasable","45":"product-type-variable"},"yoast_head":"<!-- This site is optimized with the Yoast SEO plugin v25.9 - https:\/\/yoast.com\/wordpress\/plugins\/seo\/ -->\n<title>AL Lad Blotters for Sale - Buy AL Lad Blotters Online | LegitGrams<\/title>\n<meta name=\"description\" content=\"At our LegitGrams online store, we have AL Lad Blotters for sale. You can easily buy AL Lad Blotters online of top quality from us available at the best prices. Order now!\" \/>\n<meta name=\"robots\" content=\"index, follow, max-snippet:-1, max-image-preview:large, max-video-preview:-1\" \/>\n<link rel=\"canonical\" href=\"https:\/\/legitgrams.com\/de\/produkt\/al-lad-blotters\/\" \/>\n<meta property=\"og:locale\" content=\"de_DE\" \/>\n<meta property=\"og:type\" content=\"article\" \/>\n<meta property=\"og:title\" content=\"AL Lad Blotters for Sale - Buy AL Lad Blotters Online | LegitGrams\" \/>\n<meta property=\"og:description\" content=\"At our LegitGrams online store, we have AL Lad Blotters for sale. You can easily buy AL Lad Blotters online of top quality from us available at the best prices. Order now!\" \/>\n<meta property=\"og:url\" content=\"https:\/\/legitgrams.com\/de\/produkt\/al-lad-blotters\/\" \/>\n<meta property=\"og:site_name\" content=\"Legit Grams\" \/>\n<meta property=\"article:modified_time\" content=\"2025-04-03T12:30:56+00:00\" \/>\n<meta property=\"og:image\" content=\"https:\/\/legitgrams.com\/wp-content\/uploads\/2024\/09\/Buy-Quality-AL-LAD-blotters-Cheap-Online.jpg\" \/>\n\t<meta property=\"og:image:width\" content=\"600\" \/>\n\t<meta property=\"og:image:height\" content=\"600\" \/>\n\t<meta property=\"og:image:type\" content=\"image\/jpeg\" \/>\n<meta name=\"twitter:card\" content=\"summary_large_image\" \/>\n<meta name=\"twitter:label1\" content=\"Gesch\u00e4tzte Lesezeit\" \/>\n\t<meta name=\"twitter:data1\" content=\"3\u00a0Minuten\" \/>\n<script type=\"application\/ld+json\" class=\"yoast-schema-graph\">{\"@context\":\"https:\/\/schema.org\",\"@graph\":[{\"@type\":\"WebPage\",\"@id\":\"https:\/\/legitgrams.com\/product\/al-lad-blotters\/\",\"url\":\"https:\/\/legitgrams.com\/product\/al-lad-blotters\/\",\"name\":\"AL Lad Blotters for Sale - Buy AL Lad Blotters Online | LegitGrams\",\"isPartOf\":{\"@id\":\"https:\/\/legitgrams.com\/#website\"},\"primaryImageOfPage\":{\"@id\":\"https:\/\/legitgrams.com\/product\/al-lad-blotters\/#primaryimage\"},\"image\":{\"@id\":\"https:\/\/legitgrams.com\/product\/al-lad-blotters\/#primaryimage\"},\"thumbnailUrl\":\"https:\/\/legitgrams.com\/wp-content\/uploads\/2024\/09\/Buy-Quality-AL-LAD-blotters-Cheap-Online.jpg\",\"datePublished\":\"2024-09-22T05:22:44+00:00\",\"dateModified\":\"2025-04-03T12:30:56+00:00\",\"description\":\"At our LegitGrams online store, we have AL Lad Blotters for sale. You can easily buy AL Lad Blotters online of top quality from us available at the best prices. Order now!\",\"breadcrumb\":{\"@id\":\"https:\/\/legitgrams.com\/product\/al-lad-blotters\/#breadcrumb\"},\"inLanguage\":\"de\",\"potentialAction\":[{\"@type\":\"ReadAction\",\"target\":[\"https:\/\/legitgrams.com\/product\/al-lad-blotters\/\"]}]},{\"@type\":\"ImageObject\",\"inLanguage\":\"de\",\"@id\":\"https:\/\/legitgrams.com\/product\/al-lad-blotters\/#primaryimage\",\"url\":\"https:\/\/legitgrams.com\/wp-content\/uploads\/2024\/09\/Buy-Quality-AL-LAD-blotters-Cheap-Online.jpg\",\"contentUrl\":\"https:\/\/legitgrams.com\/wp-content\/uploads\/2024\/09\/Buy-Quality-AL-LAD-blotters-Cheap-Online.jpg\",\"width\":600,\"height\":600,\"caption\":\"Al Ld Blotters Cheap for Sale\"},{\"@type\":\"BreadcrumbList\",\"@id\":\"https:\/\/legitgrams.com\/product\/al-lad-blotters\/#breadcrumb\",\"itemListElement\":[{\"@type\":\"ListItem\",\"position\":1,\"name\":\"Home\",\"item\":\"https:\/\/legitgrams.com\/\"},{\"@type\":\"ListItem\",\"position\":2,\"name\":\"Shop\",\"item\":\"https:\/\/legitgrams.com\/shop\/\"},{\"@type\":\"ListItem\",\"position\":3,\"name\":\"Buy AL Lad Blotters Online\"}]},{\"@type\":\"WebSite\",\"@id\":\"https:\/\/legitgrams.com\/#website\",\"url\":\"https:\/\/legitgrams.com\/\",\"name\":\"Legit Grams\",\"description\":\"My WordPress Blog\",\"publisher\":{\"@id\":\"https:\/\/legitgrams.com\/#organization\"},\"potentialAction\":[{\"@type\":\"SearchAction\",\"target\":{\"@type\":\"EntryPoint\",\"urlTemplate\":\"https:\/\/legitgrams.com\/?s={search_term_string}\"},\"query-input\":{\"@type\":\"PropertyValueSpecification\",\"valueRequired\":true,\"valueName\":\"search_term_string\"}}],\"inLanguage\":\"de\"},{\"@type\":\"Organization\",\"@id\":\"https:\/\/legitgrams.com\/#organization\",\"name\":\"Legit Grams\",\"url\":\"https:\/\/legitgrams.com\/\",\"logo\":{\"@type\":\"ImageObject\",\"inLanguage\":\"de\",\"@id\":\"https:\/\/legitgrams.com\/#\/schema\/logo\/image\/\",\"url\":\"https:\/\/legitgrams.com\/wp-content\/uploads\/2024\/09\/main-logo.png\",\"contentUrl\":\"https:\/\/legitgrams.com\/wp-content\/uploads\/2024\/09\/main-logo.png\",\"width\":270,\"height\":75,\"caption\":\"Legit Grams\"},\"image\":{\"@id\":\"https:\/\/legitgrams.com\/#\/schema\/logo\/image\/\"}}]}<\/script>\n<!-- \/ Yoast SEO plugin. -->","yoast_head_json":{"title":"AL Lad Blotters for Sale - AL Lad Blotters Online kaufen | LegitGrams","description":"In unserem LegitGrams Online Shop haben wir AL Lad Blotters zum Verkauf. Sie k\u00f6nnen ganz einfach AL Lad Blotters online von h\u00f6chster Qualit\u00e4t bei uns zu den besten Preisen kaufen. Bestellen Sie jetzt!","robots":{"index":"index","follow":"follow","max-snippet":"max-snippet:-1","max-image-preview":"max-image-preview:large","max-video-preview":"max-video-preview:-1"},"canonical":"https:\/\/legitgrams.com\/de\/produkt\/al-lad-blotters\/","og_locale":"de_DE","og_type":"article","og_title":"AL Lad Blotters for Sale - Buy AL Lad Blotters Online | LegitGrams","og_description":"At our LegitGrams online store, we have AL Lad Blotters for sale. You can easily buy AL Lad Blotters online of top quality from us available at the best prices. Order now!","og_url":"https:\/\/legitgrams.com\/de\/produkt\/al-lad-blotters\/","og_site_name":"Legit Grams","article_modified_time":"2025-04-03T12:30:56+00:00","og_image":[{"width":600,"height":600,"url":"https:\/\/legitgrams.com\/wp-content\/uploads\/2024\/09\/Buy-Quality-AL-LAD-blotters-Cheap-Online.jpg","type":"image\/jpeg"}],"twitter_card":"summary_large_image","twitter_misc":{"Gesch\u00e4tzte Lesezeit":"3\u00a0Minuten"},"schema":{"@context":"https:\/\/schema.org","@graph":[{"@type":"WebPage","@id":"https:\/\/legitgrams.com\/product\/al-lad-blotters\/","url":"https:\/\/legitgrams.com\/product\/al-lad-blotters\/","name":"AL Lad Blotters for Sale - AL Lad Blotters Online kaufen | LegitGrams","isPartOf":{"@id":"https:\/\/legitgrams.com\/#website"},"primaryImageOfPage":{"@id":"https:\/\/legitgrams.com\/product\/al-lad-blotters\/#primaryimage"},"image":{"@id":"https:\/\/legitgrams.com\/product\/al-lad-blotters\/#primaryimage"},"thumbnailUrl":"https:\/\/legitgrams.com\/wp-content\/uploads\/2024\/09\/Buy-Quality-AL-LAD-blotters-Cheap-Online.jpg","datePublished":"2024-09-22T05:22:44+00:00","dateModified":"2025-04-03T12:30:56+00:00","description":"In unserem LegitGrams Online Shop haben wir AL Lad Blotters zum Verkauf. Sie k\u00f6nnen ganz einfach AL Lad Blotters online von h\u00f6chster Qualit\u00e4t bei uns zu den besten Preisen kaufen. Bestellen Sie jetzt!","breadcrumb":{"@id":"https:\/\/legitgrams.com\/product\/al-lad-blotters\/#breadcrumb"},"inLanguage":"de","potentialAction":[{"@type":"ReadAction","target":["https:\/\/legitgrams.com\/product\/al-lad-blotters\/"]}]},{"@type":"ImageObject","inLanguage":"de","@id":"https:\/\/legitgrams.com\/product\/al-lad-blotters\/#primaryimage","url":"https:\/\/legitgrams.com\/wp-content\/uploads\/2024\/09\/Buy-Quality-AL-LAD-blotters-Cheap-Online.jpg","contentUrl":"https:\/\/legitgrams.com\/wp-content\/uploads\/2024\/09\/Buy-Quality-AL-LAD-blotters-Cheap-Online.jpg","width":600,"height":600,"caption":"Al Ld Blotters Cheap for Sale"},{"@type":"BreadcrumbList","@id":"https:\/\/legitgrams.com\/product\/al-lad-blotters\/#breadcrumb","itemListElement":[{"@type":"ListItem","position":1,"name":"Home","item":"https:\/\/legitgrams.com\/"},{"@type":"ListItem","position":2,"name":"Shop","item":"https:\/\/legitgrams.com\/shop\/"},{"@type":"ListItem","position":3,"name":"Buy AL Lad Blotters Online"}]},{"@type":"WebSite","@id":"https:\/\/legitgrams.com\/#website","url":"https:\/\/legitgrams.com\/","name":"Legitimer Grammwert","description":"Mein WordPress-Blog","publisher":{"@id":"https:\/\/legitgrams.com\/#organization"},"potentialAction":[{"@type":"SearchAction","target":{"@type":"EntryPoint","urlTemplate":"https:\/\/legitgrams.com\/?s={search_term_string}"},"query-input":{"@type":"PropertyValueSpecification","valueRequired":true,"valueName":"search_term_string"}}],"inLanguage":"de"},{"@type":"Organization","@id":"https:\/\/legitgrams.com\/#organization","name":"Legitimer Grammwert","url":"https:\/\/legitgrams.com\/","logo":{"@type":"ImageObject","inLanguage":"de","@id":"https:\/\/legitgrams.com\/#\/schema\/logo\/image\/","url":"https:\/\/legitgrams.com\/wp-content\/uploads\/2024\/09\/main-logo.png","contentUrl":"https:\/\/legitgrams.com\/wp-content\/uploads\/2024\/09\/main-logo.png","width":270,"height":75,"caption":"Legit Grams"},"image":{"@id":"https:\/\/legitgrams.com\/#\/schema\/logo\/image\/"}}]}},"uagb_featured_image_src":{"full":["https:\/\/legitgrams.com\/wp-content\/uploads\/2024\/09\/Buy-Quality-AL-LAD-blotters-Cheap-Online.jpg",600,600,false],"thumbnail":["https:\/\/legitgrams.com\/wp-content\/uploads\/2024\/09\/Buy-Quality-AL-LAD-blotters-Cheap-Online-150x150.jpg",150,150,true],"medium":["https:\/\/legitgrams.com\/wp-content\/uploads\/2024\/09\/Buy-Quality-AL-LAD-blotters-Cheap-Online-300x300.jpg",300,300,true],"medium_large":["https:\/\/legitgrams.com\/wp-content\/uploads\/2024\/09\/Buy-Quality-AL-LAD-blotters-Cheap-Online.jpg",600,600,false],"large":["https:\/\/legitgrams.com\/wp-content\/uploads\/2024\/09\/Buy-Quality-AL-LAD-blotters-Cheap-Online.jpg",600,600,false],"1536x1536":["https:\/\/legitgrams.com\/wp-content\/uploads\/2024\/09\/Buy-Quality-AL-LAD-blotters-Cheap-Online.jpg",600,600,false],"2048x2048":["https:\/\/legitgrams.com\/wp-content\/uploads\/2024\/09\/Buy-Quality-AL-LAD-blotters-Cheap-Online.jpg",600,600,false],"trp-custom-language-flag":["https:\/\/legitgrams.com\/wp-content\/uploads\/2024\/09\/Buy-Quality-AL-LAD-blotters-Cheap-Online-12x12.jpg",12,12,true],"woocommerce_thumbnail":["https:\/\/legitgrams.com\/wp-content\/uploads\/2024\/09\/Buy-Quality-AL-LAD-blotters-Cheap-Online-300x300.jpg",300,300,true],"woocommerce_single":["https:\/\/legitgrams.com\/wp-content\/uploads\/2024\/09\/Buy-Quality-AL-LAD-blotters-Cheap-Online.jpg",600,600,false],"woocommerce_gallery_thumbnail":["https:\/\/legitgrams.com\/wp-content\/uploads\/2024\/09\/Buy-Quality-AL-LAD-blotters-Cheap-Online-100x100.jpg",100,100,true]},"uagb_author_info":{"display_name":"cokeblog18","author_link":"https:\/\/legitgrams.com\/de\/author\/"},"uagb_comment_info":0,"uagb_excerpt":"Cheap Al Ld Blotters for Sale Get 150mcg of premium AL-LAD blotters online at a discounted price. AL-LAD: What Is It? 6-allyl-6-norLSD, also known as AL-LAD, is a psychedelic drug that is similar to lysergic acid diethylamide (LSD). When it was first synthesized in 1976, it gained favor as a remedy in the markets for&hellip;","_links":{"self":[{"href":"https:\/\/legitgrams.com\/de\/wp-json\/wp\/v2\/product\/4211","targetHints":{"allow":["GET"]}}],"collection":[{"href":"https:\/\/legitgrams.com\/de\/wp-json\/wp\/v2\/product"}],"about":[{"href":"https:\/\/legitgrams.com\/de\/wp-json\/wp\/v2\/types\/product"}],"replies":[{"embeddable":true,"href":"https:\/\/legitgrams.com\/de\/wp-json\/wp\/v2\/comments?post=4211"}],"wp:featuredmedia":[{"embeddable":true,"href":"https:\/\/legitgrams.com\/de\/wp-json\/wp\/v2\/media\/5186"}],"wp:attachment":[{"href":"https:\/\/legitgrams.com\/de\/wp-json\/wp\/v2\/media?parent=4211"}],"wp:term":[{"taxonomy":"product_brand","embeddable":true,"href":"https:\/\/legitgrams.com\/de\/wp-json\/wp\/v2\/product_brand?post=4211"},{"taxonomy":"product_cat","embeddable":true,"href":"https:\/\/legitgrams.com\/de\/wp-json\/wp\/v2\/product_cat?post=4211"},{"taxonomy":"product_tag","embeddable":true,"href":"https:\/\/legitgrams.com\/de\/wp-json\/wp\/v2\/product_tag?post=4211"}],"curies":[{"name":"wp","href":"https:\/\/api.w.org\/{rel}","templated":true}]}}