{"id":4213,"date":"2024-09-22T05:40:13","date_gmt":"2024-09-22T05:40:13","guid":{"rendered":"https:\/\/legitgrams.com\/?post_type=product&#038;p=4213"},"modified":"2026-01-08T15:18:32","modified_gmt":"2026-01-08T15:18:32","slug":"crystal-meth-pillen","status":"publish","type":"product","link":"https:\/\/legitgrams.com\/de\/produkt\/crystal-meth-pillen\/","title":{"rendered":"Kristall-Meth-Pillen"},"content":{"rendered":"<h2>Crystal Meth-Pillen online zu verkaufen<\/h2>\n<p><a href=\"https:\/\/legitgrams.com\/de\/produkt\/crystal-meth-pillen\/\">Crystal Meth<\/a> ist ein Stimulans, das direkt auf das zentrale Nervensystem des menschlichen Gehirns einwirkt. Es ist eine stark s\u00fcchtig machende Droge mit mehreren positiven Anwendungen. Dieses Stimulans steht auf der Liste der synthetischen Stimulanzien.<\/p>\n<p>W\u00e4hrend des Zweiten Weltkriegs wurde das erste Crystal Meth-Medikament zur Unterst\u00fctzung des Milit\u00e4rs entwickelt. Es wurde damals verwendet, um die Soldaten wach zu halten und die durch die Kugeln verursachten Schmerzen zu lindern. Dennoch wird es heute h\u00e4ufig verwendet und ist weltweit bekannt. Je nachdem, was der K\u00f6rper braucht, rauchen, schnarchen oder spritzen die Menschen es direkt.<\/p>\n<h3>Crystal Meth vs. Methamphetamin<\/h3>\n<p>Einer der zahlreichen Vorteile von Crystal Meth ist, dass es jemandem die Stimmung heben kann, wenn er sich aufgrund seiner Probleme niedergeschlagen f\u00fchlt. Aufgrund dieser Eigenschaft erfreut es sich in Clubs und Tanzbars zunehmender Beliebtheit, wo es von Kunden zum Entspannen verwendet wird.<\/p>\n<p>Das zentrale Nervensystem wird durch Crystal Meth stimuliert, wodurch das Gehirn sich eine gl\u00fcckliche, typische Umgebung vorstellen kann, in der es gedeihen kann. Dies erkl\u00e4rt, warum es oft als Partydroge bezeichnet wird. <a href=\"https:\/\/legitgrams.com\/de\/\">LegitGrams<\/a><\/p>\n<p>Der Benutzer dieser Prodroge ist au\u00dferdem sehr zuversichtlich, dass er unter allen Umst\u00e4nden \u00fcberleben kann. Es wird auch von Menschen verwendet, die hohe Berge bestiegen haben, um ihr Energieniveau zu steigern. Dar\u00fcber hinaus erm\u00f6glicht Crystal Meth ihnen, unter solch gef\u00e4hrlichen Bedingungen zu \u00fcberleben.<\/p>\n<p><strong>Einnahme von Crystal Meth zu medizinischen Zwecken<\/strong><\/p>\n<p>Neben dem Eigengebrauch von Crystal Meth kommt es auch zu \u00e4rztlicher Verwendung. Die \u00c4rzte verschreiben die mit Crystal Meth hergestellten Medikamente.<\/p>\n<p>beim Umgang mit Menschen, die depressiv sind und schnelle Linderung brauchen. Menschen berichten, dass sie sich nach der Anwendung unglaublich entspannt und energiegeladen f\u00fchlen.<\/p>\n<p>Dennoch ist es eine sehr n\u00fctzliche Prodroge f\u00fcr den Menschen. Der \u00fcberm\u00e4\u00dfige oder unkontrollierte Konsum von Crystal Meth hat jedoch eine Reihe von Nachteilen. Aufgrund seiner langfristigen Auswirkungen auf den menschlichen K\u00f6rper sollte Crystal Meth nur selten konsumiert werden.<\/p>\n<p>Wir bieten Crystal Meth zu unglaublich g\u00fcnstigen Preisen in unserem Online-Shop an und liefern die Produkte schnell direkt zu Ihnen nach Hause.<\/p>\n<p>Crystal Meth online kaufen und erhalten Sie g\u00fcnstiges Ice Meth.<\/p>\n<p>Ottieni metanfetamina a basso costo qui. Puoi leggere le nostre recensioni online su, e molte persone ci hanno dato la loro approvazione. venditori di spicco. La maggior parte dei nostri clienti \u00e8 soddisfatta. Forniamo altri narcotici come eroina e cocaina oltre alla metanfetamina in vendita online. La metanfetamina \u00e8 solitamente commercializzata come una polvere bianca e cristallina che si dissolve rapidamente in acqua o alcol, non ha sapore e non ha odore.<\/p>\n<p>Nebenwirkungen von Crystal Meth?<\/p>\n<p>Zu den Nebenwirkungen von Crystal Meth z\u00e4hlen Appetitlosigkeit, erh\u00f6hte K\u00f6rpertemperatur, erh\u00f6hter Blutdruck, Puls und Pupillenerweiterung, unregelm\u00e4\u00dfiger Schlafrhythmus, Erbrechen, seltsames, unberechenbares und manchmal gewaltt\u00e4tiges Verhalten, \u00dcbererregbarkeit, Reizbarkeit, Halluzinationen, Angst und Wahnsinn. \u00dcberm\u00e4\u00dfige Dosierungen k\u00f6nnen zu Krampfanf\u00e4llen, Kr\u00e4mpfen oder sogar zum Tod f\u00fchren.<\/p>\n<p>Kaufen <a href=\"https:\/\/en.wikipedia.org\/wiki\/Methamphetamine\">Crystal Meth<\/a> Online \u2013 Crystal kaufen, Crystal Meth online kaufen, Crystal-Pillen online kaufen, Wo kann man Crystal-Meth-Pillen kaufen: Online, Lieferanten, sichere Lieferung, USA, Kanada, Gro\u00dfbritannien zum Verkauf, wo man Crystal-Meth-Pillen online bekommt, Pillen zum Verkauf und Pillen zum Kauf. Crystal-Meth-Pillen sind immer noch erh\u00e4ltlich. Sie k\u00f6nnen feststellen, ob sie in Kanada legal sind, wie Sie eine Internetbestellung aufgeben und ob sie in den Vereinigten Staaten legal sind.<\/p>","protected":false},"excerpt":{"rendered":"<p>Crystal Meth Pills for Sale Online Crystal meth is a stimulant that directly impacts the central nervous system of the human brain. It is a highly addictive drug that has several positive applications. This stimulant is in the list of synthetic stimulants. During World War II, the first crystal meth drug was developed to support &hellip;<\/p>\n<p class=\"read-more\"> <a class=\"\" href=\"https:\/\/legitgrams.com\/de\/produkt\/crystal-meth-pillen\/\"> <span class=\"screen-reader-text\">Kristall-Meth-Pillen<\/span> Mehr lesen \"<\/a><\/p>","protected":false},"featured_media":5181,"comment_status":"open","ping_status":"closed","template":"","meta":{"_uag_custom_page_level_css":"","site-sidebar-layout":"default","site-content-layout":"default","ast-global-header-display":"","ast-main-header-display":"","ast-hfb-above-header-display":"","ast-hfb-below-header-display":"","ast-hfb-mobile-header-display":"","site-post-title":"","ast-breadcrumbs-content":"","ast-featured-img":"","footer-sml-layout":"","theme-transparent-header-meta":"default","adv-header-id-meta":"","stick-header-meta":"default","header-above-stick-meta":"","header-main-stick-meta":"","header-below-stick-meta":"","_joinchat":[]},"product_brand":[],"product_cat":[595],"product_tag":[2187,2177,617,2169,2184,2168,2172,2171,2179,2170,2182,2189,2190,2188,2180,2185,2181,2176,2174,2186,2183,625,2175,2178,2173],"class_list":{"0":"post-4213","1":"product","2":"type-product","3":"status-publish","4":"has-post-thumbnail","6":"product_cat-psychedelic-drugs","7":"product_tag-best-cheap-price-crystal-meth-pills","8":"product_tag-best-place-to-buy-crystal-meth-pills","9":"product_tag-bulk-online","10":"product_tag-buy-crystal-meth-pills","11":"product_tag-cheap-crystal-meth-pills","12":"product_tag-crystal-meth-pills","13":"product_tag-crystal-meth-pills-crystal-meth-pills-supplier","14":"product_tag-crystal-meth-pills-for-sale","15":"product_tag-crystal-meth-pills-legally","16":"product_tag-crystal-meth-pills-online","17":"product_tag-crystal-meth-pills-store","18":"product_tag-crystal-meth-pills-use","19":"product_tag-crystal-meth-pills-wiki","20":"product_tag-crystal-meth-pills-worldwide","21":"product_tag-crystal-meth-pillsprice","22":"product_tag-crystal-meth-pillss","23":"product_tag-high-quality-crystal-meth-pills","24":"product_tag-how-to-buy-crystal-meth-pills","25":"product_tag-order-crystal-meth-pills","26":"product_tag-purcharse-crystal-meth-pills","27":"product_tag-shop-crystal-meth-pills","28":"product_tag-top-quality","29":"product_tag-where-to-buy-crystal-meth-pills","30":"product_tag-where-to-order-crystal-meth-pills","31":"product_tag-wholesale-crystal-meth-pills","32":"desktop-align-left","33":"tablet-align-left","34":"mobile-align-left","35":"ast-product-gallery-layout-horizontal","36":"ast-product-gallery-with-no-image","37":"ast-product-single-variable","38":"ast-product-tabs-layout-horizontal","39":"ast-qv-on-image","41":"first","42":"instock","43":"shipping-taxable","44":"purchasable","45":"product-type-variable"},"yoast_head":"<!-- This site is optimized with the Yoast SEO plugin v25.9 - https:\/\/yoast.com\/wordpress\/plugins\/seo\/ -->\n<title>Crystal Meth Pills for Sale - Buy Crystal Meth Pills Online<\/title>\n<meta name=\"description\" content=\"Your requirement to buy Crystal Meth Pills online can be fulfilled at our online store as we have Crystal Meth Pills for sale here. Place your order and get affordable deals every day. Order Now!\" \/>\n<meta name=\"robots\" content=\"index, follow, max-snippet:-1, max-image-preview:large, max-video-preview:-1\" \/>\n<link rel=\"canonical\" href=\"https:\/\/legitgrams.com\/de\/produkt\/crystal-meth-pillen\/\" \/>\n<meta property=\"og:locale\" content=\"de_DE\" \/>\n<meta property=\"og:type\" content=\"article\" \/>\n<meta property=\"og:title\" content=\"Crystal Meth Pills for Sale - Buy Crystal Meth Pills Online\" \/>\n<meta property=\"og:description\" content=\"Your requirement to buy Crystal Meth Pills online can be fulfilled at our online store as we have Crystal Meth Pills for sale here. Place your order and get affordable deals every day. Order Now!\" \/>\n<meta property=\"og:url\" content=\"https:\/\/legitgrams.com\/de\/produkt\/crystal-meth-pillen\/\" \/>\n<meta property=\"og:site_name\" content=\"Legit Grams\" \/>\n<meta property=\"article:modified_time\" content=\"2026-01-08T15:18:32+00:00\" \/>\n<meta property=\"og:image\" content=\"https:\/\/legitgrams.com\/wp-content\/uploads\/2024\/09\/crystal-meth-online.jpg\" \/>\n\t<meta property=\"og:image:width\" content=\"600\" \/>\n\t<meta property=\"og:image:height\" content=\"600\" \/>\n\t<meta property=\"og:image:type\" content=\"image\/jpeg\" \/>\n<meta name=\"twitter:card\" content=\"summary_large_image\" \/>\n<meta name=\"twitter:label1\" content=\"Gesch\u00e4tzte Lesezeit\" \/>\n\t<meta name=\"twitter:data1\" content=\"3\u00a0Minuten\" \/>\n<script type=\"application\/ld+json\" class=\"yoast-schema-graph\">{\"@context\":\"https:\/\/schema.org\",\"@graph\":[{\"@type\":\"WebPage\",\"@id\":\"https:\/\/legitgrams.com\/product\/crystal-meth-pills\/\",\"url\":\"https:\/\/legitgrams.com\/product\/crystal-meth-pills\/\",\"name\":\"Crystal Meth Pills for Sale - Buy Crystal Meth Pills Online\",\"isPartOf\":{\"@id\":\"https:\/\/legitgrams.com\/#website\"},\"primaryImageOfPage\":{\"@id\":\"https:\/\/legitgrams.com\/product\/crystal-meth-pills\/#primaryimage\"},\"image\":{\"@id\":\"https:\/\/legitgrams.com\/product\/crystal-meth-pills\/#primaryimage\"},\"thumbnailUrl\":\"https:\/\/legitgrams.com\/wp-content\/uploads\/2024\/09\/crystal-meth-online.jpg\",\"datePublished\":\"2024-09-22T05:40:13+00:00\",\"dateModified\":\"2026-01-08T15:18:32+00:00\",\"description\":\"Your requirement to buy Crystal Meth Pills online can be fulfilled at our online store as we have Crystal Meth Pills for sale here. Place your order and get affordable deals every day. Order Now!\",\"breadcrumb\":{\"@id\":\"https:\/\/legitgrams.com\/product\/crystal-meth-pills\/#breadcrumb\"},\"inLanguage\":\"de\",\"potentialAction\":[{\"@type\":\"ReadAction\",\"target\":[\"https:\/\/legitgrams.com\/product\/crystal-meth-pills\/\"]}]},{\"@type\":\"ImageObject\",\"inLanguage\":\"de\",\"@id\":\"https:\/\/legitgrams.com\/product\/crystal-meth-pills\/#primaryimage\",\"url\":\"https:\/\/legitgrams.com\/wp-content\/uploads\/2024\/09\/crystal-meth-online.jpg\",\"contentUrl\":\"https:\/\/legitgrams.com\/wp-content\/uploads\/2024\/09\/crystal-meth-online.jpg\",\"width\":600,\"height\":600,\"caption\":\"Crystal Meth Online Pills for sale\"},{\"@type\":\"BreadcrumbList\",\"@id\":\"https:\/\/legitgrams.com\/product\/crystal-meth-pills\/#breadcrumb\",\"itemListElement\":[{\"@type\":\"ListItem\",\"position\":1,\"name\":\"Home\",\"item\":\"https:\/\/legitgrams.com\/\"},{\"@type\":\"ListItem\",\"position\":2,\"name\":\"Shop\",\"item\":\"https:\/\/legitgrams.com\/shop\/\"},{\"@type\":\"ListItem\",\"position\":3,\"name\":\"Crystal Meth Pills\"}]},{\"@type\":\"WebSite\",\"@id\":\"https:\/\/legitgrams.com\/#website\",\"url\":\"https:\/\/legitgrams.com\/\",\"name\":\"Legit Grams\",\"description\":\"My WordPress Blog\",\"publisher\":{\"@id\":\"https:\/\/legitgrams.com\/#organization\"},\"potentialAction\":[{\"@type\":\"SearchAction\",\"target\":{\"@type\":\"EntryPoint\",\"urlTemplate\":\"https:\/\/legitgrams.com\/?s={search_term_string}\"},\"query-input\":{\"@type\":\"PropertyValueSpecification\",\"valueRequired\":true,\"valueName\":\"search_term_string\"}}],\"inLanguage\":\"de\"},{\"@type\":\"Organization\",\"@id\":\"https:\/\/legitgrams.com\/#organization\",\"name\":\"Legit Grams\",\"url\":\"https:\/\/legitgrams.com\/\",\"logo\":{\"@type\":\"ImageObject\",\"inLanguage\":\"de\",\"@id\":\"https:\/\/legitgrams.com\/#\/schema\/logo\/image\/\",\"url\":\"https:\/\/legitgrams.com\/wp-content\/uploads\/2024\/09\/main-logo.png\",\"contentUrl\":\"https:\/\/legitgrams.com\/wp-content\/uploads\/2024\/09\/main-logo.png\",\"width\":270,\"height\":75,\"caption\":\"Legit Grams\"},\"image\":{\"@id\":\"https:\/\/legitgrams.com\/#\/schema\/logo\/image\/\"}}]}<\/script>\n<!-- \/ Yoast SEO plugin. -->","yoast_head_json":{"title":"Crystal Meth Pills zu verkaufen - Crystal Meth Pills online kaufen","description":"Ihre Anforderung, Crystal Meth Pills online zu kaufen, kann in unserem Online-Shop erf\u00fcllt werden, da wir Crystal Meth Pills zum Verkauf hier haben. Geben Sie Ihre Bestellung auf und erhalten Sie jeden Tag g\u00fcnstige Angebote. Jetzt bestellen!","robots":{"index":"index","follow":"follow","max-snippet":"max-snippet:-1","max-image-preview":"max-image-preview:large","max-video-preview":"max-video-preview:-1"},"canonical":"https:\/\/legitgrams.com\/de\/produkt\/crystal-meth-pillen\/","og_locale":"de_DE","og_type":"article","og_title":"Crystal Meth Pills for Sale - Buy Crystal Meth Pills Online","og_description":"Your requirement to buy Crystal Meth Pills online can be fulfilled at our online store as we have Crystal Meth Pills for sale here. Place your order and get affordable deals every day. Order Now!","og_url":"https:\/\/legitgrams.com\/de\/produkt\/crystal-meth-pillen\/","og_site_name":"Legit Grams","article_modified_time":"2026-01-08T15:18:32+00:00","og_image":[{"width":600,"height":600,"url":"https:\/\/legitgrams.com\/wp-content\/uploads\/2024\/09\/crystal-meth-online.jpg","type":"image\/jpeg"}],"twitter_card":"summary_large_image","twitter_misc":{"Gesch\u00e4tzte Lesezeit":"3\u00a0Minuten"},"schema":{"@context":"https:\/\/schema.org","@graph":[{"@type":"WebPage","@id":"https:\/\/legitgrams.com\/product\/crystal-meth-pills\/","url":"https:\/\/legitgrams.com\/product\/crystal-meth-pills\/","name":"Crystal Meth Pills zu verkaufen - Crystal Meth Pills online kaufen","isPartOf":{"@id":"https:\/\/legitgrams.com\/#website"},"primaryImageOfPage":{"@id":"https:\/\/legitgrams.com\/product\/crystal-meth-pills\/#primaryimage"},"image":{"@id":"https:\/\/legitgrams.com\/product\/crystal-meth-pills\/#primaryimage"},"thumbnailUrl":"https:\/\/legitgrams.com\/wp-content\/uploads\/2024\/09\/crystal-meth-online.jpg","datePublished":"2024-09-22T05:40:13+00:00","dateModified":"2026-01-08T15:18:32+00:00","description":"Ihre Anforderung, Crystal Meth Pills online zu kaufen, kann in unserem Online-Shop erf\u00fcllt werden, da wir Crystal Meth Pills zum Verkauf hier haben. Geben Sie Ihre Bestellung auf und erhalten Sie jeden Tag g\u00fcnstige Angebote. Jetzt bestellen!","breadcrumb":{"@id":"https:\/\/legitgrams.com\/product\/crystal-meth-pills\/#breadcrumb"},"inLanguage":"de","potentialAction":[{"@type":"ReadAction","target":["https:\/\/legitgrams.com\/product\/crystal-meth-pills\/"]}]},{"@type":"ImageObject","inLanguage":"de","@id":"https:\/\/legitgrams.com\/product\/crystal-meth-pills\/#primaryimage","url":"https:\/\/legitgrams.com\/wp-content\/uploads\/2024\/09\/crystal-meth-online.jpg","contentUrl":"https:\/\/legitgrams.com\/wp-content\/uploads\/2024\/09\/crystal-meth-online.jpg","width":600,"height":600,"caption":"Crystal Meth Online Pills for sale"},{"@type":"BreadcrumbList","@id":"https:\/\/legitgrams.com\/product\/crystal-meth-pills\/#breadcrumb","itemListElement":[{"@type":"ListItem","position":1,"name":"Home","item":"https:\/\/legitgrams.com\/"},{"@type":"ListItem","position":2,"name":"Shop","item":"https:\/\/legitgrams.com\/shop\/"},{"@type":"ListItem","position":3,"name":"Crystal Meth Pills"}]},{"@type":"WebSite","@id":"https:\/\/legitgrams.com\/#website","url":"https:\/\/legitgrams.com\/","name":"Legitimer Grammwert","description":"Mein WordPress-Blog","publisher":{"@id":"https:\/\/legitgrams.com\/#organization"},"potentialAction":[{"@type":"SearchAction","target":{"@type":"EntryPoint","urlTemplate":"https:\/\/legitgrams.com\/?s={search_term_string}"},"query-input":{"@type":"PropertyValueSpecification","valueRequired":true,"valueName":"search_term_string"}}],"inLanguage":"de"},{"@type":"Organization","@id":"https:\/\/legitgrams.com\/#organization","name":"Legitimer Grammwert","url":"https:\/\/legitgrams.com\/","logo":{"@type":"ImageObject","inLanguage":"de","@id":"https:\/\/legitgrams.com\/#\/schema\/logo\/image\/","url":"https:\/\/legitgrams.com\/wp-content\/uploads\/2024\/09\/main-logo.png","contentUrl":"https:\/\/legitgrams.com\/wp-content\/uploads\/2024\/09\/main-logo.png","width":270,"height":75,"caption":"Legit Grams"},"image":{"@id":"https:\/\/legitgrams.com\/#\/schema\/logo\/image\/"}}]}},"uagb_featured_image_src":{"full":["https:\/\/legitgrams.com\/wp-content\/uploads\/2024\/09\/crystal-meth-online.jpg",600,600,false],"thumbnail":["https:\/\/legitgrams.com\/wp-content\/uploads\/2024\/09\/crystal-meth-online-150x150.jpg",150,150,true],"medium":["https:\/\/legitgrams.com\/wp-content\/uploads\/2024\/09\/crystal-meth-online-300x300.jpg",300,300,true],"medium_large":["https:\/\/legitgrams.com\/wp-content\/uploads\/2024\/09\/crystal-meth-online.jpg",600,600,false],"large":["https:\/\/legitgrams.com\/wp-content\/uploads\/2024\/09\/crystal-meth-online.jpg",600,600,false],"1536x1536":["https:\/\/legitgrams.com\/wp-content\/uploads\/2024\/09\/crystal-meth-online.jpg",600,600,false],"2048x2048":["https:\/\/legitgrams.com\/wp-content\/uploads\/2024\/09\/crystal-meth-online.jpg",600,600,false],"trp-custom-language-flag":["https:\/\/legitgrams.com\/wp-content\/uploads\/2024\/09\/crystal-meth-online-12x12.jpg",12,12,true],"woocommerce_thumbnail":["https:\/\/legitgrams.com\/wp-content\/uploads\/2024\/09\/crystal-meth-online-300x300.jpg",300,300,true],"woocommerce_single":["https:\/\/legitgrams.com\/wp-content\/uploads\/2024\/09\/crystal-meth-online.jpg",600,600,false],"woocommerce_gallery_thumbnail":["https:\/\/legitgrams.com\/wp-content\/uploads\/2024\/09\/crystal-meth-online-100x100.jpg",100,100,true]},"uagb_author_info":{"display_name":"cokeblog18","author_link":"https:\/\/legitgrams.com\/de\/author\/"},"uagb_comment_info":2,"uagb_excerpt":"Crystal Meth Pills for Sale Online Crystal meth is a stimulant that directly impacts the central nervous system of the human brain. It is a highly addictive drug that has several positive applications. This stimulant is in the list of synthetic stimulants. During World War II, the first crystal meth drug was developed to support&hellip;","_links":{"self":[{"href":"https:\/\/legitgrams.com\/de\/wp-json\/wp\/v2\/product\/4213","targetHints":{"allow":["GET"]}}],"collection":[{"href":"https:\/\/legitgrams.com\/de\/wp-json\/wp\/v2\/product"}],"about":[{"href":"https:\/\/legitgrams.com\/de\/wp-json\/wp\/v2\/types\/product"}],"replies":[{"embeddable":true,"href":"https:\/\/legitgrams.com\/de\/wp-json\/wp\/v2\/comments?post=4213"}],"wp:featuredmedia":[{"embeddable":true,"href":"https:\/\/legitgrams.com\/de\/wp-json\/wp\/v2\/media\/5181"}],"wp:attachment":[{"href":"https:\/\/legitgrams.com\/de\/wp-json\/wp\/v2\/media?parent=4213"}],"wp:term":[{"taxonomy":"product_brand","embeddable":true,"href":"https:\/\/legitgrams.com\/de\/wp-json\/wp\/v2\/product_brand?post=4213"},{"taxonomy":"product_cat","embeddable":true,"href":"https:\/\/legitgrams.com\/de\/wp-json\/wp\/v2\/product_cat?post=4213"},{"taxonomy":"product_tag","embeddable":true,"href":"https:\/\/legitgrams.com\/de\/wp-json\/wp\/v2\/product_tag?post=4213"}],"curies":[{"name":"wp","href":"https:\/\/api.w.org\/{rel}","templated":true}]}}