{"id":4214,"date":"2024-09-22T05:41:53","date_gmt":"2024-09-22T05:41:53","guid":{"rendered":"https:\/\/legitgrams.com\/?post_type=product&#038;p=4214"},"modified":"2025-04-03T11:28:24","modified_gmt":"2025-04-03T11:28:24","slug":"billiges-flussiges-lsd","status":"publish","type":"product","link":"https:\/\/legitgrams.com\/de\/produkt\/billiges-flussiges-lsd\/","title":{"rendered":"Kaufen Sie billiges fl\u00fcssiges LSD online"},"content":{"rendered":"<h2>G\u00fcnstiges fl\u00fcssiges LSD zum Kauf<\/h2>\n<p>Acid ist eine Sorte, die nach einem etwas st\u00e4rkeren Narkotikum benannt ist, \u00e4hnlich wie <a href=\"https:\/\/www.bing.com\/search?q=KaufenSiebilligesflssigesLSDonline&amp;qs=n&amp;form=QBRE&amp;sp=-1&amp;lq=0&amp;pq=kaufensiebilligesflssigeslsdonline&amp;sc=0-40&amp;sk=&amp;cvid=8BA2B38D37F445A38E1C774502616118&amp;ghsh=0&amp;ghacc=0&amp;ghpl=\">Gr\u00fcner Riss<\/a> (which is not to be confused with <a href=\"https:\/\/en.wikipedia.org\/wiki\/LSD\">LSD<\/a>). Alles in allem ist Acid stark und bietet sowohl einen verwirrenden Geruch als auch ausgeglichene Wirkungen. Acid wird aus der Genetik der beliebtesten New York Sour Diesel in der Region hergestellt und von Paradise Seeds produziert, derselben Firma, die uns Delahaze und Sensi Star beschert hat. Aufgrund seiner Anziehungskraft belegte es bei der spanischen Copa THC Valencia 2016 den dritten Platz f\u00fcr die beste Indoor-Bl\u00fcte. Sch\u00e4tzungen zufolge enth\u00e4lt Acid zwischen 16 % und 23 % THC.<\/p>\n<p>Corrosive gl\u00e4nzt mit mittelgro\u00dfen bis riesigen Bl\u00fcten, die eine gegliederte, spatenartige Struktur aufweisen, wie Miniaturversionen typischer Weihnachtsb\u00e4ume, die von einer breiten, abgerundeten Basis mit spitzer Spitze aus immer dichter werden. Die dichte, dicke Struktur dieser Bl\u00fcten weist deutlich darauf hin, dass es sich um eine Indica-Sorte handelt. Die Bl\u00e4tter sind mit erdig gef\u00e4rbten Stempeln durchzogen und haben einen \u00fcppigen, mattgr\u00fcnen Ton, der eng nach innen zu den mittleren Stielen gedreht ist. Die \u00e4u\u00dferen und inneren Oberfl\u00e4chen der Bl\u00fcten von Acid sind mit gl\u00e4nzend wei\u00dfen Trichomen bedeckt. Diesen Trichomen wird die starke Wirkung von Acid zugeschrieben, die es zudem extrem schwierig machen, die Bl\u00fcten ohne Prozessor zu trennen.<\/p>\n<p>Acid riecht im richtigen Moment zweifellos leicht s\u00e4uerlich und hat einen scharfen Zitrusgeschmack. Dar\u00fcber hinaus gibt es moschusartige, erdige Untert\u00f6ne, die an feuchte Erde und Weihrauch erinnern. Das Trennen oder Mahlen dieser kr\u00e4ftigen Bl\u00fcten w\u00e4hrend des Wartens setzt die bekannte und aggressive Elternsorte New York frei. Tanninhaltige Abgase sind die Quelle von Sour Diesel. <a href=\"https:\/\/www.google.com\/search?q=Kaufen+Sie+billiges+flssiges+LSD+online&amp;sca_esv=eddefdb7b92e7545&amp;sxsrf=AHTn8zrstybZf8HLgmpMi3-8PN3euMxrxA1743678407482&amp;ei=x2vuZ92XHc7M0PEP8uqQ8Qw&amp;ved=0ahUKEwidl9Kg3LuMAxVOJjQIHXI1JM4Q4dUDCBA&amp;uact=5&amp;oq=Kaufen+Sie+billiges+flssiges+LSD+online&amp;gs_lp=Egxnd3Mtd2l6LXNlcnAiKUthdWZlbiBTaWUgYmlsbGlnZXMgZmzDvHNzaWdlcyBMU0Qgb25saW5lSI8LUL8GWL8GcAF4AJABAJgBxQOgAcUDqgEDNC0xuAEDyAEA-AEC-AEBmAIAoAIAmAMAiAYBkgcAoAddsgcAuAcA&amp;sclient=gws-wiz-serp\">Acid<\/a> erzeugt einen angenehmen, sanften Rauch, der sich leicht inhalieren l\u00e4sst, wenn er in einer Schnur oder einem Joint brennt. Dieser schwere Rauch verliert beim Ausatmen seine Diesel- und Zitronennoten.<\/p>\n<p>Der Eindruck des Rauchers von seinen \u00e4u\u00dferen Verbesserungen wird durch den allm\u00e4hlichen Beginn des Corrosive-Highs verzerrt. Bestimmte Ger\u00e4usche, als ob sie in einer Hallkammer erzeugt w\u00fcrden, k\u00f6nnten verst\u00e4rkt werden. Auch kr\u00e4ftiges Licht und markante T\u00f6ne k\u00f6nnen st\u00e4rkere Wirkung haben. Intensivere psychedelische Wunder, wie innere K\u00f6rperdrehungen und ein sp\u00fcrbares Gef\u00fchl der Zeitverl\u00e4ngerung, beginnen sich zu manifestieren, wenn diese sp\u00fcrbaren Effekte ihren H\u00f6hepunkt erreichen. Schlie\u00dflich k\u00f6nnen Raucher ein absichtliches Gewicht um ihre Lymphorgane und Schl\u00e4fen sowie einen leichten Anstieg des Speichelflusses wahrnehmen. Aus diesen Sch\u00fcttelfrostanf\u00e4llen bilden sich Wellen der Entwirrung, die den R\u00fccken hinunter und in die K\u00f6rpermitte und Gliedma\u00dfen wandern. Diese beruhigenden Effekte k\u00f6nnen die Betroffenen zwar nicht vollst\u00e4ndig bewegungsunf\u00e4hig machen, sie k\u00f6nnen sie jedoch dazu ermutigen, sich in einer m\u00f6glichst angenehmen Umgebung zu entspannen.<\/p>\n<p>Ein weiteres Anzeichen eines \u00e4tzenden Highs ist ein Geisteszustand, in dem der Raucher sich an seltsame Ideen oder Gedanken klammern kann und sie faszinierender findet, als sie eigentlich sind. Solch ein aufgeschlossenes Denken kann eine n\u00fctzliche Strategie sein, um bestimmte Aufgaben bei der Arbeit zu l\u00f6sen oder originelle Antworten auf herausfordernde Probleme zu entwickeln. Die psychologischen Effekte von Acid werden mit der Zeit oder bei l\u00e4ngerer Dosierung bemerkenswerter als offensichtlich, was jede vorherige Wirksamkeit zunichte macht und sinnlos macht. Diese Sorte wird am besten am sp\u00e4ten Abend oder nachts genossen, da ihre Wirkung langsam nachl\u00e4sst. <a href=\"https:\/\/legitgrams.com\/de\/\">LegitGrams<\/a><\/p>\n<p>LSD Kaufen, S\u00e4ure, fl\u00fcssiges LSD 200 \u00b5g\/Tropfen, fl\u00fcssige LSD-S\u00e4ure, fl\u00fcssiges LSD-Gesch\u00e4ft, fl\u00fcssiges LSD online und fl\u00fcssige LSD-Waren online.<\/p>\n<p><a href=\"https:\/\/legitgrams.com\/de\/produkt\/billiges-flussiges-lsd\/\">G\u00fcnstiges fl\u00fcssiges LSD kaufen<\/a> Online: LSD kaufen, g\u00fcnstiges Liquid LSD kaufen, Liquid LSD online kaufen, Wo kann man g\u00fcnstiges Liquid LSD online kaufen, G\u00fcnstiges LSD kaufen und g\u00fcnstiges Liquid LSD kaufen. Wo kann man g\u00fcnstiges Liquid LSD kaufen? G\u00fcnstiges Liquid LSD kaufen in den USA, Kanada und Gro\u00dfbritannien. Online kaufen, Lieferanten, Sichere Lieferung. Wie kann man g\u00fcnstiges Liquid LSD weiterhin bestellen? Ist g\u00fcnstiges Liquid LSD in Kanada legal? LSD legal in den USA. <a href=\"https:\/\/duckduckgo.com\/?q=Kaufen+Sie+billiges+flssiges+LSD+online&amp;t=h_&amp;ia=web\">Kaufen Sie billiges fl\u00fcssiges LSD online<\/a> in den Vereinigten Staaten.<\/p>","protected":false},"excerpt":{"rendered":"<p>Low-Cost Liquid LSD for Purchase Acid is a strain named after a little more potent narcotic, much like Green Crack (which is not to be confused with LSD). All things considered, Acid is strong, offering both a confusing smell and counterbalanced effects. Acid is made from the genetics of the most well-liked New York Sour &hellip;<\/p>\n<p class=\"read-more\"> <a class=\"\" href=\"https:\/\/legitgrams.com\/de\/produkt\/billiges-flussiges-lsd\/\"> <span class=\"screen-reader-text\">Kaufen Sie billiges fl\u00fcssiges LSD online<\/span> Mehr lesen \"<\/a><\/p>","protected":false},"featured_media":5179,"comment_status":"open","ping_status":"closed","template":"","meta":{"_uag_custom_page_level_css":"","site-sidebar-layout":"default","site-content-layout":"default","ast-global-header-display":"","ast-main-header-display":"","ast-hfb-above-header-display":"","ast-hfb-below-header-display":"","ast-hfb-mobile-header-display":"","site-post-title":"","ast-breadcrumbs-content":"","ast-featured-img":"","footer-sml-layout":"","theme-transparent-header-meta":"default","adv-header-id-meta":"","stick-header-meta":"default","header-above-stick-meta":"","header-main-stick-meta":"","header-below-stick-meta":"","_joinchat":[]},"product_brand":[],"product_cat":[595],"product_tag":[2164,2154,617,2146,2161,2145,2149,2148,2156,2147,2159,2166,2167,2165,2157,2162,2158,2153,2151,2163,2160,625,2152,2155,2150],"class_list":{"0":"post-4214","1":"product","2":"type-product","3":"status-publish","4":"has-post-thumbnail","6":"product_cat-psychedelic-drugs","7":"product_tag-best-cheap-price-cheap-liquid-lsd","8":"product_tag-best-place-to-buy-cheap-liquid-lsd","9":"product_tag-bulk-online","10":"product_tag-buy-cheap-liquid-lsd","11":"product_tag-cheap-cheap-liquid-lsd","12":"product_tag-cheap-liquid-lsd","13":"product_tag-cheap-liquid-lsd-cheap-liquid-lsd-supplier","14":"product_tag-cheap-liquid-lsd-for-sale","15":"product_tag-cheap-liquid-lsd-legally","16":"product_tag-cheap-liquid-lsd-online","17":"product_tag-cheap-liquid-lsd-store","18":"product_tag-cheap-liquid-lsd-use","19":"product_tag-cheap-liquid-lsd-wiki","20":"product_tag-cheap-liquid-lsd-worldwide","21":"product_tag-cheap-liquid-lsdprice","22":"product_tag-cheap-liquid-lsds","23":"product_tag-high-quality-cheap-liquid-lsd","24":"product_tag-how-to-buy-cheap-liquid-lsd","25":"product_tag-order-cheap-liquid-lsd","26":"product_tag-purcharse-cheap-liquid-lsd","27":"product_tag-shop-cheap-liquid-lsd","28":"product_tag-top-quality","29":"product_tag-where-to-buy-cheap-liquid-lsd","30":"product_tag-where-to-order-cheap-liquid-lsd","31":"product_tag-wholesale-cheap-liquid-lsd","32":"desktop-align-left","33":"tablet-align-left","34":"mobile-align-left","35":"ast-product-gallery-layout-horizontal","36":"ast-product-gallery-with-no-image","37":"ast-product-single-variable","38":"ast-product-tabs-layout-horizontal","39":"ast-qv-on-image","41":"first","42":"instock","43":"shipping-taxable","44":"purchasable","45":"product-type-variable"},"yoast_head":"<!-- This site is optimized with the Yoast SEO plugin v25.9 - https:\/\/yoast.com\/wordpress\/plugins\/seo\/ -->\n<title>Liquid LSD for Sale - Buy Liquid LSD Online at Best Price<\/title>\n<meta name=\"description\" content=\"Looking to Buy Liquid LSD Online? Discover a seamless platform at our online store where you can buy Liquid LSD , ensuring top-grade quality for your research needs.\" \/>\n<meta name=\"robots\" content=\"index, follow, max-snippet:-1, max-image-preview:large, max-video-preview:-1\" \/>\n<link rel=\"canonical\" href=\"https:\/\/legitgrams.com\/de\/produkt\/billiges-flussiges-lsd\/\" \/>\n<meta property=\"og:locale\" content=\"de_DE\" \/>\n<meta property=\"og:type\" content=\"article\" \/>\n<meta property=\"og:title\" content=\"Liquid LSD for Sale - Buy Liquid LSD Online at Best Price\" \/>\n<meta property=\"og:description\" content=\"Looking to Buy Liquid LSD Online? Discover a seamless platform at our online store where you can buy Liquid LSD , ensuring top-grade quality for your research needs.\" \/>\n<meta property=\"og:url\" content=\"https:\/\/legitgrams.com\/de\/produkt\/billiges-flussiges-lsd\/\" \/>\n<meta property=\"og:site_name\" content=\"Legit Grams\" \/>\n<meta property=\"article:modified_time\" content=\"2025-04-03T11:28:24+00:00\" \/>\n<meta property=\"og:image\" content=\"https:\/\/legitgrams.com\/wp-content\/uploads\/2024\/09\/buy-cheap-liquid-lsd-online.jpg\" \/>\n\t<meta property=\"og:image:width\" content=\"600\" \/>\n\t<meta property=\"og:image:height\" content=\"600\" \/>\n\t<meta property=\"og:image:type\" content=\"image\/jpeg\" \/>\n<meta name=\"twitter:card\" content=\"summary_large_image\" \/>\n<meta name=\"twitter:label1\" content=\"Gesch\u00e4tzte Lesezeit\" \/>\n\t<meta name=\"twitter:data1\" content=\"3\u00a0Minuten\" \/>\n<script type=\"application\/ld+json\" class=\"yoast-schema-graph\">{\"@context\":\"https:\/\/schema.org\",\"@graph\":[{\"@type\":\"WebPage\",\"@id\":\"https:\/\/legitgrams.com\/product\/cheap-liquid-lsd\/\",\"url\":\"https:\/\/legitgrams.com\/product\/cheap-liquid-lsd\/\",\"name\":\"Liquid LSD for Sale - Buy Liquid LSD Online at Best Price\",\"isPartOf\":{\"@id\":\"https:\/\/legitgrams.com\/#website\"},\"primaryImageOfPage\":{\"@id\":\"https:\/\/legitgrams.com\/product\/cheap-liquid-lsd\/#primaryimage\"},\"image\":{\"@id\":\"https:\/\/legitgrams.com\/product\/cheap-liquid-lsd\/#primaryimage\"},\"thumbnailUrl\":\"https:\/\/legitgrams.com\/wp-content\/uploads\/2024\/09\/buy-cheap-liquid-lsd-online.jpg\",\"datePublished\":\"2024-09-22T05:41:53+00:00\",\"dateModified\":\"2025-04-03T11:28:24+00:00\",\"description\":\"Looking to Buy Liquid LSD Online? Discover a seamless platform at our online store where you can buy Liquid LSD , ensuring top-grade quality for your research needs.\",\"breadcrumb\":{\"@id\":\"https:\/\/legitgrams.com\/product\/cheap-liquid-lsd\/#breadcrumb\"},\"inLanguage\":\"de\",\"potentialAction\":[{\"@type\":\"ReadAction\",\"target\":[\"https:\/\/legitgrams.com\/product\/cheap-liquid-lsd\/\"]}]},{\"@type\":\"ImageObject\",\"inLanguage\":\"de\",\"@id\":\"https:\/\/legitgrams.com\/product\/cheap-liquid-lsd\/#primaryimage\",\"url\":\"https:\/\/legitgrams.com\/wp-content\/uploads\/2024\/09\/buy-cheap-liquid-lsd-online.jpg\",\"contentUrl\":\"https:\/\/legitgrams.com\/wp-content\/uploads\/2024\/09\/buy-cheap-liquid-lsd-online.jpg\",\"width\":600,\"height\":600,\"caption\":\"Cheap Liquid LSD for Sale\"},{\"@type\":\"BreadcrumbList\",\"@id\":\"https:\/\/legitgrams.com\/product\/cheap-liquid-lsd\/#breadcrumb\",\"itemListElement\":[{\"@type\":\"ListItem\",\"position\":1,\"name\":\"Home\",\"item\":\"https:\/\/legitgrams.com\/\"},{\"@type\":\"ListItem\",\"position\":2,\"name\":\"Shop\",\"item\":\"https:\/\/legitgrams.com\/shop\/\"},{\"@type\":\"ListItem\",\"position\":3,\"name\":\"Buy Cheap Liquid LSD Online\"}]},{\"@type\":\"WebSite\",\"@id\":\"https:\/\/legitgrams.com\/#website\",\"url\":\"https:\/\/legitgrams.com\/\",\"name\":\"Legit Grams\",\"description\":\"My WordPress Blog\",\"publisher\":{\"@id\":\"https:\/\/legitgrams.com\/#organization\"},\"potentialAction\":[{\"@type\":\"SearchAction\",\"target\":{\"@type\":\"EntryPoint\",\"urlTemplate\":\"https:\/\/legitgrams.com\/?s={search_term_string}\"},\"query-input\":{\"@type\":\"PropertyValueSpecification\",\"valueRequired\":true,\"valueName\":\"search_term_string\"}}],\"inLanguage\":\"de\"},{\"@type\":\"Organization\",\"@id\":\"https:\/\/legitgrams.com\/#organization\",\"name\":\"Legit Grams\",\"url\":\"https:\/\/legitgrams.com\/\",\"logo\":{\"@type\":\"ImageObject\",\"inLanguage\":\"de\",\"@id\":\"https:\/\/legitgrams.com\/#\/schema\/logo\/image\/\",\"url\":\"https:\/\/legitgrams.com\/wp-content\/uploads\/2024\/09\/main-logo.png\",\"contentUrl\":\"https:\/\/legitgrams.com\/wp-content\/uploads\/2024\/09\/main-logo.png\",\"width\":270,\"height\":75,\"caption\":\"Legit Grams\"},\"image\":{\"@id\":\"https:\/\/legitgrams.com\/#\/schema\/logo\/image\/\"}}]}<\/script>\n<!-- \/ Yoast SEO plugin. -->","yoast_head_json":{"title":"Fl\u00fcssiges LSD zu verkaufen - Fl\u00fcssiges LSD online zum besten Preis kaufen","description":"M\u00f6chten Sie Liquid LSD online kaufen? Entdecken Sie eine nahtlose Plattform in unserem Online-Shop, in dem Sie Liquid LSD kaufen k\u00f6nnen, und sichern Sie sich die beste Qualit\u00e4t f\u00fcr Ihren Forschungsbedarf.","robots":{"index":"index","follow":"follow","max-snippet":"max-snippet:-1","max-image-preview":"max-image-preview:large","max-video-preview":"max-video-preview:-1"},"canonical":"https:\/\/legitgrams.com\/de\/produkt\/billiges-flussiges-lsd\/","og_locale":"de_DE","og_type":"article","og_title":"Liquid LSD for Sale - Buy Liquid LSD Online at Best Price","og_description":"Looking to Buy Liquid LSD Online? Discover a seamless platform at our online store where you can buy Liquid LSD , ensuring top-grade quality for your research needs.","og_url":"https:\/\/legitgrams.com\/de\/produkt\/billiges-flussiges-lsd\/","og_site_name":"Legit Grams","article_modified_time":"2025-04-03T11:28:24+00:00","og_image":[{"width":600,"height":600,"url":"https:\/\/legitgrams.com\/wp-content\/uploads\/2024\/09\/buy-cheap-liquid-lsd-online.jpg","type":"image\/jpeg"}],"twitter_card":"summary_large_image","twitter_misc":{"Gesch\u00e4tzte Lesezeit":"3\u00a0Minuten"},"schema":{"@context":"https:\/\/schema.org","@graph":[{"@type":"WebPage","@id":"https:\/\/legitgrams.com\/product\/cheap-liquid-lsd\/","url":"https:\/\/legitgrams.com\/product\/cheap-liquid-lsd\/","name":"Fl\u00fcssiges LSD zu verkaufen - Fl\u00fcssiges LSD online zum besten Preis kaufen","isPartOf":{"@id":"https:\/\/legitgrams.com\/#website"},"primaryImageOfPage":{"@id":"https:\/\/legitgrams.com\/product\/cheap-liquid-lsd\/#primaryimage"},"image":{"@id":"https:\/\/legitgrams.com\/product\/cheap-liquid-lsd\/#primaryimage"},"thumbnailUrl":"https:\/\/legitgrams.com\/wp-content\/uploads\/2024\/09\/buy-cheap-liquid-lsd-online.jpg","datePublished":"2024-09-22T05:41:53+00:00","dateModified":"2025-04-03T11:28:24+00:00","description":"M\u00f6chten Sie Liquid LSD online kaufen? Entdecken Sie eine nahtlose Plattform in unserem Online-Shop, in dem Sie Liquid LSD kaufen k\u00f6nnen, und sichern Sie sich die beste Qualit\u00e4t f\u00fcr Ihren Forschungsbedarf.","breadcrumb":{"@id":"https:\/\/legitgrams.com\/product\/cheap-liquid-lsd\/#breadcrumb"},"inLanguage":"de","potentialAction":[{"@type":"ReadAction","target":["https:\/\/legitgrams.com\/product\/cheap-liquid-lsd\/"]}]},{"@type":"ImageObject","inLanguage":"de","@id":"https:\/\/legitgrams.com\/product\/cheap-liquid-lsd\/#primaryimage","url":"https:\/\/legitgrams.com\/wp-content\/uploads\/2024\/09\/buy-cheap-liquid-lsd-online.jpg","contentUrl":"https:\/\/legitgrams.com\/wp-content\/uploads\/2024\/09\/buy-cheap-liquid-lsd-online.jpg","width":600,"height":600,"caption":"Cheap Liquid LSD for Sale"},{"@type":"BreadcrumbList","@id":"https:\/\/legitgrams.com\/product\/cheap-liquid-lsd\/#breadcrumb","itemListElement":[{"@type":"ListItem","position":1,"name":"Home","item":"https:\/\/legitgrams.com\/"},{"@type":"ListItem","position":2,"name":"Shop","item":"https:\/\/legitgrams.com\/shop\/"},{"@type":"ListItem","position":3,"name":"Buy Cheap Liquid LSD Online"}]},{"@type":"WebSite","@id":"https:\/\/legitgrams.com\/#website","url":"https:\/\/legitgrams.com\/","name":"Legitimer Grammwert","description":"Mein WordPress-Blog","publisher":{"@id":"https:\/\/legitgrams.com\/#organization"},"potentialAction":[{"@type":"SearchAction","target":{"@type":"EntryPoint","urlTemplate":"https:\/\/legitgrams.com\/?s={search_term_string}"},"query-input":{"@type":"PropertyValueSpecification","valueRequired":true,"valueName":"search_term_string"}}],"inLanguage":"de"},{"@type":"Organization","@id":"https:\/\/legitgrams.com\/#organization","name":"Legitimer Grammwert","url":"https:\/\/legitgrams.com\/","logo":{"@type":"ImageObject","inLanguage":"de","@id":"https:\/\/legitgrams.com\/#\/schema\/logo\/image\/","url":"https:\/\/legitgrams.com\/wp-content\/uploads\/2024\/09\/main-logo.png","contentUrl":"https:\/\/legitgrams.com\/wp-content\/uploads\/2024\/09\/main-logo.png","width":270,"height":75,"caption":"Legit Grams"},"image":{"@id":"https:\/\/legitgrams.com\/#\/schema\/logo\/image\/"}}]}},"uagb_featured_image_src":{"full":["https:\/\/legitgrams.com\/wp-content\/uploads\/2024\/09\/buy-cheap-liquid-lsd-online.jpg",600,600,false],"thumbnail":["https:\/\/legitgrams.com\/wp-content\/uploads\/2024\/09\/buy-cheap-liquid-lsd-online-150x150.jpg",150,150,true],"medium":["https:\/\/legitgrams.com\/wp-content\/uploads\/2024\/09\/buy-cheap-liquid-lsd-online-300x300.jpg",300,300,true],"medium_large":["https:\/\/legitgrams.com\/wp-content\/uploads\/2024\/09\/buy-cheap-liquid-lsd-online.jpg",600,600,false],"large":["https:\/\/legitgrams.com\/wp-content\/uploads\/2024\/09\/buy-cheap-liquid-lsd-online.jpg",600,600,false],"1536x1536":["https:\/\/legitgrams.com\/wp-content\/uploads\/2024\/09\/buy-cheap-liquid-lsd-online.jpg",600,600,false],"2048x2048":["https:\/\/legitgrams.com\/wp-content\/uploads\/2024\/09\/buy-cheap-liquid-lsd-online.jpg",600,600,false],"trp-custom-language-flag":["https:\/\/legitgrams.com\/wp-content\/uploads\/2024\/09\/buy-cheap-liquid-lsd-online-12x12.jpg",12,12,true],"woocommerce_thumbnail":["https:\/\/legitgrams.com\/wp-content\/uploads\/2024\/09\/buy-cheap-liquid-lsd-online-300x300.jpg",300,300,true],"woocommerce_single":["https:\/\/legitgrams.com\/wp-content\/uploads\/2024\/09\/buy-cheap-liquid-lsd-online.jpg",600,600,false],"woocommerce_gallery_thumbnail":["https:\/\/legitgrams.com\/wp-content\/uploads\/2024\/09\/buy-cheap-liquid-lsd-online-100x100.jpg",100,100,true]},"uagb_author_info":{"display_name":"cokeblog18","author_link":"https:\/\/legitgrams.com\/de\/author\/"},"uagb_comment_info":0,"uagb_excerpt":"Low-Cost Liquid LSD for Purchase Acid is a strain named after a little more potent narcotic, much like Green Crack (which is not to be confused with LSD). All things considered, Acid is strong, offering both a confusing smell and counterbalanced effects. Acid is made from the genetics of the most well-liked New York Sour&hellip;","_links":{"self":[{"href":"https:\/\/legitgrams.com\/de\/wp-json\/wp\/v2\/product\/4214","targetHints":{"allow":["GET"]}}],"collection":[{"href":"https:\/\/legitgrams.com\/de\/wp-json\/wp\/v2\/product"}],"about":[{"href":"https:\/\/legitgrams.com\/de\/wp-json\/wp\/v2\/types\/product"}],"replies":[{"embeddable":true,"href":"https:\/\/legitgrams.com\/de\/wp-json\/wp\/v2\/comments?post=4214"}],"wp:featuredmedia":[{"embeddable":true,"href":"https:\/\/legitgrams.com\/de\/wp-json\/wp\/v2\/media\/5179"}],"wp:attachment":[{"href":"https:\/\/legitgrams.com\/de\/wp-json\/wp\/v2\/media?parent=4214"}],"wp:term":[{"taxonomy":"product_brand","embeddable":true,"href":"https:\/\/legitgrams.com\/de\/wp-json\/wp\/v2\/product_brand?post=4214"},{"taxonomy":"product_cat","embeddable":true,"href":"https:\/\/legitgrams.com\/de\/wp-json\/wp\/v2\/product_cat?post=4214"},{"taxonomy":"product_tag","embeddable":true,"href":"https:\/\/legitgrams.com\/de\/wp-json\/wp\/v2\/product_tag?post=4214"}],"curies":[{"name":"wp","href":"https:\/\/api.w.org\/{rel}","templated":true}]}}