{"id":4218,"date":"2024-09-22T06:05:19","date_gmt":"2024-09-22T06:05:19","guid":{"rendered":"https:\/\/legitgrams.com\/?post_type=product&#038;p=4218"},"modified":"2025-04-03T10:49:23","modified_gmt":"2025-04-03T10:49:23","slug":"psilocybe-azurescens","status":"publish","type":"product","link":"https:\/\/legitgrams.com\/de\/produkt\/psilocybe-azurescens\/","title":{"rendered":"Psilocybe Azurescens online kaufen"},"content":{"rendered":"<h2>Psilocybe Azurescens online kaufen<\/h2>\n<h3>Zu verkaufen: Psilocybe Azurescens<\/h3>\n<p>Zu den 180 Pilzarten der Gattung Psilocybe, <a href=\"https:\/\/legitgrams.com\/de\/produkt\/psilocybe-azurescens\/\">Psilocybe Azurescens<\/a> grows in a variety of habitats. Other names for <a href=\"https:\/\/www.bing.com\/search?q=PsilocybeAzurescensonlinekaufen&amp;qs=n&amp;form=QBRE&amp;sp=-1&amp;lq=0&amp;pq=psilocybeazurescensonlinekaufen&amp;sc=8-34&amp;sk=&amp;cvid=1F9F16791ED94E0E92125865D64FB0C7&amp;ghsh=0&amp;ghacc=0&amp;ghpl=\">Psilocybe<\/a> Zu den Azurscens geh\u00f6ren Fliegende Untertassen, Indigo-Psilocybe, Azzies und Blaue Engel.<\/p>\n<p>Seit der ersten Entdeckung im Jahr 1979 haben Forscher zahlreiche Artikel \u00fcber diese Art ver\u00f6ffentlicht. So benannte Paul Stamets die Art Azurescens in seinem 1996 erschienenen Buch \"Psilocybin shrooms of the world\". Der Begriff Azurescens leitet sich von der groben \u00dcbersetzung der azurblauen Farbe des Pilzes ab.<\/p>\n<p>Der Pilz enth\u00e4lt 1,8% Psilocybin, 0,5% Psilocin und 0,4% Baeocystin. Er ist die st\u00e4rkste Art in der Tryptaminsynthese. Diese Art hat zum Beispiel die dreifache Potenz von <a href=\"https:\/\/en.wikipedia.org\/wiki\/Psilocybe_cubensis\">Psilocybe Cubensis<\/a> und Cyanscens psilocybe.<\/p>\n<p>Bei n\u00e4herer Betrachtung dieses Pilzes lassen sich einzigartige und ungew\u00f6hnliche Merkmale feststellen. Zu den Attributen geh\u00f6ren die folgenden:<\/p>\n<p>Sporen: Dieser Pilz hat zwei verschiedene Sporenfarben: dunkelviolett-braun und violett-schwarz. Sie unterscheiden sich von anderen Pilzen der gleichen Gattung durch ihre ellipsoide Form. <a href=\"https:\/\/legitgrams.com\/de\/\">LegitGrams<\/a><\/p>\n<p>Pileus: Der Begriff \u201ePileus\u201c bezieht sich auf die konische oder konvexe Form der Pilzh\u00fcte. Wenn der Pileus jung ist, nimmt er eine braune oder karamellfarbene Farbe an. Wenn die Pilze jedoch zu verblassen beginnen, wird der tiefe, dunkle Bereich der Stelle hellstrohfarben, bis er vollst\u00e4ndig trocknet.<\/p>\n<p>Als Stiel wird der gebogene Stiel des Pilzes bezeichnet, der sich zur Basis hin verdickt. Der erh\u00f6hte Indolgehalt f\u00fchrt dazu, dass der glatte wei\u00dfe Stiel blau-indigo wird.<\/p>\n<p>Lamelle: Die Lamellen des Pilzes sind eine andere Bezeichnung f\u00fcr diese zweistufigen Strukturen. Wenn die Lamelle frisch ist, nimmt sie eine karamell- oder kastanienbraune Farbe an.<\/p>\n<h3>Psilocybe Azurescens Zauberpilz Beschreibung<\/h3>\n<p><a href=\"https:\/\/www.google.com\/search?q=Psilocybe+Azurescens+online+kaufen&amp;sca_esv=eddefdb7b92e7545&amp;sxsrf=AHTn8zokQbgburM_1s81Wwy96ptoyabA8Q1743678337546&amp;ei=gWvuZ6OEIYe_0PEPm7vr4QM&amp;ved=0ahUKEwjjyKX_27uMAxWHHzQIHZvdOjwQ4dUDCBA&amp;uact=5&amp;oq=Psilocybe+Azurescens+online+kaufen&amp;gs_lp=Egxnd3Mtd2l6LXNlcnAiIlBzaWxvY3liZSBBenVyZXNjZW5zIG9ubGluZSBrYXVmZW5I1wRQAFgAcAB4AJABAJgBhgOgAYYDqgEDMy0xuAEDyAEA-AEC-AEBmAIAoAIAmAMAkgcAoAdWsgcAuAcA&amp;sclient=gws-wiz-serp\">Psilocybe Azurescens<\/a> geh\u00f6rt, wie bereits erw\u00e4hnt, zur Gattung Psilocybe mit 180 Arten. Verschiedene Arten entwickeln sich in unterschiedlichen Lebensr\u00e4umen mit unterschiedlicher Luftfeuchtigkeit. Diese Art gedeiht beispielsweise im Freien.<\/p>\n<p>Um die volle Wirkung des Pilzes zu erleben, ben\u00f6tigen Sie au\u00dfergew\u00f6hnlich wirksame Biochemikalien wie Psilocybin, Baeocystin und Psilocin. Psilocybe Cubensis und <a href=\"https:\/\/duckduckgo.com\/?q=Psilocybe+Azurescens+online+kaufen&amp;t=h_\">Psilocybe Cyanescens<\/a> sind zwei weitere wertvolle Arten dieser Gattung. Im pazifischen Nordwesten der USA erfreut sich dieser Pilz gro\u00dfer Beliebtheit.<\/p>\n<p>Die Pfadfinder f\u00fchrten diesen Pilz 1979 ein. Die Identifizierung dieses Pilzes begann 1979, als die Pfadfinder ihn in Oregon fanden. Bei weiteren Untersuchungen stellten Wissenschaftler fest, dass diese Pilze psychoaktive Eigenschaften haben. Paul Stamets benannte ihn 1996 in Psilocybe Azurescens um. Der blaue Farbton des Stiels war der Schwerpunkt von Azurescens, basierend auf der Ver\u00f6ffentlichung von Stamets. Andere argumentieren, dass der Name von ihm inspiriert wurde, weil sein Kind denselben Namen trug.<\/p>\n<h3>Auswirkungen von Psilocybe Azurescens auf Pilze<\/h3>\n<p>Azurescens enth\u00e4lt eine Vielzahl psychoaktiver Verbindungen, darunter Psilocybin, Baeocystin und Psilocin. Die chemischen Bestandteile, die Pilzen ihre halluzinogenen Eigenschaften verleihen, sind in dieser Psilocybe-Art vorhanden. Eines der Merkmale psychedelischer Erfahrungen ist Taubheit in den Gliedma\u00dfen. Dieser Effekt wird jedoch durch die Erregung und Halluzinationen aufgewogen. Die Einnahme der Pilze kann bei den Betroffenen den Wunsch nach mehr sozialen Interaktionen und einer Reihe von Aktivit\u00e4ten wecken.s<\/p>\n<p>Einzelheiten zum Wachstum von Psilocybe Azurscens Magic Shrooms. Azurscens ist an Wasserufern leichter zu finden als anderswo, da dort holziges Material vorhanden ist. Au\u00dferdem w\u00e4chst Strandhafer entlang der Ufer und bildet einen Teppich, der die schwachen Pilze aufrecht h\u00e4lt.<\/p>\n<p><strong>Aspergillus aureus<\/strong><\/p>\n<p>In Regionen mit strengen Wintern gedeiht der Azaurscens aufgrund seiner F\u00e4higkeit, extrem niedrige Temperaturen zu vertragen. Dar\u00fcber hinaus k\u00f6nnen Pilze auf Laubholz wachsen, das etwas feucht ist. Man sieht diese Art h\u00e4ufig in Dickichten und zwischen Brombeeren.<\/p>\n<h3>Anwendungen des Pilzes Psilocybe Azurscens in der Medizin<\/h3>\n<p>Der hohe Psilocybingehalt dieses Pilzes hat mehrere medizinische Vorteile. Angstst\u00f6rungen k\u00f6nnen von den Effekten des Highs profitieren. Dar\u00fcber hinaus kann das Medikament Zwangsst\u00f6rungen (OCD), Depressionen, Angstzust\u00e4nde und Aufmerksamkeitsdefizit-Hyperaktivit\u00e4tsst\u00f6rung (ADHS) behandeln.<\/p>\n<p>Auch f\u00fcr Menschen, die gegen Alkoholismus und Rauchsucht k\u00e4mpfen, kann es hilfreich sein, Pilze als Heilmittel f\u00fcr ihre Beschwerden zu verwenden. Psilocybin ist ein hervorragendes Mittel, um das Verlangen zu reduzieren. Studien zeigen, dass es zur Behandlung von Sucht eingesetzt werden kann. Da P. Azurscens das soziale Selbstvertrauen st\u00e4rkt, empfehlen \u00c4rzte es Personen mit Sprachproblemen.<\/p>\n<h3>Nebenwirkungen des Zauberpilzes Psilocybe Azurescens<\/h3>\n<p>Der Kontakt mit Zauberpilzen der Gattung P. Azurscens kann zahlreiche negative Folgen haben. W\u00e4hrend die meisten von ihnen nur wenige Minuten anhalten, k\u00f6nnen einige von ihnen t\u00f6dlich sein. Panikattacken, Erbrechen und Magenverstimmung sind die h\u00e4ufigsten Nebenwirkungen. Erh\u00f6hter Blutdruck und Puls k\u00f6nnen in extremen F\u00e4llen Herzinfarkte verursachen.<\/p>\n<h3>Abschlie\u00dfend<\/h3>\n<p>Wenn es um therapeutische und freizeitliche Vorteile geht, k\u00f6nnte Azurscens bald alle anderen \u00fcberholen. Ihre Vielseitigkeit und ihr geringer Wachstumsbedarf machen sie ideal f\u00fcr Anf\u00e4nger und erfahrene Z\u00fcchter gleicherma\u00dfen.<\/p>\n<p>Sie sind die beste Wahl, wenn Sie Hilfe bei der \u00dcberwindung einer Sucht und bei der Bew\u00e4ltigung anderer psychischer Probleme ben\u00f6tigen. W\u00e4hlen Sie eine einfache, aber wirksame Methode, um high zu werden, anstatt Drogen zu nehmen. W\u00e4hrend Sie die Vorteile dieses Pilzes genie\u00dfen, seien Sie sich der m\u00f6glichen Nebenwirkungen bewusst.<br \/>\nZu verkaufen: Der Azurescens Psilocybe<br \/>\nPsilocybe Azurescens Sporen zu verkaufen<br \/>\nWir verkaufen getrocknete Psilocybe azurescens.<\/p>","protected":false},"excerpt":{"rendered":"<p>Purchase Psilocybe Azurescens Online For Sale: Psilocybe Azurescens Among the 180 species of mushrooms in the Psilocybe genus, Psilocybe Azurescens grows in a variety of habitats. Other names for Psilocybe Azurscens include Flying Saucers, Indigo Psilocybe, Azzies, and Blue Angels. Since the initial finding was made in 1979, numerous articles about it have been published &hellip;<\/p>\n<p class=\"read-more\"> <a class=\"\" href=\"https:\/\/legitgrams.com\/de\/produkt\/psilocybe-azurescens\/\"> <span class=\"screen-reader-text\">Psilocybe Azurescens online kaufen<\/span> Mehr lesen \"<\/a><\/p>","protected":false},"featured_media":5242,"comment_status":"open","ping_status":"closed","template":"","meta":{"_uag_custom_page_level_css":"","site-sidebar-layout":"default","site-content-layout":"default","ast-global-header-display":"","ast-main-header-display":"","ast-hfb-above-header-display":"","ast-hfb-below-header-display":"","ast-hfb-mobile-header-display":"","site-post-title":"","ast-breadcrumbs-content":"","ast-featured-img":"","footer-sml-layout":"","theme-transparent-header-meta":"default","adv-header-id-meta":"","stick-header-meta":"default","header-above-stick-meta":"","header-main-stick-meta":"","header-below-stick-meta":"","_joinchat":[]},"product_brand":[],"product_cat":[599],"product_tag":[2049,2039,617,2031,2046,2043,2038,2036,2030,2033,2041,2032,2034,2044,2051,2052,2050,2042,2047,2048,2045,625,2037,2040,2035],"class_list":{"0":"post-4218","1":"product","2":"type-product","3":"status-publish","4":"has-post-thumbnail","6":"product_cat-psilocybin-or-magic-mushrooms","7":"product_tag-best-cheap-price-psilocybe-azurescens","8":"product_tag-best-place-to-buy-psilocybe-azurescens","9":"product_tag-bulk-online","10":"product_tag-buy-psilocybe-azurescens","11":"product_tag-cheap-psilocybe-azurescens","12":"product_tag-high-quality-psilocybe-azurescens","13":"product_tag-how-to-buy-psilocybe-azurescens","14":"product_tag-order-psilocybe-azurescens","15":"product_tag-psilocybe-azurescens","16":"product_tag-psilocybe-azurescens-for-sale","17":"product_tag-psilocybe-azurescens-legally","18":"product_tag-psilocybe-azurescens-online","19":"product_tag-psilocybe-azurescens-psilocybe-azurescens-supplier","20":"product_tag-psilocybe-azurescens-store","21":"product_tag-psilocybe-azurescens-use","22":"product_tag-psilocybe-azurescens-wiki","23":"product_tag-psilocybe-azurescens-worldwide","24":"product_tag-psilocybe-azurescensprice","25":"product_tag-psilocybe-azurescenss","26":"product_tag-purcharse-psilocybe-azurescens","27":"product_tag-shop-psilocybe-azurescens","28":"product_tag-top-quality","29":"product_tag-where-to-buy-psilocybe-azurescens","30":"product_tag-where-to-order-psilocybe-azurescens","31":"product_tag-wholesale-psilocybe-azurescens","32":"desktop-align-left","33":"tablet-align-left","34":"mobile-align-left","35":"ast-product-gallery-layout-horizontal","36":"ast-product-gallery-with-no-image","37":"ast-product-single-variable","38":"ast-product-tabs-layout-horizontal","39":"ast-qv-on-image","41":"first","42":"instock","43":"shipping-taxable","44":"purchasable","45":"product-type-variable"},"yoast_head":"<!-- This site is optimized with the Yoast SEO plugin v25.9 - https:\/\/yoast.com\/wordpress\/plugins\/seo\/ -->\n<title>Psilocybe Azurescens for Sale - Buy Psilocybe Azurescens Online<\/title>\n<meta name=\"description\" content=\"If you want to buy Psilocybe Azurescens online and looking for a reliable online shop, then buy here. We offer only high-quality Psilocybe Azurescens for sale at an affordable price. Order Psilocybe Azurescens Now!\" \/>\n<meta name=\"robots\" content=\"index, follow, max-snippet:-1, max-image-preview:large, max-video-preview:-1\" \/>\n<link rel=\"canonical\" href=\"https:\/\/legitgrams.com\/de\/produkt\/psilocybe-azurescens\/\" \/>\n<meta property=\"og:locale\" content=\"de_DE\" \/>\n<meta property=\"og:type\" content=\"article\" \/>\n<meta property=\"og:title\" content=\"Psilocybe Azurescens for Sale - Buy Psilocybe Azurescens Online\" \/>\n<meta property=\"og:description\" content=\"If you want to buy Psilocybe Azurescens online and looking for a reliable online shop, then buy here. We offer only high-quality Psilocybe Azurescens for sale at an affordable price. Order Psilocybe Azurescens Now!\" \/>\n<meta property=\"og:url\" content=\"https:\/\/legitgrams.com\/de\/produkt\/psilocybe-azurescens\/\" \/>\n<meta property=\"og:site_name\" content=\"Legit Grams\" \/>\n<meta property=\"article:modified_time\" content=\"2025-04-03T10:49:23+00:00\" \/>\n<meta property=\"og:image\" content=\"https:\/\/legitgrams.com\/wp-content\/uploads\/2024\/09\/psilocybe-azurescens-onlinepsilocybin-or-magic-mushrooms.jpg\" \/>\n\t<meta property=\"og:image:width\" content=\"430\" \/>\n\t<meta property=\"og:image:height\" content=\"430\" \/>\n\t<meta property=\"og:image:type\" content=\"image\/jpeg\" \/>\n<meta name=\"twitter:card\" content=\"summary_large_image\" \/>\n<meta name=\"twitter:label1\" content=\"Gesch\u00e4tzte Lesezeit\" \/>\n\t<meta name=\"twitter:data1\" content=\"4\u00a0Minuten\" \/>\n<script type=\"application\/ld+json\" class=\"yoast-schema-graph\">{\"@context\":\"https:\/\/schema.org\",\"@graph\":[{\"@type\":\"WebPage\",\"@id\":\"https:\/\/legitgrams.com\/product\/psilocybe-azurescens\/\",\"url\":\"https:\/\/legitgrams.com\/product\/psilocybe-azurescens\/\",\"name\":\"Psilocybe Azurescens for Sale - Buy Psilocybe Azurescens Online\",\"isPartOf\":{\"@id\":\"https:\/\/legitgrams.com\/#website\"},\"primaryImageOfPage\":{\"@id\":\"https:\/\/legitgrams.com\/product\/psilocybe-azurescens\/#primaryimage\"},\"image\":{\"@id\":\"https:\/\/legitgrams.com\/product\/psilocybe-azurescens\/#primaryimage\"},\"thumbnailUrl\":\"https:\/\/legitgrams.com\/wp-content\/uploads\/2024\/09\/psilocybe-azurescens-onlinepsilocybin-or-magic-mushrooms.jpg\",\"datePublished\":\"2024-09-22T06:05:19+00:00\",\"dateModified\":\"2025-04-03T10:49:23+00:00\",\"description\":\"If you want to buy Psilocybe Azurescens online and looking for a reliable online shop, then buy here. We offer only high-quality Psilocybe Azurescens for sale at an affordable price. Order Psilocybe Azurescens Now!\",\"breadcrumb\":{\"@id\":\"https:\/\/legitgrams.com\/product\/psilocybe-azurescens\/#breadcrumb\"},\"inLanguage\":\"de\",\"potentialAction\":[{\"@type\":\"ReadAction\",\"target\":[\"https:\/\/legitgrams.com\/product\/psilocybe-azurescens\/\"]}]},{\"@type\":\"ImageObject\",\"inLanguage\":\"de\",\"@id\":\"https:\/\/legitgrams.com\/product\/psilocybe-azurescens\/#primaryimage\",\"url\":\"https:\/\/legitgrams.com\/wp-content\/uploads\/2024\/09\/psilocybe-azurescens-onlinepsilocybin-or-magic-mushrooms.jpg\",\"contentUrl\":\"https:\/\/legitgrams.com\/wp-content\/uploads\/2024\/09\/psilocybe-azurescens-onlinepsilocybin-or-magic-mushrooms.jpg\",\"width\":430,\"height\":430,\"caption\":\"Psilocybe Azurescens for Sale\"},{\"@type\":\"BreadcrumbList\",\"@id\":\"https:\/\/legitgrams.com\/product\/psilocybe-azurescens\/#breadcrumb\",\"itemListElement\":[{\"@type\":\"ListItem\",\"position\":1,\"name\":\"Home\",\"item\":\"https:\/\/legitgrams.com\/\"},{\"@type\":\"ListItem\",\"position\":2,\"name\":\"Shop\",\"item\":\"https:\/\/legitgrams.com\/shop\/\"},{\"@type\":\"ListItem\",\"position\":3,\"name\":\"Buy Psilocybe Azurescens Online\"}]},{\"@type\":\"WebSite\",\"@id\":\"https:\/\/legitgrams.com\/#website\",\"url\":\"https:\/\/legitgrams.com\/\",\"name\":\"Legit Grams\",\"description\":\"My WordPress Blog\",\"publisher\":{\"@id\":\"https:\/\/legitgrams.com\/#organization\"},\"potentialAction\":[{\"@type\":\"SearchAction\",\"target\":{\"@type\":\"EntryPoint\",\"urlTemplate\":\"https:\/\/legitgrams.com\/?s={search_term_string}\"},\"query-input\":{\"@type\":\"PropertyValueSpecification\",\"valueRequired\":true,\"valueName\":\"search_term_string\"}}],\"inLanguage\":\"de\"},{\"@type\":\"Organization\",\"@id\":\"https:\/\/legitgrams.com\/#organization\",\"name\":\"Legit Grams\",\"url\":\"https:\/\/legitgrams.com\/\",\"logo\":{\"@type\":\"ImageObject\",\"inLanguage\":\"de\",\"@id\":\"https:\/\/legitgrams.com\/#\/schema\/logo\/image\/\",\"url\":\"https:\/\/legitgrams.com\/wp-content\/uploads\/2024\/09\/main-logo.png\",\"contentUrl\":\"https:\/\/legitgrams.com\/wp-content\/uploads\/2024\/09\/main-logo.png\",\"width\":270,\"height\":75,\"caption\":\"Legit Grams\"},\"image\":{\"@id\":\"https:\/\/legitgrams.com\/#\/schema\/logo\/image\/\"}}]}<\/script>\n<!-- \/ Yoast SEO plugin. -->","yoast_head_json":{"title":"Psilocybe Azurescens zu verkaufen - Psilocybe Azurescens online kaufen","description":"Wenn Sie Psilocybe Azurescens online kaufen m\u00f6chten und auf der Suche nach einem zuverl\u00e4ssigen Online-Shop sind, dann kaufen Sie hier. Wir bieten nur hochwertige Psilocybe Azurescens zum Verkauf zu einem erschwinglichen Preis. Bestellen Sie Psilocybe Azurescens jetzt!","robots":{"index":"index","follow":"follow","max-snippet":"max-snippet:-1","max-image-preview":"max-image-preview:large","max-video-preview":"max-video-preview:-1"},"canonical":"https:\/\/legitgrams.com\/de\/produkt\/psilocybe-azurescens\/","og_locale":"de_DE","og_type":"article","og_title":"Psilocybe Azurescens for Sale - Buy Psilocybe Azurescens Online","og_description":"If you want to buy Psilocybe Azurescens online and looking for a reliable online shop, then buy here. We offer only high-quality Psilocybe Azurescens for sale at an affordable price. Order Psilocybe Azurescens Now!","og_url":"https:\/\/legitgrams.com\/de\/produkt\/psilocybe-azurescens\/","og_site_name":"Legit Grams","article_modified_time":"2025-04-03T10:49:23+00:00","og_image":[{"width":430,"height":430,"url":"https:\/\/legitgrams.com\/wp-content\/uploads\/2024\/09\/psilocybe-azurescens-onlinepsilocybin-or-magic-mushrooms.jpg","type":"image\/jpeg"}],"twitter_card":"summary_large_image","twitter_misc":{"Gesch\u00e4tzte Lesezeit":"4\u00a0Minuten"},"schema":{"@context":"https:\/\/schema.org","@graph":[{"@type":"WebPage","@id":"https:\/\/legitgrams.com\/product\/psilocybe-azurescens\/","url":"https:\/\/legitgrams.com\/product\/psilocybe-azurescens\/","name":"Psilocybe Azurescens zu verkaufen - Psilocybe Azurescens online kaufen","isPartOf":{"@id":"https:\/\/legitgrams.com\/#website"},"primaryImageOfPage":{"@id":"https:\/\/legitgrams.com\/product\/psilocybe-azurescens\/#primaryimage"},"image":{"@id":"https:\/\/legitgrams.com\/product\/psilocybe-azurescens\/#primaryimage"},"thumbnailUrl":"https:\/\/legitgrams.com\/wp-content\/uploads\/2024\/09\/psilocybe-azurescens-onlinepsilocybin-or-magic-mushrooms.jpg","datePublished":"2024-09-22T06:05:19+00:00","dateModified":"2025-04-03T10:49:23+00:00","description":"Wenn Sie Psilocybe Azurescens online kaufen m\u00f6chten und auf der Suche nach einem zuverl\u00e4ssigen Online-Shop sind, dann kaufen Sie hier. Wir bieten nur hochwertige Psilocybe Azurescens zum Verkauf zu einem erschwinglichen Preis. Bestellen Sie Psilocybe Azurescens jetzt!","breadcrumb":{"@id":"https:\/\/legitgrams.com\/product\/psilocybe-azurescens\/#breadcrumb"},"inLanguage":"de","potentialAction":[{"@type":"ReadAction","target":["https:\/\/legitgrams.com\/product\/psilocybe-azurescens\/"]}]},{"@type":"ImageObject","inLanguage":"de","@id":"https:\/\/legitgrams.com\/product\/psilocybe-azurescens\/#primaryimage","url":"https:\/\/legitgrams.com\/wp-content\/uploads\/2024\/09\/psilocybe-azurescens-onlinepsilocybin-or-magic-mushrooms.jpg","contentUrl":"https:\/\/legitgrams.com\/wp-content\/uploads\/2024\/09\/psilocybe-azurescens-onlinepsilocybin-or-magic-mushrooms.jpg","width":430,"height":430,"caption":"Psilocybe Azurescens for Sale"},{"@type":"BreadcrumbList","@id":"https:\/\/legitgrams.com\/product\/psilocybe-azurescens\/#breadcrumb","itemListElement":[{"@type":"ListItem","position":1,"name":"Home","item":"https:\/\/legitgrams.com\/"},{"@type":"ListItem","position":2,"name":"Shop","item":"https:\/\/legitgrams.com\/shop\/"},{"@type":"ListItem","position":3,"name":"Buy Psilocybe Azurescens Online"}]},{"@type":"WebSite","@id":"https:\/\/legitgrams.com\/#website","url":"https:\/\/legitgrams.com\/","name":"Legitimer Grammwert","description":"Mein WordPress-Blog","publisher":{"@id":"https:\/\/legitgrams.com\/#organization"},"potentialAction":[{"@type":"SearchAction","target":{"@type":"EntryPoint","urlTemplate":"https:\/\/legitgrams.com\/?s={search_term_string}"},"query-input":{"@type":"PropertyValueSpecification","valueRequired":true,"valueName":"search_term_string"}}],"inLanguage":"de"},{"@type":"Organization","@id":"https:\/\/legitgrams.com\/#organization","name":"Legitimer Grammwert","url":"https:\/\/legitgrams.com\/","logo":{"@type":"ImageObject","inLanguage":"de","@id":"https:\/\/legitgrams.com\/#\/schema\/logo\/image\/","url":"https:\/\/legitgrams.com\/wp-content\/uploads\/2024\/09\/main-logo.png","contentUrl":"https:\/\/legitgrams.com\/wp-content\/uploads\/2024\/09\/main-logo.png","width":270,"height":75,"caption":"Legit Grams"},"image":{"@id":"https:\/\/legitgrams.com\/#\/schema\/logo\/image\/"}}]}},"uagb_featured_image_src":{"full":["https:\/\/legitgrams.com\/wp-content\/uploads\/2024\/09\/psilocybe-azurescens-onlinepsilocybin-or-magic-mushrooms.jpg",430,430,false],"thumbnail":["https:\/\/legitgrams.com\/wp-content\/uploads\/2024\/09\/psilocybe-azurescens-onlinepsilocybin-or-magic-mushrooms-150x150.jpg",150,150,true],"medium":["https:\/\/legitgrams.com\/wp-content\/uploads\/2024\/09\/psilocybe-azurescens-onlinepsilocybin-or-magic-mushrooms-300x300.jpg",300,300,true],"medium_large":["https:\/\/legitgrams.com\/wp-content\/uploads\/2024\/09\/psilocybe-azurescens-onlinepsilocybin-or-magic-mushrooms.jpg",430,430,false],"large":["https:\/\/legitgrams.com\/wp-content\/uploads\/2024\/09\/psilocybe-azurescens-onlinepsilocybin-or-magic-mushrooms.jpg",430,430,false],"1536x1536":["https:\/\/legitgrams.com\/wp-content\/uploads\/2024\/09\/psilocybe-azurescens-onlinepsilocybin-or-magic-mushrooms.jpg",430,430,false],"2048x2048":["https:\/\/legitgrams.com\/wp-content\/uploads\/2024\/09\/psilocybe-azurescens-onlinepsilocybin-or-magic-mushrooms.jpg",430,430,false],"trp-custom-language-flag":["https:\/\/legitgrams.com\/wp-content\/uploads\/2024\/09\/psilocybe-azurescens-onlinepsilocybin-or-magic-mushrooms-12x12.jpg",12,12,true],"woocommerce_thumbnail":["https:\/\/legitgrams.com\/wp-content\/uploads\/2024\/09\/psilocybe-azurescens-onlinepsilocybin-or-magic-mushrooms-300x300.jpg",300,300,true],"woocommerce_single":["https:\/\/legitgrams.com\/wp-content\/uploads\/2024\/09\/psilocybe-azurescens-onlinepsilocybin-or-magic-mushrooms.jpg",430,430,false],"woocommerce_gallery_thumbnail":["https:\/\/legitgrams.com\/wp-content\/uploads\/2024\/09\/psilocybe-azurescens-onlinepsilocybin-or-magic-mushrooms-100x100.jpg",100,100,true]},"uagb_author_info":{"display_name":"cokeblog18","author_link":"https:\/\/legitgrams.com\/de\/author\/"},"uagb_comment_info":0,"uagb_excerpt":"Purchase Psilocybe Azurescens Online For Sale: Psilocybe Azurescens Among the 180 species of mushrooms in the Psilocybe genus, Psilocybe Azurescens grows in a variety of habitats. Other names for Psilocybe Azurscens include Flying Saucers, Indigo Psilocybe, Azzies, and Blue Angels. Since the initial finding was made in 1979, numerous articles about it have been published&hellip;","_links":{"self":[{"href":"https:\/\/legitgrams.com\/de\/wp-json\/wp\/v2\/product\/4218","targetHints":{"allow":["GET"]}}],"collection":[{"href":"https:\/\/legitgrams.com\/de\/wp-json\/wp\/v2\/product"}],"about":[{"href":"https:\/\/legitgrams.com\/de\/wp-json\/wp\/v2\/types\/product"}],"replies":[{"embeddable":true,"href":"https:\/\/legitgrams.com\/de\/wp-json\/wp\/v2\/comments?post=4218"}],"wp:featuredmedia":[{"embeddable":true,"href":"https:\/\/legitgrams.com\/de\/wp-json\/wp\/v2\/media\/5242"}],"wp:attachment":[{"href":"https:\/\/legitgrams.com\/de\/wp-json\/wp\/v2\/media?parent=4218"}],"wp:term":[{"taxonomy":"product_brand","embeddable":true,"href":"https:\/\/legitgrams.com\/de\/wp-json\/wp\/v2\/product_brand?post=4218"},{"taxonomy":"product_cat","embeddable":true,"href":"https:\/\/legitgrams.com\/de\/wp-json\/wp\/v2\/product_cat?post=4218"},{"taxonomy":"product_tag","embeddable":true,"href":"https:\/\/legitgrams.com\/de\/wp-json\/wp\/v2\/product_tag?post=4218"}],"curies":[{"name":"wp","href":"https:\/\/api.w.org\/{rel}","templated":true}]}}