{"id":4219,"date":"2024-09-22T06:06:09","date_gmt":"2024-09-22T06:06:09","guid":{"rendered":"https:\/\/legitgrams.com\/?post_type=product&#038;p=4219"},"modified":"2025-04-03T10:48:50","modified_gmt":"2025-04-03T10:48:50","slug":"3-fma-hcl","status":"publish","type":"product","link":"https:\/\/legitgrams.com\/de\/produkt\/3-fma-hcl\/","title":{"rendered":"3-FMA HCL online kaufen"},"content":{"rendered":"<h2>3. Verkauf der FMA HCL<br \/>\n3. FMA: Was ist das?s<\/h2>\n<p><a href=\"https:\/\/legitgrams.com\/de\/produkt\/3-fma-hcl\/\">3-FMA<\/a> ist ein Studienmolek\u00fcl, das in die Kategorie der chemischen Amphetamin-Ersatzstoffe f\u00e4llt. <a href=\"https:\/\/www.bing.com\/search?q=3-FMAHCLonlinekaufen&amp;qs=n&amp;form=QBRE&amp;sp=-1&amp;lq=0&amp;pq=3-fmahclonlinekaufen&amp;sc=0-23&amp;sk=&amp;cvid=06B40A55B52B4FA99A60A0FFE4EC199E&amp;ghsh=0&amp;ghacc=0&amp;ghpl=\">3-FMA<\/a>, 2-FMA, 3-FA, 4-FMA und 4-FA haben alle \u00e4hnliche chemische Strukturen. 3-Fluormethamphetamin kann zu 3-FMA abgek\u00fcrzt werden. Es gibt noch nicht viele Berichte \u00fcber die experimentellen Ergebnisse dieser Studienchemikalie, da sie noch relativ neu ist. Daher m\u00fcssen Sie Vorsichtsma\u00dfnahmen treffen, wenn Sie planen, sie zu untersuchen.<\/p>\n<p>Vorl\u00e4ufige Ergebnisse zeigten jedoch, dass <a href=\"https:\/\/duckduckgo.com\/?q=3-FMA+HCL+online+kaufen&amp;t=h_&amp;ia=web\">3-FMA<\/a> erzeugte die folgenden Effekte: Stimulation, Erregung, verbesserte Ber\u00fchrung, erh\u00f6hte Motivation, kognitive Euphorie, Zeitverzerrung und kognitive Beschleunigung. Tragen Sie beim Studium von 3-FMA eine Schutzbrille.<\/p>\n<h3>Welches Gesch\u00e4ft verkauft 3-FMA?<\/h3>\n<p>Bei Chemical Planet bieten wir einige der besten <a href=\"https:\/\/en.wikipedia.org\/wiki\/3-Fluoromethamphetamine\">3-FMA<\/a> auf dem Markt. Im Allgemeinen wird unser 3-FMA in Pulverform geliefert. Wir haben jedoch normalerweise Ersatzpl\u00e4ne vorbereitet. Z\u00f6gern Sie daher bitte nicht, uns zu kontaktieren, wenn Sie 3-FMA in einem anderen Format erwerben m\u00f6chten.<\/p>\n<p>Sie m\u00fcssen mindestens achtzehn Jahre alt sein und alle geltenden Gesetze Ihres Landes einhalten, um 3-FMA von uns zu erwerben. Wir akzeptieren alle g\u00e4ngigen Kreditkarten und Bitcoins und gew\u00e4hrleisten absolute Diskretion. In vielen L\u00e4ndern ist eine Lieferung am selben Tag m\u00f6glich. Das Produkt-Tag dieses Artikels lautet \u201eZopiclon-7-5-mg-Tabletten-Lieferung-am-n\u00e4chsten-Tag-kaufen\u201c. <a href=\"https:\/\/legitgrams.com\/de\/\">LegitGrams<\/a><\/p>\n<h3>3. Die Rechtm\u00e4\u00dfigkeit der FMA<\/h3>\n<p><a href=\"https:\/\/www.google.com\/search?q=3-FMA+HCL+online+kaufen&amp;sca_esv=eddefdb7b92e7545&amp;sxsrf=AHTn8zrJPQIPCtFJnqeL3nV6Zj39fNCCeA1743676052459&amp;ei=lGLuZ8TlG8mm0PEPp6-c6As&amp;ved=0ahUKEwjE_9a907uMAxVJEzQIHacXB70Q4dUDCBA&amp;uact=5&amp;oq=3-FMA+HCL+online+kaufen&amp;gs_lp=Egxnd3Mtd2l6LXNlcnAiFzMtRk1BIEhDTCBvbmxpbmUga2F1ZmVuMgUQIRigATIFECEYoAEyBRAhGKABMgUQIRigAUjpP1CsOlisOnABeACQAQCYAfoCoAH6AqoBAzMtMbgBA8gBAPgBAvgBAZgCAaACgAOYAwCIBgGSBwMzLTGgB7kDsgcDMy0xuAeAAw&amp;sclient=gws-wiz-serp\">3-FMA<\/a> ist in den USA wahrscheinlich illegal, da es ein Homolog von Amphetamin ist. 3. In Gro\u00dfbritannien gilt FMA als Droge der Klasse A. 3. In Kanada ist FMA als Substanz der Liste 1 eingestuft. 3. FMA wird in China verwendet.<\/p>","protected":false},"excerpt":{"rendered":"<p>3. Sale of FMA HCL 3. FMA: What is it? 3-FMA is a study molecule that falls within the category of chemical amphetamine substitutes. 3-FMA, 2-FMA, 3-FA, 4-FMA, and 4-FA all have similar chemical structures. 3-Fluoromethamphetamine can be shortened to 3-FMA. There aren&#8217;t many reports on the experimental results of this study chemical because it&#8217;s &hellip;<\/p>\n<p class=\"read-more\"> <a class=\"\" href=\"https:\/\/legitgrams.com\/de\/produkt\/3-fma-hcl\/\"> <span class=\"screen-reader-text\">3-FMA HCL online kaufen<\/span> Mehr lesen \"<\/a><\/p>","protected":false},"featured_media":5435,"comment_status":"open","ping_status":"closed","template":"","meta":{"_uag_custom_page_level_css":"","site-sidebar-layout":"default","site-content-layout":"default","ast-global-header-display":"","ast-main-header-display":"","ast-hfb-above-header-display":"","ast-hfb-below-header-display":"","ast-hfb-mobile-header-display":"","site-post-title":"","ast-breadcrumbs-content":"","ast-featured-img":"","footer-sml-layout":"","theme-transparent-header-meta":"default","adv-header-id-meta":"","stick-header-meta":"default","header-above-stick-meta":"","header-main-stick-meta":"","header-below-stick-meta":"","_joinchat":[]},"product_brand":[],"product_cat":[598],"product_tag":[2007,2011,2010,2018,2009,2021,2028,2029,2027,2019,2024,2026,2016,617,2008,2023,2020,2015,2013,2025,2022,625,2014,2017,2012],"class_list":{"0":"post-4219","1":"product","2":"type-product","3":"status-publish","4":"has-post-thumbnail","6":"product_cat-stimulants","7":"product_tag-3-fma-hcl","8":"product_tag-3-fma-hcl-3-fma-hcl-supplier","9":"product_tag-3-fma-hcl-for-sale","10":"product_tag-3-fma-hcl-legally","11":"product_tag-3-fma-hcl-online","12":"product_tag-3-fma-hcl-store","13":"product_tag-3-fma-hcl-use","14":"product_tag-3-fma-hcl-wiki","15":"product_tag-3-fma-hcl-worldwide","16":"product_tag-3-fma-hclprice","17":"product_tag-3-fma-hcls","18":"product_tag-best-cheap-price-3-fma-hcl","19":"product_tag-best-place-to-buy-3-fma-hcl","20":"product_tag-bulk-online","21":"product_tag-buy-3-fma-hcl","22":"product_tag-cheap-3-fma-hcl","23":"product_tag-high-quality-3-fma-hcl","24":"product_tag-how-to-buy-3-fma-hcl","25":"product_tag-order-3-fma-hcl","26":"product_tag-purcharse-3-fma-hcl","27":"product_tag-shop-3-fma-hcl","28":"product_tag-top-quality","29":"product_tag-where-to-buy-3-fma-hcl","30":"product_tag-where-to-order-3-fma-hcl","31":"product_tag-wholesale-3-fma-hcl","32":"desktop-align-left","33":"tablet-align-left","34":"mobile-align-left","35":"ast-product-gallery-layout-horizontal","36":"ast-product-gallery-with-no-image","37":"ast-product-single-variable","38":"ast-product-tabs-layout-horizontal","39":"ast-qv-on-image","41":"first","42":"instock","43":"shipping-taxable","44":"purchasable","45":"product-type-variable"},"yoast_head":"<!-- This site is optimized with the Yoast SEO plugin v25.9 - https:\/\/yoast.com\/wordpress\/plugins\/seo\/ -->\n<title>3-FMA HCL Powder for Sale - Order 3-FMA HCL Online<\/title>\n<meta name=\"description\" content=\"We are the leading store available with 3-fma hcl for sale. If you wish to buy 3-fma hcl online, contact us right away and get the order delivered. Grab limited-Time Offers Now!\" \/>\n<meta name=\"robots\" content=\"index, follow, max-snippet:-1, max-image-preview:large, max-video-preview:-1\" \/>\n<link rel=\"canonical\" href=\"https:\/\/legitgrams.com\/de\/produkt\/3-fma-hcl\/\" \/>\n<meta property=\"og:locale\" content=\"de_DE\" \/>\n<meta property=\"og:type\" content=\"article\" \/>\n<meta property=\"og:title\" content=\"3-FMA HCL Powder for Sale - Order 3-FMA HCL Online\" \/>\n<meta property=\"og:description\" content=\"We are the leading store available with 3-fma hcl for sale. If you wish to buy 3-fma hcl online, contact us right away and get the order delivered. Grab limited-Time Offers Now!\" \/>\n<meta property=\"og:url\" content=\"https:\/\/legitgrams.com\/de\/produkt\/3-fma-hcl\/\" \/>\n<meta property=\"og:site_name\" content=\"Legit Grams\" \/>\n<meta property=\"article:modified_time\" content=\"2025-04-03T10:48:50+00:00\" \/>\n<meta property=\"og:image\" content=\"https:\/\/legitgrams.com\/wp-content\/uploads\/2024\/09\/buy-3fma-hcl-online.jpg\" \/>\n\t<meta property=\"og:image:width\" content=\"800\" \/>\n\t<meta property=\"og:image:height\" content=\"800\" \/>\n\t<meta property=\"og:image:type\" content=\"image\/jpeg\" \/>\n<meta name=\"twitter:card\" content=\"summary_large_image\" \/>\n<meta name=\"twitter:label1\" content=\"Gesch\u00e4tzte Lesezeit\" \/>\n\t<meta name=\"twitter:data1\" content=\"2\u00a0Minuten\" \/>\n<script type=\"application\/ld+json\" class=\"yoast-schema-graph\">{\"@context\":\"https:\/\/schema.org\",\"@graph\":[{\"@type\":\"WebPage\",\"@id\":\"https:\/\/legitgrams.com\/product\/3-fma-hcl\/\",\"url\":\"https:\/\/legitgrams.com\/product\/3-fma-hcl\/\",\"name\":\"3-FMA HCL Powder for Sale - Order 3-FMA HCL Online\",\"isPartOf\":{\"@id\":\"https:\/\/legitgrams.com\/#website\"},\"primaryImageOfPage\":{\"@id\":\"https:\/\/legitgrams.com\/product\/3-fma-hcl\/#primaryimage\"},\"image\":{\"@id\":\"https:\/\/legitgrams.com\/product\/3-fma-hcl\/#primaryimage\"},\"thumbnailUrl\":\"https:\/\/legitgrams.com\/wp-content\/uploads\/2024\/09\/buy-3fma-hcl-online.jpg\",\"datePublished\":\"2024-09-22T06:06:09+00:00\",\"dateModified\":\"2025-04-03T10:48:50+00:00\",\"description\":\"We are the leading store available with 3-fma hcl for sale. If you wish to buy 3-fma hcl online, contact us right away and get the order delivered. Grab limited-Time Offers Now!\",\"breadcrumb\":{\"@id\":\"https:\/\/legitgrams.com\/product\/3-fma-hcl\/#breadcrumb\"},\"inLanguage\":\"de\",\"potentialAction\":[{\"@type\":\"ReadAction\",\"target\":[\"https:\/\/legitgrams.com\/product\/3-fma-hcl\/\"]}]},{\"@type\":\"ImageObject\",\"inLanguage\":\"de\",\"@id\":\"https:\/\/legitgrams.com\/product\/3-fma-hcl\/#primaryimage\",\"url\":\"https:\/\/legitgrams.com\/wp-content\/uploads\/2024\/09\/buy-3fma-hcl-online.jpg\",\"contentUrl\":\"https:\/\/legitgrams.com\/wp-content\/uploads\/2024\/09\/buy-3fma-hcl-online.jpg\",\"width\":800,\"height\":800,\"caption\":\"3-FMA HCL for Sale\"},{\"@type\":\"BreadcrumbList\",\"@id\":\"https:\/\/legitgrams.com\/product\/3-fma-hcl\/#breadcrumb\",\"itemListElement\":[{\"@type\":\"ListItem\",\"position\":1,\"name\":\"Home\",\"item\":\"https:\/\/legitgrams.com\/\"},{\"@type\":\"ListItem\",\"position\":2,\"name\":\"Shop\",\"item\":\"https:\/\/legitgrams.com\/shop\/\"},{\"@type\":\"ListItem\",\"position\":3,\"name\":\"Buy 3-FMA HCL Online\"}]},{\"@type\":\"WebSite\",\"@id\":\"https:\/\/legitgrams.com\/#website\",\"url\":\"https:\/\/legitgrams.com\/\",\"name\":\"Legit Grams\",\"description\":\"My WordPress Blog\",\"publisher\":{\"@id\":\"https:\/\/legitgrams.com\/#organization\"},\"potentialAction\":[{\"@type\":\"SearchAction\",\"target\":{\"@type\":\"EntryPoint\",\"urlTemplate\":\"https:\/\/legitgrams.com\/?s={search_term_string}\"},\"query-input\":{\"@type\":\"PropertyValueSpecification\",\"valueRequired\":true,\"valueName\":\"search_term_string\"}}],\"inLanguage\":\"de\"},{\"@type\":\"Organization\",\"@id\":\"https:\/\/legitgrams.com\/#organization\",\"name\":\"Legit Grams\",\"url\":\"https:\/\/legitgrams.com\/\",\"logo\":{\"@type\":\"ImageObject\",\"inLanguage\":\"de\",\"@id\":\"https:\/\/legitgrams.com\/#\/schema\/logo\/image\/\",\"url\":\"https:\/\/legitgrams.com\/wp-content\/uploads\/2024\/09\/main-logo.png\",\"contentUrl\":\"https:\/\/legitgrams.com\/wp-content\/uploads\/2024\/09\/main-logo.png\",\"width\":270,\"height\":75,\"caption\":\"Legit Grams\"},\"image\":{\"@id\":\"https:\/\/legitgrams.com\/#\/schema\/logo\/image\/\"}}]}<\/script>\n<!-- \/ Yoast SEO plugin. -->","yoast_head_json":{"title":"3-FMA HCL-Pulver zu verkaufen - 3-FMA HCL online bestellen","description":"Wir sind das f\u00fchrende Gesch\u00e4ft mit 3-fma hcl zum Verkauf. Wenn Sie 3-fma hcl online kaufen m\u00f6chten, kontaktieren Sie uns sofort und erhalten Sie die Bestellung geliefert. Greifen Sie jetzt nach zeitlich begrenzten Angeboten!","robots":{"index":"index","follow":"follow","max-snippet":"max-snippet:-1","max-image-preview":"max-image-preview:large","max-video-preview":"max-video-preview:-1"},"canonical":"https:\/\/legitgrams.com\/de\/produkt\/3-fma-hcl\/","og_locale":"de_DE","og_type":"article","og_title":"3-FMA HCL Powder for Sale - Order 3-FMA HCL Online","og_description":"We are the leading store available with 3-fma hcl for sale. If you wish to buy 3-fma hcl online, contact us right away and get the order delivered. Grab limited-Time Offers Now!","og_url":"https:\/\/legitgrams.com\/de\/produkt\/3-fma-hcl\/","og_site_name":"Legit Grams","article_modified_time":"2025-04-03T10:48:50+00:00","og_image":[{"width":800,"height":800,"url":"https:\/\/legitgrams.com\/wp-content\/uploads\/2024\/09\/buy-3fma-hcl-online.jpg","type":"image\/jpeg"}],"twitter_card":"summary_large_image","twitter_misc":{"Gesch\u00e4tzte Lesezeit":"2\u00a0Minuten"},"schema":{"@context":"https:\/\/schema.org","@graph":[{"@type":"WebPage","@id":"https:\/\/legitgrams.com\/product\/3-fma-hcl\/","url":"https:\/\/legitgrams.com\/product\/3-fma-hcl\/","name":"3-FMA HCL-Pulver zu verkaufen - 3-FMA HCL online bestellen","isPartOf":{"@id":"https:\/\/legitgrams.com\/#website"},"primaryImageOfPage":{"@id":"https:\/\/legitgrams.com\/product\/3-fma-hcl\/#primaryimage"},"image":{"@id":"https:\/\/legitgrams.com\/product\/3-fma-hcl\/#primaryimage"},"thumbnailUrl":"https:\/\/legitgrams.com\/wp-content\/uploads\/2024\/09\/buy-3fma-hcl-online.jpg","datePublished":"2024-09-22T06:06:09+00:00","dateModified":"2025-04-03T10:48:50+00:00","description":"Wir sind das f\u00fchrende Gesch\u00e4ft mit 3-fma hcl zum Verkauf. Wenn Sie 3-fma hcl online kaufen m\u00f6chten, kontaktieren Sie uns sofort und erhalten Sie die Bestellung geliefert. Greifen Sie jetzt nach zeitlich begrenzten Angeboten!","breadcrumb":{"@id":"https:\/\/legitgrams.com\/product\/3-fma-hcl\/#breadcrumb"},"inLanguage":"de","potentialAction":[{"@type":"ReadAction","target":["https:\/\/legitgrams.com\/product\/3-fma-hcl\/"]}]},{"@type":"ImageObject","inLanguage":"de","@id":"https:\/\/legitgrams.com\/product\/3-fma-hcl\/#primaryimage","url":"https:\/\/legitgrams.com\/wp-content\/uploads\/2024\/09\/buy-3fma-hcl-online.jpg","contentUrl":"https:\/\/legitgrams.com\/wp-content\/uploads\/2024\/09\/buy-3fma-hcl-online.jpg","width":800,"height":800,"caption":"3-FMA HCL for Sale"},{"@type":"BreadcrumbList","@id":"https:\/\/legitgrams.com\/product\/3-fma-hcl\/#breadcrumb","itemListElement":[{"@type":"ListItem","position":1,"name":"Home","item":"https:\/\/legitgrams.com\/"},{"@type":"ListItem","position":2,"name":"Shop","item":"https:\/\/legitgrams.com\/shop\/"},{"@type":"ListItem","position":3,"name":"Buy 3-FMA HCL Online"}]},{"@type":"WebSite","@id":"https:\/\/legitgrams.com\/#website","url":"https:\/\/legitgrams.com\/","name":"Legitimer Grammwert","description":"Mein WordPress-Blog","publisher":{"@id":"https:\/\/legitgrams.com\/#organization"},"potentialAction":[{"@type":"SearchAction","target":{"@type":"EntryPoint","urlTemplate":"https:\/\/legitgrams.com\/?s={search_term_string}"},"query-input":{"@type":"PropertyValueSpecification","valueRequired":true,"valueName":"search_term_string"}}],"inLanguage":"de"},{"@type":"Organization","@id":"https:\/\/legitgrams.com\/#organization","name":"Legitimer Grammwert","url":"https:\/\/legitgrams.com\/","logo":{"@type":"ImageObject","inLanguage":"de","@id":"https:\/\/legitgrams.com\/#\/schema\/logo\/image\/","url":"https:\/\/legitgrams.com\/wp-content\/uploads\/2024\/09\/main-logo.png","contentUrl":"https:\/\/legitgrams.com\/wp-content\/uploads\/2024\/09\/main-logo.png","width":270,"height":75,"caption":"Legit Grams"},"image":{"@id":"https:\/\/legitgrams.com\/#\/schema\/logo\/image\/"}}]}},"uagb_featured_image_src":{"full":["https:\/\/legitgrams.com\/wp-content\/uploads\/2024\/09\/buy-3fma-hcl-online.jpg",800,800,false],"thumbnail":["https:\/\/legitgrams.com\/wp-content\/uploads\/2024\/09\/buy-3fma-hcl-online-150x150.jpg",150,150,true],"medium":["https:\/\/legitgrams.com\/wp-content\/uploads\/2024\/09\/buy-3fma-hcl-online-300x300.jpg",300,300,true],"medium_large":["https:\/\/legitgrams.com\/wp-content\/uploads\/2024\/09\/buy-3fma-hcl-online-768x768.jpg",768,768,true],"large":["https:\/\/legitgrams.com\/wp-content\/uploads\/2024\/09\/buy-3fma-hcl-online.jpg",800,800,false],"1536x1536":["https:\/\/legitgrams.com\/wp-content\/uploads\/2024\/09\/buy-3fma-hcl-online.jpg",800,800,false],"2048x2048":["https:\/\/legitgrams.com\/wp-content\/uploads\/2024\/09\/buy-3fma-hcl-online.jpg",800,800,false],"trp-custom-language-flag":["https:\/\/legitgrams.com\/wp-content\/uploads\/2024\/09\/buy-3fma-hcl-online-12x12.jpg",12,12,true],"woocommerce_thumbnail":["https:\/\/legitgrams.com\/wp-content\/uploads\/2024\/09\/buy-3fma-hcl-online-300x300.jpg",300,300,true],"woocommerce_single":["https:\/\/legitgrams.com\/wp-content\/uploads\/2024\/09\/buy-3fma-hcl-online-600x600.jpg",600,600,true],"woocommerce_gallery_thumbnail":["https:\/\/legitgrams.com\/wp-content\/uploads\/2024\/09\/buy-3fma-hcl-online-100x100.jpg",100,100,true]},"uagb_author_info":{"display_name":"cokeblog18","author_link":"https:\/\/legitgrams.com\/de\/author\/"},"uagb_comment_info":0,"uagb_excerpt":"3. Sale of FMA HCL 3. FMA: What is it? 3-FMA is a study molecule that falls within the category of chemical amphetamine substitutes. 3-FMA, 2-FMA, 3-FA, 4-FMA, and 4-FA all have similar chemical structures. 3-Fluoromethamphetamine can be shortened to 3-FMA. There aren&#8217;t many reports on the experimental results of this study chemical because it&#8217;s&hellip;","_links":{"self":[{"href":"https:\/\/legitgrams.com\/de\/wp-json\/wp\/v2\/product\/4219","targetHints":{"allow":["GET"]}}],"collection":[{"href":"https:\/\/legitgrams.com\/de\/wp-json\/wp\/v2\/product"}],"about":[{"href":"https:\/\/legitgrams.com\/de\/wp-json\/wp\/v2\/types\/product"}],"replies":[{"embeddable":true,"href":"https:\/\/legitgrams.com\/de\/wp-json\/wp\/v2\/comments?post=4219"}],"wp:featuredmedia":[{"embeddable":true,"href":"https:\/\/legitgrams.com\/de\/wp-json\/wp\/v2\/media\/5435"}],"wp:attachment":[{"href":"https:\/\/legitgrams.com\/de\/wp-json\/wp\/v2\/media?parent=4219"}],"wp:term":[{"taxonomy":"product_brand","embeddable":true,"href":"https:\/\/legitgrams.com\/de\/wp-json\/wp\/v2\/product_brand?post=4219"},{"taxonomy":"product_cat","embeddable":true,"href":"https:\/\/legitgrams.com\/de\/wp-json\/wp\/v2\/product_cat?post=4219"},{"taxonomy":"product_tag","embeddable":true,"href":"https:\/\/legitgrams.com\/de\/wp-json\/wp\/v2\/product_tag?post=4219"}],"curies":[{"name":"wp","href":"https:\/\/api.w.org\/{rel}","templated":true}]}}