{"id":4226,"date":"2024-09-22T06:41:05","date_gmt":"2024-09-22T06:41:05","guid":{"rendered":"https:\/\/legitgrams.com\/?post_type=product&#038;p=4226"},"modified":"2025-04-03T08:58:31","modified_gmt":"2025-04-03T08:58:31","slug":"metizolam-pulver","status":"publish","type":"product","link":"https:\/\/legitgrams.com\/de\/produkt\/metizolam-pulver\/","title":{"rendered":"Metizolam-Pulver online kaufen"},"content":{"rendered":"<h2>Metizolam-Pulver online kaufen<\/h2>\n<p>API, pharmazeutische Wirkstoffe, Zwischenprodukte, DMF, FDA, US Drug Master Files, Dokumentation und Zertifizierung f\u00fcr Etizolam-Pulver werden von Dandy Drugs weltweit produziert und vertrieben. Wir bieten den Kauf erstklassiger Quellen mit entsprechenden technischen Paketen gem\u00e4\u00df den Vermarktungs- oder FND-\/Entwicklungsstandards an. Etizolam-H\u00e4ndler aus China. Hersteller von Etizolam. Etizolam-Pulver kaufen. Lieferanten von Etizolam-Pulver. <a href=\"https:\/\/www.bing.com\/search?q=Metizolam-Pulveronlinekaufen&amp;qs=n&amp;form=QBRE&amp;sp=-1&amp;lq=0&amp;pq=metizolam-pulveronlinekaufen&amp;sc=0-30&amp;sk=&amp;cvid=BE05384B03C94C96ABF3E34D82C97AF8&amp;ghsh=0&amp;ghacc=0&amp;ghpl=\">powdered Metizolam in bulk<\/a>.<\/p>\n<p>Unsere Produkte sind ein pharmazeutischer Wirkstoff, der in der Pharmaindustrie verwendet wird und in einer Anlage hergestellt wird, die den cGMP-Normen entspricht. F\u00fcr weitere Einzelheiten, einschlie\u00dflich des aktuellen DMF-Status des Produkts, kontaktieren Sie uns bitte. Wir freuen uns darauf, mit Ihnen an Forschungs- und Entwicklungsprojekten zu arbeiten.<\/p>\n<p><a href=\"https:\/\/www.google.com\/search?q=Metizolam-Pulver+online+kaufen&amp;sca_esv=eddefdb7b92e7545&amp;sxsrf=AHTn8zrERun_OdYjRx-Naqnzx6xTMMFPqg1743671530644&amp;ei=6lDuZ4mLJ7OG0PEP79iTsAs&amp;ved=0ahUKEwiJqMHRwruMAxUzAzQIHW_sBLYQ4dUDCBA&amp;uact=5&amp;oq=Metizolam-Pulver+online+kaufen&amp;gs_lp=Egxnd3Mtd2l6LXNlcnAiHk1ldGl6b2xhbS1QdWx2ZXIgb25saW5lIGthdWZlbjIHECEYoAEYCjIHECEYoAEYCjIHECEYoAEYCjIHECEYoAEYCkj2B1CRA1iRA3ABeACQAQCYAYIDoAGCA6oBAzMtMbgBA8gBAPgBAvgBAZgCAqACiwPCAggQABiwAxjvBZgDAIgGAZAGAZIHBTEuMy0xoAeKBbIHAzMtMbgHhwM&amp;sclient=gws-wiz-serp\">Metizolam<\/a> ist ein Benzodiazepin-Analogon, das unter dem Namen Etizolam, auch bekannt als Metilaam, Metizola, Sedekopan, <a href=\"https:\/\/duckduckgo.com\/?q=Metizolam+Pulver+online+kaufen&amp;t=h_&amp;ia=web\">metizest<\/a>Pasaden oder Depas ist ein Benzodiazepin-Analogon. Ein Benzodiazepin ist nicht dasselbe wie diese Substanz. Da der Triazolring fusioniert ist und der Thiophenring den Benzolring ersetzt hat, handelt es sich bei dem Medikament nun um ein Thienotriazolodiazepin. Es wirkt muskelrelaxierend, hypnotisch, sedativ, krampfl\u00f6send, amnesisch und angstl\u00f6send.<\/p>\n<h3>Warum wir?<\/h3>\n<p>Eine seri\u00f6se Quelle. Nach der Produktion und Pr\u00fcfung zur Gew\u00e4hrleistung der Messr\u00fcckverfolgbarkeit werden Materialien, die den Standards ISO 17025 und Guide 34 entsprechen, mit zertifizierten Ger\u00e4ten und autorisierten Analysemethoden untersucht. Ein Produkt, das f\u00fcr forensische Anwendungen und Forschungsanwendungen entwickelt wurde.<\/p>\n<p>Dandy Drugs ist ein indisches Pharmaunternehmen, das direkte Verbindungen zu chinesischen Lieferanten und anderen indischen Unternehmen hat. Wir bieten unseren Kunden nur die besten Produkte an. Dasselbe, woran wir uns beim Einkaufen gew\u00f6hnt haben.<\/p>\n<p>Jedes Produkt ist von h\u00f6chster Qualit\u00e4t und wir bitten alle Kunden, ihre Eink\u00e4ufe einer GC\/MS-Pr\u00fcfung zu unterziehen, um Genauigkeit und Authentizit\u00e4t sicherzustellen. Die Zufriedenheit unserer Kunden und die Sicherstellung, dass sie das erhalten, was versprochen wurde, sind unsere obersten Priorit\u00e4ten.<\/p>\n<p>Das \u00dcberleben unserer <a href=\"https:\/\/legitgrams.com\/de\/\">company<\/a> h\u00e4ngt von unserer F\u00e4higkeit ab, Ihre Transaktion stets vollst\u00e4ndig und termingerecht abzuschlie\u00dfen. Unser Ziel ist es, stets Probleme zu l\u00f6sen und Ihnen die beste Qualit\u00e4t zum g\u00fcnstigsten Preis zu bieten.<\/p>\n<p>Das \u00dcberleben unseres Unternehmens h\u00e4ngt von unserer F\u00e4higkeit ab, Ihre Transaktion jedes Mal vollst\u00e4ndig und termingerecht abzuschlie\u00dfen. Unser Ziel ist es, immer Probleme zu l\u00f6sen und Ihnen die beste Qualit\u00e4t zum g\u00fcnstigsten Preis zu bieten.<\/p>\n<p>As soon as your product ships, you will obtain tracking numbers so you can keep tabs on its progress. <a href=\"https:\/\/legitgrams.com\/de\/produkt\/metizolam-pulver\/\">Acquire etizolam powder<\/a> Der beste Ort, um Etizolam-Pulver sowie verschiedene Etizolam-Pulveranaloga online zu kaufen, ist Dandy Drugs, falls Sie auf der Suche sind. Etizolam-Pulver kann bequem und sicher per Post bestellt werden. Wir bieten einen benutzerfreundlichen Online-Marktplatz, auf dem Sie g\u00fcnstiges Etizolam-Pulver zu Gro\u00dfhandelspreisen von Lieferanten und Herstellern aus China und Indien beziehen k\u00f6nnen. Wir sind erfahren im diskreten und unauff\u00e4lligen Versand in die USA, nach Kanada, Gro\u00dfbritannien, Australien und in andere L\u00e4nder. Bitte vergewissern Sie sich, dass Sie die Anwendungsgebiete, Nebenwirkungen und m\u00f6glichen rechtlichen Auswirkungen des Kaufs von Etizolam verstehen, bevor Sie in Ihrem Bundesland ohne Rezept online Etizolam-Pulver bestellen. Wir genie\u00dfen einen hervorragenden Ruf als Lieferant von Forschungschemikalien. 24\/7 Live-Chat verf\u00fcgbar. Bei Unsicherheiten stellen Sie uns gerne Ihre Fragen. Es gibt zahlreiche Zahlungsm\u00f6glichkeiten, die Ihren Bed\u00fcrfnissen entsprechen.<\/p>\n<h3>Metizolam in Pulverform online bestellen.<\/h3>\n<p>Etizolam, auch bekannt als Desmethyletizolam, ist ein synthetisches Thieno-Diazepin aus der chemischen Klasse der depressiven und psychoaktiven Drogen. Es soll \u00e4hnliche Wirkungen wie Etizolam haben, wie z. B. Enthemmung, Schl\u00e4frigkeit, Verschleierung des Ged\u00e4chtnisses, Verschleierung von Unannehmlichkeiten und Muskelruhe. Im Vergleich zu Etizolam ist es nur halb so stark und hat eine um 60% l\u00e4ngere Halbwertszeit.<\/p>\n<p>Metizolam wurde 1995 von einer japanischen Organisation zur Behandlung von Angstzust\u00e4nden verschrieben. Abgesehen davon ist bis September 2015 keine Anwendung am Menschen bekannt, als es von Interneth\u00e4ndlern als Studienmaterial f\u00fcr unklare F\u00e4lle angeboten wurde.<\/p>\n<p>Ein Grundbestandteil der Benzodiazepin-Familie ist Etizolam. Etizolam, auch bekannt als Depas, Etizolam und Etilaam, ist ein grundlegendes Mitglied der Benzodiazepin-Familie, das h\u00e4ufig vermarktet wird. Obwohl nicht viel \u00fcber dieses Forschungsmaterial bekannt ist, deuten mehrere Studien darauf hin, dass es beruhigende, die Skelettmuskulatur entspannende, anregende, angstl\u00f6sende und krampfl\u00f6sende Eigenschaften besitzt.<\/p>\n<p>Etizolam kann online in Form von Tabletten, Kapseln und Pulver erworben werden. Da es leicht und f\u00fcr wenig Geld online gekauft werden kann, hat es ein gro\u00dfes Potenzial f\u00fcr den harten Einsatz anstelle von verschriebenen Benzodiazepinen. Zum jetzigen Zeitpunkt erfordert das logische Schreiben ein grundlegendes Verst\u00e4ndnis von Metizolam, wie z. B. seine genaue Untersuchung und die Art und Weise, wie die Droge sich im K\u00f6rper verteilt und verstoffwechselt wird. Obwohl Drogenkonzerne diese Substanz angeh\u00e4uft haben, ist sie derzeit nur im Vereinigten K\u00f6nigreich, in Schweden und in Kanada legal, wo es illegal ist, diese Droge herzustellen oder zu liefern. <a href=\"https:\/\/legitgrams.com\/de\/\">LegitGrams<\/a><\/p>\n<p>Etizolam wurde zun\u00e4chst von einem japanischen Unternehmen als Konkurrenz zu angstl\u00f6senden Medikamenten beworben, aber \u00fcber diese Forschungssubstanz ist nicht viel bekannt. Einige klinische Studien st\u00fctzen jedoch die Annahme, dass Methamphetamin als Muskelrelaxans, Narkotikum und Depressivum wirkt.<\/p>\n<p>Ein Thiophenring ist mit einem Diazepinring verflochten und bildet <a href=\"https:\/\/en.wikipedia.org\/wiki\/Metizolam\">metizolam<\/a>. Obwohl sein Triazolring derzeit kein Methylfundament enth\u00e4lt, wodurch er sich wesentlich von der wahrgenommenen Verbindung Etizolam unterscheidet, haben beide eine \u00e4hnliche Grundform, was darauf hindeutet, dass Metizolam eine \u00e4hnliche F\u00e4higkeit hat, die intellektuelle Leistung zu beeinflussen, zus\u00e4tzlich zur Unterst\u00fctzung von Patienten mit Schlafentzug. Um die genaue Reaktion zu bestimmen, m\u00fcssen Experten und Forscher die Rolle von Metizolam bei Schlafmangel im Gegensatz zu Schlaf untersuchen. Pr\u00fcfungslabors sollten hochwertige Knastpulver online von Websites kaufen, die als Anbieter von Pr\u00e4paraten gelten, um ihre l\u00e4cherlichen synthetischen Premium-Substanzen, Metizolam und Etizolam, zu erhalten. Dies k\u00f6nnte ihnen helfen, die Eignung zu bestimmen und zu verstehen, wie sich die beiden Mischungen auf diejenigen auswirken, die unter Schlafentzug leiden.<\/p>\n<p>Purchase Metizolam Powder Online - Purchase Powder, Purchase Metizolam Powder USA, Purchase Metizolam Powder Online USA, Metizolam Powder for Sale, Purchase Metizolam Powder Near Me, Purchase Metizolam Powder Online, Purchase Metizolam Powder Online, Purchase Metizolam Powder Online, USA, Canada, UK, Purchase, Online, Suppliers, Safe Delivery, There is still Metizolam Powder available. Ist Metizolam-Pulver in den USA erlaubt, wo kann man Metizolam-Pulver kaufen, wie kann man Metizolam-Pulver bestellen, und ob es in Kanada erlaubt ist.<\/p>","protected":false},"excerpt":{"rendered":"<p>Purchase Powdered Metizolam Online API, active pharmaceutical ingredients, intermediates, DMF, FDA, US Drug Master Files, documentation, and certification for etizolam powder are all produced and supplied globally by Dandy Drugs. We offer to purchase top-notch sources with corresponding technical packages in accordance with commercialization or RND\/Development standards. Etizolam distributor from China. manufacturers of etizolam. Purchase &hellip;<\/p>\n<p class=\"read-more\"> <a class=\"\" href=\"https:\/\/legitgrams.com\/de\/produkt\/metizolam-pulver\/\"> <span class=\"screen-reader-text\">Metizolam-Pulver online kaufen<\/span> Mehr lesen \"<\/a><\/p>","protected":false},"featured_media":5291,"comment_status":"open","ping_status":"closed","template":"","meta":{"_uag_custom_page_level_css":"","site-sidebar-layout":"default","site-content-layout":"default","ast-global-header-display":"","ast-main-header-display":"","ast-hfb-above-header-display":"","ast-hfb-below-header-display":"","ast-hfb-mobile-header-display":"","site-post-title":"","ast-breadcrumbs-content":"","ast-featured-img":"","footer-sml-layout":"","theme-transparent-header-meta":"default","adv-header-id-meta":"","stick-header-meta":"default","header-above-stick-meta":"","header-main-stick-meta":"","header-below-stick-meta":"","_joinchat":[]},"product_brand":[],"product_cat":[600],"product_tag":[1819,1809,617,1801,1816,1813,1808,1800,1803,1811,1804,1802,1814,1821,1822,1820,1812,1817,1806,1818,1815,625,1807,1810,1805],"class_list":{"0":"post-4226","1":"product","2":"type-product","3":"status-publish","4":"has-post-thumbnail","6":"product_cat-research-chemicals-and-bath-salt","7":"product_tag-best-cheap-price-metizolam-powder","8":"product_tag-best-place-to-buy-metizolam-powder","9":"product_tag-bulk-online","10":"product_tag-buy-metizolam-powder","11":"product_tag-cheap-metizolam-powder","12":"product_tag-high-quality-metizolam-powder","13":"product_tag-how-to-buy-metizolam-powder","14":"product_tag-metizolam-powder","15":"product_tag-metizolam-powder-for-sale","16":"product_tag-metizolam-powder-legally","17":"product_tag-metizolam-powder-metizolam-powder-supplier","18":"product_tag-metizolam-powder-online","19":"product_tag-metizolam-powder-store","20":"product_tag-metizolam-powder-use","21":"product_tag-metizolam-powder-wiki","22":"product_tag-metizolam-powder-worldwide","23":"product_tag-metizolam-powderprice","24":"product_tag-metizolam-powders","25":"product_tag-order-metizolam-powder","26":"product_tag-purcharse-metizolam-powder","27":"product_tag-shop-metizolam-powder","28":"product_tag-top-quality","29":"product_tag-where-to-buy-metizolam-powder","30":"product_tag-where-to-order-metizolam-powder","31":"product_tag-wholesale-metizolam-powder","32":"desktop-align-left","33":"tablet-align-left","34":"mobile-align-left","35":"ast-product-gallery-layout-horizontal","36":"ast-product-gallery-with-no-image","37":"ast-product-single-variable","38":"ast-product-tabs-layout-horizontal","39":"ast-qv-on-image","41":"first","42":"instock","43":"shipping-taxable","44":"purchasable","45":"product-type-variable"},"yoast_head":"<!-- This site is optimized with the Yoast SEO plugin v25.9 - https:\/\/yoast.com\/wordpress\/plugins\/seo\/ -->\n<title>Metizolam Powder for Sale - Buy Metizolam Powder Online | LG<\/title>\n<meta name=\"description\" content=\"Looking to buy Metizolam Powder online at a reasonable price? Visit our reputable Legitgrams online store and get Metizolam Powder for sale today. Place an order now!\" \/>\n<meta name=\"robots\" content=\"index, follow, max-snippet:-1, max-image-preview:large, max-video-preview:-1\" \/>\n<link rel=\"canonical\" href=\"https:\/\/legitgrams.com\/de\/produkt\/metizolam-pulver\/\" \/>\n<meta property=\"og:locale\" content=\"de_DE\" \/>\n<meta property=\"og:type\" content=\"article\" \/>\n<meta property=\"og:title\" content=\"Metizolam Powder for Sale - Buy Metizolam Powder Online | LG\" \/>\n<meta property=\"og:description\" content=\"Looking to buy Metizolam Powder online at a reasonable price? Visit our reputable Legitgrams online store and get Metizolam Powder for sale today. Place an order now!\" \/>\n<meta property=\"og:url\" content=\"https:\/\/legitgrams.com\/de\/produkt\/metizolam-pulver\/\" \/>\n<meta property=\"og:site_name\" content=\"Legit Grams\" \/>\n<meta property=\"article:modified_time\" content=\"2025-04-03T08:58:31+00:00\" \/>\n<meta property=\"og:image\" content=\"https:\/\/legitgrams.com\/wp-content\/uploads\/2024\/09\/buy-metizolam-powder-online-1.jpg\" \/>\n\t<meta property=\"og:image:width\" content=\"600\" \/>\n\t<meta property=\"og:image:height\" content=\"600\" \/>\n\t<meta property=\"og:image:type\" content=\"image\/jpeg\" \/>\n<meta name=\"twitter:card\" content=\"summary_large_image\" \/>\n<meta name=\"twitter:label1\" content=\"Gesch\u00e4tzte Lesezeit\" \/>\n\t<meta name=\"twitter:data1\" content=\"5\u00a0Minuten\" \/>\n<script type=\"application\/ld+json\" class=\"yoast-schema-graph\">{\"@context\":\"https:\/\/schema.org\",\"@graph\":[{\"@type\":\"WebPage\",\"@id\":\"https:\/\/legitgrams.com\/product\/metizolam-powder\/\",\"url\":\"https:\/\/legitgrams.com\/product\/metizolam-powder\/\",\"name\":\"Metizolam Powder for Sale - Buy Metizolam Powder Online | LG\",\"isPartOf\":{\"@id\":\"https:\/\/legitgrams.com\/#website\"},\"primaryImageOfPage\":{\"@id\":\"https:\/\/legitgrams.com\/product\/metizolam-powder\/#primaryimage\"},\"image\":{\"@id\":\"https:\/\/legitgrams.com\/product\/metizolam-powder\/#primaryimage\"},\"thumbnailUrl\":\"https:\/\/legitgrams.com\/wp-content\/uploads\/2024\/09\/buy-metizolam-powder-online-1.jpg\",\"datePublished\":\"2024-09-22T06:41:05+00:00\",\"dateModified\":\"2025-04-03T08:58:31+00:00\",\"description\":\"Looking to buy Metizolam Powder online at a reasonable price? Visit our reputable Legitgrams online store and get Metizolam Powder for sale today. Place an order now!\",\"breadcrumb\":{\"@id\":\"https:\/\/legitgrams.com\/product\/metizolam-powder\/#breadcrumb\"},\"inLanguage\":\"de\",\"potentialAction\":[{\"@type\":\"ReadAction\",\"target\":[\"https:\/\/legitgrams.com\/product\/metizolam-powder\/\"]}]},{\"@type\":\"ImageObject\",\"inLanguage\":\"de\",\"@id\":\"https:\/\/legitgrams.com\/product\/metizolam-powder\/#primaryimage\",\"url\":\"https:\/\/legitgrams.com\/wp-content\/uploads\/2024\/09\/buy-metizolam-powder-online-1.jpg\",\"contentUrl\":\"https:\/\/legitgrams.com\/wp-content\/uploads\/2024\/09\/buy-metizolam-powder-online-1.jpg\",\"width\":600,\"height\":600,\"caption\":\"Metizolam Powder for Sale\"},{\"@type\":\"BreadcrumbList\",\"@id\":\"https:\/\/legitgrams.com\/product\/metizolam-powder\/#breadcrumb\",\"itemListElement\":[{\"@type\":\"ListItem\",\"position\":1,\"name\":\"Home\",\"item\":\"https:\/\/legitgrams.com\/\"},{\"@type\":\"ListItem\",\"position\":2,\"name\":\"Shop\",\"item\":\"https:\/\/legitgrams.com\/shop\/\"},{\"@type\":\"ListItem\",\"position\":3,\"name\":\"Buy Metizolam Powder Online\"}]},{\"@type\":\"WebSite\",\"@id\":\"https:\/\/legitgrams.com\/#website\",\"url\":\"https:\/\/legitgrams.com\/\",\"name\":\"Legit Grams\",\"description\":\"My WordPress Blog\",\"publisher\":{\"@id\":\"https:\/\/legitgrams.com\/#organization\"},\"potentialAction\":[{\"@type\":\"SearchAction\",\"target\":{\"@type\":\"EntryPoint\",\"urlTemplate\":\"https:\/\/legitgrams.com\/?s={search_term_string}\"},\"query-input\":{\"@type\":\"PropertyValueSpecification\",\"valueRequired\":true,\"valueName\":\"search_term_string\"}}],\"inLanguage\":\"de\"},{\"@type\":\"Organization\",\"@id\":\"https:\/\/legitgrams.com\/#organization\",\"name\":\"Legit Grams\",\"url\":\"https:\/\/legitgrams.com\/\",\"logo\":{\"@type\":\"ImageObject\",\"inLanguage\":\"de\",\"@id\":\"https:\/\/legitgrams.com\/#\/schema\/logo\/image\/\",\"url\":\"https:\/\/legitgrams.com\/wp-content\/uploads\/2024\/09\/main-logo.png\",\"contentUrl\":\"https:\/\/legitgrams.com\/wp-content\/uploads\/2024\/09\/main-logo.png\",\"width\":270,\"height\":75,\"caption\":\"Legit Grams\"},\"image\":{\"@id\":\"https:\/\/legitgrams.com\/#\/schema\/logo\/image\/\"}}]}<\/script>\n<!-- \/ Yoast SEO plugin. -->","yoast_head_json":{"title":"Metizolam Pulver zu verkaufen - Metizolam Pulver online kaufen | LG","description":"M\u00f6chten Sie Metizolam Powder zu einem vern\u00fcnftigen Preis online kaufen? Besuchen Sie unseren seri\u00f6sen Legitgrams Online-Shop und erhalten Sie Metizolam Powder zum Verkauf heute. Geben Sie jetzt eine Bestellung auf!","robots":{"index":"index","follow":"follow","max-snippet":"max-snippet:-1","max-image-preview":"max-image-preview:large","max-video-preview":"max-video-preview:-1"},"canonical":"https:\/\/legitgrams.com\/de\/produkt\/metizolam-pulver\/","og_locale":"de_DE","og_type":"article","og_title":"Metizolam Powder for Sale - Buy Metizolam Powder Online | LG","og_description":"Looking to buy Metizolam Powder online at a reasonable price? Visit our reputable Legitgrams online store and get Metizolam Powder for sale today. Place an order now!","og_url":"https:\/\/legitgrams.com\/de\/produkt\/metizolam-pulver\/","og_site_name":"Legit Grams","article_modified_time":"2025-04-03T08:58:31+00:00","og_image":[{"width":600,"height":600,"url":"https:\/\/legitgrams.com\/wp-content\/uploads\/2024\/09\/buy-metizolam-powder-online-1.jpg","type":"image\/jpeg"}],"twitter_card":"summary_large_image","twitter_misc":{"Gesch\u00e4tzte Lesezeit":"5\u00a0Minuten"},"schema":{"@context":"https:\/\/schema.org","@graph":[{"@type":"WebPage","@id":"https:\/\/legitgrams.com\/product\/metizolam-powder\/","url":"https:\/\/legitgrams.com\/product\/metizolam-powder\/","name":"Metizolam Pulver zu verkaufen - Metizolam Pulver online kaufen | LG","isPartOf":{"@id":"https:\/\/legitgrams.com\/#website"},"primaryImageOfPage":{"@id":"https:\/\/legitgrams.com\/product\/metizolam-powder\/#primaryimage"},"image":{"@id":"https:\/\/legitgrams.com\/product\/metizolam-powder\/#primaryimage"},"thumbnailUrl":"https:\/\/legitgrams.com\/wp-content\/uploads\/2024\/09\/buy-metizolam-powder-online-1.jpg","datePublished":"2024-09-22T06:41:05+00:00","dateModified":"2025-04-03T08:58:31+00:00","description":"M\u00f6chten Sie Metizolam Powder zu einem vern\u00fcnftigen Preis online kaufen? Besuchen Sie unseren seri\u00f6sen Legitgrams Online-Shop und erhalten Sie Metizolam Powder zum Verkauf heute. Geben Sie jetzt eine Bestellung auf!","breadcrumb":{"@id":"https:\/\/legitgrams.com\/product\/metizolam-powder\/#breadcrumb"},"inLanguage":"de","potentialAction":[{"@type":"ReadAction","target":["https:\/\/legitgrams.com\/product\/metizolam-powder\/"]}]},{"@type":"ImageObject","inLanguage":"de","@id":"https:\/\/legitgrams.com\/product\/metizolam-powder\/#primaryimage","url":"https:\/\/legitgrams.com\/wp-content\/uploads\/2024\/09\/buy-metizolam-powder-online-1.jpg","contentUrl":"https:\/\/legitgrams.com\/wp-content\/uploads\/2024\/09\/buy-metizolam-powder-online-1.jpg","width":600,"height":600,"caption":"Metizolam Powder for Sale"},{"@type":"BreadcrumbList","@id":"https:\/\/legitgrams.com\/product\/metizolam-powder\/#breadcrumb","itemListElement":[{"@type":"ListItem","position":1,"name":"Home","item":"https:\/\/legitgrams.com\/"},{"@type":"ListItem","position":2,"name":"Shop","item":"https:\/\/legitgrams.com\/shop\/"},{"@type":"ListItem","position":3,"name":"Buy Metizolam Powder Online"}]},{"@type":"WebSite","@id":"https:\/\/legitgrams.com\/#website","url":"https:\/\/legitgrams.com\/","name":"Legitimer Grammwert","description":"Mein WordPress-Blog","publisher":{"@id":"https:\/\/legitgrams.com\/#organization"},"potentialAction":[{"@type":"SearchAction","target":{"@type":"EntryPoint","urlTemplate":"https:\/\/legitgrams.com\/?s={search_term_string}"},"query-input":{"@type":"PropertyValueSpecification","valueRequired":true,"valueName":"search_term_string"}}],"inLanguage":"de"},{"@type":"Organization","@id":"https:\/\/legitgrams.com\/#organization","name":"Legitimer Grammwert","url":"https:\/\/legitgrams.com\/","logo":{"@type":"ImageObject","inLanguage":"de","@id":"https:\/\/legitgrams.com\/#\/schema\/logo\/image\/","url":"https:\/\/legitgrams.com\/wp-content\/uploads\/2024\/09\/main-logo.png","contentUrl":"https:\/\/legitgrams.com\/wp-content\/uploads\/2024\/09\/main-logo.png","width":270,"height":75,"caption":"Legit Grams"},"image":{"@id":"https:\/\/legitgrams.com\/#\/schema\/logo\/image\/"}}]}},"uagb_featured_image_src":{"full":["https:\/\/legitgrams.com\/wp-content\/uploads\/2024\/09\/buy-metizolam-powder-online-1.jpg",600,600,false],"thumbnail":["https:\/\/legitgrams.com\/wp-content\/uploads\/2024\/09\/buy-metizolam-powder-online-1-150x150.jpg",150,150,true],"medium":["https:\/\/legitgrams.com\/wp-content\/uploads\/2024\/09\/buy-metizolam-powder-online-1-300x300.jpg",300,300,true],"medium_large":["https:\/\/legitgrams.com\/wp-content\/uploads\/2024\/09\/buy-metizolam-powder-online-1.jpg",600,600,false],"large":["https:\/\/legitgrams.com\/wp-content\/uploads\/2024\/09\/buy-metizolam-powder-online-1.jpg",600,600,false],"1536x1536":["https:\/\/legitgrams.com\/wp-content\/uploads\/2024\/09\/buy-metizolam-powder-online-1.jpg",600,600,false],"2048x2048":["https:\/\/legitgrams.com\/wp-content\/uploads\/2024\/09\/buy-metizolam-powder-online-1.jpg",600,600,false],"trp-custom-language-flag":["https:\/\/legitgrams.com\/wp-content\/uploads\/2024\/09\/buy-metizolam-powder-online-1-12x12.jpg",12,12,true],"woocommerce_thumbnail":["https:\/\/legitgrams.com\/wp-content\/uploads\/2024\/09\/buy-metizolam-powder-online-1-300x300.jpg",300,300,true],"woocommerce_single":["https:\/\/legitgrams.com\/wp-content\/uploads\/2024\/09\/buy-metizolam-powder-online-1.jpg",600,600,false],"woocommerce_gallery_thumbnail":["https:\/\/legitgrams.com\/wp-content\/uploads\/2024\/09\/buy-metizolam-powder-online-1-100x100.jpg",100,100,true]},"uagb_author_info":{"display_name":"cokeblog18","author_link":"https:\/\/legitgrams.com\/de\/author\/"},"uagb_comment_info":0,"uagb_excerpt":"Purchase Powdered Metizolam Online API, active pharmaceutical ingredients, intermediates, DMF, FDA, US Drug Master Files, documentation, and certification for etizolam powder are all produced and supplied globally by Dandy Drugs. We offer to purchase top-notch sources with corresponding technical packages in accordance with commercialization or RND\/Development standards. Etizolam distributor from China. manufacturers of etizolam. Purchase&hellip;","_links":{"self":[{"href":"https:\/\/legitgrams.com\/de\/wp-json\/wp\/v2\/product\/4226","targetHints":{"allow":["GET"]}}],"collection":[{"href":"https:\/\/legitgrams.com\/de\/wp-json\/wp\/v2\/product"}],"about":[{"href":"https:\/\/legitgrams.com\/de\/wp-json\/wp\/v2\/types\/product"}],"replies":[{"embeddable":true,"href":"https:\/\/legitgrams.com\/de\/wp-json\/wp\/v2\/comments?post=4226"}],"wp:featuredmedia":[{"embeddable":true,"href":"https:\/\/legitgrams.com\/de\/wp-json\/wp\/v2\/media\/5291"}],"wp:attachment":[{"href":"https:\/\/legitgrams.com\/de\/wp-json\/wp\/v2\/media?parent=4226"}],"wp:term":[{"taxonomy":"product_brand","embeddable":true,"href":"https:\/\/legitgrams.com\/de\/wp-json\/wp\/v2\/product_brand?post=4226"},{"taxonomy":"product_cat","embeddable":true,"href":"https:\/\/legitgrams.com\/de\/wp-json\/wp\/v2\/product_cat?post=4226"},{"taxonomy":"product_tag","embeddable":true,"href":"https:\/\/legitgrams.com\/de\/wp-json\/wp\/v2\/product_tag?post=4226"}],"curies":[{"name":"wp","href":"https:\/\/api.w.org\/{rel}","templated":true}]}}