{"id":4230,"date":"2024-09-22T06:38:57","date_gmt":"2024-09-22T06:38:57","guid":{"rendered":"https:\/\/legitgrams.com\/?post_type=product&#038;p=4230"},"modified":"2025-04-03T10:05:20","modified_gmt":"2025-04-03T10:05:20","slug":"reines-dimethyltryptamin-dmt","status":"publish","type":"product","link":"https:\/\/legitgrams.com\/de\/produkt\/reines-dimethyltryptamin-dmt\/","title":{"rendered":"Reines Dimethyltryptamin DMT online kaufen"},"content":{"rendered":"<h2>Kauf von reinem Dimethyltryptamin DMT DMT (reines Dimethyltryptamin) online<\/h2>\n<p>Aus den Samen und Bl\u00e4ttern von Piptadenia peregrina (Mimosaceae) wird die halluzinogene Pflanze Emphysema cohoba hergestellt. Dimethyltryptamin ist der Wirkstoff in mehreren Pflanzenmaterialien. Es kommt auch in s\u00fcdamerikanischen Pflanzen vor. Berichten zufolge ist es in der tropischen H\u00fclsenfrucht Mucuna Pruriens enthalten. <a style=\"font-size: 16px; background-color: #ffffff;\" href=\"https:\/\/legitgrams.com\/de\/\">LegitGrams<\/a><\/p>\n<p><a href=\"https:\/\/duckduckgo.com\/?q=Kaufen+Sie+reines+Dimethyltryptamin+DMT+online&amp;t=h_\">Emphysem cohoba<\/a>, eine halluzinogene Pflanze, wird aus den Samen und Bl\u00e4ttern von <a href=\"https:\/\/www.bing.com\/search?q=KaufenSiereinesDimethyltryptaminDMTonline&amp;qs=n&amp;form=QBRE&amp;sp=-1&amp;lq=0&amp;pq=kaufensiereinesdimethyltryptamindmtonline&amp;sc=0-46&amp;sk=&amp;cvid=51817B9F082F4E23ABA2A7C0FD9B6E6B&amp;ghsh=0&amp;ghacc=0&amp;ghpl=\">Piptadenia peregrina<\/a> (Mimosaceae). Der Wirkstoff in diesen Pflanzenstoffen ist <a href=\"https:\/\/legitgrams.com\/de\/produkt\/reines-dimethyltryptamin-dmt\/\">Dimethyltryptamin<\/a>. Es wird auch aus Pflanzen in S\u00fcdamerika gewonnen und soll in Mucuna Pruriens, einer tropischen H\u00fclsenfrucht, enthalten sein.<\/p>\n<p>Purchase Pure DMT Online: Purchase Pure DMT online, purchase <a href=\"https:\/\/www.google.com\/search?q=Kaufen+Sie+reines+Dimethyltryptamin+DMT+online&amp;sca_esv=eddefdb7b92e7545&amp;sxsrf=AHTn8zoSYtGDuUvEW_0ap5CMCA155WoDsg1743675213627&amp;ei=TV_uZ56AJob90PEPo-m9yAc&amp;ved=0ahUKEwje2tit0LuMAxWGPjQIHaN0D3kQ4dUDCBA&amp;uact=5&amp;oq=Kaufen+Sie+reines+Dimethyltryptamin+DMT+online&amp;gs_lp=Egxnd3Mtd2l6LXNlcnAiLkthdWZlbiBTaWUgcmVpbmVzIERpbWV0aHlsdHJ5cHRhbWluIERNVCBvbmxpbmVIqQRQAFgAcAB4AJABAJgB_AKgAfwCqgEDMy0xuAEDyAEA-AEC-AEBmAIAoAIAmAMAkgcAoAeJArIHALgHAA&amp;sclient=gws-wiz-serp\">Reines Dimethyltryptamin DMT<\/a> Wo kann man reines Dimethyltryptamin DMT in den USA kaufen? Reines Dimethyltryptamin DMT zu verkaufen. Reines Dimethyltryptamin DMT in der N\u00e4he kaufen. Wo gibt es reines Dimethyltryptamin DMT online? Wo kann man es vor Ort kaufen? Wie viel kostet reines Dimethyltryptamin DMT in den USA, Kanada und Gro\u00dfbritannien? Reines Dimethyltryptamin DMT ist weiterhin erh\u00e4ltlich. Sie k\u00f6nnen es online erwerben. Reines Dimethyltryptamin DMT ist in Kanada legal. Ist reines <a href=\"https:\/\/en.wikipedia.org\/wiki\/N,N-Dimethyltryptamine\">Dimethyltryptamin DMT<\/a> in den Vereinigten Staaten zugelassen?<\/p>","protected":false},"excerpt":{"rendered":"<p>Purchase of Pure Dimethyltryptamine DMT DMT (pure dimethyltryptamine) Online The seeds and leaves of Piptadenia peregrina (Mimosaceae) are used to make the hallucinogenic plant Emphysema cohoba. Dimethyltryptamine is the active ingredient in several plant materials. It also comes from South American plants. Reportedly present in the tropical legume Mucuna Pruriens. LegitGrams Emphysema cohoba, a hallucinogenic &hellip;<\/p>\n<p class=\"read-more\"> <a class=\"\" href=\"https:\/\/legitgrams.com\/de\/produkt\/reines-dimethyltryptamin-dmt\/\"> <span class=\"screen-reader-text\">Reines Dimethyltryptamin DMT online kaufen<\/span> Mehr lesen \"<\/a><\/p>","protected":false},"featured_media":5299,"comment_status":"open","ping_status":"closed","template":"","meta":{"_uag_custom_page_level_css":"","site-sidebar-layout":"default","site-content-layout":"default","ast-global-header-display":"","ast-main-header-display":"","ast-hfb-above-header-display":"","ast-hfb-below-header-display":"","ast-hfb-mobile-header-display":"","site-post-title":"","ast-breadcrumbs-content":"","ast-featured-img":"","footer-sml-layout":"","theme-transparent-header-meta":"default","adv-header-id-meta":"","stick-header-meta":"default","header-above-stick-meta":"","header-main-stick-meta":"","header-below-stick-meta":"","_joinchat":[]},"product_brand":[],"product_cat":[600],"product_tag":[1911,1901,617,1893,1908,1905,1900,1898,1910,1892,1895,1903,1894,1896,1906,1913,1914,1912,1904,1909,1907,625,1899,1902,1897],"class_list":{"0":"post-4230","1":"product","2":"type-product","3":"status-publish","4":"has-post-thumbnail","6":"product_cat-research-chemicals-and-bath-salt","7":"product_tag-best-cheap-price-pure-dimethyltryptamine-dmt","8":"product_tag-best-place-to-buy-pure-dimethyltryptamine-dmt","9":"product_tag-bulk-online","10":"product_tag-buy-pure-dimethyltryptamine-dmt","11":"product_tag-cheap-pure-dimethyltryptamine-dmt","12":"product_tag-high-quality-pure-dimethyltryptamine-dmt","13":"product_tag-how-to-buy-pure-dimethyltryptamine-dmt","14":"product_tag-order-pure-dimethyltryptamine-dmt","15":"product_tag-purcharse-pure-dimethyltryptamine-dmt","16":"product_tag-pure-dimethyltryptamine-dmt","17":"product_tag-pure-dimethyltryptamine-dmt-for-sale","18":"product_tag-pure-dimethyltryptamine-dmt-legally","19":"product_tag-pure-dimethyltryptamine-dmt-online","20":"product_tag-pure-dimethyltryptamine-dmt-pure-dimethyltryptamine-dmt-supplier","21":"product_tag-pure-dimethyltryptamine-dmt-store","22":"product_tag-pure-dimethyltryptamine-dmt-use","23":"product_tag-pure-dimethyltryptamine-dmt-wiki","24":"product_tag-pure-dimethyltryptamine-dmt-worldwide","25":"product_tag-pure-dimethyltryptamine-dmtprice","26":"product_tag-pure-dimethyltryptamine-dmts","27":"product_tag-shop-pure-dimethyltryptamine-dmt","28":"product_tag-top-quality","29":"product_tag-where-to-buy-pure-dimethyltryptamine-dmt","30":"product_tag-where-to-order-pure-dimethyltryptamine-dmt","31":"product_tag-wholesale-pure-dimethyltryptamine-dmt","32":"desktop-align-left","33":"tablet-align-left","34":"mobile-align-left","35":"ast-product-gallery-layout-horizontal","36":"ast-product-gallery-with-no-image","37":"ast-product-single-variable","38":"ast-product-tabs-layout-horizontal","39":"ast-qv-on-image","41":"first","42":"instock","43":"shipping-taxable","44":"purchasable","45":"product-type-variable"},"yoast_head":"<!-- This site is optimized with the Yoast SEO plugin v25.9 - https:\/\/yoast.com\/wordpress\/plugins\/seo\/ -->\n<title>Dimethyltryptamine DMT for Sale - Buy DMT Online | LegitGrams<\/title>\n<meta name=\"description\" content=\"If you want to buy dimethyltryptamine dmt online and looking for a reliable online shop, then buy here. We offer only high-quality pure dimethyltryptamine dmt for sale at an affordable price. Order Now!\" \/>\n<meta name=\"robots\" content=\"index, follow, max-snippet:-1, max-image-preview:large, max-video-preview:-1\" \/>\n<link rel=\"canonical\" href=\"https:\/\/legitgrams.com\/de\/produkt\/reines-dimethyltryptamin-dmt\/\" \/>\n<meta property=\"og:locale\" content=\"de_DE\" \/>\n<meta property=\"og:type\" content=\"article\" \/>\n<meta property=\"og:title\" content=\"Dimethyltryptamine DMT for Sale - Buy DMT Online | LegitGrams\" \/>\n<meta property=\"og:description\" content=\"If you want to buy dimethyltryptamine dmt online and looking for a reliable online shop, then buy here. We offer only high-quality pure dimethyltryptamine dmt for sale at an affordable price. Order Now!\" \/>\n<meta property=\"og:url\" content=\"https:\/\/legitgrams.com\/de\/produkt\/reines-dimethyltryptamin-dmt\/\" \/>\n<meta property=\"og:site_name\" content=\"Legit Grams\" \/>\n<meta property=\"article:modified_time\" content=\"2025-04-03T10:05:20+00:00\" \/>\n<meta property=\"og:image\" content=\"https:\/\/legitgrams.com\/wp-content\/uploads\/2024\/09\/Buy-Pure-Dimethyltryptamine-DMT-Online.jpg\" \/>\n\t<meta property=\"og:image:width\" content=\"600\" \/>\n\t<meta property=\"og:image:height\" content=\"600\" \/>\n\t<meta property=\"og:image:type\" content=\"image\/jpeg\" \/>\n<meta name=\"twitter:card\" content=\"summary_large_image\" \/>\n<meta name=\"twitter:label1\" content=\"Gesch\u00e4tzte Lesezeit\" \/>\n\t<meta name=\"twitter:data1\" content=\"2\u00a0Minuten\" \/>\n<script type=\"application\/ld+json\" class=\"yoast-schema-graph\">{\"@context\":\"https:\/\/schema.org\",\"@graph\":[{\"@type\":\"WebPage\",\"@id\":\"https:\/\/legitgrams.com\/product\/pure-dimethyltryptamine-dmt\/\",\"url\":\"https:\/\/legitgrams.com\/product\/pure-dimethyltryptamine-dmt\/\",\"name\":\"Dimethyltryptamine DMT for Sale - Buy DMT Online | LegitGrams\",\"isPartOf\":{\"@id\":\"https:\/\/legitgrams.com\/#website\"},\"primaryImageOfPage\":{\"@id\":\"https:\/\/legitgrams.com\/product\/pure-dimethyltryptamine-dmt\/#primaryimage\"},\"image\":{\"@id\":\"https:\/\/legitgrams.com\/product\/pure-dimethyltryptamine-dmt\/#primaryimage\"},\"thumbnailUrl\":\"https:\/\/legitgrams.com\/wp-content\/uploads\/2024\/09\/Buy-Pure-Dimethyltryptamine-DMT-Online.jpg\",\"datePublished\":\"2024-09-22T06:38:57+00:00\",\"dateModified\":\"2025-04-03T10:05:20+00:00\",\"description\":\"If you want to buy dimethyltryptamine dmt online and looking for a reliable online shop, then buy here. We offer only high-quality pure dimethyltryptamine dmt for sale at an affordable price. Order Now!\",\"breadcrumb\":{\"@id\":\"https:\/\/legitgrams.com\/product\/pure-dimethyltryptamine-dmt\/#breadcrumb\"},\"inLanguage\":\"de\",\"potentialAction\":[{\"@type\":\"ReadAction\",\"target\":[\"https:\/\/legitgrams.com\/product\/pure-dimethyltryptamine-dmt\/\"]}]},{\"@type\":\"ImageObject\",\"inLanguage\":\"de\",\"@id\":\"https:\/\/legitgrams.com\/product\/pure-dimethyltryptamine-dmt\/#primaryimage\",\"url\":\"https:\/\/legitgrams.com\/wp-content\/uploads\/2024\/09\/Buy-Pure-Dimethyltryptamine-DMT-Online.jpg\",\"contentUrl\":\"https:\/\/legitgrams.com\/wp-content\/uploads\/2024\/09\/Buy-Pure-Dimethyltryptamine-DMT-Online.jpg\",\"width\":600,\"height\":600,\"caption\":\"Pure Dimethyltryptamine DMT for Sale\"},{\"@type\":\"BreadcrumbList\",\"@id\":\"https:\/\/legitgrams.com\/product\/pure-dimethyltryptamine-dmt\/#breadcrumb\",\"itemListElement\":[{\"@type\":\"ListItem\",\"position\":1,\"name\":\"Home\",\"item\":\"https:\/\/legitgrams.com\/\"},{\"@type\":\"ListItem\",\"position\":2,\"name\":\"Shop\",\"item\":\"https:\/\/legitgrams.com\/shop\/\"},{\"@type\":\"ListItem\",\"position\":3,\"name\":\"Buy Pure Dimethyltryptamine DMT Online\"}]},{\"@type\":\"WebSite\",\"@id\":\"https:\/\/legitgrams.com\/#website\",\"url\":\"https:\/\/legitgrams.com\/\",\"name\":\"Legit Grams\",\"description\":\"My WordPress Blog\",\"publisher\":{\"@id\":\"https:\/\/legitgrams.com\/#organization\"},\"potentialAction\":[{\"@type\":\"SearchAction\",\"target\":{\"@type\":\"EntryPoint\",\"urlTemplate\":\"https:\/\/legitgrams.com\/?s={search_term_string}\"},\"query-input\":{\"@type\":\"PropertyValueSpecification\",\"valueRequired\":true,\"valueName\":\"search_term_string\"}}],\"inLanguage\":\"de\"},{\"@type\":\"Organization\",\"@id\":\"https:\/\/legitgrams.com\/#organization\",\"name\":\"Legit Grams\",\"url\":\"https:\/\/legitgrams.com\/\",\"logo\":{\"@type\":\"ImageObject\",\"inLanguage\":\"de\",\"@id\":\"https:\/\/legitgrams.com\/#\/schema\/logo\/image\/\",\"url\":\"https:\/\/legitgrams.com\/wp-content\/uploads\/2024\/09\/main-logo.png\",\"contentUrl\":\"https:\/\/legitgrams.com\/wp-content\/uploads\/2024\/09\/main-logo.png\",\"width\":270,\"height\":75,\"caption\":\"Legit Grams\"},\"image\":{\"@id\":\"https:\/\/legitgrams.com\/#\/schema\/logo\/image\/\"}}]}<\/script>\n<!-- \/ Yoast SEO plugin. -->","yoast_head_json":{"title":"Dimethyltryptamin DMT zu verkaufen \u2013 DMT online kaufen | LegitGrams","description":"Wenn Sie Dimethyltryptamin dmt online kaufen m\u00f6chten und nach einem zuverl\u00e4ssigen Online-Shop suchen, dann kaufen Sie hier. Wir bieten nur hochwertiges reines Dimethyltryptamin dmt zum Verkauf zu einem g\u00fcnstigen Preis an. Bestellen Sie jetzt!","robots":{"index":"index","follow":"follow","max-snippet":"max-snippet:-1","max-image-preview":"max-image-preview:large","max-video-preview":"max-video-preview:-1"},"canonical":"https:\/\/legitgrams.com\/de\/produkt\/reines-dimethyltryptamin-dmt\/","og_locale":"de_DE","og_type":"article","og_title":"Dimethyltryptamine DMT for Sale - Buy DMT Online | LegitGrams","og_description":"If you want to buy dimethyltryptamine dmt online and looking for a reliable online shop, then buy here. We offer only high-quality pure dimethyltryptamine dmt for sale at an affordable price. Order Now!","og_url":"https:\/\/legitgrams.com\/de\/produkt\/reines-dimethyltryptamin-dmt\/","og_site_name":"Legit Grams","article_modified_time":"2025-04-03T10:05:20+00:00","og_image":[{"width":600,"height":600,"url":"https:\/\/legitgrams.com\/wp-content\/uploads\/2024\/09\/Buy-Pure-Dimethyltryptamine-DMT-Online.jpg","type":"image\/jpeg"}],"twitter_card":"summary_large_image","twitter_misc":{"Gesch\u00e4tzte Lesezeit":"2\u00a0Minuten"},"schema":{"@context":"https:\/\/schema.org","@graph":[{"@type":"WebPage","@id":"https:\/\/legitgrams.com\/product\/pure-dimethyltryptamine-dmt\/","url":"https:\/\/legitgrams.com\/product\/pure-dimethyltryptamine-dmt\/","name":"Dimethyltryptamin DMT zu verkaufen \u2013 DMT online kaufen | LegitGrams","isPartOf":{"@id":"https:\/\/legitgrams.com\/#website"},"primaryImageOfPage":{"@id":"https:\/\/legitgrams.com\/product\/pure-dimethyltryptamine-dmt\/#primaryimage"},"image":{"@id":"https:\/\/legitgrams.com\/product\/pure-dimethyltryptamine-dmt\/#primaryimage"},"thumbnailUrl":"https:\/\/legitgrams.com\/wp-content\/uploads\/2024\/09\/Buy-Pure-Dimethyltryptamine-DMT-Online.jpg","datePublished":"2024-09-22T06:38:57+00:00","dateModified":"2025-04-03T10:05:20+00:00","description":"Wenn Sie Dimethyltryptamin dmt online kaufen m\u00f6chten und nach einem zuverl\u00e4ssigen Online-Shop suchen, dann kaufen Sie hier. Wir bieten nur hochwertiges reines Dimethyltryptamin dmt zum Verkauf zu einem g\u00fcnstigen Preis an. Bestellen Sie jetzt!","breadcrumb":{"@id":"https:\/\/legitgrams.com\/product\/pure-dimethyltryptamine-dmt\/#breadcrumb"},"inLanguage":"de","potentialAction":[{"@type":"ReadAction","target":["https:\/\/legitgrams.com\/product\/pure-dimethyltryptamine-dmt\/"]}]},{"@type":"ImageObject","inLanguage":"de","@id":"https:\/\/legitgrams.com\/product\/pure-dimethyltryptamine-dmt\/#primaryimage","url":"https:\/\/legitgrams.com\/wp-content\/uploads\/2024\/09\/Buy-Pure-Dimethyltryptamine-DMT-Online.jpg","contentUrl":"https:\/\/legitgrams.com\/wp-content\/uploads\/2024\/09\/Buy-Pure-Dimethyltryptamine-DMT-Online.jpg","width":600,"height":600,"caption":"Pure Dimethyltryptamine DMT for Sale"},{"@type":"BreadcrumbList","@id":"https:\/\/legitgrams.com\/product\/pure-dimethyltryptamine-dmt\/#breadcrumb","itemListElement":[{"@type":"ListItem","position":1,"name":"Home","item":"https:\/\/legitgrams.com\/"},{"@type":"ListItem","position":2,"name":"Shop","item":"https:\/\/legitgrams.com\/shop\/"},{"@type":"ListItem","position":3,"name":"Buy Pure Dimethyltryptamine DMT Online"}]},{"@type":"WebSite","@id":"https:\/\/legitgrams.com\/#website","url":"https:\/\/legitgrams.com\/","name":"Legitimer Grammwert","description":"Mein WordPress-Blog","publisher":{"@id":"https:\/\/legitgrams.com\/#organization"},"potentialAction":[{"@type":"SearchAction","target":{"@type":"EntryPoint","urlTemplate":"https:\/\/legitgrams.com\/?s={search_term_string}"},"query-input":{"@type":"PropertyValueSpecification","valueRequired":true,"valueName":"search_term_string"}}],"inLanguage":"de"},{"@type":"Organization","@id":"https:\/\/legitgrams.com\/#organization","name":"Legitimer Grammwert","url":"https:\/\/legitgrams.com\/","logo":{"@type":"ImageObject","inLanguage":"de","@id":"https:\/\/legitgrams.com\/#\/schema\/logo\/image\/","url":"https:\/\/legitgrams.com\/wp-content\/uploads\/2024\/09\/main-logo.png","contentUrl":"https:\/\/legitgrams.com\/wp-content\/uploads\/2024\/09\/main-logo.png","width":270,"height":75,"caption":"Legit Grams"},"image":{"@id":"https:\/\/legitgrams.com\/#\/schema\/logo\/image\/"}}]}},"uagb_featured_image_src":{"full":["https:\/\/legitgrams.com\/wp-content\/uploads\/2024\/09\/Buy-Pure-Dimethyltryptamine-DMT-Online.jpg",600,600,false],"thumbnail":["https:\/\/legitgrams.com\/wp-content\/uploads\/2024\/09\/Buy-Pure-Dimethyltryptamine-DMT-Online-150x150.jpg",150,150,true],"medium":["https:\/\/legitgrams.com\/wp-content\/uploads\/2024\/09\/Buy-Pure-Dimethyltryptamine-DMT-Online-300x300.jpg",300,300,true],"medium_large":["https:\/\/legitgrams.com\/wp-content\/uploads\/2024\/09\/Buy-Pure-Dimethyltryptamine-DMT-Online.jpg",600,600,false],"large":["https:\/\/legitgrams.com\/wp-content\/uploads\/2024\/09\/Buy-Pure-Dimethyltryptamine-DMT-Online.jpg",600,600,false],"1536x1536":["https:\/\/legitgrams.com\/wp-content\/uploads\/2024\/09\/Buy-Pure-Dimethyltryptamine-DMT-Online.jpg",600,600,false],"2048x2048":["https:\/\/legitgrams.com\/wp-content\/uploads\/2024\/09\/Buy-Pure-Dimethyltryptamine-DMT-Online.jpg",600,600,false],"trp-custom-language-flag":["https:\/\/legitgrams.com\/wp-content\/uploads\/2024\/09\/Buy-Pure-Dimethyltryptamine-DMT-Online-12x12.jpg",12,12,true],"woocommerce_thumbnail":["https:\/\/legitgrams.com\/wp-content\/uploads\/2024\/09\/Buy-Pure-Dimethyltryptamine-DMT-Online-300x300.jpg",300,300,true],"woocommerce_single":["https:\/\/legitgrams.com\/wp-content\/uploads\/2024\/09\/Buy-Pure-Dimethyltryptamine-DMT-Online.jpg",600,600,false],"woocommerce_gallery_thumbnail":["https:\/\/legitgrams.com\/wp-content\/uploads\/2024\/09\/Buy-Pure-Dimethyltryptamine-DMT-Online-100x100.jpg",100,100,true]},"uagb_author_info":{"display_name":"cokeblog18","author_link":"https:\/\/legitgrams.com\/de\/author\/"},"uagb_comment_info":0,"uagb_excerpt":"Purchase of Pure Dimethyltryptamine DMT DMT (pure dimethyltryptamine) Online The seeds and leaves of Piptadenia peregrina (Mimosaceae) are used to make the hallucinogenic plant Emphysema cohoba. Dimethyltryptamine is the active ingredient in several plant materials. It also comes from South American plants. Reportedly present in the tropical legume Mucuna Pruriens. LegitGrams Emphysema cohoba, a hallucinogenic&hellip;","_links":{"self":[{"href":"https:\/\/legitgrams.com\/de\/wp-json\/wp\/v2\/product\/4230","targetHints":{"allow":["GET"]}}],"collection":[{"href":"https:\/\/legitgrams.com\/de\/wp-json\/wp\/v2\/product"}],"about":[{"href":"https:\/\/legitgrams.com\/de\/wp-json\/wp\/v2\/types\/product"}],"replies":[{"embeddable":true,"href":"https:\/\/legitgrams.com\/de\/wp-json\/wp\/v2\/comments?post=4230"}],"wp:featuredmedia":[{"embeddable":true,"href":"https:\/\/legitgrams.com\/de\/wp-json\/wp\/v2\/media\/5299"}],"wp:attachment":[{"href":"https:\/\/legitgrams.com\/de\/wp-json\/wp\/v2\/media?parent=4230"}],"wp:term":[{"taxonomy":"product_brand","embeddable":true,"href":"https:\/\/legitgrams.com\/de\/wp-json\/wp\/v2\/product_brand?post=4230"},{"taxonomy":"product_cat","embeddable":true,"href":"https:\/\/legitgrams.com\/de\/wp-json\/wp\/v2\/product_cat?post=4230"},{"taxonomy":"product_tag","embeddable":true,"href":"https:\/\/legitgrams.com\/de\/wp-json\/wp\/v2\/product_tag?post=4230"}],"curies":[{"name":"wp","href":"https:\/\/api.w.org\/{rel}","templated":true}]}}