{"id":4232,"date":"2024-09-22T06:37:50","date_gmt":"2024-09-22T06:37:50","guid":{"rendered":"https:\/\/legitgrams.com\/?post_type=product&#038;p=4232"},"modified":"2025-01-14T10:54:04","modified_gmt":"2025-01-14T10:54:04","slug":"pyrazolam-0-5-mg-tabletten","status":"publish","type":"product","link":"https:\/\/legitgrams.com\/de\/produkt\/pyrazolam-0-5-mg-tabletten\/","title":{"rendered":"Pyrazolam 0,5 mg Tabletten"},"content":{"rendered":"<h2>0,5 mg Pyrazolam-Pellets online kaufen.<br \/>\nWarum wird Pyrazolam verwendet?<\/h2>\n<p>Alprazolam, ein grundlegendes Mitglied der Benzodiazepin-Klasse, ist ein weiterer synthetischer Stoff, der untersucht wird. Man geht davon aus, dass es aufgrund seiner Struktur allosterisch an den GABA-Rezeptor bindet, \u00e4hnlich wie Flubromazepam und Etizolam, jedoch mit h\u00f6herer Affinit\u00e4t und einer Halbwertszeit von einem halben Tag. Aufgrund der Struktur kann man davon ausgehen, dass Pyrazolam weniger Ataxie verursacht und eher wie ein Anxiolytikum als wie ein Narkotikum wirkt. Dies sind jedoch nur hypothetische Informationen, falls Pyrazolam f\u00fcr In-vivo-Studien (an einem lebenden Organismus) zugelassen wird. Viele Forscher, die Etizolam verwenden, k\u00f6nnten sowohl in ihren Kopplungstests als auch im allgemeinen Referenztest Pyrazolam entdecken, einen sehr engen Liganden.<\/p>\n<h3>F\u00fcr welche Zwecke wird Pyrazolam verwendet?<\/h3>\n<p><a href=\"https:\/\/en.wikipedia.org\/wiki\/Pyrazolam\">Pyrazolam<\/a> k\u00f6nnte ein guter Ligand sein, um ma\u00dfgebliche und ernsthafte Restriktionsstudien mit dem GABA-Rezeptor zu beginnen, da es sich um eine explorative Verbindung handelt, die nur f\u00fcr die Verwendung in vitro zugelassen ist (ein externer lebender Organismus). Die Wissenschaftler konnten die Kopplungsneigung und die \u00dcberlebensf\u00e4higkeit von Pyrazolam mit Hilfe eines synthetischen Films, der mit GABA-Rezeptoren infundiert wurde, vollst\u00e4ndig erfassen. Da sich Pyrazolam in Wasser aufl\u00f6st, kann es auch verd\u00fcnnt in einer L\u00f6sung auf Wasserbasis f\u00fcr den Gro\u00dfteil der extremen Oberfl\u00e4che verwendet werden. Pyrazolam ist ein erstaunliches Forschungsmedikament, das mit anderen synthetischen Medikamenten auf Benzodiazepin-Basis, wie Flubromazepam, kombiniert werden kann.<br \/>\nSynthetische Referenzbibliotheken, in denen Daten zu Substanzuntersuchungen f\u00fcr jede neue Verbindung zusammengestellt werden, k\u00f6nnen Pyrazolam verwenden. Pyrazolam kann als Blickpunktquelle f\u00fcr FTIR-, NMR-, HPLC- und GC\/MS-Analysen verwendet werden. Pyrazolam eignet sich auch f\u00fcr grundlegende Reagenzientests. <a href=\"https:\/\/legitgrams.com\/de\/\">LegitGrams<\/a><\/p>\n<p>Unsere Pyrazolam-Pellets enthalten Magnesiumstearat und mikrokristalline Cellulose, die im Pelletierprozess verwendet werden. Da die geringe Menge dieses synthetischen Stoffes so dynamisch ist, haben wir uns entschlossen, unser Pyrazolam zu pelletieren, um den Wissenschaftlern die M\u00f6glichkeit zu geben, eine genau abgemessene, einfache Art der Substanz zu verwenden. Au\u00dferdem ist es weniger riskant, die Substanz in einem gesch\u00fctzten Pellet einzuschlie\u00dfen, um ein versehentliches Versch\u00fctten oder eine m\u00f6gliche Einatmung zu vermeiden.<\/p>\n<p>Wo kann man Pyrazolam kaufen? Pyrazolam 0,5 mg Pellets online kaufen - kaufen <a href=\"https:\/\/legitgrams.com\/de\/produkt\/pyrazolam-0-5-mg-tabletten\/\">Pyrazolam<\/a> 0,5 mg pellets, kaufen Pyrazolam 0,5 mg pellets usa, kaufen Pyrazolam 0,5 mg pellets online USA bekommen Pyrazolam 0,5 mg pellets online in meiner N\u00e4he, wo Pyrazolam 0,5 mg pellets online zu bekommen, Pyrazolam 0.5 mg pellets for sale in the USA, Canada, and the UK, buy, online, suppliers, secure delivery, 0.5 mg pellets, Pyrazolam 0.5 mg pellets for sale, Pyrazolam 0.5 mg pellets for sale near me, You can still obtain Pyrazolam 0.5 mg pellets. Sie k\u00f6nnen auch herausfinden, ob Pyrazolam 0,5 mg Pellets in den Vereinigten Staaten legal sind, wie man Pyrazolam 0,5 mg Pellets bestellt und ob sie in Kanada legal sind.<\/p>","protected":false},"excerpt":{"rendered":"<p>Purchase 0.5 mg pellets of Pyrazolam online. Why is pyrazolam used? Alprazolam, a basic member of the benzodiazepine class of chemicals, is another synthetic that is being studied. It is thought that because of its structure, it would allosterically bind to the GABA receptor in a way that is comparable to that of flubromazepam and &hellip;<\/p>\n<p class=\"read-more\"> <a class=\"\" href=\"https:\/\/legitgrams.com\/de\/produkt\/pyrazolam-0-5-mg-tabletten\/\"> <span class=\"screen-reader-text\">Pyrazolam 0,5 mg Tabletten<\/span> Mehr lesen \"<\/a><\/p>","protected":false},"featured_media":5309,"comment_status":"open","ping_status":"closed","template":"","meta":{"_uag_custom_page_level_css":"","site-sidebar-layout":"default","site-content-layout":"default","ast-global-header-display":"","ast-main-header-display":"","ast-hfb-above-header-display":"","ast-hfb-below-header-display":"","ast-hfb-mobile-header-display":"","site-post-title":"","ast-breadcrumbs-content":"","ast-featured-img":"","footer-sml-layout":"","theme-transparent-header-meta":"default","adv-header-id-meta":"","stick-header-meta":"default","header-above-stick-meta":"","header-main-stick-meta":"","header-below-stick-meta":"","_joinchat":[]},"product_brand":[],"product_cat":[600],"product_tag":[1957,1947,617,1939,1954,1951,1946,1944,1956,1938,1941,1949,1940,1942,1952,1959,1960,1958,1950,1955,1953,625,1945,1948,1943],"class_list":{"0":"post-4232","1":"product","2":"type-product","3":"status-publish","4":"has-post-thumbnail","6":"product_cat-research-chemicals-and-bath-salt","7":"product_tag-best-cheap-price-pyrazolam-0-5-mg-pellets","8":"product_tag-best-place-to-buy-pyrazolam-0-5-mg-pellets","9":"product_tag-bulk-online","10":"product_tag-buy-pyrazolam-0-5-mg-pellets","11":"product_tag-cheap-pyrazolam-0-5-mg-pellets","12":"product_tag-high-quality-pyrazolam-0-5-mg-pellets","13":"product_tag-how-to-buy-pyrazolam-0-5-mg-pellets","14":"product_tag-order-pyrazolam-0-5-mg-pellets","15":"product_tag-purcharse-pyrazolam-0-5-mg-pellets","16":"product_tag-pyrazolam-0-5-mg-pellets","17":"product_tag-pyrazolam-0-5-mg-pellets-for-sale","18":"product_tag-pyrazolam-0-5-mg-pellets-legally","19":"product_tag-pyrazolam-0-5-mg-pellets-online","20":"product_tag-pyrazolam-0-5-mg-pellets-pyrazolam-0-5-mg-pellets-supplier","21":"product_tag-pyrazolam-0-5-mg-pellets-store","22":"product_tag-pyrazolam-0-5-mg-pellets-use","23":"product_tag-pyrazolam-0-5-mg-pellets-wiki","24":"product_tag-pyrazolam-0-5-mg-pellets-worldwide","25":"product_tag-pyrazolam-0-5-mg-pelletsprice","26":"product_tag-pyrazolam-0-5-mg-pelletss","27":"product_tag-shop-pyrazolam-0-5-mg-pellets","28":"product_tag-top-quality","29":"product_tag-where-to-buy-pyrazolam-0-5-mg-pellets","30":"product_tag-where-to-order-pyrazolam-0-5-mg-pellets","31":"product_tag-wholesale-pyrazolam-0-5-mg-pellets","32":"desktop-align-left","33":"tablet-align-left","34":"mobile-align-left","35":"ast-product-gallery-layout-horizontal","36":"ast-product-gallery-with-no-image","37":"ast-product-single-variable","38":"ast-product-tabs-layout-horizontal","39":"ast-qv-on-image","41":"first","42":"instock","43":"shipping-taxable","44":"purchasable","45":"product-type-variable"},"yoast_head":"<!-- This site is optimized with the Yoast SEO plugin v25.9 - https:\/\/yoast.com\/wordpress\/plugins\/seo\/ -->\n<title>Order Pyrazolam 0.5mg Pellets Online @ Best Price | LegitGrams<\/title>\n<meta name=\"description\" content=\"Looking to further your research? Buy pyrazolam 0.5mg pellets conveniently and securely online, with a straightforward ordering process for pyrazolam 0.5mg pellets for sale. Order Now with Fast and Discreet Shipping!\" \/>\n<meta name=\"robots\" content=\"index, follow, max-snippet:-1, max-image-preview:large, max-video-preview:-1\" \/>\n<link rel=\"canonical\" href=\"https:\/\/legitgrams.com\/de\/produkt\/pyrazolam-0-5-mg-tabletten\/\" \/>\n<meta property=\"og:locale\" content=\"de_DE\" \/>\n<meta property=\"og:type\" content=\"article\" \/>\n<meta property=\"og:title\" content=\"Order Pyrazolam 0.5mg Pellets Online @ Best Price | LegitGrams\" \/>\n<meta property=\"og:description\" content=\"Looking to further your research? Buy pyrazolam 0.5mg pellets conveniently and securely online, with a straightforward ordering process for pyrazolam 0.5mg pellets for sale. Order Now with Fast and Discreet Shipping!\" \/>\n<meta property=\"og:url\" content=\"https:\/\/legitgrams.com\/de\/produkt\/pyrazolam-0-5-mg-tabletten\/\" \/>\n<meta property=\"og:site_name\" content=\"Legit Grams\" \/>\n<meta property=\"article:modified_time\" content=\"2025-01-14T10:54:04+00:00\" \/>\n<meta property=\"og:image\" content=\"https:\/\/legitgrams.com\/wp-content\/uploads\/2024\/09\/buy-pyrazolam-0-5-mg-pellets-online.jpg\" \/>\n\t<meta property=\"og:image:width\" content=\"600\" \/>\n\t<meta property=\"og:image:height\" content=\"600\" \/>\n\t<meta property=\"og:image:type\" content=\"image\/jpeg\" \/>\n<meta name=\"twitter:card\" content=\"summary_large_image\" \/>\n<meta name=\"twitter:label1\" content=\"Gesch\u00e4tzte Lesezeit\" \/>\n\t<meta name=\"twitter:data1\" content=\"3\u00a0Minuten\" \/>\n<script type=\"application\/ld+json\" class=\"yoast-schema-graph\">{\"@context\":\"https:\/\/schema.org\",\"@graph\":[{\"@type\":\"WebPage\",\"@id\":\"https:\/\/legitgrams.com\/product\/pyrazolam-0-5-mg-pellets\/\",\"url\":\"https:\/\/legitgrams.com\/product\/pyrazolam-0-5-mg-pellets\/\",\"name\":\"Order Pyrazolam 0.5mg Pellets Online @ Best Price | LegitGrams\",\"isPartOf\":{\"@id\":\"https:\/\/legitgrams.com\/#website\"},\"primaryImageOfPage\":{\"@id\":\"https:\/\/legitgrams.com\/product\/pyrazolam-0-5-mg-pellets\/#primaryimage\"},\"image\":{\"@id\":\"https:\/\/legitgrams.com\/product\/pyrazolam-0-5-mg-pellets\/#primaryimage\"},\"thumbnailUrl\":\"https:\/\/legitgrams.com\/wp-content\/uploads\/2024\/09\/buy-pyrazolam-0-5-mg-pellets-online.jpg\",\"datePublished\":\"2024-09-22T06:37:50+00:00\",\"dateModified\":\"2025-01-14T10:54:04+00:00\",\"description\":\"Looking to further your research? Buy pyrazolam 0.5mg pellets conveniently and securely online, with a straightforward ordering process for pyrazolam 0.5mg pellets for sale. Order Now with Fast and Discreet Shipping!\",\"breadcrumb\":{\"@id\":\"https:\/\/legitgrams.com\/product\/pyrazolam-0-5-mg-pellets\/#breadcrumb\"},\"inLanguage\":\"de\",\"potentialAction\":[{\"@type\":\"ReadAction\",\"target\":[\"https:\/\/legitgrams.com\/product\/pyrazolam-0-5-mg-pellets\/\"]}]},{\"@type\":\"ImageObject\",\"inLanguage\":\"de\",\"@id\":\"https:\/\/legitgrams.com\/product\/pyrazolam-0-5-mg-pellets\/#primaryimage\",\"url\":\"https:\/\/legitgrams.com\/wp-content\/uploads\/2024\/09\/buy-pyrazolam-0-5-mg-pellets-online.jpg\",\"contentUrl\":\"https:\/\/legitgrams.com\/wp-content\/uploads\/2024\/09\/buy-pyrazolam-0-5-mg-pellets-online.jpg\",\"width\":600,\"height\":600,\"caption\":\"Pyrazolam 0.5mg Pellets for Sale\"},{\"@type\":\"BreadcrumbList\",\"@id\":\"https:\/\/legitgrams.com\/product\/pyrazolam-0-5-mg-pellets\/#breadcrumb\",\"itemListElement\":[{\"@type\":\"ListItem\",\"position\":1,\"name\":\"Home\",\"item\":\"https:\/\/legitgrams.com\/\"},{\"@type\":\"ListItem\",\"position\":2,\"name\":\"Shop\",\"item\":\"https:\/\/legitgrams.com\/shop\/\"},{\"@type\":\"ListItem\",\"position\":3,\"name\":\"Pyrazolam 0.5 mg pellets\"}]},{\"@type\":\"WebSite\",\"@id\":\"https:\/\/legitgrams.com\/#website\",\"url\":\"https:\/\/legitgrams.com\/\",\"name\":\"Legit Grams\",\"description\":\"My WordPress Blog\",\"publisher\":{\"@id\":\"https:\/\/legitgrams.com\/#organization\"},\"potentialAction\":[{\"@type\":\"SearchAction\",\"target\":{\"@type\":\"EntryPoint\",\"urlTemplate\":\"https:\/\/legitgrams.com\/?s={search_term_string}\"},\"query-input\":{\"@type\":\"PropertyValueSpecification\",\"valueRequired\":true,\"valueName\":\"search_term_string\"}}],\"inLanguage\":\"de\"},{\"@type\":\"Organization\",\"@id\":\"https:\/\/legitgrams.com\/#organization\",\"name\":\"Legit Grams\",\"url\":\"https:\/\/legitgrams.com\/\",\"logo\":{\"@type\":\"ImageObject\",\"inLanguage\":\"de\",\"@id\":\"https:\/\/legitgrams.com\/#\/schema\/logo\/image\/\",\"url\":\"https:\/\/legitgrams.com\/wp-content\/uploads\/2024\/09\/main-logo.png\",\"contentUrl\":\"https:\/\/legitgrams.com\/wp-content\/uploads\/2024\/09\/main-logo.png\",\"width\":270,\"height\":75,\"caption\":\"Legit Grams\"},\"image\":{\"@id\":\"https:\/\/legitgrams.com\/#\/schema\/logo\/image\/\"}}]}<\/script>\n<!-- \/ Yoast SEO plugin. -->","yoast_head_json":{"title":"Pyrazolam 0.5mg Pellets Online Bestellen @ Bester Preis | LegitGrams","description":"M\u00f6chten Sie Ihre Forschung vorantreiben? Kaufen Sie Pyrazolam 0.5mg Pellets bequem und sicher online, mit einem unkomplizierten Bestellvorgang f\u00fcr Pyrazolam 0.5mg Pellets zum Verkauf. Bestellen Sie jetzt mit schnellem und diskretem Versand!","robots":{"index":"index","follow":"follow","max-snippet":"max-snippet:-1","max-image-preview":"max-image-preview:large","max-video-preview":"max-video-preview:-1"},"canonical":"https:\/\/legitgrams.com\/de\/produkt\/pyrazolam-0-5-mg-tabletten\/","og_locale":"de_DE","og_type":"article","og_title":"Order Pyrazolam 0.5mg Pellets Online @ Best Price | LegitGrams","og_description":"Looking to further your research? Buy pyrazolam 0.5mg pellets conveniently and securely online, with a straightforward ordering process for pyrazolam 0.5mg pellets for sale. Order Now with Fast and Discreet Shipping!","og_url":"https:\/\/legitgrams.com\/de\/produkt\/pyrazolam-0-5-mg-tabletten\/","og_site_name":"Legit Grams","article_modified_time":"2025-01-14T10:54:04+00:00","og_image":[{"width":600,"height":600,"url":"https:\/\/legitgrams.com\/wp-content\/uploads\/2024\/09\/buy-pyrazolam-0-5-mg-pellets-online.jpg","type":"image\/jpeg"}],"twitter_card":"summary_large_image","twitter_misc":{"Gesch\u00e4tzte Lesezeit":"3\u00a0Minuten"},"schema":{"@context":"https:\/\/schema.org","@graph":[{"@type":"WebPage","@id":"https:\/\/legitgrams.com\/product\/pyrazolam-0-5-mg-pellets\/","url":"https:\/\/legitgrams.com\/product\/pyrazolam-0-5-mg-pellets\/","name":"Pyrazolam 0.5mg Pellets Online Bestellen @ Bester Preis | LegitGrams","isPartOf":{"@id":"https:\/\/legitgrams.com\/#website"},"primaryImageOfPage":{"@id":"https:\/\/legitgrams.com\/product\/pyrazolam-0-5-mg-pellets\/#primaryimage"},"image":{"@id":"https:\/\/legitgrams.com\/product\/pyrazolam-0-5-mg-pellets\/#primaryimage"},"thumbnailUrl":"https:\/\/legitgrams.com\/wp-content\/uploads\/2024\/09\/buy-pyrazolam-0-5-mg-pellets-online.jpg","datePublished":"2024-09-22T06:37:50+00:00","dateModified":"2025-01-14T10:54:04+00:00","description":"M\u00f6chten Sie Ihre Forschung vorantreiben? Kaufen Sie Pyrazolam 0.5mg Pellets bequem und sicher online, mit einem unkomplizierten Bestellvorgang f\u00fcr Pyrazolam 0.5mg Pellets zum Verkauf. Bestellen Sie jetzt mit schnellem und diskretem Versand!","breadcrumb":{"@id":"https:\/\/legitgrams.com\/product\/pyrazolam-0-5-mg-pellets\/#breadcrumb"},"inLanguage":"de","potentialAction":[{"@type":"ReadAction","target":["https:\/\/legitgrams.com\/product\/pyrazolam-0-5-mg-pellets\/"]}]},{"@type":"ImageObject","inLanguage":"de","@id":"https:\/\/legitgrams.com\/product\/pyrazolam-0-5-mg-pellets\/#primaryimage","url":"https:\/\/legitgrams.com\/wp-content\/uploads\/2024\/09\/buy-pyrazolam-0-5-mg-pellets-online.jpg","contentUrl":"https:\/\/legitgrams.com\/wp-content\/uploads\/2024\/09\/buy-pyrazolam-0-5-mg-pellets-online.jpg","width":600,"height":600,"caption":"Pyrazolam 0.5mg Pellets for Sale"},{"@type":"BreadcrumbList","@id":"https:\/\/legitgrams.com\/product\/pyrazolam-0-5-mg-pellets\/#breadcrumb","itemListElement":[{"@type":"ListItem","position":1,"name":"Home","item":"https:\/\/legitgrams.com\/"},{"@type":"ListItem","position":2,"name":"Shop","item":"https:\/\/legitgrams.com\/shop\/"},{"@type":"ListItem","position":3,"name":"Pyrazolam 0.5 mg pellets"}]},{"@type":"WebSite","@id":"https:\/\/legitgrams.com\/#website","url":"https:\/\/legitgrams.com\/","name":"Legitimer Grammwert","description":"Mein WordPress-Blog","publisher":{"@id":"https:\/\/legitgrams.com\/#organization"},"potentialAction":[{"@type":"SearchAction","target":{"@type":"EntryPoint","urlTemplate":"https:\/\/legitgrams.com\/?s={search_term_string}"},"query-input":{"@type":"PropertyValueSpecification","valueRequired":true,"valueName":"search_term_string"}}],"inLanguage":"de"},{"@type":"Organization","@id":"https:\/\/legitgrams.com\/#organization","name":"Legitimer Grammwert","url":"https:\/\/legitgrams.com\/","logo":{"@type":"ImageObject","inLanguage":"de","@id":"https:\/\/legitgrams.com\/#\/schema\/logo\/image\/","url":"https:\/\/legitgrams.com\/wp-content\/uploads\/2024\/09\/main-logo.png","contentUrl":"https:\/\/legitgrams.com\/wp-content\/uploads\/2024\/09\/main-logo.png","width":270,"height":75,"caption":"Legit Grams"},"image":{"@id":"https:\/\/legitgrams.com\/#\/schema\/logo\/image\/"}}]}},"uagb_featured_image_src":{"full":["https:\/\/legitgrams.com\/wp-content\/uploads\/2024\/09\/buy-pyrazolam-0-5-mg-pellets-online.jpg",600,600,false],"thumbnail":["https:\/\/legitgrams.com\/wp-content\/uploads\/2024\/09\/buy-pyrazolam-0-5-mg-pellets-online-150x150.jpg",150,150,true],"medium":["https:\/\/legitgrams.com\/wp-content\/uploads\/2024\/09\/buy-pyrazolam-0-5-mg-pellets-online-300x300.jpg",300,300,true],"medium_large":["https:\/\/legitgrams.com\/wp-content\/uploads\/2024\/09\/buy-pyrazolam-0-5-mg-pellets-online.jpg",600,600,false],"large":["https:\/\/legitgrams.com\/wp-content\/uploads\/2024\/09\/buy-pyrazolam-0-5-mg-pellets-online.jpg",600,600,false],"1536x1536":["https:\/\/legitgrams.com\/wp-content\/uploads\/2024\/09\/buy-pyrazolam-0-5-mg-pellets-online.jpg",600,600,false],"2048x2048":["https:\/\/legitgrams.com\/wp-content\/uploads\/2024\/09\/buy-pyrazolam-0-5-mg-pellets-online.jpg",600,600,false],"trp-custom-language-flag":["https:\/\/legitgrams.com\/wp-content\/uploads\/2024\/09\/buy-pyrazolam-0-5-mg-pellets-online-12x12.jpg",12,12,true],"woocommerce_thumbnail":["https:\/\/legitgrams.com\/wp-content\/uploads\/2024\/09\/buy-pyrazolam-0-5-mg-pellets-online-300x300.jpg",300,300,true],"woocommerce_single":["https:\/\/legitgrams.com\/wp-content\/uploads\/2024\/09\/buy-pyrazolam-0-5-mg-pellets-online.jpg",600,600,false],"woocommerce_gallery_thumbnail":["https:\/\/legitgrams.com\/wp-content\/uploads\/2024\/09\/buy-pyrazolam-0-5-mg-pellets-online-100x100.jpg",100,100,true]},"uagb_author_info":{"display_name":"cokeblog18","author_link":"https:\/\/legitgrams.com\/de\/author\/"},"uagb_comment_info":0,"uagb_excerpt":"Purchase 0.5 mg pellets of Pyrazolam online. Why is pyrazolam used? Alprazolam, a basic member of the benzodiazepine class of chemicals, is another synthetic that is being studied. It is thought that because of its structure, it would allosterically bind to the GABA receptor in a way that is comparable to that of flubromazepam and&hellip;","_links":{"self":[{"href":"https:\/\/legitgrams.com\/de\/wp-json\/wp\/v2\/product\/4232","targetHints":{"allow":["GET"]}}],"collection":[{"href":"https:\/\/legitgrams.com\/de\/wp-json\/wp\/v2\/product"}],"about":[{"href":"https:\/\/legitgrams.com\/de\/wp-json\/wp\/v2\/types\/product"}],"replies":[{"embeddable":true,"href":"https:\/\/legitgrams.com\/de\/wp-json\/wp\/v2\/comments?post=4232"}],"wp:featuredmedia":[{"embeddable":true,"href":"https:\/\/legitgrams.com\/de\/wp-json\/wp\/v2\/media\/5309"}],"wp:attachment":[{"href":"https:\/\/legitgrams.com\/de\/wp-json\/wp\/v2\/media?parent=4232"}],"wp:term":[{"taxonomy":"product_brand","embeddable":true,"href":"https:\/\/legitgrams.com\/de\/wp-json\/wp\/v2\/product_brand?post=4232"},{"taxonomy":"product_cat","embeddable":true,"href":"https:\/\/legitgrams.com\/de\/wp-json\/wp\/v2\/product_cat?post=4232"},{"taxonomy":"product_tag","embeddable":true,"href":"https:\/\/legitgrams.com\/de\/wp-json\/wp\/v2\/product_tag?post=4232"}],"curies":[{"name":"wp","href":"https:\/\/api.w.org\/{rel}","templated":true}]}}