{"id":4233,"date":"2024-09-22T06:43:20","date_gmt":"2024-09-22T06:43:20","guid":{"rendered":"https:\/\/legitgrams.com\/?post_type=product&#038;p=4233"},"modified":"2025-04-03T08:12:13","modified_gmt":"2025-04-03T08:12:13","slug":"metho-methadon-hcl-pulver","status":"publish","type":"product","link":"https:\/\/legitgrams.com\/de\/produkt\/metho-methadon-hcl-pulver\/","title":{"rendered":"Metho Methadon HCL Pulver online kaufen"},"content":{"rendered":"<h2>Kaufen Sie 99,8 % reines Metho-Methadon-HCL-Pulver online zu Gro\u00dfhandelspreisen.<\/h2>\n<p>M\u00e4\u00dfige bis starke Schmerzen werden behandelt mit <a href=\"https:\/\/legitgrams.com\/de\/produkt\/metho-methadon-hcl-pulver\/\">Metho (Methadon HCL<\/a>).<\/p>\n<p>Neben \u00e4rztlicher \u00dcberwachung und Betreuung wird es auch zur Behandlung von Drogenabh\u00e4ngigkeit oder zur Kontrolle von Entzugserscheinungen bei Personen in Therapie eingesetzt. Dieses Medikament wirkt als Narkotikum und lindert Schmerzen.<\/p>\n<h3>Wie werden Pakete versendet?<\/h3>\n<p>Wir beladen das Objekt sorgf\u00e4ltig mit Kohlepapier und Wolfram, um es durch die R\u00f6ntgenanlage des Flughafenzolls zu bringen. Pakete werden von au\u00dfen sorgf\u00e4ltig in Packpapier eingewickelt.<\/p>\n<p><a href=\"https:\/\/www.bing.com\/search?q=KaufenSieMethoMethadonHCLPulveronline&amp;qs=n&amp;form=QBRE&amp;sp=-1&amp;lq=0&amp;pq=kaufensiemethomethadonhclpulveronline&amp;sc=1-43&amp;sk=&amp;cvid=C093ACC88BF84181A48F62C507118EBF&amp;ghsh=0&amp;ghacc=0&amp;ghpl=\">Metho (Methadon HCL) Pulver<\/a> oder Salz: Metho (Methadonhydrochlorid) wird zur Linderung mittelschwerer bis starker Schmerzen eingesetzt. Dieses Arzneimittel eignet sich ideal zur Behandlung von Drogenabh\u00e4ngigkeit und zur medizinischen \u00dcberwachung. Es hilft Menschen, ihre Entzugserscheinungen zu bew\u00e4ltigen.<\/p>\n<p><a href=\"https:\/\/www.google.com\/search?q=Kaufen+Sie+Metho+Methadon+HCL+Pulver+online&amp;sca_esv=eddefdb7b92e7545&amp;sxsrf=AHTn8zr8u9OtnCdTzp4Sck6-8da0APu8Tg1743668004647&amp;ei=JEPuZ8SfJ8yt0PEPr4Xl-Q8&amp;ved=0ahUKEwjEwZfAtbuMAxXMFjQIHa9COf8Q4dUDCBA&amp;uact=5&amp;oq=Kaufen+Sie+Metho+Methadon+HCL+Pulver+online&amp;gs_lp=Egxnd3Mtd2l6LXNlcnAiK0thdWZlbiBTaWUgTWV0aG8gTWV0aGFkb24gSENMIFB1bHZlciBvbmxpbmUyBxAhGKABGAoyBxAhGKABGAoyBxAhGKABGAoyBxAhGKABGApI2QRQAFgAcAB4AZABAJgB_wKgAf8CqgEDMy0xuAEDyAEA-AEC-AEBmAIBoAKEA5gDAJIHAzMtMaAH9gWyBwMzLTG4B4QD&amp;sclient=gws-wiz-serp\">Metho Methadon HCL Pulver online kaufen<\/a>: Kaufen Sie Methadon online in den USA und kaufen Sie Methadon HCL-Pulver. Wo kann ich Methadon HCL-Pulver kaufen? Wo kann ich kaufen <a href=\"https:\/\/en.wikipedia.org\/wiki\/Methadone\">Methadon HCL<\/a> Pulver online kaufen? Wo kann ich Methadon-HCl-Pulver online kaufen? Wo kann ich Methadon-HCl-Pulver online kaufen? Wo kann ich Methadon-HCl-Pulver online kaufen? Wo kann ich Methadon-HCl-Pulver online kaufen? USA, Kanada, Gro\u00dfbritannien, online kaufen, Lieferanten, sichere Lieferung. Methadon-HCl-Pulver ist weiterhin erh\u00e4ltlich. Ist der Kauf von Methadon-HCl-Pulver in den USA legal? Wie kann ich online bestellen? <a href=\"https:\/\/duckduckgo.com\/?q=Kaufen+Sie+Metho+Methadon+HCL+Pulver+online&amp;t=h_\">Metho Methadon HCL Pulver<\/a>Ist die Verwendung von Methadon-HCl-Pulver in Kanada legal? <a href=\"https:\/\/legitgrams.com\/de\/\">LegitGrams<\/a><\/p>","protected":false},"excerpt":{"rendered":"<p>Purchase 99.8% Pure Metho Methadone HCL Powder Online at Wholesale Prices. Moderate to severe pain is treated with metho (methadone HCL). Along with medical supervision and assistance, it is also used to treat drug addiction or control withdrawal symptoms in individuals undergoing therapy. This drug acts as a narcotic to reduce pain. How do packages &hellip;<\/p>\n<p class=\"read-more\"> <a class=\"\" href=\"https:\/\/legitgrams.com\/de\/produkt\/metho-methadon-hcl-pulver\/\"> <span class=\"screen-reader-text\">Metho Methadon HCL Pulver online kaufen<\/span> Mehr lesen \"<\/a><\/p>","protected":false},"featured_media":5288,"comment_status":"open","ping_status":"closed","template":"","meta":{"_uag_custom_page_level_css":"","site-sidebar-layout":"default","site-content-layout":"default","ast-global-header-display":"","ast-main-header-display":"","ast-hfb-above-header-display":"","ast-hfb-below-header-display":"","ast-hfb-mobile-header-display":"","site-post-title":"","ast-breadcrumbs-content":"","ast-featured-img":"","footer-sml-layout":"","theme-transparent-header-meta":"default","adv-header-id-meta":"","stick-header-meta":"default","header-above-stick-meta":"","header-main-stick-meta":"","header-below-stick-meta":"","_joinchat":[]},"product_brand":[],"product_cat":[600],"product_tag":[1750,1740,617,1732,1747,1744,1739,1731,1734,1742,1735,1733,1745,1752,1753,1751,1743,1748,1737,1749,1746,625,1738,1741,1736],"class_list":{"0":"post-4233","1":"product","2":"type-product","3":"status-publish","4":"has-post-thumbnail","6":"product_cat-research-chemicals-and-bath-salt","7":"product_tag-best-cheap-price-metho-methadone-hcl-powder","8":"product_tag-best-place-to-buy-metho-methadone-hcl-powder","9":"product_tag-bulk-online","10":"product_tag-buy-metho-methadone-hcl-powder","11":"product_tag-cheap-metho-methadone-hcl-powder","12":"product_tag-high-quality-metho-methadone-hcl-powder","13":"product_tag-how-to-buy-metho-methadone-hcl-powder","14":"product_tag-metho-methadone-hcl-powder","15":"product_tag-metho-methadone-hcl-powder-for-sale","16":"product_tag-metho-methadone-hcl-powder-legally","17":"product_tag-metho-methadone-hcl-powder-metho-methadone-hcl-powder-supplier","18":"product_tag-metho-methadone-hcl-powder-online","19":"product_tag-metho-methadone-hcl-powder-store","20":"product_tag-metho-methadone-hcl-powder-use","21":"product_tag-metho-methadone-hcl-powder-wiki","22":"product_tag-metho-methadone-hcl-powder-worldwide","23":"product_tag-metho-methadone-hcl-powderprice","24":"product_tag-metho-methadone-hcl-powders","25":"product_tag-order-metho-methadone-hcl-powder","26":"product_tag-purcharse-metho-methadone-hcl-powder","27":"product_tag-shop-metho-methadone-hcl-powder","28":"product_tag-top-quality","29":"product_tag-where-to-buy-metho-methadone-hcl-powder","30":"product_tag-where-to-order-metho-methadone-hcl-powder","31":"product_tag-wholesale-metho-methadone-hcl-powder","32":"desktop-align-left","33":"tablet-align-left","34":"mobile-align-left","35":"ast-product-gallery-layout-horizontal","36":"ast-product-gallery-with-no-image","37":"ast-product-single-variable","38":"ast-product-tabs-layout-horizontal","39":"ast-qv-on-image","41":"first","42":"instock","43":"shipping-taxable","44":"purchasable","45":"product-type-variable"},"yoast_head":"<!-- This site is optimized with the Yoast SEO plugin v25.9 - https:\/\/yoast.com\/wordpress\/plugins\/seo\/ -->\n<title>Metho Methadone HCL Powder for Sale - Buy Metho Methadone<\/title>\n<meta name=\"description\" content=\"If you have not tried Metho Methadone HCL powder from our store, then you are missing a lot. We will help you buy Metho Methadone HCL powder online at cheap rates. Get Metho Methadone HCL powder for sale today!\" \/>\n<meta name=\"robots\" content=\"index, follow, max-snippet:-1, max-image-preview:large, max-video-preview:-1\" \/>\n<link rel=\"canonical\" href=\"https:\/\/legitgrams.com\/de\/produkt\/metho-methadon-hcl-pulver\/\" \/>\n<meta property=\"og:locale\" content=\"de_DE\" \/>\n<meta property=\"og:type\" content=\"article\" \/>\n<meta property=\"og:title\" content=\"Metho Methadone HCL Powder for Sale - Buy Metho Methadone\" \/>\n<meta property=\"og:description\" content=\"If you have not tried Metho Methadone HCL powder from our store, then you are missing a lot. We will help you buy Metho Methadone HCL powder online at cheap rates. Get Metho Methadone HCL powder for sale today!\" \/>\n<meta property=\"og:url\" content=\"https:\/\/legitgrams.com\/de\/produkt\/metho-methadon-hcl-pulver\/\" \/>\n<meta property=\"og:site_name\" content=\"Legit Grams\" \/>\n<meta property=\"article:modified_time\" content=\"2025-04-03T08:12:13+00:00\" \/>\n<meta property=\"og:image\" content=\"https:\/\/legitgrams.com\/wp-content\/uploads\/2024\/09\/buy-metho-methadone-hcl-powder-online.jpg\" \/>\n\t<meta property=\"og:image:width\" content=\"600\" \/>\n\t<meta property=\"og:image:height\" content=\"600\" \/>\n\t<meta property=\"og:image:type\" content=\"image\/jpeg\" \/>\n<meta name=\"twitter:card\" content=\"summary_large_image\" \/>\n<meta name=\"twitter:label1\" content=\"Gesch\u00e4tzte Lesezeit\" \/>\n\t<meta name=\"twitter:data1\" content=\"2\u00a0Minuten\" \/>\n<script type=\"application\/ld+json\" class=\"yoast-schema-graph\">{\"@context\":\"https:\/\/schema.org\",\"@graph\":[{\"@type\":\"WebPage\",\"@id\":\"https:\/\/legitgrams.com\/product\/metho-methadone-hcl-powder\/\",\"url\":\"https:\/\/legitgrams.com\/product\/metho-methadone-hcl-powder\/\",\"name\":\"Metho Methadone HCL Powder for Sale - Buy Metho Methadone\",\"isPartOf\":{\"@id\":\"https:\/\/legitgrams.com\/#website\"},\"primaryImageOfPage\":{\"@id\":\"https:\/\/legitgrams.com\/product\/metho-methadone-hcl-powder\/#primaryimage\"},\"image\":{\"@id\":\"https:\/\/legitgrams.com\/product\/metho-methadone-hcl-powder\/#primaryimage\"},\"thumbnailUrl\":\"https:\/\/legitgrams.com\/wp-content\/uploads\/2024\/09\/buy-metho-methadone-hcl-powder-online.jpg\",\"datePublished\":\"2024-09-22T06:43:20+00:00\",\"dateModified\":\"2025-04-03T08:12:13+00:00\",\"description\":\"If you have not tried Metho Methadone HCL powder from our store, then you are missing a lot. We will help you buy Metho Methadone HCL powder online at cheap rates. Get Metho Methadone HCL powder for sale today!\",\"breadcrumb\":{\"@id\":\"https:\/\/legitgrams.com\/product\/metho-methadone-hcl-powder\/#breadcrumb\"},\"inLanguage\":\"de\",\"potentialAction\":[{\"@type\":\"ReadAction\",\"target\":[\"https:\/\/legitgrams.com\/product\/metho-methadone-hcl-powder\/\"]}]},{\"@type\":\"ImageObject\",\"inLanguage\":\"de\",\"@id\":\"https:\/\/legitgrams.com\/product\/metho-methadone-hcl-powder\/#primaryimage\",\"url\":\"https:\/\/legitgrams.com\/wp-content\/uploads\/2024\/09\/buy-metho-methadone-hcl-powder-online.jpg\",\"contentUrl\":\"https:\/\/legitgrams.com\/wp-content\/uploads\/2024\/09\/buy-metho-methadone-hcl-powder-online.jpg\",\"width\":600,\"height\":600,\"caption\":\"Metho Methadone HCL Powder for Sale\"},{\"@type\":\"BreadcrumbList\",\"@id\":\"https:\/\/legitgrams.com\/product\/metho-methadone-hcl-powder\/#breadcrumb\",\"itemListElement\":[{\"@type\":\"ListItem\",\"position\":1,\"name\":\"Home\",\"item\":\"https:\/\/legitgrams.com\/\"},{\"@type\":\"ListItem\",\"position\":2,\"name\":\"Shop\",\"item\":\"https:\/\/legitgrams.com\/shop\/\"},{\"@type\":\"ListItem\",\"position\":3,\"name\":\"Buy Metho Methadone HCL powder Online\"}]},{\"@type\":\"WebSite\",\"@id\":\"https:\/\/legitgrams.com\/#website\",\"url\":\"https:\/\/legitgrams.com\/\",\"name\":\"Legit Grams\",\"description\":\"My WordPress Blog\",\"publisher\":{\"@id\":\"https:\/\/legitgrams.com\/#organization\"},\"potentialAction\":[{\"@type\":\"SearchAction\",\"target\":{\"@type\":\"EntryPoint\",\"urlTemplate\":\"https:\/\/legitgrams.com\/?s={search_term_string}\"},\"query-input\":{\"@type\":\"PropertyValueSpecification\",\"valueRequired\":true,\"valueName\":\"search_term_string\"}}],\"inLanguage\":\"de\"},{\"@type\":\"Organization\",\"@id\":\"https:\/\/legitgrams.com\/#organization\",\"name\":\"Legit Grams\",\"url\":\"https:\/\/legitgrams.com\/\",\"logo\":{\"@type\":\"ImageObject\",\"inLanguage\":\"de\",\"@id\":\"https:\/\/legitgrams.com\/#\/schema\/logo\/image\/\",\"url\":\"https:\/\/legitgrams.com\/wp-content\/uploads\/2024\/09\/main-logo.png\",\"contentUrl\":\"https:\/\/legitgrams.com\/wp-content\/uploads\/2024\/09\/main-logo.png\",\"width\":270,\"height\":75,\"caption\":\"Legit Grams\"},\"image\":{\"@id\":\"https:\/\/legitgrams.com\/#\/schema\/logo\/image\/\"}}]}<\/script>\n<!-- \/ Yoast SEO plugin. -->","yoast_head_json":{"title":"Metho Methadon HCL Pulver zu verkaufen - Metho Methadon kaufen","description":"Wenn Sie noch kein Metho Methadone HCL Pulver aus unserem Shop probiert haben, dann verpassen Sie eine Menge. Wir helfen Ihnen, Metho Methadone HCL Pulver online zu g\u00fcnstigen Preisen zu kaufen. Holen Sie sich Metho Methadon HCL Pulver zum Verkauf heute!","robots":{"index":"index","follow":"follow","max-snippet":"max-snippet:-1","max-image-preview":"max-image-preview:large","max-video-preview":"max-video-preview:-1"},"canonical":"https:\/\/legitgrams.com\/de\/produkt\/metho-methadon-hcl-pulver\/","og_locale":"de_DE","og_type":"article","og_title":"Metho Methadone HCL Powder for Sale - Buy Metho Methadone","og_description":"If you have not tried Metho Methadone HCL powder from our store, then you are missing a lot. We will help you buy Metho Methadone HCL powder online at cheap rates. Get Metho Methadone HCL powder for sale today!","og_url":"https:\/\/legitgrams.com\/de\/produkt\/metho-methadon-hcl-pulver\/","og_site_name":"Legit Grams","article_modified_time":"2025-04-03T08:12:13+00:00","og_image":[{"width":600,"height":600,"url":"https:\/\/legitgrams.com\/wp-content\/uploads\/2024\/09\/buy-metho-methadone-hcl-powder-online.jpg","type":"image\/jpeg"}],"twitter_card":"summary_large_image","twitter_misc":{"Gesch\u00e4tzte Lesezeit":"2\u00a0Minuten"},"schema":{"@context":"https:\/\/schema.org","@graph":[{"@type":"WebPage","@id":"https:\/\/legitgrams.com\/product\/metho-methadone-hcl-powder\/","url":"https:\/\/legitgrams.com\/product\/metho-methadone-hcl-powder\/","name":"Metho Methadon HCL Pulver zu verkaufen - Metho Methadon kaufen","isPartOf":{"@id":"https:\/\/legitgrams.com\/#website"},"primaryImageOfPage":{"@id":"https:\/\/legitgrams.com\/product\/metho-methadone-hcl-powder\/#primaryimage"},"image":{"@id":"https:\/\/legitgrams.com\/product\/metho-methadone-hcl-powder\/#primaryimage"},"thumbnailUrl":"https:\/\/legitgrams.com\/wp-content\/uploads\/2024\/09\/buy-metho-methadone-hcl-powder-online.jpg","datePublished":"2024-09-22T06:43:20+00:00","dateModified":"2025-04-03T08:12:13+00:00","description":"Wenn Sie noch kein Metho Methadone HCL Pulver aus unserem Shop probiert haben, dann verpassen Sie eine Menge. Wir helfen Ihnen, Metho Methadone HCL Pulver online zu g\u00fcnstigen Preisen zu kaufen. Holen Sie sich Metho Methadon HCL Pulver zum Verkauf heute!","breadcrumb":{"@id":"https:\/\/legitgrams.com\/product\/metho-methadone-hcl-powder\/#breadcrumb"},"inLanguage":"de","potentialAction":[{"@type":"ReadAction","target":["https:\/\/legitgrams.com\/product\/metho-methadone-hcl-powder\/"]}]},{"@type":"ImageObject","inLanguage":"de","@id":"https:\/\/legitgrams.com\/product\/metho-methadone-hcl-powder\/#primaryimage","url":"https:\/\/legitgrams.com\/wp-content\/uploads\/2024\/09\/buy-metho-methadone-hcl-powder-online.jpg","contentUrl":"https:\/\/legitgrams.com\/wp-content\/uploads\/2024\/09\/buy-metho-methadone-hcl-powder-online.jpg","width":600,"height":600,"caption":"Metho Methadone HCL Powder for Sale"},{"@type":"BreadcrumbList","@id":"https:\/\/legitgrams.com\/product\/metho-methadone-hcl-powder\/#breadcrumb","itemListElement":[{"@type":"ListItem","position":1,"name":"Home","item":"https:\/\/legitgrams.com\/"},{"@type":"ListItem","position":2,"name":"Shop","item":"https:\/\/legitgrams.com\/shop\/"},{"@type":"ListItem","position":3,"name":"Buy Metho Methadone HCL powder Online"}]},{"@type":"WebSite","@id":"https:\/\/legitgrams.com\/#website","url":"https:\/\/legitgrams.com\/","name":"Legitimer Grammwert","description":"Mein WordPress-Blog","publisher":{"@id":"https:\/\/legitgrams.com\/#organization"},"potentialAction":[{"@type":"SearchAction","target":{"@type":"EntryPoint","urlTemplate":"https:\/\/legitgrams.com\/?s={search_term_string}"},"query-input":{"@type":"PropertyValueSpecification","valueRequired":true,"valueName":"search_term_string"}}],"inLanguage":"de"},{"@type":"Organization","@id":"https:\/\/legitgrams.com\/#organization","name":"Legitimer Grammwert","url":"https:\/\/legitgrams.com\/","logo":{"@type":"ImageObject","inLanguage":"de","@id":"https:\/\/legitgrams.com\/#\/schema\/logo\/image\/","url":"https:\/\/legitgrams.com\/wp-content\/uploads\/2024\/09\/main-logo.png","contentUrl":"https:\/\/legitgrams.com\/wp-content\/uploads\/2024\/09\/main-logo.png","width":270,"height":75,"caption":"Legit Grams"},"image":{"@id":"https:\/\/legitgrams.com\/#\/schema\/logo\/image\/"}}]}},"uagb_featured_image_src":{"full":["https:\/\/legitgrams.com\/wp-content\/uploads\/2024\/09\/buy-metho-methadone-hcl-powder-online.jpg",600,600,false],"thumbnail":["https:\/\/legitgrams.com\/wp-content\/uploads\/2024\/09\/buy-metho-methadone-hcl-powder-online-150x150.jpg",150,150,true],"medium":["https:\/\/legitgrams.com\/wp-content\/uploads\/2024\/09\/buy-metho-methadone-hcl-powder-online-300x300.jpg",300,300,true],"medium_large":["https:\/\/legitgrams.com\/wp-content\/uploads\/2024\/09\/buy-metho-methadone-hcl-powder-online.jpg",600,600,false],"large":["https:\/\/legitgrams.com\/wp-content\/uploads\/2024\/09\/buy-metho-methadone-hcl-powder-online.jpg",600,600,false],"1536x1536":["https:\/\/legitgrams.com\/wp-content\/uploads\/2024\/09\/buy-metho-methadone-hcl-powder-online.jpg",600,600,false],"2048x2048":["https:\/\/legitgrams.com\/wp-content\/uploads\/2024\/09\/buy-metho-methadone-hcl-powder-online.jpg",600,600,false],"trp-custom-language-flag":["https:\/\/legitgrams.com\/wp-content\/uploads\/2024\/09\/buy-metho-methadone-hcl-powder-online-12x12.jpg",12,12,true],"woocommerce_thumbnail":["https:\/\/legitgrams.com\/wp-content\/uploads\/2024\/09\/buy-metho-methadone-hcl-powder-online-300x300.jpg",300,300,true],"woocommerce_single":["https:\/\/legitgrams.com\/wp-content\/uploads\/2024\/09\/buy-metho-methadone-hcl-powder-online.jpg",600,600,false],"woocommerce_gallery_thumbnail":["https:\/\/legitgrams.com\/wp-content\/uploads\/2024\/09\/buy-metho-methadone-hcl-powder-online-100x100.jpg",100,100,true]},"uagb_author_info":{"display_name":"cokeblog18","author_link":"https:\/\/legitgrams.com\/de\/author\/"},"uagb_comment_info":0,"uagb_excerpt":"Purchase 99.8% Pure Metho Methadone HCL Powder Online at Wholesale Prices. Moderate to severe pain is treated with metho (methadone HCL). Along with medical supervision and assistance, it is also used to treat drug addiction or control withdrawal symptoms in individuals undergoing therapy. This drug acts as a narcotic to reduce pain. How do packages&hellip;","_links":{"self":[{"href":"https:\/\/legitgrams.com\/de\/wp-json\/wp\/v2\/product\/4233","targetHints":{"allow":["GET"]}}],"collection":[{"href":"https:\/\/legitgrams.com\/de\/wp-json\/wp\/v2\/product"}],"about":[{"href":"https:\/\/legitgrams.com\/de\/wp-json\/wp\/v2\/types\/product"}],"replies":[{"embeddable":true,"href":"https:\/\/legitgrams.com\/de\/wp-json\/wp\/v2\/comments?post=4233"}],"wp:featuredmedia":[{"embeddable":true,"href":"https:\/\/legitgrams.com\/de\/wp-json\/wp\/v2\/media\/5288"}],"wp:attachment":[{"href":"https:\/\/legitgrams.com\/de\/wp-json\/wp\/v2\/media?parent=4233"}],"wp:term":[{"taxonomy":"product_brand","embeddable":true,"href":"https:\/\/legitgrams.com\/de\/wp-json\/wp\/v2\/product_brand?post=4233"},{"taxonomy":"product_cat","embeddable":true,"href":"https:\/\/legitgrams.com\/de\/wp-json\/wp\/v2\/product_cat?post=4233"},{"taxonomy":"product_tag","embeddable":true,"href":"https:\/\/legitgrams.com\/de\/wp-json\/wp\/v2\/product_tag?post=4233"}],"curies":[{"name":"wp","href":"https:\/\/api.w.org\/{rel}","templated":true}]}}