{"id":4248,"date":"2024-09-22T07:01:57","date_gmt":"2024-09-22T07:01:57","guid":{"rendered":"https:\/\/legitgrams.com\/?post_type=product&#038;p=4248"},"modified":"2025-01-14T05:04:49","modified_gmt":"2025-01-14T05:04:49","slug":"fub-akb48-pulver-1-unze-rein","status":"publish","type":"product","link":"https:\/\/legitgrams.com\/de\/produkt\/fub-akb48-pulver-1-unze-rein\/","title":{"rendered":"Fub Akb48 Pulver 1 Unze Rein"},"content":{"rendered":"<h2>1 Unze reines Fub Akb48-Pulver online Kaufen.<\/h2>\n<p>Online, kaufen <a href=\"https:\/\/legitgrams.com\/de\/produkt\/fub-akb48-pulver-1-unze-rein\/\">FUB-APINACA Pure Powder<\/a>. Ein synthetisches Cannabis aus Indazol, AFUBINACA \u2013 auch bekannt als FUB-AKB48 \u2013 wird online als Designermedikament verkauft. Es wird angenommen, dass es ein starker CB1-Rezeptoragonist ist. In diesem Analogon von 5F-APINACA und APINACA wird die Nippelkette durch Fluorbenzyl ersetzt.<\/p>\n<p>FUB-AKB-48 ist ein vollst\u00e4ndiger Agonist mit Bindungsaffinit\u00e4ten von 0,174 nM f\u00fcr den CB2-Rezeptor und 1,06 nM f\u00fcr den Cannabinoid-Rezeptor CB1.<\/p>\n<p>Am 10. November 2014 schlug die schwedische Gesundheitsbeh\u00f6rde vor, FUB-APINACA als gef\u00e4hrliche Substanz einzustufen. <a href=\"https:\/\/legitgrams.com\/de\/\">LegitGrams<\/a><\/p>\n<h3>Fub-Apinaka-P\u00fcree kaufen<\/h3>\n<p>eine Unze reines kaufen <a href=\"https:\/\/en.wikipedia.org\/wiki\/AKB48\">Fub Akb48<\/a> Pulver online, indem Sie auf die Fub Akb48-Website gehen. Kaufen Sie 1 oz reines Fub Akb48-Pulver online \u2013 Kaufen Sie Fub Akb48, kaufen Sie 1 oz reines Fub Akb48-Pulver online, kaufen Sie 1 oz reines online. Wo kann ich 1 oz reines Fub Akb48-Pulver kaufen? Wo kann ich 1 oz reines Fub Akb48-Pulver online kaufen? Fub Akb48-Pulver 1 oz reines zum Verkauf in den USA, Kanada und Gro\u00dfbritannien. Online kaufen, Lieferanten, Sichere Lieferung, Fub Akb48-Pulver kaufen, Fub Akb48-Pulver 1 oz reines ist immer noch m\u00f6glich: Ist es legal, Fub Akb48-Pulver 1 oz reines in den Vereinigten Staaten zu kaufen? Wie kann ich 1 oz reines Fub Akb48-Pulver bekommen? Ist Fub Akb48<\/p>","protected":false},"excerpt":{"rendered":"<p>Purchase 1 oz of pure Fub Akb48 powder online. Online, buy FUB-APINACA Pure Powder. A synthetic cannabis made from indazole, AFUBINACA\u2014also known as FUB-AKB48\u2014is sold online as a designer medication. It is believed to be a potent CB1 receptor agonist. Fluorobenzyl is substituted for the nipple chain in this analogue of 5F-APINACA and APINACA. FUB-AKB-48 &hellip;<\/p>\n<p class=\"read-more\"> <a class=\"\" href=\"https:\/\/legitgrams.com\/de\/produkt\/fub-akb48-pulver-1-unze-rein\/\"> <span class=\"screen-reader-text\">Fub Akb48 Pulver 1 Unze Rein<\/span> Mehr lesen \"<\/a><\/p>","protected":false},"featured_media":5279,"comment_status":"open","ping_status":"closed","template":"","meta":{"_uag_custom_page_level_css":"","site-sidebar-layout":"default","site-content-layout":"default","ast-global-header-display":"","ast-main-header-display":"","ast-hfb-above-header-display":"","ast-hfb-below-header-display":"","ast-hfb-mobile-header-display":"","site-post-title":"","ast-breadcrumbs-content":"","ast-featured-img":"","footer-sml-layout":"","theme-transparent-header-meta":"default","adv-header-id-meta":"","stick-header-meta":"default","header-above-stick-meta":"","header-main-stick-meta":"","header-below-stick-meta":"","_joinchat":[]},"product_brand":[],"product_cat":[600],"product_tag":[1681,1671,617,1663,1678,1662,1665,1666,1673,1664,1676,1683,1684,1682,1674,1679,1675,1670,1668,1680,1677,625,1669,1672,1667],"class_list":{"0":"post-4248","1":"product","2":"type-product","3":"status-publish","4":"has-post-thumbnail","6":"product_cat-research-chemicals-and-bath-salt","7":"product_tag-best-cheap-price-fub-akb48-powder-1-oz-pure","8":"product_tag-best-place-to-buy-fub-akb48-powder-1-oz-pure","9":"product_tag-bulk-online","10":"product_tag-buy-fub-akb48-powder-1-oz-pure","11":"product_tag-cheap-fub-akb48-powder-1-oz-pure","12":"product_tag-fub-akb48-powder-1-oz-pure","13":"product_tag-fub-akb48-powder-1-oz-pure-for-sale","14":"product_tag-fub-akb48-powder-1-oz-pure-fub-akb48-powder-1-oz-pure-supplier","15":"product_tag-fub-akb48-powder-1-oz-pure-legally","16":"product_tag-fub-akb48-powder-1-oz-pure-online","17":"product_tag-fub-akb48-powder-1-oz-pure-store","18":"product_tag-fub-akb48-powder-1-oz-pure-use","19":"product_tag-fub-akb48-powder-1-oz-pure-wiki","20":"product_tag-fub-akb48-powder-1-oz-pure-worldwide","21":"product_tag-fub-akb48-powder-1-oz-pureprice","22":"product_tag-fub-akb48-powder-1-oz-pures","23":"product_tag-high-quality-fub-akb48-powder-1-oz-pure","24":"product_tag-how-to-buy-fub-akb48-powder-1-oz-pure","25":"product_tag-order-fub-akb48-powder-1-oz-pure","26":"product_tag-purcharse-fub-akb48-powder-1-oz-pure","27":"product_tag-shop-fub-akb48-powder-1-oz-pure","28":"product_tag-top-quality","29":"product_tag-where-to-buy-fub-akb48-powder-1-oz-pure","30":"product_tag-where-to-order-fub-akb48-powder-1-oz-pure","31":"product_tag-wholesale-fub-akb48-powder-1-oz-pure","32":"desktop-align-left","33":"tablet-align-left","34":"mobile-align-left","35":"ast-product-gallery-layout-horizontal","36":"ast-product-gallery-with-no-image","37":"ast-product-single-variable","38":"ast-product-tabs-layout-horizontal","39":"ast-qv-on-image","41":"first","42":"instock","43":"shipping-taxable","44":"purchasable","45":"product-type-variable"},"yoast_head":"<!-- This site is optimized with the Yoast SEO plugin v25.9 - https:\/\/yoast.com\/wordpress\/plugins\/seo\/ -->\n<title>Fub Akb48 Powder for Sale - Order Fub Akb48 Powder Online<\/title>\n<meta name=\"description\" content=\"Buy Fub Akb48 Powder online from our trusted online store for top-quality products. Get Fub Akb48 Powder for sale easily and securely on our platform for ultimate customer satisfaction. Order Now!\" \/>\n<meta name=\"robots\" content=\"index, follow, max-snippet:-1, max-image-preview:large, max-video-preview:-1\" \/>\n<link rel=\"canonical\" href=\"https:\/\/legitgrams.com\/de\/produkt\/fub-akb48-pulver-1-unze-rein\/\" \/>\n<meta property=\"og:locale\" content=\"de_DE\" \/>\n<meta property=\"og:type\" content=\"article\" \/>\n<meta property=\"og:title\" content=\"Fub Akb48 Powder for Sale - Order Fub Akb48 Powder Online\" \/>\n<meta property=\"og:description\" content=\"Buy Fub Akb48 Powder online from our trusted online store for top-quality products. Get Fub Akb48 Powder for sale easily and securely on our platform for ultimate customer satisfaction. Order Now!\" \/>\n<meta property=\"og:url\" content=\"https:\/\/legitgrams.com\/de\/produkt\/fub-akb48-pulver-1-unze-rein\/\" \/>\n<meta property=\"og:site_name\" content=\"Legit Grams\" \/>\n<meta property=\"article:modified_time\" content=\"2025-01-14T05:04:49+00:00\" \/>\n<meta property=\"og:image\" content=\"https:\/\/legitgrams.com\/wp-content\/uploads\/2024\/09\/buy-fub-AKB48-powder-1-or-pure.jpg\" \/>\n\t<meta property=\"og:image:width\" content=\"600\" \/>\n\t<meta property=\"og:image:height\" content=\"600\" \/>\n\t<meta property=\"og:image:type\" content=\"image\/jpeg\" \/>\n<meta name=\"twitter:card\" content=\"summary_large_image\" \/>\n<meta name=\"twitter:label1\" content=\"Gesch\u00e4tzte Lesezeit\" \/>\n\t<meta name=\"twitter:data1\" content=\"2\u00a0Minuten\" \/>\n<script type=\"application\/ld+json\" class=\"yoast-schema-graph\">{\"@context\":\"https:\/\/schema.org\",\"@graph\":[{\"@type\":\"WebPage\",\"@id\":\"https:\/\/legitgrams.com\/product\/fub-akb48-powder-1-oz-pure\/\",\"url\":\"https:\/\/legitgrams.com\/product\/fub-akb48-powder-1-oz-pure\/\",\"name\":\"Fub Akb48 Powder for Sale - Order Fub Akb48 Powder Online\",\"isPartOf\":{\"@id\":\"https:\/\/legitgrams.com\/#website\"},\"primaryImageOfPage\":{\"@id\":\"https:\/\/legitgrams.com\/product\/fub-akb48-powder-1-oz-pure\/#primaryimage\"},\"image\":{\"@id\":\"https:\/\/legitgrams.com\/product\/fub-akb48-powder-1-oz-pure\/#primaryimage\"},\"thumbnailUrl\":\"https:\/\/legitgrams.com\/wp-content\/uploads\/2024\/09\/buy-fub-AKB48-powder-1-or-pure.jpg\",\"datePublished\":\"2024-09-22T07:01:57+00:00\",\"dateModified\":\"2025-01-14T05:04:49+00:00\",\"description\":\"Buy Fub Akb48 Powder online from our trusted online store for top-quality products. Get Fub Akb48 Powder for sale easily and securely on our platform for ultimate customer satisfaction. Order Now!\",\"breadcrumb\":{\"@id\":\"https:\/\/legitgrams.com\/product\/fub-akb48-powder-1-oz-pure\/#breadcrumb\"},\"inLanguage\":\"de\",\"potentialAction\":[{\"@type\":\"ReadAction\",\"target\":[\"https:\/\/legitgrams.com\/product\/fub-akb48-powder-1-oz-pure\/\"]}]},{\"@type\":\"ImageObject\",\"inLanguage\":\"de\",\"@id\":\"https:\/\/legitgrams.com\/product\/fub-akb48-powder-1-oz-pure\/#primaryimage\",\"url\":\"https:\/\/legitgrams.com\/wp-content\/uploads\/2024\/09\/buy-fub-AKB48-powder-1-or-pure.jpg\",\"contentUrl\":\"https:\/\/legitgrams.com\/wp-content\/uploads\/2024\/09\/buy-fub-AKB48-powder-1-or-pure.jpg\",\"width\":600,\"height\":600,\"caption\":\"Fub Akb48 Powder for Sale\"},{\"@type\":\"BreadcrumbList\",\"@id\":\"https:\/\/legitgrams.com\/product\/fub-akb48-powder-1-oz-pure\/#breadcrumb\",\"itemListElement\":[{\"@type\":\"ListItem\",\"position\":1,\"name\":\"Home\",\"item\":\"https:\/\/legitgrams.com\/\"},{\"@type\":\"ListItem\",\"position\":2,\"name\":\"Shop\",\"item\":\"https:\/\/legitgrams.com\/shop\/\"},{\"@type\":\"ListItem\",\"position\":3,\"name\":\"Fub Akb48 Powder 1 oz Pure\"}]},{\"@type\":\"WebSite\",\"@id\":\"https:\/\/legitgrams.com\/#website\",\"url\":\"https:\/\/legitgrams.com\/\",\"name\":\"Legit Grams\",\"description\":\"My WordPress Blog\",\"publisher\":{\"@id\":\"https:\/\/legitgrams.com\/#organization\"},\"potentialAction\":[{\"@type\":\"SearchAction\",\"target\":{\"@type\":\"EntryPoint\",\"urlTemplate\":\"https:\/\/legitgrams.com\/?s={search_term_string}\"},\"query-input\":{\"@type\":\"PropertyValueSpecification\",\"valueRequired\":true,\"valueName\":\"search_term_string\"}}],\"inLanguage\":\"de\"},{\"@type\":\"Organization\",\"@id\":\"https:\/\/legitgrams.com\/#organization\",\"name\":\"Legit Grams\",\"url\":\"https:\/\/legitgrams.com\/\",\"logo\":{\"@type\":\"ImageObject\",\"inLanguage\":\"de\",\"@id\":\"https:\/\/legitgrams.com\/#\/schema\/logo\/image\/\",\"url\":\"https:\/\/legitgrams.com\/wp-content\/uploads\/2024\/09\/main-logo.png\",\"contentUrl\":\"https:\/\/legitgrams.com\/wp-content\/uploads\/2024\/09\/main-logo.png\",\"width\":270,\"height\":75,\"caption\":\"Legit Grams\"},\"image\":{\"@id\":\"https:\/\/legitgrams.com\/#\/schema\/logo\/image\/\"}}]}<\/script>\n<!-- \/ Yoast SEO plugin. -->","yoast_head_json":{"title":"Fub Akb48 Powder zu verkaufen - Fub Akb48 Powder online bestellen","description":"Fub Akb48 Powder online Kaufen in unserem vertrauensw\u00fcrdigen Online-Shop f\u00fcr Produkte von h\u00f6chster Qualit\u00e4t. Holen Sie sich Fub Akb48 Powder zum Verkauf einfach und sicher auf unserer Plattform f\u00fcr ultimative Kundenzufriedenheit. Bestellen Sie jetzt!","robots":{"index":"index","follow":"follow","max-snippet":"max-snippet:-1","max-image-preview":"max-image-preview:large","max-video-preview":"max-video-preview:-1"},"canonical":"https:\/\/legitgrams.com\/de\/produkt\/fub-akb48-pulver-1-unze-rein\/","og_locale":"de_DE","og_type":"article","og_title":"Fub Akb48 Powder for Sale - Order Fub Akb48 Powder Online","og_description":"Buy Fub Akb48 Powder online from our trusted online store for top-quality products. Get Fub Akb48 Powder for sale easily and securely on our platform for ultimate customer satisfaction. Order Now!","og_url":"https:\/\/legitgrams.com\/de\/produkt\/fub-akb48-pulver-1-unze-rein\/","og_site_name":"Legit Grams","article_modified_time":"2025-01-14T05:04:49+00:00","og_image":[{"width":600,"height":600,"url":"https:\/\/legitgrams.com\/wp-content\/uploads\/2024\/09\/buy-fub-AKB48-powder-1-or-pure.jpg","type":"image\/jpeg"}],"twitter_card":"summary_large_image","twitter_misc":{"Gesch\u00e4tzte Lesezeit":"2\u00a0Minuten"},"schema":{"@context":"https:\/\/schema.org","@graph":[{"@type":"WebPage","@id":"https:\/\/legitgrams.com\/product\/fub-akb48-powder-1-oz-pure\/","url":"https:\/\/legitgrams.com\/product\/fub-akb48-powder-1-oz-pure\/","name":"Fub Akb48 Powder zu verkaufen - Fub Akb48 Powder online bestellen","isPartOf":{"@id":"https:\/\/legitgrams.com\/#website"},"primaryImageOfPage":{"@id":"https:\/\/legitgrams.com\/product\/fub-akb48-powder-1-oz-pure\/#primaryimage"},"image":{"@id":"https:\/\/legitgrams.com\/product\/fub-akb48-powder-1-oz-pure\/#primaryimage"},"thumbnailUrl":"https:\/\/legitgrams.com\/wp-content\/uploads\/2024\/09\/buy-fub-AKB48-powder-1-or-pure.jpg","datePublished":"2024-09-22T07:01:57+00:00","dateModified":"2025-01-14T05:04:49+00:00","description":"Fub Akb48 Powder online Kaufen in unserem vertrauensw\u00fcrdigen Online-Shop f\u00fcr Produkte von h\u00f6chster Qualit\u00e4t. Holen Sie sich Fub Akb48 Powder zum Verkauf einfach und sicher auf unserer Plattform f\u00fcr ultimative Kundenzufriedenheit. Bestellen Sie jetzt!","breadcrumb":{"@id":"https:\/\/legitgrams.com\/product\/fub-akb48-powder-1-oz-pure\/#breadcrumb"},"inLanguage":"de","potentialAction":[{"@type":"ReadAction","target":["https:\/\/legitgrams.com\/product\/fub-akb48-powder-1-oz-pure\/"]}]},{"@type":"ImageObject","inLanguage":"de","@id":"https:\/\/legitgrams.com\/product\/fub-akb48-powder-1-oz-pure\/#primaryimage","url":"https:\/\/legitgrams.com\/wp-content\/uploads\/2024\/09\/buy-fub-AKB48-powder-1-or-pure.jpg","contentUrl":"https:\/\/legitgrams.com\/wp-content\/uploads\/2024\/09\/buy-fub-AKB48-powder-1-or-pure.jpg","width":600,"height":600,"caption":"Fub Akb48 Powder for Sale"},{"@type":"BreadcrumbList","@id":"https:\/\/legitgrams.com\/product\/fub-akb48-powder-1-oz-pure\/#breadcrumb","itemListElement":[{"@type":"ListItem","position":1,"name":"Home","item":"https:\/\/legitgrams.com\/"},{"@type":"ListItem","position":2,"name":"Shop","item":"https:\/\/legitgrams.com\/shop\/"},{"@type":"ListItem","position":3,"name":"Fub Akb48 Powder 1 oz Pure"}]},{"@type":"WebSite","@id":"https:\/\/legitgrams.com\/#website","url":"https:\/\/legitgrams.com\/","name":"Legitimer Grammwert","description":"Mein WordPress-Blog","publisher":{"@id":"https:\/\/legitgrams.com\/#organization"},"potentialAction":[{"@type":"SearchAction","target":{"@type":"EntryPoint","urlTemplate":"https:\/\/legitgrams.com\/?s={search_term_string}"},"query-input":{"@type":"PropertyValueSpecification","valueRequired":true,"valueName":"search_term_string"}}],"inLanguage":"de"},{"@type":"Organization","@id":"https:\/\/legitgrams.com\/#organization","name":"Legitimer Grammwert","url":"https:\/\/legitgrams.com\/","logo":{"@type":"ImageObject","inLanguage":"de","@id":"https:\/\/legitgrams.com\/#\/schema\/logo\/image\/","url":"https:\/\/legitgrams.com\/wp-content\/uploads\/2024\/09\/main-logo.png","contentUrl":"https:\/\/legitgrams.com\/wp-content\/uploads\/2024\/09\/main-logo.png","width":270,"height":75,"caption":"Legit Grams"},"image":{"@id":"https:\/\/legitgrams.com\/#\/schema\/logo\/image\/"}}]}},"uagb_featured_image_src":{"full":["https:\/\/legitgrams.com\/wp-content\/uploads\/2024\/09\/buy-fub-AKB48-powder-1-or-pure.jpg",600,600,false],"thumbnail":["https:\/\/legitgrams.com\/wp-content\/uploads\/2024\/09\/buy-fub-AKB48-powder-1-or-pure-150x150.jpg",150,150,true],"medium":["https:\/\/legitgrams.com\/wp-content\/uploads\/2024\/09\/buy-fub-AKB48-powder-1-or-pure-300x300.jpg",300,300,true],"medium_large":["https:\/\/legitgrams.com\/wp-content\/uploads\/2024\/09\/buy-fub-AKB48-powder-1-or-pure.jpg",600,600,false],"large":["https:\/\/legitgrams.com\/wp-content\/uploads\/2024\/09\/buy-fub-AKB48-powder-1-or-pure.jpg",600,600,false],"1536x1536":["https:\/\/legitgrams.com\/wp-content\/uploads\/2024\/09\/buy-fub-AKB48-powder-1-or-pure.jpg",600,600,false],"2048x2048":["https:\/\/legitgrams.com\/wp-content\/uploads\/2024\/09\/buy-fub-AKB48-powder-1-or-pure.jpg",600,600,false],"trp-custom-language-flag":["https:\/\/legitgrams.com\/wp-content\/uploads\/2024\/09\/buy-fub-AKB48-powder-1-or-pure-12x12.jpg",12,12,true],"woocommerce_thumbnail":["https:\/\/legitgrams.com\/wp-content\/uploads\/2024\/09\/buy-fub-AKB48-powder-1-or-pure-300x300.jpg",300,300,true],"woocommerce_single":["https:\/\/legitgrams.com\/wp-content\/uploads\/2024\/09\/buy-fub-AKB48-powder-1-or-pure.jpg",600,600,false],"woocommerce_gallery_thumbnail":["https:\/\/legitgrams.com\/wp-content\/uploads\/2024\/09\/buy-fub-AKB48-powder-1-or-pure-100x100.jpg",100,100,true]},"uagb_author_info":{"display_name":"cokeblog18","author_link":"https:\/\/legitgrams.com\/de\/author\/"},"uagb_comment_info":0,"uagb_excerpt":"Purchase 1 oz of pure Fub Akb48 powder online. Online, buy FUB-APINACA Pure Powder. A synthetic cannabis made from indazole, AFUBINACA\u2014also known as FUB-AKB48\u2014is sold online as a designer medication. It is believed to be a potent CB1 receptor agonist. Fluorobenzyl is substituted for the nipple chain in this analogue of 5F-APINACA and APINACA. FUB-AKB-48&hellip;","_links":{"self":[{"href":"https:\/\/legitgrams.com\/de\/wp-json\/wp\/v2\/product\/4248","targetHints":{"allow":["GET"]}}],"collection":[{"href":"https:\/\/legitgrams.com\/de\/wp-json\/wp\/v2\/product"}],"about":[{"href":"https:\/\/legitgrams.com\/de\/wp-json\/wp\/v2\/types\/product"}],"replies":[{"embeddable":true,"href":"https:\/\/legitgrams.com\/de\/wp-json\/wp\/v2\/comments?post=4248"}],"wp:featuredmedia":[{"embeddable":true,"href":"https:\/\/legitgrams.com\/de\/wp-json\/wp\/v2\/media\/5279"}],"wp:attachment":[{"href":"https:\/\/legitgrams.com\/de\/wp-json\/wp\/v2\/media?parent=4248"}],"wp:term":[{"taxonomy":"product_brand","embeddable":true,"href":"https:\/\/legitgrams.com\/de\/wp-json\/wp\/v2\/product_brand?post=4248"},{"taxonomy":"product_cat","embeddable":true,"href":"https:\/\/legitgrams.com\/de\/wp-json\/wp\/v2\/product_cat?post=4248"},{"taxonomy":"product_tag","embeddable":true,"href":"https:\/\/legitgrams.com\/de\/wp-json\/wp\/v2\/product_tag?post=4248"}],"curies":[{"name":"wp","href":"https:\/\/api.w.org\/{rel}","templated":true}]}}