{"id":4251,"date":"2024-09-22T07:18:59","date_gmt":"2024-09-22T07:18:59","guid":{"rendered":"https:\/\/legitgrams.com\/?post_type=product&#038;p=4251"},"modified":"2025-03-05T09:21:49","modified_gmt":"2025-03-05T09:21:49","slug":"k2-weihrauchspray-gewurz","status":"publish","type":"product","link":"https:\/\/legitgrams.com\/de\/produkt\/k2-weihrauchspray-gewurz\/","title":{"rendered":"K2 R\u00e4ucherspray (SPICE) online kaufen"},"content":{"rendered":"<h2>K2 R\u00e4ucherspray: Online kaufen<\/h2>\n<p><a href=\"https:\/\/www.bing.com\/search?q=K2Rucherspray(SPICE)onlinekaufen&amp;qs=n&amp;form=QBRE&amp;sp=-1&amp;lq=0&amp;pq=k2rucherspray(spice)onlinekaufen&amp;sc=12-37&amp;sk=&amp;cvid=D4EE7930ED1F4580BB958B5DF3EDF3A4&amp;ghsh=0&amp;ghacc=0&amp;ghpl=\">K2 R\u00e4ucherspray kaufen<\/a>: We also sell <a href=\"https:\/\/legitgrams.com\/de\/produkt\/k2-weihrauchspray-gewurz\/\">K2-Papier<\/a>. Es gibt farblose und geruchlose K2-Sprays. Mit 25 ml l\u00e4sst sich ein ganzes A4-Blatt bespr\u00fchen. K2 Incense Spray (SPICE) kann online gekauft werden.<\/p>\n<p>Die beiden wichtigsten Begriffe f\u00fcr synthetisches Marihuana sind \u201eGeschmack\u201c und \u201eK2\u201c. Es entsteht durch die Injektion eines bestimmten Cannabinoids in getrocknetes Pflanzenmaterial. \u00c4hnlich wie Delta-9-Tetrahydrocannabinol (THC), dem Hauptwirkstoff von Marihuana, sind bestimmte Cannabinoide synthetische Mischungen, die die Cannabinoidrezeptoren im Gehirn unterst\u00fctzen. Spice-Konsumenten berichten von \u00e4hnlichen Wirkungen wie Marihuana, einer Pflanze, die mehrere Cannabinoide enth\u00e4lt. <a href=\"https:\/\/www.google.com\/search?q=K2+Rucherspray+SPICE+online+kaufen&amp;sca_esv=eddefdb7b92e7545&amp;sxsrf=AHTn8zrEbKCO9MQ-8mYXBs3qjsUI14wcPQ1743664330533&amp;ei=yjTuZ9OnIP7h0PEPxpmqkQw&amp;ved=0ahUKEwjTtJ3op7uMAxX-MDQIHcaMKsIQ4dUDCBA&amp;uact=5&amp;oq=K2+Rucherspray+SPICE+online+kaufen&amp;gs_lp=Egxnd3Mtd2l6LXNlcnAiJksyIFLDpHVjaGVyc3ByYXkgKFNQSUNFKSBvbmxpbmUga2F1ZmVuMgUQIRigATIFECEYoAEyBRAhGKABMgUQIRigAUjkBFAAWABwAHgAkAEAmAGKA6ABigOqAQMzLTG4AQPIAQD4AQL4AQGYAgGgApMDmAMAkgcDNC0xoAedBLIHAzQtMbgHkwM&amp;sclient=gws-wiz-serp\">K2<\/a> \u201eFlavour\u201c und \u201eFlavour\u201c sind zwei W\u00f6rter, die sich auf eine Reihe verschreibungspflichtiger Medikamente beziehen, die als \u201etechnisch hergestelltes\u201c oder \u201ekreiertes\u201c Cannabis bezeichnet werden. Sie bestehen aus getrockneten Pflanzenteilen, die mit synthetischen Verbindungen bespr\u00fcht wurden, die die F\u00e4higkeit haben, die menschliche Wahrnehmung zu ver\u00e4ndern. Diese synthetisierten Medikamente wurden urspr\u00fcnglich von Analysten zu Testzwecken entwickelt. <a href=\"https:\/\/legitgrams.com\/de\/\">LegitGrams<\/a><\/p>\n<h3>K2 R\u00e4ucherspray (SPICE) kann online gekauft werden.<\/h3>\n<p>K2 ist au\u00dferdem in fl\u00fcssiger Form f\u00fcr E-Zigaretten erh\u00e4ltlich. Man kann es auch in Pfeifen, Joints oder als Tee rauchen. Anschlie\u00dfend wird K2 auf Fasern, Papier und Pflanzen gestreut. Die Hauptgr\u00fcnde f\u00fcr den Konsum von Spice sind seine bekannten Eigenschaften und seine geringe Dosierung, auch wenn es eine \u00e4hnliche Wirkung wie Marihuana haben kann. Spice wird \u00fcblicherweise als Pflanzenprodukt verkauft. Wir bieten dennoch hervorragenden K2-Geschmack, und jede unserer individuellen Mischungen entspricht den geltenden Gesetzen. Wirksames K2-R\u00e4ucherwerk f\u00fcr die Sinne: Kr\u00e4uterr\u00e4ucherwerk online kaufen! Im Gegensatz zu anderen H\u00e4ndlern, die leblose Mischungen ohne Nachahmungen anbieten, spricht unsere Qualit\u00e4t f\u00fcr sich, wenn Sie K2 problemlos bei uns kaufen! Wir unterscheiden uns von anderen Kr\u00e4uterh\u00e4ndlern durch unser hochwertiges Kr\u00e4uterr\u00e4ucherwerk. Aroma, auch bekannt als synthetisches Marihuana, synthetisches Gras oder K2, ist ein k\u00fcnstlich hergestelltes R\u00e4ucherspray, das viele k\u00fcnstliche Aromen und Chemikalien enth\u00e4lt. <a href=\"https:\/\/duckduckgo.com\/?q=K2+Rucherspray+(SPICE)+online+kaufen&amp;t=h_&amp;ia=web\">K2 Fl\u00fcssigkeit auf Papier<\/a>Kaufen Sie fl\u00fcssiges R\u00e4ucherwerk und K2-Spray online. Erhalten Sie erstklassiges K2-Zing-Papier direkt nach Hause, indem Sie online bestellen. Sie sind im richtigen Shop. Wir organisieren den Online-Vertrieb von E-Liquids, Streuseln und lokalen K2-R\u00e4ucherwerken. Wir bieten die lokal f\u00fchrenden K2-Liquids zum g\u00fcnstigsten Preis an, um die Bed\u00fcrfnisse aller Kunden in den USA und weltweit zu erf\u00fcllen. Eine weitere wichtige Anwendung ist die Herstellung einer K2-Dusche; daher wird es \u00fcblicherweise \u00e4u\u00dferlich angewendet. Es ist wirklich wichtig. \u201eFlavor\u201c oder \u201eK2\u201c sind andere Bezeichnungen f\u00fcr die synthetischen Cannabinoide, die in den 2000er Jahren erstmals in den USA erh\u00e4ltlich waren. Authentisches K2 High Spice-Dokument. Wir bieten das beste online erh\u00e4ltliche K2-Mischpapier. Holen Sie es sich jetzt. Was ist K2, Spice oder synthetische Cannabinoide, eine andere Bezeichnung f\u00fcr synthetisches Marihuana? Wir haben das beste lokale R\u00e4ucherwerk, das online erh\u00e4ltlich ist.<\/p>\n<p>K2 kaufen <a href=\"https:\/\/en.wikipedia.org\/wiki\/Incense\">Weihrauch<\/a> Spray, das K2, K2-Fl\u00fcssigkeit in Gef\u00e4ngnissen, Bizarro-Kr\u00e4uterweihrauch und K2-Fl\u00fcssigweihrauch. K2 Spice Spray kaufen, K2-Droge, synthetisches Cannabis, synthetisches Marihuana, Wo kann man K2-Fl\u00fcssigkeitstropfen, K2-Fl\u00fcssiggew\u00fcrz kaufen und wie tr\u00e4gt man fl\u00fcssiges K2 auf Papier auf? Wo kann ich K2-Spray, K2-E-Fl\u00fcssigkeit, K2-Fl\u00fcssigspray und Bizarro-Weihrauch kaufen? Online-Shopping f\u00fcr Bizarro K2 Liquid Spray, K2-Gras, K2-Chemikalie, K2-Spray, K2-Weihrauch, K2-Spray auf Papier, K2-Spray zu verkaufen und K2 Liquid Bizarro K2-Spray auf Papier, Diablo-Fl\u00fcssigweihrauch, Diablo-Kr\u00e4uterweihrauch, Diablo-Kr\u00e4uterweihrauch zu verkaufen, kaufen, kaufen, sicher, online, Diablo, K2-Gras, K2-Spray, K2, Diablo K2, K2 zu verkaufen, synthetischer Cannabis.<\/p>\n<p>&nbsp;<\/p>","protected":false},"excerpt":{"rendered":"<p>K2 Incense Spray: Purchase Online Purchase K2 Incense Spray: We also sell K2 paper. There are colorless and odorless types of K2 spray available. It takes 25ml to spray a whole A4 sheet of paper. K2 Incense Spray (SPICE) can be bought online. The two main words used to describe synthetic marijuana are taste and &hellip;<\/p>\n<p class=\"read-more\"> <a class=\"\" href=\"https:\/\/legitgrams.com\/de\/produkt\/k2-weihrauchspray-gewurz\/\"> <span class=\"screen-reader-text\">K2 R\u00e4ucherspray (SPICE) online kaufen<\/span> Mehr lesen \"<\/a><\/p>","protected":false},"featured_media":5341,"comment_status":"open","ping_status":"closed","template":"","meta":{"_uag_custom_page_level_css":"","site-sidebar-layout":"default","site-content-layout":"default","ast-global-header-display":"","ast-main-header-display":"","ast-hfb-above-header-display":"","ast-hfb-below-header-display":"","ast-hfb-mobile-header-display":"","site-post-title":"","ast-breadcrumbs-content":"","ast-featured-img":"","footer-sml-layout":"","theme-transparent-header-meta":"default","adv-header-id-meta":"","stick-header-meta":"default","header-above-stick-meta":"","header-main-stick-meta":"","header-below-stick-meta":"","_joinchat":[]},"product_brand":[],"product_cat":[602],"product_tag":[1614,1604,617,1596,1611,1608,1603,1595,1598,1599,1606,1597,1609,1616,1617,1615,1607,1612,1601,1613,1610,625,1602,1605,1600],"class_list":{"0":"post-4251","1":"product","2":"type-product","3":"status-publish","4":"has-post-thumbnail","6":"product_cat-k2-paper-and-spray","7":"product_tag-best-cheap-price-k2-incense-spray-spice","8":"product_tag-best-place-to-buy-k2-incense-spray-spice","9":"product_tag-bulk-online","10":"product_tag-buy-k2-incense-spray-spice","11":"product_tag-cheap-k2-incense-spray-spice","12":"product_tag-high-quality-k2-incense-spray-spice","13":"product_tag-how-to-buy-k2-incense-spray-spice","14":"product_tag-k2-incense-spray-spice","15":"product_tag-k2-incense-spray-spice-for-sale","16":"product_tag-k2-incense-spray-spice-k2-incense-spray-spice-supplier","17":"product_tag-k2-incense-spray-spice-legally","18":"product_tag-k2-incense-spray-spice-online","19":"product_tag-k2-incense-spray-spice-store","20":"product_tag-k2-incense-spray-spice-use","21":"product_tag-k2-incense-spray-spice-wiki","22":"product_tag-k2-incense-spray-spice-worldwide","23":"product_tag-k2-incense-spray-spiceprice","24":"product_tag-k2-incense-spray-spices","25":"product_tag-order-k2-incense-spray-spice","26":"product_tag-purcharse-k2-incense-spray-spice","27":"product_tag-shop-k2-incense-spray-spice","28":"product_tag-top-quality","29":"product_tag-where-to-buy-k2-incense-spray-spice","30":"product_tag-where-to-order-k2-incense-spray-spice","31":"product_tag-wholesale-k2-incense-spray-spice","32":"desktop-align-left","33":"tablet-align-left","34":"mobile-align-left","35":"ast-product-gallery-layout-horizontal","36":"ast-product-gallery-with-no-image","37":"ast-product-single-variable","38":"ast-product-tabs-layout-horizontal","39":"ast-qv-on-image","41":"first","42":"instock","43":"featured","44":"shipping-taxable","45":"purchasable","46":"product-type-variable"},"yoast_head":"<!-- This site is optimized with the Yoast SEO plugin v25.9 - https:\/\/yoast.com\/wordpress\/plugins\/seo\/ -->\n<title>K2 Incense Spray for Sale - Order K2 Incense Spray Online | LG<\/title>\n<meta name=\"description\" content=\"At our Legitgrams, you can get K2 Incense Spray for sale at cheap rates. We deal with A-grade quality products only. Buy K2 Incense Spray online from our store now with fast &amp; secure shipping service.\" \/>\n<meta name=\"robots\" content=\"index, follow, max-snippet:-1, max-image-preview:large, max-video-preview:-1\" \/>\n<link rel=\"canonical\" href=\"https:\/\/legitgrams.com\/de\/produkt\/k2-weihrauchspray-gewurz\/\" \/>\n<meta property=\"og:locale\" content=\"de_DE\" \/>\n<meta property=\"og:type\" content=\"article\" \/>\n<meta property=\"og:title\" content=\"K2 Incense Spray for Sale - Order K2 Incense Spray Online | LG\" \/>\n<meta property=\"og:description\" content=\"At our Legitgrams, you can get K2 Incense Spray for sale at cheap rates. We deal with A-grade quality products only. Buy K2 Incense Spray online from our store now with fast &amp; secure shipping service.\" \/>\n<meta property=\"og:url\" content=\"https:\/\/legitgrams.com\/de\/produkt\/k2-weihrauchspray-gewurz\/\" \/>\n<meta property=\"og:site_name\" content=\"Legit Grams\" \/>\n<meta property=\"article:modified_time\" content=\"2025-03-05T09:21:49+00:00\" \/>\n<meta property=\"og:image\" content=\"https:\/\/legitgrams.com\/wp-content\/uploads\/2024\/09\/buy-k2-incense-spray-spice.jpg\" \/>\n\t<meta property=\"og:image:width\" content=\"600\" \/>\n\t<meta property=\"og:image:height\" content=\"600\" \/>\n\t<meta property=\"og:image:type\" content=\"image\/jpeg\" \/>\n<meta name=\"twitter:card\" content=\"summary_large_image\" \/>\n<meta name=\"twitter:label1\" content=\"Gesch\u00e4tzte Lesezeit\" \/>\n\t<meta name=\"twitter:data1\" content=\"3\u00a0Minuten\" \/>\n<script type=\"application\/ld+json\" class=\"yoast-schema-graph\">{\"@context\":\"https:\/\/schema.org\",\"@graph\":[{\"@type\":\"WebPage\",\"@id\":\"https:\/\/legitgrams.com\/product\/k2-incense-spray-spice\/\",\"url\":\"https:\/\/legitgrams.com\/product\/k2-incense-spray-spice\/\",\"name\":\"K2 Incense Spray for Sale - Order K2 Incense Spray Online | LG\",\"isPartOf\":{\"@id\":\"https:\/\/legitgrams.com\/#website\"},\"primaryImageOfPage\":{\"@id\":\"https:\/\/legitgrams.com\/product\/k2-incense-spray-spice\/#primaryimage\"},\"image\":{\"@id\":\"https:\/\/legitgrams.com\/product\/k2-incense-spray-spice\/#primaryimage\"},\"thumbnailUrl\":\"https:\/\/legitgrams.com\/wp-content\/uploads\/2024\/09\/buy-k2-incense-spray-spice.jpg\",\"datePublished\":\"2024-09-22T07:18:59+00:00\",\"dateModified\":\"2025-03-05T09:21:49+00:00\",\"description\":\"At our Legitgrams, you can get K2 Incense Spray for sale at cheap rates. We deal with A-grade quality products only. Buy K2 Incense Spray online from our store now with fast & secure shipping service.\",\"breadcrumb\":{\"@id\":\"https:\/\/legitgrams.com\/product\/k2-incense-spray-spice\/#breadcrumb\"},\"inLanguage\":\"de\",\"potentialAction\":[{\"@type\":\"ReadAction\",\"target\":[\"https:\/\/legitgrams.com\/product\/k2-incense-spray-spice\/\"]}]},{\"@type\":\"ImageObject\",\"inLanguage\":\"de\",\"@id\":\"https:\/\/legitgrams.com\/product\/k2-incense-spray-spice\/#primaryimage\",\"url\":\"https:\/\/legitgrams.com\/wp-content\/uploads\/2024\/09\/buy-k2-incense-spray-spice.jpg\",\"contentUrl\":\"https:\/\/legitgrams.com\/wp-content\/uploads\/2024\/09\/buy-k2-incense-spray-spice.jpg\",\"width\":600,\"height\":600,\"caption\":\"K2 Incense Spray for Sale\"},{\"@type\":\"BreadcrumbList\",\"@id\":\"https:\/\/legitgrams.com\/product\/k2-incense-spray-spice\/#breadcrumb\",\"itemListElement\":[{\"@type\":\"ListItem\",\"position\":1,\"name\":\"Home\",\"item\":\"https:\/\/legitgrams.com\/\"},{\"@type\":\"ListItem\",\"position\":2,\"name\":\"Shop\",\"item\":\"https:\/\/legitgrams.com\/shop\/\"},{\"@type\":\"ListItem\",\"position\":3,\"name\":\"Buy K2 Incense Spray (SPICE) Online\"}]},{\"@type\":\"WebSite\",\"@id\":\"https:\/\/legitgrams.com\/#website\",\"url\":\"https:\/\/legitgrams.com\/\",\"name\":\"Legit Grams\",\"description\":\"My WordPress Blog\",\"publisher\":{\"@id\":\"https:\/\/legitgrams.com\/#organization\"},\"potentialAction\":[{\"@type\":\"SearchAction\",\"target\":{\"@type\":\"EntryPoint\",\"urlTemplate\":\"https:\/\/legitgrams.com\/?s={search_term_string}\"},\"query-input\":{\"@type\":\"PropertyValueSpecification\",\"valueRequired\":true,\"valueName\":\"search_term_string\"}}],\"inLanguage\":\"de\"},{\"@type\":\"Organization\",\"@id\":\"https:\/\/legitgrams.com\/#organization\",\"name\":\"Legit Grams\",\"url\":\"https:\/\/legitgrams.com\/\",\"logo\":{\"@type\":\"ImageObject\",\"inLanguage\":\"de\",\"@id\":\"https:\/\/legitgrams.com\/#\/schema\/logo\/image\/\",\"url\":\"https:\/\/legitgrams.com\/wp-content\/uploads\/2024\/09\/main-logo.png\",\"contentUrl\":\"https:\/\/legitgrams.com\/wp-content\/uploads\/2024\/09\/main-logo.png\",\"width\":270,\"height\":75,\"caption\":\"Legit Grams\"},\"image\":{\"@id\":\"https:\/\/legitgrams.com\/#\/schema\/logo\/image\/\"}}]}<\/script>\n<!-- \/ Yoast SEO plugin. -->","yoast_head_json":{"title":"K2 Weihrauchspray zu verkaufen - K2 Weihrauchspray online bestellen | LG","description":"Auf unserer Legitgrams, k\u00f6nnen Sie K2 Weihrauch Spray zum Verkauf zu g\u00fcnstigen Preisen zu bekommen. Wir befassen uns mit A-Grade-Qualit\u00e4t Produkte nur. Kaufen Sie K2 Incense Spray online von unserem Shop jetzt mit schnellem &amp; sicherem Versand.","robots":{"index":"index","follow":"follow","max-snippet":"max-snippet:-1","max-image-preview":"max-image-preview:large","max-video-preview":"max-video-preview:-1"},"canonical":"https:\/\/legitgrams.com\/de\/produkt\/k2-weihrauchspray-gewurz\/","og_locale":"de_DE","og_type":"article","og_title":"K2 Incense Spray for Sale - Order K2 Incense Spray Online | LG","og_description":"At our Legitgrams, you can get K2 Incense Spray for sale at cheap rates. We deal with A-grade quality products only. Buy K2 Incense Spray online from our store now with fast & secure shipping service.","og_url":"https:\/\/legitgrams.com\/de\/produkt\/k2-weihrauchspray-gewurz\/","og_site_name":"Legit Grams","article_modified_time":"2025-03-05T09:21:49+00:00","og_image":[{"width":600,"height":600,"url":"https:\/\/legitgrams.com\/wp-content\/uploads\/2024\/09\/buy-k2-incense-spray-spice.jpg","type":"image\/jpeg"}],"twitter_card":"summary_large_image","twitter_misc":{"Gesch\u00e4tzte Lesezeit":"3\u00a0Minuten"},"schema":{"@context":"https:\/\/schema.org","@graph":[{"@type":"WebPage","@id":"https:\/\/legitgrams.com\/product\/k2-incense-spray-spice\/","url":"https:\/\/legitgrams.com\/product\/k2-incense-spray-spice\/","name":"K2 Weihrauchspray zu verkaufen - K2 Weihrauchspray online bestellen | LG","isPartOf":{"@id":"https:\/\/legitgrams.com\/#website"},"primaryImageOfPage":{"@id":"https:\/\/legitgrams.com\/product\/k2-incense-spray-spice\/#primaryimage"},"image":{"@id":"https:\/\/legitgrams.com\/product\/k2-incense-spray-spice\/#primaryimage"},"thumbnailUrl":"https:\/\/legitgrams.com\/wp-content\/uploads\/2024\/09\/buy-k2-incense-spray-spice.jpg","datePublished":"2024-09-22T07:18:59+00:00","dateModified":"2025-03-05T09:21:49+00:00","description":"Auf unserer Legitgrams, k\u00f6nnen Sie K2 Weihrauch Spray zum Verkauf zu g\u00fcnstigen Preisen zu bekommen. Wir befassen uns mit A-Grade-Qualit\u00e4t Produkte nur. Kaufen Sie K2 Incense Spray online von unserem Shop jetzt mit schnellem &amp; sicherem Versand.","breadcrumb":{"@id":"https:\/\/legitgrams.com\/product\/k2-incense-spray-spice\/#breadcrumb"},"inLanguage":"de","potentialAction":[{"@type":"ReadAction","target":["https:\/\/legitgrams.com\/product\/k2-incense-spray-spice\/"]}]},{"@type":"ImageObject","inLanguage":"de","@id":"https:\/\/legitgrams.com\/product\/k2-incense-spray-spice\/#primaryimage","url":"https:\/\/legitgrams.com\/wp-content\/uploads\/2024\/09\/buy-k2-incense-spray-spice.jpg","contentUrl":"https:\/\/legitgrams.com\/wp-content\/uploads\/2024\/09\/buy-k2-incense-spray-spice.jpg","width":600,"height":600,"caption":"K2 Incense Spray for Sale"},{"@type":"BreadcrumbList","@id":"https:\/\/legitgrams.com\/product\/k2-incense-spray-spice\/#breadcrumb","itemListElement":[{"@type":"ListItem","position":1,"name":"Home","item":"https:\/\/legitgrams.com\/"},{"@type":"ListItem","position":2,"name":"Shop","item":"https:\/\/legitgrams.com\/shop\/"},{"@type":"ListItem","position":3,"name":"Buy K2 Incense Spray (SPICE) Online"}]},{"@type":"WebSite","@id":"https:\/\/legitgrams.com\/#website","url":"https:\/\/legitgrams.com\/","name":"Legitimer Grammwert","description":"Mein WordPress-Blog","publisher":{"@id":"https:\/\/legitgrams.com\/#organization"},"potentialAction":[{"@type":"SearchAction","target":{"@type":"EntryPoint","urlTemplate":"https:\/\/legitgrams.com\/?s={search_term_string}"},"query-input":{"@type":"PropertyValueSpecification","valueRequired":true,"valueName":"search_term_string"}}],"inLanguage":"de"},{"@type":"Organization","@id":"https:\/\/legitgrams.com\/#organization","name":"Legitimer Grammwert","url":"https:\/\/legitgrams.com\/","logo":{"@type":"ImageObject","inLanguage":"de","@id":"https:\/\/legitgrams.com\/#\/schema\/logo\/image\/","url":"https:\/\/legitgrams.com\/wp-content\/uploads\/2024\/09\/main-logo.png","contentUrl":"https:\/\/legitgrams.com\/wp-content\/uploads\/2024\/09\/main-logo.png","width":270,"height":75,"caption":"Legit Grams"},"image":{"@id":"https:\/\/legitgrams.com\/#\/schema\/logo\/image\/"}}]}},"uagb_featured_image_src":{"full":["https:\/\/legitgrams.com\/wp-content\/uploads\/2024\/09\/buy-k2-incense-spray-spice.jpg",600,600,false],"thumbnail":["https:\/\/legitgrams.com\/wp-content\/uploads\/2024\/09\/buy-k2-incense-spray-spice-150x150.jpg",150,150,true],"medium":["https:\/\/legitgrams.com\/wp-content\/uploads\/2024\/09\/buy-k2-incense-spray-spice-300x300.jpg",300,300,true],"medium_large":["https:\/\/legitgrams.com\/wp-content\/uploads\/2024\/09\/buy-k2-incense-spray-spice.jpg",600,600,false],"large":["https:\/\/legitgrams.com\/wp-content\/uploads\/2024\/09\/buy-k2-incense-spray-spice.jpg",600,600,false],"1536x1536":["https:\/\/legitgrams.com\/wp-content\/uploads\/2024\/09\/buy-k2-incense-spray-spice.jpg",600,600,false],"2048x2048":["https:\/\/legitgrams.com\/wp-content\/uploads\/2024\/09\/buy-k2-incense-spray-spice.jpg",600,600,false],"trp-custom-language-flag":["https:\/\/legitgrams.com\/wp-content\/uploads\/2024\/09\/buy-k2-incense-spray-spice-12x12.jpg",12,12,true],"woocommerce_thumbnail":["https:\/\/legitgrams.com\/wp-content\/uploads\/2024\/09\/buy-k2-incense-spray-spice-300x300.jpg",300,300,true],"woocommerce_single":["https:\/\/legitgrams.com\/wp-content\/uploads\/2024\/09\/buy-k2-incense-spray-spice.jpg",600,600,false],"woocommerce_gallery_thumbnail":["https:\/\/legitgrams.com\/wp-content\/uploads\/2024\/09\/buy-k2-incense-spray-spice-100x100.jpg",100,100,true]},"uagb_author_info":{"display_name":"cokeblog18","author_link":"https:\/\/legitgrams.com\/de\/author\/"},"uagb_comment_info":0,"uagb_excerpt":"K2 Incense Spray: Purchase Online Purchase K2 Incense Spray: We also sell K2 paper. There are colorless and odorless types of K2 spray available. It takes 25ml to spray a whole A4 sheet of paper. K2 Incense Spray (SPICE) can be bought online. The two main words used to describe synthetic marijuana are taste and&hellip;","_links":{"self":[{"href":"https:\/\/legitgrams.com\/de\/wp-json\/wp\/v2\/product\/4251","targetHints":{"allow":["GET"]}}],"collection":[{"href":"https:\/\/legitgrams.com\/de\/wp-json\/wp\/v2\/product"}],"about":[{"href":"https:\/\/legitgrams.com\/de\/wp-json\/wp\/v2\/types\/product"}],"replies":[{"embeddable":true,"href":"https:\/\/legitgrams.com\/de\/wp-json\/wp\/v2\/comments?post=4251"}],"wp:featuredmedia":[{"embeddable":true,"href":"https:\/\/legitgrams.com\/de\/wp-json\/wp\/v2\/media\/5341"}],"wp:attachment":[{"href":"https:\/\/legitgrams.com\/de\/wp-json\/wp\/v2\/media?parent=4251"}],"wp:term":[{"taxonomy":"product_brand","embeddable":true,"href":"https:\/\/legitgrams.com\/de\/wp-json\/wp\/v2\/product_brand?post=4251"},{"taxonomy":"product_cat","embeddable":true,"href":"https:\/\/legitgrams.com\/de\/wp-json\/wp\/v2\/product_cat?post=4251"},{"taxonomy":"product_tag","embeddable":true,"href":"https:\/\/legitgrams.com\/de\/wp-json\/wp\/v2\/product_tag?post=4251"}],"curies":[{"name":"wp","href":"https:\/\/api.w.org\/{rel}","templated":true}]}}