{"id":4254,"date":"2024-09-22T07:33:20","date_gmt":"2024-09-22T07:33:20","guid":{"rendered":"https:\/\/legitgrams.com\/?post_type=product&#038;p=4254"},"modified":"2025-01-14T10:48:38","modified_gmt":"2025-01-14T10:48:38","slug":"psilocybe-utopie","status":"publish","type":"product","link":"https:\/\/legitgrams.com\/de\/produkt\/psilocybe-utopie\/","title":{"rendered":"Psilocybe Utopie"},"content":{"rendered":"<h2>Psilocybe Utopia online kaufen<br \/>\nSo halten Sie Zaubertr\u00fcffel frisch und lagern sie<\/h2>\n<p>Magic Truffles sollten immer in ihrem vakuumversiegelten, unge\u00f6ffneten Beh\u00e4lter im K\u00fchlschrank bei 2 bis 4 \u00b0C aufbewahrt werden. Wenn die Tr\u00fcffeln auf diese Weise aufbewahrt werden, halten sie bis zum Mindesthaltbarkeitsdatum. Sobald die Vakuumbarriere durchbrochen ist, k\u00f6nnen die Tr\u00fcffeln bis zu zwei Tage aufbewahrt werden, ohne ihre Wirksamkeit zu verlieren.<\/p>\n<h3>Magische Tr\u00fcffel-Effekte<\/h3>\n<p>In Magic Truffles werden Psilocin und <a href=\"https:\/\/legitgrams.com\/de\/produkt\/psilocybe-utopie\/\">Psilocybin<\/a> sind die aktiven Bestandteile. Beide Substanzen werden leicht vom K\u00f6rper aufgenommen und verleihen den Magic Truffles ihre halluzinogenen Eigenschaften.<\/p>\n<p>Der Verzehr von Zaubertr\u00fcffeln kann in kleinen Mengen zu Gl\u00fccksgef\u00fchlen und Rauschzust\u00e4nden f\u00fchren. In dieser Stimmung kannst du dich noch gut verst\u00e4ndigen und deine Umgebung wahrnehmen. In gr\u00f6\u00dferen Mengen ver\u00e4ndern Zaubertr\u00fcffel die Realit\u00e4t und k\u00f6nnen zu Wahnvorstellungen f\u00fchren.<\/p>\n<p>Nach 30 Minuten (oder gelegentlich sogar 10 Minuten) nach der Einnahme beginnen die Magic Truffles zu wirken. Schwitzende Handfl\u00e4chen, Seufzer, Sch\u00fcttelfrost, ein unruhiges Gef\u00fchl und \u00dcbelkeit sind einige Beispiele f\u00fcr diese Nebenwirkungen. Mit zunehmender Wirkung steigt die Freude und das Gl\u00fccksgef\u00fchl, aber auch Angstzust\u00e4nde k\u00f6nnen auftreten. Zu den m\u00f6glichen Nebenwirkungen geh\u00f6ren intime Bindungen zu anderen Psychonauten, Halluzinationen und Visionen.<\/p>\n<p>Die Wirkung von Magic Truffles wird normalerweise gleichm\u00e4\u00dfiger und h\u00f6rt nach einer Stunde auf zu eskalieren. Sie halten in der Regel zwischen drei und f\u00fcnf Stunden an, je nachdem, wie viel davon eingenommen wird. Danach dauert es ein bis zwei Stunden, bis die Wirkung nachl\u00e4sst. Dieses Abklingen geschieht h\u00e4ufig in Wellen, die, bevor die Wirkungen erneut ansteigen, bedeuten k\u00f6nnen, dass die Reise zu Ende geht. Stellen Sie daher sicher, dass Sie an dem Tag, an dem Sie \u00fcber die Tr\u00fcffel stolpern, alles geplant haben und keine anderen Verpflichtungen haben.<\/p>\n<p>In der ersten Stunde der Reise kann es zu \u00dcbelkeit oder Unwohlsein kommen. Normalerweise l\u00e4sst dieses Gef\u00fchl nach, wenn sich die Wirkung von Magic Truffles vertieft.<\/p>\n<p>Die Umgebung und Ihr Gem\u00fctszustand spielen eine gro\u00dfe Rolle bei dem, was Sie w\u00e4hrend einer Magic Truffle-Exkursion sehen und erleben. Ihre Erfahrungen werden stark von Ihrem emotionalen Zustand in den Tagen vor der Reise sowie von der Umgebung, in der Sie reisen, beeinflusst. Eine hektische und anstrengende Woche kann mit einem etwas nerv\u00f6sen und angespannten Urlaub mit frischer Perspektive und Elan enden.<\/p>\n<p>Zusammenfassend l\u00e4sst sich sagen, dass du Magic Truffles nur dann konsumieren solltest, wenn du geistig ruhig und ausgeglichen bist. Magic Truffles sollten nur in einer friedlichen, vertrauten Umgebung konsumiert werden, am besten mit Personen, denen du vertrauen kannst. Wenn du in der Stadt unterwegs bist, ist nichts \u00e4rgerlicher, als wenn die Leute sich streiten.<\/p>\n<h3>Menge der magischen Tr\u00fcffel<\/h3>\n<p>Tr\u00fcffel mit Utopia Magic sind extrem potent. Verwenden Sie nur eine geringe Dosierung und nur f\u00fcr Anf\u00e4nger!<\/p>\n<p>Nehmen Sie 0,2 bis 0,5 Gramm Magic Truffles pro Person in einer Mikrodosis ein.<\/p>\n<p>Nehmen Sie 5-7 Gramm Magic Truffles pro Person f\u00fcr eine leichte Reise.<\/p>\n<p>Nehmen Sie 10 Gramm Magic Truffles pro Person f\u00fcr ein intensives Erlebnis.<\/p>\n<p>Nehmen Sie 15 Gramm Magic Truffles pro Person f\u00fcr ein intensives Erlebnis.<\/p>\n<h3>Verwendung von Zaubertr\u00fcffeln<\/h3>\n<p>Ungekochte magische Tr\u00fcffel konsumieren. Bez\u00fcglich des Verzehrs von ungekochten Magic Truffles. Nehmen Sie sie auf n\u00fcchternen Magen ein, um optimale Ergebnisse zu erzielen. Vergewissern Sie sich, dass Sie mindestens zwei bis vier Stunden vor Ihrer Reise Ihre letzte Mahlzeit zu sich genommen haben. Es wird empfohlen, auf koffeinhaltige Getr\u00e4nke zu verzichten.<\/p>\n<p>Kauen Sie die Tr\u00fcffel gr\u00fcndlich; dies f\u00f6rdert die Aufnahme der psychedelischen Inhaltsstoffe durch den K\u00f6rper und beugt \u00dcbelkeit vor.<\/p>\n<p>Sie sind kein Fan des Magic Truffle-Geschmacks? Um den Geschmack zu \u00fcberdecken, essen Sie die Tr\u00fcffel in einer Suppe, mit Tee oder mit einer Handvoll Mandeln. Die St\u00e4rke der Tr\u00fcffel wird beeintr\u00e4chtigt, wenn sie gekocht werden. <a href=\"https:\/\/legitgrams.com\/de\/\">LegitGrams<\/a><\/p>\n<p>Utopie Psilocybe<\/p>\n<p>Achtung!<\/p>\n<p>Nicht mit Alkohol oder anderen Drogen mischen.<\/p>\n<p>Verwendung allein oder in Verbindung mit anderen Medikamenten oder MAO-Hemmern.<\/p>\n<p>Verwenden Sie es mit Vorsicht, wenn Sie depressiv oder anf\u00e4llig f\u00fcr Psychosen sind.<\/p>\n<p>Seien Sie vorsichtig, wenn Sie schwanger sind oder ein Baby stillen.<\/p>\n<p>Nur verwenden, wenn Sie \u00e4lter als achtzehn Jahre sind.<\/p>\n<h3>Zuf\u00e4llige Fakten<\/h3>\n<p>Tr\u00fcffel, auch Sklerotien genannt, sind lebende Waren. Es ist wahrscheinlich, dass die Verpackung eingeschlossene Luft, insbesondere CO2, enth\u00e4lt. Infolgedessen entwickeln sich auf der Au\u00dfenseite der Tr\u00fcffel wei\u00dfe \"Haare\" und die Sklerotien wachsen weiter. Dieses Myzel ist ein Beweis f\u00fcr den guten Gesundheitszustand der Tr\u00fcffel. Es beeintr\u00e4chtigt die Reise nicht und ist essbar.<\/p>\n<p>Sporen von <a href=\"https:\/\/en.wikipedia.org\/wiki\/Psilocybe\">Psilocybe-Utopie<\/a><\/p>","protected":false},"excerpt":{"rendered":"<p>Purchase Online Psilocybe Utopia How to keep magic truffles fresh and store them Magic Truffles should always be stored in their vacuum-sealed, unopened container in the refrigerator between 2 and 4 \u00b0C. If the truffles are stored this way, they will last until the best-before date. Once the vacuum barrier is broken, the truffles can &hellip;<\/p>\n<p class=\"read-more\"> <a class=\"\" href=\"https:\/\/legitgrams.com\/de\/produkt\/psilocybe-utopie\/\"> <span class=\"screen-reader-text\">Psilocybe Utopie<\/span> Mehr lesen \"<\/a><\/p>","protected":false},"featured_media":5248,"comment_status":"open","ping_status":"closed","template":"","meta":{"_uag_custom_page_level_css":"","site-sidebar-layout":"default","site-content-layout":"default","ast-global-header-display":"","ast-main-header-display":"","ast-hfb-above-header-display":"","ast-hfb-below-header-display":"","ast-hfb-mobile-header-display":"","site-post-title":"","ast-breadcrumbs-content":"","ast-featured-img":"","footer-sml-layout":"","theme-transparent-header-meta":"default","adv-header-id-meta":"","stick-header-meta":"default","header-above-stick-meta":"","header-main-stick-meta":"","header-below-stick-meta":"","_joinchat":[]},"product_brand":[],"product_cat":[599],"product_tag":[1545,1535,617,1527,1542,1539,1534,1532,1526,1529,1537,1528,1530,1540,1547,1548,1546,1538,1543,1544,1541,625,1533,1536,1531],"class_list":{"0":"post-4254","1":"product","2":"type-product","3":"status-publish","4":"has-post-thumbnail","6":"product_cat-psilocybin-or-magic-mushrooms","7":"product_tag-best-cheap-price-psilocybe-utopia","8":"product_tag-best-place-to-buy-psilocybe-utopia","9":"product_tag-bulk-online","10":"product_tag-buy-psilocybe-utopia","11":"product_tag-cheap-psilocybe-utopia","12":"product_tag-high-quality-psilocybe-utopia","13":"product_tag-how-to-buy-psilocybe-utopia","14":"product_tag-order-psilocybe-utopia","15":"product_tag-psilocybe-utopia","16":"product_tag-psilocybe-utopia-for-sale","17":"product_tag-psilocybe-utopia-legally","18":"product_tag-psilocybe-utopia-online","19":"product_tag-psilocybe-utopia-psilocybe-utopia-supplier","20":"product_tag-psilocybe-utopia-store","21":"product_tag-psilocybe-utopia-use","22":"product_tag-psilocybe-utopia-wiki","23":"product_tag-psilocybe-utopia-worldwide","24":"product_tag-psilocybe-utopiaprice","25":"product_tag-psilocybe-utopias","26":"product_tag-purcharse-psilocybe-utopia","27":"product_tag-shop-psilocybe-utopia","28":"product_tag-top-quality","29":"product_tag-where-to-buy-psilocybe-utopia","30":"product_tag-where-to-order-psilocybe-utopia","31":"product_tag-wholesale-psilocybe-utopia","32":"desktop-align-left","33":"tablet-align-left","34":"mobile-align-left","35":"ast-product-gallery-layout-horizontal","36":"ast-product-gallery-with-no-image","37":"ast-product-single-variable","38":"ast-product-tabs-layout-horizontal","39":"ast-qv-on-image","41":"first","42":"instock","43":"shipping-taxable","44":"purchasable","45":"product-type-variable"},"yoast_head":"<!-- This site is optimized with the Yoast SEO plugin v25.9 - https:\/\/yoast.com\/wordpress\/plugins\/seo\/ -->\n<title>Psilocybe Utopia for Sale - Order Psilocybe Utopia Online<\/title>\n<meta name=\"description\" content=\"Find premium psilocybe utopia for sale at our online store, providing a secure platform to buy psilocybe utopia online with ease, catering to your research needs.\" \/>\n<meta name=\"robots\" content=\"index, follow, max-snippet:-1, max-image-preview:large, max-video-preview:-1\" \/>\n<link rel=\"canonical\" href=\"https:\/\/legitgrams.com\/de\/produkt\/psilocybe-utopie\/\" \/>\n<meta property=\"og:locale\" content=\"de_DE\" \/>\n<meta property=\"og:type\" content=\"article\" \/>\n<meta property=\"og:title\" content=\"Psilocybe Utopia for Sale - Order Psilocybe Utopia Online\" \/>\n<meta property=\"og:description\" content=\"Find premium psilocybe utopia for sale at our online store, providing a secure platform to buy psilocybe utopia online with ease, catering to your research needs.\" \/>\n<meta property=\"og:url\" content=\"https:\/\/legitgrams.com\/de\/produkt\/psilocybe-utopie\/\" \/>\n<meta property=\"og:site_name\" content=\"Legit Grams\" \/>\n<meta property=\"article:modified_time\" content=\"2025-01-14T10:48:38+00:00\" \/>\n<meta property=\"og:image\" content=\"https:\/\/legitgrams.com\/wp-content\/uploads\/2024\/09\/psilocybe-utopiapsilocybin-or-magic-mushrooms.jpg\" \/>\n\t<meta property=\"og:image:width\" content=\"430\" \/>\n\t<meta property=\"og:image:height\" content=\"430\" \/>\n\t<meta property=\"og:image:type\" content=\"image\/jpeg\" \/>\n<meta name=\"twitter:card\" content=\"summary_large_image\" \/>\n<meta name=\"twitter:label1\" content=\"Gesch\u00e4tzte Lesezeit\" \/>\n\t<meta name=\"twitter:data1\" content=\"4\u00a0Minuten\" \/>\n<script type=\"application\/ld+json\" class=\"yoast-schema-graph\">{\"@context\":\"https:\/\/schema.org\",\"@graph\":[{\"@type\":\"WebPage\",\"@id\":\"https:\/\/legitgrams.com\/product\/psilocybe-utopia\/\",\"url\":\"https:\/\/legitgrams.com\/product\/psilocybe-utopia\/\",\"name\":\"Psilocybe Utopia for Sale - Order Psilocybe Utopia Online\",\"isPartOf\":{\"@id\":\"https:\/\/legitgrams.com\/#website\"},\"primaryImageOfPage\":{\"@id\":\"https:\/\/legitgrams.com\/product\/psilocybe-utopia\/#primaryimage\"},\"image\":{\"@id\":\"https:\/\/legitgrams.com\/product\/psilocybe-utopia\/#primaryimage\"},\"thumbnailUrl\":\"https:\/\/legitgrams.com\/wp-content\/uploads\/2024\/09\/psilocybe-utopiapsilocybin-or-magic-mushrooms.jpg\",\"datePublished\":\"2024-09-22T07:33:20+00:00\",\"dateModified\":\"2025-01-14T10:48:38+00:00\",\"description\":\"Find premium psilocybe utopia for sale at our online store, providing a secure platform to buy psilocybe utopia online with ease, catering to your research needs.\",\"breadcrumb\":{\"@id\":\"https:\/\/legitgrams.com\/product\/psilocybe-utopia\/#breadcrumb\"},\"inLanguage\":\"de\",\"potentialAction\":[{\"@type\":\"ReadAction\",\"target\":[\"https:\/\/legitgrams.com\/product\/psilocybe-utopia\/\"]}]},{\"@type\":\"ImageObject\",\"inLanguage\":\"de\",\"@id\":\"https:\/\/legitgrams.com\/product\/psilocybe-utopia\/#primaryimage\",\"url\":\"https:\/\/legitgrams.com\/wp-content\/uploads\/2024\/09\/psilocybe-utopiapsilocybin-or-magic-mushrooms.jpg\",\"contentUrl\":\"https:\/\/legitgrams.com\/wp-content\/uploads\/2024\/09\/psilocybe-utopiapsilocybin-or-magic-mushrooms.jpg\",\"width\":430,\"height\":430,\"caption\":\"Psilocybe Utopia for Sale\"},{\"@type\":\"BreadcrumbList\",\"@id\":\"https:\/\/legitgrams.com\/product\/psilocybe-utopia\/#breadcrumb\",\"itemListElement\":[{\"@type\":\"ListItem\",\"position\":1,\"name\":\"Home\",\"item\":\"https:\/\/legitgrams.com\/\"},{\"@type\":\"ListItem\",\"position\":2,\"name\":\"Shop\",\"item\":\"https:\/\/legitgrams.com\/shop\/\"},{\"@type\":\"ListItem\",\"position\":3,\"name\":\"Psilocybe Utopia\"}]},{\"@type\":\"WebSite\",\"@id\":\"https:\/\/legitgrams.com\/#website\",\"url\":\"https:\/\/legitgrams.com\/\",\"name\":\"Legit Grams\",\"description\":\"My WordPress Blog\",\"publisher\":{\"@id\":\"https:\/\/legitgrams.com\/#organization\"},\"potentialAction\":[{\"@type\":\"SearchAction\",\"target\":{\"@type\":\"EntryPoint\",\"urlTemplate\":\"https:\/\/legitgrams.com\/?s={search_term_string}\"},\"query-input\":{\"@type\":\"PropertyValueSpecification\",\"valueRequired\":true,\"valueName\":\"search_term_string\"}}],\"inLanguage\":\"de\"},{\"@type\":\"Organization\",\"@id\":\"https:\/\/legitgrams.com\/#organization\",\"name\":\"Legit Grams\",\"url\":\"https:\/\/legitgrams.com\/\",\"logo\":{\"@type\":\"ImageObject\",\"inLanguage\":\"de\",\"@id\":\"https:\/\/legitgrams.com\/#\/schema\/logo\/image\/\",\"url\":\"https:\/\/legitgrams.com\/wp-content\/uploads\/2024\/09\/main-logo.png\",\"contentUrl\":\"https:\/\/legitgrams.com\/wp-content\/uploads\/2024\/09\/main-logo.png\",\"width\":270,\"height\":75,\"caption\":\"Legit Grams\"},\"image\":{\"@id\":\"https:\/\/legitgrams.com\/#\/schema\/logo\/image\/\"}}]}<\/script>\n<!-- \/ Yoast SEO plugin. -->","yoast_head_json":{"title":"Psilocybe Utopia zu verkaufen - Psilocybe Utopia online bestellen","description":"Finden Sie Premium-Psilocybe utopia zum Verkauf in unserem Online-Shop, der eine sichere Plattform bietet, um Psilocybe utopia online mit Leichtigkeit zu kaufen, um Ihren Forschungsbedarf zu decken.","robots":{"index":"index","follow":"follow","max-snippet":"max-snippet:-1","max-image-preview":"max-image-preview:large","max-video-preview":"max-video-preview:-1"},"canonical":"https:\/\/legitgrams.com\/de\/produkt\/psilocybe-utopie\/","og_locale":"de_DE","og_type":"article","og_title":"Psilocybe Utopia for Sale - Order Psilocybe Utopia Online","og_description":"Find premium psilocybe utopia for sale at our online store, providing a secure platform to buy psilocybe utopia online with ease, catering to your research needs.","og_url":"https:\/\/legitgrams.com\/de\/produkt\/psilocybe-utopie\/","og_site_name":"Legit Grams","article_modified_time":"2025-01-14T10:48:38+00:00","og_image":[{"width":430,"height":430,"url":"https:\/\/legitgrams.com\/wp-content\/uploads\/2024\/09\/psilocybe-utopiapsilocybin-or-magic-mushrooms.jpg","type":"image\/jpeg"}],"twitter_card":"summary_large_image","twitter_misc":{"Gesch\u00e4tzte Lesezeit":"4\u00a0Minuten"},"schema":{"@context":"https:\/\/schema.org","@graph":[{"@type":"WebPage","@id":"https:\/\/legitgrams.com\/product\/psilocybe-utopia\/","url":"https:\/\/legitgrams.com\/product\/psilocybe-utopia\/","name":"Psilocybe Utopia zu verkaufen - Psilocybe Utopia online bestellen","isPartOf":{"@id":"https:\/\/legitgrams.com\/#website"},"primaryImageOfPage":{"@id":"https:\/\/legitgrams.com\/product\/psilocybe-utopia\/#primaryimage"},"image":{"@id":"https:\/\/legitgrams.com\/product\/psilocybe-utopia\/#primaryimage"},"thumbnailUrl":"https:\/\/legitgrams.com\/wp-content\/uploads\/2024\/09\/psilocybe-utopiapsilocybin-or-magic-mushrooms.jpg","datePublished":"2024-09-22T07:33:20+00:00","dateModified":"2025-01-14T10:48:38+00:00","description":"Finden Sie Premium-Psilocybe utopia zum Verkauf in unserem Online-Shop, der eine sichere Plattform bietet, um Psilocybe utopia online mit Leichtigkeit zu kaufen, um Ihren Forschungsbedarf zu decken.","breadcrumb":{"@id":"https:\/\/legitgrams.com\/product\/psilocybe-utopia\/#breadcrumb"},"inLanguage":"de","potentialAction":[{"@type":"ReadAction","target":["https:\/\/legitgrams.com\/product\/psilocybe-utopia\/"]}]},{"@type":"ImageObject","inLanguage":"de","@id":"https:\/\/legitgrams.com\/product\/psilocybe-utopia\/#primaryimage","url":"https:\/\/legitgrams.com\/wp-content\/uploads\/2024\/09\/psilocybe-utopiapsilocybin-or-magic-mushrooms.jpg","contentUrl":"https:\/\/legitgrams.com\/wp-content\/uploads\/2024\/09\/psilocybe-utopiapsilocybin-or-magic-mushrooms.jpg","width":430,"height":430,"caption":"Psilocybe Utopia for Sale"},{"@type":"BreadcrumbList","@id":"https:\/\/legitgrams.com\/product\/psilocybe-utopia\/#breadcrumb","itemListElement":[{"@type":"ListItem","position":1,"name":"Home","item":"https:\/\/legitgrams.com\/"},{"@type":"ListItem","position":2,"name":"Shop","item":"https:\/\/legitgrams.com\/shop\/"},{"@type":"ListItem","position":3,"name":"Psilocybe Utopia"}]},{"@type":"WebSite","@id":"https:\/\/legitgrams.com\/#website","url":"https:\/\/legitgrams.com\/","name":"Legitimer Grammwert","description":"Mein WordPress-Blog","publisher":{"@id":"https:\/\/legitgrams.com\/#organization"},"potentialAction":[{"@type":"SearchAction","target":{"@type":"EntryPoint","urlTemplate":"https:\/\/legitgrams.com\/?s={search_term_string}"},"query-input":{"@type":"PropertyValueSpecification","valueRequired":true,"valueName":"search_term_string"}}],"inLanguage":"de"},{"@type":"Organization","@id":"https:\/\/legitgrams.com\/#organization","name":"Legitimer Grammwert","url":"https:\/\/legitgrams.com\/","logo":{"@type":"ImageObject","inLanguage":"de","@id":"https:\/\/legitgrams.com\/#\/schema\/logo\/image\/","url":"https:\/\/legitgrams.com\/wp-content\/uploads\/2024\/09\/main-logo.png","contentUrl":"https:\/\/legitgrams.com\/wp-content\/uploads\/2024\/09\/main-logo.png","width":270,"height":75,"caption":"Legit Grams"},"image":{"@id":"https:\/\/legitgrams.com\/#\/schema\/logo\/image\/"}}]}},"uagb_featured_image_src":{"full":["https:\/\/legitgrams.com\/wp-content\/uploads\/2024\/09\/psilocybe-utopiapsilocybin-or-magic-mushrooms.jpg",430,430,false],"thumbnail":["https:\/\/legitgrams.com\/wp-content\/uploads\/2024\/09\/psilocybe-utopiapsilocybin-or-magic-mushrooms-150x150.jpg",150,150,true],"medium":["https:\/\/legitgrams.com\/wp-content\/uploads\/2024\/09\/psilocybe-utopiapsilocybin-or-magic-mushrooms-300x300.jpg",300,300,true],"medium_large":["https:\/\/legitgrams.com\/wp-content\/uploads\/2024\/09\/psilocybe-utopiapsilocybin-or-magic-mushrooms.jpg",430,430,false],"large":["https:\/\/legitgrams.com\/wp-content\/uploads\/2024\/09\/psilocybe-utopiapsilocybin-or-magic-mushrooms.jpg",430,430,false],"1536x1536":["https:\/\/legitgrams.com\/wp-content\/uploads\/2024\/09\/psilocybe-utopiapsilocybin-or-magic-mushrooms.jpg",430,430,false],"2048x2048":["https:\/\/legitgrams.com\/wp-content\/uploads\/2024\/09\/psilocybe-utopiapsilocybin-or-magic-mushrooms.jpg",430,430,false],"trp-custom-language-flag":["https:\/\/legitgrams.com\/wp-content\/uploads\/2024\/09\/psilocybe-utopiapsilocybin-or-magic-mushrooms-12x12.jpg",12,12,true],"woocommerce_thumbnail":["https:\/\/legitgrams.com\/wp-content\/uploads\/2024\/09\/psilocybe-utopiapsilocybin-or-magic-mushrooms-300x300.jpg",300,300,true],"woocommerce_single":["https:\/\/legitgrams.com\/wp-content\/uploads\/2024\/09\/psilocybe-utopiapsilocybin-or-magic-mushrooms.jpg",430,430,false],"woocommerce_gallery_thumbnail":["https:\/\/legitgrams.com\/wp-content\/uploads\/2024\/09\/psilocybe-utopiapsilocybin-or-magic-mushrooms-100x100.jpg",100,100,true]},"uagb_author_info":{"display_name":"cokeblog18","author_link":"https:\/\/legitgrams.com\/de\/author\/"},"uagb_comment_info":0,"uagb_excerpt":"Purchase Online Psilocybe Utopia How to keep magic truffles fresh and store them Magic Truffles should always be stored in their vacuum-sealed, unopened container in the refrigerator between 2 and 4 \u00b0C. If the truffles are stored this way, they will last until the best-before date. Once the vacuum barrier is broken, the truffles can&hellip;","_links":{"self":[{"href":"https:\/\/legitgrams.com\/de\/wp-json\/wp\/v2\/product\/4254","targetHints":{"allow":["GET"]}}],"collection":[{"href":"https:\/\/legitgrams.com\/de\/wp-json\/wp\/v2\/product"}],"about":[{"href":"https:\/\/legitgrams.com\/de\/wp-json\/wp\/v2\/types\/product"}],"replies":[{"embeddable":true,"href":"https:\/\/legitgrams.com\/de\/wp-json\/wp\/v2\/comments?post=4254"}],"wp:featuredmedia":[{"embeddable":true,"href":"https:\/\/legitgrams.com\/de\/wp-json\/wp\/v2\/media\/5248"}],"wp:attachment":[{"href":"https:\/\/legitgrams.com\/de\/wp-json\/wp\/v2\/media?parent=4254"}],"wp:term":[{"taxonomy":"product_brand","embeddable":true,"href":"https:\/\/legitgrams.com\/de\/wp-json\/wp\/v2\/product_brand?post=4254"},{"taxonomy":"product_cat","embeddable":true,"href":"https:\/\/legitgrams.com\/de\/wp-json\/wp\/v2\/product_cat?post=4254"},{"taxonomy":"product_tag","embeddable":true,"href":"https:\/\/legitgrams.com\/de\/wp-json\/wp\/v2\/product_tag?post=4254"}],"curies":[{"name":"wp","href":"https:\/\/api.w.org\/{rel}","templated":true}]}}