{"id":4263,"date":"2024-09-22T07:55:08","date_gmt":"2024-09-22T07:55:08","guid":{"rendered":"https:\/\/legitgrams.com\/?post_type=product&#038;p=4263"},"modified":"2025-01-13T08:08:37","modified_gmt":"2025-01-13T08:08:37","slug":"actavis-promethazin-hustensaft-16oz","status":"publish","type":"product","link":"https:\/\/legitgrams.com\/de\/produkt\/actavis-promethazin-hustensaft-16oz\/","title":{"rendered":"actavis Promethazin Hustensaft 16OZ"},"content":{"rendered":"<h1>Actavis Promethazin Online-Kauf<\/h1>\n<p><a href=\"https:\/\/legitgrams.com\/de\/produkt\/actavis-promethazin-hustensaft-16oz\/\">Actavis Promethazin Codein Hustensaft kaufen<\/a> Online: <a href=\"https:\/\/en.wikipedia.org\/wiki\/Promethazine\">Promethazine<\/a> Codein-Hustensaft ist ein opioides Hustenstillmittel, das bei \u00fcberm\u00e4\u00dfiger Einnahme \u00fcber die vom Arzt verschriebene Menge hinaus auch beruhigende und euphorisierende Wirkungen haben kann. Er enth\u00e4lt au\u00dferdem das entspannende Antihistaminikum Promethazin-HCl. Sie k\u00f6nnen Hustensaft online kaufen. <a href=\"https:\/\/legitgrams.com\/de\/\">LegitGrams<\/a><\/p>\n<p>Kaufen mit Bitcoin, Moneygram oder Western Union 16 Unzen Promethazin-Hustensaft. Wir bieten auch Kokain zu l\u00e4cherlich g\u00fcnstigen Preisen an. Actavis ist preiswert. Bestellen Sie jetzt.<\/p>","protected":false},"excerpt":{"rendered":"<p>Actavis Promethazine Online Purchase Buy Actavis Promethazine Codeine Cough Syrup Online: Promethazine Codeine Cough Syrup is an opioid cough suppressant that, when used in excess of what a doctor has prescribed, can also have sedative and euphoric effects. It also contains the relaxing antihistamine promethazine HCl. You may buy cough syrup online. LegitGrams Using Bitcoin, &hellip;<\/p>\n<p class=\"read-more\"> <a class=\"\" href=\"https:\/\/legitgrams.com\/de\/produkt\/actavis-promethazin-hustensaft-16oz\/\"> <span class=\"screen-reader-text\">actavis Promethazin Hustensaft 16OZ<\/span> Mehr lesen \"<\/a><\/p>","protected":false},"featured_media":5343,"comment_status":"open","ping_status":"closed","template":"","meta":{"_uag_custom_page_level_css":"","site-sidebar-layout":"default","site-content-layout":"default","ast-global-header-display":"","ast-main-header-display":"","ast-hfb-above-header-display":"","ast-hfb-below-header-display":"","ast-hfb-mobile-header-display":"","site-post-title":"","ast-breadcrumbs-content":"","ast-featured-img":"","footer-sml-layout":"","theme-transparent-header-meta":"default","adv-header-id-meta":"","stick-header-meta":"default","header-above-stick-meta":"","header-main-stick-meta":"","header-below-stick-meta":"","_joinchat":[]},"product_brand":[],"product_cat":[603],"product_tag":[1365,1369,1368,1376,1367,1379,1386,1387,1385,1377,1382,1384,1374,617,1366,1381,1378,1373,1371,1383,1380,625,1372,1375,1370],"class_list":{"0":"post-4263","1":"product","2":"type-product","3":"status-publish","4":"has-post-thumbnail","6":"product_cat-cough-syrup","7":"product_tag-actavis-promethazine-cough-syrup-16oz","8":"product_tag-actavis-promethazine-cough-syrup-16oz-actavis-promethazine-cough-syrup-16oz-supplier","9":"product_tag-actavis-promethazine-cough-syrup-16oz-for-sale","10":"product_tag-actavis-promethazine-cough-syrup-16oz-legally","11":"product_tag-actavis-promethazine-cough-syrup-16oz-online","12":"product_tag-actavis-promethazine-cough-syrup-16oz-store","13":"product_tag-actavis-promethazine-cough-syrup-16oz-use","14":"product_tag-actavis-promethazine-cough-syrup-16oz-wiki","15":"product_tag-actavis-promethazine-cough-syrup-16oz-worldwide","16":"product_tag-actavis-promethazine-cough-syrup-16ozprice","17":"product_tag-actavis-promethazine-cough-syrup-16ozs","18":"product_tag-best-cheap-price-actavis-promethazine-cough-syrup-16oz","19":"product_tag-best-place-to-buy-actavis-promethazine-cough-syrup-16oz","20":"product_tag-bulk-online","21":"product_tag-buy-actavis-promethazine-cough-syrup-16oz","22":"product_tag-cheap-actavis-promethazine-cough-syrup-16oz","23":"product_tag-high-quality-actavis-promethazine-cough-syrup-16oz","24":"product_tag-how-to-buy-actavis-promethazine-cough-syrup-16oz","25":"product_tag-order-actavis-promethazine-cough-syrup-16oz","26":"product_tag-purcharse-actavis-promethazine-cough-syrup-16oz","27":"product_tag-shop-actavis-promethazine-cough-syrup-16oz","28":"product_tag-top-quality","29":"product_tag-where-to-buy-actavis-promethazine-cough-syrup-16oz","30":"product_tag-where-to-order-actavis-promethazine-cough-syrup-16oz","31":"product_tag-wholesale-actavis-promethazine-cough-syrup-16oz","32":"desktop-align-left","33":"tablet-align-left","34":"mobile-align-left","35":"ast-product-gallery-layout-horizontal","36":"ast-product-gallery-with-no-image","37":"ast-product-single-variable","38":"ast-product-tabs-layout-horizontal","39":"ast-qv-on-image","41":"first","42":"instock","43":"shipping-taxable","44":"purchasable","45":"product-type-variable"},"yoast_head":"<!-- This site is optimized with the Yoast SEO plugin v25.9 - https:\/\/yoast.com\/wordpress\/plugins\/seo\/ -->\n<title>Actavis Promethazine for Sale - Buy Actavis Promethazine Online<\/title>\n<meta name=\"description\" content=\"If you are willing to get actavis promethazine for sale, then we are the right choice for you. At your online store, you buy actavis promethazine cough syrup online at best price. Order Now!\" \/>\n<meta name=\"robots\" content=\"index, follow, max-snippet:-1, max-image-preview:large, max-video-preview:-1\" \/>\n<link rel=\"canonical\" href=\"https:\/\/legitgrams.com\/de\/produkt\/actavis-promethazin-hustensaft-16oz\/\" \/>\n<meta property=\"og:locale\" content=\"de_DE\" \/>\n<meta property=\"og:type\" content=\"article\" \/>\n<meta property=\"og:title\" content=\"Actavis Promethazine for Sale - Buy Actavis Promethazine Online\" \/>\n<meta property=\"og:description\" content=\"If you are willing to get actavis promethazine for sale, then we are the right choice for you. At your online store, you buy actavis promethazine cough syrup online at best price. Order Now!\" \/>\n<meta property=\"og:url\" content=\"https:\/\/legitgrams.com\/de\/produkt\/actavis-promethazin-hustensaft-16oz\/\" \/>\n<meta property=\"og:site_name\" content=\"Legit Grams\" \/>\n<meta property=\"article:modified_time\" content=\"2025-01-13T08:08:37+00:00\" \/>\n<meta property=\"og:image\" content=\"https:\/\/legitgrams.com\/wp-content\/uploads\/2024\/09\/buy-actavis-promethazine-cough-syrup-16oz.jpg\" \/>\n\t<meta property=\"og:image:width\" content=\"600\" \/>\n\t<meta property=\"og:image:height\" content=\"600\" \/>\n\t<meta property=\"og:image:type\" content=\"image\/jpeg\" \/>\n<meta name=\"twitter:card\" content=\"summary_large_image\" \/>\n<meta name=\"twitter:label1\" content=\"Gesch\u00e4tzte Lesezeit\" \/>\n\t<meta name=\"twitter:data1\" content=\"1\u00a0Minute\" \/>\n<script type=\"application\/ld+json\" class=\"yoast-schema-graph\">{\"@context\":\"https:\/\/schema.org\",\"@graph\":[{\"@type\":\"WebPage\",\"@id\":\"https:\/\/legitgrams.com\/product\/actavis-promethazine-cough-syrup-16oz\/\",\"url\":\"https:\/\/legitgrams.com\/product\/actavis-promethazine-cough-syrup-16oz\/\",\"name\":\"Actavis Promethazine for Sale - Buy Actavis Promethazine Online\",\"isPartOf\":{\"@id\":\"https:\/\/legitgrams.com\/#website\"},\"primaryImageOfPage\":{\"@id\":\"https:\/\/legitgrams.com\/product\/actavis-promethazine-cough-syrup-16oz\/#primaryimage\"},\"image\":{\"@id\":\"https:\/\/legitgrams.com\/product\/actavis-promethazine-cough-syrup-16oz\/#primaryimage\"},\"thumbnailUrl\":\"https:\/\/legitgrams.com\/wp-content\/uploads\/2024\/09\/buy-actavis-promethazine-cough-syrup-16oz.jpg\",\"datePublished\":\"2024-09-22T07:55:08+00:00\",\"dateModified\":\"2025-01-13T08:08:37+00:00\",\"description\":\"If you are willing to get actavis promethazine for sale, then we are the right choice for you. At your online store, you buy actavis promethazine cough syrup online at best price. Order Now!\",\"breadcrumb\":{\"@id\":\"https:\/\/legitgrams.com\/product\/actavis-promethazine-cough-syrup-16oz\/#breadcrumb\"},\"inLanguage\":\"de\",\"potentialAction\":[{\"@type\":\"ReadAction\",\"target\":[\"https:\/\/legitgrams.com\/product\/actavis-promethazine-cough-syrup-16oz\/\"]}]},{\"@type\":\"ImageObject\",\"inLanguage\":\"de\",\"@id\":\"https:\/\/legitgrams.com\/product\/actavis-promethazine-cough-syrup-16oz\/#primaryimage\",\"url\":\"https:\/\/legitgrams.com\/wp-content\/uploads\/2024\/09\/buy-actavis-promethazine-cough-syrup-16oz.jpg\",\"contentUrl\":\"https:\/\/legitgrams.com\/wp-content\/uploads\/2024\/09\/buy-actavis-promethazine-cough-syrup-16oz.jpg\",\"width\":600,\"height\":600,\"caption\":\"Actavis Promethazine for Sale\"},{\"@type\":\"BreadcrumbList\",\"@id\":\"https:\/\/legitgrams.com\/product\/actavis-promethazine-cough-syrup-16oz\/#breadcrumb\",\"itemListElement\":[{\"@type\":\"ListItem\",\"position\":1,\"name\":\"Home\",\"item\":\"https:\/\/legitgrams.com\/\"},{\"@type\":\"ListItem\",\"position\":2,\"name\":\"Shop\",\"item\":\"https:\/\/legitgrams.com\/shop\/\"},{\"@type\":\"ListItem\",\"position\":3,\"name\":\"actavis promethazine cough syrup 16OZ\"}]},{\"@type\":\"WebSite\",\"@id\":\"https:\/\/legitgrams.com\/#website\",\"url\":\"https:\/\/legitgrams.com\/\",\"name\":\"Legit Grams\",\"description\":\"My WordPress Blog\",\"publisher\":{\"@id\":\"https:\/\/legitgrams.com\/#organization\"},\"potentialAction\":[{\"@type\":\"SearchAction\",\"target\":{\"@type\":\"EntryPoint\",\"urlTemplate\":\"https:\/\/legitgrams.com\/?s={search_term_string}\"},\"query-input\":{\"@type\":\"PropertyValueSpecification\",\"valueRequired\":true,\"valueName\":\"search_term_string\"}}],\"inLanguage\":\"de\"},{\"@type\":\"Organization\",\"@id\":\"https:\/\/legitgrams.com\/#organization\",\"name\":\"Legit Grams\",\"url\":\"https:\/\/legitgrams.com\/\",\"logo\":{\"@type\":\"ImageObject\",\"inLanguage\":\"de\",\"@id\":\"https:\/\/legitgrams.com\/#\/schema\/logo\/image\/\",\"url\":\"https:\/\/legitgrams.com\/wp-content\/uploads\/2024\/09\/main-logo.png\",\"contentUrl\":\"https:\/\/legitgrams.com\/wp-content\/uploads\/2024\/09\/main-logo.png\",\"width\":270,\"height\":75,\"caption\":\"Legit Grams\"},\"image\":{\"@id\":\"https:\/\/legitgrams.com\/#\/schema\/logo\/image\/\"}}]}<\/script>\n<!-- \/ Yoast SEO plugin. -->","yoast_head_json":{"title":"Actavis Promethazin zu verkaufen - Actavis Promethazin Online Kaufen","description":"Wenn Sie bereit sind, actavis Promethazin zum Verkauf zu bekommen, dann sind wir die richtige Wahl f\u00fcr Sie. In Ihrem Online-Shop, kaufen Sie actavis promethazine Hustensaft online zum besten Preis. Jetzt bestellen!","robots":{"index":"index","follow":"follow","max-snippet":"max-snippet:-1","max-image-preview":"max-image-preview:large","max-video-preview":"max-video-preview:-1"},"canonical":"https:\/\/legitgrams.com\/de\/produkt\/actavis-promethazin-hustensaft-16oz\/","og_locale":"de_DE","og_type":"article","og_title":"Actavis Promethazine for Sale - Buy Actavis Promethazine Online","og_description":"If you are willing to get actavis promethazine for sale, then we are the right choice for you. At your online store, you buy actavis promethazine cough syrup online at best price. Order Now!","og_url":"https:\/\/legitgrams.com\/de\/produkt\/actavis-promethazin-hustensaft-16oz\/","og_site_name":"Legit Grams","article_modified_time":"2025-01-13T08:08:37+00:00","og_image":[{"width":600,"height":600,"url":"https:\/\/legitgrams.com\/wp-content\/uploads\/2024\/09\/buy-actavis-promethazine-cough-syrup-16oz.jpg","type":"image\/jpeg"}],"twitter_card":"summary_large_image","twitter_misc":{"Gesch\u00e4tzte Lesezeit":"1\u00a0Minute"},"schema":{"@context":"https:\/\/schema.org","@graph":[{"@type":"WebPage","@id":"https:\/\/legitgrams.com\/product\/actavis-promethazine-cough-syrup-16oz\/","url":"https:\/\/legitgrams.com\/product\/actavis-promethazine-cough-syrup-16oz\/","name":"Actavis Promethazin zu verkaufen - Actavis Promethazin Online Kaufen","isPartOf":{"@id":"https:\/\/legitgrams.com\/#website"},"primaryImageOfPage":{"@id":"https:\/\/legitgrams.com\/product\/actavis-promethazine-cough-syrup-16oz\/#primaryimage"},"image":{"@id":"https:\/\/legitgrams.com\/product\/actavis-promethazine-cough-syrup-16oz\/#primaryimage"},"thumbnailUrl":"https:\/\/legitgrams.com\/wp-content\/uploads\/2024\/09\/buy-actavis-promethazine-cough-syrup-16oz.jpg","datePublished":"2024-09-22T07:55:08+00:00","dateModified":"2025-01-13T08:08:37+00:00","description":"Wenn Sie bereit sind, actavis Promethazin zum Verkauf zu bekommen, dann sind wir die richtige Wahl f\u00fcr Sie. In Ihrem Online-Shop, kaufen Sie actavis promethazine Hustensaft online zum besten Preis. Jetzt bestellen!","breadcrumb":{"@id":"https:\/\/legitgrams.com\/product\/actavis-promethazine-cough-syrup-16oz\/#breadcrumb"},"inLanguage":"de","potentialAction":[{"@type":"ReadAction","target":["https:\/\/legitgrams.com\/product\/actavis-promethazine-cough-syrup-16oz\/"]}]},{"@type":"ImageObject","inLanguage":"de","@id":"https:\/\/legitgrams.com\/product\/actavis-promethazine-cough-syrup-16oz\/#primaryimage","url":"https:\/\/legitgrams.com\/wp-content\/uploads\/2024\/09\/buy-actavis-promethazine-cough-syrup-16oz.jpg","contentUrl":"https:\/\/legitgrams.com\/wp-content\/uploads\/2024\/09\/buy-actavis-promethazine-cough-syrup-16oz.jpg","width":600,"height":600,"caption":"Actavis Promethazine for Sale"},{"@type":"BreadcrumbList","@id":"https:\/\/legitgrams.com\/product\/actavis-promethazine-cough-syrup-16oz\/#breadcrumb","itemListElement":[{"@type":"ListItem","position":1,"name":"Home","item":"https:\/\/legitgrams.com\/"},{"@type":"ListItem","position":2,"name":"Shop","item":"https:\/\/legitgrams.com\/shop\/"},{"@type":"ListItem","position":3,"name":"actavis promethazine cough syrup 16OZ"}]},{"@type":"WebSite","@id":"https:\/\/legitgrams.com\/#website","url":"https:\/\/legitgrams.com\/","name":"Legitimer Grammwert","description":"Mein WordPress-Blog","publisher":{"@id":"https:\/\/legitgrams.com\/#organization"},"potentialAction":[{"@type":"SearchAction","target":{"@type":"EntryPoint","urlTemplate":"https:\/\/legitgrams.com\/?s={search_term_string}"},"query-input":{"@type":"PropertyValueSpecification","valueRequired":true,"valueName":"search_term_string"}}],"inLanguage":"de"},{"@type":"Organization","@id":"https:\/\/legitgrams.com\/#organization","name":"Legitimer Grammwert","url":"https:\/\/legitgrams.com\/","logo":{"@type":"ImageObject","inLanguage":"de","@id":"https:\/\/legitgrams.com\/#\/schema\/logo\/image\/","url":"https:\/\/legitgrams.com\/wp-content\/uploads\/2024\/09\/main-logo.png","contentUrl":"https:\/\/legitgrams.com\/wp-content\/uploads\/2024\/09\/main-logo.png","width":270,"height":75,"caption":"Legit Grams"},"image":{"@id":"https:\/\/legitgrams.com\/#\/schema\/logo\/image\/"}}]}},"uagb_featured_image_src":{"full":["https:\/\/legitgrams.com\/wp-content\/uploads\/2024\/09\/buy-actavis-promethazine-cough-syrup-16oz.jpg",600,600,false],"thumbnail":["https:\/\/legitgrams.com\/wp-content\/uploads\/2024\/09\/buy-actavis-promethazine-cough-syrup-16oz-150x150.jpg",150,150,true],"medium":["https:\/\/legitgrams.com\/wp-content\/uploads\/2024\/09\/buy-actavis-promethazine-cough-syrup-16oz-300x300.jpg",300,300,true],"medium_large":["https:\/\/legitgrams.com\/wp-content\/uploads\/2024\/09\/buy-actavis-promethazine-cough-syrup-16oz.jpg",600,600,false],"large":["https:\/\/legitgrams.com\/wp-content\/uploads\/2024\/09\/buy-actavis-promethazine-cough-syrup-16oz.jpg",600,600,false],"1536x1536":["https:\/\/legitgrams.com\/wp-content\/uploads\/2024\/09\/buy-actavis-promethazine-cough-syrup-16oz.jpg",600,600,false],"2048x2048":["https:\/\/legitgrams.com\/wp-content\/uploads\/2024\/09\/buy-actavis-promethazine-cough-syrup-16oz.jpg",600,600,false],"trp-custom-language-flag":["https:\/\/legitgrams.com\/wp-content\/uploads\/2024\/09\/buy-actavis-promethazine-cough-syrup-16oz-12x12.jpg",12,12,true],"woocommerce_thumbnail":["https:\/\/legitgrams.com\/wp-content\/uploads\/2024\/09\/buy-actavis-promethazine-cough-syrup-16oz-300x300.jpg",300,300,true],"woocommerce_single":["https:\/\/legitgrams.com\/wp-content\/uploads\/2024\/09\/buy-actavis-promethazine-cough-syrup-16oz.jpg",600,600,false],"woocommerce_gallery_thumbnail":["https:\/\/legitgrams.com\/wp-content\/uploads\/2024\/09\/buy-actavis-promethazine-cough-syrup-16oz-100x100.jpg",100,100,true]},"uagb_author_info":{"display_name":"cokeblog18","author_link":"https:\/\/legitgrams.com\/de\/author\/"},"uagb_comment_info":0,"uagb_excerpt":"Actavis Promethazine Online Purchase Buy Actavis Promethazine Codeine Cough Syrup Online: Promethazine Codeine Cough Syrup is an opioid cough suppressant that, when used in excess of what a doctor has prescribed, can also have sedative and euphoric effects. It also contains the relaxing antihistamine promethazine HCl. You may buy cough syrup online. LegitGrams Using Bitcoin,&hellip;","_links":{"self":[{"href":"https:\/\/legitgrams.com\/de\/wp-json\/wp\/v2\/product\/4263","targetHints":{"allow":["GET"]}}],"collection":[{"href":"https:\/\/legitgrams.com\/de\/wp-json\/wp\/v2\/product"}],"about":[{"href":"https:\/\/legitgrams.com\/de\/wp-json\/wp\/v2\/types\/product"}],"replies":[{"embeddable":true,"href":"https:\/\/legitgrams.com\/de\/wp-json\/wp\/v2\/comments?post=4263"}],"wp:featuredmedia":[{"embeddable":true,"href":"https:\/\/legitgrams.com\/de\/wp-json\/wp\/v2\/media\/5343"}],"wp:attachment":[{"href":"https:\/\/legitgrams.com\/de\/wp-json\/wp\/v2\/media?parent=4263"}],"wp:term":[{"taxonomy":"product_brand","embeddable":true,"href":"https:\/\/legitgrams.com\/de\/wp-json\/wp\/v2\/product_brand?post=4263"},{"taxonomy":"product_cat","embeddable":true,"href":"https:\/\/legitgrams.com\/de\/wp-json\/wp\/v2\/product_cat?post=4263"},{"taxonomy":"product_tag","embeddable":true,"href":"https:\/\/legitgrams.com\/de\/wp-json\/wp\/v2\/product_tag?post=4263"}],"curies":[{"name":"wp","href":"https:\/\/api.w.org\/{rel}","templated":true}]}}