{"id":4272,"date":"2024-09-22T08:15:29","date_gmt":"2024-09-22T08:15:29","guid":{"rendered":"https:\/\/legitgrams.com\/?post_type=product&#038;p=4272"},"modified":"2025-03-05T08:22:03","modified_gmt":"2025-03-05T08:22:03","slug":"weis-mercedes-ecstasy-pillen-bestellen","status":"publish","type":"product","link":"https:\/\/legitgrams.com\/de\/produkt\/weis-mercedes-ecstasy-pillen-bestellen\/","title":{"rendered":"Bestellen Sie White Mercedes Ecstasy-Pillen online"},"content":{"rendered":"<h2>Kaufen euphorisierende White Mercedes-Produkte online.<br \/>\nSie k\u00f6nnen White Mercedes Ecstasy-Pillen in einer Dosierung von 295 mg online kaufen.<\/h2>\n<p>Cremefarben<\/p>\n<p><a href=\"https:\/\/www.bing.com\/search?q=BestellenSieWhiteMercedesEcstasy-Pillenonline&amp;qs=n&amp;form=QBRE&amp;sp=-1&amp;lq=0&amp;pq=bestellensiewhitemercedesecstasy-pillenonline&amp;sc=0-50&amp;sk=&amp;cvid=4F579F2962834010A76C77D78D964C5C&amp;ghsh=0&amp;ghacc=0&amp;ghpl=\">Ma\u00dfe: 295 mg<\/a><\/p>\n<p>Die Mehrheit der <a href=\"https:\/\/www.google.com\/search?q=Bestellen+Sie+White+Mercedes+Ecstasy-Pillen+online&amp;sca_esv=eddefdb7b92e7545&amp;sxsrf=AHTn8zo5zmhRm3BmQVgkJ78eoPGxLiPoEQ1743656658399&amp;ei=0hbuZ5aMGNXx0PEPnIrSiA8&amp;ved=0ahUKEwiWve-di7uMAxXVODQIHRyFFPEQ4dUDCBA&amp;uact=5&amp;oq=Bestellen+Sie+White+Mercedes+Ecstasy-Pillen+online&amp;gs_lp=Egxnd3Mtd2l6LXNlcnAiMkJlc3RlbGxlbiBTaWUgV2hpdGUgTWVyY2VkZXMgRWNzdGFzeS1QaWxsZW4gb25saW5lMgUQIRigAUjlBFAAWABwAHgAkAEAmAGZA6ABmQOqAQM0LTG4AQPIAQD4AQL4AQGYAgGgAqEDmAMAkgcDNC0xoAedArIHAzQtMbgHoQM&amp;sclient=gws-wiz-serp\">MDMA<\/a> Nutzer konsumieren es als Kapseln oder Tabletten (Gew\u00fcrzpulver), w\u00e4hrend andere es in fl\u00fcssiger oder Tablettenform einnehmen. Als Abk\u00fcrzung f\u00fcr \u201eMolek\u00fcl\u201c bezieht sich Mollys gebr\u00e4uchlicher Name oft auf die eigentlich \u201ereine\u201c kristalline Pulverform von MDMA, die \u00fcblicherweise als Kapseln verkauft wird. Aber diejenigen, die Pulver oder Kapseln kaufen, die unter dem Namen <a href=\"https:\/\/duckduckgo.com\/?q=Bestellen+Sie+White+Mercedes+Ecstasy-Pillen+online&amp;t=h_&amp;ia=web\">Molly<\/a> Oft stellt man fest, dass sie zus\u00e4tzliche Inhaltsstoffe enthalten, wie Salz oder synthetische Cathinone (auch als \u201eTubs\u201c bekannt).<\/p>\n<p>Kauf Ecstasy Pillen, White Mercedes Ecstasy Pillen, <a href=\"https:\/\/legitgrams.com\/de\/produkt\/weis-mercedes-ecstasy-pillen-bestellen\/\">Wei\u00dfe Mercedes-Ecstasy-Pillen<\/a> online - Ecstasy-Pillen von White Mercedes online bestellen. Wo kann ich Ecstasy-Pillen online kaufen? Wo kann ich Ecstasy-Pillen online kaufen? Wo kann ich Ecstasy Pillen online kaufen? White Mercedes Ecstasy Pillen zum Verkauf in den USA, Kanada, Gro\u00dfbritannien, kaufen, online, Lieferanten, sichere Lieferung, Es ist immer noch m\u00f6glich, White Mercedes Ecstasy Pillen zu erhalten. Sie k\u00f6nnen auch herausfinden, ob sie in den Vereinigten Staaten legal sind, wie man White Mercedes bestellt <a href=\"https:\/\/en.wikipedia.org\/wiki\/Ecstasy\">Ecstasy<\/a> Pillen, und ob sie in Kanada legal sind. <a href=\"https:\/\/legitgrams.com\/de\/\">LegitGrams<\/a><\/p>","protected":false},"excerpt":{"rendered":"<p>Purchase White Mercedes euphorics online. White Mercedes ecstasy pills in a dosage of 295 mg are available for purchase online. Off-white in color Measurements: 295 mg The majority of MDMA users consume it as capsules or tablets (spices powder), while some others take it in liquid or tablet form. As a shorthand for &#8220;molecule,&#8221; Molly&#8217;s &hellip;<\/p>\n<p class=\"read-more\"> <a class=\"\" href=\"https:\/\/legitgrams.com\/de\/produkt\/weis-mercedes-ecstasy-pillen-bestellen\/\"> <span class=\"screen-reader-text\">Bestellen Sie White Mercedes Ecstasy-Pillen online<\/span> Mehr lesen \"<\/a><\/p>","protected":false},"featured_media":5201,"comment_status":"open","ping_status":"closed","template":"","meta":{"_uag_custom_page_level_css":"","site-sidebar-layout":"default","site-content-layout":"default","ast-global-header-display":"","ast-main-header-display":"","ast-hfb-above-header-display":"","ast-hfb-below-header-display":"","ast-hfb-mobile-header-display":"","site-post-title":"","ast-breadcrumbs-content":"","ast-featured-img":"","footer-sml-layout":"","theme-transparent-header-meta":"default","adv-header-id-meta":"","stick-header-meta":"default","header-above-stick-meta":"","header-main-stick-meta":"","header-below-stick-meta":"","_joinchat":[]},"product_brand":[],"product_cat":[596],"product_tag":[1315,1305,617,1297,1312,1309,1304,1302,1296,1299,1307,1298,1300,1310,1317,1318,1316,1308,1313,1314,1311,625,1303,1306,1301],"class_list":{"0":"post-4272","1":"product","2":"type-product","3":"status-publish","4":"has-post-thumbnail","6":"product_cat-ecstasy-pills-mdma","7":"product_tag-best-cheap-price-order-white-mercedes-ecstasy-pills","8":"product_tag-best-place-to-buy-order-white-mercedes-ecstasy-pills","9":"product_tag-bulk-online","10":"product_tag-buy-order-white-mercedes-ecstasy-pills","11":"product_tag-cheap-order-white-mercedes-ecstasy-pills","12":"product_tag-high-quality-order-white-mercedes-ecstasy-pills","13":"product_tag-how-to-buy-order-white-mercedes-ecstasy-pills","14":"product_tag-order-order-white-mercedes-ecstasy-pills","15":"product_tag-order-white-mercedes-ecstasy-pills","16":"product_tag-order-white-mercedes-ecstasy-pills-for-sale","17":"product_tag-order-white-mercedes-ecstasy-pills-legally","18":"product_tag-order-white-mercedes-ecstasy-pills-online","19":"product_tag-order-white-mercedes-ecstasy-pills-order-white-mercedes-ecstasy-pills-supplier","20":"product_tag-order-white-mercedes-ecstasy-pills-store","21":"product_tag-order-white-mercedes-ecstasy-pills-use","22":"product_tag-order-white-mercedes-ecstasy-pills-wiki","23":"product_tag-order-white-mercedes-ecstasy-pills-worldwide","24":"product_tag-order-white-mercedes-ecstasy-pillsprice","25":"product_tag-order-white-mercedes-ecstasy-pillss","26":"product_tag-purcharse-order-white-mercedes-ecstasy-pills","27":"product_tag-shop-order-white-mercedes-ecstasy-pills","28":"product_tag-top-quality","29":"product_tag-where-to-buy-order-white-mercedes-ecstasy-pills","30":"product_tag-where-to-order-order-white-mercedes-ecstasy-pills","31":"product_tag-wholesale-order-white-mercedes-ecstasy-pills","32":"desktop-align-left","33":"tablet-align-left","34":"mobile-align-left","35":"ast-product-gallery-layout-horizontal","36":"ast-product-gallery-with-no-image","37":"ast-product-single-variable","38":"ast-product-tabs-layout-horizontal","39":"ast-qv-on-image","41":"first","42":"instock","43":"shipping-taxable","44":"purchasable","45":"product-type-variable"},"yoast_head":"<!-- This site is optimized with the Yoast SEO plugin v25.9 - https:\/\/yoast.com\/wordpress\/plugins\/seo\/ -->\n<title>Buy White Mercedes Ecstasy Pills Online | LegitGrams<\/title>\n<meta name=\"description\" content=\"Looking for a reliable source to buy White Mercedes Ecstasy Pills online? Your search ends here. Order White Mercedes Ecstasy Pills online from our trusted store and enjoy a seamless buying process tailored for your research needs.\" \/>\n<meta name=\"robots\" content=\"index, follow, max-snippet:-1, max-image-preview:large, max-video-preview:-1\" \/>\n<link rel=\"canonical\" href=\"https:\/\/legitgrams.com\/de\/produkt\/weis-mercedes-ecstasy-pillen-bestellen\/\" \/>\n<meta property=\"og:locale\" content=\"de_DE\" \/>\n<meta property=\"og:type\" content=\"article\" \/>\n<meta property=\"og:title\" content=\"Buy White Mercedes Ecstasy Pills Online | LegitGrams\" \/>\n<meta property=\"og:description\" content=\"Looking for a reliable source to buy White Mercedes Ecstasy Pills online? Your search ends here. Order White Mercedes Ecstasy Pills online from our trusted store and enjoy a seamless buying process tailored for your research needs.\" \/>\n<meta property=\"og:url\" content=\"https:\/\/legitgrams.com\/de\/produkt\/weis-mercedes-ecstasy-pillen-bestellen\/\" \/>\n<meta property=\"og:site_name\" content=\"Legit Grams\" \/>\n<meta property=\"article:modified_time\" content=\"2025-03-05T08:22:03+00:00\" \/>\n<meta property=\"og:image\" content=\"https:\/\/legitgrams.com\/wp-content\/uploads\/2024\/09\/order-white-mercedes-ecstasy-pills-online.jpg\" \/>\n\t<meta property=\"og:image:width\" content=\"600\" \/>\n\t<meta property=\"og:image:height\" content=\"600\" \/>\n\t<meta property=\"og:image:type\" content=\"image\/jpeg\" \/>\n<meta name=\"twitter:card\" content=\"summary_large_image\" \/>\n<meta name=\"twitter:label1\" content=\"Gesch\u00e4tzte Lesezeit\" \/>\n\t<meta name=\"twitter:data1\" content=\"2\u00a0Minuten\" \/>\n<script type=\"application\/ld+json\" class=\"yoast-schema-graph\">{\"@context\":\"https:\/\/schema.org\",\"@graph\":[{\"@type\":\"WebPage\",\"@id\":\"https:\/\/legitgrams.com\/product\/order-white-mercedes-ecstasy-pills\/\",\"url\":\"https:\/\/legitgrams.com\/product\/order-white-mercedes-ecstasy-pills\/\",\"name\":\"Buy White Mercedes Ecstasy Pills Online | LegitGrams\",\"isPartOf\":{\"@id\":\"https:\/\/legitgrams.com\/#website\"},\"primaryImageOfPage\":{\"@id\":\"https:\/\/legitgrams.com\/product\/order-white-mercedes-ecstasy-pills\/#primaryimage\"},\"image\":{\"@id\":\"https:\/\/legitgrams.com\/product\/order-white-mercedes-ecstasy-pills\/#primaryimage\"},\"thumbnailUrl\":\"https:\/\/legitgrams.com\/wp-content\/uploads\/2024\/09\/order-white-mercedes-ecstasy-pills-online.jpg\",\"datePublished\":\"2024-09-22T08:15:29+00:00\",\"dateModified\":\"2025-03-05T08:22:03+00:00\",\"description\":\"Looking for a reliable source to buy White Mercedes Ecstasy Pills online? Your search ends here. Order White Mercedes Ecstasy Pills online from our trusted store and enjoy a seamless buying process tailored for your research needs.\",\"breadcrumb\":{\"@id\":\"https:\/\/legitgrams.com\/product\/order-white-mercedes-ecstasy-pills\/#breadcrumb\"},\"inLanguage\":\"de\",\"potentialAction\":[{\"@type\":\"ReadAction\",\"target\":[\"https:\/\/legitgrams.com\/product\/order-white-mercedes-ecstasy-pills\/\"]}]},{\"@type\":\"ImageObject\",\"inLanguage\":\"de\",\"@id\":\"https:\/\/legitgrams.com\/product\/order-white-mercedes-ecstasy-pills\/#primaryimage\",\"url\":\"https:\/\/legitgrams.com\/wp-content\/uploads\/2024\/09\/order-white-mercedes-ecstasy-pills-online.jpg\",\"contentUrl\":\"https:\/\/legitgrams.com\/wp-content\/uploads\/2024\/09\/order-white-mercedes-ecstasy-pills-online.jpg\",\"width\":600,\"height\":600,\"caption\":\"White Mercedes Ecstasy Pills for Sale\"},{\"@type\":\"BreadcrumbList\",\"@id\":\"https:\/\/legitgrams.com\/product\/order-white-mercedes-ecstasy-pills\/#breadcrumb\",\"itemListElement\":[{\"@type\":\"ListItem\",\"position\":1,\"name\":\"Home\",\"item\":\"https:\/\/legitgrams.com\/\"},{\"@type\":\"ListItem\",\"position\":2,\"name\":\"Shop\",\"item\":\"https:\/\/legitgrams.com\/shop\/\"},{\"@type\":\"ListItem\",\"position\":3,\"name\":\"Buy Order White Mercedes ecstasy pills Online\"}]},{\"@type\":\"WebSite\",\"@id\":\"https:\/\/legitgrams.com\/#website\",\"url\":\"https:\/\/legitgrams.com\/\",\"name\":\"Legit Grams\",\"description\":\"My WordPress Blog\",\"publisher\":{\"@id\":\"https:\/\/legitgrams.com\/#organization\"},\"potentialAction\":[{\"@type\":\"SearchAction\",\"target\":{\"@type\":\"EntryPoint\",\"urlTemplate\":\"https:\/\/legitgrams.com\/?s={search_term_string}\"},\"query-input\":{\"@type\":\"PropertyValueSpecification\",\"valueRequired\":true,\"valueName\":\"search_term_string\"}}],\"inLanguage\":\"de\"},{\"@type\":\"Organization\",\"@id\":\"https:\/\/legitgrams.com\/#organization\",\"name\":\"Legit Grams\",\"url\":\"https:\/\/legitgrams.com\/\",\"logo\":{\"@type\":\"ImageObject\",\"inLanguage\":\"de\",\"@id\":\"https:\/\/legitgrams.com\/#\/schema\/logo\/image\/\",\"url\":\"https:\/\/legitgrams.com\/wp-content\/uploads\/2024\/09\/main-logo.png\",\"contentUrl\":\"https:\/\/legitgrams.com\/wp-content\/uploads\/2024\/09\/main-logo.png\",\"width\":270,\"height\":75,\"caption\":\"Legit Grams\"},\"image\":{\"@id\":\"https:\/\/legitgrams.com\/#\/schema\/logo\/image\/\"}}]}<\/script>\n<!-- \/ Yoast SEO plugin. -->","yoast_head_json":{"title":"White Mercedes Ecstasy-Pillen online kaufen | LegitGrams","description":"Suchen Sie nach einer zuverl\u00e4ssigen Quelle, um White Mercedes Ecstasy Pills online zu kaufen? Ihre Suche endet hier. Bestellen Sie White Mercedes Ecstasy Pills online von unserem vertrauensw\u00fcrdigen Shop und genie\u00dfen Sie einen nahtlosen Kaufprozess, der auf Ihre Forschungsbed\u00fcrfnisse zugeschnitten ist.","robots":{"index":"index","follow":"follow","max-snippet":"max-snippet:-1","max-image-preview":"max-image-preview:large","max-video-preview":"max-video-preview:-1"},"canonical":"https:\/\/legitgrams.com\/de\/produkt\/weis-mercedes-ecstasy-pillen-bestellen\/","og_locale":"de_DE","og_type":"article","og_title":"Buy White Mercedes Ecstasy Pills Online | LegitGrams","og_description":"Looking for a reliable source to buy White Mercedes Ecstasy Pills online? Your search ends here. Order White Mercedes Ecstasy Pills online from our trusted store and enjoy a seamless buying process tailored for your research needs.","og_url":"https:\/\/legitgrams.com\/de\/produkt\/weis-mercedes-ecstasy-pillen-bestellen\/","og_site_name":"Legit Grams","article_modified_time":"2025-03-05T08:22:03+00:00","og_image":[{"width":600,"height":600,"url":"https:\/\/legitgrams.com\/wp-content\/uploads\/2024\/09\/order-white-mercedes-ecstasy-pills-online.jpg","type":"image\/jpeg"}],"twitter_card":"summary_large_image","twitter_misc":{"Gesch\u00e4tzte Lesezeit":"2\u00a0Minuten"},"schema":{"@context":"https:\/\/schema.org","@graph":[{"@type":"WebPage","@id":"https:\/\/legitgrams.com\/product\/order-white-mercedes-ecstasy-pills\/","url":"https:\/\/legitgrams.com\/product\/order-white-mercedes-ecstasy-pills\/","name":"White Mercedes Ecstasy-Pillen online kaufen | LegitGrams","isPartOf":{"@id":"https:\/\/legitgrams.com\/#website"},"primaryImageOfPage":{"@id":"https:\/\/legitgrams.com\/product\/order-white-mercedes-ecstasy-pills\/#primaryimage"},"image":{"@id":"https:\/\/legitgrams.com\/product\/order-white-mercedes-ecstasy-pills\/#primaryimage"},"thumbnailUrl":"https:\/\/legitgrams.com\/wp-content\/uploads\/2024\/09\/order-white-mercedes-ecstasy-pills-online.jpg","datePublished":"2024-09-22T08:15:29+00:00","dateModified":"2025-03-05T08:22:03+00:00","description":"Suchen Sie nach einer zuverl\u00e4ssigen Quelle, um White Mercedes Ecstasy Pills online zu kaufen? Ihre Suche endet hier. Bestellen Sie White Mercedes Ecstasy Pills online von unserem vertrauensw\u00fcrdigen Shop und genie\u00dfen Sie einen nahtlosen Kaufprozess, der auf Ihre Forschungsbed\u00fcrfnisse zugeschnitten ist.","breadcrumb":{"@id":"https:\/\/legitgrams.com\/product\/order-white-mercedes-ecstasy-pills\/#breadcrumb"},"inLanguage":"de","potentialAction":[{"@type":"ReadAction","target":["https:\/\/legitgrams.com\/product\/order-white-mercedes-ecstasy-pills\/"]}]},{"@type":"ImageObject","inLanguage":"de","@id":"https:\/\/legitgrams.com\/product\/order-white-mercedes-ecstasy-pills\/#primaryimage","url":"https:\/\/legitgrams.com\/wp-content\/uploads\/2024\/09\/order-white-mercedes-ecstasy-pills-online.jpg","contentUrl":"https:\/\/legitgrams.com\/wp-content\/uploads\/2024\/09\/order-white-mercedes-ecstasy-pills-online.jpg","width":600,"height":600,"caption":"White Mercedes Ecstasy Pills for Sale"},{"@type":"BreadcrumbList","@id":"https:\/\/legitgrams.com\/product\/order-white-mercedes-ecstasy-pills\/#breadcrumb","itemListElement":[{"@type":"ListItem","position":1,"name":"Home","item":"https:\/\/legitgrams.com\/"},{"@type":"ListItem","position":2,"name":"Shop","item":"https:\/\/legitgrams.com\/shop\/"},{"@type":"ListItem","position":3,"name":"Buy Order White Mercedes ecstasy pills Online"}]},{"@type":"WebSite","@id":"https:\/\/legitgrams.com\/#website","url":"https:\/\/legitgrams.com\/","name":"Legitimer Grammwert","description":"Mein WordPress-Blog","publisher":{"@id":"https:\/\/legitgrams.com\/#organization"},"potentialAction":[{"@type":"SearchAction","target":{"@type":"EntryPoint","urlTemplate":"https:\/\/legitgrams.com\/?s={search_term_string}"},"query-input":{"@type":"PropertyValueSpecification","valueRequired":true,"valueName":"search_term_string"}}],"inLanguage":"de"},{"@type":"Organization","@id":"https:\/\/legitgrams.com\/#organization","name":"Legitimer Grammwert","url":"https:\/\/legitgrams.com\/","logo":{"@type":"ImageObject","inLanguage":"de","@id":"https:\/\/legitgrams.com\/#\/schema\/logo\/image\/","url":"https:\/\/legitgrams.com\/wp-content\/uploads\/2024\/09\/main-logo.png","contentUrl":"https:\/\/legitgrams.com\/wp-content\/uploads\/2024\/09\/main-logo.png","width":270,"height":75,"caption":"Legit Grams"},"image":{"@id":"https:\/\/legitgrams.com\/#\/schema\/logo\/image\/"}}]}},"uagb_featured_image_src":{"full":["https:\/\/legitgrams.com\/wp-content\/uploads\/2024\/09\/order-white-mercedes-ecstasy-pills-online.jpg",600,600,false],"thumbnail":["https:\/\/legitgrams.com\/wp-content\/uploads\/2024\/09\/order-white-mercedes-ecstasy-pills-online-150x150.jpg",150,150,true],"medium":["https:\/\/legitgrams.com\/wp-content\/uploads\/2024\/09\/order-white-mercedes-ecstasy-pills-online-300x300.jpg",300,300,true],"medium_large":["https:\/\/legitgrams.com\/wp-content\/uploads\/2024\/09\/order-white-mercedes-ecstasy-pills-online.jpg",600,600,false],"large":["https:\/\/legitgrams.com\/wp-content\/uploads\/2024\/09\/order-white-mercedes-ecstasy-pills-online.jpg",600,600,false],"1536x1536":["https:\/\/legitgrams.com\/wp-content\/uploads\/2024\/09\/order-white-mercedes-ecstasy-pills-online.jpg",600,600,false],"2048x2048":["https:\/\/legitgrams.com\/wp-content\/uploads\/2024\/09\/order-white-mercedes-ecstasy-pills-online.jpg",600,600,false],"trp-custom-language-flag":["https:\/\/legitgrams.com\/wp-content\/uploads\/2024\/09\/order-white-mercedes-ecstasy-pills-online-12x12.jpg",12,12,true],"woocommerce_thumbnail":["https:\/\/legitgrams.com\/wp-content\/uploads\/2024\/09\/order-white-mercedes-ecstasy-pills-online-300x300.jpg",300,300,true],"woocommerce_single":["https:\/\/legitgrams.com\/wp-content\/uploads\/2024\/09\/order-white-mercedes-ecstasy-pills-online.jpg",600,600,false],"woocommerce_gallery_thumbnail":["https:\/\/legitgrams.com\/wp-content\/uploads\/2024\/09\/order-white-mercedes-ecstasy-pills-online-100x100.jpg",100,100,true]},"uagb_author_info":{"display_name":"cokeblog18","author_link":"https:\/\/legitgrams.com\/de\/author\/"},"uagb_comment_info":0,"uagb_excerpt":"Purchase White Mercedes euphorics online. White Mercedes ecstasy pills in a dosage of 295 mg are available for purchase online. Off-white in color Measurements: 295 mg The majority of MDMA users consume it as capsules or tablets (spices powder), while some others take it in liquid or tablet form. As a shorthand for &#8220;molecule,&#8221; Molly&#8217;s&hellip;","_links":{"self":[{"href":"https:\/\/legitgrams.com\/de\/wp-json\/wp\/v2\/product\/4272","targetHints":{"allow":["GET"]}}],"collection":[{"href":"https:\/\/legitgrams.com\/de\/wp-json\/wp\/v2\/product"}],"about":[{"href":"https:\/\/legitgrams.com\/de\/wp-json\/wp\/v2\/types\/product"}],"replies":[{"embeddable":true,"href":"https:\/\/legitgrams.com\/de\/wp-json\/wp\/v2\/comments?post=4272"}],"wp:featuredmedia":[{"embeddable":true,"href":"https:\/\/legitgrams.com\/de\/wp-json\/wp\/v2\/media\/5201"}],"wp:attachment":[{"href":"https:\/\/legitgrams.com\/de\/wp-json\/wp\/v2\/media?parent=4272"}],"wp:term":[{"taxonomy":"product_brand","embeddable":true,"href":"https:\/\/legitgrams.com\/de\/wp-json\/wp\/v2\/product_brand?post=4272"},{"taxonomy":"product_cat","embeddable":true,"href":"https:\/\/legitgrams.com\/de\/wp-json\/wp\/v2\/product_cat?post=4272"},{"taxonomy":"product_tag","embeddable":true,"href":"https:\/\/legitgrams.com\/de\/wp-json\/wp\/v2\/product_tag?post=4272"}],"curies":[{"name":"wp","href":"https:\/\/api.w.org\/{rel}","templated":true}]}}