{"id":4273,"date":"2024-09-22T08:18:05","date_gmt":"2024-09-22T08:18:05","guid":{"rendered":"https:\/\/legitgrams.com\/?post_type=product&#038;p=4273"},"modified":"2025-04-03T04:59:34","modified_gmt":"2025-04-03T04:59:34","slug":"echte-grune-apfel-ecstasy-pillen","status":"publish","type":"product","link":"https:\/\/legitgrams.com\/de\/produkt\/echte-grune-apfel-ecstasy-pillen\/","title":{"rendered":"Echte Green Apple Ecstasy Pillen online kaufen"},"content":{"rendered":"<h2>Kauf echter Green Apple Ecstasy-Pillen online<\/h2>\n<p>Ich hoffe, dieses Axiom hat Sie ber\u00fchmt gemacht. Ein Sprichwort besagt: \u201eEin Apfel am Tag h\u00e4lt den Spezialisten fern.\u201c Angesichts all der gesundheitlichen Vorteile des Apfelessens ist dieser Di\u00e4t-Aphorismus vielleicht gar nicht so falsch. Einige der gesundheitlichen Vorteile des Verzehrs von gr\u00fcnen <a href=\"https:\/\/www.bing.com\/search?q=KaufenSieechteGreenAppleEcstasy-Pillenonline&amp;qs=n&amp;form=QBRE&amp;sp=-1&amp;lq=0&amp;pq=kaufensieechtegreenappleecstasy-pillenonline&amp;sc=0-50&amp;sk=&amp;cvid=5E6401737B254969B93F7F98348DED1B&amp;ghsh=0&amp;ghacc=0&amp;ghpl=\">\u00c4pfel<\/a> umfassen Folgendes.<\/p>\n<p>Es ist erwiesen, dass der Verzehr von \u00c4pfeln die Herzgesundheit verbessert und das Risiko von Herz-Kreislauf-Erkrankungen senkt.<\/p>\n<p>Es ist nicht ganz klar, warum \u00c4pfel herzgesund sind. Da Ballaststoffe mit einer Senkung des LDL-Cholesterins in Verbindung gebracht werden, <a href=\"https:\/\/www.google.com\/search?q=Kaufen+Sie+echte+Green+Apple+Ecstasy-Pillen+online&amp;sca_esv=eddefdb7b92e7545&amp;sxsrf=AHTn8zoY66BEgaX4RgDsQDJ8l4HnTNQ_hw1743622094336&amp;ei=zo_tZ4ugFLfH0PEPwbme-AQ&amp;ved=0ahUKEwiLv7i8irqMAxW3IzQIHcGcB08Q4dUDCBA&amp;uact=5&amp;oq=Kaufen+Sie+echte+Green+Apple+Ecstasy-Pillen+online&amp;gs_lp=Egxnd3Mtd2l6LXNlcnAiMkthdWZlbiBTaWUgZWNodGUgR3JlZW4gQXBwbGUgRWNzdGFzeS1QaWxsZW4gb25saW5lSNsGUABYAHAAeACQAQCYAfYCoAH2AqoBAzMtMbgBA8gBAPgBAvgBAZgCAKACAJgDAJIHAKAHZrIHALgHAA&amp;sclient=gws-wiz-serp\">\u00c4pfel<\/a>\u201eEin hoher Ballaststoffgehalt in der Nahrung kann ein beitragender Faktor sein.<\/p>\n<h3>Verringern Sie Ihr Risiko, an Typ-2-Diabetes zu erkranken<\/h3>\n<p>Einer Studie zufolge kann der Verzehr von nur ein paar gr\u00fcnen \u00c4pfeln pro Woche das Risiko f\u00fcr Typ-2-Diabetes senken, aber es bedarf weiterer Forschung. Es ist noch nicht bekannt, ob die Verbindungen in gr\u00fcnen \u00c4pfeln Menschen helfen k\u00f6nnen, ihre Diabetessymptome zu kontrollieren.<\/p>\n<p>Die Einnahme von Gr\u00fcner-Apfel-Tabletten hat mehrere Vorteile, genau wie der Verzehr von gr\u00fcnen \u00c4pfeln. Das Thema Gr\u00fcner-Apfel-Tabletten steht zur Diskussion.<\/p>\n<p><a href=\"https:\/\/legitgrams.com\/de\/produkt\/echte-grune-apfel-ecstasy-pillen\/\">gr\u00fcne \u00c4pfel<\/a> Tabletten werden Ihr Erlebnis und Ihre Zufriedenheit auf ein ganz neues Niveau heben, wenn Sie an einem hei\u00dfen Sommertag frischen Apfelsaft trinken m\u00f6chten. Das Team hat das beste verf\u00fcgbare Cannabis mit Green Apple-Pillen kombiniert, die in Washington hergestellt werden. Was die Dosierung betrifft, kann es schwierig sein, THC zu konsumieren, insbesondere wenn die Beh\u00e4lter keine sehr deutlichen Markierungen aufweisen. Green Apple-Pillen, die drei verschiedene Potenzvarianten ihrer ber\u00fchmten 12-Unzen-Mischung produzieren, haben das v\u00f6llig ge\u00e4ndert. Ihre st\u00e4rkste Kombination, die 100 mg enth\u00e4lt und in 12 Unzen erh\u00e4ltlich ist, wird von starken Konsumenten gesch\u00e4tzt.<\/p>\n<p><a href=\"https:\/\/duckduckgo.com\/?q=Buy+Real+Green+Apple+Ecstasy+Pills+Online&amp;t=h_&amp;ia=web\">Gr\u00fcne Apfelpillen<\/a> Sie sind ideal f\u00fcr Menschen, die high werden m\u00fcssen, aber nicht auf verschiedene Tabletten verzichten k\u00f6nnen, da sie Cannabis auf neuartige Weise in das Medikament integrieren, sodass Patienten weder Geschmack noch Geruch von Cannabis wahrnehmen. Da das Verdampfen oder der Rauch von Cannabisbl\u00fcten mit der Zeit giftig werden kann, tr\u00e4gt der Konsum von Cannabis au\u00dferdem zu einem ges\u00fcnderen Lebensstil bei. Die Gr\u00fcner-Apfel-Pille ist ein Jahr haltbar und enth\u00e4lt nur wenige Kalorien. Sie m\u00fcssen sich also nur darum k\u00fcmmern, das Medikament nach der Einnahme abzusetzen. <a href=\"https:\/\/legitgrams.com\/de\/\">LegitGrams<\/a><\/p>\n<h3>Die Farbe Gr\u00fcn<\/h3>\n<h3>Ma\u00dfe: 279 mg<\/h3>\n<p>Ecstasy-Pillen, Echter gr\u00fcner Apfel <a href=\"https:\/\/en.wikipedia.org\/wiki\/Ecstasy\">Ecstasy<\/a> Pills, Genuine Green Apple Ecstasy Pills, buy Ecstasy pills, buy Genuine Green Apple Ecstasy Pills online, Ecstasy Online, Where to Buy Real Green Apple Ecstasy Pills, Where to Buy Real Green Apple Ecstasy Pills for Sale, Where to Buy Real Green Apple Ecstasy Pills: Real Green Apple Ecstasy Pills are still available for purchase in the USA, Canada, and the UK. You can buy them online from providers and have them delivered securely. Additionally, you may learn whether they are legal in Canada, how to acquire them online, and whether they are lawful in the United States. You can also purchase Ecstasy pills, Purchase Real Green Apple Ecstasy Pills Online, where to buy Real Green Apple Ecstasy Pills, where to buy Ecstasy online, where to buy Ecstasy pills online, Real Green Apple Ecstasy Pills for sale in the United States, Canada, and the United Kingdom, buy online, suppliers, safe delivery, There are still Real Green Apple Ecstasy Pills available, they are legal in the US, you can buy them online, and they are legal in Canada.<\/p>\n<h2><\/h2>\n<p>&nbsp;<\/p>","protected":false},"excerpt":{"rendered":"<p>Purchase of Genuine Green Apple Ecstasy Pills Online I hope this axiom has made you famous. According to the proverb, &#8220;An apple a day keeps the specialist at bay.&#8221; Given all of the health advantages of eating apples, this diet aphorism may not be entirely inaccurate. Some of the health advantages of eating green apples &hellip;<\/p>\n<p class=\"read-more\"> <a class=\"\" href=\"https:\/\/legitgrams.com\/de\/produkt\/echte-grune-apfel-ecstasy-pillen\/\"> <span class=\"screen-reader-text\">Echte Green Apple Ecstasy Pillen online kaufen<\/span> Mehr lesen \"<\/a><\/p>","protected":false},"featured_media":5203,"comment_status":"open","ping_status":"closed","template":"","meta":{"_uag_custom_page_level_css":"","site-sidebar-layout":"default","site-content-layout":"default","ast-global-header-display":"","ast-main-header-display":"","ast-hfb-above-header-display":"","ast-hfb-below-header-display":"","ast-hfb-mobile-header-display":"","site-post-title":"","ast-breadcrumbs-content":"","ast-featured-img":"","footer-sml-layout":"","theme-transparent-header-meta":"default","adv-header-id-meta":"","stick-header-meta":"default","header-above-stick-meta":"","header-main-stick-meta":"","header-below-stick-meta":"","_joinchat":[]},"product_brand":[],"product_cat":[596],"product_tag":[1292,1282,617,1274,1289,1286,1281,1279,1291,1273,1276,1284,1275,1277,1287,1294,1295,1293,1285,1290,1288,625,1280,1283,1278],"class_list":{"0":"post-4273","1":"product","2":"type-product","3":"status-publish","4":"has-post-thumbnail","6":"product_cat-ecstasy-pills-mdma","7":"product_tag-best-cheap-price-real-green-apple-ecstasy-pills","8":"product_tag-best-place-to-buy-real-green-apple-ecstasy-pills","9":"product_tag-bulk-online","10":"product_tag-buy-real-green-apple-ecstasy-pills","11":"product_tag-cheap-real-green-apple-ecstasy-pills","12":"product_tag-high-quality-real-green-apple-ecstasy-pills","13":"product_tag-how-to-buy-real-green-apple-ecstasy-pills","14":"product_tag-order-real-green-apple-ecstasy-pills","15":"product_tag-purcharse-real-green-apple-ecstasy-pills","16":"product_tag-real-green-apple-ecstasy-pills","17":"product_tag-real-green-apple-ecstasy-pills-for-sale","18":"product_tag-real-green-apple-ecstasy-pills-legally","19":"product_tag-real-green-apple-ecstasy-pills-online","20":"product_tag-real-green-apple-ecstasy-pills-real-green-apple-ecstasy-pills-supplier","21":"product_tag-real-green-apple-ecstasy-pills-store","22":"product_tag-real-green-apple-ecstasy-pills-use","23":"product_tag-real-green-apple-ecstasy-pills-wiki","24":"product_tag-real-green-apple-ecstasy-pills-worldwide","25":"product_tag-real-green-apple-ecstasy-pillsprice","26":"product_tag-real-green-apple-ecstasy-pillss","27":"product_tag-shop-real-green-apple-ecstasy-pills","28":"product_tag-top-quality","29":"product_tag-where-to-buy-real-green-apple-ecstasy-pills","30":"product_tag-where-to-order-real-green-apple-ecstasy-pills","31":"product_tag-wholesale-real-green-apple-ecstasy-pills","32":"desktop-align-left","33":"tablet-align-left","34":"mobile-align-left","35":"ast-product-gallery-layout-horizontal","36":"ast-product-gallery-with-no-image","37":"ast-product-single-variable","38":"ast-product-tabs-layout-horizontal","39":"ast-qv-on-image","41":"first","42":"instock","43":"shipping-taxable","44":"purchasable","45":"product-type-variable"},"yoast_head":"<!-- This site is optimized with the Yoast SEO plugin v25.9 - https:\/\/yoast.com\/wordpress\/plugins\/seo\/ -->\n<title>Order Real Green Apple Ecstasy Pills Online @ Best Price | LG<\/title>\n<meta name=\"description\" content=\"If you want to buy real green apple ecstasy pills online and looking for a reliable online shop, then buy here. We offer only high-quality real green apple ecstasy pills for sale at an affordable price. Order Real Green Apple Ecstasy Pills Now!\" \/>\n<meta name=\"robots\" content=\"index, follow, max-snippet:-1, max-image-preview:large, max-video-preview:-1\" \/>\n<link rel=\"canonical\" href=\"https:\/\/legitgrams.com\/de\/produkt\/echte-grune-apfel-ecstasy-pillen\/\" \/>\n<meta property=\"og:locale\" content=\"de_DE\" \/>\n<meta property=\"og:type\" content=\"article\" \/>\n<meta property=\"og:title\" content=\"Order Real Green Apple Ecstasy Pills Online @ Best Price | LG\" \/>\n<meta property=\"og:description\" content=\"If you want to buy real green apple ecstasy pills online and looking for a reliable online shop, then buy here. We offer only high-quality real green apple ecstasy pills for sale at an affordable price. Order Real Green Apple Ecstasy Pills Now!\" \/>\n<meta property=\"og:url\" content=\"https:\/\/legitgrams.com\/de\/produkt\/echte-grune-apfel-ecstasy-pillen\/\" \/>\n<meta property=\"og:site_name\" content=\"Legit Grams\" \/>\n<meta property=\"article:modified_time\" content=\"2025-04-03T04:59:34+00:00\" \/>\n<meta property=\"og:image\" content=\"https:\/\/legitgrams.com\/wp-content\/uploads\/2024\/09\/order-real-green-apple-ecstasy-pills-online.jpg\" \/>\n\t<meta property=\"og:image:width\" content=\"600\" \/>\n\t<meta property=\"og:image:height\" content=\"600\" \/>\n\t<meta property=\"og:image:type\" content=\"image\/jpeg\" \/>\n<meta name=\"twitter:card\" content=\"summary_large_image\" \/>\n<meta name=\"twitter:label1\" content=\"Gesch\u00e4tzte Lesezeit\" \/>\n\t<meta name=\"twitter:data1\" content=\"3\u00a0Minuten\" \/>\n<script type=\"application\/ld+json\" class=\"yoast-schema-graph\">{\"@context\":\"https:\/\/schema.org\",\"@graph\":[{\"@type\":\"WebPage\",\"@id\":\"https:\/\/legitgrams.com\/product\/real-green-apple-ecstasy-pills\/\",\"url\":\"https:\/\/legitgrams.com\/product\/real-green-apple-ecstasy-pills\/\",\"name\":\"Order Real Green Apple Ecstasy Pills Online @ Best Price | LG\",\"isPartOf\":{\"@id\":\"https:\/\/legitgrams.com\/#website\"},\"primaryImageOfPage\":{\"@id\":\"https:\/\/legitgrams.com\/product\/real-green-apple-ecstasy-pills\/#primaryimage\"},\"image\":{\"@id\":\"https:\/\/legitgrams.com\/product\/real-green-apple-ecstasy-pills\/#primaryimage\"},\"thumbnailUrl\":\"https:\/\/legitgrams.com\/wp-content\/uploads\/2024\/09\/order-real-green-apple-ecstasy-pills-online.jpg\",\"datePublished\":\"2024-09-22T08:18:05+00:00\",\"dateModified\":\"2025-04-03T04:59:34+00:00\",\"description\":\"If you want to buy real green apple ecstasy pills online and looking for a reliable online shop, then buy here. We offer only high-quality real green apple ecstasy pills for sale at an affordable price. Order Real Green Apple Ecstasy Pills Now!\",\"breadcrumb\":{\"@id\":\"https:\/\/legitgrams.com\/product\/real-green-apple-ecstasy-pills\/#breadcrumb\"},\"inLanguage\":\"de\",\"potentialAction\":[{\"@type\":\"ReadAction\",\"target\":[\"https:\/\/legitgrams.com\/product\/real-green-apple-ecstasy-pills\/\"]}]},{\"@type\":\"ImageObject\",\"inLanguage\":\"de\",\"@id\":\"https:\/\/legitgrams.com\/product\/real-green-apple-ecstasy-pills\/#primaryimage\",\"url\":\"https:\/\/legitgrams.com\/wp-content\/uploads\/2024\/09\/order-real-green-apple-ecstasy-pills-online.jpg\",\"contentUrl\":\"https:\/\/legitgrams.com\/wp-content\/uploads\/2024\/09\/order-real-green-apple-ecstasy-pills-online.jpg\",\"width\":600,\"height\":600,\"caption\":\"Real Green Apple Ecstasy Pills for Sale\"},{\"@type\":\"BreadcrumbList\",\"@id\":\"https:\/\/legitgrams.com\/product\/real-green-apple-ecstasy-pills\/#breadcrumb\",\"itemListElement\":[{\"@type\":\"ListItem\",\"position\":1,\"name\":\"Home\",\"item\":\"https:\/\/legitgrams.com\/\"},{\"@type\":\"ListItem\",\"position\":2,\"name\":\"Shop\",\"item\":\"https:\/\/legitgrams.com\/shop\/\"},{\"@type\":\"ListItem\",\"position\":3,\"name\":\"Buy Real Green Apple Ecstasy Pills Online\"}]},{\"@type\":\"WebSite\",\"@id\":\"https:\/\/legitgrams.com\/#website\",\"url\":\"https:\/\/legitgrams.com\/\",\"name\":\"Legit Grams\",\"description\":\"My WordPress Blog\",\"publisher\":{\"@id\":\"https:\/\/legitgrams.com\/#organization\"},\"potentialAction\":[{\"@type\":\"SearchAction\",\"target\":{\"@type\":\"EntryPoint\",\"urlTemplate\":\"https:\/\/legitgrams.com\/?s={search_term_string}\"},\"query-input\":{\"@type\":\"PropertyValueSpecification\",\"valueRequired\":true,\"valueName\":\"search_term_string\"}}],\"inLanguage\":\"de\"},{\"@type\":\"Organization\",\"@id\":\"https:\/\/legitgrams.com\/#organization\",\"name\":\"Legit Grams\",\"url\":\"https:\/\/legitgrams.com\/\",\"logo\":{\"@type\":\"ImageObject\",\"inLanguage\":\"de\",\"@id\":\"https:\/\/legitgrams.com\/#\/schema\/logo\/image\/\",\"url\":\"https:\/\/legitgrams.com\/wp-content\/uploads\/2024\/09\/main-logo.png\",\"contentUrl\":\"https:\/\/legitgrams.com\/wp-content\/uploads\/2024\/09\/main-logo.png\",\"width\":270,\"height\":75,\"caption\":\"Legit Grams\"},\"image\":{\"@id\":\"https:\/\/legitgrams.com\/#\/schema\/logo\/image\/\"}}]}<\/script>\n<!-- \/ Yoast SEO plugin. -->","yoast_head_json":{"title":"Echte Green Apple Ecstasy Pillen Online Bestellen @ Bester Preis | LG","description":"Wenn Sie echte gr\u00fcne Apfel-Ecstasy-Pillen online kaufen wollen und nach einem zuverl\u00e4ssigen Online-Shop suchen, dann kaufen Sie hier. Wir bieten nur hochwertige echte gr\u00fcne Apfel Ecstasy Pillen zum Verkauf zu einem erschwinglichen Preis. Bestellen Sie jetzt echte gr\u00fcne Apfel-Ecstasy-Pillen!","robots":{"index":"index","follow":"follow","max-snippet":"max-snippet:-1","max-image-preview":"max-image-preview:large","max-video-preview":"max-video-preview:-1"},"canonical":"https:\/\/legitgrams.com\/de\/produkt\/echte-grune-apfel-ecstasy-pillen\/","og_locale":"de_DE","og_type":"article","og_title":"Order Real Green Apple Ecstasy Pills Online @ Best Price | LG","og_description":"If you want to buy real green apple ecstasy pills online and looking for a reliable online shop, then buy here. We offer only high-quality real green apple ecstasy pills for sale at an affordable price. Order Real Green Apple Ecstasy Pills Now!","og_url":"https:\/\/legitgrams.com\/de\/produkt\/echte-grune-apfel-ecstasy-pillen\/","og_site_name":"Legit Grams","article_modified_time":"2025-04-03T04:59:34+00:00","og_image":[{"width":600,"height":600,"url":"https:\/\/legitgrams.com\/wp-content\/uploads\/2024\/09\/order-real-green-apple-ecstasy-pills-online.jpg","type":"image\/jpeg"}],"twitter_card":"summary_large_image","twitter_misc":{"Gesch\u00e4tzte Lesezeit":"3\u00a0Minuten"},"schema":{"@context":"https:\/\/schema.org","@graph":[{"@type":"WebPage","@id":"https:\/\/legitgrams.com\/product\/real-green-apple-ecstasy-pills\/","url":"https:\/\/legitgrams.com\/product\/real-green-apple-ecstasy-pills\/","name":"Echte Green Apple Ecstasy Pillen Online Bestellen @ Bester Preis | LG","isPartOf":{"@id":"https:\/\/legitgrams.com\/#website"},"primaryImageOfPage":{"@id":"https:\/\/legitgrams.com\/product\/real-green-apple-ecstasy-pills\/#primaryimage"},"image":{"@id":"https:\/\/legitgrams.com\/product\/real-green-apple-ecstasy-pills\/#primaryimage"},"thumbnailUrl":"https:\/\/legitgrams.com\/wp-content\/uploads\/2024\/09\/order-real-green-apple-ecstasy-pills-online.jpg","datePublished":"2024-09-22T08:18:05+00:00","dateModified":"2025-04-03T04:59:34+00:00","description":"Wenn Sie echte gr\u00fcne Apfel-Ecstasy-Pillen online kaufen wollen und nach einem zuverl\u00e4ssigen Online-Shop suchen, dann kaufen Sie hier. Wir bieten nur hochwertige echte gr\u00fcne Apfel Ecstasy Pillen zum Verkauf zu einem erschwinglichen Preis. Bestellen Sie jetzt echte gr\u00fcne Apfel-Ecstasy-Pillen!","breadcrumb":{"@id":"https:\/\/legitgrams.com\/product\/real-green-apple-ecstasy-pills\/#breadcrumb"},"inLanguage":"de","potentialAction":[{"@type":"ReadAction","target":["https:\/\/legitgrams.com\/product\/real-green-apple-ecstasy-pills\/"]}]},{"@type":"ImageObject","inLanguage":"de","@id":"https:\/\/legitgrams.com\/product\/real-green-apple-ecstasy-pills\/#primaryimage","url":"https:\/\/legitgrams.com\/wp-content\/uploads\/2024\/09\/order-real-green-apple-ecstasy-pills-online.jpg","contentUrl":"https:\/\/legitgrams.com\/wp-content\/uploads\/2024\/09\/order-real-green-apple-ecstasy-pills-online.jpg","width":600,"height":600,"caption":"Real Green Apple Ecstasy Pills for Sale"},{"@type":"BreadcrumbList","@id":"https:\/\/legitgrams.com\/product\/real-green-apple-ecstasy-pills\/#breadcrumb","itemListElement":[{"@type":"ListItem","position":1,"name":"Home","item":"https:\/\/legitgrams.com\/"},{"@type":"ListItem","position":2,"name":"Shop","item":"https:\/\/legitgrams.com\/shop\/"},{"@type":"ListItem","position":3,"name":"Buy Real Green Apple Ecstasy Pills Online"}]},{"@type":"WebSite","@id":"https:\/\/legitgrams.com\/#website","url":"https:\/\/legitgrams.com\/","name":"Legitimer Grammwert","description":"Mein WordPress-Blog","publisher":{"@id":"https:\/\/legitgrams.com\/#organization"},"potentialAction":[{"@type":"SearchAction","target":{"@type":"EntryPoint","urlTemplate":"https:\/\/legitgrams.com\/?s={search_term_string}"},"query-input":{"@type":"PropertyValueSpecification","valueRequired":true,"valueName":"search_term_string"}}],"inLanguage":"de"},{"@type":"Organization","@id":"https:\/\/legitgrams.com\/#organization","name":"Legitimer Grammwert","url":"https:\/\/legitgrams.com\/","logo":{"@type":"ImageObject","inLanguage":"de","@id":"https:\/\/legitgrams.com\/#\/schema\/logo\/image\/","url":"https:\/\/legitgrams.com\/wp-content\/uploads\/2024\/09\/main-logo.png","contentUrl":"https:\/\/legitgrams.com\/wp-content\/uploads\/2024\/09\/main-logo.png","width":270,"height":75,"caption":"Legit Grams"},"image":{"@id":"https:\/\/legitgrams.com\/#\/schema\/logo\/image\/"}}]}},"uagb_featured_image_src":{"full":["https:\/\/legitgrams.com\/wp-content\/uploads\/2024\/09\/order-real-green-apple-ecstasy-pills-online.jpg",600,600,false],"thumbnail":["https:\/\/legitgrams.com\/wp-content\/uploads\/2024\/09\/order-real-green-apple-ecstasy-pills-online-150x150.jpg",150,150,true],"medium":["https:\/\/legitgrams.com\/wp-content\/uploads\/2024\/09\/order-real-green-apple-ecstasy-pills-online-300x300.jpg",300,300,true],"medium_large":["https:\/\/legitgrams.com\/wp-content\/uploads\/2024\/09\/order-real-green-apple-ecstasy-pills-online.jpg",600,600,false],"large":["https:\/\/legitgrams.com\/wp-content\/uploads\/2024\/09\/order-real-green-apple-ecstasy-pills-online.jpg",600,600,false],"1536x1536":["https:\/\/legitgrams.com\/wp-content\/uploads\/2024\/09\/order-real-green-apple-ecstasy-pills-online.jpg",600,600,false],"2048x2048":["https:\/\/legitgrams.com\/wp-content\/uploads\/2024\/09\/order-real-green-apple-ecstasy-pills-online.jpg",600,600,false],"trp-custom-language-flag":["https:\/\/legitgrams.com\/wp-content\/uploads\/2024\/09\/order-real-green-apple-ecstasy-pills-online-12x12.jpg",12,12,true],"woocommerce_thumbnail":["https:\/\/legitgrams.com\/wp-content\/uploads\/2024\/09\/order-real-green-apple-ecstasy-pills-online-300x300.jpg",300,300,true],"woocommerce_single":["https:\/\/legitgrams.com\/wp-content\/uploads\/2024\/09\/order-real-green-apple-ecstasy-pills-online.jpg",600,600,false],"woocommerce_gallery_thumbnail":["https:\/\/legitgrams.com\/wp-content\/uploads\/2024\/09\/order-real-green-apple-ecstasy-pills-online-100x100.jpg",100,100,true]},"uagb_author_info":{"display_name":"cokeblog18","author_link":"https:\/\/legitgrams.com\/de\/author\/"},"uagb_comment_info":0,"uagb_excerpt":"Purchase of Genuine Green Apple Ecstasy Pills Online I hope this axiom has made you famous. According to the proverb, &#8220;An apple a day keeps the specialist at bay.&#8221; Given all of the health advantages of eating apples, this diet aphorism may not be entirely inaccurate. Some of the health advantages of eating green apples&hellip;","_links":{"self":[{"href":"https:\/\/legitgrams.com\/de\/wp-json\/wp\/v2\/product\/4273","targetHints":{"allow":["GET"]}}],"collection":[{"href":"https:\/\/legitgrams.com\/de\/wp-json\/wp\/v2\/product"}],"about":[{"href":"https:\/\/legitgrams.com\/de\/wp-json\/wp\/v2\/types\/product"}],"replies":[{"embeddable":true,"href":"https:\/\/legitgrams.com\/de\/wp-json\/wp\/v2\/comments?post=4273"}],"wp:featuredmedia":[{"embeddable":true,"href":"https:\/\/legitgrams.com\/de\/wp-json\/wp\/v2\/media\/5203"}],"wp:attachment":[{"href":"https:\/\/legitgrams.com\/de\/wp-json\/wp\/v2\/media?parent=4273"}],"wp:term":[{"taxonomy":"product_brand","embeddable":true,"href":"https:\/\/legitgrams.com\/de\/wp-json\/wp\/v2\/product_brand?post=4273"},{"taxonomy":"product_cat","embeddable":true,"href":"https:\/\/legitgrams.com\/de\/wp-json\/wp\/v2\/product_cat?post=4273"},{"taxonomy":"product_tag","embeddable":true,"href":"https:\/\/legitgrams.com\/de\/wp-json\/wp\/v2\/product_tag?post=4273"}],"curies":[{"name":"wp","href":"https:\/\/api.w.org\/{rel}","templated":true}]}}