{"id":4275,"date":"2024-09-22T08:20:58","date_gmt":"2024-09-22T08:20:58","guid":{"rendered":"https:\/\/legitgrams.com\/?post_type=product&#038;p=4275"},"modified":"2025-01-15T05:54:57","modified_gmt":"2025-01-15T05:54:57","slug":"weise-rolex-ecstasy-pillen","status":"publish","type":"product","link":"https:\/\/legitgrams.com\/de\/produkt\/weise-rolex-ecstasy-pillen\/","title":{"rendered":"Wei\u00dfe Rolex Ecstasy-Pillen"},"content":{"rendered":"<h2>Ecstasy-Pillen von White Rolex zu verkaufen<br \/>\nWas ist Ecstasy?<\/h2>\n<p>Die synthetische psychoaktive Substanz Ecstasy (MDMA, 3,4-Methylendioxymethamphetamin) weist chemische \u00c4hnlichkeiten mit dem Stimulans Methamphetamin und dem Halluzinogen Meskalin auf. Zeitliche und Wahrnehmungsverzerrungen, eine gesteigerte Freude an taktilen Reizen und eine stimulierende Wirkung sind allesamt psychedelische und stimulierende Eigenschaften dieser illegalen Substanz. <a href=\"https:\/\/legitgrams.com\/de\/\">LegitGrams<\/a><\/p>\n<h3>Cremefarben oder wei\u00df im Farbton Ma\u00dfe: 195 mg<\/h3>\n<p>Ecstasy-Pillen kaufen, kaufen <a href=\"https:\/\/legitgrams.com\/de\/produkt\/weise-rolex-ecstasy-pillen\/\">Wei\u00dfe Rolex Ecstasy-Pillen<\/a>, kaufen Wei\u00df <a href=\"https:\/\/en.wikipedia.org\/wiki\/Rolex\">Rolex<\/a> Ecstasy-Pillen online, wo kann man Ecstasy-Pillen online kaufen, wo kann man White Rolex Ecstasy-Pillen in den USA, Kanada und Gro\u00dfbritannien kaufen, online, Lieferanten, sichere Lieferung, wo kann man Ecstasy-Pillen online kaufen? White Rolex Ecstasy-Tabletten sind noch erh\u00e4ltlich. Sie k\u00f6nnen au\u00dferdem erfahren, ob sie in Kanada legal sind, wie man sie online bestellt und ob sie in den USA legal sind.<\/p>\n<h2><\/h2>\n<p>&nbsp;<\/p>","protected":false},"excerpt":{"rendered":"<p>Ecstasy pills made by White Rolex for sale What is ecstasy? The synthetic psychoactive substance ecstasy (MDMA, 3,4 methylenedioxymethamphetamine) shares chemical similarities with the stimulant methamphetamine and the hallucinogen mescaline. Temporal and perceptional distortions, an increase in the enjoyment of tactile stimuli, and a stimulant impact are all caused by this illegal substance&#8217;s psychedelic and &hellip;<\/p>\n<p class=\"read-more\"> <a class=\"\" href=\"https:\/\/legitgrams.com\/de\/produkt\/weise-rolex-ecstasy-pillen\/\"> <span class=\"screen-reader-text\">Wei\u00dfe Rolex Ecstasy-Pillen<\/span> Mehr lesen \"<\/a><\/p>","protected":false},"featured_media":5200,"comment_status":"open","ping_status":"closed","template":"","meta":{"_uag_custom_page_level_css":"","site-sidebar-layout":"default","site-content-layout":"default","ast-global-header-display":"","ast-main-header-display":"","ast-hfb-above-header-display":"","ast-hfb-below-header-display":"","ast-hfb-mobile-header-display":"","site-post-title":"","ast-breadcrumbs-content":"","ast-featured-img":"","footer-sml-layout":"","theme-transparent-header-meta":"default","adv-header-id-meta":"","stick-header-meta":"default","header-above-stick-meta":"","header-main-stick-meta":"","header-below-stick-meta":"","_joinchat":[]},"product_brand":[],"product_cat":[596],"product_tag":[1246,1236,617,1228,1243,1240,1235,1233,1245,1242,625,1234,1237,1227,1230,1238,1229,1241,1248,1231,1249,1247,1239,1244,1232],"class_list":{"0":"post-4275","1":"product","2":"type-product","3":"status-publish","4":"has-post-thumbnail","6":"product_cat-ecstasy-pills-mdma","7":"product_tag-best-cheap-price-white-rolex-ecstasy-pills","8":"product_tag-best-place-to-buy-white-rolex-ecstasy-pills","9":"product_tag-bulk-online","10":"product_tag-buy-white-rolex-ecstasy-pills","11":"product_tag-cheap-white-rolex-ecstasy-pills","12":"product_tag-high-quality-white-rolex-ecstasy-pills","13":"product_tag-how-to-buy-white-rolex-ecstasy-pills","14":"product_tag-order-white-rolex-ecstasy-pills","15":"product_tag-purcharse-white-rolex-ecstasy-pills","16":"product_tag-shop-white-rolex-ecstasy-pills","17":"product_tag-top-quality","18":"product_tag-where-to-buy-white-rolex-ecstasy-pills","19":"product_tag-where-to-order-white-rolex-ecstasy-pills","20":"product_tag-white-rolex-ecstasy-pills","21":"product_tag-white-rolex-ecstasy-pills-for-sale","22":"product_tag-white-rolex-ecstasy-pills-legally","23":"product_tag-white-rolex-ecstasy-pills-online","24":"product_tag-white-rolex-ecstasy-pills-store","25":"product_tag-white-rolex-ecstasy-pills-use","26":"product_tag-white-rolex-ecstasy-pills-white-rolex-ecstasy-pills-supplier","27":"product_tag-white-rolex-ecstasy-pills-wiki","28":"product_tag-white-rolex-ecstasy-pills-worldwide","29":"product_tag-white-rolex-ecstasy-pillsprice","30":"product_tag-white-rolex-ecstasy-pillss","31":"product_tag-wholesale-white-rolex-ecstasy-pills","32":"desktop-align-left","33":"tablet-align-left","34":"mobile-align-left","35":"ast-product-gallery-layout-horizontal","36":"ast-product-gallery-with-no-image","37":"ast-product-single-variable","38":"ast-product-tabs-layout-horizontal","39":"ast-qv-on-image","41":"first","42":"instock","43":"shipping-taxable","44":"purchasable","45":"product-type-variable"},"yoast_head":"<!-- This site is optimized with the Yoast SEO plugin v25.9 - https:\/\/yoast.com\/wordpress\/plugins\/seo\/ -->\n<title>White Rolex ecstasy Pills for Sale - Buy White Rolex ecstasy Online<\/title>\n<meta name=\"description\" content=\"Discover top-notch white rolex ecstasy pills for sale at our online store - buy white rolex ecstasy pills conveniently and securely to fuel your research. Order Now with Discreet Shipping!\" \/>\n<meta name=\"robots\" content=\"index, follow, max-snippet:-1, max-image-preview:large, max-video-preview:-1\" \/>\n<link rel=\"canonical\" href=\"https:\/\/legitgrams.com\/de\/produkt\/weise-rolex-ecstasy-pillen\/\" \/>\n<meta property=\"og:locale\" content=\"de_DE\" \/>\n<meta property=\"og:type\" content=\"article\" \/>\n<meta property=\"og:title\" content=\"White Rolex ecstasy Pills for Sale - Buy White Rolex ecstasy Online\" \/>\n<meta property=\"og:description\" content=\"Discover top-notch white rolex ecstasy pills for sale at our online store - buy white rolex ecstasy pills conveniently and securely to fuel your research. Order Now with Discreet Shipping!\" \/>\n<meta property=\"og:url\" content=\"https:\/\/legitgrams.com\/de\/produkt\/weise-rolex-ecstasy-pillen\/\" \/>\n<meta property=\"og:site_name\" content=\"Legit Grams\" \/>\n<meta property=\"article:modified_time\" content=\"2025-01-15T05:54:57+00:00\" \/>\n<meta property=\"og:image\" content=\"https:\/\/legitgrams.com\/wp-content\/uploads\/2024\/09\/buy-white-rolex-ecstasy-pills-online.jpg\" \/>\n\t<meta property=\"og:image:width\" content=\"600\" \/>\n\t<meta property=\"og:image:height\" content=\"600\" \/>\n\t<meta property=\"og:image:type\" content=\"image\/jpeg\" \/>\n<meta name=\"twitter:card\" content=\"summary_large_image\" \/>\n<meta name=\"twitter:label1\" content=\"Gesch\u00e4tzte Lesezeit\" \/>\n\t<meta name=\"twitter:data1\" content=\"2\u00a0Minuten\" \/>\n<script type=\"application\/ld+json\" class=\"yoast-schema-graph\">{\"@context\":\"https:\/\/schema.org\",\"@graph\":[{\"@type\":\"WebPage\",\"@id\":\"https:\/\/legitgrams.com\/product\/white-rolex-ecstasy-pills\/\",\"url\":\"https:\/\/legitgrams.com\/product\/white-rolex-ecstasy-pills\/\",\"name\":\"White Rolex ecstasy Pills for Sale - Buy White Rolex ecstasy Online\",\"isPartOf\":{\"@id\":\"https:\/\/legitgrams.com\/#website\"},\"primaryImageOfPage\":{\"@id\":\"https:\/\/legitgrams.com\/product\/white-rolex-ecstasy-pills\/#primaryimage\"},\"image\":{\"@id\":\"https:\/\/legitgrams.com\/product\/white-rolex-ecstasy-pills\/#primaryimage\"},\"thumbnailUrl\":\"https:\/\/legitgrams.com\/wp-content\/uploads\/2024\/09\/buy-white-rolex-ecstasy-pills-online.jpg\",\"datePublished\":\"2024-09-22T08:20:58+00:00\",\"dateModified\":\"2025-01-15T05:54:57+00:00\",\"description\":\"Discover top-notch white rolex ecstasy pills for sale at our online store - buy white rolex ecstasy pills conveniently and securely to fuel your research. Order Now with Discreet Shipping!\",\"breadcrumb\":{\"@id\":\"https:\/\/legitgrams.com\/product\/white-rolex-ecstasy-pills\/#breadcrumb\"},\"inLanguage\":\"de\",\"potentialAction\":[{\"@type\":\"ReadAction\",\"target\":[\"https:\/\/legitgrams.com\/product\/white-rolex-ecstasy-pills\/\"]}]},{\"@type\":\"ImageObject\",\"inLanguage\":\"de\",\"@id\":\"https:\/\/legitgrams.com\/product\/white-rolex-ecstasy-pills\/#primaryimage\",\"url\":\"https:\/\/legitgrams.com\/wp-content\/uploads\/2024\/09\/buy-white-rolex-ecstasy-pills-online.jpg\",\"contentUrl\":\"https:\/\/legitgrams.com\/wp-content\/uploads\/2024\/09\/buy-white-rolex-ecstasy-pills-online.jpg\",\"width\":600,\"height\":600,\"caption\":\"White Rolex ecstasy pills for Sale\"},{\"@type\":\"BreadcrumbList\",\"@id\":\"https:\/\/legitgrams.com\/product\/white-rolex-ecstasy-pills\/#breadcrumb\",\"itemListElement\":[{\"@type\":\"ListItem\",\"position\":1,\"name\":\"Home\",\"item\":\"https:\/\/legitgrams.com\/\"},{\"@type\":\"ListItem\",\"position\":2,\"name\":\"Shop\",\"item\":\"https:\/\/legitgrams.com\/shop\/\"},{\"@type\":\"ListItem\",\"position\":3,\"name\":\"White Rolex ecstasy pills\"}]},{\"@type\":\"WebSite\",\"@id\":\"https:\/\/legitgrams.com\/#website\",\"url\":\"https:\/\/legitgrams.com\/\",\"name\":\"Legit Grams\",\"description\":\"My WordPress Blog\",\"publisher\":{\"@id\":\"https:\/\/legitgrams.com\/#organization\"},\"potentialAction\":[{\"@type\":\"SearchAction\",\"target\":{\"@type\":\"EntryPoint\",\"urlTemplate\":\"https:\/\/legitgrams.com\/?s={search_term_string}\"},\"query-input\":{\"@type\":\"PropertyValueSpecification\",\"valueRequired\":true,\"valueName\":\"search_term_string\"}}],\"inLanguage\":\"de\"},{\"@type\":\"Organization\",\"@id\":\"https:\/\/legitgrams.com\/#organization\",\"name\":\"Legit Grams\",\"url\":\"https:\/\/legitgrams.com\/\",\"logo\":{\"@type\":\"ImageObject\",\"inLanguage\":\"de\",\"@id\":\"https:\/\/legitgrams.com\/#\/schema\/logo\/image\/\",\"url\":\"https:\/\/legitgrams.com\/wp-content\/uploads\/2024\/09\/main-logo.png\",\"contentUrl\":\"https:\/\/legitgrams.com\/wp-content\/uploads\/2024\/09\/main-logo.png\",\"width\":270,\"height\":75,\"caption\":\"Legit Grams\"},\"image\":{\"@id\":\"https:\/\/legitgrams.com\/#\/schema\/logo\/image\/\"}}]}<\/script>\n<!-- \/ Yoast SEO plugin. -->","yoast_head_json":{"title":"White Rolex ecstasy Pills for Sale - Kaufen Sie White Rolex ecstasy Online","description":"Entdecken Sie erstklassige white rolex ecstasy pills for sale in unserem Online-Shop - kaufen Sie white rolex ecstasy pills bequem und sicher, um Ihre Forschung zu unterst\u00fctzen. Bestellen Sie jetzt mit diskretem Versand!","robots":{"index":"index","follow":"follow","max-snippet":"max-snippet:-1","max-image-preview":"max-image-preview:large","max-video-preview":"max-video-preview:-1"},"canonical":"https:\/\/legitgrams.com\/de\/produkt\/weise-rolex-ecstasy-pillen\/","og_locale":"de_DE","og_type":"article","og_title":"White Rolex ecstasy Pills for Sale - Buy White Rolex ecstasy Online","og_description":"Discover top-notch white rolex ecstasy pills for sale at our online store - buy white rolex ecstasy pills conveniently and securely to fuel your research. Order Now with Discreet Shipping!","og_url":"https:\/\/legitgrams.com\/de\/produkt\/weise-rolex-ecstasy-pillen\/","og_site_name":"Legit Grams","article_modified_time":"2025-01-15T05:54:57+00:00","og_image":[{"width":600,"height":600,"url":"https:\/\/legitgrams.com\/wp-content\/uploads\/2024\/09\/buy-white-rolex-ecstasy-pills-online.jpg","type":"image\/jpeg"}],"twitter_card":"summary_large_image","twitter_misc":{"Gesch\u00e4tzte Lesezeit":"2\u00a0Minuten"},"schema":{"@context":"https:\/\/schema.org","@graph":[{"@type":"WebPage","@id":"https:\/\/legitgrams.com\/product\/white-rolex-ecstasy-pills\/","url":"https:\/\/legitgrams.com\/product\/white-rolex-ecstasy-pills\/","name":"White Rolex ecstasy Pills for Sale - Kaufen Sie White Rolex ecstasy Online","isPartOf":{"@id":"https:\/\/legitgrams.com\/#website"},"primaryImageOfPage":{"@id":"https:\/\/legitgrams.com\/product\/white-rolex-ecstasy-pills\/#primaryimage"},"image":{"@id":"https:\/\/legitgrams.com\/product\/white-rolex-ecstasy-pills\/#primaryimage"},"thumbnailUrl":"https:\/\/legitgrams.com\/wp-content\/uploads\/2024\/09\/buy-white-rolex-ecstasy-pills-online.jpg","datePublished":"2024-09-22T08:20:58+00:00","dateModified":"2025-01-15T05:54:57+00:00","description":"Entdecken Sie erstklassige white rolex ecstasy pills for sale in unserem Online-Shop - kaufen Sie white rolex ecstasy pills bequem und sicher, um Ihre Forschung zu unterst\u00fctzen. Bestellen Sie jetzt mit diskretem Versand!","breadcrumb":{"@id":"https:\/\/legitgrams.com\/product\/white-rolex-ecstasy-pills\/#breadcrumb"},"inLanguage":"de","potentialAction":[{"@type":"ReadAction","target":["https:\/\/legitgrams.com\/product\/white-rolex-ecstasy-pills\/"]}]},{"@type":"ImageObject","inLanguage":"de","@id":"https:\/\/legitgrams.com\/product\/white-rolex-ecstasy-pills\/#primaryimage","url":"https:\/\/legitgrams.com\/wp-content\/uploads\/2024\/09\/buy-white-rolex-ecstasy-pills-online.jpg","contentUrl":"https:\/\/legitgrams.com\/wp-content\/uploads\/2024\/09\/buy-white-rolex-ecstasy-pills-online.jpg","width":600,"height":600,"caption":"White Rolex ecstasy pills for Sale"},{"@type":"BreadcrumbList","@id":"https:\/\/legitgrams.com\/product\/white-rolex-ecstasy-pills\/#breadcrumb","itemListElement":[{"@type":"ListItem","position":1,"name":"Home","item":"https:\/\/legitgrams.com\/"},{"@type":"ListItem","position":2,"name":"Shop","item":"https:\/\/legitgrams.com\/shop\/"},{"@type":"ListItem","position":3,"name":"White Rolex ecstasy pills"}]},{"@type":"WebSite","@id":"https:\/\/legitgrams.com\/#website","url":"https:\/\/legitgrams.com\/","name":"Legitimer Grammwert","description":"Mein WordPress-Blog","publisher":{"@id":"https:\/\/legitgrams.com\/#organization"},"potentialAction":[{"@type":"SearchAction","target":{"@type":"EntryPoint","urlTemplate":"https:\/\/legitgrams.com\/?s={search_term_string}"},"query-input":{"@type":"PropertyValueSpecification","valueRequired":true,"valueName":"search_term_string"}}],"inLanguage":"de"},{"@type":"Organization","@id":"https:\/\/legitgrams.com\/#organization","name":"Legitimer Grammwert","url":"https:\/\/legitgrams.com\/","logo":{"@type":"ImageObject","inLanguage":"de","@id":"https:\/\/legitgrams.com\/#\/schema\/logo\/image\/","url":"https:\/\/legitgrams.com\/wp-content\/uploads\/2024\/09\/main-logo.png","contentUrl":"https:\/\/legitgrams.com\/wp-content\/uploads\/2024\/09\/main-logo.png","width":270,"height":75,"caption":"Legit Grams"},"image":{"@id":"https:\/\/legitgrams.com\/#\/schema\/logo\/image\/"}}]}},"uagb_featured_image_src":{"full":["https:\/\/legitgrams.com\/wp-content\/uploads\/2024\/09\/buy-white-rolex-ecstasy-pills-online.jpg",600,600,false],"thumbnail":["https:\/\/legitgrams.com\/wp-content\/uploads\/2024\/09\/buy-white-rolex-ecstasy-pills-online-150x150.jpg",150,150,true],"medium":["https:\/\/legitgrams.com\/wp-content\/uploads\/2024\/09\/buy-white-rolex-ecstasy-pills-online-300x300.jpg",300,300,true],"medium_large":["https:\/\/legitgrams.com\/wp-content\/uploads\/2024\/09\/buy-white-rolex-ecstasy-pills-online.jpg",600,600,false],"large":["https:\/\/legitgrams.com\/wp-content\/uploads\/2024\/09\/buy-white-rolex-ecstasy-pills-online.jpg",600,600,false],"1536x1536":["https:\/\/legitgrams.com\/wp-content\/uploads\/2024\/09\/buy-white-rolex-ecstasy-pills-online.jpg",600,600,false],"2048x2048":["https:\/\/legitgrams.com\/wp-content\/uploads\/2024\/09\/buy-white-rolex-ecstasy-pills-online.jpg",600,600,false],"trp-custom-language-flag":["https:\/\/legitgrams.com\/wp-content\/uploads\/2024\/09\/buy-white-rolex-ecstasy-pills-online-12x12.jpg",12,12,true],"woocommerce_thumbnail":["https:\/\/legitgrams.com\/wp-content\/uploads\/2024\/09\/buy-white-rolex-ecstasy-pills-online-300x300.jpg",300,300,true],"woocommerce_single":["https:\/\/legitgrams.com\/wp-content\/uploads\/2024\/09\/buy-white-rolex-ecstasy-pills-online.jpg",600,600,false],"woocommerce_gallery_thumbnail":["https:\/\/legitgrams.com\/wp-content\/uploads\/2024\/09\/buy-white-rolex-ecstasy-pills-online-100x100.jpg",100,100,true]},"uagb_author_info":{"display_name":"cokeblog18","author_link":"https:\/\/legitgrams.com\/de\/author\/"},"uagb_comment_info":0,"uagb_excerpt":"Ecstasy pills made by White Rolex for sale What is ecstasy? The synthetic psychoactive substance ecstasy (MDMA, 3,4 methylenedioxymethamphetamine) shares chemical similarities with the stimulant methamphetamine and the hallucinogen mescaline. Temporal and perceptional distortions, an increase in the enjoyment of tactile stimuli, and a stimulant impact are all caused by this illegal substance&#8217;s psychedelic and&hellip;","_links":{"self":[{"href":"https:\/\/legitgrams.com\/de\/wp-json\/wp\/v2\/product\/4275","targetHints":{"allow":["GET"]}}],"collection":[{"href":"https:\/\/legitgrams.com\/de\/wp-json\/wp\/v2\/product"}],"about":[{"href":"https:\/\/legitgrams.com\/de\/wp-json\/wp\/v2\/types\/product"}],"replies":[{"embeddable":true,"href":"https:\/\/legitgrams.com\/de\/wp-json\/wp\/v2\/comments?post=4275"}],"wp:featuredmedia":[{"embeddable":true,"href":"https:\/\/legitgrams.com\/de\/wp-json\/wp\/v2\/media\/5200"}],"wp:attachment":[{"href":"https:\/\/legitgrams.com\/de\/wp-json\/wp\/v2\/media?parent=4275"}],"wp:term":[{"taxonomy":"product_brand","embeddable":true,"href":"https:\/\/legitgrams.com\/de\/wp-json\/wp\/v2\/product_brand?post=4275"},{"taxonomy":"product_cat","embeddable":true,"href":"https:\/\/legitgrams.com\/de\/wp-json\/wp\/v2\/product_cat?post=4275"},{"taxonomy":"product_tag","embeddable":true,"href":"https:\/\/legitgrams.com\/de\/wp-json\/wp\/v2\/product_tag?post=4275"}],"curies":[{"name":"wp","href":"https:\/\/api.w.org\/{rel}","templated":true}]}}