{"id":4276,"date":"2024-09-22T08:21:57","date_gmt":"2024-09-22T08:21:57","guid":{"rendered":"https:\/\/legitgrams.com\/?post_type=product&#038;p=4276"},"modified":"2025-01-15T05:16:01","modified_gmt":"2025-01-15T05:16:01","slug":"echte-qualitat-tesla-ecstasy-pillen","status":"publish","type":"product","link":"https:\/\/legitgrams.com\/de\/produkt\/echte-qualitat-tesla-ecstasy-pillen\/","title":{"rendered":"echte Qualit\u00e4t Tesla Ecstasy Pillen"},"content":{"rendered":"<h2>authentische, hochwertige Tesla-Ecstasy-Pillen online kaufen.<br \/>\nWas ist Ecstasy?<\/h2>\n<p>Die synthetische psychoaktive Substanz Ecstasy (MDMA, 3,4-Methylendioxymethamphetamin) weist chemische \u00c4hnlichkeiten mit dem Stimulans Methamphetamin und dem Halluzinogen Meskalin auf. Zeitliche und Wahrnehmungsverzerrungen, eine gesteigerte Freude an taktilen Reizen und eine stimulierende Wirkung sind allesamt psychedelische und stimulierende Eigenschaften dieser illegalen Substanz. <a href=\"https:\/\/legitgrams.com\/de\/\">LegitGrams<\/a><\/p>\n<p>Kaufen Original <a href=\"https:\/\/legitgrams.com\/de\/produkt\/echte-qualitat-tesla-ecstasy-pillen\/\">Tesla Ecstasy-Pillen<\/a> online: Ecstasy-Pillen kaufen, echte Tesla-Ecstasy-Pillen kaufen, echte Tesla-Ecstasy-Pillen online kaufen, Wo kann ich echte Tesla-Ecstasy-Pillen kaufen? Wo kann ich echte Tesla-Ecstasy-Pillen kaufen? Wo kann ich Ecstasy online kaufen? Wo kann ich kaufen <a href=\"https:\/\/en.wikipedia.org\/wiki\/Ecstasy\">echte Qualit\u00e4t Tesla Ecstasy Pillen<\/a> zum Verkauf in den USA, Kanada und Gro\u00dfbritannien? Wo kann ich sie online kaufen? Wo finde ich Lieferanten? Sichere Lieferung Sie k\u00f6nnen immer noch echte Ecstasy-Pillen von Tesla erhalten. Dar\u00fcber hinaus erfahren Sie, wie Sie echte, hochwertige Tesla-Ecstasy-Pillen bestellen k\u00f6nnen, ob sie in Kanada legal sind und ob sie in den USA legal sind.<\/p>\n<h2><\/h2>\n<h2><\/h2>\n<p>&nbsp;<\/p>","protected":false},"excerpt":{"rendered":"<p>Purchase authentic, high-quality Tesla ecstasy pills online. What is ecstasy? The synthetic psychoactive substance ecstasy (MDMA, 3,4 methylenedioxymethamphetamine) shares chemical similarities with the stimulant methamphetamine and the hallucinogen mescaline. Temporal and perceptional distortions, an increase in the enjoyment of tactile stimuli, and a stimulant impact are all caused by this illegal substance&#8217;s psychedelic and stimulant &hellip;<\/p>\n<p class=\"read-more\"> <a class=\"\" href=\"https:\/\/legitgrams.com\/de\/produkt\/echte-qualitat-tesla-ecstasy-pillen\/\"> <span class=\"screen-reader-text\">echte Qualit\u00e4t Tesla Ecstasy Pillen<\/span> Mehr lesen \"<\/a><\/p>","protected":false},"featured_media":5199,"comment_status":"open","ping_status":"closed","template":"","meta":{"_uag_custom_page_level_css":"","site-sidebar-layout":"default","site-content-layout":"default","ast-global-header-display":"","ast-main-header-display":"","ast-hfb-above-header-display":"","ast-hfb-below-header-display":"","ast-hfb-mobile-header-display":"","site-post-title":"","ast-breadcrumbs-content":"","ast-featured-img":"","footer-sml-layout":"","theme-transparent-header-meta":"default","adv-header-id-meta":"","stick-header-meta":"default","header-above-stick-meta":"","header-main-stick-meta":"","header-below-stick-meta":"","_joinchat":[]},"product_brand":[],"product_cat":[596],"product_tag":[1223,1213,617,1205,1220,1217,1212,1210,1222,1204,1207,1215,1206,1208,1218,1225,1226,1224,1216,1221,1219,625,1211,1214,1209],"class_list":{"0":"post-4276","1":"product","2":"type-product","3":"status-publish","4":"has-post-thumbnail","6":"product_cat-ecstasy-pills-mdma","7":"product_tag-best-cheap-price-real-quality-tesla-ecstasy-pills","8":"product_tag-best-place-to-buy-real-quality-tesla-ecstasy-pills","9":"product_tag-bulk-online","10":"product_tag-buy-real-quality-tesla-ecstasy-pills","11":"product_tag-cheap-real-quality-tesla-ecstasy-pills","12":"product_tag-high-quality-real-quality-tesla-ecstasy-pills","13":"product_tag-how-to-buy-real-quality-tesla-ecstasy-pills","14":"product_tag-order-real-quality-tesla-ecstasy-pills","15":"product_tag-purcharse-real-quality-tesla-ecstasy-pills","16":"product_tag-real-quality-tesla-ecstasy-pills","17":"product_tag-real-quality-tesla-ecstasy-pills-for-sale","18":"product_tag-real-quality-tesla-ecstasy-pills-legally","19":"product_tag-real-quality-tesla-ecstasy-pills-online","20":"product_tag-real-quality-tesla-ecstasy-pills-real-quality-tesla-ecstasy-pills-supplier","21":"product_tag-real-quality-tesla-ecstasy-pills-store","22":"product_tag-real-quality-tesla-ecstasy-pills-use","23":"product_tag-real-quality-tesla-ecstasy-pills-wiki","24":"product_tag-real-quality-tesla-ecstasy-pills-worldwide","25":"product_tag-real-quality-tesla-ecstasy-pillsprice","26":"product_tag-real-quality-tesla-ecstasy-pillss","27":"product_tag-shop-real-quality-tesla-ecstasy-pills","28":"product_tag-top-quality","29":"product_tag-where-to-buy-real-quality-tesla-ecstasy-pills","30":"product_tag-where-to-order-real-quality-tesla-ecstasy-pills","31":"product_tag-wholesale-real-quality-tesla-ecstasy-pills","32":"desktop-align-left","33":"tablet-align-left","34":"mobile-align-left","35":"ast-product-gallery-layout-horizontal","36":"ast-product-gallery-with-no-image","37":"ast-product-single-variable","38":"ast-product-tabs-layout-horizontal","39":"ast-qv-on-image","41":"first","42":"instock","43":"shipping-taxable","44":"purchasable","45":"product-type-variable"},"yoast_head":"<!-- This site is optimized with the Yoast SEO plugin v25.9 - https:\/\/yoast.com\/wordpress\/plugins\/seo\/ -->\n<title>Buy Real Quality Tesla ecstasy Pills Online @ Best Price | LG<\/title>\n<meta name=\"description\" content=\"Explore our online store for real quality tesla ecstasy pills for sale, offering high-quality real quality tesla ecstasy pills. Buy real quality tesla ecstasy pills online. order now!\" \/>\n<meta name=\"robots\" content=\"index, follow, max-snippet:-1, max-image-preview:large, max-video-preview:-1\" \/>\n<link rel=\"canonical\" href=\"https:\/\/legitgrams.com\/de\/produkt\/echte-qualitat-tesla-ecstasy-pillen\/\" \/>\n<meta property=\"og:locale\" content=\"de_DE\" \/>\n<meta property=\"og:type\" content=\"article\" \/>\n<meta property=\"og:title\" content=\"Buy Real Quality Tesla ecstasy Pills Online @ Best Price | LG\" \/>\n<meta property=\"og:description\" content=\"Explore our online store for real quality tesla ecstasy pills for sale, offering high-quality real quality tesla ecstasy pills. Buy real quality tesla ecstasy pills online. order now!\" \/>\n<meta property=\"og:url\" content=\"https:\/\/legitgrams.com\/de\/produkt\/echte-qualitat-tesla-ecstasy-pillen\/\" \/>\n<meta property=\"og:site_name\" content=\"Legit Grams\" \/>\n<meta property=\"article:modified_time\" content=\"2025-01-15T05:16:01+00:00\" \/>\n<meta property=\"og:image\" content=\"https:\/\/legitgrams.com\/wp-content\/uploads\/2024\/09\/buy-real-quality-tesla-ecstasy-pills-online.jpg\" \/>\n\t<meta property=\"og:image:width\" content=\"600\" \/>\n\t<meta property=\"og:image:height\" content=\"600\" \/>\n\t<meta property=\"og:image:type\" content=\"image\/jpeg\" \/>\n<meta name=\"twitter:card\" content=\"summary_large_image\" \/>\n<meta name=\"twitter:label1\" content=\"Gesch\u00e4tzte Lesezeit\" \/>\n\t<meta name=\"twitter:data1\" content=\"2\u00a0Minuten\" \/>\n<script type=\"application\/ld+json\" class=\"yoast-schema-graph\">{\"@context\":\"https:\/\/schema.org\",\"@graph\":[{\"@type\":\"WebPage\",\"@id\":\"https:\/\/legitgrams.com\/product\/real-quality-tesla-ecstasy-pills\/\",\"url\":\"https:\/\/legitgrams.com\/product\/real-quality-tesla-ecstasy-pills\/\",\"name\":\"Buy Real Quality Tesla ecstasy Pills Online @ Best Price | LG\",\"isPartOf\":{\"@id\":\"https:\/\/legitgrams.com\/#website\"},\"primaryImageOfPage\":{\"@id\":\"https:\/\/legitgrams.com\/product\/real-quality-tesla-ecstasy-pills\/#primaryimage\"},\"image\":{\"@id\":\"https:\/\/legitgrams.com\/product\/real-quality-tesla-ecstasy-pills\/#primaryimage\"},\"thumbnailUrl\":\"https:\/\/legitgrams.com\/wp-content\/uploads\/2024\/09\/buy-real-quality-tesla-ecstasy-pills-online.jpg\",\"datePublished\":\"2024-09-22T08:21:57+00:00\",\"dateModified\":\"2025-01-15T05:16:01+00:00\",\"description\":\"Explore our online store for real quality tesla ecstasy pills for sale, offering high-quality real quality tesla ecstasy pills. Buy real quality tesla ecstasy pills online. order now!\",\"breadcrumb\":{\"@id\":\"https:\/\/legitgrams.com\/product\/real-quality-tesla-ecstasy-pills\/#breadcrumb\"},\"inLanguage\":\"de\",\"potentialAction\":[{\"@type\":\"ReadAction\",\"target\":[\"https:\/\/legitgrams.com\/product\/real-quality-tesla-ecstasy-pills\/\"]}]},{\"@type\":\"ImageObject\",\"inLanguage\":\"de\",\"@id\":\"https:\/\/legitgrams.com\/product\/real-quality-tesla-ecstasy-pills\/#primaryimage\",\"url\":\"https:\/\/legitgrams.com\/wp-content\/uploads\/2024\/09\/buy-real-quality-tesla-ecstasy-pills-online.jpg\",\"contentUrl\":\"https:\/\/legitgrams.com\/wp-content\/uploads\/2024\/09\/buy-real-quality-tesla-ecstasy-pills-online.jpg\",\"width\":600,\"height\":600,\"caption\":\"real quality Tesla ecstasy pills for Sale\"},{\"@type\":\"BreadcrumbList\",\"@id\":\"https:\/\/legitgrams.com\/product\/real-quality-tesla-ecstasy-pills\/#breadcrumb\",\"itemListElement\":[{\"@type\":\"ListItem\",\"position\":1,\"name\":\"Home\",\"item\":\"https:\/\/legitgrams.com\/\"},{\"@type\":\"ListItem\",\"position\":2,\"name\":\"Shop\",\"item\":\"https:\/\/legitgrams.com\/shop\/\"},{\"@type\":\"ListItem\",\"position\":3,\"name\":\"real quality Tesla ecstasy pills\"}]},{\"@type\":\"WebSite\",\"@id\":\"https:\/\/legitgrams.com\/#website\",\"url\":\"https:\/\/legitgrams.com\/\",\"name\":\"Legit Grams\",\"description\":\"My WordPress Blog\",\"publisher\":{\"@id\":\"https:\/\/legitgrams.com\/#organization\"},\"potentialAction\":[{\"@type\":\"SearchAction\",\"target\":{\"@type\":\"EntryPoint\",\"urlTemplate\":\"https:\/\/legitgrams.com\/?s={search_term_string}\"},\"query-input\":{\"@type\":\"PropertyValueSpecification\",\"valueRequired\":true,\"valueName\":\"search_term_string\"}}],\"inLanguage\":\"de\"},{\"@type\":\"Organization\",\"@id\":\"https:\/\/legitgrams.com\/#organization\",\"name\":\"Legit Grams\",\"url\":\"https:\/\/legitgrams.com\/\",\"logo\":{\"@type\":\"ImageObject\",\"inLanguage\":\"de\",\"@id\":\"https:\/\/legitgrams.com\/#\/schema\/logo\/image\/\",\"url\":\"https:\/\/legitgrams.com\/wp-content\/uploads\/2024\/09\/main-logo.png\",\"contentUrl\":\"https:\/\/legitgrams.com\/wp-content\/uploads\/2024\/09\/main-logo.png\",\"width\":270,\"height\":75,\"caption\":\"Legit Grams\"},\"image\":{\"@id\":\"https:\/\/legitgrams.com\/#\/schema\/logo\/image\/\"}}]}<\/script>\n<!-- \/ Yoast SEO plugin. -->","yoast_head_json":{"title":"Kaufen Sie echte Qualit\u00e4t Tesla Ecstasy Pills Online @ Best Price | LG","description":"Entdecken Sie unseren Online-Shop f\u00fcr echte Tesla-Ecstasy-Pillen in Originalqualit\u00e4t. Wir bieten hochwertige Tesla-Ecstasy-Pillen in Originalqualit\u00e4t an. Kaufen Sie echte Tesla-Ecstasy-Pillen online. Jetzt bestellen!","robots":{"index":"index","follow":"follow","max-snippet":"max-snippet:-1","max-image-preview":"max-image-preview:large","max-video-preview":"max-video-preview:-1"},"canonical":"https:\/\/legitgrams.com\/de\/produkt\/echte-qualitat-tesla-ecstasy-pillen\/","og_locale":"de_DE","og_type":"article","og_title":"Buy Real Quality Tesla ecstasy Pills Online @ Best Price | LG","og_description":"Explore our online store for real quality tesla ecstasy pills for sale, offering high-quality real quality tesla ecstasy pills. Buy real quality tesla ecstasy pills online. order now!","og_url":"https:\/\/legitgrams.com\/de\/produkt\/echte-qualitat-tesla-ecstasy-pillen\/","og_site_name":"Legit Grams","article_modified_time":"2025-01-15T05:16:01+00:00","og_image":[{"width":600,"height":600,"url":"https:\/\/legitgrams.com\/wp-content\/uploads\/2024\/09\/buy-real-quality-tesla-ecstasy-pills-online.jpg","type":"image\/jpeg"}],"twitter_card":"summary_large_image","twitter_misc":{"Gesch\u00e4tzte Lesezeit":"2\u00a0Minuten"},"schema":{"@context":"https:\/\/schema.org","@graph":[{"@type":"WebPage","@id":"https:\/\/legitgrams.com\/product\/real-quality-tesla-ecstasy-pills\/","url":"https:\/\/legitgrams.com\/product\/real-quality-tesla-ecstasy-pills\/","name":"Kaufen Sie echte Qualit\u00e4t Tesla Ecstasy Pills Online @ Best Price | LG","isPartOf":{"@id":"https:\/\/legitgrams.com\/#website"},"primaryImageOfPage":{"@id":"https:\/\/legitgrams.com\/product\/real-quality-tesla-ecstasy-pills\/#primaryimage"},"image":{"@id":"https:\/\/legitgrams.com\/product\/real-quality-tesla-ecstasy-pills\/#primaryimage"},"thumbnailUrl":"https:\/\/legitgrams.com\/wp-content\/uploads\/2024\/09\/buy-real-quality-tesla-ecstasy-pills-online.jpg","datePublished":"2024-09-22T08:21:57+00:00","dateModified":"2025-01-15T05:16:01+00:00","description":"Entdecken Sie unseren Online-Shop f\u00fcr echte Tesla-Ecstasy-Pillen in Originalqualit\u00e4t. Wir bieten hochwertige Tesla-Ecstasy-Pillen in Originalqualit\u00e4t an. Kaufen Sie echte Tesla-Ecstasy-Pillen online. Jetzt bestellen!","breadcrumb":{"@id":"https:\/\/legitgrams.com\/product\/real-quality-tesla-ecstasy-pills\/#breadcrumb"},"inLanguage":"de","potentialAction":[{"@type":"ReadAction","target":["https:\/\/legitgrams.com\/product\/real-quality-tesla-ecstasy-pills\/"]}]},{"@type":"ImageObject","inLanguage":"de","@id":"https:\/\/legitgrams.com\/product\/real-quality-tesla-ecstasy-pills\/#primaryimage","url":"https:\/\/legitgrams.com\/wp-content\/uploads\/2024\/09\/buy-real-quality-tesla-ecstasy-pills-online.jpg","contentUrl":"https:\/\/legitgrams.com\/wp-content\/uploads\/2024\/09\/buy-real-quality-tesla-ecstasy-pills-online.jpg","width":600,"height":600,"caption":"real quality Tesla ecstasy pills for Sale"},{"@type":"BreadcrumbList","@id":"https:\/\/legitgrams.com\/product\/real-quality-tesla-ecstasy-pills\/#breadcrumb","itemListElement":[{"@type":"ListItem","position":1,"name":"Home","item":"https:\/\/legitgrams.com\/"},{"@type":"ListItem","position":2,"name":"Shop","item":"https:\/\/legitgrams.com\/shop\/"},{"@type":"ListItem","position":3,"name":"real quality Tesla ecstasy pills"}]},{"@type":"WebSite","@id":"https:\/\/legitgrams.com\/#website","url":"https:\/\/legitgrams.com\/","name":"Legitimer Grammwert","description":"Mein WordPress-Blog","publisher":{"@id":"https:\/\/legitgrams.com\/#organization"},"potentialAction":[{"@type":"SearchAction","target":{"@type":"EntryPoint","urlTemplate":"https:\/\/legitgrams.com\/?s={search_term_string}"},"query-input":{"@type":"PropertyValueSpecification","valueRequired":true,"valueName":"search_term_string"}}],"inLanguage":"de"},{"@type":"Organization","@id":"https:\/\/legitgrams.com\/#organization","name":"Legitimer Grammwert","url":"https:\/\/legitgrams.com\/","logo":{"@type":"ImageObject","inLanguage":"de","@id":"https:\/\/legitgrams.com\/#\/schema\/logo\/image\/","url":"https:\/\/legitgrams.com\/wp-content\/uploads\/2024\/09\/main-logo.png","contentUrl":"https:\/\/legitgrams.com\/wp-content\/uploads\/2024\/09\/main-logo.png","width":270,"height":75,"caption":"Legit Grams"},"image":{"@id":"https:\/\/legitgrams.com\/#\/schema\/logo\/image\/"}}]}},"uagb_featured_image_src":{"full":["https:\/\/legitgrams.com\/wp-content\/uploads\/2024\/09\/buy-real-quality-tesla-ecstasy-pills-online.jpg",600,600,false],"thumbnail":["https:\/\/legitgrams.com\/wp-content\/uploads\/2024\/09\/buy-real-quality-tesla-ecstasy-pills-online-150x150.jpg",150,150,true],"medium":["https:\/\/legitgrams.com\/wp-content\/uploads\/2024\/09\/buy-real-quality-tesla-ecstasy-pills-online-300x300.jpg",300,300,true],"medium_large":["https:\/\/legitgrams.com\/wp-content\/uploads\/2024\/09\/buy-real-quality-tesla-ecstasy-pills-online.jpg",600,600,false],"large":["https:\/\/legitgrams.com\/wp-content\/uploads\/2024\/09\/buy-real-quality-tesla-ecstasy-pills-online.jpg",600,600,false],"1536x1536":["https:\/\/legitgrams.com\/wp-content\/uploads\/2024\/09\/buy-real-quality-tesla-ecstasy-pills-online.jpg",600,600,false],"2048x2048":["https:\/\/legitgrams.com\/wp-content\/uploads\/2024\/09\/buy-real-quality-tesla-ecstasy-pills-online.jpg",600,600,false],"trp-custom-language-flag":["https:\/\/legitgrams.com\/wp-content\/uploads\/2024\/09\/buy-real-quality-tesla-ecstasy-pills-online-12x12.jpg",12,12,true],"woocommerce_thumbnail":["https:\/\/legitgrams.com\/wp-content\/uploads\/2024\/09\/buy-real-quality-tesla-ecstasy-pills-online-300x300.jpg",300,300,true],"woocommerce_single":["https:\/\/legitgrams.com\/wp-content\/uploads\/2024\/09\/buy-real-quality-tesla-ecstasy-pills-online.jpg",600,600,false],"woocommerce_gallery_thumbnail":["https:\/\/legitgrams.com\/wp-content\/uploads\/2024\/09\/buy-real-quality-tesla-ecstasy-pills-online-100x100.jpg",100,100,true]},"uagb_author_info":{"display_name":"cokeblog18","author_link":"https:\/\/legitgrams.com\/de\/author\/"},"uagb_comment_info":0,"uagb_excerpt":"Purchase authentic, high-quality Tesla ecstasy pills online. What is ecstasy? The synthetic psychoactive substance ecstasy (MDMA, 3,4 methylenedioxymethamphetamine) shares chemical similarities with the stimulant methamphetamine and the hallucinogen mescaline. Temporal and perceptional distortions, an increase in the enjoyment of tactile stimuli, and a stimulant impact are all caused by this illegal substance&#8217;s psychedelic and stimulant&hellip;","_links":{"self":[{"href":"https:\/\/legitgrams.com\/de\/wp-json\/wp\/v2\/product\/4276","targetHints":{"allow":["GET"]}}],"collection":[{"href":"https:\/\/legitgrams.com\/de\/wp-json\/wp\/v2\/product"}],"about":[{"href":"https:\/\/legitgrams.com\/de\/wp-json\/wp\/v2\/types\/product"}],"replies":[{"embeddable":true,"href":"https:\/\/legitgrams.com\/de\/wp-json\/wp\/v2\/comments?post=4276"}],"wp:featuredmedia":[{"embeddable":true,"href":"https:\/\/legitgrams.com\/de\/wp-json\/wp\/v2\/media\/5199"}],"wp:attachment":[{"href":"https:\/\/legitgrams.com\/de\/wp-json\/wp\/v2\/media?parent=4276"}],"wp:term":[{"taxonomy":"product_brand","embeddable":true,"href":"https:\/\/legitgrams.com\/de\/wp-json\/wp\/v2\/product_brand?post=4276"},{"taxonomy":"product_cat","embeddable":true,"href":"https:\/\/legitgrams.com\/de\/wp-json\/wp\/v2\/product_cat?post=4276"},{"taxonomy":"product_tag","embeddable":true,"href":"https:\/\/legitgrams.com\/de\/wp-json\/wp\/v2\/product_tag?post=4276"}],"curies":[{"name":"wp","href":"https:\/\/api.w.org\/{rel}","templated":true}]}}