{"id":4294,"date":"2024-09-22T09:52:35","date_gmt":"2024-09-22T09:52:35","guid":{"rendered":"https:\/\/legitgrams.com\/?post_type=product&#038;p=4294"},"modified":"2026-02-28T13:44:25","modified_gmt":"2026-02-28T13:44:25","slug":"blauer-delphin-ecstasy-pillen","status":"publish","type":"product","link":"https:\/\/legitgrams.com\/de\/produkt\/blauer-delphin-ecstasy-pillen\/","title":{"rendered":"Kaufen Sie Blue Dolphin Ecstasy-Pillen online"},"content":{"rendered":"<h2>Kaufen Sie Blue Dolphin Ecstasy-Pillen online<\/h2>\n<p>Ecstasy wurde erstmals 1912 von der Pharmafirma Merck entwickelt. Aufgrund seiner einzigartigen Struktur erhielt es den Namen \u201eMDMA\u201c. 1953 wurde es von den US-Streitkr\u00e4ften erstmals bei Tests zur psychischen Aktivit\u00e4t eingesetzt. In den 1960er Jahren wurde es f\u00fcr kurze Zeit erneut als therapeutische Methode zur \u201eHemmungsreduzierung\u201c eingesetzt.1 Als Partydroge wurde MDMA erst in den 1970er Jahren popul\u00e4r.<\/p>\n<p>Mitte der 1980er Jahre <a href=\"https:\/\/de.wikipedia.org\/wiki\/MDMA\">MDMA<\/a> Ecstasy wurde erstmals 1912 von der Pharmafirma Merck entwickelt. Aufgrund seiner einzigartigen Struktur erhielt es den Namen \u201eMDMA\u201c. 1953 wurde es von den US-Streitkr\u00e4ften erstmals bei Tests zur psychischen Aktivit\u00e4t eingesetzt. In den 1960er Jahren wurde es f\u00fcr kurze Zeit erneut als therapeutische Methode zur \u201eHemmungsreduzierung\u201c eingesetzt.1 Als Partydroge wurde MDMA erst in den 1970er Jahren popul\u00e4r.<\/p>\n<h3>Die Ekstase des blauen Delphins<\/h3>\n<p><a href=\"https:\/\/legitgrams.com\/de\/produkt\/blauer-delphin-ecstasy-pillen\/\">Doblin<\/a>, f\u00fcnfzig, ist wirklich unvorbereitet, unf\u00e4hig und unkontrollierbar; er tr\u00e4gt aufgrund seines schweren Drogenkonsums ein hohes Ma\u00df an drogenbezogener Verantwortung. Seine Worte: \u201eEs hat mein Leben erheblich bereichert.\u201c Er hat vor kurzem die Idee akzeptiert, dass Freude und andere Stimulanzien grundlegende Erfolgskriterien haben.<\/p>\n<p>Wenn Sie wirklich nach einem Unternehmen suchen, das Ihnen Produkte von h\u00f6chster Qualit\u00e4t anbieten kann, sind Sie hier richtig. Aufgrund der Vielfalt unserer Produkte k\u00f6nnen Sie bei uns die besten Optionen ausw\u00e4hlen, um Vertrauen aufzubauen und zu gewinnen. Blue Dolphin Ecstasy wird innerhalb von f\u00fcnf Werktagen zu Ihnen nach Hause geliefert, wenn Sie Ihre Verk\u00e4ufe heute t\u00e4tigen. Blue Dolphin Bliss<\/p>\n<p>Ecstasy wurde erstmals 1912 von der Pharmafirma Merck entwickelt. Aufgrund seiner einzigartigen Struktur erhielt es den Namen \u201eMDMA\u201c. 1953 wurde es von den US-Streitkr\u00e4ften erstmals bei Tests zur mentalen Aktivit\u00e4t eingesetzt. In den 1960er Jahren wurde es kurzzeitig erneut als Psychotherapiemethode eingesetzt, um \u201eHemmungen abzubauen\u201c.1 MDMA wurde erst in den 1970er Jahren popul\u00e4r.<\/p>\n<h3>Ein beliebtes Partymittel.<\/h3>\n<p>Mitte der 1980er Jahre wurde MDMA als \u201edas sch\u00e4umendste Zeug der Technik mit der Mission, durch Wissenschaft Freude zu bereiten\u201c und als \u201eIn-L\u00f6sung\u201c f\u00fcr Partys, die lange w\u00e4hren, vermarktet. Obwohl MDMA 1984 noch eine wichtige Droge war und unter dem Namen \u201eJoy\u201c verkauft wurde, war seine Verbreitung 1985 aufgrund von Sicherheitsbedenken eingeschr\u00e4nkt. <a href=\"https:\/\/legitgrams.com\/de\/\">LegitGrams<\/a><\/p>\n<p>Blaue Delfinmedikamente, blaues Delfin-Ecstasy und Medikamente, die aus blauen Delfinen gewonnen werden<\/p>\n<h3>Blauer Farbton Abmessungen: 295 mg<\/h3>\n<p>Blue Dolphin Ecstasy-Pillen k\u00f6nnen online gekauft werden. In den Vereinigten Staaten, Kanada, dem Vereinigten K\u00f6nigreich und anderen L\u00e4ndern werden Blue Dolphin Ecstasy-Pillen verkauft. Lieferanten bieten Blue Dolphin Ecstasy-Pillen an, die sicher geliefert werden. Blue Dolphin Ecstasy-Pillen sind noch erh\u00e4ltlich. Dar\u00fcber hinaus k\u00f6nnen Sie erfahren, ob sie in Kanada legal sind, wie man sie bestellt und ob sie in den Vereinigten Staaten legal sind.<\/p>","protected":false},"excerpt":{"rendered":"<p>Buy Blue Dolphin Ecstasy Pills Online Ecstasy was first created by the Merck drug relationship in 1912. It was given the name &#8220;MDMA&#8221; because to its distinct structure. In 1953, the US Armed Forces employed it for the first time in mental engagement tests. In the 1960s, it was utilized once more for a limited &hellip;<\/p>\n<p class=\"read-more\"> <a class=\"\" href=\"https:\/\/legitgrams.com\/de\/produkt\/blauer-delphin-ecstasy-pillen\/\"> <span class=\"screen-reader-text\">Kaufen Sie Blue Dolphin Ecstasy-Pillen online<\/span> Mehr lesen \"<\/a><\/p>","protected":false},"featured_media":5189,"comment_status":"open","ping_status":"closed","template":"","meta":{"_uag_custom_page_level_css":"","site-sidebar-layout":"default","site-content-layout":"default","ast-global-header-display":"","ast-main-header-display":"","ast-hfb-above-header-display":"","ast-hfb-below-header-display":"","ast-hfb-mobile-header-display":"","site-post-title":"","ast-breadcrumbs-content":"","ast-featured-img":"","footer-sml-layout":"","theme-transparent-header-meta":"default","adv-header-id-meta":"","stick-header-meta":"default","header-above-stick-meta":"","header-main-stick-meta":"","header-below-stick-meta":"","_joinchat":[]},"product_brand":[],"product_cat":[596],"product_tag":[993,983,974,978,977,985,976,988,995,996,994,986,991,617,975,990,987,982,980,992,989,625,981,984,979],"class_list":{"0":"post-4294","1":"product","2":"type-product","3":"status-publish","4":"has-post-thumbnail","6":"product_cat-ecstasy-pills-mdma","7":"product_tag-best-cheap-price-blue-dolphin-ecstasy-pills","8":"product_tag-best-place-to-buy-blue-dolphin-ecstasy-pills","9":"product_tag-blue-dolphin-ecstasy-pills","10":"product_tag-blue-dolphin-ecstasy-pills-blue-dolphin-ecstasy-pills-supplier","11":"product_tag-blue-dolphin-ecstasy-pills-for-sale","12":"product_tag-blue-dolphin-ecstasy-pills-legally","13":"product_tag-blue-dolphin-ecstasy-pills-online","14":"product_tag-blue-dolphin-ecstasy-pills-store","15":"product_tag-blue-dolphin-ecstasy-pills-use","16":"product_tag-blue-dolphin-ecstasy-pills-wiki","17":"product_tag-blue-dolphin-ecstasy-pills-worldwide","18":"product_tag-blue-dolphin-ecstasy-pillsprice","19":"product_tag-blue-dolphin-ecstasy-pillss","20":"product_tag-bulk-online","21":"product_tag-buy-blue-dolphin-ecstasy-pills","22":"product_tag-cheap-blue-dolphin-ecstasy-pills","23":"product_tag-high-quality-blue-dolphin-ecstasy-pills","24":"product_tag-how-to-buy-blue-dolphin-ecstasy-pills","25":"product_tag-order-blue-dolphin-ecstasy-pills","26":"product_tag-purcharse-blue-dolphin-ecstasy-pills","27":"product_tag-shop-blue-dolphin-ecstasy-pills","28":"product_tag-top-quality","29":"product_tag-where-to-buy-blue-dolphin-ecstasy-pills","30":"product_tag-where-to-order-blue-dolphin-ecstasy-pills","31":"product_tag-wholesale-blue-dolphin-ecstasy-pills","32":"desktop-align-left","33":"tablet-align-left","34":"mobile-align-left","35":"ast-product-gallery-layout-horizontal","36":"ast-product-gallery-with-no-image","37":"ast-product-single-variable","38":"ast-product-tabs-layout-horizontal","39":"ast-qv-on-image","41":"first","42":"instock","43":"shipping-taxable","44":"purchasable","45":"product-type-variable"},"yoast_head":"<!-- This site is optimized with the Yoast SEO plugin v25.9 - https:\/\/yoast.com\/wordpress\/plugins\/seo\/ -->\n<title>Blue Dolphin Ecstasy Pills for Sale Online - Order Blue Dolphin<\/title>\n<meta name=\"description\" content=\"Buy blue dolphin ecstasy pills online conveniently and securely, with a straightforward order process. Just place an order today for blue dolphin ecstasy pills for sale!\" \/>\n<meta name=\"robots\" content=\"index, follow, max-snippet:-1, max-image-preview:large, max-video-preview:-1\" \/>\n<link rel=\"canonical\" href=\"https:\/\/legitgrams.com\/de\/produkt\/blauer-delphin-ecstasy-pillen\/\" \/>\n<meta property=\"og:locale\" content=\"de_DE\" \/>\n<meta property=\"og:type\" content=\"article\" \/>\n<meta property=\"og:title\" content=\"Blue Dolphin Ecstasy Pills for Sale Online - Order Blue Dolphin\" \/>\n<meta property=\"og:description\" content=\"Buy blue dolphin ecstasy pills online conveniently and securely, with a straightforward order process. Just place an order today for blue dolphin ecstasy pills for sale!\" \/>\n<meta property=\"og:url\" content=\"https:\/\/legitgrams.com\/de\/produkt\/blauer-delphin-ecstasy-pillen\/\" \/>\n<meta property=\"og:site_name\" content=\"Legit Grams\" \/>\n<meta property=\"article:modified_time\" content=\"2026-02-28T13:44:25+00:00\" \/>\n<meta property=\"og:image\" content=\"https:\/\/legitgrams.com\/wp-content\/uploads\/2024\/09\/buy-blue-dolphin-ecstasy-pills-online.jpg\" \/>\n\t<meta property=\"og:image:width\" content=\"600\" \/>\n\t<meta property=\"og:image:height\" content=\"600\" \/>\n\t<meta property=\"og:image:type\" content=\"image\/jpeg\" \/>\n<meta name=\"twitter:card\" content=\"summary_large_image\" \/>\n<meta name=\"twitter:label1\" content=\"Gesch\u00e4tzte Lesezeit\" \/>\n\t<meta name=\"twitter:data1\" content=\"3\u00a0Minuten\" \/>\n<script type=\"application\/ld+json\" class=\"yoast-schema-graph\">{\"@context\":\"https:\/\/schema.org\",\"@graph\":[{\"@type\":\"WebPage\",\"@id\":\"https:\/\/legitgrams.com\/product\/blue-dolphin-ecstasy-pills\/\",\"url\":\"https:\/\/legitgrams.com\/product\/blue-dolphin-ecstasy-pills\/\",\"name\":\"Blue Dolphin Ecstasy Pills for Sale Online - Order Blue Dolphin\",\"isPartOf\":{\"@id\":\"https:\/\/legitgrams.com\/#website\"},\"primaryImageOfPage\":{\"@id\":\"https:\/\/legitgrams.com\/product\/blue-dolphin-ecstasy-pills\/#primaryimage\"},\"image\":{\"@id\":\"https:\/\/legitgrams.com\/product\/blue-dolphin-ecstasy-pills\/#primaryimage\"},\"thumbnailUrl\":\"https:\/\/legitgrams.com\/wp-content\/uploads\/2024\/09\/buy-blue-dolphin-ecstasy-pills-online.jpg\",\"datePublished\":\"2024-09-22T09:52:35+00:00\",\"dateModified\":\"2026-02-28T13:44:25+00:00\",\"description\":\"Buy blue dolphin ecstasy pills online conveniently and securely, with a straightforward order process. Just place an order today for blue dolphin ecstasy pills for sale!\",\"breadcrumb\":{\"@id\":\"https:\/\/legitgrams.com\/product\/blue-dolphin-ecstasy-pills\/#breadcrumb\"},\"inLanguage\":\"de\",\"potentialAction\":[{\"@type\":\"ReadAction\",\"target\":[\"https:\/\/legitgrams.com\/product\/blue-dolphin-ecstasy-pills\/\"]}]},{\"@type\":\"ImageObject\",\"inLanguage\":\"de\",\"@id\":\"https:\/\/legitgrams.com\/product\/blue-dolphin-ecstasy-pills\/#primaryimage\",\"url\":\"https:\/\/legitgrams.com\/wp-content\/uploads\/2024\/09\/buy-blue-dolphin-ecstasy-pills-online.jpg\",\"contentUrl\":\"https:\/\/legitgrams.com\/wp-content\/uploads\/2024\/09\/buy-blue-dolphin-ecstasy-pills-online.jpg\",\"width\":600,\"height\":600,\"caption\":\"Blue Dolphin Ecstasy Pills for Sale\"},{\"@type\":\"BreadcrumbList\",\"@id\":\"https:\/\/legitgrams.com\/product\/blue-dolphin-ecstasy-pills\/#breadcrumb\",\"itemListElement\":[{\"@type\":\"ListItem\",\"position\":1,\"name\":\"Home\",\"item\":\"https:\/\/legitgrams.com\/\"},{\"@type\":\"ListItem\",\"position\":2,\"name\":\"Shop\",\"item\":\"https:\/\/legitgrams.com\/shop\/\"},{\"@type\":\"ListItem\",\"position\":3,\"name\":\"Buy Blue Dolphin Ecstasy Pills Online\"}]},{\"@type\":\"WebSite\",\"@id\":\"https:\/\/legitgrams.com\/#website\",\"url\":\"https:\/\/legitgrams.com\/\",\"name\":\"Legit Grams\",\"description\":\"My WordPress Blog\",\"publisher\":{\"@id\":\"https:\/\/legitgrams.com\/#organization\"},\"potentialAction\":[{\"@type\":\"SearchAction\",\"target\":{\"@type\":\"EntryPoint\",\"urlTemplate\":\"https:\/\/legitgrams.com\/?s={search_term_string}\"},\"query-input\":{\"@type\":\"PropertyValueSpecification\",\"valueRequired\":true,\"valueName\":\"search_term_string\"}}],\"inLanguage\":\"de\"},{\"@type\":\"Organization\",\"@id\":\"https:\/\/legitgrams.com\/#organization\",\"name\":\"Legit Grams\",\"url\":\"https:\/\/legitgrams.com\/\",\"logo\":{\"@type\":\"ImageObject\",\"inLanguage\":\"de\",\"@id\":\"https:\/\/legitgrams.com\/#\/schema\/logo\/image\/\",\"url\":\"https:\/\/legitgrams.com\/wp-content\/uploads\/2024\/09\/main-logo.png\",\"contentUrl\":\"https:\/\/legitgrams.com\/wp-content\/uploads\/2024\/09\/main-logo.png\",\"width\":270,\"height\":75,\"caption\":\"Legit Grams\"},\"image\":{\"@id\":\"https:\/\/legitgrams.com\/#\/schema\/logo\/image\/\"}}]}<\/script>\n<!-- \/ Yoast SEO plugin. -->","yoast_head_json":{"title":"Blue Dolphin Ecstasy Pills zum Verkauf online - Blue Dolphin bestellen","description":"Kaufen Sie blaue Delphin-Ecstasy-Pillen bequem und sicher online, mit einem unkomplizierten Bestellvorgang. Bestellen Sie noch heute blaue Delphin-Ecstasy-Pillen zum Verkauf!","robots":{"index":"index","follow":"follow","max-snippet":"max-snippet:-1","max-image-preview":"max-image-preview:large","max-video-preview":"max-video-preview:-1"},"canonical":"https:\/\/legitgrams.com\/de\/produkt\/blauer-delphin-ecstasy-pillen\/","og_locale":"de_DE","og_type":"article","og_title":"Blue Dolphin Ecstasy Pills for Sale Online - Order Blue Dolphin","og_description":"Buy blue dolphin ecstasy pills online conveniently and securely, with a straightforward order process. Just place an order today for blue dolphin ecstasy pills for sale!","og_url":"https:\/\/legitgrams.com\/de\/produkt\/blauer-delphin-ecstasy-pillen\/","og_site_name":"Legit Grams","article_modified_time":"2026-02-28T13:44:25+00:00","og_image":[{"width":600,"height":600,"url":"https:\/\/legitgrams.com\/wp-content\/uploads\/2024\/09\/buy-blue-dolphin-ecstasy-pills-online.jpg","type":"image\/jpeg"}],"twitter_card":"summary_large_image","twitter_misc":{"Gesch\u00e4tzte Lesezeit":"3\u00a0Minuten"},"schema":{"@context":"https:\/\/schema.org","@graph":[{"@type":"WebPage","@id":"https:\/\/legitgrams.com\/product\/blue-dolphin-ecstasy-pills\/","url":"https:\/\/legitgrams.com\/product\/blue-dolphin-ecstasy-pills\/","name":"Blue Dolphin Ecstasy Pills zum Verkauf online - Blue Dolphin bestellen","isPartOf":{"@id":"https:\/\/legitgrams.com\/#website"},"primaryImageOfPage":{"@id":"https:\/\/legitgrams.com\/product\/blue-dolphin-ecstasy-pills\/#primaryimage"},"image":{"@id":"https:\/\/legitgrams.com\/product\/blue-dolphin-ecstasy-pills\/#primaryimage"},"thumbnailUrl":"https:\/\/legitgrams.com\/wp-content\/uploads\/2024\/09\/buy-blue-dolphin-ecstasy-pills-online.jpg","datePublished":"2024-09-22T09:52:35+00:00","dateModified":"2026-02-28T13:44:25+00:00","description":"Kaufen Sie blaue Delphin-Ecstasy-Pillen bequem und sicher online, mit einem unkomplizierten Bestellvorgang. Bestellen Sie noch heute blaue Delphin-Ecstasy-Pillen zum Verkauf!","breadcrumb":{"@id":"https:\/\/legitgrams.com\/product\/blue-dolphin-ecstasy-pills\/#breadcrumb"},"inLanguage":"de","potentialAction":[{"@type":"ReadAction","target":["https:\/\/legitgrams.com\/product\/blue-dolphin-ecstasy-pills\/"]}]},{"@type":"ImageObject","inLanguage":"de","@id":"https:\/\/legitgrams.com\/product\/blue-dolphin-ecstasy-pills\/#primaryimage","url":"https:\/\/legitgrams.com\/wp-content\/uploads\/2024\/09\/buy-blue-dolphin-ecstasy-pills-online.jpg","contentUrl":"https:\/\/legitgrams.com\/wp-content\/uploads\/2024\/09\/buy-blue-dolphin-ecstasy-pills-online.jpg","width":600,"height":600,"caption":"Blue Dolphin Ecstasy Pills for Sale"},{"@type":"BreadcrumbList","@id":"https:\/\/legitgrams.com\/product\/blue-dolphin-ecstasy-pills\/#breadcrumb","itemListElement":[{"@type":"ListItem","position":1,"name":"Home","item":"https:\/\/legitgrams.com\/"},{"@type":"ListItem","position":2,"name":"Shop","item":"https:\/\/legitgrams.com\/shop\/"},{"@type":"ListItem","position":3,"name":"Buy Blue Dolphin Ecstasy Pills Online"}]},{"@type":"WebSite","@id":"https:\/\/legitgrams.com\/#website","url":"https:\/\/legitgrams.com\/","name":"Legitimer Grammwert","description":"Mein WordPress-Blog","publisher":{"@id":"https:\/\/legitgrams.com\/#organization"},"potentialAction":[{"@type":"SearchAction","target":{"@type":"EntryPoint","urlTemplate":"https:\/\/legitgrams.com\/?s={search_term_string}"},"query-input":{"@type":"PropertyValueSpecification","valueRequired":true,"valueName":"search_term_string"}}],"inLanguage":"de"},{"@type":"Organization","@id":"https:\/\/legitgrams.com\/#organization","name":"Legitimer Grammwert","url":"https:\/\/legitgrams.com\/","logo":{"@type":"ImageObject","inLanguage":"de","@id":"https:\/\/legitgrams.com\/#\/schema\/logo\/image\/","url":"https:\/\/legitgrams.com\/wp-content\/uploads\/2024\/09\/main-logo.png","contentUrl":"https:\/\/legitgrams.com\/wp-content\/uploads\/2024\/09\/main-logo.png","width":270,"height":75,"caption":"Legit Grams"},"image":{"@id":"https:\/\/legitgrams.com\/#\/schema\/logo\/image\/"}}]}},"uagb_featured_image_src":{"full":["https:\/\/legitgrams.com\/wp-content\/uploads\/2024\/09\/buy-blue-dolphin-ecstasy-pills-online.jpg",600,600,false],"thumbnail":["https:\/\/legitgrams.com\/wp-content\/uploads\/2024\/09\/buy-blue-dolphin-ecstasy-pills-online-150x150.jpg",150,150,true],"medium":["https:\/\/legitgrams.com\/wp-content\/uploads\/2024\/09\/buy-blue-dolphin-ecstasy-pills-online-300x300.jpg",300,300,true],"medium_large":["https:\/\/legitgrams.com\/wp-content\/uploads\/2024\/09\/buy-blue-dolphin-ecstasy-pills-online.jpg",600,600,false],"large":["https:\/\/legitgrams.com\/wp-content\/uploads\/2024\/09\/buy-blue-dolphin-ecstasy-pills-online.jpg",600,600,false],"1536x1536":["https:\/\/legitgrams.com\/wp-content\/uploads\/2024\/09\/buy-blue-dolphin-ecstasy-pills-online.jpg",600,600,false],"2048x2048":["https:\/\/legitgrams.com\/wp-content\/uploads\/2024\/09\/buy-blue-dolphin-ecstasy-pills-online.jpg",600,600,false],"trp-custom-language-flag":["https:\/\/legitgrams.com\/wp-content\/uploads\/2024\/09\/buy-blue-dolphin-ecstasy-pills-online-12x12.jpg",12,12,true],"woocommerce_thumbnail":["https:\/\/legitgrams.com\/wp-content\/uploads\/2024\/09\/buy-blue-dolphin-ecstasy-pills-online-300x300.jpg",300,300,true],"woocommerce_single":["https:\/\/legitgrams.com\/wp-content\/uploads\/2024\/09\/buy-blue-dolphin-ecstasy-pills-online.jpg",600,600,false],"woocommerce_gallery_thumbnail":["https:\/\/legitgrams.com\/wp-content\/uploads\/2024\/09\/buy-blue-dolphin-ecstasy-pills-online-100x100.jpg",100,100,true]},"uagb_author_info":{"display_name":"cokeblog18","author_link":"https:\/\/legitgrams.com\/de\/author\/"},"uagb_comment_info":0,"uagb_excerpt":"Buy Blue Dolphin Ecstasy Pills Online Ecstasy was first created by the Merck drug relationship in 1912. It was given the name &#8220;MDMA&#8221; because to its distinct structure. In 1953, the US Armed Forces employed it for the first time in mental engagement tests. In the 1960s, it was utilized once more for a limited&hellip;","_links":{"self":[{"href":"https:\/\/legitgrams.com\/de\/wp-json\/wp\/v2\/product\/4294","targetHints":{"allow":["GET"]}}],"collection":[{"href":"https:\/\/legitgrams.com\/de\/wp-json\/wp\/v2\/product"}],"about":[{"href":"https:\/\/legitgrams.com\/de\/wp-json\/wp\/v2\/types\/product"}],"replies":[{"embeddable":true,"href":"https:\/\/legitgrams.com\/de\/wp-json\/wp\/v2\/comments?post=4294"}],"wp:featuredmedia":[{"embeddable":true,"href":"https:\/\/legitgrams.com\/de\/wp-json\/wp\/v2\/media\/5189"}],"wp:attachment":[{"href":"https:\/\/legitgrams.com\/de\/wp-json\/wp\/v2\/media?parent=4294"}],"wp:term":[{"taxonomy":"product_brand","embeddable":true,"href":"https:\/\/legitgrams.com\/de\/wp-json\/wp\/v2\/product_brand?post=4294"},{"taxonomy":"product_cat","embeddable":true,"href":"https:\/\/legitgrams.com\/de\/wp-json\/wp\/v2\/product_cat?post=4294"},{"taxonomy":"product_tag","embeddable":true,"href":"https:\/\/legitgrams.com\/de\/wp-json\/wp\/v2\/product_tag?post=4294"}],"curies":[{"name":"wp","href":"https:\/\/api.w.org\/{rel}","templated":true}]}}