{"id":4308,"date":"2024-09-22T10:23:42","date_gmt":"2024-09-22T10:23:42","guid":{"rendered":"https:\/\/legitgrams.com\/?post_type=product&#038;p=4308"},"modified":"2026-02-26T12:21:25","modified_gmt":"2026-02-26T12:21:25","slug":"peruanisches-kokain-92-rein","status":"publish","type":"product","link":"https:\/\/legitgrams.com\/de\/produkt\/peruanisches-kokain-92-rein\/","title":{"rendered":"Reines peruanisches Kokain 92% online kaufen"},"content":{"rendered":"<h2>peruanisches Kokain mit 92 % Reinheit online kaufen<\/h2>\n<p>Ausz\u00fcge aus <a href=\"https:\/\/legitgrams.com\/de\/produkt\/peruanisches-kokain-92-rein\/\">Peruanisches Kokain<\/a> aus der Coca-Pflanze hergestellt. Zahlreiche westliche L\u00e4nder, wie Kolumbien, Bolivien, Peru usw., d\u00fcngen diese Pflanze. In Peru befindet sich jedoch die wichtigste Kokainquelle. Das liegt an den zahlreichen Verwendungsm\u00f6glichkeiten im t\u00e4glichen Leben und an seiner Reinheit.<\/p>\n<p>Dar\u00fcber hinaus verwenden mehrere Unternehmen dieses Produkt allein oder die Bl\u00e4tter der Pflanze, um andere gew\u00fcnschte Produkte herzustellen. Coca-Cola, der ber\u00fchmteste Hersteller von Erfrischungsgetr\u00e4nken, verwendete diese Bl\u00e4tter bis 1903 in seiner Produktion. In vielen anderen Produkten werden sie noch immer verwendet, um die Wirkung des Produkts zu verst\u00e4rken.<\/p>\n<h3>Kokainkonsum in Peru<\/h3>\n<p>Peruanisches Kokain geh\u00f6rt zu den saubersten Kokainquellen der Welt. Es wird als Stimulans verwendet, um die Produktion bestimmter Hormone im Gehirn zu steigern und die Krankheit zu behandeln.<\/p>\n<p>Aufgrund seiner Reinheit wird es zu den hochpotenten Medikamenten gez\u00e4hlt, die Kokain enthalten. Die Welt kennt es auch wegen seiner psychedelischen Eigenschaften. Es ist eine \u00e4u\u00dferst hilfreiche Eigenschaft f\u00fcr Menschen in einer Vielzahl von Situationen und hilft bei der Erholung von Schocks jeglicher Art. <a href=\"https:\/\/legitgrams.com\/de\/\">LegitGrams<\/a><\/p>\n<h3>Peruanisches Kokain f\u00fcr medizinische Zwecke<\/h3>\n<p>Das peruanische Kokain bietet mehrere Vorteile im Bereich der Medizin. Daher wird es von \u00c4rzten verschrieben und in zahlreichen Medikamenten zur Behandlung verschiedener Krankheiten eingesetzt.<\/p>\n<p>Bei der Behandlung von Patienten, die depressiv sind und unter anderen Formen von Schmerzen leiden, setzen \u00c4rzte dieses Medikament ein. In Bars und Tanzclubs wird es nicht nur von medizinischen Fachleuten, sondern auch von normalen Menschen verwendet.<\/p>\n<p>Seine F\u00e4higkeit, den menschlichen K\u00f6rper zu entspannen, macht es bei jungen Menschen zu einem beliebten Mittel, um sich zu entspannen. Kokain ist in Peru f\u00fcr jedermann frei zug\u00e4nglich und kann online gekauft und verkauft werden.<\/p>\n<p>Dar\u00fcber hinaus bietet unser Online-Shop die schnellstm\u00f6gliche Lieferung der Produkte direkt zu Ihnen nach Hause, und das zu extrem g\u00fcnstigen Kosten. Auch bieten wir die h\u00f6chste Kaliber Soda online.<\/p>\n<p>Kauf von 92% reinem peruanischem Kokain - Kauf von 92% reinem Kokain <a href=\"https:\/\/en.wikipedia.org\/wiki\/Cocaine\">Kokain<\/a>, Kauf von peruanischem Kokain online, Wo kann man 92% reines peruanisches Kokain kaufen, 92% reines peruanisches Kokain zum Verkauf, Kauf von peruanischem Kokain online, Wo kann man peruanisches Kokain online kaufen, 92% reines peruanisches Kokain zum Verkauf in den USA, Kanada, Gro\u00dfbritannien, Kaufen, Online, Lieferanten, Sichere Lieferung, 92% reines peruanisches Kokain ist noch erh\u00e4ltlich. Ist es legal, 92% reines peruanisches Kokain online in den Vereinigten Staaten zu kaufen? Wie kann ich 92% reines peruanisches Kokain bestellen? Ist 92% reines peruanisches Kokain in Kanada erlaubt?<\/p>\n<p>&nbsp;<\/p>","protected":false},"excerpt":{"rendered":"<p>Purchase Peruvian Cocaine 92% Pure Online Extracts of Peruvian cocaine made from the Coca plant. Numerous Western nations, like Colombia, Bolivia, Peru, etc., fertilize this plant. But Peru is home to the most significant source of cocaine. This is because of its many applications in daily life and its purity. Furthermore, several companies employ this &hellip;<\/p>\n<p class=\"read-more\"> <a class=\"\" href=\"https:\/\/legitgrams.com\/de\/produkt\/peruanisches-kokain-92-rein\/\"> <span class=\"screen-reader-text\">Reines peruanisches Kokain 92% online kaufen<\/span> Mehr lesen \"<\/a><\/p>","protected":false},"featured_media":5437,"comment_status":"open","ping_status":"closed","template":"","meta":{"_uag_custom_page_level_css":"","site-sidebar-layout":"default","site-content-layout":"default","ast-global-header-display":"","ast-main-header-display":"","ast-hfb-above-header-display":"","ast-hfb-below-header-display":"","ast-hfb-mobile-header-display":"","site-post-title":"","ast-breadcrumbs-content":"","ast-featured-img":"","footer-sml-layout":"","theme-transparent-header-meta":"default","adv-header-id-meta":"","stick-header-meta":"default","header-above-stick-meta":"","header-main-stick-meta":"","header-below-stick-meta":"","_joinchat":[]},"product_brand":[],"product_cat":[70],"product_tag":[681,671,617,662,678,675,670,667,661,685,673,668,683,684,682,664,663,665,674,679,676,680,677,625,669,672,666],"class_list":{"0":"post-4308","1":"product","2":"type-product","3":"status-publish","4":"has-post-thumbnail","6":"product_cat-cocaine","7":"product_tag-best-cheap-price-peruvian-cocaine-92-pure","8":"product_tag-best-place-to-buy-peruvian-cocaine-92-pure","9":"product_tag-bulk-online","10":"product_tag-buy-peruvian-cocaine-92-pure","11":"product_tag-cheap-peruvian-cocaine-92-pure","12":"product_tag-high-quality-peruvian-cocaine-92-pure","13":"product_tag-how-to-buy-peruvian-cocaine-92-pure","14":"product_tag-order-peruvian-cocaine-92-pure","15":"product_tag-peruvian-cocaine-92-pure","16":"product_tag-peruvian-cocaine-92-pure-for-sale","17":"product_tag-peruvian-cocaine-92-pure-legally","18":"product_tag-peruvian-cocaine-92-pure-online","19":"product_tag-peruvian-cocaine-92-pure-use","20":"product_tag-peruvian-cocaine-92-pure-wiki","21":"product_tag-peruvian-cocaine-92-pure-worldwide","22":"product_tag-peruvian-cocaine-92-purefor-sale","23":"product_tag-peruvian-cocaine-92-pureonline","24":"product_tag-peruvian-cocaine-92-pureperuvian-cocaine-92-puresupplier","25":"product_tag-peruvian-cocaine-92-pureprice","26":"product_tag-peruvian-cocaine-92-pures","27":"product_tag-peruvian-cocaine-92-purestore","28":"product_tag-purcharse-peruvian-cocaine-92-pure","29":"product_tag-shop-peruvian-cocaine-92-pure","30":"product_tag-top-quality","31":"product_tag-where-to-buy-peruvian-cocaine-92-pure","32":"product_tag-where-to-order-peruvian-cocaine-92-pure","33":"product_tag-wholesale-peruvian-cocaine-92-pure","34":"desktop-align-left","35":"tablet-align-left","36":"mobile-align-left","37":"ast-product-gallery-layout-horizontal","38":"ast-product-gallery-with-no-image","39":"ast-product-single-variable","40":"ast-product-tabs-layout-horizontal","41":"ast-qv-on-image","43":"first","44":"instock","45":"shipping-taxable","46":"purchasable","47":"product-type-variable"},"yoast_head":"<!-- This site is optimized with the Yoast SEO plugin v25.9 - https:\/\/yoast.com\/wordpress\/plugins\/seo\/ -->\n<title>Peruvian Cocaine 92% Pure for Sale - Order Peruvian Cocaine<\/title>\n<meta name=\"description\" content=\"Looking to further your research? Buy Peruvian Cocaine 92% Pure conveniently and securely online, with a straightforward ordering process for Peruvian Cocaine 92% Pure for sale. Explore the possibilities and buy Peruvian Cocaine 92% Pure online for your research endeavors today.\" \/>\n<meta name=\"robots\" content=\"index, follow, max-snippet:-1, max-image-preview:large, max-video-preview:-1\" \/>\n<link rel=\"canonical\" href=\"https:\/\/legitgrams.com\/de\/produkt\/peruanisches-kokain-92-rein\/\" \/>\n<meta property=\"og:locale\" content=\"de_DE\" \/>\n<meta property=\"og:type\" content=\"article\" \/>\n<meta property=\"og:title\" content=\"Peruvian Cocaine 92% Pure for Sale - Order Peruvian Cocaine\" \/>\n<meta property=\"og:description\" content=\"Looking to further your research? Buy Peruvian Cocaine 92% Pure conveniently and securely online, with a straightforward ordering process for Peruvian Cocaine 92% Pure for sale. Explore the possibilities and buy Peruvian Cocaine 92% Pure online for your research endeavors today.\" \/>\n<meta property=\"og:url\" content=\"https:\/\/legitgrams.com\/de\/produkt\/peruanisches-kokain-92-rein\/\" \/>\n<meta property=\"og:site_name\" content=\"Legit Grams\" \/>\n<meta property=\"article:modified_time\" content=\"2026-02-26T12:21:25+00:00\" \/>\n<meta property=\"og:image\" content=\"https:\/\/legitgrams.com\/wp-content\/uploads\/2024\/09\/buy-peruvian-cocaine-92-pure-1.jpg\" \/>\n\t<meta property=\"og:image:width\" content=\"600\" \/>\n\t<meta property=\"og:image:height\" content=\"600\" \/>\n\t<meta property=\"og:image:type\" content=\"image\/jpeg\" \/>\n<meta name=\"twitter:card\" content=\"summary_large_image\" \/>\n<meta name=\"twitter:label1\" content=\"Gesch\u00e4tzte Lesezeit\" \/>\n\t<meta name=\"twitter:data1\" content=\"2\u00a0Minuten\" \/>\n<script type=\"application\/ld+json\" class=\"yoast-schema-graph\">{\"@context\":\"https:\/\/schema.org\",\"@graph\":[{\"@type\":\"WebPage\",\"@id\":\"https:\/\/legitgrams.com\/product\/peruvian-cocaine-92-pure\/\",\"url\":\"https:\/\/legitgrams.com\/product\/peruvian-cocaine-92-pure\/\",\"name\":\"Peruvian Cocaine 92% Pure for Sale - Order Peruvian Cocaine\",\"isPartOf\":{\"@id\":\"https:\/\/legitgrams.com\/#website\"},\"primaryImageOfPage\":{\"@id\":\"https:\/\/legitgrams.com\/product\/peruvian-cocaine-92-pure\/#primaryimage\"},\"image\":{\"@id\":\"https:\/\/legitgrams.com\/product\/peruvian-cocaine-92-pure\/#primaryimage\"},\"thumbnailUrl\":\"https:\/\/legitgrams.com\/wp-content\/uploads\/2024\/09\/buy-peruvian-cocaine-92-pure-1.jpg\",\"datePublished\":\"2024-09-22T10:23:42+00:00\",\"dateModified\":\"2026-02-26T12:21:25+00:00\",\"description\":\"Looking to further your research? Buy Peruvian Cocaine 92% Pure conveniently and securely online, with a straightforward ordering process for Peruvian Cocaine 92% Pure for sale. Explore the possibilities and buy Peruvian Cocaine 92% Pure online for your research endeavors today.\",\"breadcrumb\":{\"@id\":\"https:\/\/legitgrams.com\/product\/peruvian-cocaine-92-pure\/#breadcrumb\"},\"inLanguage\":\"de\",\"potentialAction\":[{\"@type\":\"ReadAction\",\"target\":[\"https:\/\/legitgrams.com\/product\/peruvian-cocaine-92-pure\/\"]}]},{\"@type\":\"ImageObject\",\"inLanguage\":\"de\",\"@id\":\"https:\/\/legitgrams.com\/product\/peruvian-cocaine-92-pure\/#primaryimage\",\"url\":\"https:\/\/legitgrams.com\/wp-content\/uploads\/2024\/09\/buy-peruvian-cocaine-92-pure-1.jpg\",\"contentUrl\":\"https:\/\/legitgrams.com\/wp-content\/uploads\/2024\/09\/buy-peruvian-cocaine-92-pure-1.jpg\",\"width\":600,\"height\":600,\"caption\":\"Buy Peruvian Cocaine 92% Pure Online\"},{\"@type\":\"BreadcrumbList\",\"@id\":\"https:\/\/legitgrams.com\/product\/peruvian-cocaine-92-pure\/#breadcrumb\",\"itemListElement\":[{\"@type\":\"ListItem\",\"position\":1,\"name\":\"Home\",\"item\":\"https:\/\/legitgrams.com\/\"},{\"@type\":\"ListItem\",\"position\":2,\"name\":\"Shop\",\"item\":\"https:\/\/legitgrams.com\/shop\/\"},{\"@type\":\"ListItem\",\"position\":3,\"name\":\"Buy Peruvian Cocaine 92% Pure Online\"}]},{\"@type\":\"WebSite\",\"@id\":\"https:\/\/legitgrams.com\/#website\",\"url\":\"https:\/\/legitgrams.com\/\",\"name\":\"Legit Grams\",\"description\":\"My WordPress Blog\",\"publisher\":{\"@id\":\"https:\/\/legitgrams.com\/#organization\"},\"potentialAction\":[{\"@type\":\"SearchAction\",\"target\":{\"@type\":\"EntryPoint\",\"urlTemplate\":\"https:\/\/legitgrams.com\/?s={search_term_string}\"},\"query-input\":{\"@type\":\"PropertyValueSpecification\",\"valueRequired\":true,\"valueName\":\"search_term_string\"}}],\"inLanguage\":\"de\"},{\"@type\":\"Organization\",\"@id\":\"https:\/\/legitgrams.com\/#organization\",\"name\":\"Legit Grams\",\"url\":\"https:\/\/legitgrams.com\/\",\"logo\":{\"@type\":\"ImageObject\",\"inLanguage\":\"de\",\"@id\":\"https:\/\/legitgrams.com\/#\/schema\/logo\/image\/\",\"url\":\"https:\/\/legitgrams.com\/wp-content\/uploads\/2024\/09\/main-logo.png\",\"contentUrl\":\"https:\/\/legitgrams.com\/wp-content\/uploads\/2024\/09\/main-logo.png\",\"width\":270,\"height\":75,\"caption\":\"Legit Grams\"},\"image\":{\"@id\":\"https:\/\/legitgrams.com\/#\/schema\/logo\/image\/\"}}]}<\/script>\n<!-- \/ Yoast SEO plugin. -->","yoast_head_json":{"title":"Peruanisches Kokain 92% Pure zu verkaufen - Peruanisches Kokain bestellen","description":"M\u00f6chten Sie Ihre Forschung vorantreiben? Kaufen Sie Peruvian Cocaine 92% Pure bequem und sicher online, mit einem unkomplizierten Bestellprozess f\u00fcr Peruvian Cocaine 92% Pure zum Verkauf. Entdecken Sie die M\u00f6glichkeiten und kaufen Sie Peruvian Cocaine 92% Pure noch heute online f\u00fcr Ihre Forschungsvorhaben.","robots":{"index":"index","follow":"follow","max-snippet":"max-snippet:-1","max-image-preview":"max-image-preview:large","max-video-preview":"max-video-preview:-1"},"canonical":"https:\/\/legitgrams.com\/de\/produkt\/peruanisches-kokain-92-rein\/","og_locale":"de_DE","og_type":"article","og_title":"Peruvian Cocaine 92% Pure for Sale - Order Peruvian Cocaine","og_description":"Looking to further your research? Buy Peruvian Cocaine 92% Pure conveniently and securely online, with a straightforward ordering process for Peruvian Cocaine 92% Pure for sale. Explore the possibilities and buy Peruvian Cocaine 92% Pure online for your research endeavors today.","og_url":"https:\/\/legitgrams.com\/de\/produkt\/peruanisches-kokain-92-rein\/","og_site_name":"Legit Grams","article_modified_time":"2026-02-26T12:21:25+00:00","og_image":[{"width":600,"height":600,"url":"https:\/\/legitgrams.com\/wp-content\/uploads\/2024\/09\/buy-peruvian-cocaine-92-pure-1.jpg","type":"image\/jpeg"}],"twitter_card":"summary_large_image","twitter_misc":{"Gesch\u00e4tzte Lesezeit":"2\u00a0Minuten"},"schema":{"@context":"https:\/\/schema.org","@graph":[{"@type":"WebPage","@id":"https:\/\/legitgrams.com\/product\/peruvian-cocaine-92-pure\/","url":"https:\/\/legitgrams.com\/product\/peruvian-cocaine-92-pure\/","name":"Peruanisches Kokain 92% Pure zu verkaufen - Peruanisches Kokain bestellen","isPartOf":{"@id":"https:\/\/legitgrams.com\/#website"},"primaryImageOfPage":{"@id":"https:\/\/legitgrams.com\/product\/peruvian-cocaine-92-pure\/#primaryimage"},"image":{"@id":"https:\/\/legitgrams.com\/product\/peruvian-cocaine-92-pure\/#primaryimage"},"thumbnailUrl":"https:\/\/legitgrams.com\/wp-content\/uploads\/2024\/09\/buy-peruvian-cocaine-92-pure-1.jpg","datePublished":"2024-09-22T10:23:42+00:00","dateModified":"2026-02-26T12:21:25+00:00","description":"M\u00f6chten Sie Ihre Forschung vorantreiben? Kaufen Sie Peruvian Cocaine 92% Pure bequem und sicher online, mit einem unkomplizierten Bestellprozess f\u00fcr Peruvian Cocaine 92% Pure zum Verkauf. Entdecken Sie die M\u00f6glichkeiten und kaufen Sie Peruvian Cocaine 92% Pure noch heute online f\u00fcr Ihre Forschungsvorhaben.","breadcrumb":{"@id":"https:\/\/legitgrams.com\/product\/peruvian-cocaine-92-pure\/#breadcrumb"},"inLanguage":"de","potentialAction":[{"@type":"ReadAction","target":["https:\/\/legitgrams.com\/product\/peruvian-cocaine-92-pure\/"]}]},{"@type":"ImageObject","inLanguage":"de","@id":"https:\/\/legitgrams.com\/product\/peruvian-cocaine-92-pure\/#primaryimage","url":"https:\/\/legitgrams.com\/wp-content\/uploads\/2024\/09\/buy-peruvian-cocaine-92-pure-1.jpg","contentUrl":"https:\/\/legitgrams.com\/wp-content\/uploads\/2024\/09\/buy-peruvian-cocaine-92-pure-1.jpg","width":600,"height":600,"caption":"Buy Peruvian Cocaine 92% Pure Online"},{"@type":"BreadcrumbList","@id":"https:\/\/legitgrams.com\/product\/peruvian-cocaine-92-pure\/#breadcrumb","itemListElement":[{"@type":"ListItem","position":1,"name":"Home","item":"https:\/\/legitgrams.com\/"},{"@type":"ListItem","position":2,"name":"Shop","item":"https:\/\/legitgrams.com\/shop\/"},{"@type":"ListItem","position":3,"name":"Buy Peruvian Cocaine 92% Pure Online"}]},{"@type":"WebSite","@id":"https:\/\/legitgrams.com\/#website","url":"https:\/\/legitgrams.com\/","name":"Legitimer Grammwert","description":"Mein WordPress-Blog","publisher":{"@id":"https:\/\/legitgrams.com\/#organization"},"potentialAction":[{"@type":"SearchAction","target":{"@type":"EntryPoint","urlTemplate":"https:\/\/legitgrams.com\/?s={search_term_string}"},"query-input":{"@type":"PropertyValueSpecification","valueRequired":true,"valueName":"search_term_string"}}],"inLanguage":"de"},{"@type":"Organization","@id":"https:\/\/legitgrams.com\/#organization","name":"Legitimer Grammwert","url":"https:\/\/legitgrams.com\/","logo":{"@type":"ImageObject","inLanguage":"de","@id":"https:\/\/legitgrams.com\/#\/schema\/logo\/image\/","url":"https:\/\/legitgrams.com\/wp-content\/uploads\/2024\/09\/main-logo.png","contentUrl":"https:\/\/legitgrams.com\/wp-content\/uploads\/2024\/09\/main-logo.png","width":270,"height":75,"caption":"Legit Grams"},"image":{"@id":"https:\/\/legitgrams.com\/#\/schema\/logo\/image\/"}}]}},"uagb_featured_image_src":{"full":["https:\/\/legitgrams.com\/wp-content\/uploads\/2024\/09\/buy-peruvian-cocaine-92-pure-1.jpg",600,600,false],"thumbnail":["https:\/\/legitgrams.com\/wp-content\/uploads\/2024\/09\/buy-peruvian-cocaine-92-pure-1-150x150.jpg",150,150,true],"medium":["https:\/\/legitgrams.com\/wp-content\/uploads\/2024\/09\/buy-peruvian-cocaine-92-pure-1-300x300.jpg",300,300,true],"medium_large":["https:\/\/legitgrams.com\/wp-content\/uploads\/2024\/09\/buy-peruvian-cocaine-92-pure-1.jpg",600,600,false],"large":["https:\/\/legitgrams.com\/wp-content\/uploads\/2024\/09\/buy-peruvian-cocaine-92-pure-1.jpg",600,600,false],"1536x1536":["https:\/\/legitgrams.com\/wp-content\/uploads\/2024\/09\/buy-peruvian-cocaine-92-pure-1.jpg",600,600,false],"2048x2048":["https:\/\/legitgrams.com\/wp-content\/uploads\/2024\/09\/buy-peruvian-cocaine-92-pure-1.jpg",600,600,false],"trp-custom-language-flag":["https:\/\/legitgrams.com\/wp-content\/uploads\/2024\/09\/buy-peruvian-cocaine-92-pure-1-12x12.jpg",12,12,true],"woocommerce_thumbnail":["https:\/\/legitgrams.com\/wp-content\/uploads\/2024\/09\/buy-peruvian-cocaine-92-pure-1-300x300.jpg",300,300,true],"woocommerce_single":["https:\/\/legitgrams.com\/wp-content\/uploads\/2024\/09\/buy-peruvian-cocaine-92-pure-1.jpg",600,600,false],"woocommerce_gallery_thumbnail":["https:\/\/legitgrams.com\/wp-content\/uploads\/2024\/09\/buy-peruvian-cocaine-92-pure-1-100x100.jpg",100,100,true]},"uagb_author_info":{"display_name":"cokeblog18","author_link":"https:\/\/legitgrams.com\/de\/author\/"},"uagb_comment_info":0,"uagb_excerpt":"Purchase Peruvian Cocaine 92% Pure Online Extracts of Peruvian cocaine made from the Coca plant. Numerous Western nations, like Colombia, Bolivia, Peru, etc., fertilize this plant. But Peru is home to the most significant source of cocaine. This is because of its many applications in daily life and its purity. Furthermore, several companies employ this&hellip;","_links":{"self":[{"href":"https:\/\/legitgrams.com\/de\/wp-json\/wp\/v2\/product\/4308","targetHints":{"allow":["GET"]}}],"collection":[{"href":"https:\/\/legitgrams.com\/de\/wp-json\/wp\/v2\/product"}],"about":[{"href":"https:\/\/legitgrams.com\/de\/wp-json\/wp\/v2\/types\/product"}],"replies":[{"embeddable":true,"href":"https:\/\/legitgrams.com\/de\/wp-json\/wp\/v2\/comments?post=4308"}],"wp:featuredmedia":[{"embeddable":true,"href":"https:\/\/legitgrams.com\/de\/wp-json\/wp\/v2\/media\/5437"}],"wp:attachment":[{"href":"https:\/\/legitgrams.com\/de\/wp-json\/wp\/v2\/media?parent=4308"}],"wp:term":[{"taxonomy":"product_brand","embeddable":true,"href":"https:\/\/legitgrams.com\/de\/wp-json\/wp\/v2\/product_brand?post=4308"},{"taxonomy":"product_cat","embeddable":true,"href":"https:\/\/legitgrams.com\/de\/wp-json\/wp\/v2\/product_cat?post=4308"},{"taxonomy":"product_tag","embeddable":true,"href":"https:\/\/legitgrams.com\/de\/wp-json\/wp\/v2\/product_tag?post=4308"}],"curies":[{"name":"wp","href":"https:\/\/api.w.org\/{rel}","templated":true}]}}