{"id":4309,"date":"2024-09-22T10:19:12","date_gmt":"2024-09-22T10:19:12","guid":{"rendered":"https:\/\/legitgrams.com\/?post_type=product&#038;p=4309"},"modified":"2026-02-26T12:31:36","modified_gmt":"2026-02-26T12:31:36","slug":"volkswagen-kokain-90-rein","status":"publish","type":"product","link":"https:\/\/legitgrams.com\/de\/produkt\/volkswagen-kokain-90-rein\/","title":{"rendered":"Buy Volkswagen Cocaine 90% pure Online"},"content":{"rendered":"<h2>Volkswagen-Kokain online kaufen<\/h2>\n<p>Die Bestandteile von Volkswagen-Kokain bestehen zu fast 70-90% aus reinem Kokain. Es geh\u00f6rt zu den Kokainsorten, die in der heutigen Welt typischerweise zu finden sind. In vielen F\u00e4llen wirkt dieses Kokain als Blocker oder Schmerzmittel.<\/p>\n<p>Eine der am h\u00e4ufigsten verwendeten psychotropen Substanzen, sowohl im medizinischen als auch im nichtmedizinischen Bereich, ist <a href=\"https:\/\/en.wikipedia.org\/wiki\/Volkswagen\">Volkswagen<\/a> Kokain. In bestimmten Situationen hat Volkswagen Kokain auch stimulierende Eigenschaften. Aus diesem Grund wird es bei der Herstellung verschiedener Pharmazeutika und Medikamente verwendet.<\/p>\n<h3>Wie Volkswagen Kokain wirkt<\/h3>\n<p>W\u00e4hrend die Menge an reinem Kokain in jeder Sorte variiert, sind bestimmte Kokain-Sorten vorteilhafter als andere. Auch Volkswagen Kokain ist f\u00fcr den menschlichen K\u00f6rper in vielerlei Hinsicht n\u00fctzlich.<\/p>\n<p>Dieses extrem reine Material wird f\u00fcr eine pr\u00e4zise und schnelle Arbeit verwendet. Dieses Kokain wirkt sofort auf das zentrale Nervensystem. Bestimmte chemische Hormone, die zur Schmerzlinderung eingesetzt werden, werden durch dieses Kokain stimuliert.<\/p>\n<p>Es verbessert auch die Freisetzung bestimmter Neurotransmitter aus dem Gehirn. In bestimmten F\u00e4llen setzt es jedoch auch selbst Chemikalien frei, um den Schmerz zu bek\u00e4mpfen. Da es als Entspannungsmittel wirkt, k\u00f6nnen Schmerzen jeglicher Art gelindert werden. Die Menschen erfahren dadurch eine Linderung ihrer Schmerzen. <a href=\"https:\/\/legitgrams.com\/de\/\">LegitGrams<\/a><\/p>\n<p>Diese Pro-Droge kann auch verwendet werden, um das Problem der Schlaflosigkeit zu l\u00f6sen. Sein Inhalt enth\u00e4lt eine kleine Menge an Medikamenten, die den Schlaf f\u00f6rdern.<\/p>\n<p>Volkswagen-Kokain wird nicht nur verschrieben, sondern auch von normalen Menschen in Tanzclubs f\u00fcr viele Zwecke verwendet. Die Konsumenten berichteten, dass sie sich nach dem Konsum dieses Medikaments wacher und lebhafter f\u00fchlten, allerdings nur vor\u00fcbergehend.<\/p>\n<p>Volkswagen Kokain ist eine sehr reine Droge, was bedeutet, dass ein l\u00e4ngerer Konsum gesundheitssch\u00e4dlich sein kann. Daher sollte es nur in \u00dcbereinstimmung mit den Bed\u00fcrfnissen des menschlichen K\u00f6rpers verwendet werden.<\/p>\n<p>Volkswagen Kokain ist auch f\u00fcr den Kauf zu einem sehr g\u00fcnstigen Preis von unserem Web-Shop zur Verf\u00fcgung. Mit unserem Versandservice k\u00f6nnen Sie Ihren Artikel schnell erhalten. Unsere Chemiker haben daf\u00fcr gesorgt, dass die Lagerungsbedingungen so beschaffen sind, dass sich die Reinheit des Kokains durch keinen Faktor ver\u00e4ndern kann.<\/p>\n<p><a href=\"https:\/\/legitgrams.com\/de\/produkt\/volkswagen-kokain-90-rein\/\">VW-Kokain online kaufen<\/a> 90% Pure - Purchase VW Cocaine, Purchase VW Cocaine Online 90% Pure, Purchase VW Cocaine Online, Where to Purchase VW Cocaine Online 90% Pure, Where to Purchase VW Cocaine Online 90% Pure, Purchase VW Cocaine Online 90% Pure, Kaufen Sie VW Kokain Online 90% Pure, Kaufen Sie VW Kokain Online, Wo kaufen Sie VW Kokain Online, Kaufen Sie VW Kokain Online 90% Pure zum Verkauf in USA, Kanada, UK, Kaufen, Online, Lieferanten, Sichere Lieferung, 90% reines Volkswagen Kokain ist noch online verf\u00fcgbar. Ist es legal, 90% reines Volkswagen-Kokain online in den Vereinigten Staaten zu kaufen? Wie kann ich 90% reines Volkswagen Kokain online bestellen? Ist 90% reines Volkswagen Kokain Online legal in Kanada?<\/p>","protected":false},"excerpt":{"rendered":"<p>Purchase Volkswagen Cocaine Online Nearly 70\u201390% pure cocaine makes up Volkswagen cocaine&#8217;s components. It is ranked among the varieties of cocaine that are typically found in today&#8217;s world. In many circumstances, this cocaine works as a blocker or a pain reliever. One of the most psychotropic substances utilized in both medical and non-medical contexts is &hellip;<\/p>\n<p class=\"read-more\"> <a class=\"\" href=\"https:\/\/legitgrams.com\/de\/produkt\/volkswagen-kokain-90-rein\/\"> <span class=\"screen-reader-text\">Buy Volkswagen Cocaine 90% pure Online<\/span> Mehr lesen \"<\/a><\/p>","protected":false},"featured_media":5332,"comment_status":"open","ping_status":"closed","template":"","meta":{"_uag_custom_page_level_css":"","site-sidebar-layout":"default","site-content-layout":"default","ast-global-header-display":"","ast-main-header-display":"","ast-hfb-above-header-display":"","ast-hfb-below-header-display":"","ast-hfb-mobile-header-display":"","site-post-title":"","ast-breadcrumbs-content":"","ast-featured-img":"","footer-sml-layout":"","theme-transparent-header-meta":"default","adv-header-id-meta":"","stick-header-meta":"default","header-above-stick-meta":"","header-main-stick-meta":"","header-below-stick-meta":"","_joinchat":[]},"product_brand":[],"product_cat":[70],"product_tag":[970,960,617,952,967,964,959,957,969,966,625,951,954,962,953,965,972,955,973,971,963,968,958,961,956],"class_list":{"0":"post-4309","1":"product","2":"type-product","3":"status-publish","4":"has-post-thumbnail","6":"product_cat-cocaine","7":"product_tag-best-cheap-price-volkswagen-cocaine-90-pure","8":"product_tag-best-place-to-buy-volkswagen-cocaine-90-pure","9":"product_tag-bulk-online","10":"product_tag-buy-volkswagen-cocaine-90-pure","11":"product_tag-cheap-volkswagen-cocaine-90-pure","12":"product_tag-high-quality-volkswagen-cocaine-90-pure","13":"product_tag-how-to-buy-volkswagen-cocaine-90-pure","14":"product_tag-order-volkswagen-cocaine-90-pure","15":"product_tag-purcharse-volkswagen-cocaine-90-pure","16":"product_tag-shop-volkswagen-cocaine-90-pure","17":"product_tag-top-quality","18":"product_tag-volkswagen-cocaine-90-pure","19":"product_tag-volkswagen-cocaine-90-pure-for-sale","20":"product_tag-volkswagen-cocaine-90-pure-legally","21":"product_tag-volkswagen-cocaine-90-pure-online","22":"product_tag-volkswagen-cocaine-90-pure-store","23":"product_tag-volkswagen-cocaine-90-pure-use","24":"product_tag-volkswagen-cocaine-90-pure-volkswagen-cocaine-90-pure-supplier","25":"product_tag-volkswagen-cocaine-90-pure-wiki","26":"product_tag-volkswagen-cocaine-90-pure-worldwide","27":"product_tag-volkswagen-cocaine-90-pureprice","28":"product_tag-volkswagen-cocaine-90-pures","29":"product_tag-where-to-buy-volkswagen-cocaine-90-pure","30":"product_tag-where-to-order-volkswagen-cocaine-90-pure","31":"product_tag-wholesale-volkswagen-cocaine-90-pure","32":"desktop-align-left","33":"tablet-align-left","34":"mobile-align-left","35":"ast-product-gallery-layout-horizontal","36":"ast-product-gallery-with-no-image","37":"ast-product-single-variable","38":"ast-product-tabs-layout-horizontal","39":"ast-qv-on-image","41":"first","42":"instock","43":"shipping-taxable","44":"purchasable","45":"product-type-variable"},"yoast_head":"<!-- This site is optimized with the Yoast SEO plugin v25.9 - https:\/\/yoast.com\/wordpress\/plugins\/seo\/ -->\n<title>Volkswagen Cocaine for Sale - Buy Volkswagen Cocaine Online<\/title>\n<meta name=\"description\" content=\"Looking to further your research? buy volkswagen cocaine 90% pure conveniently and securely online, with a straightforward ordering process for volkswagen cocaine powder for sale.\" \/>\n<meta name=\"robots\" content=\"index, follow, max-snippet:-1, max-image-preview:large, max-video-preview:-1\" \/>\n<link rel=\"canonical\" href=\"https:\/\/legitgrams.com\/de\/produkt\/volkswagen-kokain-90-rein\/\" \/>\n<meta property=\"og:locale\" content=\"de_DE\" \/>\n<meta property=\"og:type\" content=\"article\" \/>\n<meta property=\"og:title\" content=\"Volkswagen Cocaine for Sale - Buy Volkswagen Cocaine Online\" \/>\n<meta property=\"og:description\" content=\"Looking to further your research? buy volkswagen cocaine 90% pure conveniently and securely online, with a straightforward ordering process for volkswagen cocaine powder for sale.\" \/>\n<meta property=\"og:url\" content=\"https:\/\/legitgrams.com\/de\/produkt\/volkswagen-kokain-90-rein\/\" \/>\n<meta property=\"og:site_name\" content=\"Legit Grams\" \/>\n<meta property=\"article:modified_time\" content=\"2026-02-26T12:31:36+00:00\" \/>\n<meta property=\"og:image\" content=\"https:\/\/legitgrams.com\/wp-content\/uploads\/2024\/09\/buy-volkswagen-cocaine-online-90-pure-1.jpg\" \/>\n\t<meta property=\"og:image:width\" content=\"600\" \/>\n\t<meta property=\"og:image:height\" content=\"600\" \/>\n\t<meta property=\"og:image:type\" content=\"image\/jpeg\" \/>\n<meta name=\"twitter:card\" content=\"summary_large_image\" \/>\n<meta name=\"twitter:label1\" content=\"Gesch\u00e4tzte Lesezeit\" \/>\n\t<meta name=\"twitter:data1\" content=\"3\u00a0Minuten\" \/>\n<script type=\"application\/ld+json\" class=\"yoast-schema-graph\">{\"@context\":\"https:\/\/schema.org\",\"@graph\":[{\"@type\":\"WebPage\",\"@id\":\"https:\/\/legitgrams.com\/product\/volkswagen-cocaine-90-pure\/\",\"url\":\"https:\/\/legitgrams.com\/product\/volkswagen-cocaine-90-pure\/\",\"name\":\"Volkswagen Cocaine for Sale - Buy Volkswagen Cocaine Online\",\"isPartOf\":{\"@id\":\"https:\/\/legitgrams.com\/#website\"},\"primaryImageOfPage\":{\"@id\":\"https:\/\/legitgrams.com\/product\/volkswagen-cocaine-90-pure\/#primaryimage\"},\"image\":{\"@id\":\"https:\/\/legitgrams.com\/product\/volkswagen-cocaine-90-pure\/#primaryimage\"},\"thumbnailUrl\":\"https:\/\/legitgrams.com\/wp-content\/uploads\/2024\/09\/buy-volkswagen-cocaine-online-90-pure-1.jpg\",\"datePublished\":\"2024-09-22T10:19:12+00:00\",\"dateModified\":\"2026-02-26T12:31:36+00:00\",\"description\":\"Looking to further your research? buy volkswagen cocaine 90% pure conveniently and securely online, with a straightforward ordering process for volkswagen cocaine powder for sale.\",\"breadcrumb\":{\"@id\":\"https:\/\/legitgrams.com\/product\/volkswagen-cocaine-90-pure\/#breadcrumb\"},\"inLanguage\":\"de\",\"potentialAction\":[{\"@type\":\"ReadAction\",\"target\":[\"https:\/\/legitgrams.com\/product\/volkswagen-cocaine-90-pure\/\"]}]},{\"@type\":\"ImageObject\",\"inLanguage\":\"de\",\"@id\":\"https:\/\/legitgrams.com\/product\/volkswagen-cocaine-90-pure\/#primaryimage\",\"url\":\"https:\/\/legitgrams.com\/wp-content\/uploads\/2024\/09\/buy-volkswagen-cocaine-online-90-pure-1.jpg\",\"contentUrl\":\"https:\/\/legitgrams.com\/wp-content\/uploads\/2024\/09\/buy-volkswagen-cocaine-online-90-pure-1.jpg\",\"width\":600,\"height\":600,\"caption\":\"Volkswagen Cocaine for Sale\"},{\"@type\":\"BreadcrumbList\",\"@id\":\"https:\/\/legitgrams.com\/product\/volkswagen-cocaine-90-pure\/#breadcrumb\",\"itemListElement\":[{\"@type\":\"ListItem\",\"position\":1,\"name\":\"Home\",\"item\":\"https:\/\/legitgrams.com\/\"},{\"@type\":\"ListItem\",\"position\":2,\"name\":\"Shop\",\"item\":\"https:\/\/legitgrams.com\/shop\/\"},{\"@type\":\"ListItem\",\"position\":3,\"name\":\"Buy Volkswagen Cocaine 90% pure Online\"}]},{\"@type\":\"WebSite\",\"@id\":\"https:\/\/legitgrams.com\/#website\",\"url\":\"https:\/\/legitgrams.com\/\",\"name\":\"Legit Grams\",\"description\":\"My WordPress Blog\",\"publisher\":{\"@id\":\"https:\/\/legitgrams.com\/#organization\"},\"potentialAction\":[{\"@type\":\"SearchAction\",\"target\":{\"@type\":\"EntryPoint\",\"urlTemplate\":\"https:\/\/legitgrams.com\/?s={search_term_string}\"},\"query-input\":{\"@type\":\"PropertyValueSpecification\",\"valueRequired\":true,\"valueName\":\"search_term_string\"}}],\"inLanguage\":\"de\"},{\"@type\":\"Organization\",\"@id\":\"https:\/\/legitgrams.com\/#organization\",\"name\":\"Legit Grams\",\"url\":\"https:\/\/legitgrams.com\/\",\"logo\":{\"@type\":\"ImageObject\",\"inLanguage\":\"de\",\"@id\":\"https:\/\/legitgrams.com\/#\/schema\/logo\/image\/\",\"url\":\"https:\/\/legitgrams.com\/wp-content\/uploads\/2024\/09\/main-logo.png\",\"contentUrl\":\"https:\/\/legitgrams.com\/wp-content\/uploads\/2024\/09\/main-logo.png\",\"width\":270,\"height\":75,\"caption\":\"Legit Grams\"},\"image\":{\"@id\":\"https:\/\/legitgrams.com\/#\/schema\/logo\/image\/\"}}]}<\/script>\n<!-- \/ Yoast SEO plugin. -->","yoast_head_json":{"title":"Volkswagen Kokain zu verkaufen \u2013 Volkswagen Kokain online kaufen","description":"M\u00f6chten Sie weiter recherchieren? Kaufen Sie volkswagen cocaine 90% pure bequem und sicher online, mit einem unkomplizierten Bestellvorgang f\u00fcr volkswagen cocaine powder for sale.","robots":{"index":"index","follow":"follow","max-snippet":"max-snippet:-1","max-image-preview":"max-image-preview:large","max-video-preview":"max-video-preview:-1"},"canonical":"https:\/\/legitgrams.com\/de\/produkt\/volkswagen-kokain-90-rein\/","og_locale":"de_DE","og_type":"article","og_title":"Volkswagen Cocaine for Sale - Buy Volkswagen Cocaine Online","og_description":"Looking to further your research? buy volkswagen cocaine 90% pure conveniently and securely online, with a straightforward ordering process for volkswagen cocaine powder for sale.","og_url":"https:\/\/legitgrams.com\/de\/produkt\/volkswagen-kokain-90-rein\/","og_site_name":"Legit Grams","article_modified_time":"2026-02-26T12:31:36+00:00","og_image":[{"width":600,"height":600,"url":"https:\/\/legitgrams.com\/wp-content\/uploads\/2024\/09\/buy-volkswagen-cocaine-online-90-pure-1.jpg","type":"image\/jpeg"}],"twitter_card":"summary_large_image","twitter_misc":{"Gesch\u00e4tzte Lesezeit":"3\u00a0Minuten"},"schema":{"@context":"https:\/\/schema.org","@graph":[{"@type":"WebPage","@id":"https:\/\/legitgrams.com\/product\/volkswagen-cocaine-90-pure\/","url":"https:\/\/legitgrams.com\/product\/volkswagen-cocaine-90-pure\/","name":"Volkswagen Kokain zu verkaufen \u2013 Volkswagen Kokain online kaufen","isPartOf":{"@id":"https:\/\/legitgrams.com\/#website"},"primaryImageOfPage":{"@id":"https:\/\/legitgrams.com\/product\/volkswagen-cocaine-90-pure\/#primaryimage"},"image":{"@id":"https:\/\/legitgrams.com\/product\/volkswagen-cocaine-90-pure\/#primaryimage"},"thumbnailUrl":"https:\/\/legitgrams.com\/wp-content\/uploads\/2024\/09\/buy-volkswagen-cocaine-online-90-pure-1.jpg","datePublished":"2024-09-22T10:19:12+00:00","dateModified":"2026-02-26T12:31:36+00:00","description":"M\u00f6chten Sie weiter recherchieren? Kaufen Sie volkswagen cocaine 90% pure bequem und sicher online, mit einem unkomplizierten Bestellvorgang f\u00fcr volkswagen cocaine powder for sale.","breadcrumb":{"@id":"https:\/\/legitgrams.com\/product\/volkswagen-cocaine-90-pure\/#breadcrumb"},"inLanguage":"de","potentialAction":[{"@type":"ReadAction","target":["https:\/\/legitgrams.com\/product\/volkswagen-cocaine-90-pure\/"]}]},{"@type":"ImageObject","inLanguage":"de","@id":"https:\/\/legitgrams.com\/product\/volkswagen-cocaine-90-pure\/#primaryimage","url":"https:\/\/legitgrams.com\/wp-content\/uploads\/2024\/09\/buy-volkswagen-cocaine-online-90-pure-1.jpg","contentUrl":"https:\/\/legitgrams.com\/wp-content\/uploads\/2024\/09\/buy-volkswagen-cocaine-online-90-pure-1.jpg","width":600,"height":600,"caption":"Volkswagen Cocaine for Sale"},{"@type":"BreadcrumbList","@id":"https:\/\/legitgrams.com\/product\/volkswagen-cocaine-90-pure\/#breadcrumb","itemListElement":[{"@type":"ListItem","position":1,"name":"Home","item":"https:\/\/legitgrams.com\/"},{"@type":"ListItem","position":2,"name":"Shop","item":"https:\/\/legitgrams.com\/shop\/"},{"@type":"ListItem","position":3,"name":"Buy Volkswagen Cocaine 90% pure Online"}]},{"@type":"WebSite","@id":"https:\/\/legitgrams.com\/#website","url":"https:\/\/legitgrams.com\/","name":"Legitimer Grammwert","description":"Mein WordPress-Blog","publisher":{"@id":"https:\/\/legitgrams.com\/#organization"},"potentialAction":[{"@type":"SearchAction","target":{"@type":"EntryPoint","urlTemplate":"https:\/\/legitgrams.com\/?s={search_term_string}"},"query-input":{"@type":"PropertyValueSpecification","valueRequired":true,"valueName":"search_term_string"}}],"inLanguage":"de"},{"@type":"Organization","@id":"https:\/\/legitgrams.com\/#organization","name":"Legitimer Grammwert","url":"https:\/\/legitgrams.com\/","logo":{"@type":"ImageObject","inLanguage":"de","@id":"https:\/\/legitgrams.com\/#\/schema\/logo\/image\/","url":"https:\/\/legitgrams.com\/wp-content\/uploads\/2024\/09\/main-logo.png","contentUrl":"https:\/\/legitgrams.com\/wp-content\/uploads\/2024\/09\/main-logo.png","width":270,"height":75,"caption":"Legit Grams"},"image":{"@id":"https:\/\/legitgrams.com\/#\/schema\/logo\/image\/"}}]}},"uagb_featured_image_src":{"full":["https:\/\/legitgrams.com\/wp-content\/uploads\/2024\/09\/buy-volkswagen-cocaine-online-90-pure-1.jpg",600,600,false],"thumbnail":["https:\/\/legitgrams.com\/wp-content\/uploads\/2024\/09\/buy-volkswagen-cocaine-online-90-pure-1-150x150.jpg",150,150,true],"medium":["https:\/\/legitgrams.com\/wp-content\/uploads\/2024\/09\/buy-volkswagen-cocaine-online-90-pure-1-300x300.jpg",300,300,true],"medium_large":["https:\/\/legitgrams.com\/wp-content\/uploads\/2024\/09\/buy-volkswagen-cocaine-online-90-pure-1.jpg",600,600,false],"large":["https:\/\/legitgrams.com\/wp-content\/uploads\/2024\/09\/buy-volkswagen-cocaine-online-90-pure-1.jpg",600,600,false],"1536x1536":["https:\/\/legitgrams.com\/wp-content\/uploads\/2024\/09\/buy-volkswagen-cocaine-online-90-pure-1.jpg",600,600,false],"2048x2048":["https:\/\/legitgrams.com\/wp-content\/uploads\/2024\/09\/buy-volkswagen-cocaine-online-90-pure-1.jpg",600,600,false],"trp-custom-language-flag":["https:\/\/legitgrams.com\/wp-content\/uploads\/2024\/09\/buy-volkswagen-cocaine-online-90-pure-1-12x12.jpg",12,12,true],"woocommerce_thumbnail":["https:\/\/legitgrams.com\/wp-content\/uploads\/2024\/09\/buy-volkswagen-cocaine-online-90-pure-1-300x300.jpg",300,300,true],"woocommerce_single":["https:\/\/legitgrams.com\/wp-content\/uploads\/2024\/09\/buy-volkswagen-cocaine-online-90-pure-1.jpg",600,600,false],"woocommerce_gallery_thumbnail":["https:\/\/legitgrams.com\/wp-content\/uploads\/2024\/09\/buy-volkswagen-cocaine-online-90-pure-1-100x100.jpg",100,100,true]},"uagb_author_info":{"display_name":"cokeblog18","author_link":"https:\/\/legitgrams.com\/de\/author\/"},"uagb_comment_info":0,"uagb_excerpt":"Purchase Volkswagen Cocaine Online Nearly 70\u201390% pure cocaine makes up Volkswagen cocaine&#8217;s components. It is ranked among the varieties of cocaine that are typically found in today&#8217;s world. In many circumstances, this cocaine works as a blocker or a pain reliever. One of the most psychotropic substances utilized in both medical and non-medical contexts is&hellip;","_links":{"self":[{"href":"https:\/\/legitgrams.com\/de\/wp-json\/wp\/v2\/product\/4309","targetHints":{"allow":["GET"]}}],"collection":[{"href":"https:\/\/legitgrams.com\/de\/wp-json\/wp\/v2\/product"}],"about":[{"href":"https:\/\/legitgrams.com\/de\/wp-json\/wp\/v2\/types\/product"}],"replies":[{"embeddable":true,"href":"https:\/\/legitgrams.com\/de\/wp-json\/wp\/v2\/comments?post=4309"}],"wp:featuredmedia":[{"embeddable":true,"href":"https:\/\/legitgrams.com\/de\/wp-json\/wp\/v2\/media\/5332"}],"wp:attachment":[{"href":"https:\/\/legitgrams.com\/de\/wp-json\/wp\/v2\/media?parent=4309"}],"wp:term":[{"taxonomy":"product_brand","embeddable":true,"href":"https:\/\/legitgrams.com\/de\/wp-json\/wp\/v2\/product_brand?post=4309"},{"taxonomy":"product_cat","embeddable":true,"href":"https:\/\/legitgrams.com\/de\/wp-json\/wp\/v2\/product_cat?post=4309"},{"taxonomy":"product_tag","embeddable":true,"href":"https:\/\/legitgrams.com\/de\/wp-json\/wp\/v2\/product_tag?post=4309"}],"curies":[{"name":"wp","href":"https:\/\/api.w.org\/{rel}","templated":true}]}}