{"id":4310,"date":"2024-09-22T10:20:55","date_gmt":"2024-09-22T10:20:55","guid":{"rendered":"https:\/\/legitgrams.com\/?post_type=product&#038;p=4310"},"modified":"2026-02-26T12:28:36","modified_gmt":"2026-02-26T12:28:36","slug":"buy-colombian-cocaine-96-pure-online","status":"publish","type":"product","link":"https:\/\/legitgrams.com\/de\/produkt\/buy-colombian-cocaine-96-pure-online\/","title":{"rendered":"Buy Colombian Cocaine 96% Pure Online"},"content":{"rendered":"<h2>96 % reines kolumbianisches Kokain online kaufen<\/h2>\n<p>Kolumbianisches Kokain ist eine der bekanntesten und vorteilhaftesten Kokainsorten weltweit. Kolumbien ist eines der L\u00e4nder, das das reinste Kokain der Welt liefert.<\/p>\n<p>In Kolumbien wurde das erste Kokain zwischen 1960 und 1970 hergestellt. Zu dieser Zeit gab es in den Vereinigten Staaten keine legale Methode zur Herstellung von Kokain. Die <a href=\"https:\/\/legitgrams.com\/de\/produkt\/buy-colombian-cocaine-96-pure-online\/\">Kolumbianer<\/a> begann, die Pflanzen zu d\u00fcngen, die die reinste Art von Kokain produzierten.<\/p>\n<p>Sie begannen, Kokain zu sehr g\u00fcnstigen Preisen in der ganzen Welt zu verkaufen. Aufgrund der zahlreichen Anwendungsm\u00f6glichkeiten und der Reinheit des Kokains wurde es von vielen Menschen gekauft.<\/p>\n<p>Eine der reinsten Arten von Kokain auf der Welt ist <a href=\"https:\/\/en.wikipedia.org\/wiki\/Cocaine\">Kolumbianisches Kokain-96<\/a> rein. Sein enormes Potenzial f\u00fcr die Wirkung auf den menschlichen K\u00f6rper ergibt sich aus seiner Reinheit. Es wirkt auch auf das zentrale Nervensystem, um die gew\u00fcnschte Wirkung zu erzielen, genau wie andere Arten von Kokain.<\/p>\n<p>Es wirkt jedoch viel schneller als andere Arten von Kokain. Es erm\u00f6glicht dem K\u00f6rper, sich zu entspannen, indem es die Probleme des Lebens ausl\u00f6scht. Es erm\u00f6glicht dem K\u00f6rper, die richtige Art von Schlaf zu finden, der den Geist beruhigt.<\/p>\n<p>\u00c4rzte verwenden auch reines kolumbianisches Kokain-96, indem sie es mit verschiedenen gesundheitsf\u00f6rdernden Substanzen kombinieren. Dies wird von den Menschen zur Behandlung einer Vielzahl von Krankheiten, einschlie\u00dflich Angstzust\u00e4nden und Verzweiflung, eingesetzt. <a href=\"https:\/\/legitgrams.com\/de\/\">LegitGrams<\/a><\/p>\n<p>Es wird auch eingesetzt, um Beschwerden jeglicher Art zu lindern. Dies bezieht sich auf Schmerzen, die durch chronische Krankheiten oder durch pl\u00f6tzliche Vorf\u00e4lle entstehen k\u00f6nnen. Um Abhilfe zu schaffen, verschreiben die \u00c4rzte dieses Medikament als Medizin. Der weit verbreitete Gebrauch von Colombian Cocaine-96 ist auf diese Eigenschaften zur\u00fcckzuf\u00fchren.<\/p>\n<p>In unserem Online-Shop bieten wir eine gro\u00dfe Auswahl an Pro-Drogen, Pharmazeutika und Medikamenten an. Au\u00dferdem verkaufen wir reines kolumbianisches Kokain-96 zu \u00e4u\u00dferst wettbewerbsf\u00e4higen Preisen. Au\u00dferdem bieten wir prompten Warenversand aus unserem Gesch\u00e4ft. Die besten K2 Badesalze sind auch hier erh\u00e4ltlich.<\/p>","protected":false},"excerpt":{"rendered":"<p>Purchase 96% Pure Colombian Cocaine Online Colombian cocaine is one of the most well-known and advantageous types of cocaine available worldwide. One of the countries that supplies the most pure cocaine in the world is Colombia. In Colombia, the first cocaine was produced between 1960 and 1970. At the time, there was no legal method &hellip;<\/p>\n<p class=\"read-more\"> <a class=\"\" href=\"https:\/\/legitgrams.com\/de\/produkt\/buy-colombian-cocaine-96-pure-online\/\"> <span class=\"screen-reader-text\">Buy Colombian Cocaine 96% Pure Online<\/span> Mehr lesen \"<\/a><\/p>","protected":false},"featured_media":5331,"comment_status":"open","ping_status":"closed","template":"","meta":{"_uag_custom_page_level_css":"","site-sidebar-layout":"default","site-content-layout":"default","ast-global-header-display":"","ast-main-header-display":"","ast-hfb-above-header-display":"","ast-hfb-below-header-display":"","ast-hfb-mobile-header-display":"","site-post-title":"","ast-breadcrumbs-content":"","ast-featured-img":"","footer-sml-layout":"","theme-transparent-header-meta":"default","adv-header-id-meta":"","stick-header-meta":"default","header-above-stick-meta":"","header-main-stick-meta":"","header-below-stick-meta":"","_joinchat":[]},"product_brand":[],"product_cat":[70],"product_tag":[706,696,617,687,703,700,695,692,705,686,710,698,693,708,709,707,689,688,699,690,704,701,702,625,694,697,691],"class_list":{"0":"post-4310","1":"product","2":"type-product","3":"status-publish","4":"has-post-thumbnail","6":"product_cat-cocaine","7":"product_tag-best-cheap-price-pure-colombian-cocaine-96-pure","8":"product_tag-best-place-to-buy-pure-colombian-cocaine-96-pure","9":"product_tag-bulk-online","10":"product_tag-buy-pure-colombian-cocaine-96-pure","11":"product_tag-cheap-pure-colombian-cocaine-96-pure","12":"product_tag-high-quality-pure-colombian-cocaine-96-pure","13":"product_tag-how-to-buy-pure-colombian-cocaine-96-pure","14":"product_tag-order-pure-colombian-cocaine-96-pure","15":"product_tag-purcharse-pure-colombian-cocaine-96-pure","16":"product_tag-pure-colombian-cocaine-96-pure","17":"product_tag-pure-colombian-cocaine-96-pure-for-sale","18":"product_tag-pure-colombian-cocaine-96-pure-legally","19":"product_tag-pure-colombian-cocaine-96-pure-online","20":"product_tag-pure-colombian-cocaine-96-pure-use","21":"product_tag-pure-colombian-cocaine-96-pure-wiki","22":"product_tag-pure-colombian-cocaine-96-pure-worldwide","23":"product_tag-pure-colombian-cocaine-96-purefor-sale","24":"product_tag-pure-colombian-cocaine-96-pureonline","25":"product_tag-pure-colombian-cocaine-96-pureprice","26":"product_tag-pure-colombian-cocaine-96-purepure-colombian-cocaine-96-puresupplier","27":"product_tag-pure-colombian-cocaine-96-pures","28":"product_tag-pure-colombian-cocaine-96-purestore","29":"product_tag-shop-pure-colombian-cocaine-96-pure","30":"product_tag-top-quality","31":"product_tag-where-to-buy-pure-colombian-cocaine-96-pure","32":"product_tag-where-to-order-pure-colombian-cocaine-96-pure","33":"product_tag-wholesale-pure-colombian-cocaine-96-pure","34":"desktop-align-left","35":"tablet-align-left","36":"mobile-align-left","37":"ast-product-gallery-layout-horizontal","38":"ast-product-gallery-with-no-image","39":"ast-product-single-variable","40":"ast-product-tabs-layout-horizontal","41":"ast-qv-on-image","43":"first","44":"instock","45":"shipping-taxable","46":"purchasable","47":"product-type-variable"},"yoast_head":"<!-- This site is optimized with the Yoast SEO plugin v25.9 - https:\/\/yoast.com\/wordpress\/plugins\/seo\/ -->\n<title>Buy Colombian Cocaine Online @ Best Price | LegitGrams<\/title>\n<meta name=\"description\" content=\"Looking to buy colombian cocaine online? Discover a seamless platform at our online store where you can buy pure colombian cocaine , ensuring top-grade quality for your research needs.\" \/>\n<meta name=\"robots\" content=\"index, follow, max-snippet:-1, max-image-preview:large, max-video-preview:-1\" \/>\n<link rel=\"canonical\" href=\"https:\/\/legitgrams.com\/de\/produkt\/buy-colombian-cocaine-96-pure-online\/\" \/>\n<meta property=\"og:locale\" content=\"de_DE\" \/>\n<meta property=\"og:type\" content=\"article\" \/>\n<meta property=\"og:title\" content=\"Buy Colombian Cocaine Online @ Best Price | LegitGrams\" \/>\n<meta property=\"og:description\" content=\"Looking to buy colombian cocaine online? Discover a seamless platform at our online store where you can buy pure colombian cocaine , ensuring top-grade quality for your research needs.\" \/>\n<meta property=\"og:url\" content=\"https:\/\/legitgrams.com\/de\/produkt\/buy-colombian-cocaine-96-pure-online\/\" \/>\n<meta property=\"og:site_name\" content=\"Legit Grams\" \/>\n<meta property=\"article:modified_time\" content=\"2026-02-26T12:28:36+00:00\" \/>\n<meta property=\"og:image\" content=\"https:\/\/legitgrams.com\/wp-content\/uploads\/2024\/09\/Buy-Columbian-cocaine-96-pure.jpg\" \/>\n\t<meta property=\"og:image:width\" content=\"600\" \/>\n\t<meta property=\"og:image:height\" content=\"600\" \/>\n\t<meta property=\"og:image:type\" content=\"image\/jpeg\" \/>\n<meta name=\"twitter:card\" content=\"summary_large_image\" \/>\n<meta name=\"twitter:label1\" content=\"Gesch\u00e4tzte Lesezeit\" \/>\n\t<meta name=\"twitter:data1\" content=\"2\u00a0Minuten\" \/>\n<script type=\"application\/ld+json\" class=\"yoast-schema-graph\">{\"@context\":\"https:\/\/schema.org\",\"@graph\":[{\"@type\":\"WebPage\",\"@id\":\"https:\/\/legitgrams.com\/product\/buy-colombian-cocaine-96-pure-online\/\",\"url\":\"https:\/\/legitgrams.com\/product\/buy-colombian-cocaine-96-pure-online\/\",\"name\":\"Buy Colombian Cocaine Online @ Best Price | LegitGrams\",\"isPartOf\":{\"@id\":\"https:\/\/legitgrams.com\/#website\"},\"primaryImageOfPage\":{\"@id\":\"https:\/\/legitgrams.com\/product\/buy-colombian-cocaine-96-pure-online\/#primaryimage\"},\"image\":{\"@id\":\"https:\/\/legitgrams.com\/product\/buy-colombian-cocaine-96-pure-online\/#primaryimage\"},\"thumbnailUrl\":\"https:\/\/legitgrams.com\/wp-content\/uploads\/2024\/09\/Buy-Columbian-cocaine-96-pure.jpg\",\"datePublished\":\"2024-09-22T10:20:55+00:00\",\"dateModified\":\"2026-02-26T12:28:36+00:00\",\"description\":\"Looking to buy colombian cocaine online? Discover a seamless platform at our online store where you can buy pure colombian cocaine , ensuring top-grade quality for your research needs.\",\"breadcrumb\":{\"@id\":\"https:\/\/legitgrams.com\/product\/buy-colombian-cocaine-96-pure-online\/#breadcrumb\"},\"inLanguage\":\"de\",\"potentialAction\":[{\"@type\":\"ReadAction\",\"target\":[\"https:\/\/legitgrams.com\/product\/buy-colombian-cocaine-96-pure-online\/\"]}]},{\"@type\":\"ImageObject\",\"inLanguage\":\"de\",\"@id\":\"https:\/\/legitgrams.com\/product\/buy-colombian-cocaine-96-pure-online\/#primaryimage\",\"url\":\"https:\/\/legitgrams.com\/wp-content\/uploads\/2024\/09\/Buy-Columbian-cocaine-96-pure.jpg\",\"contentUrl\":\"https:\/\/legitgrams.com\/wp-content\/uploads\/2024\/09\/Buy-Columbian-cocaine-96-pure.jpg\",\"width\":600,\"height\":600,\"caption\":\"Buy Colombian Cocaine 96% Pure Online\"},{\"@type\":\"BreadcrumbList\",\"@id\":\"https:\/\/legitgrams.com\/product\/buy-colombian-cocaine-96-pure-online\/#breadcrumb\",\"itemListElement\":[{\"@type\":\"ListItem\",\"position\":1,\"name\":\"Home\",\"item\":\"https:\/\/legitgrams.com\/\"},{\"@type\":\"ListItem\",\"position\":2,\"name\":\"Shop\",\"item\":\"https:\/\/legitgrams.com\/shop\/\"},{\"@type\":\"ListItem\",\"position\":3,\"name\":\"Buy Colombian Cocaine 96% Pure Online\"}]},{\"@type\":\"WebSite\",\"@id\":\"https:\/\/legitgrams.com\/#website\",\"url\":\"https:\/\/legitgrams.com\/\",\"name\":\"Legit Grams\",\"description\":\"My WordPress Blog\",\"publisher\":{\"@id\":\"https:\/\/legitgrams.com\/#organization\"},\"potentialAction\":[{\"@type\":\"SearchAction\",\"target\":{\"@type\":\"EntryPoint\",\"urlTemplate\":\"https:\/\/legitgrams.com\/?s={search_term_string}\"},\"query-input\":{\"@type\":\"PropertyValueSpecification\",\"valueRequired\":true,\"valueName\":\"search_term_string\"}}],\"inLanguage\":\"de\"},{\"@type\":\"Organization\",\"@id\":\"https:\/\/legitgrams.com\/#organization\",\"name\":\"Legit Grams\",\"url\":\"https:\/\/legitgrams.com\/\",\"logo\":{\"@type\":\"ImageObject\",\"inLanguage\":\"de\",\"@id\":\"https:\/\/legitgrams.com\/#\/schema\/logo\/image\/\",\"url\":\"https:\/\/legitgrams.com\/wp-content\/uploads\/2024\/09\/main-logo.png\",\"contentUrl\":\"https:\/\/legitgrams.com\/wp-content\/uploads\/2024\/09\/main-logo.png\",\"width\":270,\"height\":75,\"caption\":\"Legit Grams\"},\"image\":{\"@id\":\"https:\/\/legitgrams.com\/#\/schema\/logo\/image\/\"}}]}<\/script>\n<!-- \/ Yoast SEO plugin. -->","yoast_head_json":{"title":"Buy Colombian Cocaine Online @ Best Price | LegitGrams","description":"M\u00f6chten Sie kolumbianisches Kokain online kaufen? Entdecken Sie in unserem Online-Shop eine nahtlose Plattform, auf der Sie reines kolumbianisches Kokain kaufen k\u00f6nnen, das f\u00fcr Ihren Forschungsbedarf h\u00f6chste Qualit\u00e4t garantiert.","robots":{"index":"index","follow":"follow","max-snippet":"max-snippet:-1","max-image-preview":"max-image-preview:large","max-video-preview":"max-video-preview:-1"},"canonical":"https:\/\/legitgrams.com\/de\/produkt\/buy-colombian-cocaine-96-pure-online\/","og_locale":"de_DE","og_type":"article","og_title":"Buy Colombian Cocaine Online @ Best Price | LegitGrams","og_description":"Looking to buy colombian cocaine online? Discover a seamless platform at our online store where you can buy pure colombian cocaine , ensuring top-grade quality for your research needs.","og_url":"https:\/\/legitgrams.com\/de\/produkt\/buy-colombian-cocaine-96-pure-online\/","og_site_name":"Legit Grams","article_modified_time":"2026-02-26T12:28:36+00:00","og_image":[{"width":600,"height":600,"url":"https:\/\/legitgrams.com\/wp-content\/uploads\/2024\/09\/Buy-Columbian-cocaine-96-pure.jpg","type":"image\/jpeg"}],"twitter_card":"summary_large_image","twitter_misc":{"Gesch\u00e4tzte Lesezeit":"2\u00a0Minuten"},"schema":{"@context":"https:\/\/schema.org","@graph":[{"@type":"WebPage","@id":"https:\/\/legitgrams.com\/product\/buy-colombian-cocaine-96-pure-online\/","url":"https:\/\/legitgrams.com\/product\/buy-colombian-cocaine-96-pure-online\/","name":"Buy Colombian Cocaine Online @ Best Price | LegitGrams","isPartOf":{"@id":"https:\/\/legitgrams.com\/#website"},"primaryImageOfPage":{"@id":"https:\/\/legitgrams.com\/product\/buy-colombian-cocaine-96-pure-online\/#primaryimage"},"image":{"@id":"https:\/\/legitgrams.com\/product\/buy-colombian-cocaine-96-pure-online\/#primaryimage"},"thumbnailUrl":"https:\/\/legitgrams.com\/wp-content\/uploads\/2024\/09\/Buy-Columbian-cocaine-96-pure.jpg","datePublished":"2024-09-22T10:20:55+00:00","dateModified":"2026-02-26T12:28:36+00:00","description":"M\u00f6chten Sie kolumbianisches Kokain online kaufen? Entdecken Sie in unserem Online-Shop eine nahtlose Plattform, auf der Sie reines kolumbianisches Kokain kaufen k\u00f6nnen, das f\u00fcr Ihren Forschungsbedarf h\u00f6chste Qualit\u00e4t garantiert.","breadcrumb":{"@id":"https:\/\/legitgrams.com\/product\/buy-colombian-cocaine-96-pure-online\/#breadcrumb"},"inLanguage":"de","potentialAction":[{"@type":"ReadAction","target":["https:\/\/legitgrams.com\/product\/buy-colombian-cocaine-96-pure-online\/"]}]},{"@type":"ImageObject","inLanguage":"de","@id":"https:\/\/legitgrams.com\/product\/buy-colombian-cocaine-96-pure-online\/#primaryimage","url":"https:\/\/legitgrams.com\/wp-content\/uploads\/2024\/09\/Buy-Columbian-cocaine-96-pure.jpg","contentUrl":"https:\/\/legitgrams.com\/wp-content\/uploads\/2024\/09\/Buy-Columbian-cocaine-96-pure.jpg","width":600,"height":600,"caption":"Buy Colombian Cocaine 96% Pure Online"},{"@type":"BreadcrumbList","@id":"https:\/\/legitgrams.com\/product\/buy-colombian-cocaine-96-pure-online\/#breadcrumb","itemListElement":[{"@type":"ListItem","position":1,"name":"Home","item":"https:\/\/legitgrams.com\/"},{"@type":"ListItem","position":2,"name":"Shop","item":"https:\/\/legitgrams.com\/shop\/"},{"@type":"ListItem","position":3,"name":"Buy Colombian Cocaine 96% Pure Online"}]},{"@type":"WebSite","@id":"https:\/\/legitgrams.com\/#website","url":"https:\/\/legitgrams.com\/","name":"Legitimer Grammwert","description":"Mein WordPress-Blog","publisher":{"@id":"https:\/\/legitgrams.com\/#organization"},"potentialAction":[{"@type":"SearchAction","target":{"@type":"EntryPoint","urlTemplate":"https:\/\/legitgrams.com\/?s={search_term_string}"},"query-input":{"@type":"PropertyValueSpecification","valueRequired":true,"valueName":"search_term_string"}}],"inLanguage":"de"},{"@type":"Organization","@id":"https:\/\/legitgrams.com\/#organization","name":"Legitimer Grammwert","url":"https:\/\/legitgrams.com\/","logo":{"@type":"ImageObject","inLanguage":"de","@id":"https:\/\/legitgrams.com\/#\/schema\/logo\/image\/","url":"https:\/\/legitgrams.com\/wp-content\/uploads\/2024\/09\/main-logo.png","contentUrl":"https:\/\/legitgrams.com\/wp-content\/uploads\/2024\/09\/main-logo.png","width":270,"height":75,"caption":"Legit Grams"},"image":{"@id":"https:\/\/legitgrams.com\/#\/schema\/logo\/image\/"}}]}},"uagb_featured_image_src":{"full":["https:\/\/legitgrams.com\/wp-content\/uploads\/2024\/09\/Buy-Columbian-cocaine-96-pure.jpg",600,600,false],"thumbnail":["https:\/\/legitgrams.com\/wp-content\/uploads\/2024\/09\/Buy-Columbian-cocaine-96-pure-150x150.jpg",150,150,true],"medium":["https:\/\/legitgrams.com\/wp-content\/uploads\/2024\/09\/Buy-Columbian-cocaine-96-pure-300x300.jpg",300,300,true],"medium_large":["https:\/\/legitgrams.com\/wp-content\/uploads\/2024\/09\/Buy-Columbian-cocaine-96-pure.jpg",600,600,false],"large":["https:\/\/legitgrams.com\/wp-content\/uploads\/2024\/09\/Buy-Columbian-cocaine-96-pure.jpg",600,600,false],"1536x1536":["https:\/\/legitgrams.com\/wp-content\/uploads\/2024\/09\/Buy-Columbian-cocaine-96-pure.jpg",600,600,false],"2048x2048":["https:\/\/legitgrams.com\/wp-content\/uploads\/2024\/09\/Buy-Columbian-cocaine-96-pure.jpg",600,600,false],"trp-custom-language-flag":["https:\/\/legitgrams.com\/wp-content\/uploads\/2024\/09\/Buy-Columbian-cocaine-96-pure-12x12.jpg",12,12,true],"woocommerce_thumbnail":["https:\/\/legitgrams.com\/wp-content\/uploads\/2024\/09\/Buy-Columbian-cocaine-96-pure-300x300.jpg",300,300,true],"woocommerce_single":["https:\/\/legitgrams.com\/wp-content\/uploads\/2024\/09\/Buy-Columbian-cocaine-96-pure.jpg",600,600,false],"woocommerce_gallery_thumbnail":["https:\/\/legitgrams.com\/wp-content\/uploads\/2024\/09\/Buy-Columbian-cocaine-96-pure-100x100.jpg",100,100,true]},"uagb_author_info":{"display_name":"cokeblog18","author_link":"https:\/\/legitgrams.com\/de\/author\/"},"uagb_comment_info":0,"uagb_excerpt":"Purchase 96% Pure Colombian Cocaine Online Colombian cocaine is one of the most well-known and advantageous types of cocaine available worldwide. One of the countries that supplies the most pure cocaine in the world is Colombia. In Colombia, the first cocaine was produced between 1960 and 1970. At the time, there was no legal method&hellip;","_links":{"self":[{"href":"https:\/\/legitgrams.com\/de\/wp-json\/wp\/v2\/product\/4310","targetHints":{"allow":["GET"]}}],"collection":[{"href":"https:\/\/legitgrams.com\/de\/wp-json\/wp\/v2\/product"}],"about":[{"href":"https:\/\/legitgrams.com\/de\/wp-json\/wp\/v2\/types\/product"}],"replies":[{"embeddable":true,"href":"https:\/\/legitgrams.com\/de\/wp-json\/wp\/v2\/comments?post=4310"}],"wp:featuredmedia":[{"embeddable":true,"href":"https:\/\/legitgrams.com\/de\/wp-json\/wp\/v2\/media\/5331"}],"wp:attachment":[{"href":"https:\/\/legitgrams.com\/de\/wp-json\/wp\/v2\/media?parent=4310"}],"wp:term":[{"taxonomy":"product_brand","embeddable":true,"href":"https:\/\/legitgrams.com\/de\/wp-json\/wp\/v2\/product_brand?post=4310"},{"taxonomy":"product_cat","embeddable":true,"href":"https:\/\/legitgrams.com\/de\/wp-json\/wp\/v2\/product_cat?post=4310"},{"taxonomy":"product_tag","embeddable":true,"href":"https:\/\/legitgrams.com\/de\/wp-json\/wp\/v2\/product_tag?post=4310"}],"curies":[{"name":"wp","href":"https:\/\/api.w.org\/{rel}","templated":true}]}}