{"id":4311,"date":"2024-09-22T10:16:26","date_gmt":"2024-09-22T10:16:26","guid":{"rendered":"https:\/\/legitgrams.com\/?post_type=product&#038;p=4311"},"modified":"2025-01-13T09:45:18","modified_gmt":"2025-01-13T09:45:18","slug":"bio-kokain-86","status":"publish","type":"product","link":"https:\/\/legitgrams.com\/de\/produkt\/bio-kokain-86\/","title":{"rendered":"Bio-Kokain 86%"},"content":{"rendered":"<h2>Zu verkaufen: 86% Bio-Kokain<\/h2>\n<p>Kokain ist ein sehr starkes Stimulans, das verwendet wird, um Menschen eine ausgepr\u00e4gte und verf\u00fchrerische mentale Struktur zu verleihen. Bio-Kokain erleichtert dem menschlichen Geist die Wahrnehmung allt\u00e4glicher Ereignisse. Bio-Kokain wirkt sich direkt auf das zentrale Nervensystem aus, \u00e4hnlich wie andere Stimulanzien.<\/p>\n<p>Die Verwendung dieses Stimulans verbessert einige Chemikalien. Bio-Kokain wird auch weltweit unter der Marke Coca-Cola verkauft und gekauft. Es ist nicht nur ein Medikament, sondern wird auch bei der Herstellung verschiedener Arzneimittel verwendet. Die Gesundheit der Menschen kann von diesen Medikamenten stark profitieren. <a href=\"https:\/\/legitgrams.com\/de\/produkt\/bio-kokain-86\/\">Kokain<\/a> steht an zweiter Stelle der am h\u00e4ufigsten konsumierten Bet\u00e4ubungsmittel.<\/p>\n<p>Bio Cocaine-86 ist eine der reinsten Formen von Kokain, die chemisch und nat\u00fcrlich vorkommen k\u00f6nnen. Bio Cocaine wird aufgrund seiner einzigartigen Eigenschaften, einschlie\u00dflich seiner F\u00e4higkeit, schnell zu wirken, als Bestandteil zahlreicher pharmazeutischer Produkte verwendet. Es ist ein sehr wirksames Medikament, das die psychologischen Auswirkungen eines Schocks reduzieren soll. Dies deutet darauf hin, dass Bio Cocaine-86 verwendet wird, um dem Geist zu helfen, unberechenbare Emotionen wie Freude oder Trauer zu kontrollieren. Der menschliche Geist funktioniert auch unter diesen Bedingungen normal. Es wird auch verwendet, um einen ununterbrochenen, ruhigen Schlaf zu erm\u00f6glichen. Diejenigen, die dieses Kokain verwenden, sagen, dass sie sich entspannt und gl\u00fccklich f\u00fchlen.<\/p>\n<p>Ohne Rezept, Bio <a href=\"https:\/\/en.wikipedia.org\/wiki\/Cocaine\">Kokain<\/a>-86 wird auch in Bars und Tanzclubs verwendet, um diese Festlichkeiten voll auszukosten. Diese Droge wird von Menschen verwendet, um sich zu entspannen, nachdem sie Hindernisse im Leben \u00fcberwunden haben. Sie kann auch verwendet werden, um vor\u00fcbergehende Depressionen im Kopf der Menschen zu reduzieren oder zu beseitigen. Aufgrund der zuvor erw\u00e4hnten Eigenschaften steht sie auf Platz zwei der Liste der am h\u00e4ufigsten verwendeten Drogen. <a href=\"https:\/\/legitgrams.com\/de\/\">LegitGrams<\/a><\/p>\n<p>Unter bestimmten Bedingungen ist Bio Cocaine-86 zweifellos sehr wohltuend f\u00fcr den menschlichen K\u00f6rper; ein \u00fcberm\u00e4\u00dfiger Konsum kann jedoch m\u00f6glicherweise sch\u00e4dliche Auswirkungen auf das k\u00f6rperliche und emotionale Wohlbefinden haben. Bei \u00fcberm\u00e4\u00dfigem Konsum kann es Schlaflosigkeit verursachen. Daher sollte es nur in \u00dcbereinstimmung mit den Bed\u00fcrfnissen des menschlichen K\u00f6rpers verwendet werden.<\/p>\n<p>Man kann Bio Cocaine-86 direkt in eine Vene spritzen oder schnupfen. Jeder kann es problemlos im Webshop erwerben. Wir verkaufen Bio Cocaine-86 auch zu sehr g\u00fcnstigen Preisen \u00fcber unseren Internetshop. Mit unserem Online-Lieferservice erhalten Sie Ihren Artikel extrem schnell.<\/p>\n<p>Bio-Kokain 86 % bestellen: Bio-Kokain kaufen, Kokain 86 % kaufen, Bio-Kokain online kaufen, Wo kann man Bio-Kokain 86 % kaufen, Bio-Kokain 86 % zu verkaufen, Kokain online kaufen, Wo kann man Bio-Kokain 86 % zu verkaufen in den USA, Kanada und Gro\u00dfbritannien kaufen, Online kaufen, Lieferanten, Sichere Lieferung, Bio-Kokain 86 % ist noch erh\u00e4ltlich; ist es in den Vereinigten Staaten legal? Ist Bio-Kokain 86 % online erh\u00e4ltlich? Wie l\u00e4uft die Bestellung von Bio-Kokain 86 % ab und ist es in Kanada legal?<\/p>","protected":false},"excerpt":{"rendered":"<p>For Sale: 86% Bio-Cocaine Cocaine is a very strong stimulant that is used to give people a distinctive and seductive mental structure. Bio Cocaine makes it easier for the human mind to perceive everyday occurrences. Bio cocaine affects the central nervous system directly, much like other stimulants do. The use of this stimulant improves some &hellip;<\/p>\n<p class=\"read-more\"> <a class=\"\" href=\"https:\/\/legitgrams.com\/de\/produkt\/bio-kokain-86\/\"> <span class=\"screen-reader-text\">Bio-Kokain 86%<\/span> Mehr lesen \"<\/a><\/p>","protected":false},"featured_media":5328,"comment_status":"open","ping_status":"closed","template":"","meta":{"_uag_custom_page_level_css":"","site-sidebar-layout":"default","site-content-layout":"default","ast-global-header-display":"","ast-main-header-display":"","ast-hfb-above-header-display":"","ast-hfb-below-header-display":"","ast-hfb-mobile-header-display":"","site-post-title":"","ast-breadcrumbs-content":"","ast-featured-img":"","footer-sml-layout":"","theme-transparent-header-meta":"default","adv-header-id-meta":"","stick-header-meta":"default","header-above-stick-meta":"","header-main-stick-meta":"","header-below-stick-meta":"","_joinchat":[]},"product_brand":[],"product_cat":[70],"product_tag":[731,721,711,735,723,718,733,734,732,715,714,713,724,729,726,617,712,728,725,720,717,730,727,625,719,722,716],"class_list":{"0":"post-4311","1":"product","2":"type-product","3":"status-publish","4":"has-post-thumbnail","6":"product_cat-cocaine","7":"product_tag-best-cheap-price-bio-cocaine-86","8":"product_tag-best-place-to-buy-bio-cocaine-86","9":"product_tag-bio-cocaine-86","10":"product_tag-bio-cocaine-86-for-sale","11":"product_tag-bio-cocaine-86-legally","12":"product_tag-bio-cocaine-86-online","13":"product_tag-bio-cocaine-86-use","14":"product_tag-bio-cocaine-86-wiki","15":"product_tag-bio-cocaine-86-worldwide","16":"product_tag-bio-cocaine-86bio-cocaine-86supplier","17":"product_tag-bio-cocaine-86for-sale","18":"product_tag-bio-cocaine-86online","19":"product_tag-bio-cocaine-86price","20":"product_tag-bio-cocaine-86s","21":"product_tag-bio-cocaine-86store","22":"product_tag-bulk-online","23":"product_tag-buy-bio-cocaine-86","24":"product_tag-cheap-bio-cocaine-86","25":"product_tag-high-quality-bio-cocaine-86","26":"product_tag-how-to-buy-bio-cocaine-86","27":"product_tag-order-bio-cocaine-86","28":"product_tag-purcharse-bio-cocaine-86","29":"product_tag-shop-bio-cocaine-86","30":"product_tag-top-quality","31":"product_tag-where-to-buy-bio-cocaine-86","32":"product_tag-where-to-order-bio-cocaine-86","33":"product_tag-wholesale-bio-cocaine-86","34":"desktop-align-left","35":"tablet-align-left","36":"mobile-align-left","37":"ast-product-gallery-layout-horizontal","38":"ast-product-gallery-with-no-image","39":"ast-product-single-variable","40":"ast-product-tabs-layout-horizontal","41":"ast-qv-on-image","43":"first","44":"instock","45":"shipping-taxable","46":"purchasable","47":"product-type-variable"},"yoast_head":"<!-- This site is optimized with the Yoast SEO plugin v25.9 - https:\/\/yoast.com\/wordpress\/plugins\/seo\/ -->\n<title>Bio Cocaine for Sale - Buy Bio Cocaine Online @ Cheap Price<\/title>\n<meta name=\"description\" content=\"You can get bio cocaine for sale at our store and get it at your doorstep without any hassle. We will help you to buy Bbio cocaine online. Get Fast Delivery when you order bio cocaine online!\" \/>\n<meta name=\"robots\" content=\"index, follow, max-snippet:-1, max-image-preview:large, max-video-preview:-1\" \/>\n<link rel=\"canonical\" href=\"https:\/\/legitgrams.com\/de\/produkt\/bio-kokain-86\/\" \/>\n<meta property=\"og:locale\" content=\"de_DE\" \/>\n<meta property=\"og:type\" content=\"article\" \/>\n<meta property=\"og:title\" content=\"Bio Cocaine for Sale - Buy Bio Cocaine Online @ Cheap Price\" \/>\n<meta property=\"og:description\" content=\"You can get bio cocaine for sale at our store and get it at your doorstep without any hassle. We will help you to buy Bbio cocaine online. Get Fast Delivery when you order bio cocaine online!\" \/>\n<meta property=\"og:url\" content=\"https:\/\/legitgrams.com\/de\/produkt\/bio-kokain-86\/\" \/>\n<meta property=\"og:site_name\" content=\"Legit Grams\" \/>\n<meta property=\"article:modified_time\" content=\"2025-01-13T09:45:18+00:00\" \/>\n<meta property=\"og:image\" content=\"https:\/\/legitgrams.com\/wp-content\/uploads\/2024\/09\/Buy-Bio-Cocaine.jpg\" \/>\n\t<meta property=\"og:image:width\" content=\"600\" \/>\n\t<meta property=\"og:image:height\" content=\"600\" \/>\n\t<meta property=\"og:image:type\" content=\"image\/jpeg\" \/>\n<meta name=\"twitter:card\" content=\"summary_large_image\" \/>\n<meta name=\"twitter:label1\" content=\"Gesch\u00e4tzte Lesezeit\" \/>\n\t<meta name=\"twitter:data1\" content=\"3\u00a0Minuten\" \/>\n<script type=\"application\/ld+json\" class=\"yoast-schema-graph\">{\"@context\":\"https:\/\/schema.org\",\"@graph\":[{\"@type\":\"WebPage\",\"@id\":\"https:\/\/legitgrams.com\/product\/bio-cocaine-86\/\",\"url\":\"https:\/\/legitgrams.com\/product\/bio-cocaine-86\/\",\"name\":\"Bio Cocaine for Sale - Buy Bio Cocaine Online @ Cheap Price\",\"isPartOf\":{\"@id\":\"https:\/\/legitgrams.com\/#website\"},\"primaryImageOfPage\":{\"@id\":\"https:\/\/legitgrams.com\/product\/bio-cocaine-86\/#primaryimage\"},\"image\":{\"@id\":\"https:\/\/legitgrams.com\/product\/bio-cocaine-86\/#primaryimage\"},\"thumbnailUrl\":\"https:\/\/legitgrams.com\/wp-content\/uploads\/2024\/09\/Buy-Bio-Cocaine.jpg\",\"datePublished\":\"2024-09-22T10:16:26+00:00\",\"dateModified\":\"2025-01-13T09:45:18+00:00\",\"description\":\"You can get bio cocaine for sale at our store and get it at your doorstep without any hassle. We will help you to buy Bbio cocaine online. Get Fast Delivery when you order bio cocaine online!\",\"breadcrumb\":{\"@id\":\"https:\/\/legitgrams.com\/product\/bio-cocaine-86\/#breadcrumb\"},\"inLanguage\":\"de\",\"potentialAction\":[{\"@type\":\"ReadAction\",\"target\":[\"https:\/\/legitgrams.com\/product\/bio-cocaine-86\/\"]}]},{\"@type\":\"ImageObject\",\"inLanguage\":\"de\",\"@id\":\"https:\/\/legitgrams.com\/product\/bio-cocaine-86\/#primaryimage\",\"url\":\"https:\/\/legitgrams.com\/wp-content\/uploads\/2024\/09\/Buy-Bio-Cocaine.jpg\",\"contentUrl\":\"https:\/\/legitgrams.com\/wp-content\/uploads\/2024\/09\/Buy-Bio-Cocaine.jpg\",\"width\":600,\"height\":600,\"caption\":\"Bio Cocaine 86% for Sale\"},{\"@type\":\"BreadcrumbList\",\"@id\":\"https:\/\/legitgrams.com\/product\/bio-cocaine-86\/#breadcrumb\",\"itemListElement\":[{\"@type\":\"ListItem\",\"position\":1,\"name\":\"Home\",\"item\":\"https:\/\/legitgrams.com\/\"},{\"@type\":\"ListItem\",\"position\":2,\"name\":\"Shop\",\"item\":\"https:\/\/legitgrams.com\/shop\/\"},{\"@type\":\"ListItem\",\"position\":3,\"name\":\"Bio Cocaine 86%\"}]},{\"@type\":\"WebSite\",\"@id\":\"https:\/\/legitgrams.com\/#website\",\"url\":\"https:\/\/legitgrams.com\/\",\"name\":\"Legit Grams\",\"description\":\"My WordPress Blog\",\"publisher\":{\"@id\":\"https:\/\/legitgrams.com\/#organization\"},\"potentialAction\":[{\"@type\":\"SearchAction\",\"target\":{\"@type\":\"EntryPoint\",\"urlTemplate\":\"https:\/\/legitgrams.com\/?s={search_term_string}\"},\"query-input\":{\"@type\":\"PropertyValueSpecification\",\"valueRequired\":true,\"valueName\":\"search_term_string\"}}],\"inLanguage\":\"de\"},{\"@type\":\"Organization\",\"@id\":\"https:\/\/legitgrams.com\/#organization\",\"name\":\"Legit Grams\",\"url\":\"https:\/\/legitgrams.com\/\",\"logo\":{\"@type\":\"ImageObject\",\"inLanguage\":\"de\",\"@id\":\"https:\/\/legitgrams.com\/#\/schema\/logo\/image\/\",\"url\":\"https:\/\/legitgrams.com\/wp-content\/uploads\/2024\/09\/main-logo.png\",\"contentUrl\":\"https:\/\/legitgrams.com\/wp-content\/uploads\/2024\/09\/main-logo.png\",\"width\":270,\"height\":75,\"caption\":\"Legit Grams\"},\"image\":{\"@id\":\"https:\/\/legitgrams.com\/#\/schema\/logo\/image\/\"}}]}<\/script>\n<!-- \/ Yoast SEO plugin. -->","yoast_head_json":{"title":"Bio Cocaine for Sale - Buy Bio Cocaine Online @ Cheap Price","description":"Sie k\u00f6nnen Bio-Kokain zum Verkauf in unserem Shop und erhalten Sie es an Ihrer Haust\u00fcr ohne jede Hektik. Wir werden Ihnen helfen, Bbio Kokain online zu kaufen. Erhalten Sie schnelle Lieferung, wenn Sie Bio-Kokain online bestellen!","robots":{"index":"index","follow":"follow","max-snippet":"max-snippet:-1","max-image-preview":"max-image-preview:large","max-video-preview":"max-video-preview:-1"},"canonical":"https:\/\/legitgrams.com\/de\/produkt\/bio-kokain-86\/","og_locale":"de_DE","og_type":"article","og_title":"Bio Cocaine for Sale - Buy Bio Cocaine Online @ Cheap Price","og_description":"You can get bio cocaine for sale at our store and get it at your doorstep without any hassle. We will help you to buy Bbio cocaine online. Get Fast Delivery when you order bio cocaine online!","og_url":"https:\/\/legitgrams.com\/de\/produkt\/bio-kokain-86\/","og_site_name":"Legit Grams","article_modified_time":"2025-01-13T09:45:18+00:00","og_image":[{"width":600,"height":600,"url":"https:\/\/legitgrams.com\/wp-content\/uploads\/2024\/09\/Buy-Bio-Cocaine.jpg","type":"image\/jpeg"}],"twitter_card":"summary_large_image","twitter_misc":{"Gesch\u00e4tzte Lesezeit":"3\u00a0Minuten"},"schema":{"@context":"https:\/\/schema.org","@graph":[{"@type":"WebPage","@id":"https:\/\/legitgrams.com\/product\/bio-cocaine-86\/","url":"https:\/\/legitgrams.com\/product\/bio-cocaine-86\/","name":"Bio Cocaine for Sale - Buy Bio Cocaine Online @ Cheap Price","isPartOf":{"@id":"https:\/\/legitgrams.com\/#website"},"primaryImageOfPage":{"@id":"https:\/\/legitgrams.com\/product\/bio-cocaine-86\/#primaryimage"},"image":{"@id":"https:\/\/legitgrams.com\/product\/bio-cocaine-86\/#primaryimage"},"thumbnailUrl":"https:\/\/legitgrams.com\/wp-content\/uploads\/2024\/09\/Buy-Bio-Cocaine.jpg","datePublished":"2024-09-22T10:16:26+00:00","dateModified":"2025-01-13T09:45:18+00:00","description":"Sie k\u00f6nnen Bio-Kokain zum Verkauf in unserem Shop und erhalten Sie es an Ihrer Haust\u00fcr ohne jede Hektik. Wir werden Ihnen helfen, Bbio Kokain online zu kaufen. Erhalten Sie schnelle Lieferung, wenn Sie Bio-Kokain online bestellen!","breadcrumb":{"@id":"https:\/\/legitgrams.com\/product\/bio-cocaine-86\/#breadcrumb"},"inLanguage":"de","potentialAction":[{"@type":"ReadAction","target":["https:\/\/legitgrams.com\/product\/bio-cocaine-86\/"]}]},{"@type":"ImageObject","inLanguage":"de","@id":"https:\/\/legitgrams.com\/product\/bio-cocaine-86\/#primaryimage","url":"https:\/\/legitgrams.com\/wp-content\/uploads\/2024\/09\/Buy-Bio-Cocaine.jpg","contentUrl":"https:\/\/legitgrams.com\/wp-content\/uploads\/2024\/09\/Buy-Bio-Cocaine.jpg","width":600,"height":600,"caption":"Bio Cocaine 86% for Sale"},{"@type":"BreadcrumbList","@id":"https:\/\/legitgrams.com\/product\/bio-cocaine-86\/#breadcrumb","itemListElement":[{"@type":"ListItem","position":1,"name":"Home","item":"https:\/\/legitgrams.com\/"},{"@type":"ListItem","position":2,"name":"Shop","item":"https:\/\/legitgrams.com\/shop\/"},{"@type":"ListItem","position":3,"name":"Bio Cocaine 86%"}]},{"@type":"WebSite","@id":"https:\/\/legitgrams.com\/#website","url":"https:\/\/legitgrams.com\/","name":"Legitimer Grammwert","description":"Mein WordPress-Blog","publisher":{"@id":"https:\/\/legitgrams.com\/#organization"},"potentialAction":[{"@type":"SearchAction","target":{"@type":"EntryPoint","urlTemplate":"https:\/\/legitgrams.com\/?s={search_term_string}"},"query-input":{"@type":"PropertyValueSpecification","valueRequired":true,"valueName":"search_term_string"}}],"inLanguage":"de"},{"@type":"Organization","@id":"https:\/\/legitgrams.com\/#organization","name":"Legitimer Grammwert","url":"https:\/\/legitgrams.com\/","logo":{"@type":"ImageObject","inLanguage":"de","@id":"https:\/\/legitgrams.com\/#\/schema\/logo\/image\/","url":"https:\/\/legitgrams.com\/wp-content\/uploads\/2024\/09\/main-logo.png","contentUrl":"https:\/\/legitgrams.com\/wp-content\/uploads\/2024\/09\/main-logo.png","width":270,"height":75,"caption":"Legit Grams"},"image":{"@id":"https:\/\/legitgrams.com\/#\/schema\/logo\/image\/"}}]}},"uagb_featured_image_src":{"full":["https:\/\/legitgrams.com\/wp-content\/uploads\/2024\/09\/Buy-Bio-Cocaine.jpg",600,600,false],"thumbnail":["https:\/\/legitgrams.com\/wp-content\/uploads\/2024\/09\/Buy-Bio-Cocaine-150x150.jpg",150,150,true],"medium":["https:\/\/legitgrams.com\/wp-content\/uploads\/2024\/09\/Buy-Bio-Cocaine-300x300.jpg",300,300,true],"medium_large":["https:\/\/legitgrams.com\/wp-content\/uploads\/2024\/09\/Buy-Bio-Cocaine.jpg",600,600,false],"large":["https:\/\/legitgrams.com\/wp-content\/uploads\/2024\/09\/Buy-Bio-Cocaine.jpg",600,600,false],"1536x1536":["https:\/\/legitgrams.com\/wp-content\/uploads\/2024\/09\/Buy-Bio-Cocaine.jpg",600,600,false],"2048x2048":["https:\/\/legitgrams.com\/wp-content\/uploads\/2024\/09\/Buy-Bio-Cocaine.jpg",600,600,false],"trp-custom-language-flag":["https:\/\/legitgrams.com\/wp-content\/uploads\/2024\/09\/Buy-Bio-Cocaine-12x12.jpg",12,12,true],"woocommerce_thumbnail":["https:\/\/legitgrams.com\/wp-content\/uploads\/2024\/09\/Buy-Bio-Cocaine-300x300.jpg",300,300,true],"woocommerce_single":["https:\/\/legitgrams.com\/wp-content\/uploads\/2024\/09\/Buy-Bio-Cocaine.jpg",600,600,false],"woocommerce_gallery_thumbnail":["https:\/\/legitgrams.com\/wp-content\/uploads\/2024\/09\/Buy-Bio-Cocaine-100x100.jpg",100,100,true]},"uagb_author_info":{"display_name":"cokeblog18","author_link":"https:\/\/legitgrams.com\/de\/author\/"},"uagb_comment_info":0,"uagb_excerpt":"For Sale: 86% Bio-Cocaine Cocaine is a very strong stimulant that is used to give people a distinctive and seductive mental structure. Bio Cocaine makes it easier for the human mind to perceive everyday occurrences. Bio cocaine affects the central nervous system directly, much like other stimulants do. The use of this stimulant improves some&hellip;","_links":{"self":[{"href":"https:\/\/legitgrams.com\/de\/wp-json\/wp\/v2\/product\/4311","targetHints":{"allow":["GET"]}}],"collection":[{"href":"https:\/\/legitgrams.com\/de\/wp-json\/wp\/v2\/product"}],"about":[{"href":"https:\/\/legitgrams.com\/de\/wp-json\/wp\/v2\/types\/product"}],"replies":[{"embeddable":true,"href":"https:\/\/legitgrams.com\/de\/wp-json\/wp\/v2\/comments?post=4311"}],"wp:featuredmedia":[{"embeddable":true,"href":"https:\/\/legitgrams.com\/de\/wp-json\/wp\/v2\/media\/5328"}],"wp:attachment":[{"href":"https:\/\/legitgrams.com\/de\/wp-json\/wp\/v2\/media?parent=4311"}],"wp:term":[{"taxonomy":"product_brand","embeddable":true,"href":"https:\/\/legitgrams.com\/de\/wp-json\/wp\/v2\/product_brand?post=4311"},{"taxonomy":"product_cat","embeddable":true,"href":"https:\/\/legitgrams.com\/de\/wp-json\/wp\/v2\/product_cat?post=4311"},{"taxonomy":"product_tag","embeddable":true,"href":"https:\/\/legitgrams.com\/de\/wp-json\/wp\/v2\/product_tag?post=4311"}],"curies":[{"name":"wp","href":"https:\/\/api.w.org\/{rel}","templated":true}]}}