{"id":4312,"date":"2024-09-22T10:14:12","date_gmt":"2024-09-22T10:14:12","guid":{"rendered":"https:\/\/legitgrams.com\/?post_type=product&#038;p=4312"},"modified":"2026-04-20T00:11:37","modified_gmt":"2026-04-20T00:11:37","slug":"reine-mdma-kristalle","status":"publish","type":"product","link":"https:\/\/legitgrams.com\/de\/produkt\/reine-mdma-kristalle\/","title":{"rendered":"Reine MDMA-Kristalle online kaufen"},"content":{"rendered":"<h2>Kaufen reine MDMA-Kristalle online<\/h2>\n<p>Kaufen Sie <a href=\"https:\/\/de.wikipedia.org\/wiki\/MDMA\">MDMA<\/a> online (verhandeltes 3,4-Methylendioxy-Methamphetamin) ist eine psychoaktive Substanz, die als Amphetamin- und Methylendioxyphenethylamin-Ersatz klassifiziert wird. Es wird haupts\u00e4chlich wegen seiner euphorisierenden und sympathisierenden Wirkung verwendet. Apotheke: Purchase MDMA Pure Powder MDMA wirkt als Wiederaufnahmehemmer und als Serotonin-, Noradrenalin- und Dopaminfreisetzer.<\/p>\n<h3>MDMA-Pulver online kaufen<\/h3>\n<p class=\"translation-block\">Der Name \u201eEcstasy\u201c (abgek\u00fcrzt als \u201eE\u201c, \u201eX\u201c oder \u201eXTC\u201c), der h\u00e4ufig f\u00fcr online angebotenes MDMA verwendet wird, bezeichnet normalerweise die Tablettenform, kann aber auch auf das Potenzial eines gef\u00e4lschten Nahrungserg\u00e4nzungsmittels hinweisen. In Gro\u00dfbritannien beziehen sich die Ausdr\u00fccke \u201eMandy for sale\u201c und in den USA \u201eMolly for sale\u201c auf MDMA in Form eines kristallinen Pulvers, das weitgehend frei von gef\u00e4lschten Zus\u00e4tzen ist. Manchmal bezieht sich der Begriff \u201eMolly\u201c auf den Kauf von reinem MDMA oder Methylon, den Kauf von Mephedron, echtem MDMA-Pulver, MDPV online oder jede andere Klasse pharmakologischer Substanzen, die als Badesalze bekannt sind.[14] <a href=\"https:\/\/legitgrams.com\/de\/\" target=\"_self\">LegitGrams<\/a><\/p>\n<p>Rein kaufen <a href=\"https:\/\/legitgrams.com\/de\/produkt\/reine-mdma-kristalle\/\">MDMA-Kristalle<\/a> online: Kauf von reinen MDMA-Kristallen, Kauf von reinen MDMA-Kristallen in den USA, Kauf von reinen MDMA-Kristallen online USA Wo kann man reine MDMA-Kristalle online kaufen, Wo kann man reine MDMA-Kristalle in den USA, Kanada, Gro\u00dfbritannien, Kaufen, Online, Lieferanten, Sichere Lieferung, Wo kann man reine MDMA-Kristalle kaufen, Reine MDMA-Kristalle zum Verkauf, Reine MDMA-Kristalle zum Verkauf in meiner N\u00e4he, Reine MDMA-Kristalle online kaufen, Es sind noch reine MDMA-Kristalle erh\u00e4ltlich. Ist es legal, reine MDMA-Kristalle in den Vereinigten Staaten zu kaufen? Wie kann ich eine Bestellung f\u00fcr reine MDMA-Kristalle aufgeben?<\/p>","protected":false},"excerpt":{"rendered":"<p>Purchase pure MDMA Crystals online Purchase MDMA online (negotiated 3,4-methylenedioxy-methamphetamine) is a psychoactive substance classified as an amphetamine and methylenedioxyphenethylamine replacement. It is mainly utilized for its euphoric and sympathetic effects. Pharmacy: Purchase MDMA Pure Powder MDMA functions as a reuptake inhibitor and a serotonin, norepinephrine, and dopamine releasing agent. Purchase MDMA powder online The &hellip;<\/p>\n<p class=\"read-more\"> <a class=\"\" href=\"https:\/\/legitgrams.com\/de\/produkt\/reine-mdma-kristalle\/\"> <span class=\"screen-reader-text\">Reine MDMA-Kristalle online kaufen<\/span> Mehr lesen \"<\/a><\/p>","protected":false},"featured_media":5300,"comment_status":"open","ping_status":"closed","template":"","meta":{"_uag_custom_page_level_css":"","site-sidebar-layout":"default","site-content-layout":"default","ast-global-header-display":"","ast-main-header-display":"","ast-hfb-above-header-display":"","ast-hfb-below-header-display":"","ast-hfb-mobile-header-display":"","site-post-title":"","ast-breadcrumbs-content":"","ast-featured-img":"","footer-sml-layout":"","theme-transparent-header-meta":"default","adv-header-id-meta":"","stick-header-meta":"default","header-above-stick-meta":"","header-main-stick-meta":"","header-below-stick-meta":"","_joinchat":[]},"product_brand":[],"product_cat":[600],"product_tag":[756,746,617,737,753,750,745,742,755,736,760,748,743,758,759,757,739,738,749,740,754,751,752,625,744,747,741],"class_list":{"0":"post-4312","1":"product","2":"type-product","3":"status-publish","4":"has-post-thumbnail","6":"product_cat-research-chemicals-and-bath-salt","7":"product_tag-best-cheap-price-pure-mdma-crystals","8":"product_tag-best-place-to-buy-pure-mdma-crystals","9":"product_tag-bulk-online","10":"product_tag-buy-pure-mdma-crystals","11":"product_tag-cheap-pure-mdma-crystals","12":"product_tag-high-quality-pure-mdma-crystals","13":"product_tag-how-to-buy-pure-mdma-crystals","14":"product_tag-order-pure-mdma-crystals","15":"product_tag-purcharse-pure-mdma-crystals","16":"product_tag-pure-mdma-crystals","17":"product_tag-pure-mdma-crystals-for-sale","18":"product_tag-pure-mdma-crystals-legally","19":"product_tag-pure-mdma-crystals-online","20":"product_tag-pure-mdma-crystals-use","21":"product_tag-pure-mdma-crystals-wiki","22":"product_tag-pure-mdma-crystals-worldwide","23":"product_tag-pure-mdma-crystalsfor-sale","24":"product_tag-pure-mdma-crystalsonline","25":"product_tag-pure-mdma-crystalsprice","26":"product_tag-pure-mdma-crystalspure-mdma-crystalssupplier","27":"product_tag-pure-mdma-crystalss","28":"product_tag-pure-mdma-crystalsstore","29":"product_tag-shop-pure-mdma-crystals","30":"product_tag-top-quality","31":"product_tag-where-to-buy-pure-mdma-crystals","32":"product_tag-where-to-order-pure-mdma-crystals","33":"product_tag-wholesale-pure-mdma-crystals","34":"desktop-align-left","35":"tablet-align-left","36":"mobile-align-left","37":"ast-product-gallery-layout-horizontal","38":"ast-product-gallery-with-no-image","39":"ast-product-single-variable","40":"ast-product-tabs-layout-horizontal","41":"ast-qv-on-image","43":"first","44":"instock","45":"shipping-taxable","46":"purchasable","47":"product-type-variable"},"yoast_head":"<!-- This site is optimized with the Yoast SEO plugin v25.9 - https:\/\/yoast.com\/wordpress\/plugins\/seo\/ -->\n<title>MDMA Crystals for Sale - Buy MDMA Crystals Online | LegitGrams<\/title>\n<meta name=\"description\" content=\"Explore our online store for pure mdma crystals for sale, offering high-quality mdma crystals. Buy mdma crystals online securely and embark on your research journey with confidence. Place your order now!\" \/>\n<meta name=\"robots\" content=\"index, follow, max-snippet:-1, max-image-preview:large, max-video-preview:-1\" \/>\n<link rel=\"canonical\" href=\"https:\/\/legitgrams.com\/de\/produkt\/reine-mdma-kristalle\/\" \/>\n<meta property=\"og:locale\" content=\"de_DE\" \/>\n<meta property=\"og:type\" content=\"article\" \/>\n<meta property=\"og:title\" content=\"MDMA Crystals for Sale - Buy MDMA Crystals Online | LegitGrams\" \/>\n<meta property=\"og:description\" content=\"Explore our online store for pure mdma crystals for sale, offering high-quality mdma crystals. Buy mdma crystals online securely and embark on your research journey with confidence. Place your order now!\" \/>\n<meta property=\"og:url\" content=\"https:\/\/legitgrams.com\/de\/produkt\/reine-mdma-kristalle\/\" \/>\n<meta property=\"og:site_name\" content=\"Legit Grams\" \/>\n<meta property=\"article:modified_time\" content=\"2026-04-20T00:11:37+00:00\" \/>\n<meta property=\"og:image\" content=\"https:\/\/legitgrams.com\/wp-content\/uploads\/2024\/09\/MDMA-crystal.jpg\" \/>\n\t<meta property=\"og:image:width\" content=\"600\" \/>\n\t<meta property=\"og:image:height\" content=\"399\" \/>\n\t<meta property=\"og:image:type\" content=\"image\/jpeg\" \/>\n<meta name=\"twitter:card\" content=\"summary_large_image\" \/>\n<meta name=\"twitter:label1\" content=\"Gesch\u00e4tzte Lesezeit\" \/>\n\t<meta name=\"twitter:data1\" content=\"2\u00a0Minuten\" \/>\n<script type=\"application\/ld+json\" class=\"yoast-schema-graph\">{\"@context\":\"https:\/\/schema.org\",\"@graph\":[{\"@type\":\"WebPage\",\"@id\":\"https:\/\/legitgrams.com\/product\/pure-mdma-crystals\/\",\"url\":\"https:\/\/legitgrams.com\/product\/pure-mdma-crystals\/\",\"name\":\"MDMA Crystals for Sale - Buy MDMA Crystals Online | LegitGrams\",\"isPartOf\":{\"@id\":\"https:\/\/legitgrams.com\/#website\"},\"primaryImageOfPage\":{\"@id\":\"https:\/\/legitgrams.com\/product\/pure-mdma-crystals\/#primaryimage\"},\"image\":{\"@id\":\"https:\/\/legitgrams.com\/product\/pure-mdma-crystals\/#primaryimage\"},\"thumbnailUrl\":\"https:\/\/legitgrams.com\/wp-content\/uploads\/2024\/09\/MDMA-crystal.jpg\",\"datePublished\":\"2024-09-22T10:14:12+00:00\",\"dateModified\":\"2026-04-20T00:11:37+00:00\",\"description\":\"Explore our online store for pure mdma crystals for sale, offering high-quality mdma crystals. Buy mdma crystals online securely and embark on your research journey with confidence. Place your order now!\",\"breadcrumb\":{\"@id\":\"https:\/\/legitgrams.com\/product\/pure-mdma-crystals\/#breadcrumb\"},\"inLanguage\":\"de\",\"potentialAction\":[{\"@type\":\"ReadAction\",\"target\":[\"https:\/\/legitgrams.com\/product\/pure-mdma-crystals\/\"]}]},{\"@type\":\"ImageObject\",\"inLanguage\":\"de\",\"@id\":\"https:\/\/legitgrams.com\/product\/pure-mdma-crystals\/#primaryimage\",\"url\":\"https:\/\/legitgrams.com\/wp-content\/uploads\/2024\/09\/MDMA-crystal.jpg\",\"contentUrl\":\"https:\/\/legitgrams.com\/wp-content\/uploads\/2024\/09\/MDMA-crystal.jpg\",\"width\":600,\"height\":399,\"caption\":\"pure MDMA Crystals for Sale\"},{\"@type\":\"BreadcrumbList\",\"@id\":\"https:\/\/legitgrams.com\/product\/pure-mdma-crystals\/#breadcrumb\",\"itemListElement\":[{\"@type\":\"ListItem\",\"position\":1,\"name\":\"Home\",\"item\":\"https:\/\/legitgrams.com\/\"},{\"@type\":\"ListItem\",\"position\":2,\"name\":\"Shop\",\"item\":\"https:\/\/legitgrams.com\/shop\/\"},{\"@type\":\"ListItem\",\"position\":3,\"name\":\"Buy Pure MDMA Crystals Online\"}]},{\"@type\":\"WebSite\",\"@id\":\"https:\/\/legitgrams.com\/#website\",\"url\":\"https:\/\/legitgrams.com\/\",\"name\":\"Legit Grams\",\"description\":\"My WordPress Blog\",\"publisher\":{\"@id\":\"https:\/\/legitgrams.com\/#organization\"},\"potentialAction\":[{\"@type\":\"SearchAction\",\"target\":{\"@type\":\"EntryPoint\",\"urlTemplate\":\"https:\/\/legitgrams.com\/?s={search_term_string}\"},\"query-input\":{\"@type\":\"PropertyValueSpecification\",\"valueRequired\":true,\"valueName\":\"search_term_string\"}}],\"inLanguage\":\"de\"},{\"@type\":\"Organization\",\"@id\":\"https:\/\/legitgrams.com\/#organization\",\"name\":\"Legit Grams\",\"url\":\"https:\/\/legitgrams.com\/\",\"logo\":{\"@type\":\"ImageObject\",\"inLanguage\":\"de\",\"@id\":\"https:\/\/legitgrams.com\/#\/schema\/logo\/image\/\",\"url\":\"https:\/\/legitgrams.com\/wp-content\/uploads\/2024\/09\/main-logo.png\",\"contentUrl\":\"https:\/\/legitgrams.com\/wp-content\/uploads\/2024\/09\/main-logo.png\",\"width\":270,\"height\":75,\"caption\":\"Legit Grams\"},\"image\":{\"@id\":\"https:\/\/legitgrams.com\/#\/schema\/logo\/image\/\"}}]}<\/script>\n<!-- \/ Yoast SEO plugin. -->","yoast_head_json":{"title":"MDMA-Kristalle zu verkaufen - MDMA-Kristalle online kaufen | LegitGrams","description":"Entdecken Sie unseren Online-Shop f\u00fcr reine Mdma-Kristalle zu verkaufen, bietet hochwertige Mdma-Kristalle. Kaufen Sie mdma Kristalle sicher online und begeben Sie sich auf Ihre Forschungsreise mit Vertrauen. Geben Sie jetzt Ihre Bestellung auf!","robots":{"index":"index","follow":"follow","max-snippet":"max-snippet:-1","max-image-preview":"max-image-preview:large","max-video-preview":"max-video-preview:-1"},"canonical":"https:\/\/legitgrams.com\/de\/produkt\/reine-mdma-kristalle\/","og_locale":"de_DE","og_type":"article","og_title":"MDMA Crystals for Sale - Buy MDMA Crystals Online | LegitGrams","og_description":"Explore our online store for pure mdma crystals for sale, offering high-quality mdma crystals. Buy mdma crystals online securely and embark on your research journey with confidence. Place your order now!","og_url":"https:\/\/legitgrams.com\/de\/produkt\/reine-mdma-kristalle\/","og_site_name":"Legit Grams","article_modified_time":"2026-04-20T00:11:37+00:00","og_image":[{"width":600,"height":399,"url":"https:\/\/legitgrams.com\/wp-content\/uploads\/2024\/09\/MDMA-crystal.jpg","type":"image\/jpeg"}],"twitter_card":"summary_large_image","twitter_misc":{"Gesch\u00e4tzte Lesezeit":"2\u00a0Minuten"},"schema":{"@context":"https:\/\/schema.org","@graph":[{"@type":"WebPage","@id":"https:\/\/legitgrams.com\/product\/pure-mdma-crystals\/","url":"https:\/\/legitgrams.com\/product\/pure-mdma-crystals\/","name":"MDMA-Kristalle zu verkaufen - MDMA-Kristalle online kaufen | LegitGrams","isPartOf":{"@id":"https:\/\/legitgrams.com\/#website"},"primaryImageOfPage":{"@id":"https:\/\/legitgrams.com\/product\/pure-mdma-crystals\/#primaryimage"},"image":{"@id":"https:\/\/legitgrams.com\/product\/pure-mdma-crystals\/#primaryimage"},"thumbnailUrl":"https:\/\/legitgrams.com\/wp-content\/uploads\/2024\/09\/MDMA-crystal.jpg","datePublished":"2024-09-22T10:14:12+00:00","dateModified":"2026-04-20T00:11:37+00:00","description":"Entdecken Sie unseren Online-Shop f\u00fcr reine Mdma-Kristalle zu verkaufen, bietet hochwertige Mdma-Kristalle. Kaufen Sie mdma Kristalle sicher online und begeben Sie sich auf Ihre Forschungsreise mit Vertrauen. Geben Sie jetzt Ihre Bestellung auf!","breadcrumb":{"@id":"https:\/\/legitgrams.com\/product\/pure-mdma-crystals\/#breadcrumb"},"inLanguage":"de","potentialAction":[{"@type":"ReadAction","target":["https:\/\/legitgrams.com\/product\/pure-mdma-crystals\/"]}]},{"@type":"ImageObject","inLanguage":"de","@id":"https:\/\/legitgrams.com\/product\/pure-mdma-crystals\/#primaryimage","url":"https:\/\/legitgrams.com\/wp-content\/uploads\/2024\/09\/MDMA-crystal.jpg","contentUrl":"https:\/\/legitgrams.com\/wp-content\/uploads\/2024\/09\/MDMA-crystal.jpg","width":600,"height":399,"caption":"pure MDMA Crystals for Sale"},{"@type":"BreadcrumbList","@id":"https:\/\/legitgrams.com\/product\/pure-mdma-crystals\/#breadcrumb","itemListElement":[{"@type":"ListItem","position":1,"name":"Home","item":"https:\/\/legitgrams.com\/"},{"@type":"ListItem","position":2,"name":"Shop","item":"https:\/\/legitgrams.com\/shop\/"},{"@type":"ListItem","position":3,"name":"Buy Pure MDMA Crystals Online"}]},{"@type":"WebSite","@id":"https:\/\/legitgrams.com\/#website","url":"https:\/\/legitgrams.com\/","name":"Legitimer Grammwert","description":"Mein WordPress-Blog","publisher":{"@id":"https:\/\/legitgrams.com\/#organization"},"potentialAction":[{"@type":"SearchAction","target":{"@type":"EntryPoint","urlTemplate":"https:\/\/legitgrams.com\/?s={search_term_string}"},"query-input":{"@type":"PropertyValueSpecification","valueRequired":true,"valueName":"search_term_string"}}],"inLanguage":"de"},{"@type":"Organization","@id":"https:\/\/legitgrams.com\/#organization","name":"Legitimer Grammwert","url":"https:\/\/legitgrams.com\/","logo":{"@type":"ImageObject","inLanguage":"de","@id":"https:\/\/legitgrams.com\/#\/schema\/logo\/image\/","url":"https:\/\/legitgrams.com\/wp-content\/uploads\/2024\/09\/main-logo.png","contentUrl":"https:\/\/legitgrams.com\/wp-content\/uploads\/2024\/09\/main-logo.png","width":270,"height":75,"caption":"Legit Grams"},"image":{"@id":"https:\/\/legitgrams.com\/#\/schema\/logo\/image\/"}}]}},"uagb_featured_image_src":{"full":["https:\/\/legitgrams.com\/wp-content\/uploads\/2024\/09\/MDMA-crystal.jpg",600,399,false],"thumbnail":["https:\/\/legitgrams.com\/wp-content\/uploads\/2024\/09\/MDMA-crystal-150x150.jpg",150,150,true],"medium":["https:\/\/legitgrams.com\/wp-content\/uploads\/2024\/09\/MDMA-crystal-300x200.jpg",300,200,true],"medium_large":["https:\/\/legitgrams.com\/wp-content\/uploads\/2024\/09\/MDMA-crystal.jpg",600,399,false],"large":["https:\/\/legitgrams.com\/wp-content\/uploads\/2024\/09\/MDMA-crystal.jpg",600,399,false],"1536x1536":["https:\/\/legitgrams.com\/wp-content\/uploads\/2024\/09\/MDMA-crystal.jpg",600,399,false],"2048x2048":["https:\/\/legitgrams.com\/wp-content\/uploads\/2024\/09\/MDMA-crystal.jpg",600,399,false],"trp-custom-language-flag":["https:\/\/legitgrams.com\/wp-content\/uploads\/2024\/09\/MDMA-crystal-18x12.jpg",18,12,true],"woocommerce_thumbnail":["https:\/\/legitgrams.com\/wp-content\/uploads\/2024\/09\/MDMA-crystal-300x300.jpg",300,300,true],"woocommerce_single":["https:\/\/legitgrams.com\/wp-content\/uploads\/2024\/09\/MDMA-crystal.jpg",600,399,false],"woocommerce_gallery_thumbnail":["https:\/\/legitgrams.com\/wp-content\/uploads\/2024\/09\/MDMA-crystal-100x100.jpg",100,100,true]},"uagb_author_info":{"display_name":"cokeblog18","author_link":"https:\/\/legitgrams.com\/de\/author\/"},"uagb_comment_info":1,"uagb_excerpt":"Purchase pure MDMA Crystals online Purchase MDMA online (negotiated 3,4-methylenedioxy-methamphetamine) is a psychoactive substance classified as an amphetamine and methylenedioxyphenethylamine replacement. It is mainly utilized for its euphoric and sympathetic effects. Pharmacy: Purchase MDMA Pure Powder MDMA functions as a reuptake inhibitor and a serotonin, norepinephrine, and dopamine releasing agent. Purchase MDMA powder online The&hellip;","_links":{"self":[{"href":"https:\/\/legitgrams.com\/de\/wp-json\/wp\/v2\/product\/4312","targetHints":{"allow":["GET"]}}],"collection":[{"href":"https:\/\/legitgrams.com\/de\/wp-json\/wp\/v2\/product"}],"about":[{"href":"https:\/\/legitgrams.com\/de\/wp-json\/wp\/v2\/types\/product"}],"replies":[{"embeddable":true,"href":"https:\/\/legitgrams.com\/de\/wp-json\/wp\/v2\/comments?post=4312"}],"wp:featuredmedia":[{"embeddable":true,"href":"https:\/\/legitgrams.com\/de\/wp-json\/wp\/v2\/media\/5300"}],"wp:attachment":[{"href":"https:\/\/legitgrams.com\/de\/wp-json\/wp\/v2\/media?parent=4312"}],"wp:term":[{"taxonomy":"product_brand","embeddable":true,"href":"https:\/\/legitgrams.com\/de\/wp-json\/wp\/v2\/product_brand?post=4312"},{"taxonomy":"product_cat","embeddable":true,"href":"https:\/\/legitgrams.com\/de\/wp-json\/wp\/v2\/product_cat?post=4312"},{"taxonomy":"product_tag","embeddable":true,"href":"https:\/\/legitgrams.com\/de\/wp-json\/wp\/v2\/product_tag?post=4312"}],"curies":[{"name":"wp","href":"https:\/\/api.w.org\/{rel}","templated":true}]}}