{"id":2900,"date":"2024-04-01T10:28:41","date_gmt":"2024-04-01T10:28:41","guid":{"rendered":"https:\/\/unkrautmarkt.com\/coke\/?post_type=product&#038;p=2900"},"modified":"2025-12-03T12:51:34","modified_gmt":"2025-12-03T12:51:34","slug":"crack-cocaina","status":"publish","type":"product","link":"https:\/\/legitgrams.com\/es\/producto\/crack-cocaina\/","title":{"rendered":"Comprar coca\u00edna crack en l\u00ednea"},"content":{"rendered":"<h2>Encuentre LegitGrams, el mejor lugar para comprar crack<\/h2>\n<p>We at LegitGrams take pleasure in being your discreet and dependable online supplier for <a href=\"https:\/\/www.bing.com\/search?q=Crack%20Cocaine&amp;qs=n&amp;form=QBRE&amp;sp=-1&amp;lq=0&amp;pq=crack%20cocaine&amp;sc=13-13&amp;sk=&amp;cvid=3C606F73694F47B39F153354DFF4D638&amp;ghsh=0&amp;ghacc=0&amp;ghpl=\">coca\u00edna crack premium<\/a>En LegitGrams nos complace ser su proveedor en l\u00ednea discreto y confiable de crack de primera calidad. Brindamos una experiencia de pedido sencilla y garantizamos la entrega puntual a su domicilio, todo ello manteniendo un compromiso con la satisfacci\u00f3n y la seguridad del cliente.<\/p>\n<h3>Razones para elegir LegitGrams para sus necesidades de crack<\/h3>\n<p>Puede estar seguro de que est\u00e1 obteniendo un producto de alta calidad que ha sido cuidadosamente seleccionado y probado cuando compra crack en l\u00ednea en LegitGrams. Cada lote de <a href=\"https:\/\/en.wikipedia.org\/wiki\/Crack_cocaine\">coca\u00edna crack<\/a> Ofrecemos venta en l\u00ednea que satisface criterios estrictos debido a nuestro compromiso con la calidad, brind\u00e1ndole tranquilidad en cada transacci\u00f3n.<\/p>\n<h3>C\u00f3mo comprar crack de Grams genuino<\/h3>\n<p>It&#8217;s simple to <a href=\"https:\/\/www.google.com\/search?q=Crack+Cocaine&amp;num=10&amp;sca_esv=1a2a07081c7891bb&amp;rlz=1C1RXQR_enIN1098IN1098&amp;sxsrf=AHTn8zoZAj4uBbafcvRtFJ7TyQpac-TeIA%3A1741161873220&amp;ei=kQXIZ-qUDbSNseMPlqvJkQY&amp;ved=0ahUKEwiqocy3vfKLAxW0RmwGHZZVMmIQ4dUDCBA&amp;uact=5&amp;oq=Crack+Cocaine&amp;gs_lp=Egxnd3Mtd2l6LXNlcnAiDUNyYWNrIENvY2FpbmUyChAjGIAEGCcYigUyBRAAGIAEMgUQLhiABDIFEAAYgAQyBRAAGIAEMgUQABiABDIIEAAYgAQYxwMyChAAGIAEGBQYhwIyBRAAGIAEMgUQABiABEj3CFCiBViiBXABeACQAQCYAdYBoAHWAaoBAzItMbgBA8gBAPgBAvgBAZgCAaAC4AGYAwCIBgGSBwMyLTGgB7MJ&amp;sclient=gws-wiz-serp\">order crack cocaine<\/a> from LegitGrams. It&#8217;s simple and quick to order crack cocaine from <a href=\"https:\/\/legitgrams.com\/es\/\">LegitGrams<\/a>Simplemente mire nuestro inventario y coloque los art\u00edculos que desea en su carrito. Para su comodidad, aceptamos varias formas de pago y nuestro proceso de pago seguro garantiza que su informaci\u00f3n se mantenga privada.<\/p>\n<h3>Las ventajas de comprar crack online<\/h3>\n<p>Obtendr\u00e1 una serie de beneficios cuando decida comprar crack en l\u00ednea en LegitGrams:<\/p>\n<p>Conveniencia: Realiza tu pedido desde la comodidad de tu hogar y evita la molestia de desplazarte a las tiendas f\u00edsicas.<br \/>\nEmbalaje discreto: Nuestro embalaje est\u00e1 dise\u00f1ado para no tener marcas y ser discreto porque reconocemos lo importante que es la privacidad.<br \/>\nQuality Control: To ensure potency and purity, our <a href=\"https:\/\/duckduckgo.com\/?q=Crack+Cocaine&amp;t=h_&amp;ia=web\">coca\u00edna crack<\/a> is put through a rigorous testing process.<br \/>\nEntrega r\u00e1pida: trabajamos duro para procesar y enviar los pedidos lo antes posible para que pueda recibir sus cosas de manera oportuna.<\/p>\n<h3>Examine nuestra selecci\u00f3n de productos de crack y coca\u00edna<\/h3>\n<p>Para satisfacer sus demandas y gustos \u00fanicos, Legit Grams ofrece una amplia gama de <a href=\"https:\/\/legitgrams.com\/es\/producto\/crack-cocaina\/\">Coca\u00edna crack<\/a> items. We provide options to meet the needs of every customer, regardless of their preferred potency or quantity.<\/p>\n<h3>C\u00f3mo realizar un pedido de crack y coca\u00edna en LegitGrams<\/h3>\n<p>Use these easy steps to place an order for <a href=\"https:\/\/duckduckgo.com\/?q=Crack+Cocaine&amp;t=h_&amp;ia=web\">Coca\u00edna crack<\/a> de LegitGrams:<\/p>\n<ul>\n<li>Mira y elige las cosas que quieras.<\/li>\n<li>Despu\u00e9s de agregar los art\u00edculos a su carrito, realice el pago.<\/li>\n<li>Ingrese sus datos de pago y env\u00edo.<\/li>\n<li>\u00a1Simplemente finaliza tu pedido y nosotros nos encargaremos del resto!<\/li>\n<\/ul>\n<h3>Deposite su confianza en LegitGrams para comprar crack<\/h3>\n<p>LegitGrams is your go-to resource for purchasing <a href=\"https:\/\/www.google.com\/search?q=Crack+Cocaine&amp;num=10&amp;sca_esv=1a2a07081c7891bb&amp;rlz=1C1RXQR_enIN1098IN1098&amp;sxsrf=AHTn8zoZAj4uBbafcvRtFJ7TyQpac-TeIA%3A1741161873220&amp;ei=kQXIZ-qUDbSNseMPlqvJkQY&amp;ved=0ahUKEwiqocy3vfKLAxW0RmwGHZZVMmIQ4dUDCBA&amp;uact=5&amp;oq=Crack+Cocaine&amp;gs_lp=Egxnd3Mtd2l6LXNlcnAiDUNyYWNrIENvY2FpbmUyChAjGIAEGCcYigUyBRAAGIAEMgUQLhiABDIFEAAYgAQyBRAAGIAEMgUQABiABDIIEAAYgAQYxwMyChAAGIAEGBQYhwIyBRAAGIAEMgUQABiABEj3CFCiBViiBXABeACQAQCYAdYBoAHWAaoBAzItMbgBA8gBAPgBAvgBAZgCAaAC4AGYAwCIBgGSBwMyLTGgB7MJ&amp;sclient=gws-wiz-serp\">crack cocaine online<\/a>LegitGrams es tu recurso de referencia para comprar crack online. Nos destacamos como un proveedor confiable en el sector gracias a nuestra dedicaci\u00f3n a la calidad, el secreto y la satisfacci\u00f3n del cliente. \u00a1Descubre lo f\u00e1cil que es comprar con nosotros ahora mismo!<\/p>\n<p>&nbsp;<\/p>\n<p>&nbsp;<\/p>","protected":false},"excerpt":{"rendered":"<p>Find LegitGrams, the Best Place to Buy Crack Cocaine We at LegitGrams take pleasure in being your discreet and dependable online supplier for premium crack cocaine. We provide a smooth ordering experience and guarantee timely delivery to your door, all while maintaining a dedication to customer happiness and safety. Reasons to Select LegitGrams for Your &hellip;<\/p>\n<p class=\"read-more\"> <a class=\"\" href=\"https:\/\/legitgrams.com\/es\/producto\/crack-cocaina\/\"> <span class=\"screen-reader-text\">Comprar coca\u00edna crack en l\u00ednea<\/span> Leer m\u00e1s \"<\/a><\/p>","protected":false},"featured_media":2911,"comment_status":"open","ping_status":"closed","template":"","meta":{"_uag_custom_page_level_css":"","site-sidebar-layout":"default","site-content-layout":"default","ast-global-header-display":"","ast-main-header-display":"","ast-hfb-above-header-display":"","ast-hfb-below-header-display":"","ast-hfb-mobile-header-display":"","site-post-title":"","ast-breadcrumbs-content":"","ast-featured-img":"","footer-sml-layout":"","theme-transparent-header-meta":"default","adv-header-id-meta":"","stick-header-meta":"default","header-above-stick-meta":"","header-main-stick-meta":"","header-below-stick-meta":"","_joinchat":[]},"product_brand":[],"product_cat":[70],"product_tag":[71,72,73,74,75,76,77,78,79,80,81,82,83,84,85,86],"class_list":{"0":"post-2900","1":"product","2":"type-product","3":"status-publish","4":"has-post-thumbnail","6":"product_cat-cocaine","7":"product_tag-benefits-of-crack-cocaine","8":"product_tag-best-place-to-order-crack-cocaine","9":"product_tag-buy-crack-cocaine-legally","10":"product_tag-buy-crack-cocaine-online-australia","11":"product_tag-buy-crack-cocaine-online-near-me","12":"product_tag-buy-crack-cocaine-online-usa","13":"product_tag-cheap-crack-cocaine","14":"product_tag-crack-cocaine-for-sale","15":"product_tag-crack-cocaine-price","16":"product_tag-crack-cocaine-wholesale","17":"product_tag-how-can-i-get-the-best-crack-cocaine","18":"product_tag-how-to-order-crack-cocaine","19":"product_tag-legit-crack-cocaine-online","20":"product_tag-what-is-crack-cocaine","21":"product_tag-where-can-i-buy-crack-cocaine","22":"product_tag-where-to-buy-crack-cocaine","23":"desktop-align-left","24":"tablet-align-left","25":"mobile-align-left","26":"ast-product-gallery-layout-horizontal","27":"ast-product-gallery-with-no-image","28":"ast-product-single-variable","29":"ast-product-tabs-layout-horizontal","30":"ast-qv-on-image","32":"first","33":"instock","34":"featured","35":"shipping-taxable","36":"purchasable","37":"product-type-variable"},"yoast_head":"<!-- This site is optimized with the Yoast SEO plugin v25.9 - https:\/\/yoast.com\/wordpress\/plugins\/seo\/ -->\n<title>Crack Cocaine for Sale - Buy Crack Cocaine Online | LG<\/title>\n<meta name=\"description\" content=\"You can get in touch with our online store and buy Crack Cocaine online. We have Crack Cocaine for sale at cheap prices. Get yours at your place right away!\" \/>\n<meta name=\"robots\" content=\"index, follow, max-snippet:-1, max-image-preview:large, max-video-preview:-1\" \/>\n<link rel=\"canonical\" href=\"https:\/\/legitgrams.com\/es\/producto\/crack-cocaina\/\" \/>\n<meta property=\"og:locale\" content=\"es_ES\" \/>\n<meta property=\"og:type\" content=\"article\" \/>\n<meta property=\"og:title\" content=\"Crack Cocaine for Sale - Buy Crack Cocaine Online | LG\" \/>\n<meta property=\"og:description\" content=\"You can get in touch with our online store and buy Crack Cocaine online. We have Crack Cocaine for sale at cheap prices. Get yours at your place right away!\" \/>\n<meta property=\"og:url\" content=\"https:\/\/legitgrams.com\/es\/producto\/crack-cocaina\/\" \/>\n<meta property=\"og:site_name\" content=\"Legit Grams\" \/>\n<meta property=\"article:modified_time\" content=\"2025-12-03T12:51:34+00:00\" \/>\n<meta property=\"og:image\" content=\"https:\/\/legitgrams.com\/wp-content\/uploads\/2024\/04\/crack-cocaine.jpg\" \/>\n\t<meta property=\"og:image:width\" content=\"600\" \/>\n\t<meta property=\"og:image:height\" content=\"600\" \/>\n\t<meta property=\"og:image:type\" content=\"image\/jpeg\" \/>\n<meta name=\"twitter:card\" content=\"summary_large_image\" \/>\n<meta name=\"twitter:label1\" content=\"Tiempo de lectura\" \/>\n\t<meta name=\"twitter:data1\" content=\"3 minutos\" \/>\n<script type=\"application\/ld+json\" class=\"yoast-schema-graph\">{\"@context\":\"https:\/\/schema.org\",\"@graph\":[{\"@type\":\"WebPage\",\"@id\":\"https:\/\/legitgrams.com\/product\/crack-cocaine\/\",\"url\":\"https:\/\/legitgrams.com\/product\/crack-cocaine\/\",\"name\":\"Crack Cocaine for Sale - Buy Crack Cocaine Online | LG\",\"isPartOf\":{\"@id\":\"https:\/\/legitgrams.com\/#website\"},\"primaryImageOfPage\":{\"@id\":\"https:\/\/legitgrams.com\/product\/crack-cocaine\/#primaryimage\"},\"image\":{\"@id\":\"https:\/\/legitgrams.com\/product\/crack-cocaine\/#primaryimage\"},\"thumbnailUrl\":\"https:\/\/legitgrams.com\/wp-content\/uploads\/2024\/04\/crack-cocaine.jpg\",\"datePublished\":\"2024-04-01T10:28:41+00:00\",\"dateModified\":\"2025-12-03T12:51:34+00:00\",\"description\":\"You can get in touch with our online store and buy Crack Cocaine online. We have Crack Cocaine for sale at cheap prices. Get yours at your place right away!\",\"breadcrumb\":{\"@id\":\"https:\/\/legitgrams.com\/product\/crack-cocaine\/#breadcrumb\"},\"inLanguage\":\"es\",\"potentialAction\":[{\"@type\":\"ReadAction\",\"target\":[\"https:\/\/legitgrams.com\/product\/crack-cocaine\/\"]}]},{\"@type\":\"ImageObject\",\"inLanguage\":\"es\",\"@id\":\"https:\/\/legitgrams.com\/product\/crack-cocaine\/#primaryimage\",\"url\":\"https:\/\/legitgrams.com\/wp-content\/uploads\/2024\/04\/crack-cocaine.jpg\",\"contentUrl\":\"https:\/\/legitgrams.com\/wp-content\/uploads\/2024\/04\/crack-cocaine.jpg\",\"width\":600,\"height\":600,\"caption\":\"Crack Cocaine for Sale\"},{\"@type\":\"BreadcrumbList\",\"@id\":\"https:\/\/legitgrams.com\/product\/crack-cocaine\/#breadcrumb\",\"itemListElement\":[{\"@type\":\"ListItem\",\"position\":1,\"name\":\"Home\",\"item\":\"https:\/\/legitgrams.com\/\"},{\"@type\":\"ListItem\",\"position\":2,\"name\":\"Shop\",\"item\":\"https:\/\/legitgrams.com\/shop\/\"},{\"@type\":\"ListItem\",\"position\":3,\"name\":\"Buy Crack Cocaine Online\"}]},{\"@type\":\"WebSite\",\"@id\":\"https:\/\/legitgrams.com\/#website\",\"url\":\"https:\/\/legitgrams.com\/\",\"name\":\"Legit Grams\",\"description\":\"My WordPress Blog\",\"publisher\":{\"@id\":\"https:\/\/legitgrams.com\/#organization\"},\"potentialAction\":[{\"@type\":\"SearchAction\",\"target\":{\"@type\":\"EntryPoint\",\"urlTemplate\":\"https:\/\/legitgrams.com\/?s={search_term_string}\"},\"query-input\":{\"@type\":\"PropertyValueSpecification\",\"valueRequired\":true,\"valueName\":\"search_term_string\"}}],\"inLanguage\":\"es\"},{\"@type\":\"Organization\",\"@id\":\"https:\/\/legitgrams.com\/#organization\",\"name\":\"Legit Grams\",\"url\":\"https:\/\/legitgrams.com\/\",\"logo\":{\"@type\":\"ImageObject\",\"inLanguage\":\"es\",\"@id\":\"https:\/\/legitgrams.com\/#\/schema\/logo\/image\/\",\"url\":\"https:\/\/legitgrams.com\/wp-content\/uploads\/2024\/09\/main-logo.png\",\"contentUrl\":\"https:\/\/legitgrams.com\/wp-content\/uploads\/2024\/09\/main-logo.png\",\"width\":270,\"height\":75,\"caption\":\"Legit Grams\"},\"image\":{\"@id\":\"https:\/\/legitgrams.com\/#\/schema\/logo\/image\/\"}}]}<\/script>\n<!-- \/ Yoast SEO plugin. -->","yoast_head_json":{"title":"Crack Coca\u00edna en Venta - Comprar Crack Coca\u00edna Online | LG","description":"Puedes ponerte en contacto con nuestra tienda online y comprar Crack Coca\u00edna online. Tenemos Crack Coca\u00edna en venta a precios baratos. \u00a1Recibe la tuya en tu casa de inmediato!","robots":{"index":"index","follow":"follow","max-snippet":"max-snippet:-1","max-image-preview":"max-image-preview:large","max-video-preview":"max-video-preview:-1"},"canonical":"https:\/\/legitgrams.com\/es\/producto\/crack-cocaina\/","og_locale":"es_ES","og_type":"article","og_title":"Crack Cocaine for Sale - Buy Crack Cocaine Online | LG","og_description":"You can get in touch with our online store and buy Crack Cocaine online. We have Crack Cocaine for sale at cheap prices. Get yours at your place right away!","og_url":"https:\/\/legitgrams.com\/es\/producto\/crack-cocaina\/","og_site_name":"Legit Grams","article_modified_time":"2025-12-03T12:51:34+00:00","og_image":[{"width":600,"height":600,"url":"https:\/\/legitgrams.com\/wp-content\/uploads\/2024\/04\/crack-cocaine.jpg","type":"image\/jpeg"}],"twitter_card":"summary_large_image","twitter_misc":{"Tiempo de lectura":"3 minutos"},"schema":{"@context":"https:\/\/schema.org","@graph":[{"@type":"WebPage","@id":"https:\/\/legitgrams.com\/product\/crack-cocaine\/","url":"https:\/\/legitgrams.com\/product\/crack-cocaine\/","name":"Crack Coca\u00edna en Venta - Comprar Crack Coca\u00edna Online | LG","isPartOf":{"@id":"https:\/\/legitgrams.com\/#website"},"primaryImageOfPage":{"@id":"https:\/\/legitgrams.com\/product\/crack-cocaine\/#primaryimage"},"image":{"@id":"https:\/\/legitgrams.com\/product\/crack-cocaine\/#primaryimage"},"thumbnailUrl":"https:\/\/legitgrams.com\/wp-content\/uploads\/2024\/04\/crack-cocaine.jpg","datePublished":"2024-04-01T10:28:41+00:00","dateModified":"2025-12-03T12:51:34+00:00","description":"Puedes ponerte en contacto con nuestra tienda online y comprar Crack Coca\u00edna online. Tenemos Crack Coca\u00edna en venta a precios baratos. \u00a1Recibe la tuya en tu casa de inmediato!","breadcrumb":{"@id":"https:\/\/legitgrams.com\/product\/crack-cocaine\/#breadcrumb"},"inLanguage":"es","potentialAction":[{"@type":"ReadAction","target":["https:\/\/legitgrams.com\/product\/crack-cocaine\/"]}]},{"@type":"ImageObject","inLanguage":"es","@id":"https:\/\/legitgrams.com\/product\/crack-cocaine\/#primaryimage","url":"https:\/\/legitgrams.com\/wp-content\/uploads\/2024\/04\/crack-cocaine.jpg","contentUrl":"https:\/\/legitgrams.com\/wp-content\/uploads\/2024\/04\/crack-cocaine.jpg","width":600,"height":600,"caption":"Crack Cocaine for Sale"},{"@type":"BreadcrumbList","@id":"https:\/\/legitgrams.com\/product\/crack-cocaine\/#breadcrumb","itemListElement":[{"@type":"ListItem","position":1,"name":"Home","item":"https:\/\/legitgrams.com\/"},{"@type":"ListItem","position":2,"name":"Shop","item":"https:\/\/legitgrams.com\/shop\/"},{"@type":"ListItem","position":3,"name":"Buy Crack Cocaine Online"}]},{"@type":"WebSite","@id":"https:\/\/legitgrams.com\/#website","url":"https:\/\/legitgrams.com\/","name":"Gramos leg\u00edtimos","description":"Mi blog de WordPress","publisher":{"@id":"https:\/\/legitgrams.com\/#organization"},"potentialAction":[{"@type":"SearchAction","target":{"@type":"EntryPoint","urlTemplate":"https:\/\/legitgrams.com\/?s={search_term_string}"},"query-input":{"@type":"PropertyValueSpecification","valueRequired":true,"valueName":"search_term_string"}}],"inLanguage":"es"},{"@type":"Organization","@id":"https:\/\/legitgrams.com\/#organization","name":"Gramos leg\u00edtimos","url":"https:\/\/legitgrams.com\/","logo":{"@type":"ImageObject","inLanguage":"es","@id":"https:\/\/legitgrams.com\/#\/schema\/logo\/image\/","url":"https:\/\/legitgrams.com\/wp-content\/uploads\/2024\/09\/main-logo.png","contentUrl":"https:\/\/legitgrams.com\/wp-content\/uploads\/2024\/09\/main-logo.png","width":270,"height":75,"caption":"Legit Grams"},"image":{"@id":"https:\/\/legitgrams.com\/#\/schema\/logo\/image\/"}}]}},"uagb_featured_image_src":{"full":["https:\/\/legitgrams.com\/wp-content\/uploads\/2024\/04\/crack-cocaine.jpg",600,600,false],"thumbnail":["https:\/\/legitgrams.com\/wp-content\/uploads\/2024\/04\/crack-cocaine-150x150.jpg",150,150,true],"medium":["https:\/\/legitgrams.com\/wp-content\/uploads\/2024\/04\/crack-cocaine-300x300.jpg",300,300,true],"medium_large":["https:\/\/legitgrams.com\/wp-content\/uploads\/2024\/04\/crack-cocaine.jpg",600,600,false],"large":["https:\/\/legitgrams.com\/wp-content\/uploads\/2024\/04\/crack-cocaine.jpg",600,600,false],"1536x1536":["https:\/\/legitgrams.com\/wp-content\/uploads\/2024\/04\/crack-cocaine.jpg",600,600,false],"2048x2048":["https:\/\/legitgrams.com\/wp-content\/uploads\/2024\/04\/crack-cocaine.jpg",600,600,false],"trp-custom-language-flag":["https:\/\/legitgrams.com\/wp-content\/uploads\/2024\/04\/crack-cocaine.jpg",12,12,false],"woocommerce_thumbnail":["https:\/\/legitgrams.com\/wp-content\/uploads\/2024\/04\/crack-cocaine-300x300.jpg",300,300,true],"woocommerce_single":["https:\/\/legitgrams.com\/wp-content\/uploads\/2024\/04\/crack-cocaine.jpg",600,600,false],"woocommerce_gallery_thumbnail":["https:\/\/legitgrams.com\/wp-content\/uploads\/2024\/04\/crack-cocaine-100x100.jpg",100,100,true]},"uagb_author_info":{"display_name":"cokeblog18","author_link":"https:\/\/legitgrams.com\/es\/author\/"},"uagb_comment_info":2,"uagb_excerpt":"Find LegitGrams, the Best Place to Buy Crack Cocaine We at LegitGrams take pleasure in being your discreet and dependable online supplier for premium crack cocaine. We provide a smooth ordering experience and guarantee timely delivery to your door, all while maintaining a dedication to customer happiness and safety. Reasons to Select LegitGrams for Your&hellip;","_links":{"self":[{"href":"https:\/\/legitgrams.com\/es\/wp-json\/wp\/v2\/product\/2900","targetHints":{"allow":["GET"]}}],"collection":[{"href":"https:\/\/legitgrams.com\/es\/wp-json\/wp\/v2\/product"}],"about":[{"href":"https:\/\/legitgrams.com\/es\/wp-json\/wp\/v2\/types\/product"}],"replies":[{"embeddable":true,"href":"https:\/\/legitgrams.com\/es\/wp-json\/wp\/v2\/comments?post=2900"}],"wp:featuredmedia":[{"embeddable":true,"href":"https:\/\/legitgrams.com\/es\/wp-json\/wp\/v2\/media\/2911"}],"wp:attachment":[{"href":"https:\/\/legitgrams.com\/es\/wp-json\/wp\/v2\/media?parent=2900"}],"wp:term":[{"taxonomy":"product_brand","embeddable":true,"href":"https:\/\/legitgrams.com\/es\/wp-json\/wp\/v2\/product_brand?post=2900"},{"taxonomy":"product_cat","embeddable":true,"href":"https:\/\/legitgrams.com\/es\/wp-json\/wp\/v2\/product_cat?post=2900"},{"taxonomy":"product_tag","embeddable":true,"href":"https:\/\/legitgrams.com\/es\/wp-json\/wp\/v2\/product_tag?post=2900"}],"curies":[{"name":"wp","href":"https:\/\/api.w.org\/{rel}","templated":true}]}}