{"id":3130,"date":"2024-04-01T10:30:06","date_gmt":"2024-04-01T10:30:06","guid":{"rendered":"https:\/\/unkrautmarkt.com\/coke\/?post_type=product&#038;p=3130"},"modified":"2025-03-17T05:04:12","modified_gmt":"2025-03-17T05:04:12","slug":"2c-b-cocaina-rosa-comprar","status":"publish","type":"product","link":"https:\/\/legitgrams.com\/es\/producto\/2c-b-cocaina-rosa-comprar\/","title":{"rendered":"Gamma-butirolactona GBL"},"content":{"rendered":"<h2>Presentamos LegitGrams, la mayor fuente de coca\u00edna rosa 2C-B a la venta<\/h2>\n<p>\u00bfEst\u00e1 buscando el mejor <a href=\"https:\/\/legitgrams.com\/es\/producto\/2c-b-cocaina-rosa-comprar\/\">2C-B Coca\u00edna rosa<\/a>\u00a1No necesitas buscar m\u00e1s! Podemos ayudarte con todo, desde c\u00f3mo comprarlo hasta las ventajas de elegir un vendedor confiable como LegitGrams.<\/p>\n<h3>Entendiendo la Coca\u00edna Rosa 2C-B<\/h3>\n<p>Examinemos primero qu\u00e9 <a href=\"https:\/\/www.bing.com\/search?q=Buy%202C-B%20Pink%20Cocaine%20Online&amp;qs=n&amp;form=QBRE&amp;sp=-1&amp;lq=0&amp;pq=buy%202c-b%20pink%20cocaine%20online&amp;sc=0-28&amp;sk=&amp;cvid=491C212C02304FEE8D665A36B27E3403&amp;ghsh=0&amp;ghacc=0&amp;ghpl=\">2C-B Coca\u00edna rosa<\/a> es antes de discutir d\u00f3nde comprarlo. Debido a sus efectos euf\u00f3ricos, <a href=\"https:\/\/www.bing.com\/search?q=Buy%202C-B%20Pink%20Cocaine%20Online&amp;qs=n&amp;form=QBRE&amp;sp=-1&amp;lq=0&amp;pq=buy%202c-b%20pink%20cocaine%20online&amp;sc=0-28&amp;sk=&amp;cvid=491C212C02304FEE8D665A36B27E3403&amp;ghsh=0&amp;ghacc=0&amp;ghpl=\">2C-B Coca\u00edna rosa<\/a> Primero, examinemos qu\u00e9 es la coca\u00edna rosa 2C-B antes de analizar d\u00f3nde comprarla. Debido a sus efectos euf\u00f3ricos, la coca\u00edna rosa 2C-B es un estimulante muy buscado. Debido a sus cualidades vigorizantes y estimulantes del estado de \u00e1nimo, se utiliza con frecuencia con fines recreativos y viene en forma de polvo.<\/p>\n<h3>Las razones para elegir la coca\u00edna rosa 2C-B de LegitGrams<\/h3>\n<p>LegitGrams es la mejor opci\u00f3n para comprar coca\u00edna rosa 2C-B en l\u00ednea por varias razones.<\/p>\n<p>Producto de calidad: LegitGrams vende productos de primera calidad. <a href=\"https:\/\/en.wikipedia.org\/wiki\/2C-B\">2C-B<\/a> Polvo de coca\u00edna rosa en l\u00ednea. Para garantizar la pureza y la potencia y brindarles a los consumidores una experiencia divertida y segura, su producto se somete a un riguroso proceso de prueba.<br \/>\nEnv\u00edo confiable y seguro: LegitGrams ofrece env\u00edo discreto y seguro para <a href=\"https:\/\/www.google.com\/search?q=Buy+2C-B+Pink+Cocaine+Online&amp;num=10&amp;sca_esv=1a2a07081c7891bb&amp;rlz=1C1RXQR_enIN1098IN1098&amp;sxsrf=AHTn8zrZPb-YaIn5MF-KcPZww3rwJWPDmA%3A1742187736286&amp;ei=2KzXZ5aaEYyb4-EPzMeouQY&amp;ved=0ahUKEwiW5pyJq5CMAxWMzTgGHcwjKmcQ4dUDCBA&amp;uact=5&amp;oq=Buy+2C-B+Pink+Cocaine+Online&amp;gs_lp=Egxnd3Mtd2l6LXNlcnAiHEJ1eSAyQy1CIFBpbmsgQ29jYWluZSBPbmxpbmVI1QdQkgRYkgRwA3gAkAEAmAHDAaABwwGqAQMwLjG4AQPIAQD4AQL4AQGYAgCgAgCYAwCIBgGSBwCgB9EB&amp;sclient=gws-wiz-serp\">2C-B Pink Cocaine powder<\/a> Compras realizadas en l\u00ednea. Priorizan la privacidad de sus clientes y garantizan que los pedidos se entreguen de forma segura y puntual.<br \/>\nSimple Ordering Procedure: It&#8217;s easy to <a href=\"https:\/\/www.google.com\/search?q=Buy+2C-B+Pink+Cocaine+Online&amp;num=10&amp;sca_esv=1a2a07081c7891bb&amp;rlz=1C1RXQR_enIN1098IN1098&amp;sxsrf=AHTn8zrZPb-YaIn5MF-KcPZww3rwJWPDmA%3A1742187736286&amp;ei=2KzXZ5aaEYyb4-EPzMeouQY&amp;ved=0ahUKEwiW5pyJq5CMAxWMzTgGHcwjKmcQ4dUDCBA&amp;uact=5&amp;oq=Buy+2C-B+Pink+Cocaine+Online&amp;gs_lp=Egxnd3Mtd2l6LXNlcnAiHEJ1eSAyQy1CIFBpbmsgQ29jYWluZSBPbmxpbmVI1QdQkgRYkgRwA3gAkAEAmAHDAaABwwGqAQMwLjG4AQPIAQD4AQL4AQGYAgCgAgCYAwCIBgGSBwCgB9EB&amp;sclient=gws-wiz-serp\">Orden 2C-B Coca\u00edna rosa<\/a> from LegitGrams. You can easily browse products, place orders, and follow shipments with their user-friendly website.<\/p>\n<h3>LegitGrams: C\u00f3mo comprar coca\u00edna rosa 2C-B<\/h3>\n<p>A <a href=\"https:\/\/duckduckgo.com\/?q=Buy+2C-B+Pink+Cocaine+Online&amp;t=h_&amp;ia=web\">buy 2C-B Pink Cocaine powder<\/a> from LegitGrams, take the following actions:<\/p>\n<p>Eche un vistazo a la variedad de productos Pink Cocaine de 2C-B.<br \/>\nPon las cosas que quieras en el carrito.<\/p>\n<p>Complete el proceso de pago y proporcione sus detalles de env\u00edo.<br \/>\nDespu\u00e9s de seleccionar una opci\u00f3n de pago, finalice la transacci\u00f3n.<\/p>\n<h3>Las ventajas de comprar en LegitGrams<\/h3>\n<p>Las siguientes ventajas son suyas cuando compra Coca\u00edna Rosa 2C-B en l\u00ednea en LegitGrams:<\/p>\n<p>LegitGrams guarantees the highest grade <a href=\"https:\/\/duckduckgo.com\/?q=Buy+2C-B+Pink+Cocaine+Online&amp;t=h_&amp;ia=web\">2C-B Coca\u00edna rosa<\/a> that is devoid of contaminants and impurities.<br \/>\nEmbalaje discreto: Para preservar su privacidad mientras se env\u00eda, su pedido se empaqueta discretamente.<br \/>\nTransacciones seguras: Para proteger su informaci\u00f3n financiera, Legit Grams utiliza m\u00e9todos de pago seguros.<\/p>\n<p>LegitGrams es el mejor lugar para comprar coca\u00edna rosa 2C-B en l\u00ednea. Puede confiar en LegitGrams para brindar una excelente experiencia de compra debido a su dedicaci\u00f3n a la calidad, el env\u00edo discreto y el proceso de compra sencillo. Nunca acepte nada menos que lo mejor para todas sus necesidades de coca\u00edna rosa 2C-B. Mejore sus actividades de ocio de manera responsable y segura haciendo una compra en LegitGrams ahora mismo.<\/p>","protected":false},"excerpt":{"rendered":"<p>Introducing LegitGrams, the Greatest Source for 2C-B Pink Cocaine for Sale Are you trying to find the best 2C-B Pink Cocaine? You don&#8217;t need to search any farther! We can help you with anything from knowing how to buy it to the advantages of picking a trustworthy seller like LegitGrams. Comprehending Pink Cocaine 2C-B Let&#8217;s &hellip;<\/p>\n<p class=\"read-more\"> <a class=\"\" href=\"https:\/\/legitgrams.com\/es\/producto\/2c-b-cocaina-rosa-comprar\/\"> <span class=\"screen-reader-text\">Gamma-butirolactona GBL<\/span> Leer m\u00e1s \"<\/a><\/p>","protected":false},"featured_media":3137,"comment_status":"open","ping_status":"closed","template":"","meta":{"_uag_custom_page_level_css":"","site-sidebar-layout":"default","site-content-layout":"default","ast-global-header-display":"","ast-main-header-display":"","ast-hfb-above-header-display":"","ast-hfb-below-header-display":"","ast-hfb-mobile-header-display":"","site-post-title":"","ast-breadcrumbs-content":"","ast-featured-img":"","footer-sml-layout":"","theme-transparent-header-meta":"default","adv-header-id-meta":"","stick-header-meta":"default","header-above-stick-meta":"","header-main-stick-meta":"","header-below-stick-meta":"","_joinchat":[]},"product_brand":[],"product_cat":[70],"product_tag":[180,181,182,183,184,185,186,187],"class_list":{"0":"post-3130","1":"product","2":"type-product","3":"status-publish","4":"has-post-thumbnail","6":"product_cat-cocaine","7":"product_tag-2c-b-pink-cocaine-for-sale","8":"product_tag-2c-b-pink-cocaine-powder-for-sale-europe","9":"product_tag-2c-b-pink-cocaine-powder-for-sale-in-netherland","10":"product_tag-2c-pink-cocaine-powder-for-sale","11":"product_tag-buy-2c-b-pink-cocaine","12":"product_tag-buy-2c-b-pink-powder-cocaine","13":"product_tag-buy-2c-pink-cocaine-powder","14":"product_tag-purchase-2c-b-pink-cocaine","15":"desktop-align-left","16":"tablet-align-left","17":"mobile-align-left","18":"ast-product-gallery-layout-horizontal","19":"ast-product-gallery-with-no-image","20":"ast-product-single-variable","21":"ast-product-tabs-layout-horizontal","22":"ast-qv-on-image","24":"first","25":"instock","26":"featured","27":"shipping-taxable","28":"purchasable","29":"product-type-variable"},"yoast_head":"<!-- This site is optimized with the Yoast SEO plugin v25.9 - https:\/\/yoast.com\/wordpress\/plugins\/seo\/ -->\n<title>2C-B Pink Cocaine for Sale - Buy 2C-B Pink Cocaine Online<\/title>\n<meta name=\"description\" content=\"Your order for 2C-B Pink Cocaine for sale is our responsibility. We will take your request to buy 2C-B Pink Cocaine powder online into consideration and reach you in a short period. Find Best deals Now!\" \/>\n<meta name=\"robots\" content=\"index, follow, max-snippet:-1, max-image-preview:large, max-video-preview:-1\" \/>\n<link rel=\"canonical\" href=\"https:\/\/legitgrams.com\/es\/producto\/2c-b-cocaina-rosa-comprar\/\" \/>\n<meta property=\"og:locale\" content=\"es_ES\" \/>\n<meta property=\"og:type\" content=\"article\" \/>\n<meta property=\"og:title\" content=\"2C-B Pink Cocaine for Sale - Buy 2C-B Pink Cocaine Online\" \/>\n<meta property=\"og:description\" content=\"Your order for 2C-B Pink Cocaine for sale is our responsibility. We will take your request to buy 2C-B Pink Cocaine powder online into consideration and reach you in a short period. Find Best deals Now!\" \/>\n<meta property=\"og:url\" content=\"https:\/\/legitgrams.com\/es\/producto\/2c-b-cocaina-rosa-comprar\/\" \/>\n<meta property=\"og:site_name\" content=\"Legit Grams\" \/>\n<meta property=\"article:modified_time\" content=\"2025-03-17T05:04:12+00:00\" \/>\n<meta property=\"og:image\" content=\"https:\/\/legitgrams.com\/wp-content\/uploads\/2024\/04\/2cb-powder.webp\" \/>\n\t<meta property=\"og:image:width\" content=\"768\" \/>\n\t<meta property=\"og:image:height\" content=\"841\" \/>\n\t<meta property=\"og:image:type\" content=\"image\/webp\" \/>\n<meta name=\"twitter:card\" content=\"summary_large_image\" \/>\n<meta name=\"twitter:label1\" content=\"Tiempo de lectura\" \/>\n\t<meta name=\"twitter:data1\" content=\"2 minutos\" \/>\n<script type=\"application\/ld+json\" class=\"yoast-schema-graph\">{\"@context\":\"https:\/\/schema.org\",\"@graph\":[{\"@type\":\"WebPage\",\"@id\":\"https:\/\/legitgrams.com\/product\/2c-b-pink-cocaine\/\",\"url\":\"https:\/\/legitgrams.com\/product\/2c-b-pink-cocaine\/\",\"name\":\"2C-B Pink Cocaine for Sale - Buy 2C-B Pink Cocaine Online\",\"isPartOf\":{\"@id\":\"https:\/\/legitgrams.com\/#website\"},\"primaryImageOfPage\":{\"@id\":\"https:\/\/legitgrams.com\/product\/2c-b-pink-cocaine\/#primaryimage\"},\"image\":{\"@id\":\"https:\/\/legitgrams.com\/product\/2c-b-pink-cocaine\/#primaryimage\"},\"thumbnailUrl\":\"https:\/\/legitgrams.com\/wp-content\/uploads\/2024\/04\/2cb-powder.webp\",\"datePublished\":\"2024-04-01T10:30:06+00:00\",\"dateModified\":\"2025-03-17T05:04:12+00:00\",\"description\":\"Your order for 2C-B Pink Cocaine for sale is our responsibility. We will take your request to buy 2C-B Pink Cocaine powder online into consideration and reach you in a short period. Find Best deals Now!\",\"breadcrumb\":{\"@id\":\"https:\/\/legitgrams.com\/product\/2c-b-pink-cocaine\/#breadcrumb\"},\"inLanguage\":\"es\",\"potentialAction\":[{\"@type\":\"ReadAction\",\"target\":[\"https:\/\/legitgrams.com\/product\/2c-b-pink-cocaine\/\"]}]},{\"@type\":\"ImageObject\",\"inLanguage\":\"es\",\"@id\":\"https:\/\/legitgrams.com\/product\/2c-b-pink-cocaine\/#primaryimage\",\"url\":\"https:\/\/legitgrams.com\/wp-content\/uploads\/2024\/04\/2cb-powder.webp\",\"contentUrl\":\"https:\/\/legitgrams.com\/wp-content\/uploads\/2024\/04\/2cb-powder.webp\",\"width\":768,\"height\":841,\"caption\":\"2C-B Pink Cocaine for Sale\"},{\"@type\":\"BreadcrumbList\",\"@id\":\"https:\/\/legitgrams.com\/product\/2c-b-pink-cocaine\/#breadcrumb\",\"itemListElement\":[{\"@type\":\"ListItem\",\"position\":1,\"name\":\"Home\",\"item\":\"https:\/\/legitgrams.com\/\"},{\"@type\":\"ListItem\",\"position\":2,\"name\":\"Shop\",\"item\":\"https:\/\/legitgrams.com\/shop\/\"},{\"@type\":\"ListItem\",\"position\":3,\"name\":\"Buy 2C-B Pink Cocaine Online\"}]},{\"@type\":\"WebSite\",\"@id\":\"https:\/\/legitgrams.com\/#website\",\"url\":\"https:\/\/legitgrams.com\/\",\"name\":\"Legit Grams\",\"description\":\"My WordPress Blog\",\"publisher\":{\"@id\":\"https:\/\/legitgrams.com\/#organization\"},\"potentialAction\":[{\"@type\":\"SearchAction\",\"target\":{\"@type\":\"EntryPoint\",\"urlTemplate\":\"https:\/\/legitgrams.com\/?s={search_term_string}\"},\"query-input\":{\"@type\":\"PropertyValueSpecification\",\"valueRequired\":true,\"valueName\":\"search_term_string\"}}],\"inLanguage\":\"es\"},{\"@type\":\"Organization\",\"@id\":\"https:\/\/legitgrams.com\/#organization\",\"name\":\"Legit Grams\",\"url\":\"https:\/\/legitgrams.com\/\",\"logo\":{\"@type\":\"ImageObject\",\"inLanguage\":\"es\",\"@id\":\"https:\/\/legitgrams.com\/#\/schema\/logo\/image\/\",\"url\":\"https:\/\/legitgrams.com\/wp-content\/uploads\/2024\/09\/main-logo.png\",\"contentUrl\":\"https:\/\/legitgrams.com\/wp-content\/uploads\/2024\/09\/main-logo.png\",\"width\":270,\"height\":75,\"caption\":\"Legit Grams\"},\"image\":{\"@id\":\"https:\/\/legitgrams.com\/#\/schema\/logo\/image\/\"}}]}<\/script>\n<!-- \/ Yoast SEO plugin. -->","yoast_head_json":{"title":"2C-B Coca\u00edna Rosa en Venta - Comprar 2C-B Coca\u00edna Rosa Online","description":"Su pedido de 2C-B Pink Cocaine en venta es nuestra responsabilidad. Tendremos en cuenta su solicitud para comprar 2C-B Pink Cocaine en polvo en l\u00ednea y llegar a usted en un corto per\u00edodo de tiempo. \u00a1Encuentre las mejores ofertas ahora!","robots":{"index":"index","follow":"follow","max-snippet":"max-snippet:-1","max-image-preview":"max-image-preview:large","max-video-preview":"max-video-preview:-1"},"canonical":"https:\/\/legitgrams.com\/es\/producto\/2c-b-cocaina-rosa-comprar\/","og_locale":"es_ES","og_type":"article","og_title":"2C-B Pink Cocaine for Sale - Buy 2C-B Pink Cocaine Online","og_description":"Your order for 2C-B Pink Cocaine for sale is our responsibility. We will take your request to buy 2C-B Pink Cocaine powder online into consideration and reach you in a short period. Find Best deals Now!","og_url":"https:\/\/legitgrams.com\/es\/producto\/2c-b-cocaina-rosa-comprar\/","og_site_name":"Legit Grams","article_modified_time":"2025-03-17T05:04:12+00:00","og_image":[{"width":768,"height":841,"url":"https:\/\/legitgrams.com\/wp-content\/uploads\/2024\/04\/2cb-powder.webp","type":"image\/webp"}],"twitter_card":"summary_large_image","twitter_misc":{"Tiempo de lectura":"2 minutos"},"schema":{"@context":"https:\/\/schema.org","@graph":[{"@type":"WebPage","@id":"https:\/\/legitgrams.com\/product\/2c-b-pink-cocaine\/","url":"https:\/\/legitgrams.com\/product\/2c-b-pink-cocaine\/","name":"2C-B Coca\u00edna Rosa en Venta - Comprar 2C-B Coca\u00edna Rosa Online","isPartOf":{"@id":"https:\/\/legitgrams.com\/#website"},"primaryImageOfPage":{"@id":"https:\/\/legitgrams.com\/product\/2c-b-pink-cocaine\/#primaryimage"},"image":{"@id":"https:\/\/legitgrams.com\/product\/2c-b-pink-cocaine\/#primaryimage"},"thumbnailUrl":"https:\/\/legitgrams.com\/wp-content\/uploads\/2024\/04\/2cb-powder.webp","datePublished":"2024-04-01T10:30:06+00:00","dateModified":"2025-03-17T05:04:12+00:00","description":"Su pedido de 2C-B Pink Cocaine en venta es nuestra responsabilidad. Tendremos en cuenta su solicitud para comprar 2C-B Pink Cocaine en polvo en l\u00ednea y llegar a usted en un corto per\u00edodo de tiempo. \u00a1Encuentre las mejores ofertas ahora!","breadcrumb":{"@id":"https:\/\/legitgrams.com\/product\/2c-b-pink-cocaine\/#breadcrumb"},"inLanguage":"es","potentialAction":[{"@type":"ReadAction","target":["https:\/\/legitgrams.com\/product\/2c-b-pink-cocaine\/"]}]},{"@type":"ImageObject","inLanguage":"es","@id":"https:\/\/legitgrams.com\/product\/2c-b-pink-cocaine\/#primaryimage","url":"https:\/\/legitgrams.com\/wp-content\/uploads\/2024\/04\/2cb-powder.webp","contentUrl":"https:\/\/legitgrams.com\/wp-content\/uploads\/2024\/04\/2cb-powder.webp","width":768,"height":841,"caption":"2C-B Pink Cocaine for Sale"},{"@type":"BreadcrumbList","@id":"https:\/\/legitgrams.com\/product\/2c-b-pink-cocaine\/#breadcrumb","itemListElement":[{"@type":"ListItem","position":1,"name":"Home","item":"https:\/\/legitgrams.com\/"},{"@type":"ListItem","position":2,"name":"Shop","item":"https:\/\/legitgrams.com\/shop\/"},{"@type":"ListItem","position":3,"name":"Buy 2C-B Pink Cocaine Online"}]},{"@type":"WebSite","@id":"https:\/\/legitgrams.com\/#website","url":"https:\/\/legitgrams.com\/","name":"Gramos leg\u00edtimos","description":"Mi blog de WordPress","publisher":{"@id":"https:\/\/legitgrams.com\/#organization"},"potentialAction":[{"@type":"SearchAction","target":{"@type":"EntryPoint","urlTemplate":"https:\/\/legitgrams.com\/?s={search_term_string}"},"query-input":{"@type":"PropertyValueSpecification","valueRequired":true,"valueName":"search_term_string"}}],"inLanguage":"es"},{"@type":"Organization","@id":"https:\/\/legitgrams.com\/#organization","name":"Gramos leg\u00edtimos","url":"https:\/\/legitgrams.com\/","logo":{"@type":"ImageObject","inLanguage":"es","@id":"https:\/\/legitgrams.com\/#\/schema\/logo\/image\/","url":"https:\/\/legitgrams.com\/wp-content\/uploads\/2024\/09\/main-logo.png","contentUrl":"https:\/\/legitgrams.com\/wp-content\/uploads\/2024\/09\/main-logo.png","width":270,"height":75,"caption":"Legit Grams"},"image":{"@id":"https:\/\/legitgrams.com\/#\/schema\/logo\/image\/"}}]}},"uagb_featured_image_src":{"full":["https:\/\/legitgrams.com\/wp-content\/uploads\/2024\/04\/2cb-powder.webp",768,841,false],"thumbnail":["https:\/\/legitgrams.com\/wp-content\/uploads\/2024\/04\/2cb-powder-150x150.webp",150,150,true],"medium":["https:\/\/legitgrams.com\/wp-content\/uploads\/2024\/04\/2cb-powder-274x300.webp",274,300,true],"medium_large":["https:\/\/legitgrams.com\/wp-content\/uploads\/2024\/04\/2cb-powder.webp",768,841,false],"large":["https:\/\/legitgrams.com\/wp-content\/uploads\/2024\/04\/2cb-powder.webp",768,841,false],"1536x1536":["https:\/\/legitgrams.com\/wp-content\/uploads\/2024\/04\/2cb-powder.webp",768,841,false],"2048x2048":["https:\/\/legitgrams.com\/wp-content\/uploads\/2024\/04\/2cb-powder.webp",768,841,false],"trp-custom-language-flag":["https:\/\/legitgrams.com\/wp-content\/uploads\/2024\/04\/2cb-powder.webp",11,12,false],"woocommerce_thumbnail":["https:\/\/legitgrams.com\/wp-content\/uploads\/2024\/04\/2cb-powder-300x300.webp",300,300,true],"woocommerce_single":["https:\/\/legitgrams.com\/wp-content\/uploads\/2024\/04\/2cb-powder-600x657.webp",600,657,true],"woocommerce_gallery_thumbnail":["https:\/\/legitgrams.com\/wp-content\/uploads\/2024\/04\/2cb-powder-100x100.webp",100,100,true]},"uagb_author_info":{"display_name":"cokeblog18","author_link":"https:\/\/legitgrams.com\/es\/author\/"},"uagb_comment_info":0,"uagb_excerpt":"Introducing LegitGrams, the Greatest Source for 2C-B Pink Cocaine for Sale Are you trying to find the best 2C-B Pink Cocaine? You don&#8217;t need to search any farther! We can help you with anything from knowing how to buy it to the advantages of picking a trustworthy seller like LegitGrams. Comprehending Pink Cocaine 2C-B Let&#8217;s&hellip;","_links":{"self":[{"href":"https:\/\/legitgrams.com\/es\/wp-json\/wp\/v2\/product\/3130","targetHints":{"allow":["GET"]}}],"collection":[{"href":"https:\/\/legitgrams.com\/es\/wp-json\/wp\/v2\/product"}],"about":[{"href":"https:\/\/legitgrams.com\/es\/wp-json\/wp\/v2\/types\/product"}],"replies":[{"embeddable":true,"href":"https:\/\/legitgrams.com\/es\/wp-json\/wp\/v2\/comments?post=3130"}],"wp:featuredmedia":[{"embeddable":true,"href":"https:\/\/legitgrams.com\/es\/wp-json\/wp\/v2\/media\/3137"}],"wp:attachment":[{"href":"https:\/\/legitgrams.com\/es\/wp-json\/wp\/v2\/media?parent=3130"}],"wp:term":[{"taxonomy":"product_brand","embeddable":true,"href":"https:\/\/legitgrams.com\/es\/wp-json\/wp\/v2\/product_brand?post=3130"},{"taxonomy":"product_cat","embeddable":true,"href":"https:\/\/legitgrams.com\/es\/wp-json\/wp\/v2\/product_cat?post=3130"},{"taxonomy":"product_tag","embeddable":true,"href":"https:\/\/legitgrams.com\/es\/wp-json\/wp\/v2\/product_tag?post=3130"}],"curies":[{"name":"wp","href":"https:\/\/api.w.org\/{rel}","templated":true}]}}