{"id":3238,"date":"2024-08-03T05:18:04","date_gmt":"2024-08-03T05:18:04","guid":{"rendered":"https:\/\/cokebricks.com\/?post_type=product&#038;p=3238"},"modified":"2025-06-12T22:12:50","modified_gmt":"2025-06-12T22:12:50","slug":"cocaina","status":"publish","type":"product","link":"https:\/\/legitgrams.com\/es\/producto\/cocaina\/","title":{"rendered":"Comprar coca\u00edna en l\u00ednea"},"content":{"rendered":"<h2>Comprar Coca\u00edna Online | Comprar Coca\u00edna<\/h2>\n<p>comparable a <a href=\"https:\/\/www.bing.com\/search?q=Buy%20Cocaine%20Online&amp;qs=n&amp;form=QBRE&amp;sp=-1&amp;lq=0&amp;pq=buy%20cocaine%20online&amp;sc=0-18&amp;sk=&amp;cvid=86F7F7051BA84E1292A6DAB3B2741B31&amp;ghsh=0&amp;ghacc=0&amp;ghpl=\">coca\u00edna sint\u00e9tica<\/a> <a href=\"https:\/\/legitgrams.com\/es\/producto\/cocaina\/\">Coca\u00edna<\/a> Es una sustancia derivada del tropano. La acci\u00f3n inhibidora de la recaptaci\u00f3n de dopamina de la coca\u00edna comprada en l\u00ednea es solo ligeramente mayor que la de... <a href=\"https:\/\/www.bing.com\/search?q=Buy%20Cocaine%20Online&amp;qs=n&amp;form=QBRE&amp;sp=-1&amp;lq=0&amp;pq=buy%20cocaine%20online&amp;sc=0-18&amp;sk=&amp;cvid=86F7F7051BA84E1292A6DAB3B2741B31&amp;ghsh=0&amp;ghacc=0&amp;ghpl=\">coca\u00edna<\/a> en comparaci\u00f3n con medicamentos como el derivado similar de la coca\u00edna CFT y su an\u00e1logo 2'-hidroxi salicilmetilecgonina. <a href=\"https:\/\/legitgrams.com\/es\/\">LegitGrams<\/a><\/p>\n<h3>El principal minorista en l\u00ednea de coca\u00edna en polvo<\/h3>\n<p><a href=\"https:\/\/en.wikipedia.org\/wiki\/Cocaine\">Coca\u00edna<\/a>La an\u00e1loga de la coca\u00edna proviene del tropano. <a href=\"https:\/\/www.google.com\/search?q=Buy+Cocaine+Online&amp;num=10&amp;sca_esv=1a2a07081c7891bb&amp;rlz=1C1RXQR_enIN1098IN1098&amp;sxsrf=AHTn8zrenf0jcvJL5iPn9PqlCgfWAW7sMg%3A1742187579792&amp;ei=O6zXZ96EMIqK4-EPkIOF6Qk&amp;ved=0ahUKEwiejs2-qpCMAxUKxTgGHZBBIZ0Q4dUDCBA&amp;uact=5&amp;oq=Buy+Cocaine+Online&amp;gs_lp=Egxnd3Mtd2l6LXNlcnAiEkJ1eSBDb2NhaW5lIE9ubGluZUiwB1CFBFiFBHADeACQAQCYAaIBoAGiAaoBAzAuMbgBA8gBAPgBAvgBAZgCA6ACDMICCBAAGLADGO8FwgILEAAYgAQYsAMYogSYAwCIBgGQBgKSBwEzoAdG&amp;sclient=gws-wiz-serp\">Coca\u00edna<\/a> El an\u00e1logo de la coca\u00edna, el tropano, tiene un perfil farmacol\u00f3gico significativamente diferente en las pruebas con animales porque es un inhibidor mucho m\u00e1s fuerte de la recaptaci\u00f3n de serotonina que la coca\u00edna, pero es solo marginalmente m\u00e1s eficaz que la coca\u00edna como inhibidor de la recaptaci\u00f3n de dopamina. Esto contrasta con compuestos comparables como el derivado an\u00e1logo de la coca\u00edna CFT y su contraparte 2'-hidroxi salicilmetil lecgonina. <a href=\"https:\/\/www.google.com\/search?q=Buy+Cocaine+Online&amp;num=10&amp;sca_esv=1a2a07081c7891bb&amp;rlz=1C1RXQR_enIN1098IN1098&amp;sxsrf=AHTn8zrenf0jcvJL5iPn9PqlCgfWAW7sMg%3A1742187579792&amp;ei=O6zXZ96EMIqK4-EPkIOF6Qk&amp;ved=0ahUKEwiejs2-qpCMAxUKxTgGHZBBIZ0Q4dUDCBA&amp;uact=5&amp;oq=Buy+Cocaine+Online&amp;gs_lp=Egxnd3Mtd2l6LXNlcnAiEkJ1eSBDb2NhaW5lIE9ubGluZUiwB1CFBFiFBHADeACQAQCYAaIBoAGiAaoBAzAuMbgBA8gBAPgBAvgBAZgCA6ACDMICCBAAGLADGO8FwgILEAAYgAQYsAMYogSYAwCIBgGQBgKSBwEzoAdG&amp;sclient=gws-wiz-serp\">Coca\u00edna<\/a> derivative CFT and the 2\u2032-hydroxy counterpart salicylmethy lecgonine.<\/p>\n<p>We provide excellent <a href=\"https:\/\/duckduckgo.com\/?q=Buy+Cocaine+Online&amp;t=h_&amp;ia=web\">productos qu\u00edmicos de investigaci\u00f3n<\/a>Ofrecemos excelentes productos qu\u00edmicos para investigaci\u00f3n. Todas nuestras sustancias est\u00e1n completamente estandarizadas. Con un nivel de pureza del %, se pueden utilizar tanto para fines personales como de investigaci\u00f3n. Para pedidos m\u00e1s grandes, ofrecemos precios e incentivos fant\u00e1sticos. Podemos ofrecer nuestros productos qu\u00edmicos para investigaci\u00f3n a precios incre\u00edblemente asequibles, ya que tenemos acceso directo a una planta de producci\u00f3n. Realizamos env\u00edos a Sudam\u00e9rica, Europa, Australia y Estados Unidos. Contamos con la mayor\u00eda, si no todos, de los compuestos m\u00e1s utilizados disponibles. <a href=\"https:\/\/duckduckgo.com\/?q=Buy+Cocaine+Online&amp;t=h_&amp;ia=web\">carry<\/a> el m\u00e1s utilizado, si no todos, de los compuestos disponibles.<\/p>\n<p>&nbsp;<\/p>","protected":false},"excerpt":{"rendered":"<p>Purchase Cocaine Online | Buy Cocaine comparable to synthetic cocaine Cocaine is one substance derived from tropane. The dopamine reuptake inhibitory action of purchase cocaine online is only slightly higher than that of cocaine when compared to medications like the similar cocaine derivative CFT and its 2\u2032-hydroxy analog salicylmethylecgonine. LegitGrams top online retailer of cocaine &hellip;<\/p>\n<p class=\"read-more\"> <a class=\"\" href=\"https:\/\/legitgrams.com\/es\/producto\/cocaina\/\"> <span class=\"screen-reader-text\">Comprar coca\u00edna en l\u00ednea<\/span> Leer m\u00e1s \"<\/a><\/p>","protected":false},"featured_media":3248,"comment_status":"open","ping_status":"closed","template":"","meta":{"_uag_custom_page_level_css":"","site-sidebar-layout":"default","site-content-layout":"default","ast-global-header-display":"","ast-main-header-display":"","ast-hfb-above-header-display":"","ast-hfb-below-header-display":"","ast-hfb-mobile-header-display":"","site-post-title":"","ast-breadcrumbs-content":"","ast-featured-img":"","footer-sml-layout":"","theme-transparent-header-meta":"default","adv-header-id-meta":"","stick-header-meta":"default","header-above-stick-meta":"","header-main-stick-meta":"","header-below-stick-meta":"","_joinchat":[]},"product_brand":[],"product_cat":[70],"product_tag":[589,590,592,591,593,594],"class_list":{"0":"post-3238","1":"product","2":"type-product","3":"status-publish","4":"has-post-thumbnail","6":"product_cat-cocaine","7":"product_tag-buy-cocaine","8":"product_tag-buy-cocaine-online","9":"product_tag-cocaine-cannabinoids-for-sale","10":"product_tag-cocaine-for-sale","11":"product_tag-cocaine-for-sale-online","12":"product_tag-cocaine-powder-for-sale","13":"desktop-align-left","14":"tablet-align-left","15":"mobile-align-left","16":"ast-product-gallery-layout-horizontal","17":"ast-product-gallery-with-no-image","18":"ast-product-single-variable","19":"ast-product-tabs-layout-horizontal","20":"ast-qv-on-image","22":"first","23":"instock","24":"shipping-taxable","25":"purchasable","26":"product-type-variable"},"yoast_head":"<!-- This site is optimized with the Yoast SEO plugin v25.9 - https:\/\/yoast.com\/wordpress\/plugins\/seo\/ -->\n<title>Cocaine for Sale - Order Cocaine Powder Online at Best Price<\/title>\n<meta name=\"description\" content=\"Our online Legitgrams store has the best quality Cocaine Powder for sale. If you want to buy Cocaine Powder online, then we can help you from all ends. Order today!\" \/>\n<meta name=\"robots\" content=\"index, follow, max-snippet:-1, max-image-preview:large, max-video-preview:-1\" \/>\n<link rel=\"canonical\" href=\"https:\/\/legitgrams.com\/es\/producto\/cocaina\/\" \/>\n<meta property=\"og:locale\" content=\"es_ES\" \/>\n<meta property=\"og:type\" content=\"article\" \/>\n<meta property=\"og:title\" content=\"Cocaine for Sale - Order Cocaine Powder Online at Best Price\" \/>\n<meta property=\"og:description\" content=\"Our online Legitgrams store has the best quality Cocaine Powder for sale. If you want to buy Cocaine Powder online, then we can help you from all ends. Order today!\" \/>\n<meta property=\"og:url\" content=\"https:\/\/legitgrams.com\/es\/producto\/cocaina\/\" \/>\n<meta property=\"og:site_name\" content=\"Legit Grams\" \/>\n<meta property=\"article:modified_time\" content=\"2025-06-12T22:12:50+00:00\" \/>\n<meta property=\"og:image\" content=\"https:\/\/legitgrams.com\/wp-content\/uploads\/2024\/08\/cocaine.gif\" \/>\n\t<meta property=\"og:image:width\" content=\"600\" \/>\n\t<meta property=\"og:image:height\" content=\"600\" \/>\n\t<meta property=\"og:image:type\" content=\"image\/gif\" \/>\n<meta name=\"twitter:card\" content=\"summary_large_image\" \/>\n<meta name=\"twitter:label1\" content=\"Tiempo de lectura\" \/>\n\t<meta name=\"twitter:data1\" content=\"2 minutos\" \/>\n<script type=\"application\/ld+json\" class=\"yoast-schema-graph\">{\"@context\":\"https:\/\/schema.org\",\"@graph\":[{\"@type\":\"WebPage\",\"@id\":\"https:\/\/legitgrams.com\/product\/cocaine\/\",\"url\":\"https:\/\/legitgrams.com\/product\/cocaine\/\",\"name\":\"Cocaine for Sale - Order Cocaine Powder Online at Best Price\",\"isPartOf\":{\"@id\":\"https:\/\/legitgrams.com\/#website\"},\"primaryImageOfPage\":{\"@id\":\"https:\/\/legitgrams.com\/product\/cocaine\/#primaryimage\"},\"image\":{\"@id\":\"https:\/\/legitgrams.com\/product\/cocaine\/#primaryimage\"},\"thumbnailUrl\":\"https:\/\/legitgrams.com\/wp-content\/uploads\/2024\/08\/cocaine.gif\",\"datePublished\":\"2024-08-03T05:18:04+00:00\",\"dateModified\":\"2025-06-12T22:12:50+00:00\",\"description\":\"Our online Legitgrams store has the best quality Cocaine Powder for sale. If you want to buy Cocaine Powder online, then we can help you from all ends. Order today!\",\"breadcrumb\":{\"@id\":\"https:\/\/legitgrams.com\/product\/cocaine\/#breadcrumb\"},\"inLanguage\":\"es\",\"potentialAction\":[{\"@type\":\"ReadAction\",\"target\":[\"https:\/\/legitgrams.com\/product\/cocaine\/\"]}]},{\"@type\":\"ImageObject\",\"inLanguage\":\"es\",\"@id\":\"https:\/\/legitgrams.com\/product\/cocaine\/#primaryimage\",\"url\":\"https:\/\/legitgrams.com\/wp-content\/uploads\/2024\/08\/cocaine.gif\",\"contentUrl\":\"https:\/\/legitgrams.com\/wp-content\/uploads\/2024\/08\/cocaine.gif\",\"width\":600,\"height\":600,\"caption\":\"Cocaine for Sale\"},{\"@type\":\"BreadcrumbList\",\"@id\":\"https:\/\/legitgrams.com\/product\/cocaine\/#breadcrumb\",\"itemListElement\":[{\"@type\":\"ListItem\",\"position\":1,\"name\":\"Home\",\"item\":\"https:\/\/legitgrams.com\/\"},{\"@type\":\"ListItem\",\"position\":2,\"name\":\"Shop\",\"item\":\"https:\/\/legitgrams.com\/shop\/\"},{\"@type\":\"ListItem\",\"position\":3,\"name\":\"Buy Cocaine Online\"}]},{\"@type\":\"WebSite\",\"@id\":\"https:\/\/legitgrams.com\/#website\",\"url\":\"https:\/\/legitgrams.com\/\",\"name\":\"Legit Grams\",\"description\":\"My WordPress Blog\",\"publisher\":{\"@id\":\"https:\/\/legitgrams.com\/#organization\"},\"potentialAction\":[{\"@type\":\"SearchAction\",\"target\":{\"@type\":\"EntryPoint\",\"urlTemplate\":\"https:\/\/legitgrams.com\/?s={search_term_string}\"},\"query-input\":{\"@type\":\"PropertyValueSpecification\",\"valueRequired\":true,\"valueName\":\"search_term_string\"}}],\"inLanguage\":\"es\"},{\"@type\":\"Organization\",\"@id\":\"https:\/\/legitgrams.com\/#organization\",\"name\":\"Legit Grams\",\"url\":\"https:\/\/legitgrams.com\/\",\"logo\":{\"@type\":\"ImageObject\",\"inLanguage\":\"es\",\"@id\":\"https:\/\/legitgrams.com\/#\/schema\/logo\/image\/\",\"url\":\"https:\/\/legitgrams.com\/wp-content\/uploads\/2024\/09\/main-logo.png\",\"contentUrl\":\"https:\/\/legitgrams.com\/wp-content\/uploads\/2024\/09\/main-logo.png\",\"width\":270,\"height\":75,\"caption\":\"Legit Grams\"},\"image\":{\"@id\":\"https:\/\/legitgrams.com\/#\/schema\/logo\/image\/\"}}]}<\/script>\n<!-- \/ Yoast SEO plugin. -->","yoast_head_json":{"title":"Coca\u00edna en venta - Comprar coca\u00edna en polvo en l\u00ednea al mejor precio","description":"Nuestra tienda en l\u00ednea Legitgrams tiene la mejor calidad de Coca\u00edna en polvo para la venta. Si quieres comprar Coca\u00edna en Polvo online, entonces podemos ayudarte desde todos los extremos. \u00a1Haga su pedido hoy mismo!","robots":{"index":"index","follow":"follow","max-snippet":"max-snippet:-1","max-image-preview":"max-image-preview:large","max-video-preview":"max-video-preview:-1"},"canonical":"https:\/\/legitgrams.com\/es\/producto\/cocaina\/","og_locale":"es_ES","og_type":"article","og_title":"Cocaine for Sale - Order Cocaine Powder Online at Best Price","og_description":"Our online Legitgrams store has the best quality Cocaine Powder for sale. If you want to buy Cocaine Powder online, then we can help you from all ends. Order today!","og_url":"https:\/\/legitgrams.com\/es\/producto\/cocaina\/","og_site_name":"Legit Grams","article_modified_time":"2025-06-12T22:12:50+00:00","og_image":[{"width":600,"height":600,"url":"https:\/\/legitgrams.com\/wp-content\/uploads\/2024\/08\/cocaine.gif","type":"image\/gif"}],"twitter_card":"summary_large_image","twitter_misc":{"Tiempo de lectura":"2 minutos"},"schema":{"@context":"https:\/\/schema.org","@graph":[{"@type":"WebPage","@id":"https:\/\/legitgrams.com\/product\/cocaine\/","url":"https:\/\/legitgrams.com\/product\/cocaine\/","name":"Coca\u00edna en venta - Comprar coca\u00edna en polvo en l\u00ednea al mejor precio","isPartOf":{"@id":"https:\/\/legitgrams.com\/#website"},"primaryImageOfPage":{"@id":"https:\/\/legitgrams.com\/product\/cocaine\/#primaryimage"},"image":{"@id":"https:\/\/legitgrams.com\/product\/cocaine\/#primaryimage"},"thumbnailUrl":"https:\/\/legitgrams.com\/wp-content\/uploads\/2024\/08\/cocaine.gif","datePublished":"2024-08-03T05:18:04+00:00","dateModified":"2025-06-12T22:12:50+00:00","description":"Nuestra tienda en l\u00ednea Legitgrams tiene la mejor calidad de Coca\u00edna en polvo para la venta. Si quieres comprar Coca\u00edna en Polvo online, entonces podemos ayudarte desde todos los extremos. \u00a1Haga su pedido hoy mismo!","breadcrumb":{"@id":"https:\/\/legitgrams.com\/product\/cocaine\/#breadcrumb"},"inLanguage":"es","potentialAction":[{"@type":"ReadAction","target":["https:\/\/legitgrams.com\/product\/cocaine\/"]}]},{"@type":"ImageObject","inLanguage":"es","@id":"https:\/\/legitgrams.com\/product\/cocaine\/#primaryimage","url":"https:\/\/legitgrams.com\/wp-content\/uploads\/2024\/08\/cocaine.gif","contentUrl":"https:\/\/legitgrams.com\/wp-content\/uploads\/2024\/08\/cocaine.gif","width":600,"height":600,"caption":"Cocaine for Sale"},{"@type":"BreadcrumbList","@id":"https:\/\/legitgrams.com\/product\/cocaine\/#breadcrumb","itemListElement":[{"@type":"ListItem","position":1,"name":"Home","item":"https:\/\/legitgrams.com\/"},{"@type":"ListItem","position":2,"name":"Shop","item":"https:\/\/legitgrams.com\/shop\/"},{"@type":"ListItem","position":3,"name":"Buy Cocaine Online"}]},{"@type":"WebSite","@id":"https:\/\/legitgrams.com\/#website","url":"https:\/\/legitgrams.com\/","name":"Gramos leg\u00edtimos","description":"Mi blog de WordPress","publisher":{"@id":"https:\/\/legitgrams.com\/#organization"},"potentialAction":[{"@type":"SearchAction","target":{"@type":"EntryPoint","urlTemplate":"https:\/\/legitgrams.com\/?s={search_term_string}"},"query-input":{"@type":"PropertyValueSpecification","valueRequired":true,"valueName":"search_term_string"}}],"inLanguage":"es"},{"@type":"Organization","@id":"https:\/\/legitgrams.com\/#organization","name":"Gramos leg\u00edtimos","url":"https:\/\/legitgrams.com\/","logo":{"@type":"ImageObject","inLanguage":"es","@id":"https:\/\/legitgrams.com\/#\/schema\/logo\/image\/","url":"https:\/\/legitgrams.com\/wp-content\/uploads\/2024\/09\/main-logo.png","contentUrl":"https:\/\/legitgrams.com\/wp-content\/uploads\/2024\/09\/main-logo.png","width":270,"height":75,"caption":"Legit Grams"},"image":{"@id":"https:\/\/legitgrams.com\/#\/schema\/logo\/image\/"}}]}},"uagb_featured_image_src":{"full":["https:\/\/legitgrams.com\/wp-content\/uploads\/2024\/08\/cocaine.gif",600,600,false],"thumbnail":["https:\/\/legitgrams.com\/wp-content\/uploads\/2024\/08\/cocaine-150x150.gif",150,150,true],"medium":["https:\/\/legitgrams.com\/wp-content\/uploads\/2024\/08\/cocaine-300x300.gif",300,300,true],"medium_large":["https:\/\/legitgrams.com\/wp-content\/uploads\/2024\/08\/cocaine.gif",600,600,false],"large":["https:\/\/legitgrams.com\/wp-content\/uploads\/2024\/08\/cocaine.gif",600,600,false],"1536x1536":["https:\/\/legitgrams.com\/wp-content\/uploads\/2024\/08\/cocaine.gif",600,600,false],"2048x2048":["https:\/\/legitgrams.com\/wp-content\/uploads\/2024\/08\/cocaine.gif",600,600,false],"trp-custom-language-flag":["https:\/\/legitgrams.com\/wp-content\/uploads\/2024\/08\/cocaine-12x12.gif",12,12,true],"woocommerce_thumbnail":["https:\/\/legitgrams.com\/wp-content\/uploads\/2024\/08\/cocaine-300x300.gif",300,300,true],"woocommerce_single":["https:\/\/legitgrams.com\/wp-content\/uploads\/2024\/08\/cocaine.gif",600,600,false],"woocommerce_gallery_thumbnail":["https:\/\/legitgrams.com\/wp-content\/uploads\/2024\/08\/cocaine-100x100.gif",100,100,true]},"uagb_author_info":{"display_name":"cokeblog18","author_link":"https:\/\/legitgrams.com\/es\/author\/"},"uagb_comment_info":2,"uagb_excerpt":"Purchase Cocaine Online | Buy Cocaine comparable to synthetic cocaine Cocaine is one substance derived from tropane. The dopamine reuptake inhibitory action of purchase cocaine online is only slightly higher than that of cocaine when compared to medications like the similar cocaine derivative CFT and its 2\u2032-hydroxy analog salicylmethylecgonine. LegitGrams top online retailer of cocaine&hellip;","_links":{"self":[{"href":"https:\/\/legitgrams.com\/es\/wp-json\/wp\/v2\/product\/3238","targetHints":{"allow":["GET"]}}],"collection":[{"href":"https:\/\/legitgrams.com\/es\/wp-json\/wp\/v2\/product"}],"about":[{"href":"https:\/\/legitgrams.com\/es\/wp-json\/wp\/v2\/types\/product"}],"replies":[{"embeddable":true,"href":"https:\/\/legitgrams.com\/es\/wp-json\/wp\/v2\/comments?post=3238"}],"wp:featuredmedia":[{"embeddable":true,"href":"https:\/\/legitgrams.com\/es\/wp-json\/wp\/v2\/media\/3248"}],"wp:attachment":[{"href":"https:\/\/legitgrams.com\/es\/wp-json\/wp\/v2\/media?parent=3238"}],"wp:term":[{"taxonomy":"product_brand","embeddable":true,"href":"https:\/\/legitgrams.com\/es\/wp-json\/wp\/v2\/product_brand?post=3238"},{"taxonomy":"product_cat","embeddable":true,"href":"https:\/\/legitgrams.com\/es\/wp-json\/wp\/v2\/product_cat?post=3238"},{"taxonomy":"product_tag","embeddable":true,"href":"https:\/\/legitgrams.com\/es\/wp-json\/wp\/v2\/product_tag?post=3238"}],"curies":[{"name":"wp","href":"https:\/\/api.w.org\/{rel}","templated":true}]}}