{"id":3241,"date":"2024-08-03T05:18:39","date_gmt":"2024-08-03T05:18:39","guid":{"rendered":"https:\/\/cokebricks.com\/?post_type=product&#038;p=3241"},"modified":"2025-01-15T05:34:39","modified_gmt":"2025-01-15T05:34:39","slug":"sargento-263","status":"publish","type":"product","link":"https:\/\/legitgrams.com\/es\/producto\/sargento-263\/","title":{"rendered":"Sargento-263"},"content":{"rendered":"<h2>Comprar SGT-263 en l\u00ednea<\/h2>\n<p>En nuestra naci\u00f3n de origen, el uso del Cannabinoide SGT-263 es legal. Es su responsabilidad conocer y cumplir todas las leyes locales, estatales, federales, del condado y municipales aplicables. En caso de que decida realizar un pedido, no asumimos ninguna responsabilidad por los resultados.<br \/>\n\u00bfPor qu\u00e9 comprar nuestros cannabinoides? <a href=\"https:\/\/legitgrams.com\/es\/producto\/sargento-263\/\">SGT-263<\/a>?<\/p>\n<p>Somos un proveedor de confianza porque llevamos mucho tiempo ofreciendo productos qu\u00edmicos de investigaci\u00f3n.<\/p>\n<p>El chat en directo est\u00e1 disponible 24 horas al d\u00eda, 7 d\u00edas a la semana.<\/p>\n<p>Varias opciones de pago para satisfacer sus necesidades<\/p>\n<p>Siempre que su pedido se realice antes de las 16.00 horas CET, lo enviamos el mismo d\u00eda.<\/p>\n<p>Los sinceros avales de nuestros clientes le proporcionan la confianza necesaria para realizar sus compras.<\/p>\n<p>Ser una autoridad mundial en la entrega de productos qu\u00edmicos de investigaci\u00f3n y LegitGrams.com, un productor mundial de productos qu\u00edmicos de investigaci\u00f3n, fue fundada en 2008. Trabajamos duro Nuestros almacenes situados en Hong Kong, China, la UE y Ucrania son los puntos de env\u00edo de todos los productos. Nuestra amplia red de distribuci\u00f3n garantiza que cualquier mercanc\u00eda que pida llegar\u00e1 a tiempo, ser\u00e1 transportada a los lugares que elija para su recogida y llegar\u00e1 a su destino a tiempo. Somos proveedores fiables y puntuales. Mantener contentos a nuestros clientes es nuestro primer objetivo. Por este motivo, trabajamos duro para ofrecer un servicio de atenci\u00f3n al cliente de primera categor\u00eda. Puede estar seguro de que su pedido de Top Cannabinoids Shop ser\u00e1 entregado a tiempo en la direcci\u00f3n que nos indique. Adem\u00e1s, ofrecemos una variedad de opciones de env\u00edo que nos permiten entregar la mercanc\u00eda a nuestros clientes en m\u00faltiples mercados y lugares de todo el mundo. Todos los art\u00edculos de este sitio web<\/p>\n<p>s\u00f3lo se pueden comprar para financiar la educaci\u00f3n y la investigaci\u00f3n. No vendemos ninguno de nuestros productos para su ingesti\u00f3n por personas o animales, ni para su uso de forma il\u00edcita.<\/p>\n<p>Una mol\u00e9cula extremadamente potente es la 1-(5-fluoropentil) o SGT-263(2-fenilpropan-2-il)-N-similar a la MMB-CHMINACA, -7-azaindole-3-carboxamida. El cannabis sint\u00e9tico SGT-263 se basa en la pirrolo[2,3-b]piridina-3-carboxamida y se comercializa como medicamento de dise\u00f1o.<\/p>\n<p>El SGT-263 se produjo para LegitGrams y est\u00e1 patentado por una prestigiosa instalaci\u00f3n de Nueva China.<\/p>\n<p>Reci\u00e9n llegado al mercado, el SGT-263 es un tipo especial de cannabis legal en casi todo el mundo, incluida Alemania.<\/p>\n<p>Adem\u00e1s, el SGT-263 puede obtenerse con el nombre ipac 1-(5-fluoropentil).2-aminopropan-2-il-la -1H-pirrolo[2,3-b]piridina's -N-3-carboxamida.<\/p>\n<p>El cannabinoide 1-(5-Fluoropentil)-N-(2-fenilpropan-2-il)-7-azaindole-3-carboxamida est\u00e1 estrechamente relacionado con el SGT-25. Adem\u00e1s, actualmente es legal en toda Europa. El acr\u00f3nimo de Street Names es SGT-263. El SGT-25 es un ingrediente que se encuentra en el \"C-Liquid\", un aditivo para el l\u00edquido de los cigarrillos electr\u00f3nicos, y se utiliza ocasionalmente con fines recreativos.<\/p>\n<p>Farmacolog\u00eda: 1. (Fluoropentil-5-)(2-fenilpropan-2-il)-N-Un cannabinoide sint\u00e9tico miembro de la familia de los indazoles-3-carboxamidas, la -7-azaindole-3-carboxamida tiene una estructura farmacol\u00f3gica enrevesada. Se espera que su selectividad para el receptor CB1 sea unas cuatro veces mayor que la del <a href=\"https:\/\/en.wikipedia.org\/wiki\/5F-CUMYL-P7AICA\">5F-CUMIL-PINACA<\/a>.<\/p>\n<p>Art\u00edculos comparables: 5F-SDB-006, MMB-CHMINACA y CUMYL-PICA<\/p>\n<p>- CUMIL-PINACA, CUMIL-PINACA, SDB-006<\/p>\n<p>Antes de realizar una compra, aseg\u00farese de que est\u00e1 debidamente preparado para manipular productos qu\u00edmicos de investigaci\u00f3n y de que su espacio de trabajo est\u00e1 bien ventilado. <a href=\"https:\/\/legitgrams.com\/es\/\">LegitGrams<\/a><\/p>\n<p>&nbsp;<\/p>\n<p>&nbsp;<\/p>\n<p>&nbsp;<\/p>","protected":false},"excerpt":{"rendered":"<p>Purchase SGT-263 Online In our nation of origin, using SGT-263 Cannabinoid is lawful. It is your responsibility to know and abide by all applicable local, state, federal, county, and municipal laws. In the event that you choose to place an order, we assume no responsibility for the results. Why Should You Buy Our Cannabinoid SGT-263? &hellip;<\/p>\n<p class=\"read-more\"> <a class=\"\" href=\"https:\/\/legitgrams.com\/es\/producto\/sargento-263\/\"> <span class=\"screen-reader-text\">Sargento-263<\/span> Leer m\u00e1s \"<\/a><\/p>","protected":false},"featured_media":3253,"comment_status":"open","ping_status":"closed","template":"","meta":{"_uag_custom_page_level_css":"","site-sidebar-layout":"default","site-content-layout":"default","ast-global-header-display":"","ast-main-header-display":"","ast-hfb-above-header-display":"","ast-hfb-below-header-display":"","ast-hfb-mobile-header-display":"","site-post-title":"","ast-breadcrumbs-content":"","ast-featured-img":"","footer-sml-layout":"","theme-transparent-header-meta":"default","adv-header-id-meta":"","stick-header-meta":"default","header-above-stick-meta":"","header-main-stick-meta":"","header-below-stick-meta":"","_joinchat":[]},"product_brand":[],"product_cat":[190],"product_tag":[465,466,237,461,467,468,469,470,471,472,473,474,475],"class_list":{"0":"post-3241","1":"product","2":"type-product","3":"status-publish","4":"has-post-thumbnail","6":"product_cat-cannabinoids","7":"product_tag-5f-cumyl-p7aica","8":"product_tag-5f-cumyl-pinaca","9":"product_tag-5f-mdmb-2201","10":"product_tag-5f-mdmb-2201-cayman","11":"product_tag-cumyl-cb-pinaca","12":"product_tag-sgt-263-dosage","13":"product_tag-sgt-263-erowid","14":"product_tag-sgt-67","15":"product_tag-sgt-151","16":"product_tag-sgt-263-psychonaut","17":"product_tag-sgt-263-reddit","18":"product_tag-sgt-263-wiki","19":"product_tag-sgt-78","20":"desktop-align-left","21":"tablet-align-left","22":"mobile-align-left","23":"ast-product-gallery-layout-horizontal","24":"ast-product-gallery-with-no-image","25":"ast-product-single-variable","26":"ast-product-tabs-layout-horizontal","27":"ast-qv-on-image","29":"first","30":"instock","31":"shipping-taxable","32":"purchasable","33":"product-type-variable"},"yoast_head":"<!-- This site is optimized with the Yoast SEO plugin v25.9 - https:\/\/yoast.com\/wordpress\/plugins\/seo\/ -->\n<title>Sgt-263 for Sale - Order Sgt-263 Powder Online | LegitGrams<\/title>\n<meta name=\"description\" content=\"Find premium Sgt-263 powder for sale at our online store, providing a secure platform to buy Sgt-263 online with ease, catering to your research needs. Hit your order now!\" \/>\n<meta name=\"robots\" content=\"index, follow, max-snippet:-1, max-image-preview:large, max-video-preview:-1\" \/>\n<link rel=\"canonical\" href=\"https:\/\/legitgrams.com\/es\/producto\/sargento-263\/\" \/>\n<meta property=\"og:locale\" content=\"es_ES\" \/>\n<meta property=\"og:type\" content=\"article\" \/>\n<meta property=\"og:title\" content=\"Sgt-263 for Sale - Order Sgt-263 Powder Online | LegitGrams\" \/>\n<meta property=\"og:description\" content=\"Find premium Sgt-263 powder for sale at our online store, providing a secure platform to buy Sgt-263 online with ease, catering to your research needs. Hit your order now!\" \/>\n<meta property=\"og:url\" content=\"https:\/\/legitgrams.com\/es\/producto\/sargento-263\/\" \/>\n<meta property=\"og:site_name\" content=\"Legit Grams\" \/>\n<meta property=\"article:modified_time\" content=\"2025-01-15T05:34:39+00:00\" \/>\n<meta property=\"og:image\" content=\"https:\/\/legitgrams.com\/wp-content\/uploads\/2024\/08\/Sgt-263.gif\" \/>\n\t<meta property=\"og:image:width\" content=\"600\" \/>\n\t<meta property=\"og:image:height\" content=\"600\" \/>\n\t<meta property=\"og:image:type\" content=\"image\/gif\" \/>\n<meta name=\"twitter:card\" content=\"summary_large_image\" \/>\n<meta name=\"twitter:label1\" content=\"Tiempo de lectura\" \/>\n\t<meta name=\"twitter:data1\" content=\"3 minutos\" \/>\n<script type=\"application\/ld+json\" class=\"yoast-schema-graph\">{\"@context\":\"https:\/\/schema.org\",\"@graph\":[{\"@type\":\"WebPage\",\"@id\":\"https:\/\/legitgrams.com\/product\/sgt-263\/\",\"url\":\"https:\/\/legitgrams.com\/product\/sgt-263\/\",\"name\":\"Sgt-263 for Sale - Order Sgt-263 Powder Online | LegitGrams\",\"isPartOf\":{\"@id\":\"https:\/\/legitgrams.com\/#website\"},\"primaryImageOfPage\":{\"@id\":\"https:\/\/legitgrams.com\/product\/sgt-263\/#primaryimage\"},\"image\":{\"@id\":\"https:\/\/legitgrams.com\/product\/sgt-263\/#primaryimage\"},\"thumbnailUrl\":\"https:\/\/legitgrams.com\/wp-content\/uploads\/2024\/08\/Sgt-263.gif\",\"datePublished\":\"2024-08-03T05:18:39+00:00\",\"dateModified\":\"2025-01-15T05:34:39+00:00\",\"description\":\"Find premium Sgt-263 powder for sale at our online store, providing a secure platform to buy Sgt-263 online with ease, catering to your research needs. Hit your order now!\",\"breadcrumb\":{\"@id\":\"https:\/\/legitgrams.com\/product\/sgt-263\/#breadcrumb\"},\"inLanguage\":\"es\",\"potentialAction\":[{\"@type\":\"ReadAction\",\"target\":[\"https:\/\/legitgrams.com\/product\/sgt-263\/\"]}]},{\"@type\":\"ImageObject\",\"inLanguage\":\"es\",\"@id\":\"https:\/\/legitgrams.com\/product\/sgt-263\/#primaryimage\",\"url\":\"https:\/\/legitgrams.com\/wp-content\/uploads\/2024\/08\/Sgt-263.gif\",\"contentUrl\":\"https:\/\/legitgrams.com\/wp-content\/uploads\/2024\/08\/Sgt-263.gif\",\"width\":600,\"height\":600,\"caption\":\"Sgt-263 for Sale\"},{\"@type\":\"BreadcrumbList\",\"@id\":\"https:\/\/legitgrams.com\/product\/sgt-263\/#breadcrumb\",\"itemListElement\":[{\"@type\":\"ListItem\",\"position\":1,\"name\":\"Home\",\"item\":\"https:\/\/legitgrams.com\/\"},{\"@type\":\"ListItem\",\"position\":2,\"name\":\"Shop\",\"item\":\"https:\/\/legitgrams.com\/shop\/\"},{\"@type\":\"ListItem\",\"position\":3,\"name\":\"Sgt-263\"}]},{\"@type\":\"WebSite\",\"@id\":\"https:\/\/legitgrams.com\/#website\",\"url\":\"https:\/\/legitgrams.com\/\",\"name\":\"Legit Grams\",\"description\":\"My WordPress Blog\",\"publisher\":{\"@id\":\"https:\/\/legitgrams.com\/#organization\"},\"potentialAction\":[{\"@type\":\"SearchAction\",\"target\":{\"@type\":\"EntryPoint\",\"urlTemplate\":\"https:\/\/legitgrams.com\/?s={search_term_string}\"},\"query-input\":{\"@type\":\"PropertyValueSpecification\",\"valueRequired\":true,\"valueName\":\"search_term_string\"}}],\"inLanguage\":\"es\"},{\"@type\":\"Organization\",\"@id\":\"https:\/\/legitgrams.com\/#organization\",\"name\":\"Legit Grams\",\"url\":\"https:\/\/legitgrams.com\/\",\"logo\":{\"@type\":\"ImageObject\",\"inLanguage\":\"es\",\"@id\":\"https:\/\/legitgrams.com\/#\/schema\/logo\/image\/\",\"url\":\"https:\/\/legitgrams.com\/wp-content\/uploads\/2024\/09\/main-logo.png\",\"contentUrl\":\"https:\/\/legitgrams.com\/wp-content\/uploads\/2024\/09\/main-logo.png\",\"width\":270,\"height\":75,\"caption\":\"Legit Grams\"},\"image\":{\"@id\":\"https:\/\/legitgrams.com\/#\/schema\/logo\/image\/\"}}]}<\/script>\n<!-- \/ Yoast SEO plugin. -->","yoast_head_json":{"title":"Sgt-263 para la venta - Orden Sgt-263 en polvo en l\u00ednea | LegitGrams","description":"Encontrar prima Sgt-263 en polvo para la venta en nuestra tienda en l\u00ednea, proporcionando una plataforma segura para comprar Sgt-263 en l\u00ednea con facilidad, atendiendo a sus necesidades de investigaci\u00f3n. \u00a1Haga su pedido ahora!","robots":{"index":"index","follow":"follow","max-snippet":"max-snippet:-1","max-image-preview":"max-image-preview:large","max-video-preview":"max-video-preview:-1"},"canonical":"https:\/\/legitgrams.com\/es\/producto\/sargento-263\/","og_locale":"es_ES","og_type":"article","og_title":"Sgt-263 for Sale - Order Sgt-263 Powder Online | LegitGrams","og_description":"Find premium Sgt-263 powder for sale at our online store, providing a secure platform to buy Sgt-263 online with ease, catering to your research needs. Hit your order now!","og_url":"https:\/\/legitgrams.com\/es\/producto\/sargento-263\/","og_site_name":"Legit Grams","article_modified_time":"2025-01-15T05:34:39+00:00","og_image":[{"width":600,"height":600,"url":"https:\/\/legitgrams.com\/wp-content\/uploads\/2024\/08\/Sgt-263.gif","type":"image\/gif"}],"twitter_card":"summary_large_image","twitter_misc":{"Tiempo de lectura":"3 minutos"},"schema":{"@context":"https:\/\/schema.org","@graph":[{"@type":"WebPage","@id":"https:\/\/legitgrams.com\/product\/sgt-263\/","url":"https:\/\/legitgrams.com\/product\/sgt-263\/","name":"Sgt-263 para la venta - Orden Sgt-263 en polvo en l\u00ednea | LegitGrams","isPartOf":{"@id":"https:\/\/legitgrams.com\/#website"},"primaryImageOfPage":{"@id":"https:\/\/legitgrams.com\/product\/sgt-263\/#primaryimage"},"image":{"@id":"https:\/\/legitgrams.com\/product\/sgt-263\/#primaryimage"},"thumbnailUrl":"https:\/\/legitgrams.com\/wp-content\/uploads\/2024\/08\/Sgt-263.gif","datePublished":"2024-08-03T05:18:39+00:00","dateModified":"2025-01-15T05:34:39+00:00","description":"Encontrar prima Sgt-263 en polvo para la venta en nuestra tienda en l\u00ednea, proporcionando una plataforma segura para comprar Sgt-263 en l\u00ednea con facilidad, atendiendo a sus necesidades de investigaci\u00f3n. \u00a1Haga su pedido ahora!","breadcrumb":{"@id":"https:\/\/legitgrams.com\/product\/sgt-263\/#breadcrumb"},"inLanguage":"es","potentialAction":[{"@type":"ReadAction","target":["https:\/\/legitgrams.com\/product\/sgt-263\/"]}]},{"@type":"ImageObject","inLanguage":"es","@id":"https:\/\/legitgrams.com\/product\/sgt-263\/#primaryimage","url":"https:\/\/legitgrams.com\/wp-content\/uploads\/2024\/08\/Sgt-263.gif","contentUrl":"https:\/\/legitgrams.com\/wp-content\/uploads\/2024\/08\/Sgt-263.gif","width":600,"height":600,"caption":"Sgt-263 for Sale"},{"@type":"BreadcrumbList","@id":"https:\/\/legitgrams.com\/product\/sgt-263\/#breadcrumb","itemListElement":[{"@type":"ListItem","position":1,"name":"Home","item":"https:\/\/legitgrams.com\/"},{"@type":"ListItem","position":2,"name":"Shop","item":"https:\/\/legitgrams.com\/shop\/"},{"@type":"ListItem","position":3,"name":"Sgt-263"}]},{"@type":"WebSite","@id":"https:\/\/legitgrams.com\/#website","url":"https:\/\/legitgrams.com\/","name":"Gramos leg\u00edtimos","description":"Mi blog de WordPress","publisher":{"@id":"https:\/\/legitgrams.com\/#organization"},"potentialAction":[{"@type":"SearchAction","target":{"@type":"EntryPoint","urlTemplate":"https:\/\/legitgrams.com\/?s={search_term_string}"},"query-input":{"@type":"PropertyValueSpecification","valueRequired":true,"valueName":"search_term_string"}}],"inLanguage":"es"},{"@type":"Organization","@id":"https:\/\/legitgrams.com\/#organization","name":"Gramos leg\u00edtimos","url":"https:\/\/legitgrams.com\/","logo":{"@type":"ImageObject","inLanguage":"es","@id":"https:\/\/legitgrams.com\/#\/schema\/logo\/image\/","url":"https:\/\/legitgrams.com\/wp-content\/uploads\/2024\/09\/main-logo.png","contentUrl":"https:\/\/legitgrams.com\/wp-content\/uploads\/2024\/09\/main-logo.png","width":270,"height":75,"caption":"Legit Grams"},"image":{"@id":"https:\/\/legitgrams.com\/#\/schema\/logo\/image\/"}}]}},"uagb_featured_image_src":{"full":["https:\/\/legitgrams.com\/wp-content\/uploads\/2024\/08\/Sgt-263.gif",600,600,false],"thumbnail":["https:\/\/legitgrams.com\/wp-content\/uploads\/2024\/08\/Sgt-263-150x150.gif",150,150,true],"medium":["https:\/\/legitgrams.com\/wp-content\/uploads\/2024\/08\/Sgt-263-300x300.gif",300,300,true],"medium_large":["https:\/\/legitgrams.com\/wp-content\/uploads\/2024\/08\/Sgt-263.gif",600,600,false],"large":["https:\/\/legitgrams.com\/wp-content\/uploads\/2024\/08\/Sgt-263.gif",600,600,false],"1536x1536":["https:\/\/legitgrams.com\/wp-content\/uploads\/2024\/08\/Sgt-263.gif",600,600,false],"2048x2048":["https:\/\/legitgrams.com\/wp-content\/uploads\/2024\/08\/Sgt-263.gif",600,600,false],"trp-custom-language-flag":["https:\/\/legitgrams.com\/wp-content\/uploads\/2024\/08\/Sgt-263-12x12.gif",12,12,true],"woocommerce_thumbnail":["https:\/\/legitgrams.com\/wp-content\/uploads\/2024\/08\/Sgt-263-300x300.gif",300,300,true],"woocommerce_single":["https:\/\/legitgrams.com\/wp-content\/uploads\/2024\/08\/Sgt-263.gif",600,600,false],"woocommerce_gallery_thumbnail":["https:\/\/legitgrams.com\/wp-content\/uploads\/2024\/08\/Sgt-263-100x100.gif",100,100,true]},"uagb_author_info":{"display_name":"cokeblog18","author_link":"https:\/\/legitgrams.com\/es\/author\/"},"uagb_comment_info":0,"uagb_excerpt":"Purchase SGT-263 Online In our nation of origin, using SGT-263 Cannabinoid is lawful. It is your responsibility to know and abide by all applicable local, state, federal, county, and municipal laws. In the event that you choose to place an order, we assume no responsibility for the results. Why Should You Buy Our Cannabinoid SGT-263?&hellip;","_links":{"self":[{"href":"https:\/\/legitgrams.com\/es\/wp-json\/wp\/v2\/product\/3241","targetHints":{"allow":["GET"]}}],"collection":[{"href":"https:\/\/legitgrams.com\/es\/wp-json\/wp\/v2\/product"}],"about":[{"href":"https:\/\/legitgrams.com\/es\/wp-json\/wp\/v2\/types\/product"}],"replies":[{"embeddable":true,"href":"https:\/\/legitgrams.com\/es\/wp-json\/wp\/v2\/comments?post=3241"}],"wp:featuredmedia":[{"embeddable":true,"href":"https:\/\/legitgrams.com\/es\/wp-json\/wp\/v2\/media\/3253"}],"wp:attachment":[{"href":"https:\/\/legitgrams.com\/es\/wp-json\/wp\/v2\/media?parent=3241"}],"wp:term":[{"taxonomy":"product_brand","embeddable":true,"href":"https:\/\/legitgrams.com\/es\/wp-json\/wp\/v2\/product_brand?post=3241"},{"taxonomy":"product_cat","embeddable":true,"href":"https:\/\/legitgrams.com\/es\/wp-json\/wp\/v2\/product_cat?post=3241"},{"taxonomy":"product_tag","embeddable":true,"href":"https:\/\/legitgrams.com\/es\/wp-json\/wp\/v2\/product_tag?post=3241"}],"curies":[{"name":"wp","href":"https:\/\/api.w.org\/{rel}","templated":true}]}}