{"id":3242,"date":"2024-08-03T05:18:29","date_gmt":"2024-08-03T05:18:29","guid":{"rendered":"https:\/\/cokebricks.com\/?post_type=product&#038;p=3242"},"modified":"2026-01-10T19:28:10","modified_gmt":"2026-01-10T19:28:10","slug":"2fdck-comprar","status":"publish","type":"product","link":"https:\/\/legitgrams.com\/es\/producto\/2fdck-comprar\/","title":{"rendered":"Comprar 2FDCK en l\u00ednea"},"content":{"rendered":"<h2>2-FDCK en gramos leg\u00edtimos a la venta<\/h2>\n<p>2fdck El anest\u00e9sico disociativo 2-Fl-2\u2032-Oxo-PCM tambi\u00e9n se conoce como <a href=\"https:\/\/www.bing.com\/search?q=Buy+2FDCK+Online&amp;qs=n&amp;form=QBRE&amp;sp=-1&amp;lq=0&amp;pq=buy+2fdck+online&amp;sc=9-16&amp;sk=&amp;cvid=BD886A1EC0CB4EF78CCB3246D62CFD6A&amp;ghsh=0&amp;ghacc=0&amp;ghpl=\">Comprar fluoroketamina, 2-FDCK<\/a>El anest\u00e9sico disociativo 2-Fl-2\u2032-Oxo-PCM tambi\u00e9n se conoce como Comprar, Fluoroketamina, 2-FDCK y 2-Fl-2\u2032-Oxo-PCM. Es un an\u00e1logo de fl\u00faor de la ketamina, pero sin el \u00e1tomo de cloro. Compra 2-FDCK en l\u00ednea.<\/p>\n<p>Miembro de la clase de arilciclohexilamina, el 2-Fl-2\u2032-Oxo-PCM es un medicamento disociativo \u00fanico que tambi\u00e9n se conoce como 2-fluorodescloroketamina. <a href=\"https:\/\/legitgrams.com\/es\/producto\/2fdck-comprar\/\">2-FDCK<\/a>y, confusamente, 2-Fluroketamina, Buy <a href=\"https:\/\/en.wikipedia.org\/wiki\/2-Fluorodeschloroketamine\">2-Fluoroketamina<\/a> Online, and <a href=\"https:\/\/www.bing.com\/search?q=Buy+2FDCK+Online&amp;qs=n&amp;form=QBRE&amp;sp=-1&amp;lq=0&amp;pq=buy+2fdck+online&amp;sc=9-16&amp;sk=&amp;cvid=BD886A1EC0CB4EF78CCB3246D62CFD6A&amp;ghsh=0&amp;ghacc=0&amp;ghpl=\">2-FDCK<\/a>.<\/p>\n<p>Chemically, ketamine and <a href=\"https:\/\/www.google.com\/search?q=Buy+2FDCK+Online&amp;num=10&amp;sca_esv=1a2a07081c7891bb&amp;rlz=1C1RXQR_enIN1098IN1098&amp;sxsrf=AHTn8zoNTtLUdktkaf6nHYqZzywnu5dG8Q%3A1741251659724&amp;ei=S2TJZ_P0K8i_juMPg4GL4Q8&amp;ved=0ahUKEwizxpH1i_WLAxXIn2MGHYPAIvwQ4dUDCBA&amp;uact=5&amp;oq=Buy+2FDCK+Online&amp;gs_lp=Egxnd3Mtd2l6LXNlcnAiEEJ1eSAyRkRDSyBPbmxpbmVItgdQqANYqANwAngAkAEAmAGXAaABlwGqAQMwLjG4AQPIAQD4AQL4AQGYAgCgAgCYAwCIBgGSBwCgB0Q&amp;sclient=gws-wiz-serp\">deschloroketamine are linked (DCK)<\/a>Aunque existen pocos estudios al respecto, se cree que funciona como antagonista de los receptores NMDA. Las arilciclohexilaminas tienen una estructura con <a href=\"https:\/\/www.google.com\/search?q=Buy+2FDCK+Online&amp;num=10&amp;sca_esv=1a2a07081c7891bb&amp;rlz=1C1RXQR_enIN1098IN1098&amp;sxsrf=AHTn8zoNTtLUdktkaf6nHYqZzywnu5dG8Q%3A1741251659724&amp;ei=S2TJZ_P0K8i_juMPg4GL4Q8&amp;ved=0ahUKEwizxpH1i_WLAxXIn2MGHYPAIvwQ4dUDCBA&amp;uact=5&amp;oq=Buy+2FDCK+Online&amp;gs_lp=Egxnd3Mtd2l6LXNlcnAiEEJ1eSAyRkRDSyBPbmxpbmVItgdQqANYqANwAngAkAEAmAGXAaABlwGqAQMwLjG4AQPIAQD4AQL4AQGYAgCgAgCYAwCIBgGSBwCgB0Q&amp;sclient=gws-wiz-serp\">2-FDCK<\/a>, which is based on the bonding of an amine group and an aromatic ring to a cyclohexane ring.<\/p>\n<p>Your greatest option for <a href=\"https:\/\/www.google.com\/search?q=Buy+2FDCK+Online&amp;num=10&amp;sca_esv=1a2a07081c7891bb&amp;rlz=1C1RXQR_enIN1098IN1098&amp;sxsrf=AHTn8zoNTtLUdktkaf6nHYqZzywnu5dG8Q%3A1741251659724&amp;ei=S2TJZ_P0K8i_juMPg4GL4Q8&amp;ved=0ahUKEwizxpH1i_WLAxXIn2MGHYPAIvwQ4dUDCBA&amp;uact=5&amp;oq=Buy+2FDCK+Online&amp;gs_lp=Egxnd3Mtd2l6LXNlcnAiEEJ1eSAyRkRDSyBPbmxpbmVItgdQqANYqANwAngAkAEAmAGXAaABlwGqAQMwLjG4AQPIAQD4AQL4AQGYAgCgAgCYAwCIBgGSBwCgB0Q&amp;sclient=gws-wiz-serp\">purchasing 2-FDCK online<\/a> is <a href=\"https:\/\/legitgrams.com\/es\/\">LegitGrams<\/a>!<\/p>\n<h3>\u00bfCu\u00e1l es el proceso de compra de 2fdck?<\/h3>\n<p>Nuestra interfaz de usuario es f\u00e1cil de usar e incre\u00edblemente receptiva.<\/p>\n<h3>\u00bfC\u00f3mo se procede a comprar 2fdck?<\/h3>\n<p>Nuestra interfaz de usuario es incre\u00edblemente r\u00e1pida, f\u00e1cil de usar y eficaz. Entregamos a todo el pa\u00eds, por lo que cualquier persona puede comprar el producto desde cualquier parte del mundo. Nuestra amplia experiencia en la industria qu\u00edmica nos convierte en un proveedor confiable. <a href=\"https:\/\/duckduckgo.com\/?q=Buy+2FDCK+Online&amp;t=h_&amp;ia=web\">2FDCK<\/a>. Simply sign in, look for the item, add it to your cart, and finish the checkout procedure. Just give us the information we need, such as your address or the location where you want it sent, and we&#8217;ll securely send it there while completing the required transaction. Purchase 2fdck in the US.<\/p>\n<h3>\u00bfCu\u00e1l es la edad ideal para comprar productos 2fdck online?<\/h3>\n<p>A <a href=\"https:\/\/duckduckgo.com\/?q=Buy+2FDCK+Online&amp;t=h_&amp;ia=web\">purchase 2fdck online<\/a>, you must be at least eighteen years old.<\/p>\n<p>Care est\u00e1 disponible para atender y responder a sus consultas las 24 horas, todos los d\u00edas de la semana. Compre 2fdck a un costo reducido.<\/p>\n<h3>\u00bfCu\u00e1les son las ventajas de 2fdck?<\/h3>\n<p>Puede ayudar a reducir moment\u00e1neamente el estr\u00e9s, la ansiedad y la depresi\u00f3n.<br \/>\nAyuda a prevenir el suicidio porque act\u00faa inmediatamente.<\/p>\n<p>beneficioso para potenciar la neuroplasticidad<\/p>\n<h3>\u00bfQu\u00e9 consecuencias tiene 2fdck?<\/h3>\n<p>Si se usa con frecuencia puede volverse neurot\u00f3xico.<\/p>\n<p>Podr\u00eda da\u00f1ar tu memoria si lo usas con frecuencia o de manera persistente.<\/p>\n<p>Podr\u00eda da\u00f1ar sus ri\u00f1ones.<\/p>\n<p>2. La accesibilidad del FDCK<\/p>\n<p>Para obtener el mejor 2-FDCK a la venta, elija entre 500 mg, 1 mg, 2 mg, 5 mg, 10 mg, 20 mg y 50 mg.<\/p>\n<p>Condiciones de almacenamiento de 2-FDCK<\/p>\n<p>Al recibir su art\u00edculo 2-FDCK,<\/p>\n<p>Mantenga su art\u00edculo 2-FDCK alejado de la luz solar directa, seco y a una temperatura entre 20 y 25 grados cent\u00edgrados despu\u00e9s de recibirlo.<\/p>\n<p>grados cent\u00edgrados. Se aconseja utilizar un mecanismo de sellado al vac\u00edo para mantener la m\u00e1xima calidad posible del 2-FDCK. Si tiene alguna pregunta, no dude en ponerse en contacto con nosotros.<\/p>\n<p>Controla tu 2-FDCK<\/p>\n<p>Se recomienda tener mucha precauci\u00f3n al manipular el clorhidrato de 2-FDCK. Piense en llevar una mascarilla o guantes FFP-2.<\/p>\n<h3>\u00bfD\u00f3nde es legal comprar 2-FDCK en l\u00ednea?<\/h3>\n<p>En nuestro sitio web de Coca-Cola Bricks tenemos sustancias de investigaci\u00f3n como la 2-FDCK. Todos nuestros recursos de investigaci\u00f3n se examinan y prueban antes de salir a la venta. Para nuestra 2-FDCK, no hay otra forma de garantizar la mejor calidad posible.<\/p>\n<p>No dude en ponerse en contacto con nosotros si necesita ayuda o resultados adicionales, no dude en ponerse en contacto con nosotros. 2. Disponemos de versiones en papel secante y pellet de varios otros compuestos de investigaci\u00f3n, pero solo ofrecemos FDCK en polvo.<\/p>\n<p>Ofrecemos una amplia gama de productos altamente efectivos para satisfacer sus necesidades de productos qu\u00edmicos de investigaci\u00f3n. Desde que comenzamos a operar, hemos mantenido nuestra posici\u00f3n como proveedor l\u00edder en el mercado. Complete su pedido 2-FDCK en l\u00ednea para garantizar que reciba su paquete lo antes posible.<\/p>\n<h3>\u00bfPor qu\u00e9 comprar 2fdck LegitGrams?<\/h3>\n<p>Solo ofrecemos los mejores productos disponibles y nuestros precios son competitivos. Tambi\u00e9n brindamos un excelente servicio al cliente y siempre estamos aqu\u00ed para ayudarlo con cualquier problema o responder sus preguntas. Compre legalmente 2fdck research chemical en l\u00ednea.<\/p>\n<p>Comun\u00edquese con nosotros de inmediato y d\u00edganos c\u00f3mo podemos ayudarlo si a\u00fan no est\u00e1 seguro. Estaremos encantados de responder cualquier pregunta que pueda tener.<\/p>\n<p>&nbsp;<\/p>\n<p>&nbsp;<\/p>\n<p>&nbsp;<\/p>\n<p>&nbsp;<\/p>\n<p>&nbsp;<\/p>","protected":false},"excerpt":{"rendered":"<p>2-FDCK @ Legit Grams for Sale 2fdck The dissociative anesthetic 2-Fl-2\u2032-Oxo-PCM is also known as Buy Fluoroketamine, 2-FDCK, and 2-Fl-2\u2032-Oxo-PCM. It is ketamine&#8217;s fluorine-based analog, however without the chlorine atom. Purchase 2-FDCK online. Member of the arylcyclohexylamine class, 2-Fl-2\u2032-Oxo-PCM is a unique dissociative medication that is also known as 2-Fluorodeschloroketamine, 2-FDCK, and, confusingly, 2-Fluroketamine, Buy &hellip;<\/p>\n<p class=\"read-more\"> <a class=\"\" href=\"https:\/\/legitgrams.com\/es\/producto\/2fdck-comprar\/\"> <span class=\"screen-reader-text\">Comprar 2FDCK en l\u00ednea<\/span> Leer m\u00e1s \"<\/a><\/p>","protected":false},"featured_media":3250,"comment_status":"open","ping_status":"closed","template":"","meta":{"_uag_custom_page_level_css":"","site-sidebar-layout":"default","site-content-layout":"default","ast-global-header-display":"","ast-main-header-display":"","ast-hfb-above-header-display":"","ast-hfb-below-header-display":"","ast-hfb-mobile-header-display":"","site-post-title":"","ast-breadcrumbs-content":"","ast-featured-img":"","footer-sml-layout":"","theme-transparent-header-meta":"default","adv-header-id-meta":"","stick-header-meta":"default","header-above-stick-meta":"","header-main-stick-meta":"","header-below-stick-meta":"","_joinchat":[]},"product_brand":[],"product_cat":[190],"product_tag":[558,559,560,561,562,563,564,565,566,567,568,569,570,571,572,573],"class_list":{"0":"post-3242","1":"product","2":"type-product","3":"status-publish","4":"has-post-thumbnail","6":"product_cat-cannabinoids","7":"product_tag-2-fdck-australia","8":"product_tag-2-fdck-canada","9":"product_tag-2-fdck-for-sale-brazil","10":"product_tag-2-fdck-germany","11":"product_tag-2-fdck-mexico","12":"product_tag-2-fdck-russia","13":"product_tag-2-fdck-uk","14":"product_tag-2-fdck-usa","15":"product_tag-2-fluorodeschloroketamine","16":"product_tag-2fdck","17":"product_tag-best-ketamine-dispensary","18":"product_tag-buy-2fdck","19":"product_tag-buy-2fdck-2-fluorodeschloroketamine","20":"product_tag-buy-ketamine-online","21":"product_tag-for-sale-2-fdck","22":"product_tag-ketamine-for-sale","23":"desktop-align-left","24":"tablet-align-left","25":"mobile-align-left","26":"ast-product-gallery-layout-horizontal","27":"ast-product-gallery-with-no-image","28":"ast-product-single-variable","29":"ast-product-tabs-layout-horizontal","30":"ast-qv-on-image","32":"first","33":"instock","34":"featured","35":"shipping-taxable","36":"purchasable","37":"product-type-variable"},"yoast_head":"<!-- This site is optimized with the Yoast SEO plugin v25.9 - https:\/\/yoast.com\/wordpress\/plugins\/seo\/ -->\n<title>2-FDCK for Sale - Buy 2-FDCK Crystal Online | LegitGrams<\/title>\n<meta name=\"description\" content=\"If you wish to buy 2-FDCK crystal online our LegitGrams store can help. We have 2-FDCK for sale at the best rates here. Save More on 2-FDCK with our latest promotions. Shop Now!\" \/>\n<meta name=\"robots\" content=\"index, follow, max-snippet:-1, max-image-preview:large, max-video-preview:-1\" \/>\n<link rel=\"canonical\" href=\"https:\/\/legitgrams.com\/es\/producto\/2fdck-comprar\/\" \/>\n<meta property=\"og:locale\" content=\"es_ES\" \/>\n<meta property=\"og:type\" content=\"article\" \/>\n<meta property=\"og:title\" content=\"2-FDCK for Sale - Buy 2-FDCK Crystal Online | LegitGrams\" \/>\n<meta property=\"og:description\" content=\"If you wish to buy 2-FDCK crystal online our LegitGrams store can help. We have 2-FDCK for sale at the best rates here. Save More on 2-FDCK with our latest promotions. Shop Now!\" \/>\n<meta property=\"og:url\" content=\"https:\/\/legitgrams.com\/es\/producto\/2fdck-comprar\/\" \/>\n<meta property=\"og:site_name\" content=\"Legit Grams\" \/>\n<meta property=\"article:modified_time\" content=\"2026-01-10T19:28:10+00:00\" \/>\n<meta property=\"og:image\" content=\"https:\/\/legitgrams.com\/wp-content\/uploads\/2024\/08\/2fdck-new.gif\" \/>\n\t<meta property=\"og:image:width\" content=\"600\" \/>\n\t<meta property=\"og:image:height\" content=\"600\" \/>\n\t<meta property=\"og:image:type\" content=\"image\/gif\" \/>\n<meta name=\"twitter:card\" content=\"summary_large_image\" \/>\n<meta name=\"twitter:label1\" content=\"Tiempo de lectura\" \/>\n\t<meta name=\"twitter:data1\" content=\"4 minutos\" \/>\n<script type=\"application\/ld+json\" class=\"yoast-schema-graph\">{\"@context\":\"https:\/\/schema.org\",\"@graph\":[{\"@type\":\"WebPage\",\"@id\":\"https:\/\/legitgrams.com\/product\/2fdck\/\",\"url\":\"https:\/\/legitgrams.com\/product\/2fdck\/\",\"name\":\"2-FDCK for Sale - Buy 2-FDCK Crystal Online | LegitGrams\",\"isPartOf\":{\"@id\":\"https:\/\/legitgrams.com\/#website\"},\"primaryImageOfPage\":{\"@id\":\"https:\/\/legitgrams.com\/product\/2fdck\/#primaryimage\"},\"image\":{\"@id\":\"https:\/\/legitgrams.com\/product\/2fdck\/#primaryimage\"},\"thumbnailUrl\":\"https:\/\/legitgrams.com\/wp-content\/uploads\/2024\/08\/2fdck-new.gif\",\"datePublished\":\"2024-08-03T05:18:29+00:00\",\"dateModified\":\"2026-01-10T19:28:10+00:00\",\"description\":\"If you wish to buy 2-FDCK crystal online our LegitGrams store can help. We have 2-FDCK for sale at the best rates here. Save More on 2-FDCK with our latest promotions. Shop Now!\",\"breadcrumb\":{\"@id\":\"https:\/\/legitgrams.com\/product\/2fdck\/#breadcrumb\"},\"inLanguage\":\"es\",\"potentialAction\":[{\"@type\":\"ReadAction\",\"target\":[\"https:\/\/legitgrams.com\/product\/2fdck\/\"]}]},{\"@type\":\"ImageObject\",\"inLanguage\":\"es\",\"@id\":\"https:\/\/legitgrams.com\/product\/2fdck\/#primaryimage\",\"url\":\"https:\/\/legitgrams.com\/wp-content\/uploads\/2024\/08\/2fdck-new.gif\",\"contentUrl\":\"https:\/\/legitgrams.com\/wp-content\/uploads\/2024\/08\/2fdck-new.gif\",\"width\":600,\"height\":600,\"caption\":\"2-FDCK for Sale\"},{\"@type\":\"BreadcrumbList\",\"@id\":\"https:\/\/legitgrams.com\/product\/2fdck\/#breadcrumb\",\"itemListElement\":[{\"@type\":\"ListItem\",\"position\":1,\"name\":\"Home\",\"item\":\"https:\/\/legitgrams.com\/\"},{\"@type\":\"ListItem\",\"position\":2,\"name\":\"Shop\",\"item\":\"https:\/\/legitgrams.com\/shop\/\"},{\"@type\":\"ListItem\",\"position\":3,\"name\":\"Buy 2FDCK Online\"}]},{\"@type\":\"WebSite\",\"@id\":\"https:\/\/legitgrams.com\/#website\",\"url\":\"https:\/\/legitgrams.com\/\",\"name\":\"Legit Grams\",\"description\":\"My WordPress Blog\",\"publisher\":{\"@id\":\"https:\/\/legitgrams.com\/#organization\"},\"potentialAction\":[{\"@type\":\"SearchAction\",\"target\":{\"@type\":\"EntryPoint\",\"urlTemplate\":\"https:\/\/legitgrams.com\/?s={search_term_string}\"},\"query-input\":{\"@type\":\"PropertyValueSpecification\",\"valueRequired\":true,\"valueName\":\"search_term_string\"}}],\"inLanguage\":\"es\"},{\"@type\":\"Organization\",\"@id\":\"https:\/\/legitgrams.com\/#organization\",\"name\":\"Legit Grams\",\"url\":\"https:\/\/legitgrams.com\/\",\"logo\":{\"@type\":\"ImageObject\",\"inLanguage\":\"es\",\"@id\":\"https:\/\/legitgrams.com\/#\/schema\/logo\/image\/\",\"url\":\"https:\/\/legitgrams.com\/wp-content\/uploads\/2024\/09\/main-logo.png\",\"contentUrl\":\"https:\/\/legitgrams.com\/wp-content\/uploads\/2024\/09\/main-logo.png\",\"width\":270,\"height\":75,\"caption\":\"Legit Grams\"},\"image\":{\"@id\":\"https:\/\/legitgrams.com\/#\/schema\/logo\/image\/\"}}]}<\/script>\n<!-- \/ Yoast SEO plugin. -->","yoast_head_json":{"title":"2-FDCK a la venta - Comprar 2-FDCK Cristal en l\u00ednea | LegitGrams","description":"Si desea comprar 2-FDCK cristal en l\u00ednea nuestra tienda LegitGrams puede ayudar. Tenemos 2-FDCK a la venta a los mejores precios aqu\u00ed. Ahorre m\u00e1s en 2-FDCK con nuestras \u00faltimas promociones. \u00a1Compre Ahora!","robots":{"index":"index","follow":"follow","max-snippet":"max-snippet:-1","max-image-preview":"max-image-preview:large","max-video-preview":"max-video-preview:-1"},"canonical":"https:\/\/legitgrams.com\/es\/producto\/2fdck-comprar\/","og_locale":"es_ES","og_type":"article","og_title":"2-FDCK for Sale - Buy 2-FDCK Crystal Online | LegitGrams","og_description":"If you wish to buy 2-FDCK crystal online our LegitGrams store can help. We have 2-FDCK for sale at the best rates here. Save More on 2-FDCK with our latest promotions. Shop Now!","og_url":"https:\/\/legitgrams.com\/es\/producto\/2fdck-comprar\/","og_site_name":"Legit Grams","article_modified_time":"2026-01-10T19:28:10+00:00","og_image":[{"width":600,"height":600,"url":"https:\/\/legitgrams.com\/wp-content\/uploads\/2024\/08\/2fdck-new.gif","type":"image\/gif"}],"twitter_card":"summary_large_image","twitter_misc":{"Tiempo de lectura":"4 minutos"},"schema":{"@context":"https:\/\/schema.org","@graph":[{"@type":"WebPage","@id":"https:\/\/legitgrams.com\/product\/2fdck\/","url":"https:\/\/legitgrams.com\/product\/2fdck\/","name":"2-FDCK a la venta - Comprar 2-FDCK Cristal en l\u00ednea | LegitGrams","isPartOf":{"@id":"https:\/\/legitgrams.com\/#website"},"primaryImageOfPage":{"@id":"https:\/\/legitgrams.com\/product\/2fdck\/#primaryimage"},"image":{"@id":"https:\/\/legitgrams.com\/product\/2fdck\/#primaryimage"},"thumbnailUrl":"https:\/\/legitgrams.com\/wp-content\/uploads\/2024\/08\/2fdck-new.gif","datePublished":"2024-08-03T05:18:29+00:00","dateModified":"2026-01-10T19:28:10+00:00","description":"Si desea comprar 2-FDCK cristal en l\u00ednea nuestra tienda LegitGrams puede ayudar. Tenemos 2-FDCK a la venta a los mejores precios aqu\u00ed. Ahorre m\u00e1s en 2-FDCK con nuestras \u00faltimas promociones. \u00a1Compre Ahora!","breadcrumb":{"@id":"https:\/\/legitgrams.com\/product\/2fdck\/#breadcrumb"},"inLanguage":"es","potentialAction":[{"@type":"ReadAction","target":["https:\/\/legitgrams.com\/product\/2fdck\/"]}]},{"@type":"ImageObject","inLanguage":"es","@id":"https:\/\/legitgrams.com\/product\/2fdck\/#primaryimage","url":"https:\/\/legitgrams.com\/wp-content\/uploads\/2024\/08\/2fdck-new.gif","contentUrl":"https:\/\/legitgrams.com\/wp-content\/uploads\/2024\/08\/2fdck-new.gif","width":600,"height":600,"caption":"2-FDCK for Sale"},{"@type":"BreadcrumbList","@id":"https:\/\/legitgrams.com\/product\/2fdck\/#breadcrumb","itemListElement":[{"@type":"ListItem","position":1,"name":"Home","item":"https:\/\/legitgrams.com\/"},{"@type":"ListItem","position":2,"name":"Shop","item":"https:\/\/legitgrams.com\/shop\/"},{"@type":"ListItem","position":3,"name":"Buy 2FDCK Online"}]},{"@type":"WebSite","@id":"https:\/\/legitgrams.com\/#website","url":"https:\/\/legitgrams.com\/","name":"Gramos leg\u00edtimos","description":"Mi blog de WordPress","publisher":{"@id":"https:\/\/legitgrams.com\/#organization"},"potentialAction":[{"@type":"SearchAction","target":{"@type":"EntryPoint","urlTemplate":"https:\/\/legitgrams.com\/?s={search_term_string}"},"query-input":{"@type":"PropertyValueSpecification","valueRequired":true,"valueName":"search_term_string"}}],"inLanguage":"es"},{"@type":"Organization","@id":"https:\/\/legitgrams.com\/#organization","name":"Gramos leg\u00edtimos","url":"https:\/\/legitgrams.com\/","logo":{"@type":"ImageObject","inLanguage":"es","@id":"https:\/\/legitgrams.com\/#\/schema\/logo\/image\/","url":"https:\/\/legitgrams.com\/wp-content\/uploads\/2024\/09\/main-logo.png","contentUrl":"https:\/\/legitgrams.com\/wp-content\/uploads\/2024\/09\/main-logo.png","width":270,"height":75,"caption":"Legit Grams"},"image":{"@id":"https:\/\/legitgrams.com\/#\/schema\/logo\/image\/"}}]}},"uagb_featured_image_src":{"full":["https:\/\/legitgrams.com\/wp-content\/uploads\/2024\/08\/2fdck-new.gif",600,600,false],"thumbnail":["https:\/\/legitgrams.com\/wp-content\/uploads\/2024\/08\/2fdck-new-150x150.gif",150,150,true],"medium":["https:\/\/legitgrams.com\/wp-content\/uploads\/2024\/08\/2fdck-new-300x300.gif",300,300,true],"medium_large":["https:\/\/legitgrams.com\/wp-content\/uploads\/2024\/08\/2fdck-new.gif",600,600,false],"large":["https:\/\/legitgrams.com\/wp-content\/uploads\/2024\/08\/2fdck-new.gif",600,600,false],"1536x1536":["https:\/\/legitgrams.com\/wp-content\/uploads\/2024\/08\/2fdck-new.gif",600,600,false],"2048x2048":["https:\/\/legitgrams.com\/wp-content\/uploads\/2024\/08\/2fdck-new.gif",600,600,false],"trp-custom-language-flag":["https:\/\/legitgrams.com\/wp-content\/uploads\/2024\/08\/2fdck-new-12x12.gif",12,12,true],"woocommerce_thumbnail":["https:\/\/legitgrams.com\/wp-content\/uploads\/2024\/08\/2fdck-new-300x300.gif",300,300,true],"woocommerce_single":["https:\/\/legitgrams.com\/wp-content\/uploads\/2024\/08\/2fdck-new.gif",600,600,false],"woocommerce_gallery_thumbnail":["https:\/\/legitgrams.com\/wp-content\/uploads\/2024\/08\/2fdck-new-100x100.gif",100,100,true]},"uagb_author_info":{"display_name":"cokeblog18","author_link":"https:\/\/legitgrams.com\/es\/author\/"},"uagb_comment_info":2,"uagb_excerpt":"2-FDCK @ Legit Grams for Sale 2fdck The dissociative anesthetic 2-Fl-2\u2032-Oxo-PCM is also known as Buy Fluoroketamine, 2-FDCK, and 2-Fl-2\u2032-Oxo-PCM. It is ketamine&#8217;s fluorine-based analog, however without the chlorine atom. Purchase 2-FDCK online. Member of the arylcyclohexylamine class, 2-Fl-2\u2032-Oxo-PCM is a unique dissociative medication that is also known as 2-Fluorodeschloroketamine, 2-FDCK, and, confusingly, 2-Fluroketamine, Buy&hellip;","_links":{"self":[{"href":"https:\/\/legitgrams.com\/es\/wp-json\/wp\/v2\/product\/3242","targetHints":{"allow":["GET"]}}],"collection":[{"href":"https:\/\/legitgrams.com\/es\/wp-json\/wp\/v2\/product"}],"about":[{"href":"https:\/\/legitgrams.com\/es\/wp-json\/wp\/v2\/types\/product"}],"replies":[{"embeddable":true,"href":"https:\/\/legitgrams.com\/es\/wp-json\/wp\/v2\/comments?post=3242"}],"wp:featuredmedia":[{"embeddable":true,"href":"https:\/\/legitgrams.com\/es\/wp-json\/wp\/v2\/media\/3250"}],"wp:attachment":[{"href":"https:\/\/legitgrams.com\/es\/wp-json\/wp\/v2\/media?parent=3242"}],"wp:term":[{"taxonomy":"product_brand","embeddable":true,"href":"https:\/\/legitgrams.com\/es\/wp-json\/wp\/v2\/product_brand?post=3242"},{"taxonomy":"product_cat","embeddable":true,"href":"https:\/\/legitgrams.com\/es\/wp-json\/wp\/v2\/product_cat?post=3242"},{"taxonomy":"product_tag","embeddable":true,"href":"https:\/\/legitgrams.com\/es\/wp-json\/wp\/v2\/product_tag?post=3242"}],"curies":[{"name":"wp","href":"https:\/\/api.w.org\/{rel}","templated":true}]}}