{"id":3246,"date":"2024-08-03T05:19:06","date_gmt":"2024-08-03T05:19:06","guid":{"rendered":"https:\/\/cokebricks.com\/?post_type=product&#038;p=3246"},"modified":"2025-01-14T09:01:12","modified_gmt":"2025-01-14T09:01:12","slug":"mdpop","status":"publish","type":"product","link":"https:\/\/legitgrams.com\/es\/producto\/mdpop\/","title":{"rendered":"Mdpop"},"content":{"rendered":"<h2>Comprar mdpop en l\u00ednea.<\/h2>\n<p>El Consejo Asesor sobre el Abuso de Drogas del Reino Unido dijo el 2 de abril de 2010 que, bas\u00e1ndose en la estructura, se implementar\u00eda un boicot total a esta clase de combinaciones de drogas. El objetivo era aumentar la conciencia sobre la venta ilegal y el uso recreativo de la mefedrona, un miembro com\u00fan de la familia. Este boicot se aplica a todas las mezclas con la estructura general mencionada anteriormente; se enumeran 28 combinaciones espec\u00edficas. <a href=\"https:\/\/legitgrams.com\/es\/\">LegitGrams<\/a><\/p>\n<h3>M\u00e1s informaci\u00f3n sobre mdpop<\/h3>\n<p>(I) incluso cuando hay al menos un sustituyente monovalente adicional en el anillo de fenilo, reemplazando parcial o totalmente cualquier sustituyente alquilo, alcoxi, alquilendioxi, haloalquilo o haluro en el anillo de fenilo incorporando un sustituyente alquilo<\/p>\n<p>(ii) con la adici\u00f3n de un sustituyente alquilo en la posici\u00f3n tres; el perfil terap\u00e9utico del cannabis legal.<\/p>\n<p>(iii) alterando los grupos alquilo o dialquilo en la part\u00edcula de nitr\u00f3geno o incorporando un \u00e1tomo de nitr\u00f3geno en una estructura c\u00edclica. Un resumen de la historia de mdpop<\/p>\n<p>El 16 de abril de 2010, este material se a\u00f1adi\u00f3 a la Ley de 1971 sobre el uso indebido de drogas, lo que la hizo jur\u00eddicamente vinculante. Cabe se\u00f1alar que en el momento en que se public\u00f3 el estudio de la ACMD, cuatro de las mezclas mencionadas anteriormente (catinona, metcatinona, dietilpropi\u00f3n y pirovalerona) eran ilegales en el Reino Unido. Dos mezclas se excluyeron deliberadamente del boicot: bupropi\u00f3n debido a su uso m\u00e9dico generalizado y porque su estructura no entra dentro del criterio de no exclusividad, y actualmente no hay pruebas suficientes para respaldar un boicot de su uso poco riesgo de uso indebido; compra por Internet <a href=\"https:\/\/legitgrams.com\/es\/producto\/mdpop\/\">MD Pop<\/a><\/p>\n<p>Como consecuencia de una segunda encuesta del ACMD y de un boicot estructural mucho m\u00e1s extendido que el primero, los an\u00e1logos de la naferona fueron prohibidos en julio de 2010.<\/p>\n<p>Finalmente, \u201cCualquier sustancia o producto qu\u00edmico que est\u00e9 hecho principalmente de 2-aminopropan-1-ona mediante la sustituci\u00f3n de un esqueleto de anillo monoc\u00edclico o polic\u00edclico mixto (no un esqueleto de anillo de fenilo o de alquilendioxifenilo) en la posici\u00f3n 1\u201d las propiedades terap\u00e9uticas del cannabis legal.<\/p>\n<p>(I) sustituyendo cualquier cantidad de sustituyentes alquilo, alcoxi, haloalquilo o haluro en la estructura del anillo, incluso si posteriormente se sustituyen en la estructura del anillo por al menos un sustituyente monovalente adicional. Comprar MDPOP en l\u00ednea. En otras palabras, m\u00e1s personalizado a un tipo similar. las propiedades terap\u00e9uticas del cannabis legal.<\/p>\n<p>(I) sustituyendo cualquier cantidad de sustituyentes alquilo, alcoxi, haloalquilo o haluro en la estructura del anillo, incluso si posteriormente se sustituyen en la estructura del anillo por al menos un sustituyente monovalente adicional <a href=\"https:\/\/en.namu.wiki\/w\/MDPOPE\">MDPOP<\/a> Comprar en l\u00ednea.<\/p>\n<h2><\/h2>\n<h2><\/h2>\n<p>&nbsp;<\/p>","protected":false},"excerpt":{"rendered":"<p>Purchase mdpop online. MDPOP Online Purchase The UK Advisory Council on the Misuse of Drugs said on April 2, 2010, that, based on structure, a complete boycott of this class of drug combinations would be put into effect. Increasing awareness of the illegal sale and recreational use of mephedrone, a common family member, was the &hellip;<\/p>\n<p class=\"read-more\"> <a class=\"\" href=\"https:\/\/legitgrams.com\/es\/producto\/mdpop\/\"> <span class=\"screen-reader-text\">Mdpop<\/span> Leer m\u00e1s \"<\/a><\/p>","protected":false},"featured_media":3257,"comment_status":"open","ping_status":"closed","template":"","meta":{"_uag_custom_page_level_css":"","site-sidebar-layout":"default","site-content-layout":"default","ast-global-header-display":"","ast-main-header-display":"","ast-hfb-above-header-display":"","ast-hfb-below-header-display":"","ast-hfb-mobile-header-display":"","site-post-title":"","ast-breadcrumbs-content":"","ast-featured-img":"","footer-sml-layout":"","theme-transparent-header-meta":"default","adv-header-id-meta":"","stick-header-meta":"default","header-above-stick-meta":"","header-main-stick-meta":"","header-below-stick-meta":"","_joinchat":[]},"product_brand":[],"product_cat":[190],"product_tag":[512,513,514,515,504,505,506,507,508,509,510,511],"class_list":{"0":"post-3246","1":"product","2":"type-product","3":"status-publish","4":"has-post-thumbnail","6":"product_cat-cannabinoids","7":"product_tag-mdpop-cannabinoids","8":"product_tag-mdpop-cannabinoids-for-sale","9":"product_tag-mdpop-cannabinoids-reddit","10":"product_tag-mdpop-chemical","11":"product_tag-mdpop-powder-australia","12":"product_tag-mdpop-powder-canada","13":"product_tag-mdpop-powder-greece","14":"product_tag-mdpop-powder-kuwait","15":"product_tag-mdpop-powder-review","16":"product_tag-mdpop-powder-spain","17":"product_tag-mdpop-powder-uk","18":"product_tag-mdpop-powder-usa","19":"desktop-align-left","20":"tablet-align-left","21":"mobile-align-left","22":"ast-product-gallery-layout-horizontal","23":"ast-product-gallery-with-no-image","24":"ast-product-single-variable","25":"ast-product-tabs-layout-horizontal","26":"ast-qv-on-image","28":"first","29":"instock","30":"shipping-taxable","31":"purchasable","32":"product-type-variable"},"yoast_head":"<!-- This site is optimized with the Yoast SEO plugin v25.9 - https:\/\/yoast.com\/wordpress\/plugins\/seo\/ -->\n<title>Mdpop for Sale - Order Mdpop Online with Fast Shipping | LG<\/title>\n<meta name=\"description\" content=\"Explore our online store for Mdpop for sale, offering high-quality Mdpop. Buy Mdpop online securely and embark on your research journey with confidence.\" \/>\n<meta name=\"robots\" content=\"index, follow, max-snippet:-1, max-image-preview:large, max-video-preview:-1\" \/>\n<link rel=\"canonical\" href=\"https:\/\/legitgrams.com\/es\/producto\/mdpop\/\" \/>\n<meta property=\"og:locale\" content=\"es_ES\" \/>\n<meta property=\"og:type\" content=\"article\" \/>\n<meta property=\"og:title\" content=\"Mdpop for Sale - Order Mdpop Online with Fast Shipping | LG\" \/>\n<meta property=\"og:description\" content=\"Explore our online store for Mdpop for sale, offering high-quality Mdpop. Buy Mdpop online securely and embark on your research journey with confidence.\" \/>\n<meta property=\"og:url\" content=\"https:\/\/legitgrams.com\/es\/producto\/mdpop\/\" \/>\n<meta property=\"og:site_name\" content=\"Legit Grams\" \/>\n<meta property=\"article:modified_time\" content=\"2025-01-14T09:01:12+00:00\" \/>\n<meta property=\"og:image\" content=\"https:\/\/legitgrams.com\/wp-content\/uploads\/2024\/08\/Mdpop.gif\" \/>\n\t<meta property=\"og:image:width\" content=\"600\" \/>\n\t<meta property=\"og:image:height\" content=\"600\" \/>\n\t<meta property=\"og:image:type\" content=\"image\/gif\" \/>\n<meta name=\"twitter:card\" content=\"summary_large_image\" \/>\n<meta name=\"twitter:label1\" content=\"Tiempo de lectura\" \/>\n\t<meta name=\"twitter:data1\" content=\"4 minutos\" \/>\n<script type=\"application\/ld+json\" class=\"yoast-schema-graph\">{\"@context\":\"https:\/\/schema.org\",\"@graph\":[{\"@type\":\"WebPage\",\"@id\":\"https:\/\/legitgrams.com\/product\/mdpop\/\",\"url\":\"https:\/\/legitgrams.com\/product\/mdpop\/\",\"name\":\"Mdpop for Sale - Order Mdpop Online with Fast Shipping | LG\",\"isPartOf\":{\"@id\":\"https:\/\/legitgrams.com\/#website\"},\"primaryImageOfPage\":{\"@id\":\"https:\/\/legitgrams.com\/product\/mdpop\/#primaryimage\"},\"image\":{\"@id\":\"https:\/\/legitgrams.com\/product\/mdpop\/#primaryimage\"},\"thumbnailUrl\":\"https:\/\/legitgrams.com\/wp-content\/uploads\/2024\/08\/Mdpop.gif\",\"datePublished\":\"2024-08-03T05:19:06+00:00\",\"dateModified\":\"2025-01-14T09:01:12+00:00\",\"description\":\"Explore our online store for Mdpop for sale, offering high-quality Mdpop. Buy Mdpop online securely and embark on your research journey with confidence.\",\"breadcrumb\":{\"@id\":\"https:\/\/legitgrams.com\/product\/mdpop\/#breadcrumb\"},\"inLanguage\":\"es\",\"potentialAction\":[{\"@type\":\"ReadAction\",\"target\":[\"https:\/\/legitgrams.com\/product\/mdpop\/\"]}]},{\"@type\":\"ImageObject\",\"inLanguage\":\"es\",\"@id\":\"https:\/\/legitgrams.com\/product\/mdpop\/#primaryimage\",\"url\":\"https:\/\/legitgrams.com\/wp-content\/uploads\/2024\/08\/Mdpop.gif\",\"contentUrl\":\"https:\/\/legitgrams.com\/wp-content\/uploads\/2024\/08\/Mdpop.gif\",\"width\":600,\"height\":600,\"caption\":\"Mdpop for Sale\"},{\"@type\":\"BreadcrumbList\",\"@id\":\"https:\/\/legitgrams.com\/product\/mdpop\/#breadcrumb\",\"itemListElement\":[{\"@type\":\"ListItem\",\"position\":1,\"name\":\"Home\",\"item\":\"https:\/\/legitgrams.com\/\"},{\"@type\":\"ListItem\",\"position\":2,\"name\":\"Shop\",\"item\":\"https:\/\/legitgrams.com\/shop\/\"},{\"@type\":\"ListItem\",\"position\":3,\"name\":\"Mdpop\"}]},{\"@type\":\"WebSite\",\"@id\":\"https:\/\/legitgrams.com\/#website\",\"url\":\"https:\/\/legitgrams.com\/\",\"name\":\"Legit Grams\",\"description\":\"My WordPress Blog\",\"publisher\":{\"@id\":\"https:\/\/legitgrams.com\/#organization\"},\"potentialAction\":[{\"@type\":\"SearchAction\",\"target\":{\"@type\":\"EntryPoint\",\"urlTemplate\":\"https:\/\/legitgrams.com\/?s={search_term_string}\"},\"query-input\":{\"@type\":\"PropertyValueSpecification\",\"valueRequired\":true,\"valueName\":\"search_term_string\"}}],\"inLanguage\":\"es\"},{\"@type\":\"Organization\",\"@id\":\"https:\/\/legitgrams.com\/#organization\",\"name\":\"Legit Grams\",\"url\":\"https:\/\/legitgrams.com\/\",\"logo\":{\"@type\":\"ImageObject\",\"inLanguage\":\"es\",\"@id\":\"https:\/\/legitgrams.com\/#\/schema\/logo\/image\/\",\"url\":\"https:\/\/legitgrams.com\/wp-content\/uploads\/2024\/09\/main-logo.png\",\"contentUrl\":\"https:\/\/legitgrams.com\/wp-content\/uploads\/2024\/09\/main-logo.png\",\"width\":270,\"height\":75,\"caption\":\"Legit Grams\"},\"image\":{\"@id\":\"https:\/\/legitgrams.com\/#\/schema\/logo\/image\/\"}}]}<\/script>\n<!-- \/ Yoast SEO plugin. -->","yoast_head_json":{"title":"Mdpop for Sale - Order Mdpop Online with Fast Shipping | LG","description":"Explore nuestra tienda en l\u00ednea para Mdpop en venta, que ofrece Mdpop de alta calidad. Compre Mdpop en l\u00ednea de forma segura y emprenda su viaje de investigaci\u00f3n con confianza.","robots":{"index":"index","follow":"follow","max-snippet":"max-snippet:-1","max-image-preview":"max-image-preview:large","max-video-preview":"max-video-preview:-1"},"canonical":"https:\/\/legitgrams.com\/es\/producto\/mdpop\/","og_locale":"es_ES","og_type":"article","og_title":"Mdpop for Sale - Order Mdpop Online with Fast Shipping | LG","og_description":"Explore our online store for Mdpop for sale, offering high-quality Mdpop. Buy Mdpop online securely and embark on your research journey with confidence.","og_url":"https:\/\/legitgrams.com\/es\/producto\/mdpop\/","og_site_name":"Legit Grams","article_modified_time":"2025-01-14T09:01:12+00:00","og_image":[{"width":600,"height":600,"url":"https:\/\/legitgrams.com\/wp-content\/uploads\/2024\/08\/Mdpop.gif","type":"image\/gif"}],"twitter_card":"summary_large_image","twitter_misc":{"Tiempo de lectura":"4 minutos"},"schema":{"@context":"https:\/\/schema.org","@graph":[{"@type":"WebPage","@id":"https:\/\/legitgrams.com\/product\/mdpop\/","url":"https:\/\/legitgrams.com\/product\/mdpop\/","name":"Mdpop for Sale - Order Mdpop Online with Fast Shipping | LG","isPartOf":{"@id":"https:\/\/legitgrams.com\/#website"},"primaryImageOfPage":{"@id":"https:\/\/legitgrams.com\/product\/mdpop\/#primaryimage"},"image":{"@id":"https:\/\/legitgrams.com\/product\/mdpop\/#primaryimage"},"thumbnailUrl":"https:\/\/legitgrams.com\/wp-content\/uploads\/2024\/08\/Mdpop.gif","datePublished":"2024-08-03T05:19:06+00:00","dateModified":"2025-01-14T09:01:12+00:00","description":"Explore nuestra tienda en l\u00ednea para Mdpop en venta, que ofrece Mdpop de alta calidad. Compre Mdpop en l\u00ednea de forma segura y emprenda su viaje de investigaci\u00f3n con confianza.","breadcrumb":{"@id":"https:\/\/legitgrams.com\/product\/mdpop\/#breadcrumb"},"inLanguage":"es","potentialAction":[{"@type":"ReadAction","target":["https:\/\/legitgrams.com\/product\/mdpop\/"]}]},{"@type":"ImageObject","inLanguage":"es","@id":"https:\/\/legitgrams.com\/product\/mdpop\/#primaryimage","url":"https:\/\/legitgrams.com\/wp-content\/uploads\/2024\/08\/Mdpop.gif","contentUrl":"https:\/\/legitgrams.com\/wp-content\/uploads\/2024\/08\/Mdpop.gif","width":600,"height":600,"caption":"Mdpop for Sale"},{"@type":"BreadcrumbList","@id":"https:\/\/legitgrams.com\/product\/mdpop\/#breadcrumb","itemListElement":[{"@type":"ListItem","position":1,"name":"Home","item":"https:\/\/legitgrams.com\/"},{"@type":"ListItem","position":2,"name":"Shop","item":"https:\/\/legitgrams.com\/shop\/"},{"@type":"ListItem","position":3,"name":"Mdpop"}]},{"@type":"WebSite","@id":"https:\/\/legitgrams.com\/#website","url":"https:\/\/legitgrams.com\/","name":"Gramos leg\u00edtimos","description":"Mi blog de WordPress","publisher":{"@id":"https:\/\/legitgrams.com\/#organization"},"potentialAction":[{"@type":"SearchAction","target":{"@type":"EntryPoint","urlTemplate":"https:\/\/legitgrams.com\/?s={search_term_string}"},"query-input":{"@type":"PropertyValueSpecification","valueRequired":true,"valueName":"search_term_string"}}],"inLanguage":"es"},{"@type":"Organization","@id":"https:\/\/legitgrams.com\/#organization","name":"Gramos leg\u00edtimos","url":"https:\/\/legitgrams.com\/","logo":{"@type":"ImageObject","inLanguage":"es","@id":"https:\/\/legitgrams.com\/#\/schema\/logo\/image\/","url":"https:\/\/legitgrams.com\/wp-content\/uploads\/2024\/09\/main-logo.png","contentUrl":"https:\/\/legitgrams.com\/wp-content\/uploads\/2024\/09\/main-logo.png","width":270,"height":75,"caption":"Legit Grams"},"image":{"@id":"https:\/\/legitgrams.com\/#\/schema\/logo\/image\/"}}]}},"uagb_featured_image_src":{"full":["https:\/\/legitgrams.com\/wp-content\/uploads\/2024\/08\/Mdpop.gif",600,600,false],"thumbnail":["https:\/\/legitgrams.com\/wp-content\/uploads\/2024\/08\/Mdpop-150x150.gif",150,150,true],"medium":["https:\/\/legitgrams.com\/wp-content\/uploads\/2024\/08\/Mdpop-300x300.gif",300,300,true],"medium_large":["https:\/\/legitgrams.com\/wp-content\/uploads\/2024\/08\/Mdpop.gif",600,600,false],"large":["https:\/\/legitgrams.com\/wp-content\/uploads\/2024\/08\/Mdpop.gif",600,600,false],"1536x1536":["https:\/\/legitgrams.com\/wp-content\/uploads\/2024\/08\/Mdpop.gif",600,600,false],"2048x2048":["https:\/\/legitgrams.com\/wp-content\/uploads\/2024\/08\/Mdpop.gif",600,600,false],"trp-custom-language-flag":["https:\/\/legitgrams.com\/wp-content\/uploads\/2024\/08\/Mdpop-12x12.gif",12,12,true],"woocommerce_thumbnail":["https:\/\/legitgrams.com\/wp-content\/uploads\/2024\/08\/Mdpop-300x300.gif",300,300,true],"woocommerce_single":["https:\/\/legitgrams.com\/wp-content\/uploads\/2024\/08\/Mdpop.gif",600,600,false],"woocommerce_gallery_thumbnail":["https:\/\/legitgrams.com\/wp-content\/uploads\/2024\/08\/Mdpop-100x100.gif",100,100,true]},"uagb_author_info":{"display_name":"cokeblog18","author_link":"https:\/\/legitgrams.com\/es\/author\/"},"uagb_comment_info":0,"uagb_excerpt":"Purchase mdpop online. MDPOP Online Purchase The UK Advisory Council on the Misuse of Drugs said on April 2, 2010, that, based on structure, a complete boycott of this class of drug combinations would be put into effect. Increasing awareness of the illegal sale and recreational use of mephedrone, a common family member, was the&hellip;","_links":{"self":[{"href":"https:\/\/legitgrams.com\/es\/wp-json\/wp\/v2\/product\/3246","targetHints":{"allow":["GET"]}}],"collection":[{"href":"https:\/\/legitgrams.com\/es\/wp-json\/wp\/v2\/product"}],"about":[{"href":"https:\/\/legitgrams.com\/es\/wp-json\/wp\/v2\/types\/product"}],"replies":[{"embeddable":true,"href":"https:\/\/legitgrams.com\/es\/wp-json\/wp\/v2\/comments?post=3246"}],"wp:featuredmedia":[{"embeddable":true,"href":"https:\/\/legitgrams.com\/es\/wp-json\/wp\/v2\/media\/3257"}],"wp:attachment":[{"href":"https:\/\/legitgrams.com\/es\/wp-json\/wp\/v2\/media?parent=3246"}],"wp:term":[{"taxonomy":"product_brand","embeddable":true,"href":"https:\/\/legitgrams.com\/es\/wp-json\/wp\/v2\/product_brand?post=3246"},{"taxonomy":"product_cat","embeddable":true,"href":"https:\/\/legitgrams.com\/es\/wp-json\/wp\/v2\/product_cat?post=3246"},{"taxonomy":"product_tag","embeddable":true,"href":"https:\/\/legitgrams.com\/es\/wp-json\/wp\/v2\/product_tag?post=3246"}],"curies":[{"name":"wp","href":"https:\/\/api.w.org\/{rel}","templated":true}]}}